{"id":1214,"date":"2024-06-16T02:52:14","date_gmt":"2024-06-16T02:52:14","guid":{"rendered":"https:\/\/elfvaping.com\/?page_id=1214"},"modified":"2024-08-05T12:41:36","modified_gmt":"2024-08-05T12:41:36","slug":"prepravni-politika","status":"publish","type":"page","link":"https:\/\/elfvaping.com\/cs\/shipping-policy\/","title":{"rendered":"Z\u00e1sady p\u0159epravy"},"content":{"rendered":"<p dir=\"auto\">V\u00edtejte na elfvaping.com, va\u0161em d\u016fv\u011bryhodn\u00e9m c\u00edli pro produkty na jedno pou\u017eit\u00ed. Na\u0161e z\u00e1sady p\u0159epravy zaji\u0161\u0165uj\u00ed hladk\u00fd a \u00fa\u010dinn\u00fd proces dod\u00e1n\u00ed va\u0161ich objedn\u00e1vek.<\/p>\r\n<p dir=\"auto\"><strong>Zpracov\u00e1n\u00ed objedn\u00e1vky:<\/strong><br \/>V\u0161echny objedn\u00e1vky jsou zpracov\u00e1ny do 1-2 pracovn\u00edch dn\u016f, aby se urychlila expedice.<\/p>\r\n<p dir=\"auto\"><strong>Informace o sledov\u00e1n\u00ed:<\/strong><br \/>Ka\u017ed\u00e1 objedn\u00e1vka obsahuje \u010d\u00edslo pro sledov\u00e1n\u00ed, kter\u00e9 v\u00e1m bude zasl\u00e1no emailem, jakmile bude objedn\u00e1vka odesl\u00e1na.<\/p>\r\n<p dir=\"auto\"><strong>Sledovat objedn\u00e1vku:<\/strong><br \/>Chcete-li sledovat sv\u016fj objedn\u00e1vku, sta\u010d\u00ed se p\u0159ihl\u00e1sit ke sv\u00e9mu \u00fa\u010dtu nebo nav\u0161t\u00edvit na\u0161i str\u00e1nku pro sledov\u00e1n\u00ed objedn\u00e1vek na\u00a0<a href=\"https:\/\/elfvaping.com\/cs\/sledovani-objednavek\/\" target=\"_blank\" rel=\"noopener\">https:\/\/elfvaping.com\/orders-tracking<\/a>.<\/p>\r\n<p dir=\"auto\"><strong>Vr\u00e1ceno odes\u00edlateli:<\/strong><br \/>Bal\u00edky vr\u00e1cen\u00e9 n\u00e1m (ElfVaping) z d\u016fvod\u016f, jako je nespr\u00e1vn\u00e1 adresa poskytnut\u00e1 z\u00e1kazn\u00edkem, odm\u00edtnut\u00ed p\u0159ijet\u00ed nebo neodebran\u00e9 z\u00e1silky na po\u0161t\u011b, budou \u00fa\u010dtov\u00e1ny n\u00e1klady na vr\u00e1cen\u00ed. Z\u00e1kazn\u00edci, kte\u0159\u00ed po\u017eaduj\u00ed op\u011btovn\u00e9 doru\u010den\u00ed, budou odpov\u011bdn\u00ed za poplatek za op\u011btovn\u00e9 zasl\u00e1n\u00ed.<\/p>\r\n<p dir=\"auto\"><strong>Doru\u010dovac\u00ed zpo\u017ed\u011bn\u00ed:<\/strong><br \/>V ojedin\u011bl\u00fdch p\u0159\u00edpadech mohou dod\u00e1vky zaznamenat zpo\u017ed\u011bn\u00ed kv\u016fli nep\u0159edv\u00eddan\u00fdm okolnostem. Pokud m\u00e1te obavy o sv\u016fj bal\u00edk, pros\u00edm, pod\u00edvejte se na informace na na\u0161ich webov\u00fdch str\u00e1nk\u00e1ch nebo pou\u017eijte poskytnut\u00e9 metody sledov\u00e1n\u00ed. Nev\u00e1hejte n\u00e1s kontaktovat, pokud naraz\u00edte na jak\u00e9koli probl\u00e9my s va\u0161\u00ed objedn\u00e1vkou.<\/p>\r\n<p dir=\"auto\">D\u011bkujeme za v\u00fdb\u011br elfvaping.com pro va\u0161e pot\u0159eby jednor\u00e1zov\u00fdch vap\u016f. Jsme odhodl\u00e1ni poskytovat spolehliv\u00e9 a efektivn\u00ed z\u00e1\u017eitky z dod\u00e1n\u00ed pro na\u0161e v\u00e1\u017een\u00e9 z\u00e1kazn\u00edky. Pokud m\u00e1te n\u011bjak\u00e9 dotazy nebo pot\u0159ebujete pomoc, nev\u00e1hejte kontaktovat n\u00e1\u0161 t\u00fdm z\u00e1kaznick\u00e9ho servisu.<\/p>","protected":false},"excerpt":{"rendered":"<p>Welcome to elfvaping.com, your trusted destination for disposable vape products. Our Shipping Policy ensures a smooth and efficient delivery process for your orders. Order Processing:All orders are processed within 1-2 business days to expedite shipment. Tracking Information:Every order includes a tracking number, which will be emailed to you once the order is dispatched. Track Your [&#8230;]\n","protected":false},"author":1,"featured_media":0,"parent":0,"menu_order":0,"comment_status":"closed","ping_status":"closed","template":"page-blank-title-center.php","meta":{"_lmt_disableupdate":"","_lmt_disable":"","jetpack_post_was_ever_published":false,"footnotes":""},"class_list":["post-1214","page","type-page","status-publish","hentry"],"yoast_head":"<!-- This site is optimized with the Yoast SEO plugin v27.4 - https:\/\/yoast.com\/product\/yoast-seo-wordpress\/ -->\n<title>Shipping Policy - Elf Vaping<\/title>\n<meta name=\"robots\" content=\"index, follow, max-snippet:-1, max-image-preview:large, max-video-preview:-1\" \/>\n<link rel=\"canonical\" href=\"https:\/\/elfvaping.com\/cs\/prepravni-politika\/\" \/>\n<meta property=\"og:locale\" content=\"cs_CZ\" \/>\n<meta property=\"og:type\" content=\"article\" \/>\n<meta property=\"og:title\" content=\"Shipping Policy - Elf Vaping\" \/>\n<meta property=\"og:description\" content=\"Welcome to elfvaping.com, your trusted destination for disposable vape products. Our Shipping Policy ensures a smooth and efficient delivery process for your orders. Order Processing:All orders are processed within 1-2 business days to expedite shipment. Tracking Information:Every order includes a tracking number, which will be emailed to you once the order is dispatched. Track Your [...]\" \/>\n<meta property=\"og:url\" content=\"https:\/\/elfvaping.com\/cs\/prepravni-politika\/\" \/>\n<meta property=\"og:site_name\" content=\"Elf Vaping\" \/>\n<meta property=\"article:publisher\" content=\"https:\/\/www.facebook.com\/elfvaping\" \/>\n<meta property=\"article:modified_time\" content=\"2024-08-05T12:41:36+00:00\" \/>\n<meta name=\"twitter:card\" content=\"summary_large_image\" \/>\n<meta name=\"twitter:label1\" content=\"Odhadovan\u00e1 doba \u010dten\u00ed\" \/>\n\t<meta name=\"twitter:data1\" content=\"1 minuta\" \/>\n<script type=\"application\/ld+json\" class=\"yoast-schema-graph\">{\"@context\":\"https:\\\/\\\/schema.org\",\"@graph\":[{\"@type\":\"WebPage\",\"@id\":\"https:\\\/\\\/elfvaping.com\\\/shipping-policy\\\/\",\"url\":\"https:\\\/\\\/elfvaping.com\\\/shipping-policy\\\/\",\"name\":\"Shipping Policy - Elf Vaping\",\"isPartOf\":{\"@id\":\"https:\\\/\\\/elfvaping.com\\\/cs\\\/#website\"},\"datePublished\":\"2024-06-16T02:52:14+00:00\",\"dateModified\":\"2024-08-05T12:41:36+00:00\",\"breadcrumb\":{\"@id\":\"https:\\\/\\\/elfvaping.com\\\/shipping-policy\\\/#breadcrumb\"},\"inLanguage\":\"cs\",\"potentialAction\":[{\"@type\":\"ReadAction\",\"target\":[\"https:\\\/\\\/elfvaping.com\\\/shipping-policy\\\/\"]}]},{\"@type\":\"BreadcrumbList\",\"@id\":\"https:\\\/\\\/elfvaping.com\\\/shipping-policy\\\/#breadcrumb\",\"itemListElement\":[{\"@type\":\"ListItem\",\"position\":1,\"name\":\"Home\",\"item\":\"https:\\\/\\\/elfvaping.com\\\/\"},{\"@type\":\"ListItem\",\"position\":2,\"name\":\"Shipping Policy\"}]},{\"@type\":\"WebSite\",\"@id\":\"https:\\\/\\\/elfvaping.com\\\/cs\\\/#website\",\"url\":\"https:\\\/\\\/elfvaping.com\\\/cs\\\/\",\"name\":\"Elf Vaping\",\"description\":\"Best Wholesale Prices for Disposable Vapes\",\"publisher\":{\"@id\":\"https:\\\/\\\/elfvaping.com\\\/cs\\\/#organization\"},\"potentialAction\":[{\"@type\":\"SearchAction\",\"target\":{\"@type\":\"EntryPoint\",\"urlTemplate\":\"https:\\\/\\\/elfvaping.com\\\/cs\\\/?s={search_term_string}\"},\"query-input\":{\"@type\":\"PropertyValueSpecification\",\"valueRequired\":true,\"valueName\":\"search_term_string\"}}],\"inLanguage\":\"cs\"},{\"@type\":\"Organization\",\"@id\":\"https:\\\/\\\/elfvaping.com\\\/cs\\\/#organization\",\"name\":\"Elf Vaping\",\"url\":\"https:\\\/\\\/elfvaping.com\\\/cs\\\/\",\"logo\":{\"@type\":\"ImageObject\",\"inLanguage\":\"cs\",\"@id\":\"https:\\\/\\\/elfvaping.com\\\/cs\\\/#\\\/schema\\\/logo\\\/image\\\/\",\"url\":\"https:\\\/\\\/elfvaping.com\\\/wp-content\\\/uploads\\\/2024\\\/06\\\/elfvaping-logo.webp\",\"contentUrl\":\"https:\\\/\\\/elfvaping.com\\\/wp-content\\\/uploads\\\/2024\\\/06\\\/elfvaping-logo.webp\",\"width\":400,\"height\":111,\"caption\":\"Elf Vaping\"},\"image\":{\"@id\":\"https:\\\/\\\/elfvaping.com\\\/cs\\\/#\\\/schema\\\/logo\\\/image\\\/\"},\"sameAs\":[\"https:\\\/\\\/www.facebook.com\\\/elfvaping\",\"https:\\\/\\\/instagram.com\\\/elfvaping\\\/\"]}]}<\/script>\n<!-- \/ Yoast SEO plugin. -->","yoast_head_json":{"title":"Z\u00e1sady p\u0159epravy - Elf Vaping","robots":{"index":"index","follow":"follow","max-snippet":"max-snippet:-1","max-image-preview":"max-image-preview:large","max-video-preview":"max-video-preview:-1"},"canonical":"https:\/\/elfvaping.com\/cs\/prepravni-politika\/","og_locale":"cs_CZ","og_type":"article","og_title":"Shipping Policy - Elf Vaping","og_description":"Welcome to elfvaping.com, your trusted destination for disposable vape products. Our Shipping Policy ensures a smooth and efficient delivery process for your orders. Order Processing:All orders are processed within 1-2 business days to expedite shipment. Tracking Information:Every order includes a tracking number, which will be emailed to you once the order is dispatched. Track Your [...]","og_url":"https:\/\/elfvaping.com\/cs\/prepravni-politika\/","og_site_name":"Elf Vaping","article_publisher":"https:\/\/www.facebook.com\/elfvaping","article_modified_time":"2024-08-05T12:41:36+00:00","twitter_card":"summary_large_image","twitter_misc":{"Odhadovan\u00e1 doba \u010dten\u00ed":"1 minuta"},"schema":{"@context":"https:\/\/schema.org","@graph":[{"@type":"WebPage","@id":"https:\/\/elfvaping.com\/shipping-policy\/","url":"https:\/\/elfvaping.com\/shipping-policy\/","name":"Z\u00e1sady p\u0159epravy - Elf Vaping","isPartOf":{"@id":"https:\/\/elfvaping.com\/cs\/#website"},"datePublished":"2024-06-16T02:52:14+00:00","dateModified":"2024-08-05T12:41:36+00:00","breadcrumb":{"@id":"https:\/\/elfvaping.com\/shipping-policy\/#breadcrumb"},"inLanguage":"cs","potentialAction":[{"@type":"ReadAction","target":["https:\/\/elfvaping.com\/shipping-policy\/"]}]},{"@type":"BreadcrumbList","@id":"https:\/\/elfvaping.com\/shipping-policy\/#breadcrumb","itemListElement":[{"@type":"ListItem","position":1,"name":"Home","item":"https:\/\/elfvaping.com\/"},{"@type":"ListItem","position":2,"name":"Shipping Policy"}]},{"@type":"WebSite","@id":"https:\/\/elfvaping.com\/cs\/#website","url":"https:\/\/elfvaping.com\/cs\/","name":"Elf Vaping nen\u00ed p\u0159ekladov\u00e1n, proto Elf Vaping z\u016fst\u00e1v\u00e1 Elf Vaping. Pokud chcete n\u00e1zev p\u0159elo\u017eit doslovn\u011b, lze pou\u017e\u00edt Elfikov\u00e9 Vaping nebo Elfov\u00e9 Vaping. Pokud chcete n\u00e1zev voln\u011b p\u0159elo\u017eit, lze pou\u017e\u00edt n\u011bco jako Elfov\u00e9 kou\u0159\u00ed nebo P\u00e1ra elf\u016f. Pokud chcete n\u00e1zev p\u0159elo\u017eit, aby byl vhodn\u00fd pro \u010desk\u00e9 publikum, doporu\u010duji pou\u017e\u00edt P\u00e1ra elf\u016f nebo Kou\u0159\u00edc\u00ed elfov\u00e9. Pokud chcete doslovn\u00fd p\u0159eklad: Elfov\u00e9 vapuj\u00ed.","description":"Nejlep\u0161\u00ed velkoobchodn\u00ed ceny pro jednor\u00e1zov\u00e9 vapey","publisher":{"@id":"https:\/\/elfvaping.com\/cs\/#organization"},"potentialAction":[{"@type":"SearchAction","target":{"@type":"EntryPoint","urlTemplate":"https:\/\/elfvaping.com\/cs\/?s={search_term_string}"},"query-input":{"@type":"PropertyValueSpecification","valueRequired":true,"valueName":"search_term_string"}}],"inLanguage":"cs"},{"@type":"Organization","@id":"https:\/\/elfvaping.com\/cs\/#organization","name":"Elf Vaping nen\u00ed p\u0159ekladov\u00e1n, proto Elf Vaping z\u016fst\u00e1v\u00e1 Elf Vaping. Pokud chcete n\u00e1zev p\u0159elo\u017eit doslovn\u011b, lze pou\u017e\u00edt Elfikov\u00e9 Vaping nebo Elfov\u00e9 Vaping. Pokud chcete n\u00e1zev voln\u011b p\u0159elo\u017eit, lze pou\u017e\u00edt n\u011bco jako Elfov\u00e9 kou\u0159\u00ed nebo P\u00e1ra elf\u016f. Pokud chcete n\u00e1zev p\u0159elo\u017eit, aby byl vhodn\u00fd pro \u010desk\u00e9 publikum, doporu\u010duji pou\u017e\u00edt P\u00e1ra elf\u016f nebo Kou\u0159\u00edc\u00ed elfov\u00e9. Pokud chcete doslovn\u00fd p\u0159eklad: Elfov\u00e9 vapuj\u00ed.","url":"https:\/\/elfvaping.com\/cs\/","logo":{"@type":"ImageObject","inLanguage":"cs","@id":"https:\/\/elfvaping.com\/cs\/#\/schema\/logo\/image\/","url":"https:\/\/elfvaping.com\/wp-content\/uploads\/2024\/06\/elfvaping-logo.webp","contentUrl":"https:\/\/elfvaping.com\/wp-content\/uploads\/2024\/06\/elfvaping-logo.webp","width":400,"height":111,"caption":"Elf Vaping"},"image":{"@id":"https:\/\/elfvaping.com\/cs\/#\/schema\/logo\/image\/"},"sameAs":["https:\/\/www.facebook.com\/elfvaping","https:\/\/instagram.com\/elfvaping\/"]}]}},"jetpack_sharing_enabled":true,"_links":{"self":[{"href":"https:\/\/elfvaping.com\/cs\/wp-json\/wp\/v2\/pages\/1214","targetHints":{"allow":["GET"]}}],"collection":[{"href":"https:\/\/elfvaping.com\/cs\/wp-json\/wp\/v2\/pages"}],"about":[{"href":"https:\/\/elfvaping.com\/cs\/wp-json\/wp\/v2\/types\/page"}],"author":[{"embeddable":true,"href":"https:\/\/elfvaping.com\/cs\/wp-json\/wp\/v2\/users\/1"}],"replies":[{"embeddable":true,"href":"https:\/\/elfvaping.com\/cs\/wp-json\/wp\/v2\/comments?post=1214"}],"version-history":[{"count":0,"href":"https:\/\/elfvaping.com\/cs\/wp-json\/wp\/v2\/pages\/1214\/revisions"}],"wp:attachment":[{"href":"https:\/\/elfvaping.com\/cs\/wp-json\/wp\/v2\/media?parent=1214"}],"curies":[{"name":"wp","href":"https:\/\/api.w.org\/{rel}","templated":true}]}}