{"id":2,"date":"2024-06-16T02:16:33","date_gmt":"2024-06-16T02:16:33","guid":{"rendered":"http:\/\/elfvaping.com\/?page_id=2"},"modified":"2025-12-12T03:44:43","modified_gmt":"2025-12-12T03:44:43","slug":"o-nas","status":"publish","type":"page","link":"https:\/\/elfvaping.com\/cs\/about-us\/","title":{"rendered":"O ElfVaping"},"content":{"rendered":"<div class=\"row\"  id=\"row-1786756194\">\n\n\t<div id=\"col-818515686\" class=\"col medium-6 small-12 large-6\"  >\n\t\t\t\t<div class=\"col-inner\"  >\n\t\t\t\n\t\t\t\n<p>V\u00edtejte v elfvaping.com, va\u0161em pr\u00e9miov\u00e9m online obchod\u011b specializuj\u00edc\u00edm se na <a href=\"https:\/\/elfvaping.com\/cs\/\">Jednor\u00e1zov\u00e1 vape<\/a> v\u00fdrobky.<\/p>\n<p>S 5 lety zku\u0161enost\u00ed v pr\u016fmyslu jsme se etablovali jako p\u0159edn\u00ed distributor r\u016fzn\u00fdch renomovan\u00fdch zna\u010dek, jako je Elf Box, <a href=\"https:\/\/elfvaping.com\/cs\/kategorie-produktu\/vosa\/\"><strong>Vosa<\/strong><\/a>, Zgar, <a href=\"https:\/\/elfvaping.com\/cs\/kategorie-produktu\/randm\/\"><strong>RandM Tornado<\/strong><\/a>, <a href=\"https:\/\/elfvaping.com\/cs\/kategorie-produktu\/prask\/\">Bang Box<\/a>, Doloda, <strong><a href=\"https:\/\/elfvaping.com\/cs\/kategorie-produktu\/bimo\/\">BIMO<\/a><\/strong>, FluuM a dal\u0161\u00ed. Na\u0161e produkty jsou glob\u00e1ln\u011b uzn\u00e1van\u00e9 a obsluhuj\u00ed z\u00e1kazn\u00edky v mnoha zem\u00edch.<\/p>\n<p>Na elfvaping.com nab\u00edz\u00edme \u0161irokou \u0161k\u00e1lu jednor\u00e1zov\u00fdch vape za\u0159\u00edzen\u00ed pro maloobchodn\u00ed i velkoobchodn\u00ed \u00fa\u010dely. Na\u0161e oddanost kvalit\u011b a spokojenosti z\u00e1kazn\u00edk\u016f n\u00e1s odli\u0161uje jako d\u016fv\u011bryhodn\u00e9ho a profesion\u00e1ln\u00edho prodejce vape za\u0159\u00edzen\u00ed.<\/p>\n<p>Prozkoumejte na\u0161i sb\u00edrku <a href=\"https:\/\/elfvaping.com\/cs\/kategorie-produktu\/elfi-krabicka\/\">Elf Box Jednor\u00e1zov\u00e9 Vapes<\/a>, <strong>RandM Tornado, <\/strong><a href=\"https:\/\/elfvaping.com\/cs\/kategorie-produktu\/vapsolo\/\">Vape<\/a>, najdete produkty zna\u010dek Waka a dal\u0161\u00edch p\u0159edn\u00edch zna\u010dek, abyste na\u0161li dokonal\u00e9 \u0159e\u0161en\u00ed pro vapov\u00e1n\u00ed pro va\u0161e pot\u0159eby. A\u0165 jste zku\u0161en\u00fd vap\u00e9r nebo nov\u00e1\u010dek ve sv\u011bt\u011b vapov\u00e1n\u00ed, m\u00e1me n\u011bco pro ka\u017ed\u00e9ho.<\/p>\n<p>S <a href=\"https:\/\/elfvaping.com\/cs\/\">elfvaping.com<\/a>, M\u016f\u017eete o\u010dek\u00e1vat bezprobl\u00e9mov\u00fd n\u00e1kupn\u00ed z\u00e1\u017eitek, konkurenceschopn\u00e9 ceny a r\u016fznorod\u00fd v\u00fdb\u011br chut\u00ed a za\u0159\u00edzen\u00ed, kter\u00e1 vylep\u0161\u00ed va\u0161e vapovac\u00ed zku\u0161enost. P\u0159ipojte se k na\u0161im spokojen\u00fdm z\u00e1kazn\u00edk\u016fm po cel\u00e9m sv\u011bt\u011b a objevte pohodl\u00ed a spokojenost s jednor\u00e1zov\u00fdmi vapech.<\/p>\n<p>Za\u017eijte pohodl\u00ed a spokojenost s jednor\u00e1zov\u00fdmi vapech d\u00edky elfvaping.com. Nakupujte nyn\u00ed a u\u017eijte si ultim\u00e1tn\u00ed z\u00e1\u017eitek z vapov\u00e1n\u00ed!<\/p>\n\t\t<\/div>\n\t\t\t\t\t<\/div>\n\n\t\n\n\t<div id=\"col-970570739\" class=\"col medium-6 small-12 large-6\"  >\n\t\t\t\t<div class=\"col-inner\"  >\n\t\t\t\n\t\t\t\n\t<div class=\"img has-hover x md-x lg-x y md-y lg-y\" id=\"image_1368785000\">\n\t\t\t\t\t\t\t\t<div class=\"img-inner dark\" >\n\t\t\t<img loading=\"lazy\" decoding=\"async\" width=\"800\" height=\"800\" src=\"https:\/\/elfvaping.com\/wp-content\/uploads\/2024\/08\/AIVONO-BANG-MAXI-15000-Puffs-14.webp\" class=\"attachment-large size-large\" alt=\"\" srcset=\"https:\/\/elfvaping.com\/wp-content\/uploads\/2024\/08\/AIVONO-BANG-MAXI-15000-Puffs-14.webp 800w, https:\/\/elfvaping.com\/wp-content\/uploads\/2024\/08\/AIVONO-BANG-MAXI-15000-Puffs-14-300x300.webp 300w, https:\/\/elfvaping.com\/wp-content\/uploads\/2024\/08\/AIVONO-BANG-MAXI-15000-Puffs-14-150x150.webp 150w, https:\/\/elfvaping.com\/wp-content\/uploads\/2024\/08\/AIVONO-BANG-MAXI-15000-Puffs-14-768x768.webp 768w, https:\/\/elfvaping.com\/wp-content\/uploads\/2024\/08\/AIVONO-BANG-MAXI-15000-Puffs-14-12x12.webp 12w, https:\/\/elfvaping.com\/wp-content\/uploads\/2024\/08\/AIVONO-BANG-MAXI-15000-Puffs-14-600x600.webp 600w, https:\/\/elfvaping.com\/wp-content\/uploads\/2024\/08\/AIVONO-BANG-MAXI-15000-Puffs-14-100x100.webp 100w\" sizes=\"auto, (max-width: 800px) 100vw, 800px\" \/>\t\t\t\t\t\t\n\t\t\t\t\t<\/div>\n\t\t\t\t\t\t\t\t\n<style>\n#image_1368785000 {\n  width: 100%;\n}\n<\/style>\n\t<\/div>\n\t\n\t\t<\/div>\n\t\t\t\t\t<\/div>\n\n\t\n<\/div>","protected":false},"excerpt":{"rendered":"","protected":false},"author":1,"featured_media":0,"parent":0,"menu_order":0,"comment_status":"closed","ping_status":"closed","template":"page-blank-title-center.php","meta":{"_lmt_disableupdate":"","_lmt_disable":"","jetpack_post_was_ever_published":false,"footnotes":""},"class_list":["post-2","page","type-page","status-publish","hentry"],"yoast_head":"<!-- This site is optimized with the Yoast SEO plugin v27.4 - https:\/\/yoast.com\/product\/yoast-seo-wordpress\/ -->\n<title>About ElfVaping - Elf Vaping<\/title>\n<meta name=\"robots\" content=\"index, follow, max-snippet:-1, max-image-preview:large, max-video-preview:-1\" \/>\n<link rel=\"canonical\" href=\"https:\/\/elfvaping.com\/cs\/o-nas\/\" \/>\n<meta property=\"og:locale\" content=\"cs_CZ\" \/>\n<meta property=\"og:type\" content=\"article\" \/>\n<meta property=\"og:title\" content=\"About ElfVaping - Elf Vaping\" \/>\n<meta property=\"og:url\" content=\"https:\/\/elfvaping.com\/cs\/o-nas\/\" \/>\n<meta property=\"og:site_name\" content=\"Elf Vaping\" \/>\n<meta property=\"article:publisher\" content=\"https:\/\/www.facebook.com\/elfvaping\" \/>\n<meta property=\"article:modified_time\" content=\"2025-12-12T03:44:43+00:00\" \/>\n<meta name=\"twitter:card\" content=\"summary_large_image\" \/>\n<meta name=\"twitter:label1\" content=\"Odhadovan\u00e1 doba \u010dten\u00ed\" \/>\n\t<meta name=\"twitter:data1\" content=\"1 minuta\" \/>\n<script type=\"application\/ld+json\" class=\"yoast-schema-graph\">{\"@context\":\"https:\\\/\\\/schema.org\",\"@graph\":[{\"@type\":\"WebPage\",\"@id\":\"https:\\\/\\\/elfvaping.com\\\/about-us\\\/\",\"url\":\"https:\\\/\\\/elfvaping.com\\\/about-us\\\/\",\"name\":\"About ElfVaping - Elf Vaping\",\"isPartOf\":{\"@id\":\"https:\\\/\\\/elfvaping.com\\\/cs\\\/#website\"},\"datePublished\":\"2024-06-16T02:16:33+00:00\",\"dateModified\":\"2025-12-12T03:44:43+00:00\",\"breadcrumb\":{\"@id\":\"https:\\\/\\\/elfvaping.com\\\/about-us\\\/#breadcrumb\"},\"inLanguage\":\"cs\",\"potentialAction\":[{\"@type\":\"ReadAction\",\"target\":[\"https:\\\/\\\/elfvaping.com\\\/about-us\\\/\"]}]},{\"@type\":\"BreadcrumbList\",\"@id\":\"https:\\\/\\\/elfvaping.com\\\/about-us\\\/#breadcrumb\",\"itemListElement\":[{\"@type\":\"ListItem\",\"position\":1,\"name\":\"Home\",\"item\":\"https:\\\/\\\/elfvaping.com\\\/\"},{\"@type\":\"ListItem\",\"position\":2,\"name\":\"About ElfVaping\"}]},{\"@type\":\"WebSite\",\"@id\":\"https:\\\/\\\/elfvaping.com\\\/cs\\\/#website\",\"url\":\"https:\\\/\\\/elfvaping.com\\\/cs\\\/\",\"name\":\"Elf Vaping\",\"description\":\"Best Wholesale Prices for Disposable Vapes\",\"publisher\":{\"@id\":\"https:\\\/\\\/elfvaping.com\\\/cs\\\/#organization\"},\"potentialAction\":[{\"@type\":\"SearchAction\",\"target\":{\"@type\":\"EntryPoint\",\"urlTemplate\":\"https:\\\/\\\/elfvaping.com\\\/cs\\\/?s={search_term_string}\"},\"query-input\":{\"@type\":\"PropertyValueSpecification\",\"valueRequired\":true,\"valueName\":\"search_term_string\"}}],\"inLanguage\":\"cs\"},{\"@type\":\"Organization\",\"@id\":\"https:\\\/\\\/elfvaping.com\\\/cs\\\/#organization\",\"name\":\"Elf Vaping\",\"url\":\"https:\\\/\\\/elfvaping.com\\\/cs\\\/\",\"logo\":{\"@type\":\"ImageObject\",\"inLanguage\":\"cs\",\"@id\":\"https:\\\/\\\/elfvaping.com\\\/cs\\\/#\\\/schema\\\/logo\\\/image\\\/\",\"url\":\"https:\\\/\\\/elfvaping.com\\\/wp-content\\\/uploads\\\/2024\\\/06\\\/elfvaping-logo.webp\",\"contentUrl\":\"https:\\\/\\\/elfvaping.com\\\/wp-content\\\/uploads\\\/2024\\\/06\\\/elfvaping-logo.webp\",\"width\":400,\"height\":111,\"caption\":\"Elf Vaping\"},\"image\":{\"@id\":\"https:\\\/\\\/elfvaping.com\\\/cs\\\/#\\\/schema\\\/logo\\\/image\\\/\"},\"sameAs\":[\"https:\\\/\\\/www.facebook.com\\\/elfvaping\",\"https:\\\/\\\/instagram.com\\\/elfvaping\\\/\"]}]}<\/script>\n<!-- \/ Yoast SEO plugin. -->","yoast_head_json":{"title":"O ElfVaping - Elf Vaping","robots":{"index":"index","follow":"follow","max-snippet":"max-snippet:-1","max-image-preview":"max-image-preview:large","max-video-preview":"max-video-preview:-1"},"canonical":"https:\/\/elfvaping.com\/cs\/o-nas\/","og_locale":"cs_CZ","og_type":"article","og_title":"About ElfVaping - Elf Vaping","og_url":"https:\/\/elfvaping.com\/cs\/o-nas\/","og_site_name":"Elf Vaping","article_publisher":"https:\/\/www.facebook.com\/elfvaping","article_modified_time":"2025-12-12T03:44:43+00:00","twitter_card":"summary_large_image","twitter_misc":{"Odhadovan\u00e1 doba \u010dten\u00ed":"1 minuta"},"schema":{"@context":"https:\/\/schema.org","@graph":[{"@type":"WebPage","@id":"https:\/\/elfvaping.com\/about-us\/","url":"https:\/\/elfvaping.com\/about-us\/","name":"O ElfVaping - Elf Vaping","isPartOf":{"@id":"https:\/\/elfvaping.com\/cs\/#website"},"datePublished":"2024-06-16T02:16:33+00:00","dateModified":"2025-12-12T03:44:43+00:00","breadcrumb":{"@id":"https:\/\/elfvaping.com\/about-us\/#breadcrumb"},"inLanguage":"cs","potentialAction":[{"@type":"ReadAction","target":["https:\/\/elfvaping.com\/about-us\/"]}]},{"@type":"BreadcrumbList","@id":"https:\/\/elfvaping.com\/about-us\/#breadcrumb","itemListElement":[{"@type":"ListItem","position":1,"name":"Home","item":"https:\/\/elfvaping.com\/"},{"@type":"ListItem","position":2,"name":"About ElfVaping"}]},{"@type":"WebSite","@id":"https:\/\/elfvaping.com\/cs\/#website","url":"https:\/\/elfvaping.com\/cs\/","name":"Elf Vaping nen\u00ed p\u0159ekladov\u00e1n, proto Elf Vaping z\u016fst\u00e1v\u00e1 Elf Vaping. Pokud chcete n\u00e1zev p\u0159elo\u017eit doslovn\u011b, lze pou\u017e\u00edt Elfikov\u00e9 Vaping nebo Elfov\u00e9 Vaping. Pokud chcete n\u00e1zev voln\u011b p\u0159elo\u017eit, lze pou\u017e\u00edt n\u011bco jako Elfov\u00e9 kou\u0159\u00ed nebo P\u00e1ra elf\u016f. Pokud chcete n\u00e1zev p\u0159elo\u017eit, aby byl vhodn\u00fd pro \u010desk\u00e9 publikum, doporu\u010duji pou\u017e\u00edt P\u00e1ra elf\u016f nebo Kou\u0159\u00edc\u00ed elfov\u00e9. Pokud chcete doslovn\u00fd p\u0159eklad: Elfov\u00e9 vapuj\u00ed.","description":"Nejlep\u0161\u00ed velkoobchodn\u00ed ceny pro jednor\u00e1zov\u00e9 vapey","publisher":{"@id":"https:\/\/elfvaping.com\/cs\/#organization"},"potentialAction":[{"@type":"SearchAction","target":{"@type":"EntryPoint","urlTemplate":"https:\/\/elfvaping.com\/cs\/?s={search_term_string}"},"query-input":{"@type":"PropertyValueSpecification","valueRequired":true,"valueName":"search_term_string"}}],"inLanguage":"cs"},{"@type":"Organization","@id":"https:\/\/elfvaping.com\/cs\/#organization","name":"Elf Vaping nen\u00ed p\u0159ekladov\u00e1n, proto Elf Vaping z\u016fst\u00e1v\u00e1 Elf Vaping. Pokud chcete n\u00e1zev p\u0159elo\u017eit doslovn\u011b, lze pou\u017e\u00edt Elfikov\u00e9 Vaping nebo Elfov\u00e9 Vaping. Pokud chcete n\u00e1zev voln\u011b p\u0159elo\u017eit, lze pou\u017e\u00edt n\u011bco jako Elfov\u00e9 kou\u0159\u00ed nebo P\u00e1ra elf\u016f. Pokud chcete n\u00e1zev p\u0159elo\u017eit, aby byl vhodn\u00fd pro \u010desk\u00e9 publikum, doporu\u010duji pou\u017e\u00edt P\u00e1ra elf\u016f nebo Kou\u0159\u00edc\u00ed elfov\u00e9. Pokud chcete doslovn\u00fd p\u0159eklad: Elfov\u00e9 vapuj\u00ed.","url":"https:\/\/elfvaping.com\/cs\/","logo":{"@type":"ImageObject","inLanguage":"cs","@id":"https:\/\/elfvaping.com\/cs\/#\/schema\/logo\/image\/","url":"https:\/\/elfvaping.com\/wp-content\/uploads\/2024\/06\/elfvaping-logo.webp","contentUrl":"https:\/\/elfvaping.com\/wp-content\/uploads\/2024\/06\/elfvaping-logo.webp","width":400,"height":111,"caption":"Elf Vaping"},"image":{"@id":"https:\/\/elfvaping.com\/cs\/#\/schema\/logo\/image\/"},"sameAs":["https:\/\/www.facebook.com\/elfvaping","https:\/\/instagram.com\/elfvaping\/"]}]}},"jetpack_sharing_enabled":true,"_links":{"self":[{"href":"https:\/\/elfvaping.com\/cs\/wp-json\/wp\/v2\/pages\/2","targetHints":{"allow":["GET"]}}],"collection":[{"href":"https:\/\/elfvaping.com\/cs\/wp-json\/wp\/v2\/pages"}],"about":[{"href":"https:\/\/elfvaping.com\/cs\/wp-json\/wp\/v2\/types\/page"}],"author":[{"embeddable":true,"href":"https:\/\/elfvaping.com\/cs\/wp-json\/wp\/v2\/users\/1"}],"replies":[{"embeddable":true,"href":"https:\/\/elfvaping.com\/cs\/wp-json\/wp\/v2\/comments?post=2"}],"version-history":[{"count":0,"href":"https:\/\/elfvaping.com\/cs\/wp-json\/wp\/v2\/pages\/2\/revisions"}],"wp:attachment":[{"href":"https:\/\/elfvaping.com\/cs\/wp-json\/wp\/v2\/media?parent=2"}],"curies":[{"name":"wp","href":"https:\/\/api.w.org\/{rel}","templated":true}]}}