{"id":4398,"date":"2024-06-16T12:29:13","date_gmt":"2024-06-16T12:29:13","guid":{"rendered":"https:\/\/elfvaping.com\/?page_id=4398"},"modified":"2026-02-24T03:32:38","modified_gmt":"2026-02-24T03:32:38","slug":"nabidky-kuponu-elfvaping","status":"publish","type":"page","link":"https:\/\/elfvaping.com\/cs\/elfvaping-coupons-offers\/","title":{"rendered":"Slevy a nab\u00eddky ELFVAPING"},"content":{"rendered":"<section class=\"section\" id=\"section_571226276\">\n\t\t<div class=\"section-bg fill\" >\n\t\t\t\t\t\t\t\t\t\n\t\t\t\n\n\t\t<\/div>\n\n\t\t\n\n\t\t<div class=\"section-content relative\">\n\t\t\t\n\t<div id=\"gap-333232386\" class=\"gap-element clearfix\" style=\"display:block; height:auto;\">\n\t\t\n<style>\n#gap-333232386 {\n  padding-top: 30px;\n}\n<\/style>\n\t<\/div>\n\t\n<div class=\"row row-large\"  id=\"row-783185095\">\n\n\t<div id=\"col-455562277\" class=\"col medium-12 small-12 large-6\"  >\n\t\t\t\t<div class=\"col-inner\"  >\n\t\t\t\n\t\t\t\n\t<div id=\"text-1679770934\" class=\"text\">\n\t\t\n<h2>Jednor\u00e1zov\u00e9 vape kup\u00f3ny a nab\u00eddky od ELFVAPING<\/h2>\n\t\t\n<style>\n#text-1679770934 {\n  font-size: 1.5rem;\n}\n<\/style>\n\t<\/div>\n\t\n<a href=\"\/cs\/prodejna\/\" class=\"button primary\"  >\n\t\t<span>Objednejte nyn\u00ed!<\/span>\n\t<\/a>\n\n\t\t<\/div>\n\t\t\t\t\t<\/div>\n\n\t\n\n\t<div id=\"col-839227954\" class=\"col medium-12 small-12 large-6\"  >\n\t\t\t\t<div class=\"col-inner\"  >\n\t\t\t\n\t\t\t\n\n\t\t<div class=\"icon-box featured-box icon-box-left text-left\"  >\n\t\t\t\t\t<div class=\"icon-box-img\" style=\"width: 50px\">\n\t\t\t\t<div class=\"icon\">\n\t\t\t\t\t<div class=\"icon-inner\" >\n\t\t\t\t\t\t<img loading=\"lazy\" decoding=\"async\" width=\"225\" height=\"225\" src=\"https:\/\/elfvaping.com\/wp-content\/uploads\/2024\/06\/1off.webp\" class=\"attachment-medium size-medium\" alt=\"\" srcset=\"https:\/\/elfvaping.com\/wp-content\/uploads\/2024\/06\/1off.webp 225w, https:\/\/elfvaping.com\/wp-content\/uploads\/2024\/06\/1off-150x150.webp 150w, https:\/\/elfvaping.com\/wp-content\/uploads\/2024\/06\/1off-12x12.webp 12w, https:\/\/elfvaping.com\/wp-content\/uploads\/2024\/06\/1off-100x100.webp 100w\" sizes=\"auto, (max-width: 225px) 100vw, 225px\" \/>\t\t\t\t\t<\/div>\n\t\t\t\t<\/div>\n\t\t\t<\/div>\n\t\t\t\t<div class=\"icon-box-text last-reset\">\n\t\t\t\t\t\t\t\t\t\n<h3>Z\u00cdSKEJ 1% ZDARMA<\/h3>\n<h4><strong>Z\u00cdSKEJTE 11% SLEVU P\u0158I OBJEDN\u00c1VK\u00c1CH NAD 200 \u20ac \/ 11% SLEVA P\u0158I OBJEDN\u00c1VK\u00c1CH NAD 200 K\u010c<\/strong><\/h4>\n<p>Vypr\u0161\u00ed: 31.12.2026<\/p>\n<a class=\"button primary\"  >\n\t\t<span>Slevov\u00fd kup\u00f3n: ELFONE<\/span>\n\t<\/a>\n\n\t\t<\/div>\n\t<\/div>\n\t\n\t\n\t<div id=\"gap-1662222169\" class=\"gap-element clearfix\" style=\"display:block; height:auto;\">\n\t\t\n<style>\n#gap-1662222169 {\n  padding-top: 30px;\n}\n<\/style>\n\t<\/div>\n\t\n\n\t\t<div class=\"icon-box featured-box icon-box-left text-left\"  >\n\t\t\t\t\t<div class=\"icon-box-img\" style=\"width: 50px\">\n\t\t\t\t<div class=\"icon\">\n\t\t\t\t\t<div class=\"icon-inner\" >\n\t\t\t\t\t\t<img loading=\"lazy\" decoding=\"async\" width=\"300\" height=\"300\" src=\"https:\/\/elfvaping.com\/wp-content\/uploads\/2024\/06\/1.5off-300x300.webp\" class=\"attachment-medium size-medium\" alt=\"\" srcset=\"https:\/\/elfvaping.com\/wp-content\/uploads\/2024\/06\/1.5off-300x300.webp 300w, https:\/\/elfvaping.com\/wp-content\/uploads\/2024\/06\/1.5off-150x150.webp 150w, https:\/\/elfvaping.com\/wp-content\/uploads\/2024\/06\/1.5off-12x12.webp 12w, https:\/\/elfvaping.com\/wp-content\/uploads\/2024\/06\/1.5off-100x100.webp 100w, https:\/\/elfvaping.com\/wp-content\/uploads\/2024\/06\/1.5off.webp 459w\" sizes=\"auto, (max-width: 300px) 100vw, 300px\" \/>\t\t\t\t\t<\/div>\n\t\t\t\t<\/div>\n\t\t\t<\/div>\n\t\t\t\t<div class=\"icon-box-text last-reset\">\n\t\t\t\t\t\t\t\t\t\n<h3>Z\u00cdSKEJTE 1.5% SLEVU<\/h3>\n<h4><strong>Z\u00cdSKEJTE 1,5% SLEVU P\u0158I OBJEDN\u00c1VK\u00c1CH NAD \u20ac500\/$500<\/strong><\/h4>\n<p>Vypr\u0161\u00ed: 31.12.2026<\/p>\n<a class=\"button primary\"  >\n\t\t<span>Slevov\u00fd kup\u00f3n: ELFBUY<\/span>\n\t<\/a>\n\n\t\t<\/div>\n\t<\/div>\n\t\n\t\n\t<div id=\"gap-924532776\" class=\"gap-element clearfix\" style=\"display:block; height:auto;\">\n\t\t\n<style>\n#gap-924532776 {\n  padding-top: 30px;\n}\n<\/style>\n\t<\/div>\n\t\n\n\t\t<div class=\"icon-box featured-box icon-box-left text-left\"  >\n\t\t\t\t\t<div class=\"icon-box-img\" style=\"width: 50px\">\n\t\t\t\t<div class=\"icon\">\n\t\t\t\t\t<div class=\"icon-inner\" >\n\t\t\t\t\t\t<img loading=\"lazy\" decoding=\"async\" width=\"225\" height=\"225\" src=\"https:\/\/elfvaping.com\/wp-content\/uploads\/2024\/06\/2off.webp\" class=\"attachment-medium size-medium\" alt=\"\" srcset=\"https:\/\/elfvaping.com\/wp-content\/uploads\/2024\/06\/2off.webp 225w, https:\/\/elfvaping.com\/wp-content\/uploads\/2024\/06\/2off-150x150.webp 150w, https:\/\/elfvaping.com\/wp-content\/uploads\/2024\/06\/2off-12x12.webp 12w, https:\/\/elfvaping.com\/wp-content\/uploads\/2024\/06\/2off-100x100.webp 100w\" sizes=\"auto, (max-width: 225px) 100vw, 225px\" \/>\t\t\t\t\t<\/div>\n\t\t\t\t<\/div>\n\t\t\t<\/div>\n\t\t\t\t<div class=\"icon-box-text last-reset\">\n\t\t\t\t\t\t\t\t\t\n<h3>Z\u00cdSKEJ 2% SLEVU<\/h3>\n<h4><strong>Z\u00edskejte 21% slevu na objedn\u00e1vk\u00e1ch nad 800 \u20ac\/1 800<\/strong><\/h4>\n<p>Vypr\u0161\u00ed: 31.12.2026<\/p>\n<a class=\"button primary\"  >\n\t\t<span>Slevov\u00fd kup\u00f3n: ELFTWO<\/span>\n\t<\/a>\n\n\t\t<\/div>\n\t<\/div>\n\t\n\t\n\t\t<\/div>\n\t\t\t\t\t<\/div>\n\n\t\n<\/div>\n\t\t<\/div>\n\n\t\t\n<style>\n#section_571226276 {\n  padding-top: 30px;\n  padding-bottom: 30px;\n}\n<\/style>\n\t<\/section>","protected":false},"excerpt":{"rendered":"","protected":false},"author":1,"featured_media":0,"parent":0,"menu_order":0,"comment_status":"closed","ping_status":"closed","template":"page-blank-title-center.php","meta":{"_lmt_disableupdate":"","_lmt_disable":"","footnotes":""},"class_list":["post-4398","page","type-page","status-publish","hentry"],"yoast_head":"<!-- This site is optimized with the Yoast SEO plugin v27.6 - https:\/\/yoast.com\/product\/yoast-seo-wordpress\/ -->\n<title>ELFVAPING Coupons &amp; Offers - Elf Vaping<\/title>\n<meta name=\"robots\" content=\"index, follow, max-snippet:-1, max-image-preview:large, max-video-preview:-1\" \/>\n<link rel=\"canonical\" href=\"https:\/\/elfvaping.com\/cs\/nabidky-kuponu-elfvaping\/\" \/>\n<meta property=\"og:locale\" content=\"cs_CZ\" \/>\n<meta property=\"og:type\" content=\"article\" \/>\n<meta property=\"og:title\" content=\"ELFVAPING Coupons &amp; Offers - Elf Vaping\" \/>\n<meta property=\"og:url\" content=\"https:\/\/elfvaping.com\/cs\/nabidky-kuponu-elfvaping\/\" \/>\n<meta property=\"og:site_name\" content=\"Elf Vaping\" \/>\n<meta property=\"article:publisher\" content=\"https:\/\/www.facebook.com\/elfvaping\" \/>\n<meta property=\"article:modified_time\" content=\"2026-02-24T03:32:38+00:00\" \/>\n<meta name=\"twitter:card\" content=\"summary_large_image\" \/>\n<meta name=\"twitter:label1\" content=\"Odhadovan\u00e1 doba \u010dten\u00ed\" \/>\n\t<meta name=\"twitter:data1\" content=\"1 minuta\" \/>\n<script type=\"application\/ld+json\" class=\"yoast-schema-graph\">{\"@context\":\"https:\\\/\\\/schema.org\",\"@graph\":[{\"@type\":\"WebPage\",\"@id\":\"https:\\\/\\\/elfvaping.com\\\/elfvaping-coupons-offers\\\/\",\"url\":\"https:\\\/\\\/elfvaping.com\\\/elfvaping-coupons-offers\\\/\",\"name\":\"ELFVAPING Coupons & Offers - Elf Vaping\",\"isPartOf\":{\"@id\":\"https:\\\/\\\/elfvaping.com\\\/cs\\\/#website\"},\"datePublished\":\"2024-06-16T12:29:13+00:00\",\"dateModified\":\"2026-02-24T03:32:38+00:00\",\"breadcrumb\":{\"@id\":\"https:\\\/\\\/elfvaping.com\\\/elfvaping-coupons-offers\\\/#breadcrumb\"},\"inLanguage\":\"cs\",\"potentialAction\":[{\"@type\":\"ReadAction\",\"target\":[\"https:\\\/\\\/elfvaping.com\\\/elfvaping-coupons-offers\\\/\"]}]},{\"@type\":\"BreadcrumbList\",\"@id\":\"https:\\\/\\\/elfvaping.com\\\/elfvaping-coupons-offers\\\/#breadcrumb\",\"itemListElement\":[{\"@type\":\"ListItem\",\"position\":1,\"name\":\"Home\",\"item\":\"https:\\\/\\\/elfvaping.com\\\/\"},{\"@type\":\"ListItem\",\"position\":2,\"name\":\"ELFVAPING Coupons &#038; Offers\"}]},{\"@type\":\"WebSite\",\"@id\":\"https:\\\/\\\/elfvaping.com\\\/cs\\\/#website\",\"url\":\"https:\\\/\\\/elfvaping.com\\\/cs\\\/\",\"name\":\"Elf Vaping\",\"description\":\"Best Wholesale Prices for Disposable Vapes\",\"publisher\":{\"@id\":\"https:\\\/\\\/elfvaping.com\\\/cs\\\/#organization\"},\"potentialAction\":[{\"@type\":\"SearchAction\",\"target\":{\"@type\":\"EntryPoint\",\"urlTemplate\":\"https:\\\/\\\/elfvaping.com\\\/cs\\\/?s={search_term_string}\"},\"query-input\":{\"@type\":\"PropertyValueSpecification\",\"valueRequired\":true,\"valueName\":\"search_term_string\"}}],\"inLanguage\":\"cs\"},{\"@type\":\"Organization\",\"@id\":\"https:\\\/\\\/elfvaping.com\\\/cs\\\/#organization\",\"name\":\"Elf Vaping\",\"url\":\"https:\\\/\\\/elfvaping.com\\\/cs\\\/\",\"logo\":{\"@type\":\"ImageObject\",\"inLanguage\":\"cs\",\"@id\":\"https:\\\/\\\/elfvaping.com\\\/cs\\\/#\\\/schema\\\/logo\\\/image\\\/\",\"url\":\"https:\\\/\\\/elfvaping.com\\\/wp-content\\\/uploads\\\/2024\\\/06\\\/elfvaping-logo.webp\",\"contentUrl\":\"https:\\\/\\\/elfvaping.com\\\/wp-content\\\/uploads\\\/2024\\\/06\\\/elfvaping-logo.webp\",\"width\":400,\"height\":111,\"caption\":\"Elf Vaping\"},\"image\":{\"@id\":\"https:\\\/\\\/elfvaping.com\\\/cs\\\/#\\\/schema\\\/logo\\\/image\\\/\"},\"sameAs\":[\"https:\\\/\\\/www.facebook.com\\\/elfvaping\",\"https:\\\/\\\/instagram.com\\\/elfvaping\\\/\"]}]}<\/script>\n<!-- \/ Yoast SEO plugin. -->","yoast_head_json":{"title":"Slevov\u00e9 kup\u00f3ny ELFVAPING &amp; nab\u00eddky - Elf Vaping","robots":{"index":"index","follow":"follow","max-snippet":"max-snippet:-1","max-image-preview":"max-image-preview:large","max-video-preview":"max-video-preview:-1"},"canonical":"https:\/\/elfvaping.com\/cs\/nabidky-kuponu-elfvaping\/","og_locale":"cs_CZ","og_type":"article","og_title":"ELFVAPING Coupons & Offers - Elf Vaping","og_url":"https:\/\/elfvaping.com\/cs\/nabidky-kuponu-elfvaping\/","og_site_name":"Elf Vaping","article_publisher":"https:\/\/www.facebook.com\/elfvaping","article_modified_time":"2026-02-24T03:32:38+00:00","twitter_card":"summary_large_image","twitter_misc":{"Odhadovan\u00e1 doba \u010dten\u00ed":"1 minuta"},"schema":{"@context":"https:\/\/schema.org","@graph":[{"@type":"WebPage","@id":"https:\/\/elfvaping.com\/elfvaping-coupons-offers\/","url":"https:\/\/elfvaping.com\/elfvaping-coupons-offers\/","name":"Slevov\u00e9 kup\u00f3ny ELFVAPING &amp; nab\u00eddky - Elf Vaping","isPartOf":{"@id":"https:\/\/elfvaping.com\/cs\/#website"},"datePublished":"2024-06-16T12:29:13+00:00","dateModified":"2026-02-24T03:32:38+00:00","breadcrumb":{"@id":"https:\/\/elfvaping.com\/elfvaping-coupons-offers\/#breadcrumb"},"inLanguage":"cs","potentialAction":[{"@type":"ReadAction","target":["https:\/\/elfvaping.com\/elfvaping-coupons-offers\/"]}]},{"@type":"BreadcrumbList","@id":"https:\/\/elfvaping.com\/elfvaping-coupons-offers\/#breadcrumb","itemListElement":[{"@type":"ListItem","position":1,"name":"Home","item":"https:\/\/elfvaping.com\/"},{"@type":"ListItem","position":2,"name":"ELFVAPING Coupons &#038; Offers"}]},{"@type":"WebSite","@id":"https:\/\/elfvaping.com\/cs\/#website","url":"https:\/\/elfvaping.com\/cs\/","name":"Elf Vaping nen\u00ed p\u0159ekladov\u00e1n, proto Elf Vaping z\u016fst\u00e1v\u00e1 Elf Vaping. Pokud chcete n\u00e1zev p\u0159elo\u017eit doslovn\u011b, lze pou\u017e\u00edt Elfikov\u00e9 Vaping nebo Elfov\u00e9 Vaping. Pokud chcete n\u00e1zev voln\u011b p\u0159elo\u017eit, lze pou\u017e\u00edt n\u011bco jako Elfov\u00e9 kou\u0159\u00ed nebo P\u00e1ra elf\u016f. Pokud chcete n\u00e1zev p\u0159elo\u017eit, aby byl vhodn\u00fd pro \u010desk\u00e9 publikum, doporu\u010duji pou\u017e\u00edt P\u00e1ra elf\u016f nebo Kou\u0159\u00edc\u00ed elfov\u00e9. Pokud chcete doslovn\u00fd p\u0159eklad: Elfov\u00e9 vapuj\u00ed.","description":"Nejlep\u0161\u00ed velkoobchodn\u00ed ceny pro jednor\u00e1zov\u00e9 vapey","publisher":{"@id":"https:\/\/elfvaping.com\/cs\/#organization"},"potentialAction":[{"@type":"SearchAction","target":{"@type":"EntryPoint","urlTemplate":"https:\/\/elfvaping.com\/cs\/?s={search_term_string}"},"query-input":{"@type":"PropertyValueSpecification","valueRequired":true,"valueName":"search_term_string"}}],"inLanguage":"cs"},{"@type":"Organization","@id":"https:\/\/elfvaping.com\/cs\/#organization","name":"Elf Vaping nen\u00ed p\u0159ekladov\u00e1n, proto Elf Vaping z\u016fst\u00e1v\u00e1 Elf Vaping. Pokud chcete n\u00e1zev p\u0159elo\u017eit doslovn\u011b, lze pou\u017e\u00edt Elfikov\u00e9 Vaping nebo Elfov\u00e9 Vaping. Pokud chcete n\u00e1zev voln\u011b p\u0159elo\u017eit, lze pou\u017e\u00edt n\u011bco jako Elfov\u00e9 kou\u0159\u00ed nebo P\u00e1ra elf\u016f. Pokud chcete n\u00e1zev p\u0159elo\u017eit, aby byl vhodn\u00fd pro \u010desk\u00e9 publikum, doporu\u010duji pou\u017e\u00edt P\u00e1ra elf\u016f nebo Kou\u0159\u00edc\u00ed elfov\u00e9. Pokud chcete doslovn\u00fd p\u0159eklad: Elfov\u00e9 vapuj\u00ed.","url":"https:\/\/elfvaping.com\/cs\/","logo":{"@type":"ImageObject","inLanguage":"cs","@id":"https:\/\/elfvaping.com\/cs\/#\/schema\/logo\/image\/","url":"https:\/\/elfvaping.com\/wp-content\/uploads\/2024\/06\/elfvaping-logo.webp","contentUrl":"https:\/\/elfvaping.com\/wp-content\/uploads\/2024\/06\/elfvaping-logo.webp","width":400,"height":111,"caption":"Elf Vaping"},"image":{"@id":"https:\/\/elfvaping.com\/cs\/#\/schema\/logo\/image\/"},"sameAs":["https:\/\/www.facebook.com\/elfvaping","https:\/\/instagram.com\/elfvaping\/"]}]}},"jetpack_sharing_enabled":true,"_links":{"self":[{"href":"https:\/\/elfvaping.com\/cs\/wp-json\/wp\/v2\/pages\/4398","targetHints":{"allow":["GET"]}}],"collection":[{"href":"https:\/\/elfvaping.com\/cs\/wp-json\/wp\/v2\/pages"}],"about":[{"href":"https:\/\/elfvaping.com\/cs\/wp-json\/wp\/v2\/types\/page"}],"author":[{"embeddable":true,"href":"https:\/\/elfvaping.com\/cs\/wp-json\/wp\/v2\/users\/1"}],"replies":[{"embeddable":true,"href":"https:\/\/elfvaping.com\/cs\/wp-json\/wp\/v2\/comments?post=4398"}],"version-history":[{"count":0,"href":"https:\/\/elfvaping.com\/cs\/wp-json\/wp\/v2\/pages\/4398\/revisions"}],"wp:attachment":[{"href":"https:\/\/elfvaping.com\/cs\/wp-json\/wp\/v2\/media?parent=4398"}],"curies":[{"name":"wp","href":"https:\/\/api.w.org\/{rel}","templated":true}]}}