{"id":1214,"date":"2024-06-16T02:52:14","date_gmt":"2024-06-16T02:52:14","guid":{"rendered":"https:\/\/elfvaping.com\/?page_id=1214"},"modified":"2024-08-05T12:41:36","modified_gmt":"2024-08-05T12:41:36","slug":"forsendelsespolitik","status":"publish","type":"page","link":"https:\/\/elfvaping.com\/da\/shipping-policy\/","title":{"rendered":"Forsendelsespolitik"},"content":{"rendered":"<p dir=\"auto\">Velkommen til elfvaping.com, din p\u00e5lidelige destination for engangs vape-produkter. Vores forsendelsespolitik sikrer en problemfri og effektiv leveringsproces for dine ordrer.<\/p>\r\n<p dir=\"auto\"><strong>Bestillingsbehandling:<\/strong><br \/>Alle ordrer behandles inden for 1-2 arbejdsdage for at fremskynde forsendelsen.<\/p>\r\n<p dir=\"auto\"><strong>Sporingsinformation:<\/strong><br \/>Hver ordre indeholder et sporingsnummer, som vil blive sendt til dig via e-mail, n\u00e5r ordren er afsendt.<\/p>\r\n<p dir=\"auto\"><strong>F\u00f8lg din ordre:<\/strong><br \/>For at spore din ordre, skal du blot logge ind p\u00e5 din konto eller bes\u00f8ge vores ordre-sporings-side p\u00e5\u00a0<a href=\"https:\/\/elfvaping.com\/da\/ordresporing\/\" target=\"_blank\" rel=\"noopener\">https:\/\/elfvaping.com\/orders-tracking<\/a>.<\/p>\r\n<p dir=\"auto\"><strong>Retur til Afsender:<\/strong><br \/>Pakker, der returneres til os (ElfVaping) p\u00e5 grund af \u00e5rsager som forkert adresse angivet af kunden, afvisning af modtagelse eller uafhentede pakker p\u00e5 postkontoret, vil medf\u00f8re en tilbageleveringsafgift. Kunder, der anmoder om genlevering, vil v\u00e6re ansvarlige for en genpostafgift.<\/p>\r\n<p dir=\"auto\"><strong>Leveringsforsinkelser:<\/strong><br \/>I sj\u00e6ldne tilf\u00e6lde kan leveringer opleve forsinkelser p\u00e5 grund af uforudsete omst\u00e6ndigheder. Hvis du har bekymringer om din pakke, skal du venligst henvise til informationen p\u00e5 vores hjemmeside eller bruge de medf\u00f8lgende sporingsmetoder. Du er velkommen til at kontakte os, hvis du st\u00f8der p\u00e5 problemer med din ordre.<\/p>\r\n<p dir=\"auto\">Tak for at v\u00e6lge elfvaping.com til dine behov for engangs-dampere. Vi er dedikerede til at levere en p\u00e5lidelig og effektiv forsendelsesoplevelse for vores v\u00e6rdsatte kunder. Hvis du har nogen foresp\u00f8rgsler eller har brug for assistance, s\u00e5 t\u00f8v ikke med at kontakte vores kundeservice-team.<\/p>","protected":false},"excerpt":{"rendered":"<p>Welcome to elfvaping.com, your trusted destination for disposable vape products. Our Shipping Policy ensures a smooth and efficient delivery process for your orders. Order Processing:All orders are processed within 1-2 business days to expedite shipment. Tracking Information:Every order includes a tracking number, which will be emailed to you once the order is dispatched. Track Your [&#8230;]\n","protected":false},"author":1,"featured_media":0,"parent":0,"menu_order":0,"comment_status":"closed","ping_status":"closed","template":"page-blank-title-center.php","meta":{"_lmt_disableupdate":"","_lmt_disable":"","footnotes":""},"class_list":["post-1214","page","type-page","status-publish","hentry"],"yoast_head":"<!-- This site is optimized with the Yoast SEO plugin v27.6 - https:\/\/yoast.com\/product\/yoast-seo-wordpress\/ -->\n<title>Shipping Policy - Elf Vaping<\/title>\n<meta name=\"robots\" content=\"index, follow, max-snippet:-1, max-image-preview:large, max-video-preview:-1\" \/>\n<link rel=\"canonical\" href=\"https:\/\/elfvaping.com\/da\/forsendelsespolitik\/\" \/>\n<meta property=\"og:locale\" content=\"da_DK\" \/>\n<meta property=\"og:type\" content=\"article\" \/>\n<meta property=\"og:title\" content=\"Shipping Policy - Elf Vaping\" \/>\n<meta property=\"og:description\" content=\"Welcome to elfvaping.com, your trusted destination for disposable vape products. Our Shipping Policy ensures a smooth and efficient delivery process for your orders. Order Processing:All orders are processed within 1-2 business days to expedite shipment. Tracking Information:Every order includes a tracking number, which will be emailed to you once the order is dispatched. Track Your [...]\" \/>\n<meta property=\"og:url\" content=\"https:\/\/elfvaping.com\/da\/forsendelsespolitik\/\" \/>\n<meta property=\"og:site_name\" content=\"Elf Vaping\" \/>\n<meta property=\"article:publisher\" content=\"https:\/\/www.facebook.com\/elfvaping\" \/>\n<meta property=\"article:modified_time\" content=\"2024-08-05T12:41:36+00:00\" \/>\n<meta name=\"twitter:card\" content=\"summary_large_image\" \/>\n<meta name=\"twitter:label1\" content=\"Estimeret l\u00e6setid\" \/>\n\t<meta name=\"twitter:data1\" content=\"1 minut\" \/>\n<script type=\"application\/ld+json\" class=\"yoast-schema-graph\">{\"@context\":\"https:\\\/\\\/schema.org\",\"@graph\":[{\"@type\":\"WebPage\",\"@id\":\"https:\\\/\\\/elfvaping.com\\\/shipping-policy\\\/\",\"url\":\"https:\\\/\\\/elfvaping.com\\\/shipping-policy\\\/\",\"name\":\"Shipping Policy - Elf Vaping\",\"isPartOf\":{\"@id\":\"https:\\\/\\\/elfvaping.com\\\/cs\\\/#website\"},\"datePublished\":\"2024-06-16T02:52:14+00:00\",\"dateModified\":\"2024-08-05T12:41:36+00:00\",\"breadcrumb\":{\"@id\":\"https:\\\/\\\/elfvaping.com\\\/shipping-policy\\\/#breadcrumb\"},\"inLanguage\":\"da-DK\",\"potentialAction\":[{\"@type\":\"ReadAction\",\"target\":[\"https:\\\/\\\/elfvaping.com\\\/shipping-policy\\\/\"]}]},{\"@type\":\"BreadcrumbList\",\"@id\":\"https:\\\/\\\/elfvaping.com\\\/shipping-policy\\\/#breadcrumb\",\"itemListElement\":[{\"@type\":\"ListItem\",\"position\":1,\"name\":\"Home\",\"item\":\"https:\\\/\\\/elfvaping.com\\\/\"},{\"@type\":\"ListItem\",\"position\":2,\"name\":\"Shipping Policy\"}]},{\"@type\":\"WebSite\",\"@id\":\"https:\\\/\\\/elfvaping.com\\\/cs\\\/#website\",\"url\":\"https:\\\/\\\/elfvaping.com\\\/cs\\\/\",\"name\":\"Elf Vaping\",\"description\":\"Best Wholesale Prices for Disposable Vapes\",\"publisher\":{\"@id\":\"https:\\\/\\\/elfvaping.com\\\/cs\\\/#organization\"},\"potentialAction\":[{\"@type\":\"SearchAction\",\"target\":{\"@type\":\"EntryPoint\",\"urlTemplate\":\"https:\\\/\\\/elfvaping.com\\\/cs\\\/?s={search_term_string}\"},\"query-input\":{\"@type\":\"PropertyValueSpecification\",\"valueRequired\":true,\"valueName\":\"search_term_string\"}}],\"inLanguage\":\"da-DK\"},{\"@type\":\"Organization\",\"@id\":\"https:\\\/\\\/elfvaping.com\\\/cs\\\/#organization\",\"name\":\"Elf Vaping\",\"url\":\"https:\\\/\\\/elfvaping.com\\\/cs\\\/\",\"logo\":{\"@type\":\"ImageObject\",\"inLanguage\":\"da-DK\",\"@id\":\"https:\\\/\\\/elfvaping.com\\\/cs\\\/#\\\/schema\\\/logo\\\/image\\\/\",\"url\":\"https:\\\/\\\/elfvaping.com\\\/wp-content\\\/uploads\\\/2024\\\/06\\\/elfvaping-logo.webp\",\"contentUrl\":\"https:\\\/\\\/elfvaping.com\\\/wp-content\\\/uploads\\\/2024\\\/06\\\/elfvaping-logo.webp\",\"width\":400,\"height\":111,\"caption\":\"Elf Vaping\"},\"image\":{\"@id\":\"https:\\\/\\\/elfvaping.com\\\/cs\\\/#\\\/schema\\\/logo\\\/image\\\/\"},\"sameAs\":[\"https:\\\/\\\/www.facebook.com\\\/elfvaping\",\"https:\\\/\\\/instagram.com\\\/elfvaping\\\/\"]}]}<\/script>\n<!-- \/ Yoast SEO plugin. -->","yoast_head_json":{"title":"Forsendelsespolitik - Elf Vaping","robots":{"index":"index","follow":"follow","max-snippet":"max-snippet:-1","max-image-preview":"max-image-preview:large","max-video-preview":"max-video-preview:-1"},"canonical":"https:\/\/elfvaping.com\/da\/forsendelsespolitik\/","og_locale":"da_DK","og_type":"article","og_title":"Shipping Policy - Elf Vaping","og_description":"Welcome to elfvaping.com, your trusted destination for disposable vape products. Our Shipping Policy ensures a smooth and efficient delivery process for your orders. Order Processing:All orders are processed within 1-2 business days to expedite shipment. Tracking Information:Every order includes a tracking number, which will be emailed to you once the order is dispatched. Track Your [...]","og_url":"https:\/\/elfvaping.com\/da\/forsendelsespolitik\/","og_site_name":"Elf Vaping","article_publisher":"https:\/\/www.facebook.com\/elfvaping","article_modified_time":"2024-08-05T12:41:36+00:00","twitter_card":"summary_large_image","twitter_misc":{"Estimeret l\u00e6setid":"1 minut"},"schema":{"@context":"https:\/\/schema.org","@graph":[{"@type":"WebPage","@id":"https:\/\/elfvaping.com\/shipping-policy\/","url":"https:\/\/elfvaping.com\/shipping-policy\/","name":"Forsendelsespolitik - Elf Vaping","isPartOf":{"@id":"https:\/\/elfvaping.com\/cs\/#website"},"datePublished":"2024-06-16T02:52:14+00:00","dateModified":"2024-08-05T12:41:36+00:00","breadcrumb":{"@id":"https:\/\/elfvaping.com\/shipping-policy\/#breadcrumb"},"inLanguage":"da-DK","potentialAction":[{"@type":"ReadAction","target":["https:\/\/elfvaping.com\/shipping-policy\/"]}]},{"@type":"BreadcrumbList","@id":"https:\/\/elfvaping.com\/shipping-policy\/#breadcrumb","itemListElement":[{"@type":"ListItem","position":1,"name":"Home","item":"https:\/\/elfvaping.com\/"},{"@type":"ListItem","position":2,"name":"Shipping Policy"}]},{"@type":"WebSite","@id":"https:\/\/elfvaping.com\/cs\/#website","url":"https:\/\/elfvaping.com\/cs\/","name":"Elf Vaping","description":"Bedste engrospriser for engangsvapeprodukter","publisher":{"@id":"https:\/\/elfvaping.com\/cs\/#organization"},"potentialAction":[{"@type":"SearchAction","target":{"@type":"EntryPoint","urlTemplate":"https:\/\/elfvaping.com\/cs\/?s={search_term_string}"},"query-input":{"@type":"PropertyValueSpecification","valueRequired":true,"valueName":"search_term_string"}}],"inLanguage":"da-DK"},{"@type":"Organization","@id":"https:\/\/elfvaping.com\/cs\/#organization","name":"Elf Vaping","url":"https:\/\/elfvaping.com\/cs\/","logo":{"@type":"ImageObject","inLanguage":"da-DK","@id":"https:\/\/elfvaping.com\/cs\/#\/schema\/logo\/image\/","url":"https:\/\/elfvaping.com\/wp-content\/uploads\/2024\/06\/elfvaping-logo.webp","contentUrl":"https:\/\/elfvaping.com\/wp-content\/uploads\/2024\/06\/elfvaping-logo.webp","width":400,"height":111,"caption":"Elf Vaping"},"image":{"@id":"https:\/\/elfvaping.com\/cs\/#\/schema\/logo\/image\/"},"sameAs":["https:\/\/www.facebook.com\/elfvaping","https:\/\/instagram.com\/elfvaping\/"]}]}},"jetpack_sharing_enabled":true,"_links":{"self":[{"href":"https:\/\/elfvaping.com\/da\/wp-json\/wp\/v2\/pages\/1214","targetHints":{"allow":["GET"]}}],"collection":[{"href":"https:\/\/elfvaping.com\/da\/wp-json\/wp\/v2\/pages"}],"about":[{"href":"https:\/\/elfvaping.com\/da\/wp-json\/wp\/v2\/types\/page"}],"author":[{"embeddable":true,"href":"https:\/\/elfvaping.com\/da\/wp-json\/wp\/v2\/users\/1"}],"replies":[{"embeddable":true,"href":"https:\/\/elfvaping.com\/da\/wp-json\/wp\/v2\/comments?post=1214"}],"version-history":[{"count":0,"href":"https:\/\/elfvaping.com\/da\/wp-json\/wp\/v2\/pages\/1214\/revisions"}],"wp:attachment":[{"href":"https:\/\/elfvaping.com\/da\/wp-json\/wp\/v2\/media?parent=1214"}],"curies":[{"name":"wp","href":"https:\/\/api.w.org\/{rel}","templated":true}]}}