{"id":13,"date":"2024-06-16T02:52:33","date_gmt":"2024-06-16T02:52:33","guid":{"rendered":"https:\/\/elfvaping.com\/?page_id=13"},"modified":"2024-09-19T07:48:01","modified_gmt":"2024-09-19T07:48:01","slug":"tilbagebetalings-politik","status":"publish","type":"page","link":"https:\/\/elfvaping.com\/da\/refund-policy\/","title":{"rendered":"Refusionspolitik"},"content":{"rendered":"<p>Tak for at shoppe hos <a href=\"https:\/\/elfvaping.com\/da\/\"><strong>Der er ingen overs\u00e6ttelse for \"ELFVAPING\" da det ikke er et gyldigt ord p\u00e5 engelsk. Hvis du mener noget andet, kan du pr\u00f8ve igen.<\/strong><\/a>. Venligst gennemg\u00e5 vores returpolitik omhyggeligt:<\/p>\n<h3><strong>Refusionspolitik<\/strong><\/h3>\n<h3>Returforesp\u00f8rgsler inden for 24 timer<\/h3>\n<p>Du kan anmode om en fuld tilbagebetaling inden for 24 timer efter at have placeret din ordre. Hvis du \u00f8nsker at annullere din ordre, skal du venligst kontakte vores kundesupportteam s\u00e5 hurtigt som muligt, og vi vil behandle din fulde tilbagebetaling.<\/p>\n<h3>Returkrevester efter 24 timer<\/h3>\n<p>Bestillinger, der er placeret for mere end 24 timer siden, kan ikke refunderes fuldt ud. Efter denne periode er pakken typisk forberedt og sendt til tolden, hvilket g\u00f8r den uelig til en fuld refusion.<\/p>\n<h3>Delvis Refusion for Sene Anmodninger<\/h3>\n<p>For returanforesp\u00f8rgsler, der er foretaget efter 24 timer efter bestillingen er placeret, kan vi kun tilbyde en delvis refusion p\u00e5 op til 50% af bestillingsbel\u00f8bet. Dette skyldes de omkostninger, der er forbundet med at tilbagekalde pakken fra toldv\u00e6senet.<\/p>\n<h3>Ingen retur efter forsendelse<\/h3>\n<p>N\u00e5r pakken er blevet sendt og du har modtaget sporingsnummeret, vil du ikke l\u00e6ngere v\u00e6re berettiget til en tilbagebetaling.<\/p>\n<h3>Forsikrings- og toldsp\u00f8rgsm\u00e5l<\/h3>\n<p>Alle vores pakker er forsikrede. Hvis din pakke tilbageholdes af toldv\u00e6senet og ikke frig\u00f8res, vil vi udstede en fuld tilbagebetaling.<\/p>\n<h3>Forkert Adresse eller Leveringsproblemer<\/h3>\n<p>Hvis en pakke ikke kan leveres p\u00e5 grund af en forkert adresse angivet af kunden eller andre problemer for\u00e5rsaget af kunden, vil kunden v\u00e6re ansvarlig for omkostningerne ved at gensende pakken.<\/p>\n<h3>Kontakt os<\/h3>\n<p>Hvis du har sp\u00f8rgsm\u00e5l eller bekymringer omkring vores returpolitik, kontakt venligst vores kundest\u00f8tte team:<\/p>\n<ul>\n<li><strong>E-mail<\/strong>: <a rel=\"noopener\">info@elfvaping.com<\/a><\/li>\n<\/ul>\n<p>Vi er dedikerede til at levere fremragende service til dig. Tak for din forst\u00e5else og st\u00f8tte!<\/p>","protected":false},"excerpt":{"rendered":"<p>Thank you for shopping with ELFVAPING. Please review our refund policy carefully: Refund Policy Refund Requests Within 24 Hours You may request a full refund within 24 hours of placing your order. If you wish to cancel your order, please contact our customer support team as soon as possible, and we will process your full [&#8230;]\n","protected":false},"author":1,"featured_media":0,"parent":0,"menu_order":0,"comment_status":"closed","ping_status":"closed","template":"page-blank-title-center.php","meta":{"_lmt_disableupdate":"","_lmt_disable":"","jetpack_post_was_ever_published":false,"footnotes":""},"class_list":["post-13","page","type-page","status-publish","hentry"],"yoast_head":"<!-- This site is optimized with the Yoast SEO plugin v27.4 - https:\/\/yoast.com\/product\/yoast-seo-wordpress\/ -->\n<title>Refund Policy - Elf Vaping<\/title>\n<meta name=\"robots\" content=\"index, follow, max-snippet:-1, max-image-preview:large, max-video-preview:-1\" \/>\n<link rel=\"canonical\" href=\"https:\/\/elfvaping.com\/da\/tilbagebetalings-politik\/\" \/>\n<meta property=\"og:locale\" content=\"da_DK\" \/>\n<meta property=\"og:type\" content=\"article\" \/>\n<meta property=\"og:title\" content=\"Refund Policy - Elf Vaping\" \/>\n<meta property=\"og:description\" content=\"Thank you for shopping with ELFVAPING. Please review our refund policy carefully: Refund Policy Refund Requests Within 24 Hours You may request a full refund within 24 hours of placing your order. If you wish to cancel your order, please contact our customer support team as soon as possible, and we will process your full [...]\" \/>\n<meta property=\"og:url\" content=\"https:\/\/elfvaping.com\/da\/tilbagebetalings-politik\/\" \/>\n<meta property=\"og:site_name\" content=\"Elf Vaping\" \/>\n<meta property=\"article:publisher\" content=\"https:\/\/www.facebook.com\/elfvaping\" \/>\n<meta property=\"article:modified_time\" content=\"2024-09-19T07:48:01+00:00\" \/>\n<meta name=\"twitter:card\" content=\"summary_large_image\" \/>\n<meta name=\"twitter:label1\" content=\"Estimeret l\u00e6setid\" \/>\n\t<meta name=\"twitter:data1\" content=\"1 minut\" \/>\n<script type=\"application\/ld+json\" class=\"yoast-schema-graph\">{\"@context\":\"https:\\\/\\\/schema.org\",\"@graph\":[{\"@type\":\"WebPage\",\"@id\":\"https:\\\/\\\/elfvaping.com\\\/refund-policy\\\/\",\"url\":\"https:\\\/\\\/elfvaping.com\\\/refund-policy\\\/\",\"name\":\"Refund Policy - Elf Vaping\",\"isPartOf\":{\"@id\":\"https:\\\/\\\/elfvaping.com\\\/cs\\\/#website\"},\"datePublished\":\"2024-06-16T02:52:33+00:00\",\"dateModified\":\"2024-09-19T07:48:01+00:00\",\"breadcrumb\":{\"@id\":\"https:\\\/\\\/elfvaping.com\\\/refund-policy\\\/#breadcrumb\"},\"inLanguage\":\"da-DK\",\"potentialAction\":[{\"@type\":\"ReadAction\",\"target\":[\"https:\\\/\\\/elfvaping.com\\\/refund-policy\\\/\"]}]},{\"@type\":\"BreadcrumbList\",\"@id\":\"https:\\\/\\\/elfvaping.com\\\/refund-policy\\\/#breadcrumb\",\"itemListElement\":[{\"@type\":\"ListItem\",\"position\":1,\"name\":\"Home\",\"item\":\"https:\\\/\\\/elfvaping.com\\\/\"},{\"@type\":\"ListItem\",\"position\":2,\"name\":\"Refund Policy\"}]},{\"@type\":\"WebSite\",\"@id\":\"https:\\\/\\\/elfvaping.com\\\/cs\\\/#website\",\"url\":\"https:\\\/\\\/elfvaping.com\\\/cs\\\/\",\"name\":\"Elf Vaping\",\"description\":\"Best Wholesale Prices for Disposable Vapes\",\"publisher\":{\"@id\":\"https:\\\/\\\/elfvaping.com\\\/cs\\\/#organization\"},\"potentialAction\":[{\"@type\":\"SearchAction\",\"target\":{\"@type\":\"EntryPoint\",\"urlTemplate\":\"https:\\\/\\\/elfvaping.com\\\/cs\\\/?s={search_term_string}\"},\"query-input\":{\"@type\":\"PropertyValueSpecification\",\"valueRequired\":true,\"valueName\":\"search_term_string\"}}],\"inLanguage\":\"da-DK\"},{\"@type\":\"Organization\",\"@id\":\"https:\\\/\\\/elfvaping.com\\\/cs\\\/#organization\",\"name\":\"Elf Vaping\",\"url\":\"https:\\\/\\\/elfvaping.com\\\/cs\\\/\",\"logo\":{\"@type\":\"ImageObject\",\"inLanguage\":\"da-DK\",\"@id\":\"https:\\\/\\\/elfvaping.com\\\/cs\\\/#\\\/schema\\\/logo\\\/image\\\/\",\"url\":\"https:\\\/\\\/elfvaping.com\\\/wp-content\\\/uploads\\\/2024\\\/06\\\/elfvaping-logo.webp\",\"contentUrl\":\"https:\\\/\\\/elfvaping.com\\\/wp-content\\\/uploads\\\/2024\\\/06\\\/elfvaping-logo.webp\",\"width\":400,\"height\":111,\"caption\":\"Elf Vaping\"},\"image\":{\"@id\":\"https:\\\/\\\/elfvaping.com\\\/cs\\\/#\\\/schema\\\/logo\\\/image\\\/\"},\"sameAs\":[\"https:\\\/\\\/www.facebook.com\\\/elfvaping\",\"https:\\\/\\\/instagram.com\\\/elfvaping\\\/\"]}]}<\/script>\n<!-- \/ Yoast SEO plugin. -->","yoast_head_json":{"title":"Returfodsret - Elf Vaping","robots":{"index":"index","follow":"follow","max-snippet":"max-snippet:-1","max-image-preview":"max-image-preview:large","max-video-preview":"max-video-preview:-1"},"canonical":"https:\/\/elfvaping.com\/da\/tilbagebetalings-politik\/","og_locale":"da_DK","og_type":"article","og_title":"Refund Policy - Elf Vaping","og_description":"Thank you for shopping with ELFVAPING. Please review our refund policy carefully: Refund Policy Refund Requests Within 24 Hours You may request a full refund within 24 hours of placing your order. If you wish to cancel your order, please contact our customer support team as soon as possible, and we will process your full [...]","og_url":"https:\/\/elfvaping.com\/da\/tilbagebetalings-politik\/","og_site_name":"Elf Vaping","article_publisher":"https:\/\/www.facebook.com\/elfvaping","article_modified_time":"2024-09-19T07:48:01+00:00","twitter_card":"summary_large_image","twitter_misc":{"Estimeret l\u00e6setid":"1 minut"},"schema":{"@context":"https:\/\/schema.org","@graph":[{"@type":"WebPage","@id":"https:\/\/elfvaping.com\/refund-policy\/","url":"https:\/\/elfvaping.com\/refund-policy\/","name":"Returfodsret - Elf Vaping","isPartOf":{"@id":"https:\/\/elfvaping.com\/cs\/#website"},"datePublished":"2024-06-16T02:52:33+00:00","dateModified":"2024-09-19T07:48:01+00:00","breadcrumb":{"@id":"https:\/\/elfvaping.com\/refund-policy\/#breadcrumb"},"inLanguage":"da-DK","potentialAction":[{"@type":"ReadAction","target":["https:\/\/elfvaping.com\/refund-policy\/"]}]},{"@type":"BreadcrumbList","@id":"https:\/\/elfvaping.com\/refund-policy\/#breadcrumb","itemListElement":[{"@type":"ListItem","position":1,"name":"Home","item":"https:\/\/elfvaping.com\/"},{"@type":"ListItem","position":2,"name":"Refund Policy"}]},{"@type":"WebSite","@id":"https:\/\/elfvaping.com\/cs\/#website","url":"https:\/\/elfvaping.com\/cs\/","name":"Elf Vaping","description":"Bedste engrospriser for engangsvapeprodukter","publisher":{"@id":"https:\/\/elfvaping.com\/cs\/#organization"},"potentialAction":[{"@type":"SearchAction","target":{"@type":"EntryPoint","urlTemplate":"https:\/\/elfvaping.com\/cs\/?s={search_term_string}"},"query-input":{"@type":"PropertyValueSpecification","valueRequired":true,"valueName":"search_term_string"}}],"inLanguage":"da-DK"},{"@type":"Organization","@id":"https:\/\/elfvaping.com\/cs\/#organization","name":"Elf Vaping","url":"https:\/\/elfvaping.com\/cs\/","logo":{"@type":"ImageObject","inLanguage":"da-DK","@id":"https:\/\/elfvaping.com\/cs\/#\/schema\/logo\/image\/","url":"https:\/\/elfvaping.com\/wp-content\/uploads\/2024\/06\/elfvaping-logo.webp","contentUrl":"https:\/\/elfvaping.com\/wp-content\/uploads\/2024\/06\/elfvaping-logo.webp","width":400,"height":111,"caption":"Elf Vaping"},"image":{"@id":"https:\/\/elfvaping.com\/cs\/#\/schema\/logo\/image\/"},"sameAs":["https:\/\/www.facebook.com\/elfvaping","https:\/\/instagram.com\/elfvaping\/"]}]}},"jetpack_sharing_enabled":true,"_links":{"self":[{"href":"https:\/\/elfvaping.com\/da\/wp-json\/wp\/v2\/pages\/13","targetHints":{"allow":["GET"]}}],"collection":[{"href":"https:\/\/elfvaping.com\/da\/wp-json\/wp\/v2\/pages"}],"about":[{"href":"https:\/\/elfvaping.com\/da\/wp-json\/wp\/v2\/types\/page"}],"author":[{"embeddable":true,"href":"https:\/\/elfvaping.com\/da\/wp-json\/wp\/v2\/users\/1"}],"replies":[{"embeddable":true,"href":"https:\/\/elfvaping.com\/da\/wp-json\/wp\/v2\/comments?post=13"}],"version-history":[{"count":0,"href":"https:\/\/elfvaping.com\/da\/wp-json\/wp\/v2\/pages\/13\/revisions"}],"wp:attachment":[{"href":"https:\/\/elfvaping.com\/da\/wp-json\/wp\/v2\/media?parent=13"}],"curies":[{"name":"wp","href":"https:\/\/api.w.org\/{rel}","templated":true}]}}