{"id":585,"date":"2024-06-16T02:49:40","date_gmt":"2024-06-16T02:49:40","guid":{"rendered":"https:\/\/elfvaping.com\/?page_id=585"},"modified":"2026-02-24T03:31:26","modified_gmt":"2026-02-24T03:31:26","slug":"cookies-politik","status":"publish","type":"page","link":"https:\/\/elfvaping.com\/da\/cookies-policy\/","title":{"rendered":"Cookiepolitik"},"content":{"rendered":"<p>Sidst opdateret: 26. april 2024<\/p>\n<p>Denne Cookiepolitik beskriver brugen af cookies p\u00e5 vores hjemmeside, elfvaping.com. Ved at g\u00f8re dig bekendt med denne politik f\u00e5r du indsigt i de typer cookies, vi anvender, de oplysninger, der indsamles gennem cookies, og hvordan disse oplysninger anvendes. Denne politik er blevet udarbejdet med hj\u00e6lp fra Cookiepolitikgeneratoren.<\/p>\n<p>Cookies indeholder normalt ikke informationer, der direkte identificerer en bruger. Personlige oplysninger, der er lagret om dig, kan dog v\u00e6re associeret med de oplysninger, der er lagret i og udledt fra cookies. For omfattende detaljer om, hvordan vi anvender, opbevarer og sikrer dine personlige data, henvises der til vores privatlivspolitik.<\/p>\n<p>F\u00f8lsomme personlige oplysninger, s\u00e5som postadresser eller kontopasseringer, gemmes ikke i de cookies, vi anvender.<\/p>\n<p>Fortolkning og Definitioner<\/p>\n<p>Fortolkning Begreber med store initialbogstaver har specifikke betydninger under f\u00f8lgende betingelser. Disse definitioner anvender uanset om de fremkommer i ental eller flertal.<\/p>\n<p>Definitioner Til brug for denne Cookies-politik:<\/p>\n<p>Virksomhed (henvist til som enten \u201cVirksomheden\u201d, \u201cVi\u201d, \u201cOs\u201d eller \u201cVores\u201d i denne Cookiepolitik) refererer til elfvaping.com. Cookies er sm\u00e5 filer, der placeres p\u00e5 din computer, mobilenhed eller enhver anden enhed af en hjemmeside, indeholdende detaljer om din browserhistorik p\u00e5 denne hjemmeside, blandt deres forskellige anvendelser. Hjemmeside betegner elfvaping.com, tilg\u00e6ngelig fra <a href=\"https:\/\/elfvaping.com\/da\/\" target=\"_new\" rel=\"noopener\">https:\/\/elfvaping.com\/<\/a> Du betegner den enkelte, der f\u00e5r adgang til eller anvender hjemmesiden, eller et selskab eller enhver juridisk enhed p\u00e5 vegne af hvilken s\u00e5dan enkeltperson f\u00e5r adgang til eller anvender hjemmesiden, alt efter hvad der er relevant. Brugen af cookies<\/p>\n<p>Typer af cookies, vi anvender Cookies kan kategoriseres som \u201cVarige\u201d eller \u201cSession\u201d Cookies. Varige Cookies forbliver p\u00e5 din personlige computer eller mobilenhed selv n\u00e5r du er offline, mens Session Cookies slettes s\u00e5 snart du lukker din webbrowser.<\/p>\n<p>Vi anvender b\u00e5de session- og permanente Cookies til f\u00f8lgende form\u00e5l:<\/p>\n<p>N\u00f8dvendige \/ Oplysningscookies<\/p>\n<p>Type: Sessionscookies<\/p>\n<p>Administreret af: Os<\/p>\n<p>Form\u00e5l: Disse cookies er uundv\u00e6rlige for at tilbyde dig tjenester, der er tilg\u00e6ngelige gennem hjemmesiden, og for at g\u00f8re det muligt for dig at bruge nogle af dens funktioner. De hj\u00e6lper med brugerauthentificering og forhindrer svigagtig brug af brugerkonti. Uden disse cookies kan de tjenester, du har anmodet om, ikke leveres, og vi anvender kun disse cookies til at tilbyde dig n\u00e6vnte tjenester.<\/p>\n<p>Funktionalitet Cookies<\/p>\n<p>Type: Varige Cookies<\/p>\n<p>Administreret af: Os<\/p>\n<p>Form\u00e5l: Disse cookies g\u00f8r det muligt for os at huske de valg, du tr\u00e6ffer, mens du bruger hjemmesiden, s\u00e5som at gemme dine login-oplysninger eller sprogpr\u00e6ference. Form\u00e5let med disse cookies er at levere en mere personlig oplevelse og undg\u00e5, at du skal indtaste dine pr\u00e6ferencer igen hver gang, du bruger hjemmesiden.<\/p>\n<p>Dine valg vedr\u00f8rende cookies Hvis du v\u00e6lger at afst\u00e5 fra brugen af cookies p\u00e5 websitet, skal du f\u00f8rst deaktivere brugen af cookies i din browser og derefter slette de cookies, der er gemt i din browser og er associeret med dette websted. Du har mulighed for at anvende denne metode til at forhindre brugen af cookies til enhver tid.<\/p>\n<p>Hvis du afviser vores cookies, kan du m\u00f8de ubelejligheder i din brug af hjemmesiden, og visse funktioner m\u00e5ske ikke fungerer optimalt.<\/p>\n<p>Hvis du \u00f8nsker at slette Cookies eller instruere din webbrowser til at fjerne eller afvise Cookies, skal du venligst l\u00e6se hj\u00e6lpesiderne p\u00e5 din webbrowser.<\/p>\n<p>For Chrome-webbrowseren, bes\u00f8g venligst denne side fra Google: <a href=\"https:\/\/support.google.com\/accounts\/answer\/32050\" rel=\"nofollow\">https:\/\/support.google.com\/accounts\/answer\/32050<\/a><\/p>\n<p>For Internet Explorer-webbrowseren, bes\u00f8g venligst denne side fra Microsoft: <a href=\"http:\/\/support.microsoft.com\/kb\/278835\" rel=\"nofollow\">http:\/\/support.microsoft.com\/kb\/278835<\/a><\/p>\n<p>Til Firefox-webbrowseren, bes\u00f8g venligst denne side fra Mozilla: <a href=\"https:\/\/support.mozilla.org\/en-US\/kb\/delete-cookies-remove-info-websites-stored\" rel=\"nofollow\">https:\/\/support.mozilla.org\/en-US\/kb\/delete-cookies-remove-info-websites-stored<\/a><\/p>\n<p>For Safari-webbrowseren, bes\u00f8g venligst denne side fra Apple: <a href=\"https:\/\/support.apple.com\/guide\/safari\/manage-cookies-and-website-data-sfri11471\/mac\" rel=\"nofollow\">https:\/\/support.apple.com\/guide\/safari\/manage-cookies-and-website-data-sfri11471\/mac<\/a><\/p>\n<p>For andre web browsere, se venligst din web browsers officielle web sider.<\/p>\n<p>Mere information om cookies For at dykke dybere ned i emnet cookies kan du bes\u00f8ge Alt om cookies af TermsFeed.<\/p>\n<p>Kontakt os Hvis du har nogen foresp\u00f8rgsler om denne Cookies-politik, kan du gerne kontakte os:<\/p>\n<p>Per e-mail: <a target=\"_new\" rel=\"noopener\">info@elfvaping.com<\/a><\/p>","protected":false},"excerpt":{"rendered":"<p>Last updated: April 26, 2024 This Cookies Policy delineates the utilization of Cookies on our website, elfvaping.com. Familiarizing yourself with this policy will provide insight into the types of Cookies we utilize, the information garnered through Cookies, and its subsequent application. This policy has been crafted with the aid of the Cookies Policy Generator. Cookies [&#8230;]\n","protected":false},"author":1,"featured_media":0,"parent":0,"menu_order":0,"comment_status":"closed","ping_status":"closed","template":"page-blank-title-center.php","meta":{"_lmt_disableupdate":"no","_lmt_disable":"","footnotes":""},"class_list":["post-585","page","type-page","status-publish","hentry"],"yoast_head":"<!-- This site is optimized with the Yoast SEO plugin v27.6 - https:\/\/yoast.com\/product\/yoast-seo-wordpress\/ -->\n<title>Cookies Policy - Elf Vaping<\/title>\n<meta name=\"robots\" content=\"index, follow, max-snippet:-1, max-image-preview:large, max-video-preview:-1\" \/>\n<link rel=\"canonical\" href=\"https:\/\/elfvaping.com\/da\/cookies-politik\/\" \/>\n<meta property=\"og:locale\" content=\"da_DK\" \/>\n<meta property=\"og:type\" content=\"article\" \/>\n<meta property=\"og:title\" content=\"Cookies Policy - Elf Vaping\" \/>\n<meta property=\"og:description\" content=\"Last updated: April 26, 2024 This Cookies Policy delineates the utilization of Cookies on our website, elfvaping.com. Familiarizing yourself with this policy will provide insight into the types of Cookies we utilize, the information garnered through Cookies, and its subsequent application. This policy has been crafted with the aid of the Cookies Policy Generator. Cookies [...]\" \/>\n<meta property=\"og:url\" content=\"https:\/\/elfvaping.com\/da\/cookies-politik\/\" \/>\n<meta property=\"og:site_name\" content=\"Elf Vaping\" \/>\n<meta property=\"article:publisher\" content=\"https:\/\/www.facebook.com\/elfvaping\" \/>\n<meta property=\"article:modified_time\" content=\"2026-02-24T03:31:26+00:00\" \/>\n<meta name=\"twitter:card\" content=\"summary_large_image\" \/>\n<meta name=\"twitter:label1\" content=\"Estimeret l\u00e6setid\" \/>\n\t<meta name=\"twitter:data1\" content=\"3 minutter\" \/>\n<script type=\"application\/ld+json\" class=\"yoast-schema-graph\">{\"@context\":\"https:\\\/\\\/schema.org\",\"@graph\":[{\"@type\":\"WebPage\",\"@id\":\"https:\\\/\\\/elfvaping.com\\\/cookies-policy\\\/\",\"url\":\"https:\\\/\\\/elfvaping.com\\\/cookies-policy\\\/\",\"name\":\"Cookies Policy - Elf Vaping\",\"isPartOf\":{\"@id\":\"https:\\\/\\\/elfvaping.com\\\/cs\\\/#website\"},\"datePublished\":\"2024-06-16T02:49:40+00:00\",\"dateModified\":\"2026-02-24T03:31:26+00:00\",\"breadcrumb\":{\"@id\":\"https:\\\/\\\/elfvaping.com\\\/cookies-policy\\\/#breadcrumb\"},\"inLanguage\":\"da-DK\",\"potentialAction\":[{\"@type\":\"ReadAction\",\"target\":[\"https:\\\/\\\/elfvaping.com\\\/cookies-policy\\\/\"]}]},{\"@type\":\"BreadcrumbList\",\"@id\":\"https:\\\/\\\/elfvaping.com\\\/cookies-policy\\\/#breadcrumb\",\"itemListElement\":[{\"@type\":\"ListItem\",\"position\":1,\"name\":\"Home\",\"item\":\"https:\\\/\\\/elfvaping.com\\\/\"},{\"@type\":\"ListItem\",\"position\":2,\"name\":\"Cookies Policy\"}]},{\"@type\":\"WebSite\",\"@id\":\"https:\\\/\\\/elfvaping.com\\\/cs\\\/#website\",\"url\":\"https:\\\/\\\/elfvaping.com\\\/cs\\\/\",\"name\":\"Elf Vaping\",\"description\":\"Best Wholesale Prices for Disposable Vapes\",\"publisher\":{\"@id\":\"https:\\\/\\\/elfvaping.com\\\/cs\\\/#organization\"},\"potentialAction\":[{\"@type\":\"SearchAction\",\"target\":{\"@type\":\"EntryPoint\",\"urlTemplate\":\"https:\\\/\\\/elfvaping.com\\\/cs\\\/?s={search_term_string}\"},\"query-input\":{\"@type\":\"PropertyValueSpecification\",\"valueRequired\":true,\"valueName\":\"search_term_string\"}}],\"inLanguage\":\"da-DK\"},{\"@type\":\"Organization\",\"@id\":\"https:\\\/\\\/elfvaping.com\\\/cs\\\/#organization\",\"name\":\"Elf Vaping\",\"url\":\"https:\\\/\\\/elfvaping.com\\\/cs\\\/\",\"logo\":{\"@type\":\"ImageObject\",\"inLanguage\":\"da-DK\",\"@id\":\"https:\\\/\\\/elfvaping.com\\\/cs\\\/#\\\/schema\\\/logo\\\/image\\\/\",\"url\":\"https:\\\/\\\/elfvaping.com\\\/wp-content\\\/uploads\\\/2024\\\/06\\\/elfvaping-logo.webp\",\"contentUrl\":\"https:\\\/\\\/elfvaping.com\\\/wp-content\\\/uploads\\\/2024\\\/06\\\/elfvaping-logo.webp\",\"width\":400,\"height\":111,\"caption\":\"Elf Vaping\"},\"image\":{\"@id\":\"https:\\\/\\\/elfvaping.com\\\/cs\\\/#\\\/schema\\\/logo\\\/image\\\/\"},\"sameAs\":[\"https:\\\/\\\/www.facebook.com\\\/elfvaping\",\"https:\\\/\\\/instagram.com\\\/elfvaping\\\/\"]}]}<\/script>\n<!-- \/ Yoast SEO plugin. -->","yoast_head_json":{"title":"Cookiepolitik - Elf Vaping","robots":{"index":"index","follow":"follow","max-snippet":"max-snippet:-1","max-image-preview":"max-image-preview:large","max-video-preview":"max-video-preview:-1"},"canonical":"https:\/\/elfvaping.com\/da\/cookies-politik\/","og_locale":"da_DK","og_type":"article","og_title":"Cookies Policy - Elf Vaping","og_description":"Last updated: April 26, 2024 This Cookies Policy delineates the utilization of Cookies on our website, elfvaping.com. Familiarizing yourself with this policy will provide insight into the types of Cookies we utilize, the information garnered through Cookies, and its subsequent application. This policy has been crafted with the aid of the Cookies Policy Generator. Cookies [...]","og_url":"https:\/\/elfvaping.com\/da\/cookies-politik\/","og_site_name":"Elf Vaping","article_publisher":"https:\/\/www.facebook.com\/elfvaping","article_modified_time":"2026-02-24T03:31:26+00:00","twitter_card":"summary_large_image","twitter_misc":{"Estimeret l\u00e6setid":"3 minutter"},"schema":{"@context":"https:\/\/schema.org","@graph":[{"@type":"WebPage","@id":"https:\/\/elfvaping.com\/cookies-policy\/","url":"https:\/\/elfvaping.com\/cookies-policy\/","name":"Cookiepolitik - Elf Vaping","isPartOf":{"@id":"https:\/\/elfvaping.com\/cs\/#website"},"datePublished":"2024-06-16T02:49:40+00:00","dateModified":"2026-02-24T03:31:26+00:00","breadcrumb":{"@id":"https:\/\/elfvaping.com\/cookies-policy\/#breadcrumb"},"inLanguage":"da-DK","potentialAction":[{"@type":"ReadAction","target":["https:\/\/elfvaping.com\/cookies-policy\/"]}]},{"@type":"BreadcrumbList","@id":"https:\/\/elfvaping.com\/cookies-policy\/#breadcrumb","itemListElement":[{"@type":"ListItem","position":1,"name":"Home","item":"https:\/\/elfvaping.com\/"},{"@type":"ListItem","position":2,"name":"Cookies Policy"}]},{"@type":"WebSite","@id":"https:\/\/elfvaping.com\/cs\/#website","url":"https:\/\/elfvaping.com\/cs\/","name":"Elf Vaping","description":"Bedste engrospriser for engangsvapeprodukter","publisher":{"@id":"https:\/\/elfvaping.com\/cs\/#organization"},"potentialAction":[{"@type":"SearchAction","target":{"@type":"EntryPoint","urlTemplate":"https:\/\/elfvaping.com\/cs\/?s={search_term_string}"},"query-input":{"@type":"PropertyValueSpecification","valueRequired":true,"valueName":"search_term_string"}}],"inLanguage":"da-DK"},{"@type":"Organization","@id":"https:\/\/elfvaping.com\/cs\/#organization","name":"Elf Vaping","url":"https:\/\/elfvaping.com\/cs\/","logo":{"@type":"ImageObject","inLanguage":"da-DK","@id":"https:\/\/elfvaping.com\/cs\/#\/schema\/logo\/image\/","url":"https:\/\/elfvaping.com\/wp-content\/uploads\/2024\/06\/elfvaping-logo.webp","contentUrl":"https:\/\/elfvaping.com\/wp-content\/uploads\/2024\/06\/elfvaping-logo.webp","width":400,"height":111,"caption":"Elf Vaping"},"image":{"@id":"https:\/\/elfvaping.com\/cs\/#\/schema\/logo\/image\/"},"sameAs":["https:\/\/www.facebook.com\/elfvaping","https:\/\/instagram.com\/elfvaping\/"]}]}},"jetpack_sharing_enabled":true,"_links":{"self":[{"href":"https:\/\/elfvaping.com\/da\/wp-json\/wp\/v2\/pages\/585","targetHints":{"allow":["GET"]}}],"collection":[{"href":"https:\/\/elfvaping.com\/da\/wp-json\/wp\/v2\/pages"}],"about":[{"href":"https:\/\/elfvaping.com\/da\/wp-json\/wp\/v2\/types\/page"}],"author":[{"embeddable":true,"href":"https:\/\/elfvaping.com\/da\/wp-json\/wp\/v2\/users\/1"}],"replies":[{"embeddable":true,"href":"https:\/\/elfvaping.com\/da\/wp-json\/wp\/v2\/comments?post=585"}],"version-history":[{"count":0,"href":"https:\/\/elfvaping.com\/da\/wp-json\/wp\/v2\/pages\/585\/revisions"}],"wp:attachment":[{"href":"https:\/\/elfvaping.com\/da\/wp-json\/wp\/v2\/media?parent=585"}],"curies":[{"name":"wp","href":"https:\/\/api.w.org\/{rel}","templated":true}]}}