{"id":813,"date":"2024-06-16T02:50:34","date_gmt":"2024-06-16T02:50:34","guid":{"rendered":"https:\/\/elfvaping.com\/?page_id=813"},"modified":"2024-08-05T12:42:22","modified_gmt":"2024-08-05T12:42:22","slug":"alderspolitik","status":"publish","type":"page","link":"https:\/\/elfvaping.com\/da\/age-policy\/","title":{"rendered":"Elf-vaping alderspolitik"},"content":{"rendered":"<p>P\u00e5 Elfvaping f\u00f8lger vi strenge procedurer for aldersverificering for at sikre overholdelse af lovkrav om salg af elektroniske cigaretprodukter. Det er bydende n\u00f8dvendigt, at alle kunder opfylder den mindste lovlige ryggealder, som er 21 \u00e5r i USA, for at kunne foretage k\u00f8b p\u00e5 vores hjemmeside.<\/p>\n<p>Forfalskning af alder er ulovligt og kan f\u00f8re til alvorlige juridiske konsekvenser. Vi tolererer ikke fors\u00f8g p\u00e5 at give falske oplysninger om alder under k\u00f8bsprocessen.<\/p>\n<p>Vi forbyder strengt k\u00f8b af vores produkter til mindre\u00e5rige. Enhver, der opdages i at k\u00f8be p\u00e5 vegne af mindre\u00e5rige, vil m\u00f8de juridiske konsekvenser.<\/p>\n<p>Vores proces til aldersverificering indeb\u00e6rer indsamling af personlige oplysninger s\u00e5som navn, adresse, f\u00f8dselsdato og de sidste fire cifre af dit personnummer. Disse oplysninger krydsrefereres med offentlige registre for at verificere din alder. Hvis oplysninger om personnummer ikke kan leveres, skal kunder uploade en af myndighederne udstedt ID til verificering.<\/p>\n<p>Som en del af vores forpligtelse til at forhindre salg til mindre\u00e5rige personer forbeholder vi os ret til at afvise eller annullere ordrer, hvis der ikke kan freml\u00e6gges en ordentlig identifikation straks.<\/p>\n<p>Vi er dedikerede til forebyggelse blandt unge og anvender robuste aldersverificeringssystemer for at opretholde dette l\u00f8fte. Hvis kunder imidlertid f\u00f8ler, at et afslag p\u00e5 service var uberettiget, er de velkommen til at kontakte vores kundeserviceteam for assistance.<\/p>\n<p>Vores hjemmeside viser tydeligt en indholdsadvarsel om elektroniske cigaretter og understreger n\u00f8dvendigheden af at v\u00e6re mindst 21 \u00e5r gammel i USA for at foretage k\u00f8b. Dette tjener som en p\u00e5mindelse om de juridiske krav og vores dedikation til overholdelse.<\/p>","protected":false},"excerpt":{"rendered":"<p>At Elfvaping, we adhere to strict age verification procedures to ensure compliance with legal requirements regarding the sale of electronic cigarette products. It is imperative that all customers meet the minimum legal smoking age, which is 21 years old in the United States, to make purchases from our website. Falsification of age is unlawful and [&#8230;]\n","protected":false},"author":1,"featured_media":0,"parent":0,"menu_order":0,"comment_status":"closed","ping_status":"closed","template":"page-blank-title-center.php","meta":{"_lmt_disableupdate":"","_lmt_disable":"","footnotes":""},"class_list":["post-813","page","type-page","status-publish","hentry"],"yoast_head":"<!-- This site is optimized with the Yoast SEO plugin v27.6 - https:\/\/yoast.com\/product\/yoast-seo-wordpress\/ -->\n<title>Elfvaping Age Policy - Elf Vaping<\/title>\n<meta name=\"robots\" content=\"index, follow, max-snippet:-1, max-image-preview:large, max-video-preview:-1\" \/>\n<link rel=\"canonical\" href=\"https:\/\/elfvaping.com\/da\/alderspolitik\/\" \/>\n<meta property=\"og:locale\" content=\"da_DK\" \/>\n<meta property=\"og:type\" content=\"article\" \/>\n<meta property=\"og:title\" content=\"Elfvaping Age Policy - Elf Vaping\" \/>\n<meta property=\"og:description\" content=\"At Elfvaping, we adhere to strict age verification procedures to ensure compliance with legal requirements regarding the sale of electronic cigarette products. It is imperative that all customers meet the minimum legal smoking age, which is 21 years old in the United States, to make purchases from our website. Falsification of age is unlawful and [...]\" \/>\n<meta property=\"og:url\" content=\"https:\/\/elfvaping.com\/da\/alderspolitik\/\" \/>\n<meta property=\"og:site_name\" content=\"Elf Vaping\" \/>\n<meta property=\"article:publisher\" content=\"https:\/\/www.facebook.com\/elfvaping\" \/>\n<meta property=\"article:modified_time\" content=\"2024-08-05T12:42:22+00:00\" \/>\n<meta name=\"twitter:card\" content=\"summary_large_image\" \/>\n<meta name=\"twitter:label1\" content=\"Estimeret l\u00e6setid\" \/>\n\t<meta name=\"twitter:data1\" content=\"1 minut\" \/>\n<script type=\"application\/ld+json\" class=\"yoast-schema-graph\">{\"@context\":\"https:\\\/\\\/schema.org\",\"@graph\":[{\"@type\":\"WebPage\",\"@id\":\"https:\\\/\\\/elfvaping.com\\\/age-policy\\\/\",\"url\":\"https:\\\/\\\/elfvaping.com\\\/age-policy\\\/\",\"name\":\"Elfvaping Age Policy - Elf Vaping\",\"isPartOf\":{\"@id\":\"https:\\\/\\\/elfvaping.com\\\/cs\\\/#website\"},\"datePublished\":\"2024-06-16T02:50:34+00:00\",\"dateModified\":\"2024-08-05T12:42:22+00:00\",\"breadcrumb\":{\"@id\":\"https:\\\/\\\/elfvaping.com\\\/age-policy\\\/#breadcrumb\"},\"inLanguage\":\"da-DK\",\"potentialAction\":[{\"@type\":\"ReadAction\",\"target\":[\"https:\\\/\\\/elfvaping.com\\\/age-policy\\\/\"]}]},{\"@type\":\"BreadcrumbList\",\"@id\":\"https:\\\/\\\/elfvaping.com\\\/age-policy\\\/#breadcrumb\",\"itemListElement\":[{\"@type\":\"ListItem\",\"position\":1,\"name\":\"Home\",\"item\":\"https:\\\/\\\/elfvaping.com\\\/\"},{\"@type\":\"ListItem\",\"position\":2,\"name\":\"Elfvaping Age Policy\"}]},{\"@type\":\"WebSite\",\"@id\":\"https:\\\/\\\/elfvaping.com\\\/cs\\\/#website\",\"url\":\"https:\\\/\\\/elfvaping.com\\\/cs\\\/\",\"name\":\"Elf Vaping\",\"description\":\"Best Wholesale Prices for Disposable Vapes\",\"publisher\":{\"@id\":\"https:\\\/\\\/elfvaping.com\\\/cs\\\/#organization\"},\"potentialAction\":[{\"@type\":\"SearchAction\",\"target\":{\"@type\":\"EntryPoint\",\"urlTemplate\":\"https:\\\/\\\/elfvaping.com\\\/cs\\\/?s={search_term_string}\"},\"query-input\":{\"@type\":\"PropertyValueSpecification\",\"valueRequired\":true,\"valueName\":\"search_term_string\"}}],\"inLanguage\":\"da-DK\"},{\"@type\":\"Organization\",\"@id\":\"https:\\\/\\\/elfvaping.com\\\/cs\\\/#organization\",\"name\":\"Elf Vaping\",\"url\":\"https:\\\/\\\/elfvaping.com\\\/cs\\\/\",\"logo\":{\"@type\":\"ImageObject\",\"inLanguage\":\"da-DK\",\"@id\":\"https:\\\/\\\/elfvaping.com\\\/cs\\\/#\\\/schema\\\/logo\\\/image\\\/\",\"url\":\"https:\\\/\\\/elfvaping.com\\\/wp-content\\\/uploads\\\/2024\\\/06\\\/elfvaping-logo.webp\",\"contentUrl\":\"https:\\\/\\\/elfvaping.com\\\/wp-content\\\/uploads\\\/2024\\\/06\\\/elfvaping-logo.webp\",\"width\":400,\"height\":111,\"caption\":\"Elf Vaping\"},\"image\":{\"@id\":\"https:\\\/\\\/elfvaping.com\\\/cs\\\/#\\\/schema\\\/logo\\\/image\\\/\"},\"sameAs\":[\"https:\\\/\\\/www.facebook.com\\\/elfvaping\",\"https:\\\/\\\/instagram.com\\\/elfvaping\\\/\"]}]}<\/script>\n<!-- \/ Yoast SEO plugin. -->","yoast_head_json":{"title":"Elf-vaping Alderspolitik - Elf Vaping","robots":{"index":"index","follow":"follow","max-snippet":"max-snippet:-1","max-image-preview":"max-image-preview:large","max-video-preview":"max-video-preview:-1"},"canonical":"https:\/\/elfvaping.com\/da\/alderspolitik\/","og_locale":"da_DK","og_type":"article","og_title":"Elfvaping Age Policy - Elf Vaping","og_description":"At Elfvaping, we adhere to strict age verification procedures to ensure compliance with legal requirements regarding the sale of electronic cigarette products. It is imperative that all customers meet the minimum legal smoking age, which is 21 years old in the United States, to make purchases from our website. Falsification of age is unlawful and [...]","og_url":"https:\/\/elfvaping.com\/da\/alderspolitik\/","og_site_name":"Elf Vaping","article_publisher":"https:\/\/www.facebook.com\/elfvaping","article_modified_time":"2024-08-05T12:42:22+00:00","twitter_card":"summary_large_image","twitter_misc":{"Estimeret l\u00e6setid":"1 minut"},"schema":{"@context":"https:\/\/schema.org","@graph":[{"@type":"WebPage","@id":"https:\/\/elfvaping.com\/age-policy\/","url":"https:\/\/elfvaping.com\/age-policy\/","name":"Elf-vaping Alderspolitik - Elf Vaping","isPartOf":{"@id":"https:\/\/elfvaping.com\/cs\/#website"},"datePublished":"2024-06-16T02:50:34+00:00","dateModified":"2024-08-05T12:42:22+00:00","breadcrumb":{"@id":"https:\/\/elfvaping.com\/age-policy\/#breadcrumb"},"inLanguage":"da-DK","potentialAction":[{"@type":"ReadAction","target":["https:\/\/elfvaping.com\/age-policy\/"]}]},{"@type":"BreadcrumbList","@id":"https:\/\/elfvaping.com\/age-policy\/#breadcrumb","itemListElement":[{"@type":"ListItem","position":1,"name":"Home","item":"https:\/\/elfvaping.com\/"},{"@type":"ListItem","position":2,"name":"Elfvaping Age Policy"}]},{"@type":"WebSite","@id":"https:\/\/elfvaping.com\/cs\/#website","url":"https:\/\/elfvaping.com\/cs\/","name":"Elf Vaping","description":"Bedste engrospriser for engangsvapeprodukter","publisher":{"@id":"https:\/\/elfvaping.com\/cs\/#organization"},"potentialAction":[{"@type":"SearchAction","target":{"@type":"EntryPoint","urlTemplate":"https:\/\/elfvaping.com\/cs\/?s={search_term_string}"},"query-input":{"@type":"PropertyValueSpecification","valueRequired":true,"valueName":"search_term_string"}}],"inLanguage":"da-DK"},{"@type":"Organization","@id":"https:\/\/elfvaping.com\/cs\/#organization","name":"Elf Vaping","url":"https:\/\/elfvaping.com\/cs\/","logo":{"@type":"ImageObject","inLanguage":"da-DK","@id":"https:\/\/elfvaping.com\/cs\/#\/schema\/logo\/image\/","url":"https:\/\/elfvaping.com\/wp-content\/uploads\/2024\/06\/elfvaping-logo.webp","contentUrl":"https:\/\/elfvaping.com\/wp-content\/uploads\/2024\/06\/elfvaping-logo.webp","width":400,"height":111,"caption":"Elf Vaping"},"image":{"@id":"https:\/\/elfvaping.com\/cs\/#\/schema\/logo\/image\/"},"sameAs":["https:\/\/www.facebook.com\/elfvaping","https:\/\/instagram.com\/elfvaping\/"]}]}},"jetpack_sharing_enabled":true,"_links":{"self":[{"href":"https:\/\/elfvaping.com\/da\/wp-json\/wp\/v2\/pages\/813","targetHints":{"allow":["GET"]}}],"collection":[{"href":"https:\/\/elfvaping.com\/da\/wp-json\/wp\/v2\/pages"}],"about":[{"href":"https:\/\/elfvaping.com\/da\/wp-json\/wp\/v2\/types\/page"}],"author":[{"embeddable":true,"href":"https:\/\/elfvaping.com\/da\/wp-json\/wp\/v2\/users\/1"}],"replies":[{"embeddable":true,"href":"https:\/\/elfvaping.com\/da\/wp-json\/wp\/v2\/comments?post=813"}],"version-history":[{"count":0,"href":"https:\/\/elfvaping.com\/da\/wp-json\/wp\/v2\/pages\/813\/revisions"}],"wp:attachment":[{"href":"https:\/\/elfvaping.com\/da\/wp-json\/wp\/v2\/media?parent=813"}],"curies":[{"name":"wp","href":"https:\/\/api.w.org\/{rel}","templated":true}]}}