{"id":1482,"date":"2024-06-16T02:52:54","date_gmt":"2024-06-16T02:52:54","guid":{"rendered":"https:\/\/elfvaping.com\/?page_id=1482"},"modified":"2026-02-24T03:27:26","modified_gmt":"2026-02-24T03:27:26","slug":"terms-bedingungen","status":"publish","type":"page","link":"https:\/\/elfvaping.com\/de\/terms-conditions\/","title":{"rendered":"Allgemeine Gesch\u00e4ftsbedingungen"},"content":{"rendered":"<p dir=\"auto\">Willkommen bei elfvaping.com, einem f\u00fchrenden Online-Shop, der sich auf den Verkauf von Einweg-Vape-Produkten spezialisiert hat. Im gesamten Dokument beziehen sich die Verweise auf \u2018elfvaping.com\u2019, \u2018wir\u2019, \u2018uns\u2019 oder \u2018unser\u2019 auf unsere Online-Plattform.<\/p>\r\n<p dir=\"auto\"><strong>Eigentum und Zugang:<\/strong><br \/>elfvaping.com ist unser Eigentum und wird von uns betrieben, wobei der Zugang den hier dargelegten Bedingungen und Richtlinien unterliegt. Durch die Nutzung unserer Website stimmen Sie zu, diese Bedingungen, einschlie\u00dflich aller zus\u00e4tzlichen Richtlinien, auf die verwiesen wird oder die \u00fcber einen Hyperlink verf\u00fcgbar sind, einzuhalten.<\/p>\r\n<p dir=\"auto\"><strong>Aktualisierungen und \u00c4nderungen:<\/strong><br \/>Wir behalten uns das Recht vor, Teile dieser Nutzungsbedingungen nach unserem Ermessen zu aktualisieren, zu \u00e4ndern oder zu ersetzen. Es liegt in Ihrer Verantwortung, diese Bedingungen regelm\u00e4\u00dfig auf \u00c4nderungen zu \u00fcberpr\u00fcfen. Die weitere Nutzung unserer Website nach \u00c4nderungen gilt als Zustimmung zu den aktualisierten Bedingungen.<\/p>\r\n<p dir=\"auto\"><strong>Benutzerverantwortungen:<\/strong><br \/>Durch den Zugriff auf unsere Website best\u00e4tigen Sie, dass Sie mindestens achtzehn (18) Jahre alt sind. Alle auf der Website get\u00e4tigten Transaktionen best\u00e4tigen Ihre Akzeptanz dieser Bedingungen. Die unbefugte Nutzung oder Verletzung der Website-Sicherheit ist verboten.<\/p>\r\n<p dir=\"auto\"><strong>Fehler und Korrekturen:<\/strong><br \/>W\u00e4hrend wir uns bem\u00fchen, Genauigkeit zu gew\u00e4hrleisten, k\u00f6nnen gelegentlich Fehler oder Ungenauigkeiten auf elfvaping.com auftreten. Wir behalten uns das Recht vor, solche Probleme ohne vorherige Ank\u00fcndigung zu korrigieren. Wir sind nicht verpflichtet, Informationen zu aktualisieren, es sei denn, dies ist gesetzlich vorgeschrieben.<\/p>\r\n<p dir=\"auto\"><strong>Auftragsverwaltung:<\/strong><br \/>Wir behalten uns das Recht vor, jede bei uns aufgegebene Bestellung abzulehnen oder zu \u00e4ndern. Bei \u00c4nderungen oder Stornierungen von Bestellungen werden wir angemessene Anstrengungen unternehmen, Sie unter Verwendung der bereitgestellten Kontaktdaten zu benachrichtigen. Es liegt in Ihrer Verantwortung, sicherzustellen, dass die Kontoinformationen und Kaufinformationen genau sind.<\/p>\r\n<p dir=\"auto\"><strong>Geistiges Eigentum:<\/strong><br \/>Alle Marken, Logos und Inhalte, die auf elfvaping.com angezeigt werden, sind das geistige Eigentum unseres Unternehmens, seiner verbundenen Unternehmen oder Lizenzgeber. Die unbefugte Nutzung dieses geistigen Eigentums ist strengstens verboten.<\/p>\r\n<p dir=\"auto\"><strong>Hyperlinks und Inhalte Dritter:<\/strong><br \/>Hyperlinks zu elfvaping.com erfordern eine vorherige Genehmigung. Wir unterst\u00fctzen oder \u00fcbernehmen keine Verantwortung f\u00fcr Inhalte von Drittanbietern, die mit unserer Website verlinkt sind.<\/p>\r\n<p dir=\"auto\"><strong>Haftungsbeschr\u00e4nkung:<\/strong><br \/>Soweit gesetzlich zul\u00e4ssig, haften wir nicht f\u00fcr Verluste oder Sch\u00e4den, die durch Ihre Nutzung von elfvaping.com entstehen. Wir sind nicht verantwortlich f\u00fcr mittelbare oder Folgesch\u00e4den. Ihre Nutzung der Website bedeutet die Akzeptanz dieser Bedingungen.<\/p>\r\n<p dir=\"auto\"><strong>Pers\u00f6nliche Informationen:<\/strong><br \/>Die \u00dcbermittlung personenbezogener Daten auf elfvaping.com wird durch unsere Datenschutzrichtlinie geregelt.<\/p>\r\n<p dir=\"auto\">Vielen Dank, dass Sie elfvaping.com gew\u00e4hlt haben. Durch den Zugriff auf unsere Website stimmen Sie zu, diese Nutzungsbedingungen einzuhalten.<\/p>\r\n<p dir=\"auto\">\u00a0<\/p>\r\n<p dir=\"auto\"><span style=\"color: #e14d43;\"><strong>Diese Nutzungsbedingungen und alle separaten Vereinbarungen, durch die wir Ihnen Leistungen erbringen, unterliegen den Gesetzen von Hongkong und sind danach auszulegen.<\/strong><\/span><\/p>","protected":false},"excerpt":{"rendered":"<p>Welcome to elfvaping.com, a premier online store specializing in the sale of disposable vape products. Throughout this document, references to &#8216;elfvaping.com,&#8217; &#8216;we,&#8217; &#8216;us,&#8217; or &#8216;our&#8217; pertain to our online platform. Ownership and Access:elfvaping.com is owned and operated by us, providing access subject to the terms and conditions outlined herein. By using our website, you agree [&#8230;]\n","protected":false},"author":1,"featured_media":0,"parent":0,"menu_order":0,"comment_status":"closed","ping_status":"closed","template":"page-blank-title-center.php","meta":{"_lmt_disableupdate":"no","_lmt_disable":"","jetpack_post_was_ever_published":false,"footnotes":""},"class_list":["post-1482","page","type-page","status-publish","hentry"],"yoast_head":"<!-- This site is optimized with the Yoast SEO plugin v27.4 - https:\/\/yoast.com\/product\/yoast-seo-wordpress\/ -->\n<title>Terms &amp; Conditions - Elf Vaping<\/title>\n<meta name=\"robots\" content=\"index, follow, max-snippet:-1, max-image-preview:large, max-video-preview:-1\" \/>\n<link rel=\"canonical\" href=\"https:\/\/elfvaping.com\/de\/terms-bedingungen\/\" \/>\n<meta property=\"og:locale\" content=\"de_DE\" \/>\n<meta property=\"og:type\" content=\"article\" \/>\n<meta property=\"og:title\" content=\"Terms &amp; Conditions - Elf Vaping\" \/>\n<meta property=\"og:description\" content=\"Welcome to elfvaping.com, a premier online store specializing in the sale of disposable vape products. Throughout this document, references to &#8216;elfvaping.com,&#8217; &#8216;we,&#8217; &#8216;us,&#8217; or &#8216;our&#8217; pertain to our online platform. Ownership and Access:elfvaping.com is owned and operated by us, providing access subject to the terms and conditions outlined herein. By using our website, you agree [...]\" \/>\n<meta property=\"og:url\" content=\"https:\/\/elfvaping.com\/de\/terms-bedingungen\/\" \/>\n<meta property=\"og:site_name\" content=\"Elf Vaping\" \/>\n<meta property=\"article:publisher\" content=\"https:\/\/www.facebook.com\/elfvaping\" \/>\n<meta property=\"article:modified_time\" content=\"2026-02-24T03:27:26+00:00\" \/>\n<meta name=\"twitter:card\" content=\"summary_large_image\" \/>\n<meta name=\"twitter:label1\" content=\"Gesch\u00e4tzte Lesezeit\" \/>\n\t<meta name=\"twitter:data1\" content=\"2\u00a0Minuten\" \/>\n<script type=\"application\/ld+json\" class=\"yoast-schema-graph\">{\"@context\":\"https:\\\/\\\/schema.org\",\"@graph\":[{\"@type\":\"WebPage\",\"@id\":\"https:\\\/\\\/elfvaping.com\\\/terms-conditions\\\/\",\"url\":\"https:\\\/\\\/elfvaping.com\\\/terms-conditions\\\/\",\"name\":\"Terms & Conditions - Elf Vaping\",\"isPartOf\":{\"@id\":\"https:\\\/\\\/elfvaping.com\\\/cs\\\/#website\"},\"datePublished\":\"2024-06-16T02:52:54+00:00\",\"dateModified\":\"2026-02-24T03:27:26+00:00\",\"breadcrumb\":{\"@id\":\"https:\\\/\\\/elfvaping.com\\\/terms-conditions\\\/#breadcrumb\"},\"inLanguage\":\"de\",\"potentialAction\":[{\"@type\":\"ReadAction\",\"target\":[\"https:\\\/\\\/elfvaping.com\\\/terms-conditions\\\/\"]}]},{\"@type\":\"BreadcrumbList\",\"@id\":\"https:\\\/\\\/elfvaping.com\\\/terms-conditions\\\/#breadcrumb\",\"itemListElement\":[{\"@type\":\"ListItem\",\"position\":1,\"name\":\"Home\",\"item\":\"https:\\\/\\\/elfvaping.com\\\/\"},{\"@type\":\"ListItem\",\"position\":2,\"name\":\"Terms &#038; Conditions\"}]},{\"@type\":\"WebSite\",\"@id\":\"https:\\\/\\\/elfvaping.com\\\/cs\\\/#website\",\"url\":\"https:\\\/\\\/elfvaping.com\\\/cs\\\/\",\"name\":\"Elf Vaping\",\"description\":\"Best Wholesale Prices for Disposable Vapes\",\"publisher\":{\"@id\":\"https:\\\/\\\/elfvaping.com\\\/cs\\\/#organization\"},\"potentialAction\":[{\"@type\":\"SearchAction\",\"target\":{\"@type\":\"EntryPoint\",\"urlTemplate\":\"https:\\\/\\\/elfvaping.com\\\/cs\\\/?s={search_term_string}\"},\"query-input\":{\"@type\":\"PropertyValueSpecification\",\"valueRequired\":true,\"valueName\":\"search_term_string\"}}],\"inLanguage\":\"de\"},{\"@type\":\"Organization\",\"@id\":\"https:\\\/\\\/elfvaping.com\\\/cs\\\/#organization\",\"name\":\"Elf Vaping\",\"url\":\"https:\\\/\\\/elfvaping.com\\\/cs\\\/\",\"logo\":{\"@type\":\"ImageObject\",\"inLanguage\":\"de\",\"@id\":\"https:\\\/\\\/elfvaping.com\\\/cs\\\/#\\\/schema\\\/logo\\\/image\\\/\",\"url\":\"https:\\\/\\\/elfvaping.com\\\/wp-content\\\/uploads\\\/2024\\\/06\\\/elfvaping-logo.webp\",\"contentUrl\":\"https:\\\/\\\/elfvaping.com\\\/wp-content\\\/uploads\\\/2024\\\/06\\\/elfvaping-logo.webp\",\"width\":400,\"height\":111,\"caption\":\"Elf Vaping\"},\"image\":{\"@id\":\"https:\\\/\\\/elfvaping.com\\\/cs\\\/#\\\/schema\\\/logo\\\/image\\\/\"},\"sameAs\":[\"https:\\\/\\\/www.facebook.com\\\/elfvaping\",\"https:\\\/\\\/instagram.com\\\/elfvaping\\\/\"]}]}<\/script>\n<!-- \/ Yoast SEO plugin. -->","yoast_head_json":{"title":"Allgemeine Gesch\u00e4ftsbedingungen - Elf Vaping","robots":{"index":"index","follow":"follow","max-snippet":"max-snippet:-1","max-image-preview":"max-image-preview:large","max-video-preview":"max-video-preview:-1"},"canonical":"https:\/\/elfvaping.com\/de\/terms-bedingungen\/","og_locale":"de_DE","og_type":"article","og_title":"Terms & Conditions - Elf Vaping","og_description":"Welcome to elfvaping.com, a premier online store specializing in the sale of disposable vape products. Throughout this document, references to &#8216;elfvaping.com,&#8217; &#8216;we,&#8217; &#8216;us,&#8217; or &#8216;our&#8217; pertain to our online platform. Ownership and Access:elfvaping.com is owned and operated by us, providing access subject to the terms and conditions outlined herein. By using our website, you agree [...]","og_url":"https:\/\/elfvaping.com\/de\/terms-bedingungen\/","og_site_name":"Elf Vaping","article_publisher":"https:\/\/www.facebook.com\/elfvaping","article_modified_time":"2026-02-24T03:27:26+00:00","twitter_card":"summary_large_image","twitter_misc":{"Gesch\u00e4tzte Lesezeit":"2\u00a0Minuten"},"schema":{"@context":"https:\/\/schema.org","@graph":[{"@type":"WebPage","@id":"https:\/\/elfvaping.com\/terms-conditions\/","url":"https:\/\/elfvaping.com\/terms-conditions\/","name":"Allgemeine Gesch\u00e4ftsbedingungen - Elf Vaping","isPartOf":{"@id":"https:\/\/elfvaping.com\/cs\/#website"},"datePublished":"2024-06-16T02:52:54+00:00","dateModified":"2026-02-24T03:27:26+00:00","breadcrumb":{"@id":"https:\/\/elfvaping.com\/terms-conditions\/#breadcrumb"},"inLanguage":"de","potentialAction":[{"@type":"ReadAction","target":["https:\/\/elfvaping.com\/terms-conditions\/"]}]},{"@type":"BreadcrumbList","@id":"https:\/\/elfvaping.com\/terms-conditions\/#breadcrumb","itemListElement":[{"@type":"ListItem","position":1,"name":"Home","item":"https:\/\/elfvaping.com\/"},{"@type":"ListItem","position":2,"name":"Terms &#038; Conditions"}]},{"@type":"WebSite","@id":"https:\/\/elfvaping.com\/cs\/#website","url":"https:\/\/elfvaping.com\/cs\/","name":"Elf Dampfen","description":"Beste Gro\u00dfhandelspreise f\u00fcr Einweg-Vapes","publisher":{"@id":"https:\/\/elfvaping.com\/cs\/#organization"},"potentialAction":[{"@type":"SearchAction","target":{"@type":"EntryPoint","urlTemplate":"https:\/\/elfvaping.com\/cs\/?s={search_term_string}"},"query-input":{"@type":"PropertyValueSpecification","valueRequired":true,"valueName":"search_term_string"}}],"inLanguage":"de"},{"@type":"Organization","@id":"https:\/\/elfvaping.com\/cs\/#organization","name":"Elf Dampfen","url":"https:\/\/elfvaping.com\/cs\/","logo":{"@type":"ImageObject","inLanguage":"de","@id":"https:\/\/elfvaping.com\/cs\/#\/schema\/logo\/image\/","url":"https:\/\/elfvaping.com\/wp-content\/uploads\/2024\/06\/elfvaping-logo.webp","contentUrl":"https:\/\/elfvaping.com\/wp-content\/uploads\/2024\/06\/elfvaping-logo.webp","width":400,"height":111,"caption":"Elf Vaping"},"image":{"@id":"https:\/\/elfvaping.com\/cs\/#\/schema\/logo\/image\/"},"sameAs":["https:\/\/www.facebook.com\/elfvaping","https:\/\/instagram.com\/elfvaping\/"]}]}},"jetpack_sharing_enabled":true,"_links":{"self":[{"href":"https:\/\/elfvaping.com\/de\/wp-json\/wp\/v2\/pages\/1482","targetHints":{"allow":["GET"]}}],"collection":[{"href":"https:\/\/elfvaping.com\/de\/wp-json\/wp\/v2\/pages"}],"about":[{"href":"https:\/\/elfvaping.com\/de\/wp-json\/wp\/v2\/types\/page"}],"author":[{"embeddable":true,"href":"https:\/\/elfvaping.com\/de\/wp-json\/wp\/v2\/users\/1"}],"replies":[{"embeddable":true,"href":"https:\/\/elfvaping.com\/de\/wp-json\/wp\/v2\/comments?post=1482"}],"version-history":[{"count":0,"href":"https:\/\/elfvaping.com\/de\/wp-json\/wp\/v2\/pages\/1482\/revisions"}],"wp:attachment":[{"href":"https:\/\/elfvaping.com\/de\/wp-json\/wp\/v2\/media?parent=1482"}],"curies":[{"name":"wp","href":"https:\/\/api.w.org\/{rel}","templated":true}]}}