{"id":1538,"date":"2024-06-16T02:53:07","date_gmt":"2024-06-16T02:53:07","guid":{"rendered":"https:\/\/elfvaping.com\/?page_id=1538"},"modified":"2026-02-24T03:33:30","modified_gmt":"2026-02-24T03:33:30","slug":"groshandel-einweg-vape","status":"publish","type":"page","link":"https:\/\/elfvaping.com\/de\/wholesale-disposable-vape\/","title":{"rendered":"Einweg-Vape im Gro\u00dfhandel"},"content":{"rendered":"<div class=\"row\"  id=\"row-855650889\">\n\n\t<div id=\"col-907917078\" class=\"col medium-6 small-12 large-6\"  >\n\t\t\t\t<div class=\"col-inner\"  >\n\t\t\t\n\t\t\t\n<p>Willkommen bei <a href=\"https:\/\/elfvaping.com\/de\/\">Elf Va<\/a>p<a href=\"https:\/\/elfvaping.com\/de\/\">-<\/a>, Ihr bevorzugtes Ziel f\u00fcr Gro\u00dfhandels-Vape-Zubeh\u00f6r. Mit einer reichen Geschichte von 5 Jahren in der Branche bieten wir stolz eine vielf\u00e4ltige Auswahl an Top-Marken wie Elf Box, Lost Mary, Waka, Zgar, <a href=\"https:\/\/elfvaping.com\/de\/produktkategorie\/randm\/\">RandM<\/a>, Bang Box, Doloda, Elf Box, FluuM und mehr. Als f\u00fchrender Lieferant von Vape-Shops sind wir auf Bulk Disposable Vapes spezialisiert und bedienen sowohl Einzelh\u00e4ndler als auch Gro\u00dfh\u00e4ndler.<\/p>\n<p>Unsere Seite f\u00fcr Gro\u00dfhandel-Einweg-Vapes in gro\u00dfen Mengen ist Ihr Zugang zu Premium-Produkten zu wettbewerbsf\u00e4higen Preisen. Ob Sie sich f\u00fcr den pers\u00f6nlichen Gebrauch eindecken oder Ihr Gesch\u00e4ft ausweiten m\u00f6chten, Elf Vaping bietet Ihnen die ben\u00f6tigten L\u00f6sungen. Wir verstehen die Bedeutung von Qualit\u00e4t und Erschwinglichkeit in der E-Zigaretten-Industrie und unser Engagement f\u00fcr Exzellenz gew\u00e4hrleistet, dass jedes Produkt den h\u00f6chsten Standards entspricht.<\/p>\n<p>Bei Elf Vaping machen wir den Gro\u00dfkauf nahtlos und bequem. Entdecken Sie unsere Produktpalette, einschlie\u00dflich Bulk Disposable Vapes, und finden Sie die perfekten L\u00f6sungen f\u00fcr Ihre Bed\u00fcrfnisse. Unsere Hingabe an Kundenzufriedenheit bedeutet, dass wir immer hier sind, um Ihnen bei allen Anfragen oder Bestellungen zu helfen.<\/p>\n<p>Erfahren Sie mit Elf Vaping mehr von Ihrem Dampf-Erlebnis. Kontaktieren Sie uns noch heute, um mehr \u00fcber unsere Gro\u00dfhandels-Vape-Lieferungen zu erfahren und nutzen Sie unsere wettbewerbsf\u00e4higen Preise f\u00fcr hochwertige Produkte. Partnern Sie mit uns und erleben Sie den Unterschied, den ein vertrauensw\u00fcrdiger Vape-Shop-Lieferant f\u00fcr Ihr Unternehmen machen kann.<\/p>\n\n<div class=\"wpcf7 no-js\" id=\"wpcf7-f7-o1\" lang=\"en-US\" dir=\"ltr\" data-wpcf7-id=\"7\">\n<div class=\"screen-reader-response\"><p role=\"status\" aria-live=\"polite\" aria-atomic=\"true\"><\/p> <ul><\/ul><\/div>\n<form action=\"\/de\/wp-json\/wp\/v2\/pages\/1538#wpcf7-f7-o1\" method=\"post\" class=\"wpcf7-form init\" aria-label=\"Kontaktformular\" novalidate=\"novalidate\" data-status=\"init\" data-trp-original-action=\"\/de\/wp-json\/wp\/v2\/pages\/1538#wpcf7-f7-o1\">\n<fieldset class=\"hidden-fields-container\"><input type=\"hidden\" name=\"_wpcf7\" value=\"7\" \/><input type=\"hidden\" name=\"_wpcf7_version\" value=\"6.1.5\" \/><input type=\"hidden\" name=\"_wpcf7_locale\" value=\"en_US\" \/><input type=\"hidden\" name=\"_wpcf7_unit_tag\" value=\"wpcf7-f7-o1\" \/><input type=\"hidden\" name=\"_wpcf7_container_post\" value=\"0\" \/><input type=\"hidden\" name=\"_wpcf7_posted_data_hash\" value=\"\" \/>\n<\/fieldset>\n<p><label> Ihr Name<br \/>\n<span class=\"wpcf7-form-control-wrap\" data-name=\"your-name\"><input size=\"40\" maxlength=\"400\" class=\"wpcf7-form-control wpcf7-text wpcf7-validates-as-required\" autocomplete=\"name\" aria-required=\"true\" aria-invalid=\"false\" value=\"\" type=\"text\" name=\"your-name\" \/><\/span> <\/label>\n<\/p>\n<p><label> Ihre E-Mail<br \/>\n<span class=\"wpcf7-form-control-wrap\" data-name=\"your-email\"><input size=\"40\" maxlength=\"400\" class=\"wpcf7-form-control wpcf7-email wpcf7-validates-as-required wpcf7-text wpcf7-validates-as-email\" autocomplete=\"email\" aria-required=\"true\" aria-invalid=\"false\" value=\"\" type=\"email\" name=\"your-email\" \/><\/span> <\/label>\n<\/p>\n<p><label> Betreff<br \/>\n<span class=\"wpcf7-form-control-wrap\" data-name=\"your-subject\"><input size=\"40\" maxlength=\"400\" class=\"wpcf7-form-control wpcf7-text wpcf7-validates-as-required\" aria-required=\"true\" aria-invalid=\"false\" value=\"\" type=\"text\" name=\"your-subject\" \/><\/span> <\/label>\n<\/p>\n<p><label> Ihre Nachricht (optional)<br \/>\n<span class=\"wpcf7-form-control-wrap\" data-name=\"your-message\"><textarea cols=\"40\" rows=\"10\" maxlength=\"2000\" class=\"wpcf7-form-control wpcf7-textarea\" aria-invalid=\"false\" name=\"your-message\"><\/textarea><\/span> <\/label>\n<\/p>\n<p><div class=\"cf7-cf-turnstile\" style=\"margin-top: 0px; margin-bottom: -15px;\"> <div id=\"cf-turnstile-cf7-2600100823\" class=\"cf-turnstile\" data-sitekey=\"0x4AAAAAABhvCNLlz8qNSDmH\" data-theme=\"light\" data-language=\"auto\" data-size=\"normal\" data-retry=\"auto\" data-retry-interval=\"1000\" data-refresh-expired=\"auto\" data-refresh-timeout=\"auto\" data-action=\"contact-form-7\" data-callback=\"turnstileCF7Callback\" data-appearance=\"always\"><\/div> <script>document.addEventListener(\"DOMContentLoaded\", function() { setTimeout(function(){ var e=document.getElementById(\"cf-turnstile-cf7-2600100823\"); if(e&&!e.innerHTML.trim()){turnstile.render(e, {sitekey:\"0x4AAAAAABhvCNLlz8qNSDmH\"});} }, 200); });<\/script> <br class=\"cf-turnstile-br cf-turnstile-br-cf7-2600100823\"> <style>#cf-turnstile-cf7-2600100823 { margin-left: -15px; }<\/style> <script>document.addEventListener(\"DOMContentLoaded\",function(){document.querySelectorAll('.wpcf7-form').forEach(function(e){e.addEventListener('submit',function(){if(document.getElementById('cf-turnstile-cf7-2600100823')){setTimeout(function(){turnstile.reset('#cf-turnstile-cf7-2600100823');},1000)}})})});<\/script> <\/div><br\/><input class=\"wpcf7-form-control wpcf7-submit has-spinner\" type=\"submit\" value=\"Einreichen\" \/>\n<\/p><div class=\"wpcf7-response-output\" aria-hidden=\"true\"><\/div>\n<input type=\"hidden\" name=\"trp-form-language\" value=\"de\"\/><\/form>\n<\/div>\n\n\t\t<\/div>\n\t\t\t\t\t<\/div>\n\n\t\n\n\t<div id=\"col-1840732668\" class=\"col medium-6 small-12 large-6\"  >\n\t\t\t\t<div class=\"col-inner\"  >\n\t\t\t\n\t\t\t\n\t<div class=\"img has-hover x md-x lg-x y md-y lg-y\" id=\"image_404144537\">\n\t\t\t\t\t\t\t\t<div class=\"img-inner dark\" >\n\t\t\t<img loading=\"lazy\" decoding=\"async\" width=\"1020\" height=\"760\" src=\"https:\/\/elfvaping.com\/wp-content\/uploads\/2025\/12\/MYDE-8-IN-1-150K-Puffs-Capacity-4-Tank-Multi-Options-Combination-Mode-150000-Disposable-Vapes-Wholesale-Bulk-Buy-2-1024x763.webp\" class=\"attachment-large size-large\" alt=\"\" srcset=\"https:\/\/elfvaping.com\/wp-content\/uploads\/2025\/12\/MYDE-8-IN-1-150K-Puffs-Capacity-4-Tank-Multi-Options-Combination-Mode-150000-Disposable-Vapes-Wholesale-Bulk-Buy-2-1024x763.webp 1024w, https:\/\/elfvaping.com\/wp-content\/uploads\/2025\/12\/MYDE-8-IN-1-150K-Puffs-Capacity-4-Tank-Multi-Options-Combination-Mode-150000-Disposable-Vapes-Wholesale-Bulk-Buy-2-300x224.webp 300w, https:\/\/elfvaping.com\/wp-content\/uploads\/2025\/12\/MYDE-8-IN-1-150K-Puffs-Capacity-4-Tank-Multi-Options-Combination-Mode-150000-Disposable-Vapes-Wholesale-Bulk-Buy-2-768x572.webp 768w, https:\/\/elfvaping.com\/wp-content\/uploads\/2025\/12\/MYDE-8-IN-1-150K-Puffs-Capacity-4-Tank-Multi-Options-Combination-Mode-150000-Disposable-Vapes-Wholesale-Bulk-Buy-2-1536x1145.webp 1536w, https:\/\/elfvaping.com\/wp-content\/uploads\/2025\/12\/MYDE-8-IN-1-150K-Puffs-Capacity-4-Tank-Multi-Options-Combination-Mode-150000-Disposable-Vapes-Wholesale-Bulk-Buy-2-2048x1526.webp 2048w, https:\/\/elfvaping.com\/wp-content\/uploads\/2025\/12\/MYDE-8-IN-1-150K-Puffs-Capacity-4-Tank-Multi-Options-Combination-Mode-150000-Disposable-Vapes-Wholesale-Bulk-Buy-2-16x12.webp 16w, https:\/\/elfvaping.com\/wp-content\/uploads\/2025\/12\/MYDE-8-IN-1-150K-Puffs-Capacity-4-Tank-Multi-Options-Combination-Mode-150000-Disposable-Vapes-Wholesale-Bulk-Buy-2-600x447.webp 600w\" sizes=\"auto, (max-width: 1020px) 100vw, 1020px\" \/>\t\t\t\t\t\t\n\t\t\t\t\t<\/div>\n\t\t\t\t\t\t\t\t\n<style>\n#image_404144537 {\n  width: 100%;\n}\n<\/style>\n\t<\/div>\n\t\n\t\t<\/div>\n\t\t\t\t\t<\/div>\n\n\t\n<\/div>","protected":false},"excerpt":{"rendered":"","protected":false},"author":1,"featured_media":0,"parent":0,"menu_order":0,"comment_status":"closed","ping_status":"closed","template":"page-blank-title-center.php","meta":{"_lmt_disableupdate":"","_lmt_disable":"","jetpack_post_was_ever_published":false,"footnotes":""},"class_list":["post-1538","page","type-page","status-publish","hentry"],"yoast_head":"<!-- This site is optimized with the Yoast SEO plugin v27.4 - https:\/\/yoast.com\/product\/yoast-seo-wordpress\/ -->\n<title>Wholesale Disposable Vape - Elf Vaping<\/title>\n<meta name=\"robots\" content=\"index, follow, max-snippet:-1, max-image-preview:large, max-video-preview:-1\" \/>\n<link rel=\"canonical\" href=\"https:\/\/elfvaping.com\/de\/groshandel-einweg-vape\/\" \/>\n<meta property=\"og:locale\" content=\"de_DE\" \/>\n<meta property=\"og:type\" content=\"article\" \/>\n<meta property=\"og:title\" content=\"Wholesale Disposable Vape - Elf Vaping\" \/>\n<meta property=\"og:url\" content=\"https:\/\/elfvaping.com\/de\/groshandel-einweg-vape\/\" \/>\n<meta property=\"og:site_name\" content=\"Elf Vaping\" \/>\n<meta property=\"article:publisher\" content=\"https:\/\/www.facebook.com\/elfvaping\" \/>\n<meta property=\"article:modified_time\" content=\"2026-02-24T03:33:30+00:00\" \/>\n<meta name=\"twitter:card\" content=\"summary_large_image\" \/>\n<meta name=\"twitter:label1\" content=\"Gesch\u00e4tzte Lesezeit\" \/>\n\t<meta name=\"twitter:data1\" content=\"1\u00a0Minute\" \/>\n<script type=\"application\/ld+json\" class=\"yoast-schema-graph\">{\"@context\":\"https:\\\/\\\/schema.org\",\"@graph\":[{\"@type\":\"WebPage\",\"@id\":\"https:\\\/\\\/elfvaping.com\\\/wholesale-disposable-vape\\\/\",\"url\":\"https:\\\/\\\/elfvaping.com\\\/wholesale-disposable-vape\\\/\",\"name\":\"Wholesale Disposable Vape - Elf Vaping\",\"isPartOf\":{\"@id\":\"https:\\\/\\\/elfvaping.com\\\/cs\\\/#website\"},\"datePublished\":\"2024-06-16T02:53:07+00:00\",\"dateModified\":\"2026-02-24T03:33:30+00:00\",\"breadcrumb\":{\"@id\":\"https:\\\/\\\/elfvaping.com\\\/wholesale-disposable-vape\\\/#breadcrumb\"},\"inLanguage\":\"de\",\"potentialAction\":[{\"@type\":\"ReadAction\",\"target\":[\"https:\\\/\\\/elfvaping.com\\\/wholesale-disposable-vape\\\/\"]}]},{\"@type\":\"BreadcrumbList\",\"@id\":\"https:\\\/\\\/elfvaping.com\\\/wholesale-disposable-vape\\\/#breadcrumb\",\"itemListElement\":[{\"@type\":\"ListItem\",\"position\":1,\"name\":\"Home\",\"item\":\"https:\\\/\\\/elfvaping.com\\\/\"},{\"@type\":\"ListItem\",\"position\":2,\"name\":\"Wholesale Disposable Vape\"}]},{\"@type\":\"WebSite\",\"@id\":\"https:\\\/\\\/elfvaping.com\\\/cs\\\/#website\",\"url\":\"https:\\\/\\\/elfvaping.com\\\/cs\\\/\",\"name\":\"Elf Vaping\",\"description\":\"Best Wholesale Prices for Disposable Vapes\",\"publisher\":{\"@id\":\"https:\\\/\\\/elfvaping.com\\\/cs\\\/#organization\"},\"potentialAction\":[{\"@type\":\"SearchAction\",\"target\":{\"@type\":\"EntryPoint\",\"urlTemplate\":\"https:\\\/\\\/elfvaping.com\\\/cs\\\/?s={search_term_string}\"},\"query-input\":{\"@type\":\"PropertyValueSpecification\",\"valueRequired\":true,\"valueName\":\"search_term_string\"}}],\"inLanguage\":\"de\"},{\"@type\":\"Organization\",\"@id\":\"https:\\\/\\\/elfvaping.com\\\/cs\\\/#organization\",\"name\":\"Elf Vaping\",\"url\":\"https:\\\/\\\/elfvaping.com\\\/cs\\\/\",\"logo\":{\"@type\":\"ImageObject\",\"inLanguage\":\"de\",\"@id\":\"https:\\\/\\\/elfvaping.com\\\/cs\\\/#\\\/schema\\\/logo\\\/image\\\/\",\"url\":\"https:\\\/\\\/elfvaping.com\\\/wp-content\\\/uploads\\\/2024\\\/06\\\/elfvaping-logo.webp\",\"contentUrl\":\"https:\\\/\\\/elfvaping.com\\\/wp-content\\\/uploads\\\/2024\\\/06\\\/elfvaping-logo.webp\",\"width\":400,\"height\":111,\"caption\":\"Elf Vaping\"},\"image\":{\"@id\":\"https:\\\/\\\/elfvaping.com\\\/cs\\\/#\\\/schema\\\/logo\\\/image\\\/\"},\"sameAs\":[\"https:\\\/\\\/www.facebook.com\\\/elfvaping\",\"https:\\\/\\\/instagram.com\\\/elfvaping\\\/\"]}]}<\/script>\n<!-- \/ Yoast SEO plugin. -->","yoast_head_json":{"title":"Gro\u00dfhandel Einweg-Vape - Elf Vaping","robots":{"index":"index","follow":"follow","max-snippet":"max-snippet:-1","max-image-preview":"max-image-preview:large","max-video-preview":"max-video-preview:-1"},"canonical":"https:\/\/elfvaping.com\/de\/groshandel-einweg-vape\/","og_locale":"de_DE","og_type":"article","og_title":"Wholesale Disposable Vape - Elf Vaping","og_url":"https:\/\/elfvaping.com\/de\/groshandel-einweg-vape\/","og_site_name":"Elf Vaping","article_publisher":"https:\/\/www.facebook.com\/elfvaping","article_modified_time":"2026-02-24T03:33:30+00:00","twitter_card":"summary_large_image","twitter_misc":{"Gesch\u00e4tzte Lesezeit":"1\u00a0Minute"},"schema":{"@context":"https:\/\/schema.org","@graph":[{"@type":"WebPage","@id":"https:\/\/elfvaping.com\/wholesale-disposable-vape\/","url":"https:\/\/elfvaping.com\/wholesale-disposable-vape\/","name":"Gro\u00dfhandel Einweg-Vape - Elf Vaping","isPartOf":{"@id":"https:\/\/elfvaping.com\/cs\/#website"},"datePublished":"2024-06-16T02:53:07+00:00","dateModified":"2026-02-24T03:33:30+00:00","breadcrumb":{"@id":"https:\/\/elfvaping.com\/wholesale-disposable-vape\/#breadcrumb"},"inLanguage":"de","potentialAction":[{"@type":"ReadAction","target":["https:\/\/elfvaping.com\/wholesale-disposable-vape\/"]}]},{"@type":"BreadcrumbList","@id":"https:\/\/elfvaping.com\/wholesale-disposable-vape\/#breadcrumb","itemListElement":[{"@type":"ListItem","position":1,"name":"Home","item":"https:\/\/elfvaping.com\/"},{"@type":"ListItem","position":2,"name":"Wholesale Disposable Vape"}]},{"@type":"WebSite","@id":"https:\/\/elfvaping.com\/cs\/#website","url":"https:\/\/elfvaping.com\/cs\/","name":"Elf Dampfen","description":"Beste Gro\u00dfhandelspreise f\u00fcr Einweg-Vapes","publisher":{"@id":"https:\/\/elfvaping.com\/cs\/#organization"},"potentialAction":[{"@type":"SearchAction","target":{"@type":"EntryPoint","urlTemplate":"https:\/\/elfvaping.com\/cs\/?s={search_term_string}"},"query-input":{"@type":"PropertyValueSpecification","valueRequired":true,"valueName":"search_term_string"}}],"inLanguage":"de"},{"@type":"Organization","@id":"https:\/\/elfvaping.com\/cs\/#organization","name":"Elf Dampfen","url":"https:\/\/elfvaping.com\/cs\/","logo":{"@type":"ImageObject","inLanguage":"de","@id":"https:\/\/elfvaping.com\/cs\/#\/schema\/logo\/image\/","url":"https:\/\/elfvaping.com\/wp-content\/uploads\/2024\/06\/elfvaping-logo.webp","contentUrl":"https:\/\/elfvaping.com\/wp-content\/uploads\/2024\/06\/elfvaping-logo.webp","width":400,"height":111,"caption":"Elf Vaping"},"image":{"@id":"https:\/\/elfvaping.com\/cs\/#\/schema\/logo\/image\/"},"sameAs":["https:\/\/www.facebook.com\/elfvaping","https:\/\/instagram.com\/elfvaping\/"]}]}},"jetpack_sharing_enabled":true,"_links":{"self":[{"href":"https:\/\/elfvaping.com\/de\/wp-json\/wp\/v2\/pages\/1538","targetHints":{"allow":["GET"]}}],"collection":[{"href":"https:\/\/elfvaping.com\/de\/wp-json\/wp\/v2\/pages"}],"about":[{"href":"https:\/\/elfvaping.com\/de\/wp-json\/wp\/v2\/types\/page"}],"author":[{"embeddable":true,"href":"https:\/\/elfvaping.com\/de\/wp-json\/wp\/v2\/users\/1"}],"replies":[{"embeddable":true,"href":"https:\/\/elfvaping.com\/de\/wp-json\/wp\/v2\/comments?post=1538"}],"version-history":[{"count":0,"href":"https:\/\/elfvaping.com\/de\/wp-json\/wp\/v2\/pages\/1538\/revisions"}],"wp:attachment":[{"href":"https:\/\/elfvaping.com\/de\/wp-json\/wp\/v2\/media?parent=1538"}],"curies":[{"name":"wp","href":"https:\/\/api.w.org\/{rel}","templated":true}]}}