{"id":585,"date":"2024-06-16T02:49:40","date_gmt":"2024-06-16T02:49:40","guid":{"rendered":"https:\/\/elfvaping.com\/?page_id=585"},"modified":"2026-02-24T03:31:26","modified_gmt":"2026-02-24T03:31:26","slug":"cookie-richtlinie","status":"publish","type":"page","link":"https:\/\/elfvaping.com\/de\/cookies-policy\/","title":{"rendered":"Cookies-Richtlinie"},"content":{"rendered":"<p>Zuletzt aktualisiert: 26. April 2024<\/p>\n<p>Diese Cookie-Richtlinie beschreibt die Verwendung von Cookies auf unserer Website, elfvaping.com. Die Kenntnisnahme dieser Richtlinie bietet Einblick in die Arten von Cookies, die wir verwenden, die durch Cookies gesammelten Informationen und deren anschlie\u00dfende Verwendung. Diese Richtlinie wurde mit Hilfe des Cookies Policy Generators erstellt.<\/p>\n<p>Cookies enthalten im Allgemeinen keine Informationen, die einen Benutzer direkt identifizieren. Allerdings k\u00f6nnen personenbezogene Daten, die \u00fcber Sie gespeichert sind, mit den in Cookies gespeicherten und abgeleiteten Informationen verkn\u00fcpft werden. F\u00fcr umfassende Details dar\u00fcber, wie wir Ihre personenbezogenen Daten nutzen, speichern und sichern, lesen Sie bitte unsere Datenschutzerkl\u00e4rung.<\/p>\n<p>Empfindliche pers\u00f6nliche Informationen, wie Postadressen oder Kontopassw\u00f6rter, werden nicht in den von uns verwendeten Cookies gespeichert.<\/p>\n<p>Interpretation und Definitionen<\/p>\n<p>Interpretationsbegriffe mit gro\u00dfem Anfangsbuchstaben haben unter den folgenden Bedingungen festgelegte Bedeutungen. Diese Definitionen gelten unabh\u00e4ngig davon, ob sie in der Singular- oder Pluralform erscheinen.<\/p>\n<p>Definitionen F\u00fcr die Zwecke dieser Cookie-Richtlinie:<\/p>\n<p>Unternehmen (bezeichnet als entweder \u201cdas Unternehmen\u201d, \u201cWir\u201d, \u201cUns\u201d oder \u201cUnser\u201d in dieser Cookie-Richtlinie) bezieht sich auf elfvaping.com. Cookies sind kleine Dateien, die von einer Website auf Ihrem Computer, Mobilger\u00e4t oder einem anderen Ger\u00e4t abgelegt werden und Details Ihrer Browsing-Verlauf auf dieser Website enthalten, unter anderem. Website bezeichnet elfvaping.com, zug\u00e4nglich von <a href=\"https:\/\/elfvaping.com\/de\/\" target=\"_new\" rel=\"noopener\">https:\/\/elfvaping.com\/<\/a> Sie bezeichnet die Person, die auf die Website zugreift oder diese nutzt, oder ein Unternehmen oder eine juristische Einheit, im Namen derer diese Person auf die Website zugreift oder diese nutzt, je nachdem. Die Verwendung von Cookies<\/p>\n<p>Arten von Cookies, die wir verwenden Cookies k\u00f6nnen als \u201cPersistente\u201d oder \u201cSitzungs-\u201d Cookies kategorisiert werden. Persistente Cookies bleiben auf Ihrem pers\u00f6nlichen Computer oder Mobilger\u00e4t auch dann bestehen, wenn Sie offline sind, w\u00e4hrend Sitzungs-Cookies gel\u00f6scht werden, sobald Sie Ihren Webbrowser schlie\u00dfen.<\/p>\n<p>Wir verwenden sowohl Session-Cookies als auch persistente Cookies f\u00fcr die folgenden Zwecke:<\/p>\n<p>Notwendige \/ Erforderliche Cookies<\/p>\n<p>Typ: Sitzungscookies<\/p>\n<p>Verwaltet von: Uns<\/p>\n<p>Zweck: Diese Cookies sind unverzichtbar, um Ihnen die \u00fcber die Website verf\u00fcgbaren Dienste anzubieten und es Ihnen zu erm\u00f6glichen, einige ihrer Funktionen zu nutzen. Sie helfen bei der Benutzerauthentifizierung und verhindern den betr\u00fcgerischen Gebrauch von Benutzerkonten. Ohne diese Cookies k\u00f6nnen die von Ihnen angeforderten Dienste nicht bereitgestellt werden, und wir verwenden diese Cookies ausschlie\u00dflich, um Ihnen diese Dienste anzubieten.<\/p>\n<p>Funktionscookies<\/p>\n<p>Typ: Permanente Cookies<\/p>\n<p>Verwaltet von: Uns<\/p>\n<p>Zweck: Diese Cookies erm\u00f6glichen es uns, Ihre Auswahlm\u00f6glichkeiten zu speichern, die Sie w\u00e4hrend der Nutzung der Website treffen, wie z.B. das Speichern Ihrer Anmeldedaten oder Ihrer Spracheinstellungen. Der Zweck dieser Cookies besteht darin, ein pers\u00f6nlicheres Erlebnis zu bieten und zu vermeiden, dass Sie Ihre Einstellungen jedes Mal neu eingeben m\u00fcssen, wenn Sie mit der Website interagieren.<\/p>\n<p>Ihre Auswahl bez\u00fcglich Cookies Wenn Sie sich daf\u00fcr entscheiden, auf die Verwendung von Cookies auf der Website zu verzichten, m\u00fcssen Sie zun\u00e4chst die Nutzung von Cookies in Ihrem Browser deaktivieren und anschlie\u00dfend die in Ihrem Browser gespeicherten Cookies, die mit dieser Website verbunden sind, l\u00f6schen. Sie haben die M\u00f6glichkeit, diese Methode jederzeit zu verwenden, um die Verwendung von Cookies zu verhindern.<\/p>\n<p>Wenn Sie unsere Cookies ablehnen, k\u00f6nnen Sie bei der Nutzung der Website auf Unannehmlichkeiten sto\u00dfen und bestimmte Funktionen funktionieren m\u00f6glicherweise nicht optimal.<\/p>\n<p>Wenn Sie Cookies l\u00f6schen oder Ihren Webbrowser anweisen m\u00f6chten, Cookies zu eliminieren oder abzulehnen, lesen Sie bitte die Hilfeseiten Ihres Webbrowsers.<\/p>\n<p>F\u00fcr den Chrome-Webbrowser besuchen Sie bitte diese Seite von Google: <a href=\"https:\/\/support.google.com\/accounts\/answer\/32050\" rel=\"nofollow\">https:\/\/support.google.com\/accounts\/answer\/32050<\/a><\/p>\n<p>F\u00fcr den Internet Explorer-Webbrowser besuchen Sie bitte diese Seite von Microsoft: <a href=\"http:\/\/support.microsoft.com\/kb\/278835\" rel=\"nofollow\">http:\/\/support.microsoft.com\/kb\/278835<\/a><\/p>\n<p>F\u00fcr den Firefox-Webbrowser besuchen Sie bitte diese Seite von Mozilla: <a href=\"https:\/\/support.mozilla.org\/en-US\/kb\/delete-cookies-remove-info-websites-stored\" rel=\"nofollow\">https:\/\/support.mozilla.org\/en-US\/kb\/delete-cookies-remove-info-websites-stored<\/a><\/p>\n<p>F\u00fcr den Safari-Webbrowser besuchen Sie bitte diese Seite von Apple: <a href=\"https:\/\/support.apple.com\/guide\/safari\/manage-cookies-and-website-data-sfri11471\/mac\" rel=\"nofollow\">https:\/\/support.apple.com\/guide\/safari\/manage-cookies-and-website-data-sfri11471\/mac<\/a><\/p>\n<p>F\u00fcr alle anderen Webbrowser besuchen Sie bitte die offiziellen Webseiten Ihres Webbrowsers.<\/p>\n<p>Weitere Informationen \u00fcber Cookies Um tiefer in das Thema Cookies einzutauchen, k\u00f6nnen Sie \"All About Cookies\" von TermsFeed besuchen.<\/p>\n<p>Kontaktieren Sie uns Wenn Sie Fragen zu dieser Cookie-Richtlinie haben, z\u00f6gern Sie bitte nicht, uns zu kontaktieren:<\/p>\n<p>Per E-Mail: <a target=\"_new\" rel=\"noopener\">info@elfvaping.com<\/a><\/p>","protected":false},"excerpt":{"rendered":"<p>Last updated: April 26, 2024 This Cookies Policy delineates the utilization of Cookies on our website, elfvaping.com. Familiarizing yourself with this policy will provide insight into the types of Cookies we utilize, the information garnered through Cookies, and its subsequent application. This policy has been crafted with the aid of the Cookies Policy Generator. Cookies [&#8230;]\n","protected":false},"author":1,"featured_media":0,"parent":0,"menu_order":0,"comment_status":"closed","ping_status":"closed","template":"page-blank-title-center.php","meta":{"_lmt_disableupdate":"no","_lmt_disable":"","jetpack_post_was_ever_published":false,"footnotes":""},"class_list":["post-585","page","type-page","status-publish","hentry"],"yoast_head":"<!-- This site is optimized with the Yoast SEO plugin v27.4 - https:\/\/yoast.com\/product\/yoast-seo-wordpress\/ -->\n<title>Cookies Policy - Elf Vaping<\/title>\n<meta name=\"robots\" content=\"index, follow, max-snippet:-1, max-image-preview:large, max-video-preview:-1\" \/>\n<link rel=\"canonical\" href=\"https:\/\/elfvaping.com\/de\/cookie-richtlinie\/\" \/>\n<meta property=\"og:locale\" content=\"de_DE\" \/>\n<meta property=\"og:type\" content=\"article\" \/>\n<meta property=\"og:title\" content=\"Cookies Policy - Elf Vaping\" \/>\n<meta property=\"og:description\" content=\"Last updated: April 26, 2024 This Cookies Policy delineates the utilization of Cookies on our website, elfvaping.com. Familiarizing yourself with this policy will provide insight into the types of Cookies we utilize, the information garnered through Cookies, and its subsequent application. This policy has been crafted with the aid of the Cookies Policy Generator. Cookies [...]\" \/>\n<meta property=\"og:url\" content=\"https:\/\/elfvaping.com\/de\/cookie-richtlinie\/\" \/>\n<meta property=\"og:site_name\" content=\"Elf Vaping\" \/>\n<meta property=\"article:publisher\" content=\"https:\/\/www.facebook.com\/elfvaping\" \/>\n<meta property=\"article:modified_time\" content=\"2026-02-24T03:31:26+00:00\" \/>\n<meta name=\"twitter:card\" content=\"summary_large_image\" \/>\n<meta name=\"twitter:label1\" content=\"Gesch\u00e4tzte Lesezeit\" \/>\n\t<meta name=\"twitter:data1\" content=\"3\u00a0Minuten\" \/>\n<script type=\"application\/ld+json\" class=\"yoast-schema-graph\">{\"@context\":\"https:\\\/\\\/schema.org\",\"@graph\":[{\"@type\":\"WebPage\",\"@id\":\"https:\\\/\\\/elfvaping.com\\\/cookies-policy\\\/\",\"url\":\"https:\\\/\\\/elfvaping.com\\\/cookies-policy\\\/\",\"name\":\"Cookies Policy - Elf Vaping\",\"isPartOf\":{\"@id\":\"https:\\\/\\\/elfvaping.com\\\/cs\\\/#website\"},\"datePublished\":\"2024-06-16T02:49:40+00:00\",\"dateModified\":\"2026-02-24T03:31:26+00:00\",\"breadcrumb\":{\"@id\":\"https:\\\/\\\/elfvaping.com\\\/cookies-policy\\\/#breadcrumb\"},\"inLanguage\":\"de\",\"potentialAction\":[{\"@type\":\"ReadAction\",\"target\":[\"https:\\\/\\\/elfvaping.com\\\/cookies-policy\\\/\"]}]},{\"@type\":\"BreadcrumbList\",\"@id\":\"https:\\\/\\\/elfvaping.com\\\/cookies-policy\\\/#breadcrumb\",\"itemListElement\":[{\"@type\":\"ListItem\",\"position\":1,\"name\":\"Home\",\"item\":\"https:\\\/\\\/elfvaping.com\\\/\"},{\"@type\":\"ListItem\",\"position\":2,\"name\":\"Cookies Policy\"}]},{\"@type\":\"WebSite\",\"@id\":\"https:\\\/\\\/elfvaping.com\\\/cs\\\/#website\",\"url\":\"https:\\\/\\\/elfvaping.com\\\/cs\\\/\",\"name\":\"Elf Vaping\",\"description\":\"Best Wholesale Prices for Disposable Vapes\",\"publisher\":{\"@id\":\"https:\\\/\\\/elfvaping.com\\\/cs\\\/#organization\"},\"potentialAction\":[{\"@type\":\"SearchAction\",\"target\":{\"@type\":\"EntryPoint\",\"urlTemplate\":\"https:\\\/\\\/elfvaping.com\\\/cs\\\/?s={search_term_string}\"},\"query-input\":{\"@type\":\"PropertyValueSpecification\",\"valueRequired\":true,\"valueName\":\"search_term_string\"}}],\"inLanguage\":\"de\"},{\"@type\":\"Organization\",\"@id\":\"https:\\\/\\\/elfvaping.com\\\/cs\\\/#organization\",\"name\":\"Elf Vaping\",\"url\":\"https:\\\/\\\/elfvaping.com\\\/cs\\\/\",\"logo\":{\"@type\":\"ImageObject\",\"inLanguage\":\"de\",\"@id\":\"https:\\\/\\\/elfvaping.com\\\/cs\\\/#\\\/schema\\\/logo\\\/image\\\/\",\"url\":\"https:\\\/\\\/elfvaping.com\\\/wp-content\\\/uploads\\\/2024\\\/06\\\/elfvaping-logo.webp\",\"contentUrl\":\"https:\\\/\\\/elfvaping.com\\\/wp-content\\\/uploads\\\/2024\\\/06\\\/elfvaping-logo.webp\",\"width\":400,\"height\":111,\"caption\":\"Elf Vaping\"},\"image\":{\"@id\":\"https:\\\/\\\/elfvaping.com\\\/cs\\\/#\\\/schema\\\/logo\\\/image\\\/\"},\"sameAs\":[\"https:\\\/\\\/www.facebook.com\\\/elfvaping\",\"https:\\\/\\\/instagram.com\\\/elfvaping\\\/\"]}]}<\/script>\n<!-- \/ Yoast SEO plugin. -->","yoast_head_json":{"title":"Cookies-Richtlinie - Elf Vaping","robots":{"index":"index","follow":"follow","max-snippet":"max-snippet:-1","max-image-preview":"max-image-preview:large","max-video-preview":"max-video-preview:-1"},"canonical":"https:\/\/elfvaping.com\/de\/cookie-richtlinie\/","og_locale":"de_DE","og_type":"article","og_title":"Cookies Policy - Elf Vaping","og_description":"Last updated: April 26, 2024 This Cookies Policy delineates the utilization of Cookies on our website, elfvaping.com. Familiarizing yourself with this policy will provide insight into the types of Cookies we utilize, the information garnered through Cookies, and its subsequent application. This policy has been crafted with the aid of the Cookies Policy Generator. Cookies [...]","og_url":"https:\/\/elfvaping.com\/de\/cookie-richtlinie\/","og_site_name":"Elf Vaping","article_publisher":"https:\/\/www.facebook.com\/elfvaping","article_modified_time":"2026-02-24T03:31:26+00:00","twitter_card":"summary_large_image","twitter_misc":{"Gesch\u00e4tzte Lesezeit":"3\u00a0Minuten"},"schema":{"@context":"https:\/\/schema.org","@graph":[{"@type":"WebPage","@id":"https:\/\/elfvaping.com\/cookies-policy\/","url":"https:\/\/elfvaping.com\/cookies-policy\/","name":"Cookies-Richtlinie - Elf Vaping","isPartOf":{"@id":"https:\/\/elfvaping.com\/cs\/#website"},"datePublished":"2024-06-16T02:49:40+00:00","dateModified":"2026-02-24T03:31:26+00:00","breadcrumb":{"@id":"https:\/\/elfvaping.com\/cookies-policy\/#breadcrumb"},"inLanguage":"de","potentialAction":[{"@type":"ReadAction","target":["https:\/\/elfvaping.com\/cookies-policy\/"]}]},{"@type":"BreadcrumbList","@id":"https:\/\/elfvaping.com\/cookies-policy\/#breadcrumb","itemListElement":[{"@type":"ListItem","position":1,"name":"Home","item":"https:\/\/elfvaping.com\/"},{"@type":"ListItem","position":2,"name":"Cookies Policy"}]},{"@type":"WebSite","@id":"https:\/\/elfvaping.com\/cs\/#website","url":"https:\/\/elfvaping.com\/cs\/","name":"Elf Dampfen","description":"Beste Gro\u00dfhandelspreise f\u00fcr Einweg-Vapes","publisher":{"@id":"https:\/\/elfvaping.com\/cs\/#organization"},"potentialAction":[{"@type":"SearchAction","target":{"@type":"EntryPoint","urlTemplate":"https:\/\/elfvaping.com\/cs\/?s={search_term_string}"},"query-input":{"@type":"PropertyValueSpecification","valueRequired":true,"valueName":"search_term_string"}}],"inLanguage":"de"},{"@type":"Organization","@id":"https:\/\/elfvaping.com\/cs\/#organization","name":"Elf Dampfen","url":"https:\/\/elfvaping.com\/cs\/","logo":{"@type":"ImageObject","inLanguage":"de","@id":"https:\/\/elfvaping.com\/cs\/#\/schema\/logo\/image\/","url":"https:\/\/elfvaping.com\/wp-content\/uploads\/2024\/06\/elfvaping-logo.webp","contentUrl":"https:\/\/elfvaping.com\/wp-content\/uploads\/2024\/06\/elfvaping-logo.webp","width":400,"height":111,"caption":"Elf Vaping"},"image":{"@id":"https:\/\/elfvaping.com\/cs\/#\/schema\/logo\/image\/"},"sameAs":["https:\/\/www.facebook.com\/elfvaping","https:\/\/instagram.com\/elfvaping\/"]}]}},"jetpack_sharing_enabled":true,"_links":{"self":[{"href":"https:\/\/elfvaping.com\/de\/wp-json\/wp\/v2\/pages\/585","targetHints":{"allow":["GET"]}}],"collection":[{"href":"https:\/\/elfvaping.com\/de\/wp-json\/wp\/v2\/pages"}],"about":[{"href":"https:\/\/elfvaping.com\/de\/wp-json\/wp\/v2\/types\/page"}],"author":[{"embeddable":true,"href":"https:\/\/elfvaping.com\/de\/wp-json\/wp\/v2\/users\/1"}],"replies":[{"embeddable":true,"href":"https:\/\/elfvaping.com\/de\/wp-json\/wp\/v2\/comments?post=585"}],"version-history":[{"count":0,"href":"https:\/\/elfvaping.com\/de\/wp-json\/wp\/v2\/pages\/585\/revisions"}],"wp:attachment":[{"href":"https:\/\/elfvaping.com\/de\/wp-json\/wp\/v2\/media?parent=585"}],"curies":[{"name":"wp","href":"https:\/\/api.w.org\/{rel}","templated":true}]}}