{"id":1482,"date":"2024-06-16T02:52:54","date_gmt":"2024-06-16T02:52:54","guid":{"rendered":"https:\/\/elfvaping.com\/?page_id=1482"},"modified":"2026-02-24T03:27:26","modified_gmt":"2026-02-24T03:27:26","slug":"terminos-y-condiciones","status":"publish","type":"page","link":"https:\/\/elfvaping.com\/es\/terms-conditions\/","title":{"rendered":"T\u00e9rminos y Condiciones"},"content":{"rendered":"<p dir=\"auto\">Bienvenidos a elfvaping.com, una tienda en l\u00ednea de primer nivel especializada en la venta de productos de vapeo desechables. A lo largo de este documento, las referencias a \u2018elfvaping.com\u2019, \u2018nosotros\u2019, \u2018nos\u2019 o \u2018nuestro\u2019 se refieren a nuestra plataforma en l\u00ednea.<\/p>\r\n<p dir=\"auto\"><strong>Propiedad y acceso:<\/strong><br \/>elfvaping.com es propiedad y est\u00e1 operado por nosotros, y proporciona acceso sujeto a los t\u00e9rminos y condiciones descritos aqu\u00ed. Al utilizar nuestro sitio web, usted acepta cumplir con estos t\u00e9rminos, incluidas las pol\u00edticas adicionales referenciadas o disponibles a trav\u00e9s de hiperv\u00ednculo.<\/p>\r\n<p dir=\"auto\"><strong>Actualizaciones y modificaciones:<\/strong><br \/>Nos reservamos el derecho de actualizar, cambiar o reemplazar cualquier parte de estos T\u00e9rminos de Servicio a nuestra discreci\u00f3n. Es su responsabilidad revisar estos t\u00e9rminos peri\u00f3dicamente para detectar cualquier cambio. El uso continuado de nuestro sitio web despu\u00e9s de las modificaciones constituye la aceptaci\u00f3n de los t\u00e9rminos actualizados.<\/p>\r\n<p dir=\"auto\"><strong>Responsabilidades del usuario:<\/strong><br \/>Al acceder a nuestro sitio web, usted afirma tener al menos dieciocho (18) a\u00f1os de edad. Cualquier transacci\u00f3n realizada en el sitio implica su aceptaci\u00f3n de estos t\u00e9rminos. Se proh\u00edbe el uso no autorizado o la violaci\u00f3n de la seguridad del sitio web.<\/p>\r\n<p dir=\"auto\"><strong>Errores y Correcciones:<\/strong><br \/>Mientras nos esforzamos por lograr la precisi\u00f3n, es posible que ocurran errores o inexactitudes ocasionales en elfvaping.com. Nos reservamos el derecho de rectificar cualquier problema de este tipo sin previo aviso. No estamos obligados a actualizar la informaci\u00f3n a menos que as\u00ed lo exija la ley.<\/p>\r\n<p dir=\"auto\"><strong>Gesti\u00f3n de Pedidos:<\/strong><br \/>Nos reservamos el derecho de rechazar o modificar cualquier pedido realizado con nosotros. En caso de cambios o cancelaciones de pedidos, haremos intentos razonables para notificarle utilizando la informaci\u00f3n de contacto proporcionada. Es su responsabilidad asegurarse de que la informaci\u00f3n de la cuenta y de la compra sea precisa.<\/p>\r\n<p dir=\"auto\"><strong>Propiedad Intelectual:<\/strong><br \/>Todos los logotipos, marcas comerciales y contenido que se muestran en elfvaping.com son propiedad intelectual de nuestra empresa, sus afiliados o licenciantes. El uso no autorizado de esta propiedad intelectual est\u00e1 estrictamente prohibido.<\/p>\r\n<p dir=\"auto\"><strong>Enlaces hipertextuales y contenido de terceros:<\/strong><br \/>Los hiperv\u00ednculos a elfvaping.com requieren aprobaci\u00f3n previa. No respaldamos ni asumimos responsabilidad por contenido de terceros vinculado a nuestro sitio web.<\/p>\r\n<p dir=\"auto\"><strong>Limitaci\u00f3n de Responsabilidad:<\/strong><br \/>En la medida en que lo permita la ley, no somos responsables de ninguna p\u00e9rdida o da\u00f1o que resulte del uso que usted haga de elfvaping.com. No somos responsables de da\u00f1os indirectos o consecuentes. El uso que usted haga del sitio web implica la aceptaci\u00f3n de estos t\u00e9rminos.<\/p>\r\n<p dir=\"auto\"><strong>Informaci\u00f3n Personal:<\/strong><br \/>La presentaci\u00f3n de informaci\u00f3n personal en elfvaping.com est\u00e1 regida por nuestra Pol\u00edtica de Privacidad.<\/p>\r\n<p dir=\"auto\">Gracias por elegir elfvaping.com. Al acceder a nuestro sitio web, acepta cumplir con estos T\u00e9rminos de Servicio.<\/p>\r\n<p dir=\"auto\">\u00a0<\/p>\r\n<p dir=\"auto\"><span style=\"color: #e14d43;\"><strong>Estos T\u00e9rminos de Servicio y cualquier acuerdo separado por el cual le proporcionemos servicios se regir\u00e1n e interpretar\u00e1n de conformidad con las leyes de HK.<\/strong><\/span><\/p>","protected":false},"excerpt":{"rendered":"<p>Welcome to elfvaping.com, a premier online store specializing in the sale of disposable vape products. Throughout this document, references to &#8216;elfvaping.com,&#8217; &#8216;we,&#8217; &#8216;us,&#8217; or &#8216;our&#8217; pertain to our online platform. Ownership and Access:elfvaping.com is owned and operated by us, providing access subject to the terms and conditions outlined herein. By using our website, you agree [&#8230;]\n","protected":false},"author":1,"featured_media":0,"parent":0,"menu_order":0,"comment_status":"closed","ping_status":"closed","template":"page-blank-title-center.php","meta":{"_lmt_disableupdate":"no","_lmt_disable":"","jetpack_post_was_ever_published":false,"footnotes":""},"class_list":["post-1482","page","type-page","status-publish","hentry"],"yoast_head":"<!-- This site is optimized with the Yoast SEO plugin v27.4 - https:\/\/yoast.com\/product\/yoast-seo-wordpress\/ -->\n<title>Terms &amp; Conditions - Elf Vaping<\/title>\n<meta name=\"robots\" content=\"index, follow, max-snippet:-1, max-image-preview:large, max-video-preview:-1\" \/>\n<link rel=\"canonical\" href=\"https:\/\/elfvaping.com\/es\/terminos-y-condiciones\/\" \/>\n<meta property=\"og:locale\" content=\"es_ES\" \/>\n<meta property=\"og:type\" content=\"article\" \/>\n<meta property=\"og:title\" content=\"Terms &amp; Conditions - Elf Vaping\" \/>\n<meta property=\"og:description\" content=\"Welcome to elfvaping.com, a premier online store specializing in the sale of disposable vape products. Throughout this document, references to &#8216;elfvaping.com,&#8217; &#8216;we,&#8217; &#8216;us,&#8217; or &#8216;our&#8217; pertain to our online platform. Ownership and Access:elfvaping.com is owned and operated by us, providing access subject to the terms and conditions outlined herein. By using our website, you agree [...]\" \/>\n<meta property=\"og:url\" content=\"https:\/\/elfvaping.com\/es\/terminos-y-condiciones\/\" \/>\n<meta property=\"og:site_name\" content=\"Elf Vaping\" \/>\n<meta property=\"article:publisher\" content=\"https:\/\/www.facebook.com\/elfvaping\" \/>\n<meta property=\"article:modified_time\" content=\"2026-02-24T03:27:26+00:00\" \/>\n<meta name=\"twitter:card\" content=\"summary_large_image\" \/>\n<meta name=\"twitter:label1\" content=\"Tiempo de lectura\" \/>\n\t<meta name=\"twitter:data1\" content=\"2 minutos\" \/>\n<script type=\"application\/ld+json\" class=\"yoast-schema-graph\">{\"@context\":\"https:\\\/\\\/schema.org\",\"@graph\":[{\"@type\":\"WebPage\",\"@id\":\"https:\\\/\\\/elfvaping.com\\\/terms-conditions\\\/\",\"url\":\"https:\\\/\\\/elfvaping.com\\\/terms-conditions\\\/\",\"name\":\"Terms & Conditions - Elf Vaping\",\"isPartOf\":{\"@id\":\"https:\\\/\\\/elfvaping.com\\\/cs\\\/#website\"},\"datePublished\":\"2024-06-16T02:52:54+00:00\",\"dateModified\":\"2026-02-24T03:27:26+00:00\",\"breadcrumb\":{\"@id\":\"https:\\\/\\\/elfvaping.com\\\/terms-conditions\\\/#breadcrumb\"},\"inLanguage\":\"es\",\"potentialAction\":[{\"@type\":\"ReadAction\",\"target\":[\"https:\\\/\\\/elfvaping.com\\\/terms-conditions\\\/\"]}]},{\"@type\":\"BreadcrumbList\",\"@id\":\"https:\\\/\\\/elfvaping.com\\\/terms-conditions\\\/#breadcrumb\",\"itemListElement\":[{\"@type\":\"ListItem\",\"position\":1,\"name\":\"Home\",\"item\":\"https:\\\/\\\/elfvaping.com\\\/\"},{\"@type\":\"ListItem\",\"position\":2,\"name\":\"Terms &#038; Conditions\"}]},{\"@type\":\"WebSite\",\"@id\":\"https:\\\/\\\/elfvaping.com\\\/cs\\\/#website\",\"url\":\"https:\\\/\\\/elfvaping.com\\\/cs\\\/\",\"name\":\"Elf Vaping\",\"description\":\"Best Wholesale Prices for Disposable Vapes\",\"publisher\":{\"@id\":\"https:\\\/\\\/elfvaping.com\\\/cs\\\/#organization\"},\"potentialAction\":[{\"@type\":\"SearchAction\",\"target\":{\"@type\":\"EntryPoint\",\"urlTemplate\":\"https:\\\/\\\/elfvaping.com\\\/cs\\\/?s={search_term_string}\"},\"query-input\":{\"@type\":\"PropertyValueSpecification\",\"valueRequired\":true,\"valueName\":\"search_term_string\"}}],\"inLanguage\":\"es\"},{\"@type\":\"Organization\",\"@id\":\"https:\\\/\\\/elfvaping.com\\\/cs\\\/#organization\",\"name\":\"Elf Vaping\",\"url\":\"https:\\\/\\\/elfvaping.com\\\/cs\\\/\",\"logo\":{\"@type\":\"ImageObject\",\"inLanguage\":\"es\",\"@id\":\"https:\\\/\\\/elfvaping.com\\\/cs\\\/#\\\/schema\\\/logo\\\/image\\\/\",\"url\":\"https:\\\/\\\/elfvaping.com\\\/wp-content\\\/uploads\\\/2024\\\/06\\\/elfvaping-logo.webp\",\"contentUrl\":\"https:\\\/\\\/elfvaping.com\\\/wp-content\\\/uploads\\\/2024\\\/06\\\/elfvaping-logo.webp\",\"width\":400,\"height\":111,\"caption\":\"Elf Vaping\"},\"image\":{\"@id\":\"https:\\\/\\\/elfvaping.com\\\/cs\\\/#\\\/schema\\\/logo\\\/image\\\/\"},\"sameAs\":[\"https:\\\/\\\/www.facebook.com\\\/elfvaping\",\"https:\\\/\\\/instagram.com\\\/elfvaping\\\/\"]}]}<\/script>\n<!-- \/ Yoast SEO plugin. -->","yoast_head_json":{"title":"T\u00e9rminos y Condiciones - Elf Vaping","robots":{"index":"index","follow":"follow","max-snippet":"max-snippet:-1","max-image-preview":"max-image-preview:large","max-video-preview":"max-video-preview:-1"},"canonical":"https:\/\/elfvaping.com\/es\/terminos-y-condiciones\/","og_locale":"es_ES","og_type":"article","og_title":"Terms & Conditions - Elf Vaping","og_description":"Welcome to elfvaping.com, a premier online store specializing in the sale of disposable vape products. Throughout this document, references to &#8216;elfvaping.com,&#8217; &#8216;we,&#8217; &#8216;us,&#8217; or &#8216;our&#8217; pertain to our online platform. Ownership and Access:elfvaping.com is owned and operated by us, providing access subject to the terms and conditions outlined herein. By using our website, you agree [...]","og_url":"https:\/\/elfvaping.com\/es\/terminos-y-condiciones\/","og_site_name":"Elf Vaping","article_publisher":"https:\/\/www.facebook.com\/elfvaping","article_modified_time":"2026-02-24T03:27:26+00:00","twitter_card":"summary_large_image","twitter_misc":{"Tiempo de lectura":"2 minutos"},"schema":{"@context":"https:\/\/schema.org","@graph":[{"@type":"WebPage","@id":"https:\/\/elfvaping.com\/terms-conditions\/","url":"https:\/\/elfvaping.com\/terms-conditions\/","name":"T\u00e9rminos y Condiciones - Elf Vaping","isPartOf":{"@id":"https:\/\/elfvaping.com\/cs\/#website"},"datePublished":"2024-06-16T02:52:54+00:00","dateModified":"2026-02-24T03:27:26+00:00","breadcrumb":{"@id":"https:\/\/elfvaping.com\/terms-conditions\/#breadcrumb"},"inLanguage":"es","potentialAction":[{"@type":"ReadAction","target":["https:\/\/elfvaping.com\/terms-conditions\/"]}]},{"@type":"BreadcrumbList","@id":"https:\/\/elfvaping.com\/terms-conditions\/#breadcrumb","itemListElement":[{"@type":"ListItem","position":1,"name":"Home","item":"https:\/\/elfvaping.com\/"},{"@type":"ListItem","position":2,"name":"Terms &#038; Conditions"}]},{"@type":"WebSite","@id":"https:\/\/elfvaping.com\/cs\/#website","url":"https:\/\/elfvaping.com\/cs\/","name":"Elf Vapeo","description":"Mejores precios al por mayor para vaporizadores desechables","publisher":{"@id":"https:\/\/elfvaping.com\/cs\/#organization"},"potentialAction":[{"@type":"SearchAction","target":{"@type":"EntryPoint","urlTemplate":"https:\/\/elfvaping.com\/cs\/?s={search_term_string}"},"query-input":{"@type":"PropertyValueSpecification","valueRequired":true,"valueName":"search_term_string"}}],"inLanguage":"es"},{"@type":"Organization","@id":"https:\/\/elfvaping.com\/cs\/#organization","name":"Elf Vapeo","url":"https:\/\/elfvaping.com\/cs\/","logo":{"@type":"ImageObject","inLanguage":"es","@id":"https:\/\/elfvaping.com\/cs\/#\/schema\/logo\/image\/","url":"https:\/\/elfvaping.com\/wp-content\/uploads\/2024\/06\/elfvaping-logo.webp","contentUrl":"https:\/\/elfvaping.com\/wp-content\/uploads\/2024\/06\/elfvaping-logo.webp","width":400,"height":111,"caption":"Elf Vaping"},"image":{"@id":"https:\/\/elfvaping.com\/cs\/#\/schema\/logo\/image\/"},"sameAs":["https:\/\/www.facebook.com\/elfvaping","https:\/\/instagram.com\/elfvaping\/"]}]}},"jetpack_sharing_enabled":true,"_links":{"self":[{"href":"https:\/\/elfvaping.com\/es\/wp-json\/wp\/v2\/pages\/1482","targetHints":{"allow":["GET"]}}],"collection":[{"href":"https:\/\/elfvaping.com\/es\/wp-json\/wp\/v2\/pages"}],"about":[{"href":"https:\/\/elfvaping.com\/es\/wp-json\/wp\/v2\/types\/page"}],"author":[{"embeddable":true,"href":"https:\/\/elfvaping.com\/es\/wp-json\/wp\/v2\/users\/1"}],"replies":[{"embeddable":true,"href":"https:\/\/elfvaping.com\/es\/wp-json\/wp\/v2\/comments?post=1482"}],"version-history":[{"count":0,"href":"https:\/\/elfvaping.com\/es\/wp-json\/wp\/v2\/pages\/1482\/revisions"}],"wp:attachment":[{"href":"https:\/\/elfvaping.com\/es\/wp-json\/wp\/v2\/media?parent=1482"}],"curies":[{"name":"wp","href":"https:\/\/api.w.org\/{rel}","templated":true}]}}