{"id":585,"date":"2024-06-16T02:49:40","date_gmt":"2024-06-16T02:49:40","guid":{"rendered":"https:\/\/elfvaping.com\/?page_id=585"},"modified":"2026-02-24T03:31:26","modified_gmt":"2026-02-24T03:31:26","slug":"politica-de-cookies","status":"publish","type":"page","link":"https:\/\/elfvaping.com\/es\/cookies-policy\/","title":{"rendered":"Pol\u00edtica de Cookies"},"content":{"rendered":"<p>\u00daltima actualizaci\u00f3n: 26 de abril de 2024<\/p>\n<p>Esta Pol\u00edtica de Cookies describe el uso de Cookies en nuestro sitio web, elfvaping.com. Familiarizarse con esta pol\u00edtica proporcionar\u00e1 informaci\u00f3n sobre los tipos de Cookies que utilizamos, la informaci\u00f3n recopilada a trav\u00e9s de Cookies y su posterior aplicaci\u00f3n. Esta pol\u00edtica ha sido elaborada con la ayuda del Generador de Pol\u00edticas de Cookies.<\/p>\n<p>Las cookies generalmente no contienen informaci\u00f3n que identifique directamente a un usuario. Sin embargo, la informaci\u00f3n personal almacenada sobre usted puede estar asociada con la informaci\u00f3n almacenada en las cookies y derivada de ellas. Para obtener detalles completos sobre c\u00f3mo utilizamos, almacenamos y protegemos sus datos personales, por favor consulte nuestra Pol\u00edtica de Privacidad.<\/p>\n<p>No se almacena informaci\u00f3n personal sensible, como direcciones de correo o contrase\u00f1as de cuenta, en las Cookies que empleamos.<\/p>\n<p>Interpretaci\u00f3n y Definiciones<\/p>\n<p>T\u00e9rminos de Interpretaci\u00f3n con iniciales may\u00fasculas tienen significados especificados bajo las siguientes condiciones. Estas definiciones se aplican independientemente de que aparezcan en forma singular o plural.<\/p>\n<p>Definiciones A los efectos de esta Pol\u00edtica de Cookies:<\/p>\n<p>La Compa\u00f1\u00eda (denominada indistintamente como \u201cla Compa\u00f1\u00eda\u201d, \u201cNosotros\u201d, \u201cNos\u201d o \u201cNuestro\u201d en esta Pol\u00edtica de Cookies) se refiere a elfvaping.com. Las cookies son peque\u00f1os archivos colocados en su computadora, dispositivo m\u00f3vil o cualquier otro dispositivo por un sitio web, que contienen detalles de su historial de navegaci\u00f3n en ese sitio web, entre sus diversos usos. El sitio web se refiere a elfvaping.com, accesible desde <a href=\"https:\/\/elfvaping.com\/es\/\" target=\"_new\" rel=\"noopener\">https:\/\/elfvaping.com\/<\/a> Usted designa al individuo que accede o utiliza el Sitio Web, o a una empresa, o a cualquier entidad legal en nombre de la cual dicho individuo accede o utiliza el Sitio Web, seg\u00fan corresponda. El Uso de Cookies<\/p>\n<p>Tipos de Cookies que Utilizamos Las cookies se pueden clasificar como \u201cPersistentes\u201d o \u201cDe Sesi\u00f3n\u201d. Las Cookies Persistentes permanecen en su computadora personal o dispositivo m\u00f3vil incluso cuando est\u00e1 desconectado, mientras que las Cookies de Sesi\u00f3n se eliminan tan pronto como cierra su navegador web.<\/p>\n<p>Empleamos Cookies tanto de sesi\u00f3n como persistentes para los siguientes prop\u00f3sitos:<\/p>\n<p>Cookies necesarias \/ esenciales<\/p>\n<p>Tipo: Cookies de sesi\u00f3n<\/p>\n<p>Administrado por: Nosotros<\/p>\n<p>Prop\u00f3sito: Estas Cookies son indispensables para proporcionarte los servicios disponibles a trav\u00e9s del Sitio web y permitirte utilizar algunas de sus caracter\u00edsticas. Ayudan en la autenticaci\u00f3n de usuarios y previenen el uso fraudulento de cuentas de usuario. Sin estas Cookies, los servicios que has solicitado no pueden ser proporcionados, y nosotros \u00fanicamente empleamos estas Cookies para proporcionarte dichos servicios.<\/p>\n<p>Cookies de funcionalidad<\/p>\n<p>Tipo: Cookies persistentes<\/p>\n<p>Administrado por: Nosotros<\/p>\n<p>Prop\u00f3sito: Estas Cookies nos permiten recordar las elecciones que haces mientras usas el Sitio web, como retener tus detalles de inicio de sesi\u00f3n o preferencia de idioma. La intenci\u00f3n detr\u00e1s de estas Cookies es ofrecerte una experiencia m\u00e1s personalizada y evitar que debas volver a ingresar tus preferencias cada vez que interact\u00faes con el Sitio web.<\/p>\n<p>Sus Elecciones Respecto a las Cookies Si opta por abstenerse del uso de Cookies en el Sitio web, en primer lugar, debe desactivar la utilizaci\u00f3n de Cookies en su navegador y posteriormente borrar las Cookies guardadas en su navegador asociadas con este sitio web. Conserva la opci\u00f3n de emplear este m\u00e9todo para evitar el uso de Cookies en cualquier momento.<\/p>\n<p>Si rechaza nuestras Cookies, puede experimentar inconvenientes en su utilizaci\u00f3n del Sitio web y ciertas caracter\u00edsticas pueden no funcionar de manera \u00f3ptima.<\/p>\n<p>Si desea eliminar las Cookies o instruir a su navegador web para que elimine o rechace las Cookies, por favor revise las p\u00e1ginas de ayuda de su navegador web.<\/p>\n<p>Para el navegador web Chrome, por favor visite esta p\u00e1gina de Google: <a href=\"https:\/\/support.google.com\/accounts\/answer\/32050\" rel=\"nofollow\">https:\/\/support.google.com\/accounts\/answer\/32050<\/a><\/p>\n<p>Para el navegador web Internet Explorer, visite esta p\u00e1gina de Microsoft: <a href=\"http:\/\/support.microsoft.com\/kb\/278835\" rel=\"nofollow\">http:\/\/support.microsoft.com\/kb\/278835<\/a><\/p>\n<p>Para el navegador web Firefox, por favor visite esta p\u00e1gina de Mozilla: <a href=\"https:\/\/support.mozilla.org\/en-US\/kb\/delete-cookies-remove-info-websites-stored\" rel=\"nofollow\">https:\/\/support.mozilla.org\/en-US\/kb\/delete-cookies-remove-info-websites-stored<\/a><\/p>\n<p>Para el navegador web Safari, por favor visite esta p\u00e1gina de Apple: <a href=\"https:\/\/support.apple.com\/guide\/safari\/manage-cookies-and-website-data-sfri11471\/mac\" rel=\"nofollow\">https:\/\/support.apple.com\/guide\/safari\/manage-cookies-and-website-data-sfri11471\/mac<\/a><\/p>\n<p>Para cualquier otro navegador web, visite las p\u00e1ginas web oficiales de su navegador web.<\/p>\n<p>M\u00e1s informaci\u00f3n sobre las cookies Para profundizar en el tema de las cookies, puede visitar Todo sobre las cookies de TermsFeed.<\/p>\n<p>Cont\u00e1ctenos Si tiene alguna consulta sobre esta Pol\u00edtica de Cookies, no dude en hac\u00e9rselo saber:<\/p>\n<p>Por correo electr\u00f3nico: <a target=\"_new\" rel=\"noopener\">info@elfvaping.com<\/a><\/p>","protected":false},"excerpt":{"rendered":"<p>Last updated: April 26, 2024 This Cookies Policy delineates the utilization of Cookies on our website, elfvaping.com. Familiarizing yourself with this policy will provide insight into the types of Cookies we utilize, the information garnered through Cookies, and its subsequent application. This policy has been crafted with the aid of the Cookies Policy Generator. Cookies [&#8230;]\n","protected":false},"author":1,"featured_media":0,"parent":0,"menu_order":0,"comment_status":"closed","ping_status":"closed","template":"page-blank-title-center.php","meta":{"_lmt_disableupdate":"no","_lmt_disable":"","footnotes":""},"class_list":["post-585","page","type-page","status-publish","hentry"],"yoast_head":"<!-- This site is optimized with the Yoast SEO plugin v27.6 - https:\/\/yoast.com\/product\/yoast-seo-wordpress\/ -->\n<title>Cookies Policy - Elf Vaping<\/title>\n<meta name=\"robots\" content=\"index, follow, max-snippet:-1, max-image-preview:large, max-video-preview:-1\" \/>\n<link rel=\"canonical\" href=\"https:\/\/elfvaping.com\/es\/politica-de-cookies\/\" \/>\n<meta property=\"og:locale\" content=\"es_ES\" \/>\n<meta property=\"og:type\" content=\"article\" \/>\n<meta property=\"og:title\" content=\"Cookies Policy - Elf Vaping\" \/>\n<meta property=\"og:description\" content=\"Last updated: April 26, 2024 This Cookies Policy delineates the utilization of Cookies on our website, elfvaping.com. Familiarizing yourself with this policy will provide insight into the types of Cookies we utilize, the information garnered through Cookies, and its subsequent application. This policy has been crafted with the aid of the Cookies Policy Generator. Cookies [...]\" \/>\n<meta property=\"og:url\" content=\"https:\/\/elfvaping.com\/es\/politica-de-cookies\/\" \/>\n<meta property=\"og:site_name\" content=\"Elf Vaping\" \/>\n<meta property=\"article:publisher\" content=\"https:\/\/www.facebook.com\/elfvaping\" \/>\n<meta property=\"article:modified_time\" content=\"2026-02-24T03:31:26+00:00\" \/>\n<meta name=\"twitter:card\" content=\"summary_large_image\" \/>\n<meta name=\"twitter:label1\" content=\"Tiempo de lectura\" \/>\n\t<meta name=\"twitter:data1\" content=\"3 minutos\" \/>\n<script type=\"application\/ld+json\" class=\"yoast-schema-graph\">{\"@context\":\"https:\\\/\\\/schema.org\",\"@graph\":[{\"@type\":\"WebPage\",\"@id\":\"https:\\\/\\\/elfvaping.com\\\/cookies-policy\\\/\",\"url\":\"https:\\\/\\\/elfvaping.com\\\/cookies-policy\\\/\",\"name\":\"Cookies Policy - Elf Vaping\",\"isPartOf\":{\"@id\":\"https:\\\/\\\/elfvaping.com\\\/cs\\\/#website\"},\"datePublished\":\"2024-06-16T02:49:40+00:00\",\"dateModified\":\"2026-02-24T03:31:26+00:00\",\"breadcrumb\":{\"@id\":\"https:\\\/\\\/elfvaping.com\\\/cookies-policy\\\/#breadcrumb\"},\"inLanguage\":\"es\",\"potentialAction\":[{\"@type\":\"ReadAction\",\"target\":[\"https:\\\/\\\/elfvaping.com\\\/cookies-policy\\\/\"]}]},{\"@type\":\"BreadcrumbList\",\"@id\":\"https:\\\/\\\/elfvaping.com\\\/cookies-policy\\\/#breadcrumb\",\"itemListElement\":[{\"@type\":\"ListItem\",\"position\":1,\"name\":\"Home\",\"item\":\"https:\\\/\\\/elfvaping.com\\\/\"},{\"@type\":\"ListItem\",\"position\":2,\"name\":\"Cookies Policy\"}]},{\"@type\":\"WebSite\",\"@id\":\"https:\\\/\\\/elfvaping.com\\\/cs\\\/#website\",\"url\":\"https:\\\/\\\/elfvaping.com\\\/cs\\\/\",\"name\":\"Elf Vaping\",\"description\":\"Best Wholesale Prices for Disposable Vapes\",\"publisher\":{\"@id\":\"https:\\\/\\\/elfvaping.com\\\/cs\\\/#organization\"},\"potentialAction\":[{\"@type\":\"SearchAction\",\"target\":{\"@type\":\"EntryPoint\",\"urlTemplate\":\"https:\\\/\\\/elfvaping.com\\\/cs\\\/?s={search_term_string}\"},\"query-input\":{\"@type\":\"PropertyValueSpecification\",\"valueRequired\":true,\"valueName\":\"search_term_string\"}}],\"inLanguage\":\"es\"},{\"@type\":\"Organization\",\"@id\":\"https:\\\/\\\/elfvaping.com\\\/cs\\\/#organization\",\"name\":\"Elf Vaping\",\"url\":\"https:\\\/\\\/elfvaping.com\\\/cs\\\/\",\"logo\":{\"@type\":\"ImageObject\",\"inLanguage\":\"es\",\"@id\":\"https:\\\/\\\/elfvaping.com\\\/cs\\\/#\\\/schema\\\/logo\\\/image\\\/\",\"url\":\"https:\\\/\\\/elfvaping.com\\\/wp-content\\\/uploads\\\/2024\\\/06\\\/elfvaping-logo.webp\",\"contentUrl\":\"https:\\\/\\\/elfvaping.com\\\/wp-content\\\/uploads\\\/2024\\\/06\\\/elfvaping-logo.webp\",\"width\":400,\"height\":111,\"caption\":\"Elf Vaping\"},\"image\":{\"@id\":\"https:\\\/\\\/elfvaping.com\\\/cs\\\/#\\\/schema\\\/logo\\\/image\\\/\"},\"sameAs\":[\"https:\\\/\\\/www.facebook.com\\\/elfvaping\",\"https:\\\/\\\/instagram.com\\\/elfvaping\\\/\"]}]}<\/script>\n<!-- \/ Yoast SEO plugin. -->","yoast_head_json":{"title":"Pol\u00edtica de Cookies - Elf Vaping","robots":{"index":"index","follow":"follow","max-snippet":"max-snippet:-1","max-image-preview":"max-image-preview:large","max-video-preview":"max-video-preview:-1"},"canonical":"https:\/\/elfvaping.com\/es\/politica-de-cookies\/","og_locale":"es_ES","og_type":"article","og_title":"Cookies Policy - Elf Vaping","og_description":"Last updated: April 26, 2024 This Cookies Policy delineates the utilization of Cookies on our website, elfvaping.com. Familiarizing yourself with this policy will provide insight into the types of Cookies we utilize, the information garnered through Cookies, and its subsequent application. This policy has been crafted with the aid of the Cookies Policy Generator. Cookies [...]","og_url":"https:\/\/elfvaping.com\/es\/politica-de-cookies\/","og_site_name":"Elf Vaping","article_publisher":"https:\/\/www.facebook.com\/elfvaping","article_modified_time":"2026-02-24T03:31:26+00:00","twitter_card":"summary_large_image","twitter_misc":{"Tiempo de lectura":"3 minutos"},"schema":{"@context":"https:\/\/schema.org","@graph":[{"@type":"WebPage","@id":"https:\/\/elfvaping.com\/cookies-policy\/","url":"https:\/\/elfvaping.com\/cookies-policy\/","name":"Pol\u00edtica de Cookies - Elf Vaping","isPartOf":{"@id":"https:\/\/elfvaping.com\/cs\/#website"},"datePublished":"2024-06-16T02:49:40+00:00","dateModified":"2026-02-24T03:31:26+00:00","breadcrumb":{"@id":"https:\/\/elfvaping.com\/cookies-policy\/#breadcrumb"},"inLanguage":"es","potentialAction":[{"@type":"ReadAction","target":["https:\/\/elfvaping.com\/cookies-policy\/"]}]},{"@type":"BreadcrumbList","@id":"https:\/\/elfvaping.com\/cookies-policy\/#breadcrumb","itemListElement":[{"@type":"ListItem","position":1,"name":"Home","item":"https:\/\/elfvaping.com\/"},{"@type":"ListItem","position":2,"name":"Cookies Policy"}]},{"@type":"WebSite","@id":"https:\/\/elfvaping.com\/cs\/#website","url":"https:\/\/elfvaping.com\/cs\/","name":"Elf Vapeo","description":"Mejores precios al por mayor para vaporizadores desechables","publisher":{"@id":"https:\/\/elfvaping.com\/cs\/#organization"},"potentialAction":[{"@type":"SearchAction","target":{"@type":"EntryPoint","urlTemplate":"https:\/\/elfvaping.com\/cs\/?s={search_term_string}"},"query-input":{"@type":"PropertyValueSpecification","valueRequired":true,"valueName":"search_term_string"}}],"inLanguage":"es"},{"@type":"Organization","@id":"https:\/\/elfvaping.com\/cs\/#organization","name":"Elf Vapeo","url":"https:\/\/elfvaping.com\/cs\/","logo":{"@type":"ImageObject","inLanguage":"es","@id":"https:\/\/elfvaping.com\/cs\/#\/schema\/logo\/image\/","url":"https:\/\/elfvaping.com\/wp-content\/uploads\/2024\/06\/elfvaping-logo.webp","contentUrl":"https:\/\/elfvaping.com\/wp-content\/uploads\/2024\/06\/elfvaping-logo.webp","width":400,"height":111,"caption":"Elf Vaping"},"image":{"@id":"https:\/\/elfvaping.com\/cs\/#\/schema\/logo\/image\/"},"sameAs":["https:\/\/www.facebook.com\/elfvaping","https:\/\/instagram.com\/elfvaping\/"]}]}},"jetpack_sharing_enabled":true,"_links":{"self":[{"href":"https:\/\/elfvaping.com\/es\/wp-json\/wp\/v2\/pages\/585","targetHints":{"allow":["GET"]}}],"collection":[{"href":"https:\/\/elfvaping.com\/es\/wp-json\/wp\/v2\/pages"}],"about":[{"href":"https:\/\/elfvaping.com\/es\/wp-json\/wp\/v2\/types\/page"}],"author":[{"embeddable":true,"href":"https:\/\/elfvaping.com\/es\/wp-json\/wp\/v2\/users\/1"}],"replies":[{"embeddable":true,"href":"https:\/\/elfvaping.com\/es\/wp-json\/wp\/v2\/comments?post=585"}],"version-history":[{"count":0,"href":"https:\/\/elfvaping.com\/es\/wp-json\/wp\/v2\/pages\/585\/revisions"}],"wp:attachment":[{"href":"https:\/\/elfvaping.com\/es\/wp-json\/wp\/v2\/media?parent=585"}],"curies":[{"name":"wp","href":"https:\/\/api.w.org\/{rel}","templated":true}]}}