{"id":2,"date":"2024-06-16T02:16:33","date_gmt":"2024-06-16T02:16:33","guid":{"rendered":"http:\/\/elfvaping.com\/?page_id=2"},"modified":"2025-12-12T03:44:43","modified_gmt":"2025-12-12T03:44:43","slug":"meist","status":"publish","type":"page","link":"https:\/\/elfvaping.com\/et\/about-us\/","title":{"rendered":"ElfVapingust"},"content":{"rendered":"<div class=\"row\"  id=\"row-1286865344\">\n\n\t<div id=\"col-590148947\" class=\"col medium-6 small-12 large-6\"  >\n\t\t\t\t<div class=\"col-inner\"  >\n\t\t\t\n\t\t\t\n<p>Tere tulemast elfvaping.com-i, teie peamisesse veebipoodi, mis on spetsialiseerunud <a href=\"https:\/\/elfvaping.com\/et\/\">\u00fchekordselt kasutatav vape<\/a> Tooted.<\/p>\n<p>5 aastat t\u00f6\u00f6stuses tegutsedes oleme end sisse seadnud tunnustatud kaubam\u00e4rkide, nagu Elf Box, juhtivaks turustajaks, <a href=\"https:\/\/elfvaping.com\/et\/tootekategooria\/herilane\/\"><strong>Herilane<\/strong><\/a>, Zgar, <a href=\"https:\/\/elfvaping.com\/et\/tootekategooria\/randm\/\"><strong>RandM Tornado<\/strong><\/a>, <a href=\"https:\/\/elfvaping.com\/et\/tootekategooria\/pauk\/\">Bang Box<\/a>, Doloda, <strong><a href=\"https:\/\/elfvaping.com\/et\/tootekategooria\/bimo\/\">BIMO<\/a><\/strong>, FluuM ja veel palju teisi. Meie tooted on \u00fclemaailmselt tunnustatud ja neid kasutavad kliendid paljudes riikides.<\/p>\n<p>elvaping.com veebilehel pakume laia valikut \u00fchekordselt kasutatavaid veipimisvahendeid nii jaem\u00fc\u00fcgi kui ka hulgim\u00fc\u00fcgi eesm\u00e4rkidel. Meie kvaliteedi ja klientide rahulolu tagamise kohustus eristab meid kui usaldusv\u00e4\u00e4rset ja professionaalset veipimistarvete m\u00fc\u00fcjat.<\/p>\n<p>Avastage meie kogu <a href=\"https:\/\/elfvaping.com\/et\/tootekategooria\/pakapiku-kast\/\">Elf Box \u00dchekordsed Aurustid<\/a>, <strong>RandM Tornado, <\/strong><a href=\"https:\/\/elfvaping.com\/et\/tootekategooria\/vapsolo\/\">Aurustid<\/a>, Juvape, Waka tooted ja muud juhtivad kaubam\u00e4rgid, et leida teie vajadustele sobiv t\u00e4iuslik aurustamislahendus. Olenemata sellest, kas olete kogenud aurusti v\u00f5i uus aurustamise maailmas, on meil k\u00f5igile midagi.<\/p>\n<p>Koos <a href=\"https:\/\/elfvaping.com\/et\/\">elfvaping.com<\/a>, v\u00f5ite oodata sujuvat ostukogemust, konkurentsiv\u00f5imelisi hindu ja mitmekesist valikut maitseid ja seadmeid, mis t\u00e4iustavad teie veipimise teekonda. Liituge meie rahulolevate klientidega \u00fcle maailma ja avastage \u00fchekordselt kasutatavate veipide mugavus ja rahulolu.<\/p>\n<p>Kogege mugavust ja rahulolu \u00fchekordselt kasutatavate veipidega saidilt elfvaping.com. Ostke kohe ja nautige \u00fclimat veipimiskogemust!<\/p>\n\t\t<\/div>\n\t\t\t\t\t<\/div>\n\n\t\n\n\t<div id=\"col-1071525910\" class=\"col medium-6 small-12 large-6\"  >\n\t\t\t\t<div class=\"col-inner\"  >\n\t\t\t\n\t\t\t\n\t<div class=\"img has-hover x md-x lg-x y md-y lg-y\" id=\"image_2129204374\">\n\t\t\t\t\t\t\t\t<div class=\"img-inner dark\" >\n\t\t\t<img loading=\"lazy\" decoding=\"async\" width=\"800\" height=\"800\" src=\"https:\/\/elfvaping.com\/wp-content\/uploads\/2024\/08\/AIVONO-BANG-MAXI-15000-Puffs-14.webp\" class=\"attachment-large size-large\" alt=\"\" srcset=\"https:\/\/elfvaping.com\/wp-content\/uploads\/2024\/08\/AIVONO-BANG-MAXI-15000-Puffs-14.webp 800w, https:\/\/elfvaping.com\/wp-content\/uploads\/2024\/08\/AIVONO-BANG-MAXI-15000-Puffs-14-300x300.webp 300w, https:\/\/elfvaping.com\/wp-content\/uploads\/2024\/08\/AIVONO-BANG-MAXI-15000-Puffs-14-150x150.webp 150w, https:\/\/elfvaping.com\/wp-content\/uploads\/2024\/08\/AIVONO-BANG-MAXI-15000-Puffs-14-768x768.webp 768w, https:\/\/elfvaping.com\/wp-content\/uploads\/2024\/08\/AIVONO-BANG-MAXI-15000-Puffs-14-12x12.webp 12w, https:\/\/elfvaping.com\/wp-content\/uploads\/2024\/08\/AIVONO-BANG-MAXI-15000-Puffs-14-600x600.webp 600w, https:\/\/elfvaping.com\/wp-content\/uploads\/2024\/08\/AIVONO-BANG-MAXI-15000-Puffs-14-100x100.webp 100w\" sizes=\"auto, (max-width: 800px) 100vw, 800px\" \/>\t\t\t\t\t\t\n\t\t\t\t\t<\/div>\n\t\t\t\t\t\t\t\t\n<style>\n#image_2129204374 {\n  width: 100%;\n}\n<\/style>\n\t<\/div>\n\t\n\t\t<\/div>\n\t\t\t\t\t<\/div>\n\n\t\n<\/div>","protected":false},"excerpt":{"rendered":"","protected":false},"author":1,"featured_media":0,"parent":0,"menu_order":0,"comment_status":"closed","ping_status":"closed","template":"page-blank-title-center.php","meta":{"_lmt_disableupdate":"","_lmt_disable":"","jetpack_post_was_ever_published":false,"footnotes":""},"class_list":["post-2","page","type-page","status-publish","hentry"],"yoast_head":"<!-- This site is optimized with the Yoast SEO plugin v27.4 - https:\/\/yoast.com\/product\/yoast-seo-wordpress\/ -->\n<title>About ElfVaping - Elf Vaping<\/title>\n<meta name=\"robots\" content=\"index, follow, max-snippet:-1, max-image-preview:large, max-video-preview:-1\" \/>\n<link rel=\"canonical\" href=\"https:\/\/elfvaping.com\/et\/meist\/\" \/>\n<meta property=\"og:locale\" content=\"et_EE\" \/>\n<meta property=\"og:type\" content=\"article\" \/>\n<meta property=\"og:title\" content=\"About ElfVaping - Elf Vaping\" \/>\n<meta property=\"og:url\" content=\"https:\/\/elfvaping.com\/et\/meist\/\" \/>\n<meta property=\"og:site_name\" content=\"Elf Vaping\" \/>\n<meta property=\"article:publisher\" content=\"https:\/\/www.facebook.com\/elfvaping\" \/>\n<meta property=\"article:modified_time\" content=\"2025-12-12T03:44:43+00:00\" \/>\n<meta name=\"twitter:card\" content=\"summary_large_image\" \/>\n<meta name=\"twitter:label1\" content=\"Est. reading time\" \/>\n\t<meta name=\"twitter:data1\" content=\"1 minut\" \/>\n<script type=\"application\/ld+json\" class=\"yoast-schema-graph\">{\"@context\":\"https:\\\/\\\/schema.org\",\"@graph\":[{\"@type\":\"WebPage\",\"@id\":\"https:\\\/\\\/elfvaping.com\\\/about-us\\\/\",\"url\":\"https:\\\/\\\/elfvaping.com\\\/about-us\\\/\",\"name\":\"About ElfVaping - Elf Vaping\",\"isPartOf\":{\"@id\":\"https:\\\/\\\/elfvaping.com\\\/cs\\\/#website\"},\"datePublished\":\"2024-06-16T02:16:33+00:00\",\"dateModified\":\"2025-12-12T03:44:43+00:00\",\"breadcrumb\":{\"@id\":\"https:\\\/\\\/elfvaping.com\\\/about-us\\\/#breadcrumb\"},\"inLanguage\":\"et\",\"potentialAction\":[{\"@type\":\"ReadAction\",\"target\":[\"https:\\\/\\\/elfvaping.com\\\/about-us\\\/\"]}]},{\"@type\":\"BreadcrumbList\",\"@id\":\"https:\\\/\\\/elfvaping.com\\\/about-us\\\/#breadcrumb\",\"itemListElement\":[{\"@type\":\"ListItem\",\"position\":1,\"name\":\"Home\",\"item\":\"https:\\\/\\\/elfvaping.com\\\/\"},{\"@type\":\"ListItem\",\"position\":2,\"name\":\"About ElfVaping\"}]},{\"@type\":\"WebSite\",\"@id\":\"https:\\\/\\\/elfvaping.com\\\/cs\\\/#website\",\"url\":\"https:\\\/\\\/elfvaping.com\\\/cs\\\/\",\"name\":\"Elf Vaping\",\"description\":\"Best Wholesale Prices for Disposable Vapes\",\"publisher\":{\"@id\":\"https:\\\/\\\/elfvaping.com\\\/cs\\\/#organization\"},\"potentialAction\":[{\"@type\":\"SearchAction\",\"target\":{\"@type\":\"EntryPoint\",\"urlTemplate\":\"https:\\\/\\\/elfvaping.com\\\/cs\\\/?s={search_term_string}\"},\"query-input\":{\"@type\":\"PropertyValueSpecification\",\"valueRequired\":true,\"valueName\":\"search_term_string\"}}],\"inLanguage\":\"et\"},{\"@type\":\"Organization\",\"@id\":\"https:\\\/\\\/elfvaping.com\\\/cs\\\/#organization\",\"name\":\"Elf Vaping\",\"url\":\"https:\\\/\\\/elfvaping.com\\\/cs\\\/\",\"logo\":{\"@type\":\"ImageObject\",\"inLanguage\":\"et\",\"@id\":\"https:\\\/\\\/elfvaping.com\\\/cs\\\/#\\\/schema\\\/logo\\\/image\\\/\",\"url\":\"https:\\\/\\\/elfvaping.com\\\/wp-content\\\/uploads\\\/2024\\\/06\\\/elfvaping-logo.webp\",\"contentUrl\":\"https:\\\/\\\/elfvaping.com\\\/wp-content\\\/uploads\\\/2024\\\/06\\\/elfvaping-logo.webp\",\"width\":400,\"height\":111,\"caption\":\"Elf Vaping\"},\"image\":{\"@id\":\"https:\\\/\\\/elfvaping.com\\\/cs\\\/#\\\/schema\\\/logo\\\/image\\\/\"},\"sameAs\":[\"https:\\\/\\\/www.facebook.com\\\/elfvaping\",\"https:\\\/\\\/instagram.com\\\/elfvaping\\\/\"]}]}<\/script>\n<!-- \/ Yoast SEO plugin. -->","yoast_head_json":{"title":"ElfVapingi kohta - Elf Vaping","robots":{"index":"index","follow":"follow","max-snippet":"max-snippet:-1","max-image-preview":"max-image-preview:large","max-video-preview":"max-video-preview:-1"},"canonical":"https:\/\/elfvaping.com\/et\/meist\/","og_locale":"et_EE","og_type":"article","og_title":"About ElfVaping - Elf Vaping","og_url":"https:\/\/elfvaping.com\/et\/meist\/","og_site_name":"Elf Vaping","article_publisher":"https:\/\/www.facebook.com\/elfvaping","article_modified_time":"2025-12-12T03:44:43+00:00","twitter_card":"summary_large_image","twitter_misc":{"Est. reading time":"1 minut"},"schema":{"@context":"https:\/\/schema.org","@graph":[{"@type":"WebPage","@id":"https:\/\/elfvaping.com\/about-us\/","url":"https:\/\/elfvaping.com\/about-us\/","name":"ElfVapingi kohta - Elf Vaping","isPartOf":{"@id":"https:\/\/elfvaping.com\/cs\/#website"},"datePublished":"2024-06-16T02:16:33+00:00","dateModified":"2025-12-12T03:44:43+00:00","breadcrumb":{"@id":"https:\/\/elfvaping.com\/about-us\/#breadcrumb"},"inLanguage":"et","potentialAction":[{"@type":"ReadAction","target":["https:\/\/elfvaping.com\/about-us\/"]}]},{"@type":"BreadcrumbList","@id":"https:\/\/elfvaping.com\/about-us\/#breadcrumb","itemListElement":[{"@type":"ListItem","position":1,"name":"Home","item":"https:\/\/elfvaping.com\/"},{"@type":"ListItem","position":2,"name":"About ElfVaping"}]},{"@type":"WebSite","@id":"https:\/\/elfvaping.com\/cs\/#website","url":"https:\/\/elfvaping.com\/cs\/","name":"Elfide aurustamine","description":"Parimad hulgihinnad \u00fchekordselt kasutatavatele aurustitele","publisher":{"@id":"https:\/\/elfvaping.com\/cs\/#organization"},"potentialAction":[{"@type":"SearchAction","target":{"@type":"EntryPoint","urlTemplate":"https:\/\/elfvaping.com\/cs\/?s={search_term_string}"},"query-input":{"@type":"PropertyValueSpecification","valueRequired":true,"valueName":"search_term_string"}}],"inLanguage":"et"},{"@type":"Organization","@id":"https:\/\/elfvaping.com\/cs\/#organization","name":"Elfide aurustamine","url":"https:\/\/elfvaping.com\/cs\/","logo":{"@type":"ImageObject","inLanguage":"et","@id":"https:\/\/elfvaping.com\/cs\/#\/schema\/logo\/image\/","url":"https:\/\/elfvaping.com\/wp-content\/uploads\/2024\/06\/elfvaping-logo.webp","contentUrl":"https:\/\/elfvaping.com\/wp-content\/uploads\/2024\/06\/elfvaping-logo.webp","width":400,"height":111,"caption":"Elf Vaping"},"image":{"@id":"https:\/\/elfvaping.com\/cs\/#\/schema\/logo\/image\/"},"sameAs":["https:\/\/www.facebook.com\/elfvaping","https:\/\/instagram.com\/elfvaping\/"]}]}},"jetpack_sharing_enabled":true,"_links":{"self":[{"href":"https:\/\/elfvaping.com\/et\/wp-json\/wp\/v2\/pages\/2","targetHints":{"allow":["GET"]}}],"collection":[{"href":"https:\/\/elfvaping.com\/et\/wp-json\/wp\/v2\/pages"}],"about":[{"href":"https:\/\/elfvaping.com\/et\/wp-json\/wp\/v2\/types\/page"}],"author":[{"embeddable":true,"href":"https:\/\/elfvaping.com\/et\/wp-json\/wp\/v2\/users\/1"}],"replies":[{"embeddable":true,"href":"https:\/\/elfvaping.com\/et\/wp-json\/wp\/v2\/comments?post=2"}],"version-history":[{"count":0,"href":"https:\/\/elfvaping.com\/et\/wp-json\/wp\/v2\/pages\/2\/revisions"}],"wp:attachment":[{"href":"https:\/\/elfvaping.com\/et\/wp-json\/wp\/v2\/media?parent=2"}],"curies":[{"name":"wp","href":"https:\/\/api.w.org\/{rel}","templated":true}]}}