{"id":3,"date":"2024-06-16T02:16:33","date_gmt":"2024-06-16T02:16:33","guid":{"rendered":"http:\/\/elfvaping.com\/?page_id=3"},"modified":"2024-08-05T12:41:45","modified_gmt":"2024-08-05T12:41:45","slug":"privaatsuspoliitika","status":"publish","type":"page","link":"https:\/\/elfvaping.com\/et\/privacy-policy\/","title":{"rendered":"Privaatsuspoliitika"},"content":{"rendered":"<p dir=\"auto\">Tere tulemast aadressile elfvaping.com, mida haldab meie ettev\u00f5te, mis on spetsialiseerunud \u00fchekordselt kasutatavate vape-toodete m\u00fc\u00fcgile. K\u00e4esolevas dokumendis viited \u2018elfvaping.com\u2019, \u2018me\u2019, \u2018meie\u2019 v\u00f5i \u2018meie\u2019 kohta viitavad meie veebip\u00f5hisele platvormile.<\/p>\r\n<p dir=\"auto\"><strong>Isikliku teabe kogumine:<\/strong><br \/>K\u00e4esolevas Privaatsuspoliitikas kirjeldatud viisil kogume ja kasutame isiklikku teavet vastavalt kohaldatavatele seadustele. Pange t\u00e4hele, et meie veebileht v\u00f5ib sisaldada linke kolmandate osapoolte saitidele, mida k\u00e4esolev Privaatsuspoliitika ei reguleeri.<\/p>\r\n<p dir=\"auto\">Kui teil on p\u00e4ringuid v\u00f5i vajate lisateavet meie tavade kohta, v\u00f5tke meiega \u00fchendust e-posti teel aadressil\u00a0<a href=\"mailto:info@elfvaping.com\" target=\"_blank\" rel=\"noopener\">info@elfvaping.com<\/a>.<\/p>\r\n<p dir=\"auto\"><strong>Isikuandmed:<\/strong><br \/>M\u00f5iste \u2018isikuandmed\u2019 kasutatakse siin andmete kohta, mis identifitseerib teid v\u00f5i mille p\u00f5hjal saab m\u00f5istlikult kindlaks teha teie isik. See v\u00f5ib h\u00f5lmata teie nime, kontaktandmeid ja teavet teie meievaheliste interaktsioonide kohta. Me kogume ja s\u00e4ilitame isikuandmeid peamiselt seoses meie toodete ja teenustega.<\/p>\r\n<p dir=\"auto\"><strong>Teabe kogumine:<\/strong><br \/>Meie veebilehte k\u00fclastades salvestavad meie serverid automaatselt \u00fcksikasju, nagu teie brauser, IP-aadress ja k\u00fclastatud lehed turvalisuse eesm\u00e4rgil. Isikuandmeid v\u00f5idakse koguda veebivormide, p\u00e4ringute v\u00f5i k\u00f5rvalreaktsioonide aruannete kaudu.<\/p>\r\n<p dir=\"auto\"><strong>Teabe kasutamine:<\/strong><br \/>Isikuandmeid v\u00f5ib kasutada erinevatel eesm\u00e4rkidel, n\u00e4iteks teenuste osutamiseks, andmete s\u00e4ilitamiseks ning regulatiivsete n\u00f5uete t\u00e4itmiseks. Vajadusel v\u00f5ime avaldada isikuandmeid teenusepakkujatele ja regulatiivsetele asutustele.<\/p>\r\n<p dir=\"auto\"><strong>K\u00fcpsised:<\/strong><br \/>Meie veebileht kasutab k\u00fcpsiseid, et tuvastada regulaarseid k\u00fclastajaid ja j\u00e4lgida kasutamist. K\u00fcpsised ei salvesta isiklikku teavet ja neid saab hallata brauseri seadete kaudu.<\/p>\r\n<p dir=\"auto\"><strong>Veebip\u00f5hine privaatsuspoliitika:<\/strong><br \/>See poliitika kehtib meie veebisaidi veebip\u00f5histe tegevuste kohta ega laiendu v\u00f5rgu\u00fchenduseta andmete kogumisele.<\/p>\r\n<p dir=\"auto\"><strong>Poliitika muudatused:<\/strong><br \/>Me j\u00e4tame endale \u00f5iguse seda privaatsuspoliitikat muuta, kusjuures v\u00e4rskendused j\u00f5ustuvad p\u00e4rast avaldamist. K\u00fclastajaid julgustatakse seda poliitikat perioodiliselt \u00fcle vaatama.<\/p>\r\n<p dir=\"auto\"><strong>Edasised p\u00e4ringud:<\/strong><br \/>Privaatsusega seotud probleemide v\u00f5i p\u00e4ringute korral v\u00f5tke meiega \u00fchendust aadressil <a href=\"mailto:info@elfvaping.com\" target=\"_blank\" rel=\"noopener\">info@elfvaping.com<\/a>. Kui te pole meie vastusega rahul, v\u00f5ite asja edastada vastavate ametiasutuste k\u00e4sutusse.<\/p>\r\n<p dir=\"auto\"><strong>N\u00f5usolek:<\/strong><br \/>Meie veebilehte kasutades annad n\u00f5usoleku meie privaatsuspoliitikaga ja n\u00f5ustud selle tingimuste ja reeglitega.<\/p>\r\n<p dir=\"auto\">T\u00e4nan teid, et usaldate elfvaping.com oma privaatsusega.<\/p>","protected":false},"excerpt":{"rendered":"<p>Welcome to elfvaping.com, operated by our company specializing in the sale of disposable vape products. Throughout this document, references to &#8216;elfvaping.com,&#8217; &#8216;we,&#8217; &#8216;us,&#8217; or &#8216;our&#8217; pertain to our online platform. Collection of Personal Information:In compliance with applicable laws, we gather and utilize personal information as outlined in this Privacy Policy. Please note that our website [&#8230;]\n","protected":false},"author":1,"featured_media":0,"parent":0,"menu_order":0,"comment_status":"closed","ping_status":"closed","template":"page-blank-title-center.php","meta":{"_lmt_disableupdate":"","_lmt_disable":"","jetpack_post_was_ever_published":false,"footnotes":""},"class_list":["post-3","page","type-page","status-publish","hentry"],"yoast_head":"<!-- This site is optimized with the Yoast SEO plugin v27.4 - https:\/\/yoast.com\/product\/yoast-seo-wordpress\/ -->\n<title>Privacy Policy - Elf Vaping<\/title>\n<meta name=\"robots\" content=\"index, follow, max-snippet:-1, max-image-preview:large, max-video-preview:-1\" \/>\n<link rel=\"canonical\" href=\"https:\/\/elfvaping.com\/et\/privaatsuspoliitika\/\" \/>\n<meta property=\"og:locale\" content=\"et_EE\" \/>\n<meta property=\"og:type\" content=\"article\" \/>\n<meta property=\"og:title\" content=\"Privacy Policy - Elf Vaping\" \/>\n<meta property=\"og:description\" content=\"Welcome to elfvaping.com, operated by our company specializing in the sale of disposable vape products. Throughout this document, references to &#8216;elfvaping.com,&#8217; &#8216;we,&#8217; &#8216;us,&#8217; or &#8216;our&#8217; pertain to our online platform. Collection of Personal Information:In compliance with applicable laws, we gather and utilize personal information as outlined in this Privacy Policy. Please note that our website [...]\" \/>\n<meta property=\"og:url\" content=\"https:\/\/elfvaping.com\/et\/privaatsuspoliitika\/\" \/>\n<meta property=\"og:site_name\" content=\"Elf Vaping\" \/>\n<meta property=\"article:publisher\" content=\"https:\/\/www.facebook.com\/elfvaping\" \/>\n<meta property=\"article:modified_time\" content=\"2024-08-05T12:41:45+00:00\" \/>\n<meta name=\"twitter:card\" content=\"summary_large_image\" \/>\n<meta name=\"twitter:label1\" content=\"Est. reading time\" \/>\n\t<meta name=\"twitter:data1\" content=\"2 minutit\" \/>\n<script type=\"application\/ld+json\" class=\"yoast-schema-graph\">{\"@context\":\"https:\\\/\\\/schema.org\",\"@graph\":[{\"@type\":\"WebPage\",\"@id\":\"https:\\\/\\\/elfvaping.com\\\/privacy-policy\\\/\",\"url\":\"https:\\\/\\\/elfvaping.com\\\/privacy-policy\\\/\",\"name\":\"Privacy Policy - Elf Vaping\",\"isPartOf\":{\"@id\":\"https:\\\/\\\/elfvaping.com\\\/cs\\\/#website\"},\"datePublished\":\"2024-06-16T02:16:33+00:00\",\"dateModified\":\"2024-08-05T12:41:45+00:00\",\"breadcrumb\":{\"@id\":\"https:\\\/\\\/elfvaping.com\\\/privacy-policy\\\/#breadcrumb\"},\"inLanguage\":\"et\",\"potentialAction\":[{\"@type\":\"ReadAction\",\"target\":[\"https:\\\/\\\/elfvaping.com\\\/privacy-policy\\\/\"]}]},{\"@type\":\"BreadcrumbList\",\"@id\":\"https:\\\/\\\/elfvaping.com\\\/privacy-policy\\\/#breadcrumb\",\"itemListElement\":[{\"@type\":\"ListItem\",\"position\":1,\"name\":\"Home\",\"item\":\"https:\\\/\\\/elfvaping.com\\\/\"},{\"@type\":\"ListItem\",\"position\":2,\"name\":\"Privacy Policy\"}]},{\"@type\":\"WebSite\",\"@id\":\"https:\\\/\\\/elfvaping.com\\\/cs\\\/#website\",\"url\":\"https:\\\/\\\/elfvaping.com\\\/cs\\\/\",\"name\":\"Elf Vaping\",\"description\":\"Best Wholesale Prices for Disposable Vapes\",\"publisher\":{\"@id\":\"https:\\\/\\\/elfvaping.com\\\/cs\\\/#organization\"},\"potentialAction\":[{\"@type\":\"SearchAction\",\"target\":{\"@type\":\"EntryPoint\",\"urlTemplate\":\"https:\\\/\\\/elfvaping.com\\\/cs\\\/?s={search_term_string}\"},\"query-input\":{\"@type\":\"PropertyValueSpecification\",\"valueRequired\":true,\"valueName\":\"search_term_string\"}}],\"inLanguage\":\"et\"},{\"@type\":\"Organization\",\"@id\":\"https:\\\/\\\/elfvaping.com\\\/cs\\\/#organization\",\"name\":\"Elf Vaping\",\"url\":\"https:\\\/\\\/elfvaping.com\\\/cs\\\/\",\"logo\":{\"@type\":\"ImageObject\",\"inLanguage\":\"et\",\"@id\":\"https:\\\/\\\/elfvaping.com\\\/cs\\\/#\\\/schema\\\/logo\\\/image\\\/\",\"url\":\"https:\\\/\\\/elfvaping.com\\\/wp-content\\\/uploads\\\/2024\\\/06\\\/elfvaping-logo.webp\",\"contentUrl\":\"https:\\\/\\\/elfvaping.com\\\/wp-content\\\/uploads\\\/2024\\\/06\\\/elfvaping-logo.webp\",\"width\":400,\"height\":111,\"caption\":\"Elf Vaping\"},\"image\":{\"@id\":\"https:\\\/\\\/elfvaping.com\\\/cs\\\/#\\\/schema\\\/logo\\\/image\\\/\"},\"sameAs\":[\"https:\\\/\\\/www.facebook.com\\\/elfvaping\",\"https:\\\/\\\/instagram.com\\\/elfvaping\\\/\"]}]}<\/script>\n<!-- \/ Yoast SEO plugin. -->","yoast_head_json":{"title":"Privaatsuspoliitika - Elf Vaping","robots":{"index":"index","follow":"follow","max-snippet":"max-snippet:-1","max-image-preview":"max-image-preview:large","max-video-preview":"max-video-preview:-1"},"canonical":"https:\/\/elfvaping.com\/et\/privaatsuspoliitika\/","og_locale":"et_EE","og_type":"article","og_title":"Privacy Policy - Elf Vaping","og_description":"Welcome to elfvaping.com, operated by our company specializing in the sale of disposable vape products. Throughout this document, references to &#8216;elfvaping.com,&#8217; &#8216;we,&#8217; &#8216;us,&#8217; or &#8216;our&#8217; pertain to our online platform. Collection of Personal Information:In compliance with applicable laws, we gather and utilize personal information as outlined in this Privacy Policy. Please note that our website [...]","og_url":"https:\/\/elfvaping.com\/et\/privaatsuspoliitika\/","og_site_name":"Elf Vaping","article_publisher":"https:\/\/www.facebook.com\/elfvaping","article_modified_time":"2024-08-05T12:41:45+00:00","twitter_card":"summary_large_image","twitter_misc":{"Est. reading time":"2 minutit"},"schema":{"@context":"https:\/\/schema.org","@graph":[{"@type":"WebPage","@id":"https:\/\/elfvaping.com\/privacy-policy\/","url":"https:\/\/elfvaping.com\/privacy-policy\/","name":"Privaatsuspoliitika - Elf Vaping","isPartOf":{"@id":"https:\/\/elfvaping.com\/cs\/#website"},"datePublished":"2024-06-16T02:16:33+00:00","dateModified":"2024-08-05T12:41:45+00:00","breadcrumb":{"@id":"https:\/\/elfvaping.com\/privacy-policy\/#breadcrumb"},"inLanguage":"et","potentialAction":[{"@type":"ReadAction","target":["https:\/\/elfvaping.com\/privacy-policy\/"]}]},{"@type":"BreadcrumbList","@id":"https:\/\/elfvaping.com\/privacy-policy\/#breadcrumb","itemListElement":[{"@type":"ListItem","position":1,"name":"Home","item":"https:\/\/elfvaping.com\/"},{"@type":"ListItem","position":2,"name":"Privacy Policy"}]},{"@type":"WebSite","@id":"https:\/\/elfvaping.com\/cs\/#website","url":"https:\/\/elfvaping.com\/cs\/","name":"Elfide aurustamine","description":"Parimad hulgihinnad \u00fchekordselt kasutatavatele aurustitele","publisher":{"@id":"https:\/\/elfvaping.com\/cs\/#organization"},"potentialAction":[{"@type":"SearchAction","target":{"@type":"EntryPoint","urlTemplate":"https:\/\/elfvaping.com\/cs\/?s={search_term_string}"},"query-input":{"@type":"PropertyValueSpecification","valueRequired":true,"valueName":"search_term_string"}}],"inLanguage":"et"},{"@type":"Organization","@id":"https:\/\/elfvaping.com\/cs\/#organization","name":"Elfide aurustamine","url":"https:\/\/elfvaping.com\/cs\/","logo":{"@type":"ImageObject","inLanguage":"et","@id":"https:\/\/elfvaping.com\/cs\/#\/schema\/logo\/image\/","url":"https:\/\/elfvaping.com\/wp-content\/uploads\/2024\/06\/elfvaping-logo.webp","contentUrl":"https:\/\/elfvaping.com\/wp-content\/uploads\/2024\/06\/elfvaping-logo.webp","width":400,"height":111,"caption":"Elf Vaping"},"image":{"@id":"https:\/\/elfvaping.com\/cs\/#\/schema\/logo\/image\/"},"sameAs":["https:\/\/www.facebook.com\/elfvaping","https:\/\/instagram.com\/elfvaping\/"]}]}},"jetpack_sharing_enabled":true,"_links":{"self":[{"href":"https:\/\/elfvaping.com\/et\/wp-json\/wp\/v2\/pages\/3","targetHints":{"allow":["GET"]}}],"collection":[{"href":"https:\/\/elfvaping.com\/et\/wp-json\/wp\/v2\/pages"}],"about":[{"href":"https:\/\/elfvaping.com\/et\/wp-json\/wp\/v2\/types\/page"}],"author":[{"embeddable":true,"href":"https:\/\/elfvaping.com\/et\/wp-json\/wp\/v2\/users\/1"}],"replies":[{"embeddable":true,"href":"https:\/\/elfvaping.com\/et\/wp-json\/wp\/v2\/comments?post=3"}],"version-history":[{"count":0,"href":"https:\/\/elfvaping.com\/et\/wp-json\/wp\/v2\/pages\/3\/revisions"}],"wp:attachment":[{"href":"https:\/\/elfvaping.com\/et\/wp-json\/wp\/v2\/media?parent=3"}],"curies":[{"name":"wp","href":"https:\/\/api.w.org\/{rel}","templated":true}]}}