{"id":1482,"date":"2024-06-16T02:52:54","date_gmt":"2024-06-16T02:52:54","guid":{"rendered":"https:\/\/elfvaping.com\/?page_id=1482"},"modified":"2026-02-24T03:27:26","modified_gmt":"2026-02-24T03:27:26","slug":"kayttoehdot","status":"publish","type":"page","link":"https:\/\/elfvaping.com\/fi\/terms-conditions\/","title":{"rendered":"Ehdot ja ehdotukset"},"content":{"rendered":"<p dir=\"auto\">Tervetuloa elfvaping.com-sivustolle, joka on erikoistunut kertak\u00e4ytt\u00f6isten h\u00f6yrystin tuotteiden myyntiin. T\u00e4ss\u00e4 asiakirjassa viittaukset \u2018elfvaping.com\u2019, \u2018me\u2019, \u2018meihin\u2019 tai \u2018omaan\u2019 viittaavat verkkoalustaamme.<\/p>\r\n<p dir=\"auto\"><strong>Omistus ja k\u00e4ytt\u00f6oikeus:<\/strong><br \/>elfvaping.com omistetaan ja sit\u00e4 yll\u00e4pidet\u00e4\u00e4n meill\u00e4, ja sen k\u00e4ytt\u00f6 on sallittua t\u00e4ss\u00e4 kuvattujen ehtojen ja k\u00e4ytt\u00f6oikeuksien mukaisesti. K\u00e4ytt\u00e4m\u00e4ll\u00e4 verkkosivustoamme hyv\u00e4ksyt noudattamaan n\u00e4it\u00e4 ehtoja, mukaan lukien kaikki lis\u00e4politiikat, joihin viitataan tai jotka ovat saatavilla hyperlinkin kautta.<\/p>\r\n<p dir=\"auto\"><strong>P\u00e4ivitykset ja muutokset:<\/strong><br \/>Pid\u00e4t\u00e4mme oikeuden p\u00e4ivitt\u00e4\u00e4, muuttaa tai korvata mit\u00e4\u00e4n osaa n\u00e4ist\u00e4 k\u00e4ytt\u00f6ehdoista oman harkintamme mukaan. Sinun on vastuullasi tarkistaa n\u00e4m\u00e4 ehdot s\u00e4\u00e4nn\u00f6llisesti mahdollisten muutosten varalta. Jatkuva k\u00e4ytt\u00f6 verkkosivustollamme muutosten j\u00e4lkeen merkitsee hyv\u00e4ksynt\u00e4\u00e4 p\u00e4ivitettyjen ehtojen osalta.<\/p>\r\n<p dir=\"auto\"><strong>K\u00e4ytt\u00e4j\u00e4n vastuut:<\/strong><br \/>K\u00e4ytt\u00e4m\u00e4ll\u00e4 verkkosivustoamme, vahvistat olevasi v\u00e4hint\u00e4\u00e4n kahdeksantoista (18) vuotta vanha. Sivustolla tehdyill\u00e4 kaupoilla tunnustat hyv\u00e4ksyv\u00e4si n\u00e4m\u00e4 ehdot. Sivuston luvaton k\u00e4ytt\u00f6 tai verkkosivuston tietoturvan rikkominen on kielletty.<\/p>\r\n<p dir=\"auto\"><strong>Virheet ja korjaukset:<\/strong><br \/>Vaikka pyrimme tarkkuuteen, satunnaisia virheit\u00e4 tai ep\u00e4tarkkuuksia saattaa esiinty\u00e4 elfvaping.com-sivustolla. Pid\u00e4t\u00e4mme oikeuden korjata t\u00e4llaiset ongelmat ilman ennakkoilmoitusta. Emme ole velvollisia p\u00e4ivitt\u00e4m\u00e4\u00e4n tietoja, ellei laki sit\u00e4 vaadi.<\/p>\r\n<p dir=\"auto\"><strong>Tilausjohto:<\/strong><br \/>Pid\u00e4t\u00e4mme oikeuden kielt\u00e4yty\u00e4 tai muuttaa meille tehtyj\u00e4 tilauksia. Tilausmuutosten tai peruutusten tapauksessa pyrimme ilmoittamaan asiasta kohtuullisin toimin k\u00e4ytt\u00e4m\u00e4ll\u00e4 tilauksessa annettuja yhteystietoja. On asiakkaan vastuulla varmistaa tilin ja ostotiedon tarkkuus.<\/p>\r\n<p dir=\"auto\"><strong>\u00c4lyllinen omaisuus:<\/strong><br \/>Kaikki elfvaping.com-sivustolla n\u00e4kyv\u00e4t tuotemerkit, logot ja sis\u00e4lt\u00f6 ovat yrityksemme, sen tyt\u00e4ryhti\u00f6iden tai lisenssinantajien immateriaalioikeuksia. T\u00e4m\u00e4n immateriaalioikeuden luvaton k\u00e4ytt\u00f6 on ehdottomasti kielletty.<\/p>\r\n<p dir=\"auto\"><strong>Hyperlinkit ja kolmannen osapuolen sis\u00e4lt\u00f6:<\/strong><br \/>Linkit elfvaping.com-sivustoon vaativat ennakkohyv\u00e4ksynn\u00e4n. Emme suosittelemme tai ota vastuuta kolmannen osapuolen sis\u00e4ll\u00f6st\u00e4, joka on linkitetty verkkosivustoomme.<\/p>\r\n<p dir=\"auto\"><strong>Vastuun rajoittaminen:<\/strong><br \/>Sovellettavan lain sallimissa rajoissa emme ole vastuussa mist\u00e4\u00e4n tappioista tai vahingoista, jotka johtuvat sivuston elfvaping.com k\u00e4yt\u00f6st\u00e4si. Emme ole vastuussa v\u00e4lillisist\u00e4 tai seuraamuksellisista vahingoista. Sivuston k\u00e4yt\u00f6n edellytyksen\u00e4 on, ett\u00e4 hyv\u00e4ksyt n\u00e4m\u00e4 ehdot.<\/p>\r\n<p dir=\"auto\"><strong>Henkil\u00f6kohtaiset tiedot:<\/strong><br \/>Henkil\u00f6kohtaisten tietojen toimittaminen elfvaping.com -sivustolla on governed by our yksityisyyspolitiikkaamme.<\/p>\r\n<p dir=\"auto\">Kiitos, ett\u00e4 valitsit elfvaping.com-sivuston. K\u00e4ytt\u00e4m\u00e4ll\u00e4 verkkosivustoamme, hyv\u00e4ksyt n\u00e4iden K\u00e4ytt\u00f6ehtojen noudattamisen.<\/p>\r\n<p dir=\"auto\">\u00a0<\/p>\r\n<p dir=\"auto\"><span style=\"color: #e14d43;\"><strong>N\u00e4m\u00e4 k\u00e4ytt\u00f6ehdot ja mahdolliset erilliset sopimukset, joiden nojalla tarjoamme sinulle palveluja, s\u00e4\u00e4det\u00e4\u00e4n ja tulkitaan Hongkongin lakien mukaisesti.<\/strong><\/span><\/p>","protected":false},"excerpt":{"rendered":"<p>Welcome to elfvaping.com, a premier online store specializing in the sale of disposable vape products. Throughout this document, references to &#8216;elfvaping.com,&#8217; &#8216;we,&#8217; &#8216;us,&#8217; or &#8216;our&#8217; pertain to our online platform. Ownership and Access:elfvaping.com is owned and operated by us, providing access subject to the terms and conditions outlined herein. By using our website, you agree [&#8230;]\n","protected":false},"author":1,"featured_media":0,"parent":0,"menu_order":0,"comment_status":"closed","ping_status":"closed","template":"page-blank-title-center.php","meta":{"_lmt_disableupdate":"no","_lmt_disable":"","jetpack_post_was_ever_published":false,"footnotes":""},"class_list":["post-1482","page","type-page","status-publish","hentry"],"yoast_head":"<!-- This site is optimized with the Yoast SEO plugin v27.4 - https:\/\/yoast.com\/product\/yoast-seo-wordpress\/ -->\n<title>Terms &amp; Conditions - Elf Vaping<\/title>\n<meta name=\"robots\" content=\"index, follow, max-snippet:-1, max-image-preview:large, max-video-preview:-1\" \/>\n<link rel=\"canonical\" href=\"https:\/\/elfvaping.com\/fi\/kayttoehdot\/\" \/>\n<meta property=\"og:locale\" content=\"fi_FI\" \/>\n<meta property=\"og:type\" content=\"article\" \/>\n<meta property=\"og:title\" content=\"Terms &amp; Conditions - Elf Vaping\" \/>\n<meta property=\"og:description\" content=\"Welcome to elfvaping.com, a premier online store specializing in the sale of disposable vape products. Throughout this document, references to &#8216;elfvaping.com,&#8217; &#8216;we,&#8217; &#8216;us,&#8217; or &#8216;our&#8217; pertain to our online platform. Ownership and Access:elfvaping.com is owned and operated by us, providing access subject to the terms and conditions outlined herein. By using our website, you agree [...]\" \/>\n<meta property=\"og:url\" content=\"https:\/\/elfvaping.com\/fi\/kayttoehdot\/\" \/>\n<meta property=\"og:site_name\" content=\"Elf Vaping\" \/>\n<meta property=\"article:publisher\" content=\"https:\/\/www.facebook.com\/elfvaping\" \/>\n<meta property=\"article:modified_time\" content=\"2026-02-24T03:27:26+00:00\" \/>\n<meta name=\"twitter:card\" content=\"summary_large_image\" \/>\n<meta name=\"twitter:label1\" content=\"Arvioitu lukuaika\" \/>\n\t<meta name=\"twitter:data1\" content=\"2 minuuttia\" \/>\n<script type=\"application\/ld+json\" class=\"yoast-schema-graph\">{\"@context\":\"https:\\\/\\\/schema.org\",\"@graph\":[{\"@type\":\"WebPage\",\"@id\":\"https:\\\/\\\/elfvaping.com\\\/terms-conditions\\\/\",\"url\":\"https:\\\/\\\/elfvaping.com\\\/terms-conditions\\\/\",\"name\":\"Terms & Conditions - Elf Vaping\",\"isPartOf\":{\"@id\":\"https:\\\/\\\/elfvaping.com\\\/cs\\\/#website\"},\"datePublished\":\"2024-06-16T02:52:54+00:00\",\"dateModified\":\"2026-02-24T03:27:26+00:00\",\"breadcrumb\":{\"@id\":\"https:\\\/\\\/elfvaping.com\\\/terms-conditions\\\/#breadcrumb\"},\"inLanguage\":\"fi\",\"potentialAction\":[{\"@type\":\"ReadAction\",\"target\":[\"https:\\\/\\\/elfvaping.com\\\/terms-conditions\\\/\"]}]},{\"@type\":\"BreadcrumbList\",\"@id\":\"https:\\\/\\\/elfvaping.com\\\/terms-conditions\\\/#breadcrumb\",\"itemListElement\":[{\"@type\":\"ListItem\",\"position\":1,\"name\":\"Home\",\"item\":\"https:\\\/\\\/elfvaping.com\\\/\"},{\"@type\":\"ListItem\",\"position\":2,\"name\":\"Terms &#038; Conditions\"}]},{\"@type\":\"WebSite\",\"@id\":\"https:\\\/\\\/elfvaping.com\\\/cs\\\/#website\",\"url\":\"https:\\\/\\\/elfvaping.com\\\/cs\\\/\",\"name\":\"Elf Vaping\",\"description\":\"Best Wholesale Prices for Disposable Vapes\",\"publisher\":{\"@id\":\"https:\\\/\\\/elfvaping.com\\\/cs\\\/#organization\"},\"potentialAction\":[{\"@type\":\"SearchAction\",\"target\":{\"@type\":\"EntryPoint\",\"urlTemplate\":\"https:\\\/\\\/elfvaping.com\\\/cs\\\/?s={search_term_string}\"},\"query-input\":{\"@type\":\"PropertyValueSpecification\",\"valueRequired\":true,\"valueName\":\"search_term_string\"}}],\"inLanguage\":\"fi\"},{\"@type\":\"Organization\",\"@id\":\"https:\\\/\\\/elfvaping.com\\\/cs\\\/#organization\",\"name\":\"Elf Vaping\",\"url\":\"https:\\\/\\\/elfvaping.com\\\/cs\\\/\",\"logo\":{\"@type\":\"ImageObject\",\"inLanguage\":\"fi\",\"@id\":\"https:\\\/\\\/elfvaping.com\\\/cs\\\/#\\\/schema\\\/logo\\\/image\\\/\",\"url\":\"https:\\\/\\\/elfvaping.com\\\/wp-content\\\/uploads\\\/2024\\\/06\\\/elfvaping-logo.webp\",\"contentUrl\":\"https:\\\/\\\/elfvaping.com\\\/wp-content\\\/uploads\\\/2024\\\/06\\\/elfvaping-logo.webp\",\"width\":400,\"height\":111,\"caption\":\"Elf Vaping\"},\"image\":{\"@id\":\"https:\\\/\\\/elfvaping.com\\\/cs\\\/#\\\/schema\\\/logo\\\/image\\\/\"},\"sameAs\":[\"https:\\\/\\\/www.facebook.com\\\/elfvaping\",\"https:\\\/\\\/instagram.com\\\/elfvaping\\\/\"]}]}<\/script>\n<!-- \/ Yoast SEO plugin. -->","yoast_head_json":{"title":"Ehdot ja ehdot - Elf Vaping","robots":{"index":"index","follow":"follow","max-snippet":"max-snippet:-1","max-image-preview":"max-image-preview:large","max-video-preview":"max-video-preview:-1"},"canonical":"https:\/\/elfvaping.com\/fi\/kayttoehdot\/","og_locale":"fi_FI","og_type":"article","og_title":"Terms & Conditions - Elf Vaping","og_description":"Welcome to elfvaping.com, a premier online store specializing in the sale of disposable vape products. Throughout this document, references to &#8216;elfvaping.com,&#8217; &#8216;we,&#8217; &#8216;us,&#8217; or &#8216;our&#8217; pertain to our online platform. Ownership and Access:elfvaping.com is owned and operated by us, providing access subject to the terms and conditions outlined herein. By using our website, you agree [...]","og_url":"https:\/\/elfvaping.com\/fi\/kayttoehdot\/","og_site_name":"Elf Vaping","article_publisher":"https:\/\/www.facebook.com\/elfvaping","article_modified_time":"2026-02-24T03:27:26+00:00","twitter_card":"summary_large_image","twitter_misc":{"Arvioitu lukuaika":"2 minuuttia"},"schema":{"@context":"https:\/\/schema.org","@graph":[{"@type":"WebPage","@id":"https:\/\/elfvaping.com\/terms-conditions\/","url":"https:\/\/elfvaping.com\/terms-conditions\/","name":"Ehdot ja ehdot - Elf Vaping","isPartOf":{"@id":"https:\/\/elfvaping.com\/cs\/#website"},"datePublished":"2024-06-16T02:52:54+00:00","dateModified":"2026-02-24T03:27:26+00:00","breadcrumb":{"@id":"https:\/\/elfvaping.com\/terms-conditions\/#breadcrumb"},"inLanguage":"fi","potentialAction":[{"@type":"ReadAction","target":["https:\/\/elfvaping.com\/terms-conditions\/"]}]},{"@type":"BreadcrumbList","@id":"https:\/\/elfvaping.com\/terms-conditions\/#breadcrumb","itemListElement":[{"@type":"ListItem","position":1,"name":"Home","item":"https:\/\/elfvaping.com\/"},{"@type":"ListItem","position":2,"name":"Terms &#038; Conditions"}]},{"@type":"WebSite","@id":"https:\/\/elfvaping.com\/cs\/#website","url":"https:\/\/elfvaping.com\/cs\/","name":"Elfien h\u00f6yryst\u00e4minen","description":"Parhaat tukkumyyntihinnat kertak\u00e4ytt\u00f6isille h\u00f6yrystimille","publisher":{"@id":"https:\/\/elfvaping.com\/cs\/#organization"},"potentialAction":[{"@type":"SearchAction","target":{"@type":"EntryPoint","urlTemplate":"https:\/\/elfvaping.com\/cs\/?s={search_term_string}"},"query-input":{"@type":"PropertyValueSpecification","valueRequired":true,"valueName":"search_term_string"}}],"inLanguage":"fi"},{"@type":"Organization","@id":"https:\/\/elfvaping.com\/cs\/#organization","name":"Elfien h\u00f6yryst\u00e4minen","url":"https:\/\/elfvaping.com\/cs\/","logo":{"@type":"ImageObject","inLanguage":"fi","@id":"https:\/\/elfvaping.com\/cs\/#\/schema\/logo\/image\/","url":"https:\/\/elfvaping.com\/wp-content\/uploads\/2024\/06\/elfvaping-logo.webp","contentUrl":"https:\/\/elfvaping.com\/wp-content\/uploads\/2024\/06\/elfvaping-logo.webp","width":400,"height":111,"caption":"Elf Vaping"},"image":{"@id":"https:\/\/elfvaping.com\/cs\/#\/schema\/logo\/image\/"},"sameAs":["https:\/\/www.facebook.com\/elfvaping","https:\/\/instagram.com\/elfvaping\/"]}]}},"jetpack_sharing_enabled":true,"_links":{"self":[{"href":"https:\/\/elfvaping.com\/fi\/wp-json\/wp\/v2\/pages\/1482","targetHints":{"allow":["GET"]}}],"collection":[{"href":"https:\/\/elfvaping.com\/fi\/wp-json\/wp\/v2\/pages"}],"about":[{"href":"https:\/\/elfvaping.com\/fi\/wp-json\/wp\/v2\/types\/page"}],"author":[{"embeddable":true,"href":"https:\/\/elfvaping.com\/fi\/wp-json\/wp\/v2\/users\/1"}],"replies":[{"embeddable":true,"href":"https:\/\/elfvaping.com\/fi\/wp-json\/wp\/v2\/comments?post=1482"}],"version-history":[{"count":0,"href":"https:\/\/elfvaping.com\/fi\/wp-json\/wp\/v2\/pages\/1482\/revisions"}],"wp:attachment":[{"href":"https:\/\/elfvaping.com\/fi\/wp-json\/wp\/v2\/media?parent=1482"}],"curies":[{"name":"wp","href":"https:\/\/api.w.org\/{rel}","templated":true}]}}