{"id":1538,"date":"2024-06-16T02:53:07","date_gmt":"2024-06-16T02:53:07","guid":{"rendered":"https:\/\/elfvaping.com\/?page_id=1538"},"modified":"2026-02-24T03:33:30","modified_gmt":"2026-02-24T03:33:30","slug":"tukku-kertakayttoinen-vape","status":"publish","type":"page","link":"https:\/\/elfvaping.com\/fi\/wholesale-disposable-vape\/","title":{"rendered":"Irtonaisten kertak\u00e4ytt\u00f6isten h\u00f6yrystimien tukkumyynti"},"content":{"rendered":"<div class=\"row\"  id=\"row-1750241781\">\n\n\t<div id=\"col-812307111\" class=\"col medium-6 small-12 large-6\"  >\n\t\t\t\t<div class=\"col-inner\"  >\n\t\t\t\n\t\t\t\n<p>Tervetuloa <a href=\"https:\/\/elfvaping.com\/fi\/\">Joulupukki<\/a>p<a href=\"https:\/\/elfvaping.com\/fi\/\">ei k\u00e4\u00e4nn\u00f6st\u00e4<\/a>, tukkuh\u00f6yrystintarvikkeiden suosikkikohde. 5 vuoden kokemuksella teollisuudessa tarjoamme ylpe\u00e4n\u00e4 monipuolisen valikoiman huippumerkkej\u00e4, kuten Elf Box, Lost Mary, Waka, Zgar, <a href=\"https:\/\/elfvaping.com\/fi\/tuotekategoria\/randm\/\">RandM<\/a>, Bang Box, Doloda, Elf Box, FluuM ja paljon muuta. Johtavana Vape-myym\u00e4l\u00e4n toimittajana erikoistumme irtotavarana saataviin kertak\u00e4ytt\u00f6isiin h\u00f6yrystimiin, palvelemalla sek\u00e4 v\u00e4hitt\u00e4is- ett\u00e4 tukkukauppiaita.<\/p>\n<p>Irtona ostettavat kertak\u00e4ytt\u00f6iset h\u00f6yrystimet irtotavarana -sivumme on portti premium-tuotteisiin kilpailukykyisill\u00e4 hinnoilla. Olitpa sitten varastoimassa henkil\u00f6kohtaiseen k\u00e4ytt\u00f6\u00f6n tai etsim\u00e4ss\u00e4 liiketoimintasi laajentamista, Elf Vapingilla on tarvittavat ratkaisut. Ymm\u00e4rr\u00e4mme laadun ja kohtuuhintaisuuden merkityksen h\u00f6yrystysalalla, ja sitoutumisemme huippuosaamiseen varmistaa, ett\u00e4 jokainen tuote t\u00e4ytt\u00e4\u00e4 korkeimmat standardit.<\/p>\n<p>Elf Vapingilla teemme tukkumyynn\u00e4n ostamisen saumattomaksi ja k\u00e4tev\u00e4ksi. Tutustu tuotevalikoimaamme, mukaan lukien irtotavarana saatavat h\u00e4vytysh\u00f6yrystimet, ja l\u00f6yd\u00e4 t\u00e4ydelliset ratkaisut tarpeisiisi. Asiakastyytyv\u00e4isyyteen sitoutuminen tarkoittaa, ett\u00e4 olemme aina t\u00e4\u00e4ll\u00e4 auttamassa sinua kaikissa kysymyksiss\u00e4si tai tilauksissasi.<\/p>\n<p>Korosta h\u00f6yrystyskokemustasi Elf Vapingin kanssa. Ota yhteytt\u00e4 t\u00e4n\u00e4\u00e4n saadaksesi lis\u00e4tietoja tukkumme h\u00f6yryvarusteista ja hy\u00f6dynn\u00e4 kilpailukykysi huippulaadukkaisiin tuotteisiin. Tee yhteisty\u00f6t\u00e4 kanssamme ja koe ero, jonka luotettavat h\u00f6yrykauppiaan toimittajat voivat tehd\u00e4 yrityksellesi.<\/p>\n\n<div class=\"wpcf7 no-js\" id=\"wpcf7-f7-o1\" lang=\"en-US\" dir=\"ltr\" data-wpcf7-id=\"7\">\n<div class=\"screen-reader-response\"><p role=\"status\" aria-live=\"polite\" aria-atomic=\"true\"><\/p> <ul><\/ul><\/div>\n<form action=\"\/fi\/wp-json\/wp\/v2\/pages\/1538#wpcf7-f7-o1\" method=\"post\" class=\"wpcf7-form init\" aria-label=\"Yhteydenottolomake\" novalidate=\"novalidate\" data-status=\"init\" data-trp-original-action=\"\/fi\/wp-json\/wp\/v2\/pages\/1538#wpcf7-f7-o1\">\n<fieldset class=\"hidden-fields-container\"><input type=\"hidden\" name=\"_wpcf7\" value=\"7\" \/><input type=\"hidden\" name=\"_wpcf7_version\" value=\"6.1.5\" \/><input type=\"hidden\" name=\"_wpcf7_locale\" value=\"en_US\" \/><input type=\"hidden\" name=\"_wpcf7_unit_tag\" value=\"wpcf7-f7-o1\" \/><input type=\"hidden\" name=\"_wpcf7_container_post\" value=\"0\" \/><input type=\"hidden\" name=\"_wpcf7_posted_data_hash\" value=\"\" \/>\n<\/fieldset>\n<p><label> Nimisi<br \/>\n<span class=\"wpcf7-form-control-wrap\" data-name=\"your-name\"><input size=\"40\" maxlength=\"400\" class=\"wpcf7-form-control wpcf7-text wpcf7-validates-as-required\" autocomplete=\"name\" aria-required=\"true\" aria-invalid=\"false\" value=\"\" type=\"text\" name=\"your-name\" \/><\/span> <\/label>\n<\/p>\n<p><label> S\u00e4hk\u00f6postisi<br \/>\n<span class=\"wpcf7-form-control-wrap\" data-name=\"your-email\"><input size=\"40\" maxlength=\"400\" class=\"wpcf7-form-control wpcf7-email wpcf7-validates-as-required wpcf7-text wpcf7-validates-as-email\" autocomplete=\"email\" aria-required=\"true\" aria-invalid=\"false\" value=\"\" type=\"email\" name=\"your-email\" \/><\/span> <\/label>\n<\/p>\n<p><label> Aihe<br \/>\n<span class=\"wpcf7-form-control-wrap\" data-name=\"your-subject\"><input size=\"40\" maxlength=\"400\" class=\"wpcf7-form-control wpcf7-text wpcf7-validates-as-required\" aria-required=\"true\" aria-invalid=\"false\" value=\"\" type=\"text\" name=\"your-subject\" \/><\/span> <\/label>\n<\/p>\n<p><label> Viesti (valinnainen)<br \/>\n<span class=\"wpcf7-form-control-wrap\" data-name=\"your-message\"><textarea cols=\"40\" rows=\"10\" maxlength=\"2000\" class=\"wpcf7-form-control wpcf7-textarea\" aria-invalid=\"false\" name=\"your-message\"><\/textarea><\/span> <\/label>\n<\/p>\n<p><div class=\"cf7-cf-turnstile\" style=\"margin-top: 0px; margin-bottom: -15px;\"> <div id=\"cf-turnstile-cf7-2192551343\" class=\"cf-turnstile\" data-sitekey=\"0x4AAAAAABhvCNLlz8qNSDmH\" data-theme=\"light\" data-language=\"auto\" data-size=\"normal\" data-retry=\"auto\" data-retry-interval=\"1000\" data-refresh-expired=\"auto\" data-refresh-timeout=\"auto\" data-action=\"contact-form-7\" data-callback=\"turnstileCF7Callback\" data-appearance=\"always\"><\/div> <script>document.addEventListener(\"DOMContentLoaded\", function() { setTimeout(function(){ var e=document.getElementById(\"cf-turnstile-cf7-2192551343\"); if(e&&!e.innerHTML.trim()){turnstile.render(e, {sitekey:\"0x4AAAAAABhvCNLlz8qNSDmH\"});} }, 200); });<\/script> <br class=\"cf-turnstile-br cf-turnstile-br-cf7-2192551343\"> <style>#cf-turnstile-cf7-2192551343 { margin-left: -15px; }<\/style> <script>document.addEventListener(\"DOMContentLoaded\",function(){document.querySelectorAll('.wpcf7-form').forEach(function(e){e.addEventListener('submit',function(){if(document.getElementById('cf-turnstile-cf7-2192551343')){setTimeout(function(){turnstile.reset('#cf-turnstile-cf7-2192551343');},1000)}})})});<\/script> <\/div><br\/><input class=\"wpcf7-form-control wpcf7-submit has-spinner\" type=\"submit\" value=\"L\u00e4het\u00e4\" \/>\n<\/p><div class=\"wpcf7-response-output\" aria-hidden=\"true\"><\/div>\n<input type=\"hidden\" name=\"trp-form-language\" value=\"fi\"\/><\/form>\n<\/div>\n\n\t\t<\/div>\n\t\t\t\t\t<\/div>\n\n\t\n\n\t<div id=\"col-1634649838\" class=\"col medium-6 small-12 large-6\"  >\n\t\t\t\t<div class=\"col-inner\"  >\n\t\t\t\n\t\t\t\n\t<div class=\"img has-hover x md-x lg-x y md-y lg-y\" id=\"image_456460754\">\n\t\t\t\t\t\t\t\t<div class=\"img-inner dark\" >\n\t\t\t<img loading=\"lazy\" decoding=\"async\" width=\"1020\" height=\"760\" src=\"https:\/\/elfvaping.com\/wp-content\/uploads\/2025\/12\/MYDE-8-IN-1-150K-Puffs-Capacity-4-Tank-Multi-Options-Combination-Mode-150000-Disposable-Vapes-Wholesale-Bulk-Buy-2-1024x763.webp\" class=\"attachment-large size-large\" alt=\"\" srcset=\"https:\/\/elfvaping.com\/wp-content\/uploads\/2025\/12\/MYDE-8-IN-1-150K-Puffs-Capacity-4-Tank-Multi-Options-Combination-Mode-150000-Disposable-Vapes-Wholesale-Bulk-Buy-2-1024x763.webp 1024w, https:\/\/elfvaping.com\/wp-content\/uploads\/2025\/12\/MYDE-8-IN-1-150K-Puffs-Capacity-4-Tank-Multi-Options-Combination-Mode-150000-Disposable-Vapes-Wholesale-Bulk-Buy-2-300x224.webp 300w, https:\/\/elfvaping.com\/wp-content\/uploads\/2025\/12\/MYDE-8-IN-1-150K-Puffs-Capacity-4-Tank-Multi-Options-Combination-Mode-150000-Disposable-Vapes-Wholesale-Bulk-Buy-2-768x572.webp 768w, https:\/\/elfvaping.com\/wp-content\/uploads\/2025\/12\/MYDE-8-IN-1-150K-Puffs-Capacity-4-Tank-Multi-Options-Combination-Mode-150000-Disposable-Vapes-Wholesale-Bulk-Buy-2-1536x1145.webp 1536w, https:\/\/elfvaping.com\/wp-content\/uploads\/2025\/12\/MYDE-8-IN-1-150K-Puffs-Capacity-4-Tank-Multi-Options-Combination-Mode-150000-Disposable-Vapes-Wholesale-Bulk-Buy-2-2048x1526.webp 2048w, https:\/\/elfvaping.com\/wp-content\/uploads\/2025\/12\/MYDE-8-IN-1-150K-Puffs-Capacity-4-Tank-Multi-Options-Combination-Mode-150000-Disposable-Vapes-Wholesale-Bulk-Buy-2-16x12.webp 16w, https:\/\/elfvaping.com\/wp-content\/uploads\/2025\/12\/MYDE-8-IN-1-150K-Puffs-Capacity-4-Tank-Multi-Options-Combination-Mode-150000-Disposable-Vapes-Wholesale-Bulk-Buy-2-600x447.webp 600w\" sizes=\"auto, (max-width: 1020px) 100vw, 1020px\" \/>\t\t\t\t\t\t\n\t\t\t\t\t<\/div>\n\t\t\t\t\t\t\t\t\n<style>\n#image_456460754 {\n  width: 100%;\n}\n<\/style>\n\t<\/div>\n\t\n\t\t<\/div>\n\t\t\t\t\t<\/div>\n\n\t\n<\/div>","protected":false},"excerpt":{"rendered":"","protected":false},"author":1,"featured_media":0,"parent":0,"menu_order":0,"comment_status":"closed","ping_status":"closed","template":"page-blank-title-center.php","meta":{"_lmt_disableupdate":"","_lmt_disable":"","jetpack_post_was_ever_published":false,"footnotes":""},"class_list":["post-1538","page","type-page","status-publish","hentry"],"yoast_head":"<!-- This site is optimized with the Yoast SEO plugin v27.4 - https:\/\/yoast.com\/product\/yoast-seo-wordpress\/ -->\n<title>Wholesale Disposable Vape - Elf Vaping<\/title>\n<meta name=\"robots\" content=\"index, follow, max-snippet:-1, max-image-preview:large, max-video-preview:-1\" \/>\n<link rel=\"canonical\" href=\"https:\/\/elfvaping.com\/fi\/tukku-kertakayttoinen-vape\/\" \/>\n<meta property=\"og:locale\" content=\"fi_FI\" \/>\n<meta property=\"og:type\" content=\"article\" \/>\n<meta property=\"og:title\" content=\"Wholesale Disposable Vape - Elf Vaping\" \/>\n<meta property=\"og:url\" content=\"https:\/\/elfvaping.com\/fi\/tukku-kertakayttoinen-vape\/\" \/>\n<meta property=\"og:site_name\" content=\"Elf Vaping\" \/>\n<meta property=\"article:publisher\" content=\"https:\/\/www.facebook.com\/elfvaping\" \/>\n<meta property=\"article:modified_time\" content=\"2026-02-24T03:33:30+00:00\" \/>\n<meta name=\"twitter:card\" content=\"summary_large_image\" \/>\n<meta name=\"twitter:label1\" content=\"Arvioitu lukuaika\" \/>\n\t<meta name=\"twitter:data1\" content=\"1 minuutti\" \/>\n<script type=\"application\/ld+json\" class=\"yoast-schema-graph\">{\"@context\":\"https:\\\/\\\/schema.org\",\"@graph\":[{\"@type\":\"WebPage\",\"@id\":\"https:\\\/\\\/elfvaping.com\\\/wholesale-disposable-vape\\\/\",\"url\":\"https:\\\/\\\/elfvaping.com\\\/wholesale-disposable-vape\\\/\",\"name\":\"Wholesale Disposable Vape - Elf Vaping\",\"isPartOf\":{\"@id\":\"https:\\\/\\\/elfvaping.com\\\/cs\\\/#website\"},\"datePublished\":\"2024-06-16T02:53:07+00:00\",\"dateModified\":\"2026-02-24T03:33:30+00:00\",\"breadcrumb\":{\"@id\":\"https:\\\/\\\/elfvaping.com\\\/wholesale-disposable-vape\\\/#breadcrumb\"},\"inLanguage\":\"fi\",\"potentialAction\":[{\"@type\":\"ReadAction\",\"target\":[\"https:\\\/\\\/elfvaping.com\\\/wholesale-disposable-vape\\\/\"]}]},{\"@type\":\"BreadcrumbList\",\"@id\":\"https:\\\/\\\/elfvaping.com\\\/wholesale-disposable-vape\\\/#breadcrumb\",\"itemListElement\":[{\"@type\":\"ListItem\",\"position\":1,\"name\":\"Home\",\"item\":\"https:\\\/\\\/elfvaping.com\\\/\"},{\"@type\":\"ListItem\",\"position\":2,\"name\":\"Wholesale Disposable Vape\"}]},{\"@type\":\"WebSite\",\"@id\":\"https:\\\/\\\/elfvaping.com\\\/cs\\\/#website\",\"url\":\"https:\\\/\\\/elfvaping.com\\\/cs\\\/\",\"name\":\"Elf Vaping\",\"description\":\"Best Wholesale Prices for Disposable Vapes\",\"publisher\":{\"@id\":\"https:\\\/\\\/elfvaping.com\\\/cs\\\/#organization\"},\"potentialAction\":[{\"@type\":\"SearchAction\",\"target\":{\"@type\":\"EntryPoint\",\"urlTemplate\":\"https:\\\/\\\/elfvaping.com\\\/cs\\\/?s={search_term_string}\"},\"query-input\":{\"@type\":\"PropertyValueSpecification\",\"valueRequired\":true,\"valueName\":\"search_term_string\"}}],\"inLanguage\":\"fi\"},{\"@type\":\"Organization\",\"@id\":\"https:\\\/\\\/elfvaping.com\\\/cs\\\/#organization\",\"name\":\"Elf Vaping\",\"url\":\"https:\\\/\\\/elfvaping.com\\\/cs\\\/\",\"logo\":{\"@type\":\"ImageObject\",\"inLanguage\":\"fi\",\"@id\":\"https:\\\/\\\/elfvaping.com\\\/cs\\\/#\\\/schema\\\/logo\\\/image\\\/\",\"url\":\"https:\\\/\\\/elfvaping.com\\\/wp-content\\\/uploads\\\/2024\\\/06\\\/elfvaping-logo.webp\",\"contentUrl\":\"https:\\\/\\\/elfvaping.com\\\/wp-content\\\/uploads\\\/2024\\\/06\\\/elfvaping-logo.webp\",\"width\":400,\"height\":111,\"caption\":\"Elf Vaping\"},\"image\":{\"@id\":\"https:\\\/\\\/elfvaping.com\\\/cs\\\/#\\\/schema\\\/logo\\\/image\\\/\"},\"sameAs\":[\"https:\\\/\\\/www.facebook.com\\\/elfvaping\",\"https:\\\/\\\/instagram.com\\\/elfvaping\\\/\"]}]}<\/script>\n<!-- \/ Yoast SEO plugin. -->","yoast_head_json":{"title":"Irtonaistelukelpoiset Vape-tuotteet - Elf Vaping","robots":{"index":"index","follow":"follow","max-snippet":"max-snippet:-1","max-image-preview":"max-image-preview:large","max-video-preview":"max-video-preview:-1"},"canonical":"https:\/\/elfvaping.com\/fi\/tukku-kertakayttoinen-vape\/","og_locale":"fi_FI","og_type":"article","og_title":"Wholesale Disposable Vape - Elf Vaping","og_url":"https:\/\/elfvaping.com\/fi\/tukku-kertakayttoinen-vape\/","og_site_name":"Elf Vaping","article_publisher":"https:\/\/www.facebook.com\/elfvaping","article_modified_time":"2026-02-24T03:33:30+00:00","twitter_card":"summary_large_image","twitter_misc":{"Arvioitu lukuaika":"1 minuutti"},"schema":{"@context":"https:\/\/schema.org","@graph":[{"@type":"WebPage","@id":"https:\/\/elfvaping.com\/wholesale-disposable-vape\/","url":"https:\/\/elfvaping.com\/wholesale-disposable-vape\/","name":"Irtonaistelukelpoiset Vape-tuotteet - Elf Vaping","isPartOf":{"@id":"https:\/\/elfvaping.com\/cs\/#website"},"datePublished":"2024-06-16T02:53:07+00:00","dateModified":"2026-02-24T03:33:30+00:00","breadcrumb":{"@id":"https:\/\/elfvaping.com\/wholesale-disposable-vape\/#breadcrumb"},"inLanguage":"fi","potentialAction":[{"@type":"ReadAction","target":["https:\/\/elfvaping.com\/wholesale-disposable-vape\/"]}]},{"@type":"BreadcrumbList","@id":"https:\/\/elfvaping.com\/wholesale-disposable-vape\/#breadcrumb","itemListElement":[{"@type":"ListItem","position":1,"name":"Home","item":"https:\/\/elfvaping.com\/"},{"@type":"ListItem","position":2,"name":"Wholesale Disposable Vape"}]},{"@type":"WebSite","@id":"https:\/\/elfvaping.com\/cs\/#website","url":"https:\/\/elfvaping.com\/cs\/","name":"Elfien h\u00f6yryst\u00e4minen","description":"Parhaat tukkumyyntihinnat kertak\u00e4ytt\u00f6isille h\u00f6yrystimille","publisher":{"@id":"https:\/\/elfvaping.com\/cs\/#organization"},"potentialAction":[{"@type":"SearchAction","target":{"@type":"EntryPoint","urlTemplate":"https:\/\/elfvaping.com\/cs\/?s={search_term_string}"},"query-input":{"@type":"PropertyValueSpecification","valueRequired":true,"valueName":"search_term_string"}}],"inLanguage":"fi"},{"@type":"Organization","@id":"https:\/\/elfvaping.com\/cs\/#organization","name":"Elfien h\u00f6yryst\u00e4minen","url":"https:\/\/elfvaping.com\/cs\/","logo":{"@type":"ImageObject","inLanguage":"fi","@id":"https:\/\/elfvaping.com\/cs\/#\/schema\/logo\/image\/","url":"https:\/\/elfvaping.com\/wp-content\/uploads\/2024\/06\/elfvaping-logo.webp","contentUrl":"https:\/\/elfvaping.com\/wp-content\/uploads\/2024\/06\/elfvaping-logo.webp","width":400,"height":111,"caption":"Elf Vaping"},"image":{"@id":"https:\/\/elfvaping.com\/cs\/#\/schema\/logo\/image\/"},"sameAs":["https:\/\/www.facebook.com\/elfvaping","https:\/\/instagram.com\/elfvaping\/"]}]}},"jetpack_sharing_enabled":true,"_links":{"self":[{"href":"https:\/\/elfvaping.com\/fi\/wp-json\/wp\/v2\/pages\/1538","targetHints":{"allow":["GET"]}}],"collection":[{"href":"https:\/\/elfvaping.com\/fi\/wp-json\/wp\/v2\/pages"}],"about":[{"href":"https:\/\/elfvaping.com\/fi\/wp-json\/wp\/v2\/types\/page"}],"author":[{"embeddable":true,"href":"https:\/\/elfvaping.com\/fi\/wp-json\/wp\/v2\/users\/1"}],"replies":[{"embeddable":true,"href":"https:\/\/elfvaping.com\/fi\/wp-json\/wp\/v2\/comments?post=1538"}],"version-history":[{"count":0,"href":"https:\/\/elfvaping.com\/fi\/wp-json\/wp\/v2\/pages\/1538\/revisions"}],"wp:attachment":[{"href":"https:\/\/elfvaping.com\/fi\/wp-json\/wp\/v2\/media?parent=1538"}],"curies":[{"name":"wp","href":"https:\/\/api.w.org\/{rel}","templated":true}]}}