{"id":2,"date":"2024-06-16T02:16:33","date_gmt":"2024-06-16T02:16:33","guid":{"rendered":"http:\/\/elfvaping.com\/?page_id=2"},"modified":"2025-12-12T03:44:43","modified_gmt":"2025-12-12T03:44:43","slug":"meista","status":"publish","type":"page","link":"https:\/\/elfvaping.com\/fi\/about-us\/","title":{"rendered":"Tietoa ElfVapingista"},"content":{"rendered":"<div class=\"row\"  id=\"row-2111389400\">\n\n\t<div id=\"col-271756656\" class=\"col medium-6 small-12 large-6\"  >\n\t\t\t\t<div class=\"col-inner\"  >\n\t\t\t\n\t\t\t\n<p>Tervetuloa elfvaping.com-sivustolle, johtavaan verkkokauppaasi, joka erikoistuu <a href=\"https:\/\/elfvaping.com\/fi\/\">Hajautettavat h\u00f6yrystimet<\/a> Tuotteet.<\/p>\n<p>5 vuoden kokemuksella teollisuudessa olemme vakiinnuttaneet itsemme johtavana jakelijana monille tunnetuille tuotemerkeille, kuten Elf Box, <a href=\"https:\/\/elfvaping.com\/fi\/tuotekategoria\/ampiainen\/\"><strong>Waspe<\/strong><\/a>, Zgar, <a href=\"https:\/\/elfvaping.com\/fi\/tuotekategoria\/randm\/\"><strong>RandM Tornado<\/strong><\/a>, <a href=\"https:\/\/elfvaping.com\/fi\/tuotekategoria\/pamaus\/\">Bang Box<\/a>, Doloda, <strong><a href=\"https:\/\/elfvaping.com\/fi\/tuotekategoria\/bimo\/\">BIMO<\/a><\/strong>, FluuM ja muut. Tuotteemme ovat maailmanlaajuisesti tunnustettuja ja palvelevat asiakkaita useissa maissa.<\/p>\n<p>elvaping.com-sivustollamme tarjoamme laajan valikoiman kertak\u00e4ytt\u00f6isi\u00e4 h\u00f6yrystin vaihtoehtoja sek\u00e4 v\u00e4hitt\u00e4is- ett\u00e4 tukkumyyntiin. Laadukkuuteen ja asiakastyytyv\u00e4isyyteen sitoutuminen erottaa meid\u00e4t luotettavana ja ammattimaisena h\u00f6yrystinmyyj\u00e4n\u00e4.<\/p>\n<p>Tutustu kokoelmaamme <a href=\"https:\/\/elfvaping.com\/fi\/tuotekategoria\/tonttulaatikko\/\">Elf Box -kertak\u00e4ytt\u00f6iset h\u00f6yrystimet<\/a>, <strong>RandM Tornado, <\/strong><a href=\"https:\/\/elfvaping.com\/fi\/tuotekategoria\/vapsolo\/\">S\u00e4hk\u00f6h\u00f6yrystimet<\/a>, Waka-tuotteita ja muita huippumerkkej\u00e4 l\u00f6yt\u00e4\u00e4kseen t\u00e4ydellisen h\u00f6yrystysratkaisun tarpeisiisi. Olitpa sitten kokenut h\u00f6yryst\u00e4j\u00e4 tai uusi h\u00f6yrystysmaailmassa, meill\u00e4 on jokaiselle jotakin.<\/p>\n<p>Yhdess\u00e4 <a href=\"https:\/\/elfvaping.com\/fi\/\">elfvaping.com<\/a>, Voit odottaa saumattomaa ostokokemusta, kilpailukykyisi\u00e4 hintoja ja monipuolista valikoimaa makuja ja laitteita, jotka parantavat h\u00f6yryst\u00e4miskokemustasi. Liity tyytyv\u00e4isiin asiakkaisiimme maailmanlaajuisesti ja l\u00f6yd\u00e4 kertak\u00e4ytt\u00f6isten h\u00f6yrystimien mukavuus ja tyytyv\u00e4isyys.<\/p>\n<p>Koe h\u00e4vytett\u00e4vien h\u00f6yrystimien mukavuus ja tyytyv\u00e4isyys elfvaping.com-sivustolla. Osta nyt ja nauti lopullisesta h\u00f6yryst\u00e4miskokemuksesta!<\/p>\n\t\t<\/div>\n\t\t\t\t\t<\/div>\n\n\t\n\n\t<div id=\"col-1701602478\" class=\"col medium-6 small-12 large-6\"  >\n\t\t\t\t<div class=\"col-inner\"  >\n\t\t\t\n\t\t\t\n\t<div class=\"img has-hover x md-x lg-x y md-y lg-y\" id=\"image_230999026\">\n\t\t\t\t\t\t\t\t<div class=\"img-inner dark\" >\n\t\t\t<img loading=\"lazy\" decoding=\"async\" width=\"800\" height=\"800\" src=\"https:\/\/elfvaping.com\/wp-content\/uploads\/2024\/08\/AIVONO-BANG-MAXI-15000-Puffs-14.webp\" class=\"attachment-large size-large\" alt=\"\" srcset=\"https:\/\/elfvaping.com\/wp-content\/uploads\/2024\/08\/AIVONO-BANG-MAXI-15000-Puffs-14.webp 800w, https:\/\/elfvaping.com\/wp-content\/uploads\/2024\/08\/AIVONO-BANG-MAXI-15000-Puffs-14-300x300.webp 300w, https:\/\/elfvaping.com\/wp-content\/uploads\/2024\/08\/AIVONO-BANG-MAXI-15000-Puffs-14-150x150.webp 150w, https:\/\/elfvaping.com\/wp-content\/uploads\/2024\/08\/AIVONO-BANG-MAXI-15000-Puffs-14-768x768.webp 768w, https:\/\/elfvaping.com\/wp-content\/uploads\/2024\/08\/AIVONO-BANG-MAXI-15000-Puffs-14-12x12.webp 12w, https:\/\/elfvaping.com\/wp-content\/uploads\/2024\/08\/AIVONO-BANG-MAXI-15000-Puffs-14-600x600.webp 600w, https:\/\/elfvaping.com\/wp-content\/uploads\/2024\/08\/AIVONO-BANG-MAXI-15000-Puffs-14-100x100.webp 100w\" sizes=\"auto, (max-width: 800px) 100vw, 800px\" \/>\t\t\t\t\t\t\n\t\t\t\t\t<\/div>\n\t\t\t\t\t\t\t\t\n<style>\n#image_230999026 {\n  width: 100%;\n}\n<\/style>\n\t<\/div>\n\t\n\t\t<\/div>\n\t\t\t\t\t<\/div>\n\n\t\n<\/div>","protected":false},"excerpt":{"rendered":"","protected":false},"author":1,"featured_media":0,"parent":0,"menu_order":0,"comment_status":"closed","ping_status":"closed","template":"page-blank-title-center.php","meta":{"_lmt_disableupdate":"","_lmt_disable":"","jetpack_post_was_ever_published":false,"footnotes":""},"class_list":["post-2","page","type-page","status-publish","hentry"],"yoast_head":"<!-- This site is optimized with the Yoast SEO plugin v27.4 - https:\/\/yoast.com\/product\/yoast-seo-wordpress\/ -->\n<title>About ElfVaping - Elf Vaping<\/title>\n<meta name=\"robots\" content=\"index, follow, max-snippet:-1, max-image-preview:large, max-video-preview:-1\" \/>\n<link rel=\"canonical\" href=\"https:\/\/elfvaping.com\/fi\/meista\/\" \/>\n<meta property=\"og:locale\" content=\"fi_FI\" \/>\n<meta property=\"og:type\" content=\"article\" \/>\n<meta property=\"og:title\" content=\"About ElfVaping - Elf Vaping\" \/>\n<meta property=\"og:url\" content=\"https:\/\/elfvaping.com\/fi\/meista\/\" \/>\n<meta property=\"og:site_name\" content=\"Elf Vaping\" \/>\n<meta property=\"article:publisher\" content=\"https:\/\/www.facebook.com\/elfvaping\" \/>\n<meta property=\"article:modified_time\" content=\"2025-12-12T03:44:43+00:00\" \/>\n<meta name=\"twitter:card\" content=\"summary_large_image\" \/>\n<meta name=\"twitter:label1\" content=\"Arvioitu lukuaika\" \/>\n\t<meta name=\"twitter:data1\" content=\"1 minuutti\" \/>\n<script type=\"application\/ld+json\" class=\"yoast-schema-graph\">{\"@context\":\"https:\\\/\\\/schema.org\",\"@graph\":[{\"@type\":\"WebPage\",\"@id\":\"https:\\\/\\\/elfvaping.com\\\/about-us\\\/\",\"url\":\"https:\\\/\\\/elfvaping.com\\\/about-us\\\/\",\"name\":\"About ElfVaping - Elf Vaping\",\"isPartOf\":{\"@id\":\"https:\\\/\\\/elfvaping.com\\\/cs\\\/#website\"},\"datePublished\":\"2024-06-16T02:16:33+00:00\",\"dateModified\":\"2025-12-12T03:44:43+00:00\",\"breadcrumb\":{\"@id\":\"https:\\\/\\\/elfvaping.com\\\/about-us\\\/#breadcrumb\"},\"inLanguage\":\"fi\",\"potentialAction\":[{\"@type\":\"ReadAction\",\"target\":[\"https:\\\/\\\/elfvaping.com\\\/about-us\\\/\"]}]},{\"@type\":\"BreadcrumbList\",\"@id\":\"https:\\\/\\\/elfvaping.com\\\/about-us\\\/#breadcrumb\",\"itemListElement\":[{\"@type\":\"ListItem\",\"position\":1,\"name\":\"Home\",\"item\":\"https:\\\/\\\/elfvaping.com\\\/\"},{\"@type\":\"ListItem\",\"position\":2,\"name\":\"About ElfVaping\"}]},{\"@type\":\"WebSite\",\"@id\":\"https:\\\/\\\/elfvaping.com\\\/cs\\\/#website\",\"url\":\"https:\\\/\\\/elfvaping.com\\\/cs\\\/\",\"name\":\"Elf Vaping\",\"description\":\"Best Wholesale Prices for Disposable Vapes\",\"publisher\":{\"@id\":\"https:\\\/\\\/elfvaping.com\\\/cs\\\/#organization\"},\"potentialAction\":[{\"@type\":\"SearchAction\",\"target\":{\"@type\":\"EntryPoint\",\"urlTemplate\":\"https:\\\/\\\/elfvaping.com\\\/cs\\\/?s={search_term_string}\"},\"query-input\":{\"@type\":\"PropertyValueSpecification\",\"valueRequired\":true,\"valueName\":\"search_term_string\"}}],\"inLanguage\":\"fi\"},{\"@type\":\"Organization\",\"@id\":\"https:\\\/\\\/elfvaping.com\\\/cs\\\/#organization\",\"name\":\"Elf Vaping\",\"url\":\"https:\\\/\\\/elfvaping.com\\\/cs\\\/\",\"logo\":{\"@type\":\"ImageObject\",\"inLanguage\":\"fi\",\"@id\":\"https:\\\/\\\/elfvaping.com\\\/cs\\\/#\\\/schema\\\/logo\\\/image\\\/\",\"url\":\"https:\\\/\\\/elfvaping.com\\\/wp-content\\\/uploads\\\/2024\\\/06\\\/elfvaping-logo.webp\",\"contentUrl\":\"https:\\\/\\\/elfvaping.com\\\/wp-content\\\/uploads\\\/2024\\\/06\\\/elfvaping-logo.webp\",\"width\":400,\"height\":111,\"caption\":\"Elf Vaping\"},\"image\":{\"@id\":\"https:\\\/\\\/elfvaping.com\\\/cs\\\/#\\\/schema\\\/logo\\\/image\\\/\"},\"sameAs\":[\"https:\\\/\\\/www.facebook.com\\\/elfvaping\",\"https:\\\/\\\/instagram.com\\\/elfvaping\\\/\"]}]}<\/script>\n<!-- \/ Yoast SEO plugin. -->","yoast_head_json":{"title":"Tietoa ElfVaping - Elf Vapingista","robots":{"index":"index","follow":"follow","max-snippet":"max-snippet:-1","max-image-preview":"max-image-preview:large","max-video-preview":"max-video-preview:-1"},"canonical":"https:\/\/elfvaping.com\/fi\/meista\/","og_locale":"fi_FI","og_type":"article","og_title":"About ElfVaping - Elf Vaping","og_url":"https:\/\/elfvaping.com\/fi\/meista\/","og_site_name":"Elf Vaping","article_publisher":"https:\/\/www.facebook.com\/elfvaping","article_modified_time":"2025-12-12T03:44:43+00:00","twitter_card":"summary_large_image","twitter_misc":{"Arvioitu lukuaika":"1 minuutti"},"schema":{"@context":"https:\/\/schema.org","@graph":[{"@type":"WebPage","@id":"https:\/\/elfvaping.com\/about-us\/","url":"https:\/\/elfvaping.com\/about-us\/","name":"Tietoa ElfVaping - Elf Vapingista","isPartOf":{"@id":"https:\/\/elfvaping.com\/cs\/#website"},"datePublished":"2024-06-16T02:16:33+00:00","dateModified":"2025-12-12T03:44:43+00:00","breadcrumb":{"@id":"https:\/\/elfvaping.com\/about-us\/#breadcrumb"},"inLanguage":"fi","potentialAction":[{"@type":"ReadAction","target":["https:\/\/elfvaping.com\/about-us\/"]}]},{"@type":"BreadcrumbList","@id":"https:\/\/elfvaping.com\/about-us\/#breadcrumb","itemListElement":[{"@type":"ListItem","position":1,"name":"Home","item":"https:\/\/elfvaping.com\/"},{"@type":"ListItem","position":2,"name":"About ElfVaping"}]},{"@type":"WebSite","@id":"https:\/\/elfvaping.com\/cs\/#website","url":"https:\/\/elfvaping.com\/cs\/","name":"Elfien h\u00f6yryst\u00e4minen","description":"Parhaat tukkumyyntihinnat kertak\u00e4ytt\u00f6isille h\u00f6yrystimille","publisher":{"@id":"https:\/\/elfvaping.com\/cs\/#organization"},"potentialAction":[{"@type":"SearchAction","target":{"@type":"EntryPoint","urlTemplate":"https:\/\/elfvaping.com\/cs\/?s={search_term_string}"},"query-input":{"@type":"PropertyValueSpecification","valueRequired":true,"valueName":"search_term_string"}}],"inLanguage":"fi"},{"@type":"Organization","@id":"https:\/\/elfvaping.com\/cs\/#organization","name":"Elfien h\u00f6yryst\u00e4minen","url":"https:\/\/elfvaping.com\/cs\/","logo":{"@type":"ImageObject","inLanguage":"fi","@id":"https:\/\/elfvaping.com\/cs\/#\/schema\/logo\/image\/","url":"https:\/\/elfvaping.com\/wp-content\/uploads\/2024\/06\/elfvaping-logo.webp","contentUrl":"https:\/\/elfvaping.com\/wp-content\/uploads\/2024\/06\/elfvaping-logo.webp","width":400,"height":111,"caption":"Elf Vaping"},"image":{"@id":"https:\/\/elfvaping.com\/cs\/#\/schema\/logo\/image\/"},"sameAs":["https:\/\/www.facebook.com\/elfvaping","https:\/\/instagram.com\/elfvaping\/"]}]}},"jetpack_sharing_enabled":true,"_links":{"self":[{"href":"https:\/\/elfvaping.com\/fi\/wp-json\/wp\/v2\/pages\/2","targetHints":{"allow":["GET"]}}],"collection":[{"href":"https:\/\/elfvaping.com\/fi\/wp-json\/wp\/v2\/pages"}],"about":[{"href":"https:\/\/elfvaping.com\/fi\/wp-json\/wp\/v2\/types\/page"}],"author":[{"embeddable":true,"href":"https:\/\/elfvaping.com\/fi\/wp-json\/wp\/v2\/users\/1"}],"replies":[{"embeddable":true,"href":"https:\/\/elfvaping.com\/fi\/wp-json\/wp\/v2\/comments?post=2"}],"version-history":[{"count":0,"href":"https:\/\/elfvaping.com\/fi\/wp-json\/wp\/v2\/pages\/2\/revisions"}],"wp:attachment":[{"href":"https:\/\/elfvaping.com\/fi\/wp-json\/wp\/v2\/media?parent=2"}],"curies":[{"name":"wp","href":"https:\/\/api.w.org\/{rel}","templated":true}]}}