{"id":3,"date":"2024-06-16T02:16:33","date_gmt":"2024-06-16T02:16:33","guid":{"rendered":"http:\/\/elfvaping.com\/?page_id=3"},"modified":"2024-08-05T12:41:45","modified_gmt":"2024-08-05T12:41:45","slug":"tietosuojakaytanto","status":"publish","type":"page","link":"https:\/\/elfvaping.com\/fi\/privacy-policy\/","title":{"rendered":"Tietosuojak\u00e4yt\u00e4nt\u00f6"},"content":{"rendered":"<p dir=\"auto\">Tervetuloa elfvaping.com-sivustolle, jota yll\u00e4pit\u00e4\u00e4 yritys, joka erikoistuu kertak\u00e4ytt\u00f6isten h\u00f6yrystin tuotteiden myyntiin. T\u00e4ss\u00e4 asiakirjassa viittaukset \u2018elfvaping.com\u2019, \u2018me\u2019, \u2018meihin\u2019 tai \u2018emme\u2019 koskevat verkkoalustamme.<\/p>\r\n<p dir=\"auto\"><strong>Henkil\u00f6kohtaisten tietojen ker\u00e4\u00e4minen:<\/strong><br \/>Voimassaolevien lakien mukaisesti ker\u00e4\u00e4mme ja k\u00e4yt\u00e4mme henkil\u00f6tietoja t\u00e4m\u00e4n Tietosuojak\u00e4yt\u00e4nn\u00f6n mukaisesti. Huomaa, ett\u00e4 verkkosivustomme saattaa sis\u00e4lt\u00e4\u00e4 linkkej\u00e4 kolmannen osapuolen sivustoille, joita t\u00e4m\u00e4 Tietosuojak\u00e4yt\u00e4nt\u00f6 ei koske.<\/p>\r\n<p dir=\"auto\">Jos sinulla on kysymyksi\u00e4 tai tarvitset lis\u00e4tietoja k\u00e4yt\u00e4nn\u00f6ist\u00e4mme, ota yhteytt\u00e4 s\u00e4hk\u00f6postitse osoitteeseen\u00a0<a href=\"mailto:info@elfvaping.com\" target=\"_blank\" rel=\"noopener\">info@elfvaping.com<\/a>.<\/p>\r\n<p dir=\"auto\"><strong>Personal Information:<\/strong><br \/>T\u00e4ss\u00e4 k\u00e4ytetty termi \u2018henkil\u00f6kohtaiset tiedot\u2019 viittaa tietoihin, jotka tunnistavat sinut tai joista voidaan kohtuudella p\u00e4\u00e4tell\u00e4 sinun identiteettisi.  T\u00e4m\u00e4 voi sis\u00e4lt\u00e4\u00e4 nimesi, yhteystietosi ja tietoja vuorovaikutuksestasi kanssamme. Ker\u00e4\u00e4mme ja tallennamme henkil\u00f6kohtaisia tietoja, jotka liittyv\u00e4t ensisijaisesti tuotteisiimme ja palveluihimme.<\/p>\r\n<p dir=\"auto\"><strong>Tiedonkeruu:<\/strong><br \/>Vierailijoita pyydet\u00e4\u00e4n rekister\u00f6itym\u00e4\u00e4n, ja verkkosivustomme k\u00e4ynnin yhteydess\u00e4 palvelimet tallentavat automaattisesti tietoja, kuten selaimesi, IP-osoitteesi ja k\u00e4ydyt sivut turvallisuussyist\u00e4. Henkil\u00f6kohtaiset tiedot voidaan ker\u00e4t\u00e4 verkkolomakkeiden, tiedustelujen tai haittavaikutusraporttien kautta.<\/p>\r\n<p dir=\"auto\"><strong>Tiedon k\u00e4ytt\u00f6:<\/strong><br \/>Henkil\u00f6kohtaisia tietoja voidaan k\u00e4ytt\u00e4\u00e4 eri tarkoituksiin, kuten palvelujen tarjoamiseen, tietojen yll\u00e4pitoon ja s\u00e4\u00e4ntelyvaatimusten noudattamiseen.  Voitamme luovuttaa henkil\u00f6kohtaisia tietoja palveluntarjoajille ja s\u00e4\u00e4ntelyviranomaisille tarpeen mukaan.<\/p>\r\n<p dir=\"auto\"><strong>Ev\u00e4steet:<\/strong><br \/>Sivustomme k\u00e4ytt\u00e4\u00e4 ev\u00e4steit\u00e4 tunnistaakseen s\u00e4\u00e4nn\u00f6lliset k\u00e4vij\u00e4t ja seuratakseen k\u00e4ytt\u00f6\u00e4. Ev\u00e4steet eiv\u00e4t tallenna henkil\u00f6kohtaisia tietoja ja niit\u00e4 voidaan hallita selaimen asetusten kautta.<\/p>\r\n<p dir=\"auto\"><strong>Verkkotietosuojak\u00e4yt\u00e4nt\u00f6:<\/strong><br \/>T\u00e4m\u00e4 k\u00e4yt\u00e4nt\u00f6 soveltuu verkkotoimintaan sivustollamme eik\u00e4 laajene offline-tietojen ker\u00e4\u00e4miseen.<\/p>\r\n<p dir=\"auto\"><strong>K\u00e4yt\u00e4nn\u00f6n muutokset:<\/strong><br \/>Pid\u00e4t\u00e4mme oikeuden muuttaa t\u00e4t\u00e4 tietosuojak\u00e4yt\u00e4nt\u00f6\u00e4, ja p\u00e4ivitykset tulevat voimaan julkaisup\u00e4iv\u00e4st\u00e4 l\u00e4htien. K\u00e4ytt\u00e4ji\u00e4 suositellaan tarkistamaan t\u00e4m\u00e4 k\u00e4yt\u00e4nt\u00f6 s\u00e4\u00e4nn\u00f6llisesti.<\/p>\r\n<p dir=\"auto\"><strong>Lis\u00e4tiedusteluja:<\/strong><br \/>Yksityisyyteen liittyviss\u00e4 kysymyksiss\u00e4 tai tiedusteluissa ota yhteytt\u00e4 minuun <a href=\"mailto:info@elfvaping.com\" target=\"_blank\" rel=\"noopener\">info@elfvaping.com<\/a>. Jos et ole tyytyv\u00e4inen vastaukseemme, voit escalate asiaa asianmukaisille viranomaisille.<\/p>\r\n<p dir=\"auto\"><strong>Suostumus:<\/strong><br \/>K\u00e4ytt\u00e4m\u00e4ll\u00e4 verkkosivustoamme, hyv\u00e4ksyt tietosuojak\u00e4yt\u00e4nt\u00f6mme ja sitoudut sen k\u00e4ytt\u00f6ehtoihin.<\/p>\r\n<p dir=\"auto\">Kiitos, ett\u00e4 luotat elfvaping.com-sivustolle yksityisyytesi.<\/p>","protected":false},"excerpt":{"rendered":"<p>Welcome to elfvaping.com, operated by our company specializing in the sale of disposable vape products. Throughout this document, references to &#8216;elfvaping.com,&#8217; &#8216;we,&#8217; &#8216;us,&#8217; or &#8216;our&#8217; pertain to our online platform. Collection of Personal Information:In compliance with applicable laws, we gather and utilize personal information as outlined in this Privacy Policy. Please note that our website [&#8230;]\n","protected":false},"author":1,"featured_media":0,"parent":0,"menu_order":0,"comment_status":"closed","ping_status":"closed","template":"page-blank-title-center.php","meta":{"_lmt_disableupdate":"","_lmt_disable":"","footnotes":""},"class_list":["post-3","page","type-page","status-publish","hentry"],"yoast_head":"<!-- This site is optimized with the Yoast SEO plugin v27.6 - https:\/\/yoast.com\/product\/yoast-seo-wordpress\/ -->\n<title>Privacy Policy - Elf Vaping<\/title>\n<meta name=\"robots\" content=\"index, follow, max-snippet:-1, max-image-preview:large, max-video-preview:-1\" \/>\n<link rel=\"canonical\" href=\"https:\/\/elfvaping.com\/fi\/tietosuojakaytanto\/\" \/>\n<meta property=\"og:locale\" content=\"fi_FI\" \/>\n<meta property=\"og:type\" content=\"article\" \/>\n<meta property=\"og:title\" content=\"Privacy Policy - Elf Vaping\" \/>\n<meta property=\"og:description\" content=\"Welcome to elfvaping.com, operated by our company specializing in the sale of disposable vape products. Throughout this document, references to &#8216;elfvaping.com,&#8217; &#8216;we,&#8217; &#8216;us,&#8217; or &#8216;our&#8217; pertain to our online platform. Collection of Personal Information:In compliance with applicable laws, we gather and utilize personal information as outlined in this Privacy Policy. Please note that our website [...]\" \/>\n<meta property=\"og:url\" content=\"https:\/\/elfvaping.com\/fi\/tietosuojakaytanto\/\" \/>\n<meta property=\"og:site_name\" content=\"Elf Vaping\" \/>\n<meta property=\"article:publisher\" content=\"https:\/\/www.facebook.com\/elfvaping\" \/>\n<meta property=\"article:modified_time\" content=\"2024-08-05T12:41:45+00:00\" \/>\n<meta name=\"twitter:card\" content=\"summary_large_image\" \/>\n<meta name=\"twitter:label1\" content=\"Arvioitu lukuaika\" \/>\n\t<meta name=\"twitter:data1\" content=\"2 minuuttia\" \/>\n<script type=\"application\/ld+json\" class=\"yoast-schema-graph\">{\"@context\":\"https:\\\/\\\/schema.org\",\"@graph\":[{\"@type\":\"WebPage\",\"@id\":\"https:\\\/\\\/elfvaping.com\\\/privacy-policy\\\/\",\"url\":\"https:\\\/\\\/elfvaping.com\\\/privacy-policy\\\/\",\"name\":\"Privacy Policy - Elf Vaping\",\"isPartOf\":{\"@id\":\"https:\\\/\\\/elfvaping.com\\\/cs\\\/#website\"},\"datePublished\":\"2024-06-16T02:16:33+00:00\",\"dateModified\":\"2024-08-05T12:41:45+00:00\",\"breadcrumb\":{\"@id\":\"https:\\\/\\\/elfvaping.com\\\/privacy-policy\\\/#breadcrumb\"},\"inLanguage\":\"fi\",\"potentialAction\":[{\"@type\":\"ReadAction\",\"target\":[\"https:\\\/\\\/elfvaping.com\\\/privacy-policy\\\/\"]}]},{\"@type\":\"BreadcrumbList\",\"@id\":\"https:\\\/\\\/elfvaping.com\\\/privacy-policy\\\/#breadcrumb\",\"itemListElement\":[{\"@type\":\"ListItem\",\"position\":1,\"name\":\"Home\",\"item\":\"https:\\\/\\\/elfvaping.com\\\/\"},{\"@type\":\"ListItem\",\"position\":2,\"name\":\"Privacy Policy\"}]},{\"@type\":\"WebSite\",\"@id\":\"https:\\\/\\\/elfvaping.com\\\/cs\\\/#website\",\"url\":\"https:\\\/\\\/elfvaping.com\\\/cs\\\/\",\"name\":\"Elf Vaping\",\"description\":\"Best Wholesale Prices for Disposable Vapes\",\"publisher\":{\"@id\":\"https:\\\/\\\/elfvaping.com\\\/cs\\\/#organization\"},\"potentialAction\":[{\"@type\":\"SearchAction\",\"target\":{\"@type\":\"EntryPoint\",\"urlTemplate\":\"https:\\\/\\\/elfvaping.com\\\/cs\\\/?s={search_term_string}\"},\"query-input\":{\"@type\":\"PropertyValueSpecification\",\"valueRequired\":true,\"valueName\":\"search_term_string\"}}],\"inLanguage\":\"fi\"},{\"@type\":\"Organization\",\"@id\":\"https:\\\/\\\/elfvaping.com\\\/cs\\\/#organization\",\"name\":\"Elf Vaping\",\"url\":\"https:\\\/\\\/elfvaping.com\\\/cs\\\/\",\"logo\":{\"@type\":\"ImageObject\",\"inLanguage\":\"fi\",\"@id\":\"https:\\\/\\\/elfvaping.com\\\/cs\\\/#\\\/schema\\\/logo\\\/image\\\/\",\"url\":\"https:\\\/\\\/elfvaping.com\\\/wp-content\\\/uploads\\\/2024\\\/06\\\/elfvaping-logo.webp\",\"contentUrl\":\"https:\\\/\\\/elfvaping.com\\\/wp-content\\\/uploads\\\/2024\\\/06\\\/elfvaping-logo.webp\",\"width\":400,\"height\":111,\"caption\":\"Elf Vaping\"},\"image\":{\"@id\":\"https:\\\/\\\/elfvaping.com\\\/cs\\\/#\\\/schema\\\/logo\\\/image\\\/\"},\"sameAs\":[\"https:\\\/\\\/www.facebook.com\\\/elfvaping\",\"https:\\\/\\\/instagram.com\\\/elfvaping\\\/\"]}]}<\/script>\n<!-- \/ Yoast SEO plugin. -->","yoast_head_json":{"title":"Tietosuojak\u00e4yt\u00e4nt\u00f6 - Elf Vaping","robots":{"index":"index","follow":"follow","max-snippet":"max-snippet:-1","max-image-preview":"max-image-preview:large","max-video-preview":"max-video-preview:-1"},"canonical":"https:\/\/elfvaping.com\/fi\/tietosuojakaytanto\/","og_locale":"fi_FI","og_type":"article","og_title":"Privacy Policy - Elf Vaping","og_description":"Welcome to elfvaping.com, operated by our company specializing in the sale of disposable vape products. Throughout this document, references to &#8216;elfvaping.com,&#8217; &#8216;we,&#8217; &#8216;us,&#8217; or &#8216;our&#8217; pertain to our online platform. Collection of Personal Information:In compliance with applicable laws, we gather and utilize personal information as outlined in this Privacy Policy. Please note that our website [...]","og_url":"https:\/\/elfvaping.com\/fi\/tietosuojakaytanto\/","og_site_name":"Elf Vaping","article_publisher":"https:\/\/www.facebook.com\/elfvaping","article_modified_time":"2024-08-05T12:41:45+00:00","twitter_card":"summary_large_image","twitter_misc":{"Arvioitu lukuaika":"2 minuuttia"},"schema":{"@context":"https:\/\/schema.org","@graph":[{"@type":"WebPage","@id":"https:\/\/elfvaping.com\/privacy-policy\/","url":"https:\/\/elfvaping.com\/privacy-policy\/","name":"Tietosuojak\u00e4yt\u00e4nt\u00f6 - Elf Vaping","isPartOf":{"@id":"https:\/\/elfvaping.com\/cs\/#website"},"datePublished":"2024-06-16T02:16:33+00:00","dateModified":"2024-08-05T12:41:45+00:00","breadcrumb":{"@id":"https:\/\/elfvaping.com\/privacy-policy\/#breadcrumb"},"inLanguage":"fi","potentialAction":[{"@type":"ReadAction","target":["https:\/\/elfvaping.com\/privacy-policy\/"]}]},{"@type":"BreadcrumbList","@id":"https:\/\/elfvaping.com\/privacy-policy\/#breadcrumb","itemListElement":[{"@type":"ListItem","position":1,"name":"Home","item":"https:\/\/elfvaping.com\/"},{"@type":"ListItem","position":2,"name":"Privacy Policy"}]},{"@type":"WebSite","@id":"https:\/\/elfvaping.com\/cs\/#website","url":"https:\/\/elfvaping.com\/cs\/","name":"Elfien h\u00f6yryst\u00e4minen","description":"Parhaat tukkumyyntihinnat kertak\u00e4ytt\u00f6isille h\u00f6yrystimille","publisher":{"@id":"https:\/\/elfvaping.com\/cs\/#organization"},"potentialAction":[{"@type":"SearchAction","target":{"@type":"EntryPoint","urlTemplate":"https:\/\/elfvaping.com\/cs\/?s={search_term_string}"},"query-input":{"@type":"PropertyValueSpecification","valueRequired":true,"valueName":"search_term_string"}}],"inLanguage":"fi"},{"@type":"Organization","@id":"https:\/\/elfvaping.com\/cs\/#organization","name":"Elfien h\u00f6yryst\u00e4minen","url":"https:\/\/elfvaping.com\/cs\/","logo":{"@type":"ImageObject","inLanguage":"fi","@id":"https:\/\/elfvaping.com\/cs\/#\/schema\/logo\/image\/","url":"https:\/\/elfvaping.com\/wp-content\/uploads\/2024\/06\/elfvaping-logo.webp","contentUrl":"https:\/\/elfvaping.com\/wp-content\/uploads\/2024\/06\/elfvaping-logo.webp","width":400,"height":111,"caption":"Elf Vaping"},"image":{"@id":"https:\/\/elfvaping.com\/cs\/#\/schema\/logo\/image\/"},"sameAs":["https:\/\/www.facebook.com\/elfvaping","https:\/\/instagram.com\/elfvaping\/"]}]}},"jetpack_sharing_enabled":true,"_links":{"self":[{"href":"https:\/\/elfvaping.com\/fi\/wp-json\/wp\/v2\/pages\/3","targetHints":{"allow":["GET"]}}],"collection":[{"href":"https:\/\/elfvaping.com\/fi\/wp-json\/wp\/v2\/pages"}],"about":[{"href":"https:\/\/elfvaping.com\/fi\/wp-json\/wp\/v2\/types\/page"}],"author":[{"embeddable":true,"href":"https:\/\/elfvaping.com\/fi\/wp-json\/wp\/v2\/users\/1"}],"replies":[{"embeddable":true,"href":"https:\/\/elfvaping.com\/fi\/wp-json\/wp\/v2\/comments?post=3"}],"version-history":[{"count":0,"href":"https:\/\/elfvaping.com\/fi\/wp-json\/wp\/v2\/pages\/3\/revisions"}],"wp:attachment":[{"href":"https:\/\/elfvaping.com\/fi\/wp-json\/wp\/v2\/media?parent=3"}],"curies":[{"name":"wp","href":"https:\/\/api.w.org\/{rel}","templated":true}]}}