{"id":585,"date":"2024-06-16T02:49:40","date_gmt":"2024-06-16T02:49:40","guid":{"rendered":"https:\/\/elfvaping.com\/?page_id=585"},"modified":"2026-02-24T03:31:26","modified_gmt":"2026-02-24T03:31:26","slug":"evastekaytanto","status":"publish","type":"page","link":"https:\/\/elfvaping.com\/fi\/cookies-policy\/","title":{"rendered":"Ev\u00e4steiden k\u00e4yt\u00f6n periaatteet"},"content":{"rendered":"<p>Viimeksi p\u00e4ivitetty: 26. huhtikuuta 2024<\/p>\n<p>T\u00e4m\u00e4 ev\u00e4steiden k\u00e4yt\u00f6n politiikka m\u00e4\u00e4rittelee ev\u00e4steiden k\u00e4yt\u00f6n verkkosivustollamme, elfvaping.com. Tutustumalla t\u00e4h\u00e4n politiikkaan saat tietoa siit\u00e4, mink\u00e4laisia ev\u00e4steit\u00e4 k\u00e4yt\u00e4mme, mit\u00e4 tietoja ev\u00e4steill\u00e4 ker\u00e4t\u00e4\u00e4n ja miten niit\u00e4 tietoja k\u00e4ytet\u00e4\u00e4n. T\u00e4m\u00e4 politiikka on laadittu ev\u00e4steiden k\u00e4yt\u00f6n politiikan generaattorin avulla.<\/p>\n<p>Ev\u00e4steet eiv\u00e4t yleens\u00e4 sis\u00e4ll\u00e4 tietoja, jotka tunnistavat k\u00e4ytt\u00e4j\u00e4n suoraan.  Henkil\u00f6kohtaiset tiedot, jotka on tallennettu sinusta, voidaan kuitenkin yhdist\u00e4\u00e4 ev\u00e4steisiin tallennettuun ja niist\u00e4 saataviin tietoihin.  Kattavat tiedot siit\u00e4, miten k\u00e4yt\u00e4mme, tallennamme ja suojaamme henkil\u00f6kohtaisia tietojasi, l\u00f6yd\u00e4t tietosuojak\u00e4yt\u00e4nn\u00f6st\u00e4mme.<\/p>\n<p>Herkk\u00e4\u00e4 henkil\u00f6kohtaista tietoa, kuten postiosoitteita tai tilin salasanoja, ei tallenneta ev\u00e4steisiin, joita k\u00e4yt\u00e4mme.<\/p>\n<p>Tulkinta ja m\u00e4\u00e4ritelm\u00e4t<\/p>\n<p>Tulkinta Termit, joilla on suuret alkukirjaimet, tarkoittavat seuraavia m\u00e4\u00e4ritelmi\u00e4. N\u00e4m\u00e4 m\u00e4\u00e4ritelm\u00e4t ovat voimassa riippumatta siit\u00e4, esiintyv\u00e4tk\u00f6 ne yksikk\u00f6- vai monikkomuodossa.<\/p>\n<p>M\u00e4\u00e4ritelm\u00e4t T\u00e4m\u00e4n ev\u00e4ste-k\u00e4yt\u00e4nt\u00f6asiakirjan tarkoituksia varten:<\/p>\n<p>Yrityksell\u00e4 (t\u00e4ss\u00e4 ev\u00e4stek\u00e4yt\u00e4nn\u00f6ss\u00e4 viitataan siihen joko \u201cYritys\u201d, \u201cMe\u201d, \u201cUs\u201d tai \u201cMeid\u00e4n\u201d) tarkoitetaan elfvaping.com. Ev\u00e4steet ovat pieni\u00e4 tiedostoja, jotka verkkosivusto asettaa tietokoneellesi, mobiililaitteellesi tai muulle laitteellesi, sis\u00e4lt\u00e4en tietoja selaushistoriastasi kyseisell\u00e4 verkkosivustolla, niiden monien k\u00e4ytt\u00f6tarkitusten joukossa. Verkkosivustolla tarkoitetaan elfvaping.com, johon p\u00e4\u00e4see k\u00e4siksi <a href=\"https:\/\/elfvaping.com\/fi\/\" target=\"_new\" rel=\"noopener\">https:\/\/elfvaping.com\/<\/a> K\u00e4ytt\u00e4j\u00e4 tarkoittaa yksityishenkil\u00f6\u00e4, joka k\u00e4ytt\u00e4\u00e4 tai p\u00e4\u00e4see k\u00e4siksi Verkkosivustoon, tai yrityst\u00e4 tai mit\u00e4 tahansa oikeudellista yksikk\u00f6\u00e4, jonka puolesta t\u00e4llainen yksityishenkil\u00f6 k\u00e4ytt\u00e4\u00e4 tai p\u00e4\u00e4see k\u00e4siksi Verkkosivustoon, tarpeen mukaan. Ev\u00e4steiden k\u00e4ytt\u00f6<\/p>\n<p>K\u00e4ytt\u00e4m\u00e4mme ev\u00e4steet Ev\u00e4steet voidaan luokitella \u201cpysyviksi\u201d tai \u201cistuntoev\u00e4steiksi\u201d. Pysyv\u00e4t ev\u00e4steet s\u00e4ilyv\u00e4t henkil\u00f6kohtaisessa tietokoneessasi tai mobiililaitteessasi, vaikka olisit offline-tilassa, kun taas istuntoev\u00e4steet poistetaan heti, kun suljet verkkoselaimesi.<\/p>\n<p>K\u00e4yt\u00e4mme sek\u00e4 istunto- ett\u00e4 pysyvi\u00e4 ev\u00e4steit\u00e4 seuraaviin tarkoituksiin:<\/p>\n<p>V\u00e4ltt\u00e4m\u00e4tt\u00f6m\u00e4t ev\u00e4steet \/ Pakolliset ev\u00e4steet<\/p>\n<p>Tyyppi: Istuntoev\u00e4steet<\/p>\n<p>Hallinnoi: Me<\/p>\n<p>Tarkoitus: N\u00e4m\u00e4 ev\u00e4steet ovat v\u00e4ltt\u00e4m\u00e4tt\u00f6mi\u00e4 tarjoamaan sinulle verkkosivuston kautta saatavat palvelut ja mahdollistaakseen sinulle joidenkin sen ominaisuuksien k\u00e4yt\u00f6n. Ne auttavat k\u00e4ytt\u00e4j\u00e4n todentamisessa ja est\u00e4v\u00e4t k\u00e4ytt\u00e4j\u00e4tilien petollisen k\u00e4yt\u00f6n. Ilman n\u00e4it\u00e4 ev\u00e4steit\u00e4, pyynn\u00e4m\u00e4si palvelut eiv\u00e4t voi olla tarjolla, ja me k\u00e4yt\u00e4mme yksinomaan n\u00e4it\u00e4 ev\u00e4steit\u00e4 tarjotaksemme sinulle mainitut palvelut.<\/p>\n<p>Toiminnalliset ev\u00e4steet<\/p>\n<p>Tyyppi: Pysyv\u00e4t ev\u00e4steet<\/p>\n<p>Hallinnoi: Me<\/p>\n<p>Tarkoitus: N\u00e4m\u00e4 ev\u00e4steet mahdollistavat valintojesi muistamisen, kun k\u00e4yt\u00e4t verkkosivustoa, kuten kirjautumistietojesi s\u00e4ilytt\u00e4misen tai kielen valinnan. N\u00e4iden ev\u00e4steiden tarkoituksena on tarjota henkil\u00f6kohtaisempi kokemus ja v\u00e4ltt\u00e4\u00e4 tarpeettomuus sy\u00f6tt\u00e4\u00e4 uudelleen asetuksiasi joka kerta, kun k\u00e4yt\u00e4t verkkosivustoa.<\/p>\n<p>Valintasi Ev\u00e4steist\u00e4 Jos p\u00e4\u00e4t\u00e4t pid\u00e4tt\u00e4yty\u00e4 ev\u00e4steiden k\u00e4yt\u00f6st\u00e4 Verkkosivustolla, sinun on ensin poistettava ev\u00e4steiden k\u00e4ytt\u00f6 k\u00e4yt\u00f6st\u00e4 selaimessasi ja sen j\u00e4lkeen poistettava t\u00e4m\u00e4n verkkosivuston kanssa liittyv\u00e4t ev\u00e4steet, jotka on tallennettu selaimesi. Sinulla on mahdollisuus k\u00e4ytt\u00e4\u00e4 t\u00e4t\u00e4 menetelm\u00e4\u00e4 est\u00e4\u00e4ksesi ev\u00e4steiden k\u00e4yt\u00f6n milloin tahansa.<\/p>\n<p>Jos hylk\u00e4\u00e4t meid\u00e4n ev\u00e4steet, saatat kohdata hankaluuksia sivuston k\u00e4yt\u00f6ss\u00e4si ja tietyt toiminnot eiv\u00e4t v\u00e4ltt\u00e4m\u00e4tt\u00e4 toimi optimaalisesti.<\/p>\n<p>Jos haluat poistaa ev\u00e4steet tai pyyt\u00e4\u00e4 verkkoselaintasi poistamaan tai hylk\u00e4\u00e4m\u00e4\u00e4n ev\u00e4steet, tutustu verkkoselaimesi ohjeisiin.<\/p>\n<p>Kromin verkkoselaimelle, k\u00e4y seuraavalla sivulla Googlesta: <a href=\"https:\/\/support.google.com\/accounts\/answer\/32050\" rel=\"nofollow\">https:\/\/support.google.com\/accounts\/answer\/32050<\/a><\/p>\n<p>Internet Explorer -verkkoselaimelle, k\u00e4y seuraavalla Microsoftin sivulla: <a href=\"http:\/\/support.microsoft.com\/kb\/278835\" rel=\"nofollow\">http:\/\/support.microsoft.com\/kb\/278835<\/a><\/p>\n<p>K\u00e4yt\u00e4 Firefox-verkkoselainta varten t\u00e4t\u00e4 Mozilla-sivua: <a href=\"https:\/\/support.mozilla.org\/en-US\/kb\/delete-cookies-remove-info-websites-stored\" rel=\"nofollow\">https:\/\/support.mozilla.org\/en-US\/kb\/delete-cookies-remove-info-websites-stored<\/a><\/p>\n<p>Safari-verkkoselaimelle, k\u00e4y seuraavalla Applen sivulla: <a href=\"https:\/\/support.apple.com\/guide\/safari\/manage-cookies-and-website-data-sfri11471\/mac\" rel=\"nofollow\">https:\/\/support.apple.com\/guide\/safari\/manage-cookies-and-website-data-sfri11471\/mac<\/a><\/p>\n<p>Muille verkkoselaimille, k\u00e4y verkkoselaimesi virallisilla verkkosivuilla.<\/p>\n<p>Lis\u00e4tietoja ev\u00e4steist\u00e4 Voit syventy\u00e4 ev\u00e4steiden aiheeseen k\u00e4ym\u00e4ll\u00e4 TermsFeedin Ev\u00e4steet -osiolla.<\/p>\n<p>Ota yhteytt\u00e4 Jos sinulla on kysytt\u00e4v\u00e4\u00e4 t\u00e4m\u00e4n ev\u00e4ste-k\u00e4yt\u00e4nn\u00f6n suhteen, voit ottaa yhteytt\u00e4 meihin:<\/p>\n<p>S\u00e4hk\u00f6postilla: <a target=\"_new\" rel=\"noopener\">info@elfvaping.com<\/a><\/p>","protected":false},"excerpt":{"rendered":"<p>Last updated: April 26, 2024 This Cookies Policy delineates the utilization of Cookies on our website, elfvaping.com. Familiarizing yourself with this policy will provide insight into the types of Cookies we utilize, the information garnered through Cookies, and its subsequent application. This policy has been crafted with the aid of the Cookies Policy Generator. Cookies [&#8230;]\n","protected":false},"author":1,"featured_media":0,"parent":0,"menu_order":0,"comment_status":"closed","ping_status":"closed","template":"page-blank-title-center.php","meta":{"_lmt_disableupdate":"no","_lmt_disable":"","jetpack_post_was_ever_published":false,"footnotes":""},"class_list":["post-585","page","type-page","status-publish","hentry"],"yoast_head":"<!-- This site is optimized with the Yoast SEO plugin v27.4 - https:\/\/yoast.com\/product\/yoast-seo-wordpress\/ -->\n<title>Cookies Policy - Elf Vaping<\/title>\n<meta name=\"robots\" content=\"index, follow, max-snippet:-1, max-image-preview:large, max-video-preview:-1\" \/>\n<link rel=\"canonical\" href=\"https:\/\/elfvaping.com\/fi\/evastekaytanto\/\" \/>\n<meta property=\"og:locale\" content=\"fi_FI\" \/>\n<meta property=\"og:type\" content=\"article\" \/>\n<meta property=\"og:title\" content=\"Cookies Policy - Elf Vaping\" \/>\n<meta property=\"og:description\" content=\"Last updated: April 26, 2024 This Cookies Policy delineates the utilization of Cookies on our website, elfvaping.com. Familiarizing yourself with this policy will provide insight into the types of Cookies we utilize, the information garnered through Cookies, and its subsequent application. This policy has been crafted with the aid of the Cookies Policy Generator. Cookies [...]\" \/>\n<meta property=\"og:url\" content=\"https:\/\/elfvaping.com\/fi\/evastekaytanto\/\" \/>\n<meta property=\"og:site_name\" content=\"Elf Vaping\" \/>\n<meta property=\"article:publisher\" content=\"https:\/\/www.facebook.com\/elfvaping\" \/>\n<meta property=\"article:modified_time\" content=\"2026-02-24T03:31:26+00:00\" \/>\n<meta name=\"twitter:card\" content=\"summary_large_image\" \/>\n<meta name=\"twitter:label1\" content=\"Arvioitu lukuaika\" \/>\n\t<meta name=\"twitter:data1\" content=\"3 minuuttia\" \/>\n<script type=\"application\/ld+json\" class=\"yoast-schema-graph\">{\"@context\":\"https:\\\/\\\/schema.org\",\"@graph\":[{\"@type\":\"WebPage\",\"@id\":\"https:\\\/\\\/elfvaping.com\\\/cookies-policy\\\/\",\"url\":\"https:\\\/\\\/elfvaping.com\\\/cookies-policy\\\/\",\"name\":\"Cookies Policy - Elf Vaping\",\"isPartOf\":{\"@id\":\"https:\\\/\\\/elfvaping.com\\\/cs\\\/#website\"},\"datePublished\":\"2024-06-16T02:49:40+00:00\",\"dateModified\":\"2026-02-24T03:31:26+00:00\",\"breadcrumb\":{\"@id\":\"https:\\\/\\\/elfvaping.com\\\/cookies-policy\\\/#breadcrumb\"},\"inLanguage\":\"fi\",\"potentialAction\":[{\"@type\":\"ReadAction\",\"target\":[\"https:\\\/\\\/elfvaping.com\\\/cookies-policy\\\/\"]}]},{\"@type\":\"BreadcrumbList\",\"@id\":\"https:\\\/\\\/elfvaping.com\\\/cookies-policy\\\/#breadcrumb\",\"itemListElement\":[{\"@type\":\"ListItem\",\"position\":1,\"name\":\"Home\",\"item\":\"https:\\\/\\\/elfvaping.com\\\/\"},{\"@type\":\"ListItem\",\"position\":2,\"name\":\"Cookies Policy\"}]},{\"@type\":\"WebSite\",\"@id\":\"https:\\\/\\\/elfvaping.com\\\/cs\\\/#website\",\"url\":\"https:\\\/\\\/elfvaping.com\\\/cs\\\/\",\"name\":\"Elf Vaping\",\"description\":\"Best Wholesale Prices for Disposable Vapes\",\"publisher\":{\"@id\":\"https:\\\/\\\/elfvaping.com\\\/cs\\\/#organization\"},\"potentialAction\":[{\"@type\":\"SearchAction\",\"target\":{\"@type\":\"EntryPoint\",\"urlTemplate\":\"https:\\\/\\\/elfvaping.com\\\/cs\\\/?s={search_term_string}\"},\"query-input\":{\"@type\":\"PropertyValueSpecification\",\"valueRequired\":true,\"valueName\":\"search_term_string\"}}],\"inLanguage\":\"fi\"},{\"@type\":\"Organization\",\"@id\":\"https:\\\/\\\/elfvaping.com\\\/cs\\\/#organization\",\"name\":\"Elf Vaping\",\"url\":\"https:\\\/\\\/elfvaping.com\\\/cs\\\/\",\"logo\":{\"@type\":\"ImageObject\",\"inLanguage\":\"fi\",\"@id\":\"https:\\\/\\\/elfvaping.com\\\/cs\\\/#\\\/schema\\\/logo\\\/image\\\/\",\"url\":\"https:\\\/\\\/elfvaping.com\\\/wp-content\\\/uploads\\\/2024\\\/06\\\/elfvaping-logo.webp\",\"contentUrl\":\"https:\\\/\\\/elfvaping.com\\\/wp-content\\\/uploads\\\/2024\\\/06\\\/elfvaping-logo.webp\",\"width\":400,\"height\":111,\"caption\":\"Elf Vaping\"},\"image\":{\"@id\":\"https:\\\/\\\/elfvaping.com\\\/cs\\\/#\\\/schema\\\/logo\\\/image\\\/\"},\"sameAs\":[\"https:\\\/\\\/www.facebook.com\\\/elfvaping\",\"https:\\\/\\\/instagram.com\\\/elfvaping\\\/\"]}]}<\/script>\n<!-- \/ Yoast SEO plugin. -->","yoast_head_json":{"title":"Ev\u00e4steetiedot - Elf Vaping","robots":{"index":"index","follow":"follow","max-snippet":"max-snippet:-1","max-image-preview":"max-image-preview:large","max-video-preview":"max-video-preview:-1"},"canonical":"https:\/\/elfvaping.com\/fi\/evastekaytanto\/","og_locale":"fi_FI","og_type":"article","og_title":"Cookies Policy - Elf Vaping","og_description":"Last updated: April 26, 2024 This Cookies Policy delineates the utilization of Cookies on our website, elfvaping.com. Familiarizing yourself with this policy will provide insight into the types of Cookies we utilize, the information garnered through Cookies, and its subsequent application. This policy has been crafted with the aid of the Cookies Policy Generator. Cookies [...]","og_url":"https:\/\/elfvaping.com\/fi\/evastekaytanto\/","og_site_name":"Elf Vaping","article_publisher":"https:\/\/www.facebook.com\/elfvaping","article_modified_time":"2026-02-24T03:31:26+00:00","twitter_card":"summary_large_image","twitter_misc":{"Arvioitu lukuaika":"3 minuuttia"},"schema":{"@context":"https:\/\/schema.org","@graph":[{"@type":"WebPage","@id":"https:\/\/elfvaping.com\/cookies-policy\/","url":"https:\/\/elfvaping.com\/cookies-policy\/","name":"Ev\u00e4steetiedot - Elf Vaping","isPartOf":{"@id":"https:\/\/elfvaping.com\/cs\/#website"},"datePublished":"2024-06-16T02:49:40+00:00","dateModified":"2026-02-24T03:31:26+00:00","breadcrumb":{"@id":"https:\/\/elfvaping.com\/cookies-policy\/#breadcrumb"},"inLanguage":"fi","potentialAction":[{"@type":"ReadAction","target":["https:\/\/elfvaping.com\/cookies-policy\/"]}]},{"@type":"BreadcrumbList","@id":"https:\/\/elfvaping.com\/cookies-policy\/#breadcrumb","itemListElement":[{"@type":"ListItem","position":1,"name":"Home","item":"https:\/\/elfvaping.com\/"},{"@type":"ListItem","position":2,"name":"Cookies Policy"}]},{"@type":"WebSite","@id":"https:\/\/elfvaping.com\/cs\/#website","url":"https:\/\/elfvaping.com\/cs\/","name":"Elfien h\u00f6yryst\u00e4minen","description":"Parhaat tukkumyyntihinnat kertak\u00e4ytt\u00f6isille h\u00f6yrystimille","publisher":{"@id":"https:\/\/elfvaping.com\/cs\/#organization"},"potentialAction":[{"@type":"SearchAction","target":{"@type":"EntryPoint","urlTemplate":"https:\/\/elfvaping.com\/cs\/?s={search_term_string}"},"query-input":{"@type":"PropertyValueSpecification","valueRequired":true,"valueName":"search_term_string"}}],"inLanguage":"fi"},{"@type":"Organization","@id":"https:\/\/elfvaping.com\/cs\/#organization","name":"Elfien h\u00f6yryst\u00e4minen","url":"https:\/\/elfvaping.com\/cs\/","logo":{"@type":"ImageObject","inLanguage":"fi","@id":"https:\/\/elfvaping.com\/cs\/#\/schema\/logo\/image\/","url":"https:\/\/elfvaping.com\/wp-content\/uploads\/2024\/06\/elfvaping-logo.webp","contentUrl":"https:\/\/elfvaping.com\/wp-content\/uploads\/2024\/06\/elfvaping-logo.webp","width":400,"height":111,"caption":"Elf Vaping"},"image":{"@id":"https:\/\/elfvaping.com\/cs\/#\/schema\/logo\/image\/"},"sameAs":["https:\/\/www.facebook.com\/elfvaping","https:\/\/instagram.com\/elfvaping\/"]}]}},"jetpack_sharing_enabled":true,"_links":{"self":[{"href":"https:\/\/elfvaping.com\/fi\/wp-json\/wp\/v2\/pages\/585","targetHints":{"allow":["GET"]}}],"collection":[{"href":"https:\/\/elfvaping.com\/fi\/wp-json\/wp\/v2\/pages"}],"about":[{"href":"https:\/\/elfvaping.com\/fi\/wp-json\/wp\/v2\/types\/page"}],"author":[{"embeddable":true,"href":"https:\/\/elfvaping.com\/fi\/wp-json\/wp\/v2\/users\/1"}],"replies":[{"embeddable":true,"href":"https:\/\/elfvaping.com\/fi\/wp-json\/wp\/v2\/comments?post=585"}],"version-history":[{"count":0,"href":"https:\/\/elfvaping.com\/fi\/wp-json\/wp\/v2\/pages\/585\/revisions"}],"wp:attachment":[{"href":"https:\/\/elfvaping.com\/fi\/wp-json\/wp\/v2\/media?parent=585"}],"curies":[{"name":"wp","href":"https:\/\/api.w.org\/{rel}","templated":true}]}}