{"id":813,"date":"2024-06-16T02:50:34","date_gmt":"2024-06-16T02:50:34","guid":{"rendered":"https:\/\/elfvaping.com\/?page_id=813"},"modified":"2024-08-05T12:42:22","modified_gmt":"2024-08-05T12:42:22","slug":"ikapolitiikka","status":"publish","type":"page","link":"https:\/\/elfvaping.com\/fi\/age-policy\/","title":{"rendered":"Elfvape-ik\u00e4politiikka"},"content":{"rendered":"<p>Elfvapingissa noudatamme tiukkoja ik\u00e4varmistusmenettelyj\u00e4 varmistaaksemme, ett\u00e4 t\u00e4yt\u00e4mme s\u00e4hk\u00f6savukkeiden myynti\u00e4 koskevat lakivaatimukset. On v\u00e4ltt\u00e4m\u00e4t\u00f6nt\u00e4, ett\u00e4 kaikki asiakkaat t\u00e4ytt\u00e4v\u00e4t v\u00e4himm\u00e4isik\u00e4vaatimuksen, joka on 21 vuotta Yhdysvalloissa, voidakseen tehd\u00e4 ostoksia verkkosivustoltamme.<\/p>\n<p>I\u00e4n v\u00e4\u00e4rist\u00e4minen on laitonta ja voi johtaa vakaviin oikeudellisiin seuraamuksiin. Emme suvaitse yrityksi\u00e4 antaa v\u00e4\u00e4r\u00e4\u00e4 tietoa i\u00e4st\u00e4 ostoprosessin aikana.<\/p>\n<p>Ostamme tuotteitamme alaik\u00e4isille. Kaikki henkil\u00f6t, joiden todetaan ostavan alaik\u00e4isten puolesta, joutuvat kohtaamaan oikeudellisia seuraamuksia.<\/p>\n<p>Ik\u00e4varmistusprosessimme sis\u00e4lt\u00e4\u00e4 henkil\u00f6kohtaisten tietojen ker\u00e4\u00e4misen, kuten nimen, osoitteen, syntym\u00e4p\u00e4iv\u00e4n ja sosiaaliturvanumerosi nelj\u00e4 viimeist\u00e4 numeroa. N\u00e4m\u00e4 tiedot ristiviitataan julkisiin rekistereihin ik\u00e4si vahvistamiseksi. Jos sosiaaliturvatietoja ei voida toimittaa, asiakkaat on ladattava hallituksen my\u00f6nt\u00e4m\u00e4 henkil\u00f6kortti vahvistusta varten.<\/p>\n<p>Osana sitoutumistamme alaik\u00e4isille myynn\u00e4n est\u00e4miseen, pid\u00e4t\u00e4mme oikeuden kielt\u00e4yty\u00e4 tai peruuttaa tilaukset, jos asianmukainen henkil\u00f6llisyystodistus ei voida toimittaa viipym\u00e4tt\u00e4.<\/p>\n<p>Olemme sitoutuneet nuorten ehk\u00e4isyyn ja k\u00e4yt\u00e4mme vankkoja ik\u00e4varmistusj\u00e4rjestelmi\u00e4 t\u00e4h\u00e4n sitoutumiseen.  Asiakkaat ovat kuitenkin tervetulleita ottamaan yhteytt\u00e4 asiakaspalvelutiimiimme, jos he tuntevat, ett\u00e4 palvelun kielt\u00e4minen oli perusteeton.<\/p>\n<p>Verkkosivustollamme n\u00e4kyv\u00e4sti n\u00e4kyy sis\u00e4lt\u00f6varoitus s\u00e4hk\u00f6sigareteista ja korostetaan, ett\u00e4 Yhdysvalloissa on oltava v\u00e4hint\u00e4\u00e4n 21-vuotias tehd\u00e4ksesi ostoksia. T\u00e4m\u00e4 toimii muistutuksena lakis\u00e4\u00e4teisist\u00e4 vaatimuksista ja sitoutumisestamme niiden noudattamiseen.<\/p>","protected":false},"excerpt":{"rendered":"<p>At Elfvaping, we adhere to strict age verification procedures to ensure compliance with legal requirements regarding the sale of electronic cigarette products. It is imperative that all customers meet the minimum legal smoking age, which is 21 years old in the United States, to make purchases from our website. Falsification of age is unlawful and [&#8230;]\n","protected":false},"author":1,"featured_media":0,"parent":0,"menu_order":0,"comment_status":"closed","ping_status":"closed","template":"page-blank-title-center.php","meta":{"_lmt_disableupdate":"","_lmt_disable":"","jetpack_post_was_ever_published":false,"footnotes":""},"class_list":["post-813","page","type-page","status-publish","hentry"],"yoast_head":"<!-- This site is optimized with the Yoast SEO plugin v27.4 - https:\/\/yoast.com\/product\/yoast-seo-wordpress\/ -->\n<title>Elfvaping Age Policy - Elf Vaping<\/title>\n<meta name=\"robots\" content=\"index, follow, max-snippet:-1, max-image-preview:large, max-video-preview:-1\" \/>\n<link rel=\"canonical\" href=\"https:\/\/elfvaping.com\/fi\/ikapolitiikka\/\" \/>\n<meta property=\"og:locale\" content=\"fi_FI\" \/>\n<meta property=\"og:type\" content=\"article\" \/>\n<meta property=\"og:title\" content=\"Elfvaping Age Policy - Elf Vaping\" \/>\n<meta property=\"og:description\" content=\"At Elfvaping, we adhere to strict age verification procedures to ensure compliance with legal requirements regarding the sale of electronic cigarette products. It is imperative that all customers meet the minimum legal smoking age, which is 21 years old in the United States, to make purchases from our website. Falsification of age is unlawful and [...]\" \/>\n<meta property=\"og:url\" content=\"https:\/\/elfvaping.com\/fi\/ikapolitiikka\/\" \/>\n<meta property=\"og:site_name\" content=\"Elf Vaping\" \/>\n<meta property=\"article:publisher\" content=\"https:\/\/www.facebook.com\/elfvaping\" \/>\n<meta property=\"article:modified_time\" content=\"2024-08-05T12:42:22+00:00\" \/>\n<meta name=\"twitter:card\" content=\"summary_large_image\" \/>\n<meta name=\"twitter:label1\" content=\"Arvioitu lukuaika\" \/>\n\t<meta name=\"twitter:data1\" content=\"1 minuutti\" \/>\n<script type=\"application\/ld+json\" class=\"yoast-schema-graph\">{\"@context\":\"https:\\\/\\\/schema.org\",\"@graph\":[{\"@type\":\"WebPage\",\"@id\":\"https:\\\/\\\/elfvaping.com\\\/age-policy\\\/\",\"url\":\"https:\\\/\\\/elfvaping.com\\\/age-policy\\\/\",\"name\":\"Elfvaping Age Policy - Elf Vaping\",\"isPartOf\":{\"@id\":\"https:\\\/\\\/elfvaping.com\\\/cs\\\/#website\"},\"datePublished\":\"2024-06-16T02:50:34+00:00\",\"dateModified\":\"2024-08-05T12:42:22+00:00\",\"breadcrumb\":{\"@id\":\"https:\\\/\\\/elfvaping.com\\\/age-policy\\\/#breadcrumb\"},\"inLanguage\":\"fi\",\"potentialAction\":[{\"@type\":\"ReadAction\",\"target\":[\"https:\\\/\\\/elfvaping.com\\\/age-policy\\\/\"]}]},{\"@type\":\"BreadcrumbList\",\"@id\":\"https:\\\/\\\/elfvaping.com\\\/age-policy\\\/#breadcrumb\",\"itemListElement\":[{\"@type\":\"ListItem\",\"position\":1,\"name\":\"Home\",\"item\":\"https:\\\/\\\/elfvaping.com\\\/\"},{\"@type\":\"ListItem\",\"position\":2,\"name\":\"Elfvaping Age Policy\"}]},{\"@type\":\"WebSite\",\"@id\":\"https:\\\/\\\/elfvaping.com\\\/cs\\\/#website\",\"url\":\"https:\\\/\\\/elfvaping.com\\\/cs\\\/\",\"name\":\"Elf Vaping\",\"description\":\"Best Wholesale Prices for Disposable Vapes\",\"publisher\":{\"@id\":\"https:\\\/\\\/elfvaping.com\\\/cs\\\/#organization\"},\"potentialAction\":[{\"@type\":\"SearchAction\",\"target\":{\"@type\":\"EntryPoint\",\"urlTemplate\":\"https:\\\/\\\/elfvaping.com\\\/cs\\\/?s={search_term_string}\"},\"query-input\":{\"@type\":\"PropertyValueSpecification\",\"valueRequired\":true,\"valueName\":\"search_term_string\"}}],\"inLanguage\":\"fi\"},{\"@type\":\"Organization\",\"@id\":\"https:\\\/\\\/elfvaping.com\\\/cs\\\/#organization\",\"name\":\"Elf Vaping\",\"url\":\"https:\\\/\\\/elfvaping.com\\\/cs\\\/\",\"logo\":{\"@type\":\"ImageObject\",\"inLanguage\":\"fi\",\"@id\":\"https:\\\/\\\/elfvaping.com\\\/cs\\\/#\\\/schema\\\/logo\\\/image\\\/\",\"url\":\"https:\\\/\\\/elfvaping.com\\\/wp-content\\\/uploads\\\/2024\\\/06\\\/elfvaping-logo.webp\",\"contentUrl\":\"https:\\\/\\\/elfvaping.com\\\/wp-content\\\/uploads\\\/2024\\\/06\\\/elfvaping-logo.webp\",\"width\":400,\"height\":111,\"caption\":\"Elf Vaping\"},\"image\":{\"@id\":\"https:\\\/\\\/elfvaping.com\\\/cs\\\/#\\\/schema\\\/logo\\\/image\\\/\"},\"sameAs\":[\"https:\\\/\\\/www.facebook.com\\\/elfvaping\",\"https:\\\/\\\/instagram.com\\\/elfvaping\\\/\"]}]}<\/script>\n<!-- \/ Yoast SEO plugin. -->","yoast_head_json":{"title":"Elfvape-k\u00e4yt\u00f6n ik\u00e4raja - Elf Vaping","robots":{"index":"index","follow":"follow","max-snippet":"max-snippet:-1","max-image-preview":"max-image-preview:large","max-video-preview":"max-video-preview:-1"},"canonical":"https:\/\/elfvaping.com\/fi\/ikapolitiikka\/","og_locale":"fi_FI","og_type":"article","og_title":"Elfvaping Age Policy - Elf Vaping","og_description":"At Elfvaping, we adhere to strict age verification procedures to ensure compliance with legal requirements regarding the sale of electronic cigarette products. It is imperative that all customers meet the minimum legal smoking age, which is 21 years old in the United States, to make purchases from our website. Falsification of age is unlawful and [...]","og_url":"https:\/\/elfvaping.com\/fi\/ikapolitiikka\/","og_site_name":"Elf Vaping","article_publisher":"https:\/\/www.facebook.com\/elfvaping","article_modified_time":"2024-08-05T12:42:22+00:00","twitter_card":"summary_large_image","twitter_misc":{"Arvioitu lukuaika":"1 minuutti"},"schema":{"@context":"https:\/\/schema.org","@graph":[{"@type":"WebPage","@id":"https:\/\/elfvaping.com\/age-policy\/","url":"https:\/\/elfvaping.com\/age-policy\/","name":"Elfvape-k\u00e4yt\u00f6n ik\u00e4raja - Elf Vaping","isPartOf":{"@id":"https:\/\/elfvaping.com\/cs\/#website"},"datePublished":"2024-06-16T02:50:34+00:00","dateModified":"2024-08-05T12:42:22+00:00","breadcrumb":{"@id":"https:\/\/elfvaping.com\/age-policy\/#breadcrumb"},"inLanguage":"fi","potentialAction":[{"@type":"ReadAction","target":["https:\/\/elfvaping.com\/age-policy\/"]}]},{"@type":"BreadcrumbList","@id":"https:\/\/elfvaping.com\/age-policy\/#breadcrumb","itemListElement":[{"@type":"ListItem","position":1,"name":"Home","item":"https:\/\/elfvaping.com\/"},{"@type":"ListItem","position":2,"name":"Elfvaping Age Policy"}]},{"@type":"WebSite","@id":"https:\/\/elfvaping.com\/cs\/#website","url":"https:\/\/elfvaping.com\/cs\/","name":"Elfien h\u00f6yryst\u00e4minen","description":"Parhaat tukkumyyntihinnat kertak\u00e4ytt\u00f6isille h\u00f6yrystimille","publisher":{"@id":"https:\/\/elfvaping.com\/cs\/#organization"},"potentialAction":[{"@type":"SearchAction","target":{"@type":"EntryPoint","urlTemplate":"https:\/\/elfvaping.com\/cs\/?s={search_term_string}"},"query-input":{"@type":"PropertyValueSpecification","valueRequired":true,"valueName":"search_term_string"}}],"inLanguage":"fi"},{"@type":"Organization","@id":"https:\/\/elfvaping.com\/cs\/#organization","name":"Elfien h\u00f6yryst\u00e4minen","url":"https:\/\/elfvaping.com\/cs\/","logo":{"@type":"ImageObject","inLanguage":"fi","@id":"https:\/\/elfvaping.com\/cs\/#\/schema\/logo\/image\/","url":"https:\/\/elfvaping.com\/wp-content\/uploads\/2024\/06\/elfvaping-logo.webp","contentUrl":"https:\/\/elfvaping.com\/wp-content\/uploads\/2024\/06\/elfvaping-logo.webp","width":400,"height":111,"caption":"Elf Vaping"},"image":{"@id":"https:\/\/elfvaping.com\/cs\/#\/schema\/logo\/image\/"},"sameAs":["https:\/\/www.facebook.com\/elfvaping","https:\/\/instagram.com\/elfvaping\/"]}]}},"jetpack_sharing_enabled":true,"_links":{"self":[{"href":"https:\/\/elfvaping.com\/fi\/wp-json\/wp\/v2\/pages\/813","targetHints":{"allow":["GET"]}}],"collection":[{"href":"https:\/\/elfvaping.com\/fi\/wp-json\/wp\/v2\/pages"}],"about":[{"href":"https:\/\/elfvaping.com\/fi\/wp-json\/wp\/v2\/types\/page"}],"author":[{"embeddable":true,"href":"https:\/\/elfvaping.com\/fi\/wp-json\/wp\/v2\/users\/1"}],"replies":[{"embeddable":true,"href":"https:\/\/elfvaping.com\/fi\/wp-json\/wp\/v2\/comments?post=813"}],"version-history":[{"count":0,"href":"https:\/\/elfvaping.com\/fi\/wp-json\/wp\/v2\/pages\/813\/revisions"}],"wp:attachment":[{"href":"https:\/\/elfvaping.com\/fi\/wp-json\/wp\/v2\/media?parent=813"}],"curies":[{"name":"wp","href":"https:\/\/api.w.org\/{rel}","templated":true}]}}