{"id":35565,"date":"2025-07-29T09:23:38","date_gmt":"2025-07-29T09:23:38","guid":{"rendered":"https:\/\/elfvaping.com\/?post_type=product&#038;p=35565"},"modified":"2026-02-13T15:32:35","modified_gmt":"2026-02-13T15:32:35","slug":"rahdm-40k-puffs-hp20-kaksinkertainen-maku-naytto-alhainen-nikotiini-irtotavarana-ostaa-alkuperainen-ladattava-uudelleen-kaytettavat-vape-kynat-tukkumyynti","status":"publish","type":"product","link":"https:\/\/elfvaping.com\/fi\/product\/rahdm-40k-puffs-hp20-dual-flavor-screen-low-nicotine-bulk-buy-original-rechargeable-disposable-vapes-wholesale\/","title":{"rendered":"RAHDM 40K Puffs HP20 Kaksinkertaiset Makuun\u00e4ytt\u00f6 Alhainen Vahvuus Irtotavarana Osta Alkuper\u00e4inen Ladattava H\u00e4vytett\u00e4v\u00e4 Vape Tukku"},"content":{"rendered":"<h2 data-start=\"369\" data-end=\"388\"><a href=\"https:\/\/elfvaping.com\/fi\/tuotekategoria\/rahdm-kertakayttoiset-hoyryt\/\">RAHDM<\/a> 40K Puffs HP20 Tuote-esittely<\/h2>\n<p data-start=\"390\" data-end=\"794\">RAHDM 40K Puffs HP20 on tehokas <a href=\"https:\/\/elfvaping.com\/wp-admin\/edit-tags.php?taxonomy=product_cat&amp;post_type=product&amp;s=rechargeable\"><strong>ladattava kertak\u00e4ytt\u00f6inen h\u00f6yrystin<\/strong><\/a> Suunniteltu h\u00f6yrystimille, jotka haluavat pitk\u00e4kestoista k\u00e4ytt\u00f6\u00e4 ja rikkaan makukokemuksen. Kaksinkertaisella makus\u00e4ili\u00f6ll\u00e4 ja LED-n\u00e4yt\u00f6ll\u00e4, joka n\u00e4ytt\u00e4\u00e4 akun k\u00e4ytt\u00f6i\u00e4n ja h\u00f6yryn kapasiteetin tasot, t\u00e4m\u00e4 laite tarjoaa mukavuutta ja erinomaisen suorituskyvyn tyylikk\u00e4\u00e4ss\u00e4, kannettavassa muodossa. Ihanteellinen niille, jotka etsiv\u00e4t alhaisen vahvuuden, suu-keuhko-henk\u00e4yst\u00e4 sile\u00e4ll\u00e4, tyydytt\u00e4v\u00e4ll\u00e4 iskulla.<\/p>\n<h2 data-start=\"796\" data-end=\"824\">RAHDM 40K Puffs HP20 Tuotteen ominaisuudet<\/h2>\n<ul data-start=\"826\" data-end=\"1763\">\n<li data-start=\"826\" data-end=\"895\">\n<p data-start=\"828\" data-end=\"895\"><strong data-start=\"828\" data-end=\"843\">Mitta:<\/strong> 50mm \u00d7 25mm \u00d7 105,5mm \u2014 kompakti ja helppo kantaa<\/p>\n<\/li>\n<li data-start=\"896\" data-end=\"978\">\n<p data-start=\"898\" data-end=\"978\"><strong data-start=\"898\" data-end=\"910\">Akku:<\/strong> 17350-akku, jonka kapasiteetti on 850mAh, ladattava pidennetty\u00e4 k\u00e4ytt\u00f6\u00e4 varten<\/p>\n<\/li>\n<li data-start=\"979\" data-end=\"1071\">\n<p data-start=\"981\" data-end=\"1071\"><strong data-start=\"981\" data-end=\"1003\">Kapasiteetti:<\/strong> Kaksi erillist\u00e4 s\u00e4ili\u00f6t\u00e4, joista kummassakin on 9 ml:n kapasiteetti kahdelle eri maulle<\/p>\n<\/li>\n<li data-start=\"1072\" data-end=\"1156\">\n<p data-start=\"1074\" data-end=\"1156\"><strong data-start=\"1074\" data-end=\"1083\">K\u00e4\u00e4mi:<\/strong> Suuri puuvillaydin, jossa kaksoiskelavarautus tasaisen h\u00f6yryn ja maun takaamiseksi<\/p>\n<\/li>\n<li data-start=\"1157\" data-end=\"1230\">\n<p data-start=\"1159\" data-end=\"1230\"><strong data-start=\"1159\" data-end=\"1179\">Kelan vastus:<\/strong> 1,10 \u03a9, optimoitu sile\u00e4ksi suusta keuhkoon -h\u00f6yry\u00e4miseksi<\/p>\n<\/li>\n<li data-start=\"1231\" data-end=\"1310\">\n<p data-start=\"1233\" data-end=\"1310\"><strong data-start=\"1233\" data-end=\"1248\">Puhallusten lukum\u00e4\u00e4r\u00e4:<\/strong> Yleens\u00e4 noin 40 000 puffia, takaavat pitk\u00e4kestoisen nautinnon<\/p>\n<\/li>\n<li data-start=\"1311\" data-end=\"1395\">\n<p data-start=\"1313\" data-end=\"1395\"><strong data-start=\"1313\" data-end=\"1326\">Materiaali:<\/strong> Kest\u00e4v\u00e4 ruostumaton ter\u00e4sverkko yhdistettyn\u00e4 korkealaatuiseen PC-muoviseen<\/p>\n<\/li>\n<li data-start=\"1396\" data-end=\"1489\">\n<p data-start=\"1398\" data-end=\"1489\"><strong data-start=\"1398\" data-end=\"1411\">Lataaminen:<\/strong> Tukee ladattavaa toimintoa, mik\u00e4 tekee siit\u00e4 kustannustehokkaan ja ymp\u00e4rist\u00f6yst\u00e4v\u00e4llisemm\u00e4n<\/p>\n<\/li>\n<li data-start=\"1490\" data-end=\"1594\">\n<p data-start=\"1492\" data-end=\"1594\"><strong data-start=\"1492\" data-end=\"1507\">LED-n\u00e4ytt\u00f6:<\/strong> \u00d6ljyn (h\u00f6yrystyskapasiteetin) tasojen ja akun tilan selke\u00e4 n\u00e4ytt\u00f6 vaivattomaan seurantaan<\/p>\n<\/li>\n<li data-start=\"1595\" data-end=\"1666\">\n<p data-start=\"1597\" data-end=\"1666\"><strong data-start=\"1597\" data-end=\"1608\">Paino:<\/strong> Paino vain 118,46 g, t\u00e4ydellinen p\u00e4ivitt\u00e4iseen k\u00e4ytt\u00f6\u00f6n liikkeell\u00e4 ollessa<\/p>\n<\/li>\n<li data-start=\"1667\" data-end=\"1761\">\n<p data-start=\"1669\" data-end=\"1761\"><strong data-start=\"1669\" data-end=\"1689\">Hengitystila:<\/strong> Suu-keuhko (MTL), ihanteellinen niille, jotka suosivat sile\u00e4mp\u00e4\u00e4 kurkkua iskua<\/p>\n<\/li>\n<\/ul>\n<h2 data-start=\"1764\" data-end=\"1821\">Miksi valita RAHDM 40K HP20 kaksoismaku <a href=\"https:\/\/elfvaping.com\/fi\/\">Hajautettu Vape<\/a>?<\/h2>\n<ul data-start=\"1823\" data-end=\"2307\">\n<li data-start=\"1823\" data-end=\"1877\">\n<p data-start=\"1825\" data-end=\"1877\">Uudelleenladattava akku s\u00e4\u00e4st\u00e4\u00e4 rahaa ja v\u00e4hent\u00e4\u00e4 j\u00e4tett\u00e4<\/p>\n<\/li>\n<li data-start=\"1878\" data-end=\"1959\">\n<p data-start=\"1880\" data-end=\"1959\">Kaksimakuiset s\u00e4ili\u00f6t mahdollistavat kahden maun nauttimisen yhdess\u00e4 laitteessa ilman sekoittumista<\/p>\n<\/li>\n<li data-start=\"1960\" data-end=\"2027\">\n<p data-start=\"1962\" data-end=\"2027\">Suuri kapasiteetti minimoi toistuvien t\u00e4ydennysten tarpeen<\/p>\n<\/li>\n<li data-start=\"2028\" data-end=\"2099\">\n<p data-start=\"2030\" data-end=\"2099\">LED-n\u00e4ytt\u00f6 pit\u00e4\u00e4 sinut ajan tasalla j\u00e4ljell\u00e4 olevasta akusta ja Vape-kapasiteetista<\/p>\n<\/li>\n<li data-start=\"2100\" data-end=\"2170\">\n<p data-start=\"2102\" data-end=\"2170\">Kompakti ja tyylik\u00e4s muotoilu mahtuu k\u00e4tev\u00e4sti k\u00e4teen tai taskuun<\/p>\n<\/li>\n<li data-start=\"2171\" data-end=\"2247\">\n<p data-start=\"2173\" data-end=\"2247\">Heikot vahvuudet sopivat k\u00e4ytt\u00e4jille, jotka etsiv\u00e4t milder h\u00f6yrykokemusta<\/p>\n<\/li>\n<li data-start=\"2248\" data-end=\"2307\">\n<p data-start=\"2250\" data-end=\"2307\">Irtotavaratalous vaihtoehtoja saatavilla tukkukauppiaille ja v\u00e4hitt\u00e4iskauppiaille<\/p>\n<\/li>\n<\/ul>\n<h2 data-start=\"2309\" data-end=\"2341\">Saatavilla olevat makuyhdistelm\u00e4t<\/h2>\n<table class=\"w-fit min-w-(--thread-content-width)\" data-start=\"807\" data-end=\"1707\">\n<thead data-start=\"807\" data-end=\"882\">\n<tr data-start=\"807\" data-end=\"882\">\n<th data-start=\"807\" data-end=\"844\" data-col-size=\"sm\">Maku1<\/th>\n<th data-start=\"844\" data-end=\"882\" data-col-size=\"sm\">Maku2<\/th>\n<\/tr>\n<\/thead>\n<tbody data-start=\"958\" data-end=\"1707\">\n<tr data-start=\"958\" data-end=\"1032\">\n<td data-start=\"958\" data-end=\"994\" data-col-size=\"sm\">Kiivi Passiohedelm\u00e4 Guava<\/td>\n<td data-col-size=\"sm\" data-start=\"994\" data-end=\"1032\">Passionhedelm\u00e4 Martini<\/td>\n<\/tr>\n<tr data-start=\"1033\" data-end=\"1107\">\n<td data-start=\"1033\" data-end=\"1069\" data-col-size=\"sm\">Vesimelonij\u00e4\u00e4<\/td>\n<td data-start=\"1069\" data-end=\"1107\" data-col-size=\"sm\">Fizzy Cherry<\/td>\n<\/tr>\n<tr data-start=\"1108\" data-end=\"1182\">\n<td data-start=\"1108\" data-end=\"1144\" data-col-size=\"sm\">Herra Blue<\/td>\n<td data-start=\"1144\" data-end=\"1182\" data-col-size=\"sm\">Mustikka Kirsikka Karpalainen<\/td>\n<\/tr>\n<tr data-start=\"1183\" data-end=\"1257\">\n<td data-start=\"1183\" data-end=\"1219\" data-col-size=\"sm\">Sitruuna Lime<\/td>\n<td data-start=\"1219\" data-end=\"1257\" data-col-size=\"sm\">Ananasj\u00e4\u00e4t\u00e4<\/td>\n<\/tr>\n<tr data-start=\"1258\" data-end=\"1332\">\n<td data-start=\"1258\" data-end=\"1294\" data-col-size=\"sm\">Kirsikka j\u00e4\u00e4t\u00e4<\/td>\n<td data-start=\"1294\" data-end=\"1332\" data-col-size=\"sm\">Mansikka Vadelma Kirsikka J\u00e4\u00e4<\/td>\n<\/tr>\n<tr data-start=\"1333\" data-end=\"1407\">\n<td data-start=\"1333\" data-end=\"1369\" data-col-size=\"sm\">Mansikka-vesimeloni-kupliva<\/td>\n<td data-start=\"1369\" data-end=\"1407\" data-col-size=\"sm\">Vesimelonij\u00e4\u00e4<\/td>\n<\/tr>\n<tr data-start=\"1408\" data-end=\"1482\">\n<td data-start=\"1408\" data-end=\"1444\" data-col-size=\"sm\">Tropical Punch<\/td>\n<td data-start=\"1444\" data-end=\"1482\" data-col-size=\"sm\">Sitruuna Lime<\/td>\n<\/tr>\n<tr data-start=\"1483\" data-end=\"1557\">\n<td data-start=\"1483\" data-end=\"1519\" data-col-size=\"sm\">Sininen Razz-j\u00e4\u00e4<\/td>\n<td data-start=\"1519\" data-end=\"1557\" data-col-size=\"sm\">Mustikka Vadelma<\/td>\n<\/tr>\n<tr data-start=\"1558\" data-end=\"1632\">\n<td data-start=\"1558\" data-end=\"1594\" data-col-size=\"sm\">Mustikka-Hapankirsikka<\/td>\n<td data-start=\"1594\" data-end=\"1632\" data-col-size=\"sm\">Mansikka Vadelma Kirsikka J\u00e4\u00e4<\/td>\n<\/tr>\n<tr data-start=\"1633\" data-end=\"1707\">\n<td data-start=\"1633\" data-end=\"1669\" data-col-size=\"sm\">Kolminkertainen Mango<\/td>\n<td data-start=\"1669\" data-end=\"1707\" data-col-size=\"sm\">Pehme\u00e4 Mango<\/td>\n<\/tr>\n<\/tbody>\n<\/table>\n<hr data-start=\"2747\" data-end=\"2750\" \/>\n<p data-start=\"2752\" data-end=\"3002\">Jos haluat ostaa aitotavaraa, <a href=\"https:\/\/elfvaping.com\/fi\/\">Korkealaatuiset kertak\u00e4ytt\u00f6iset h\u00f6yrystimet<\/a> kuten RAHDM 40K Puffs HP20, <a href=\"https:\/\/elfvaping.com\/fi\/\">Elfvaping<\/a> on luotettavin eurooppalainen verkko- tukkukauppa-alustasi. Tarjoamme luotettavia, alkuper\u00e4isi\u00e4 tuotteita kilpailukykyisill\u00e4 hinnoilla ja nopealla toimituksella irtotilauksille.<\/p>\n<p data-start=\"2752\" data-end=\"3002\"><img loading=\"lazy\" decoding=\"async\" class=\"alignnone wp-image-35576 size-full\" src=\"https:\/\/elfvaping.com\/wp-content\/uploads\/2025\/07\/RAHDM-40K-Puffs-HP20-Dual-Flavor-Screen-Low-Nicotine-Bulk-Buy-Original-Rechargeable-Disposable-Vapes-Wholesale-10.webp\" alt=\"RAHDM 40K Puffs HP20 Kaksinkertaiset Makuun\u00e4ytt\u00f6 Alhainen Vahvuus Irtotavarana Osta Alkuper\u00e4inen Ladattava H\u00e4vytett\u00e4v\u00e4 Vape Tukku\" width=\"1500\" height=\"1500\" srcset=\"https:\/\/elfvaping.com\/wp-content\/uploads\/2025\/07\/RAHDM-40K-Puffs-HP20-Dual-Flavor-Screen-Low-Nicotine-Bulk-Buy-Original-Rechargeable-Disposable-Vapes-Wholesale-10.webp 1500w, https:\/\/elfvaping.com\/wp-content\/uploads\/2025\/07\/RAHDM-40K-Puffs-HP20-Dual-Flavor-Screen-Low-Nicotine-Bulk-Buy-Original-Rechargeable-Disposable-Vapes-Wholesale-10-300x300.webp 300w, https:\/\/elfvaping.com\/wp-content\/uploads\/2025\/07\/RAHDM-40K-Puffs-HP20-Dual-Flavor-Screen-Low-Nicotine-Bulk-Buy-Original-Rechargeable-Disposable-Vapes-Wholesale-10-1024x1024.webp 1024w, https:\/\/elfvaping.com\/wp-content\/uploads\/2025\/07\/RAHDM-40K-Puffs-HP20-Dual-Flavor-Screen-Low-Nicotine-Bulk-Buy-Original-Rechargeable-Disposable-Vapes-Wholesale-10-150x150.webp 150w, https:\/\/elfvaping.com\/wp-content\/uploads\/2025\/07\/RAHDM-40K-Puffs-HP20-Dual-Flavor-Screen-Low-Nicotine-Bulk-Buy-Original-Rechargeable-Disposable-Vapes-Wholesale-10-768x768.webp 768w, https:\/\/elfvaping.com\/wp-content\/uploads\/2025\/07\/RAHDM-40K-Puffs-HP20-Dual-Flavor-Screen-Low-Nicotine-Bulk-Buy-Original-Rechargeable-Disposable-Vapes-Wholesale-10-12x12.webp 12w, https:\/\/elfvaping.com\/wp-content\/uploads\/2025\/07\/RAHDM-40K-Puffs-HP20-Dual-Flavor-Screen-Low-Nicotine-Bulk-Buy-Original-Rechargeable-Disposable-Vapes-Wholesale-10-600x600.webp 600w, https:\/\/elfvaping.com\/wp-content\/uploads\/2025\/07\/RAHDM-40K-Puffs-HP20-Dual-Flavor-Screen-Low-Nicotine-Bulk-Buy-Original-Rechargeable-Disposable-Vapes-Wholesale-10-100x100.webp 100w\" sizes=\"auto, (max-width: 1500px) 100vw, 1500px\" \/><\/p>","protected":false},"excerpt":{"rendered":"<p>RAHDM 40K Puffs HP20 on ladattava kaksimakuinen kertak\u00e4ytt\u00f6inen vape, jossa on suuri 9ml+9ml kapasiteetti, LED-n\u00e4ytt\u00f6 akun ja kapasiteetin tasoille, joka tarjoaa sujuvia suusta-keuhkoon iskuja ja jopa 40 000 puffia - ihanteellinen matalaintensiteettisille k\u00e4ytt\u00e4jille, jotka etsiv\u00e4t pitk\u00e4kestoista makua tyylikk\u00e4\u00e4ss\u00e4 designissa.<\/p>","protected":false},"featured_media":35574,"comment_status":"open","ping_status":"closed","template":"","meta":{"_lmt_disableupdate":"no","_lmt_disable":"","jetpack_post_was_ever_published":false},"product_brand":[],"product_cat":[17],"product_tag":[],"class_list":{"0":"post-35565","1":"product","2":"type-product","3":"status-publish","4":"has-post-thumbnail","6":"product_cat-all-vape-products","8":"first","9":"outofstock","10":"shipping-taxable","11":"purchasable","12":"product-type-variable","13":"has-default-attributes"},"yoast_head":"<!-- This site is optimized with the Yoast SEO plugin v27.4 - https:\/\/yoast.com\/product\/yoast-seo-wordpress\/ -->\n<title>RAHDM 40K Puffs HP20 Dual Tastes Screen Low Strength Bulk Buy Original Rechargeable Disposable Vapes Wholesale - Elf Vaping<\/title>\n<meta name=\"robots\" content=\"index, follow, max-snippet:-1, max-image-preview:large, max-video-preview:-1\" \/>\n<link rel=\"canonical\" href=\"https:\/\/elfvaping.com\/fi\/tuote\/rahdm-40k-puffs-hp20-kaksinkertainen-maku-naytto-alhainen-nikotiini-irtotavarana-ostaa-alkuperainen-ladattava-uudelleen-kaytettavat-vape-kynat-tukkumyynti\/\" \/>\n<meta property=\"og:locale\" content=\"fi_FI\" \/>\n<meta property=\"og:type\" content=\"article\" \/>\n<meta property=\"og:title\" content=\"RAHDM 40K Puffs HP20 Dual Tastes Screen Low Strength Bulk Buy Original Rechargeable Disposable Vapes Wholesale - Elf Vaping\" \/>\n<meta property=\"og:description\" content=\"RAHDM 40K Puffs HP20 is a rechargeable dual-taste disposable vape with a large 9ml+9ml Capacity, LED screen for battery and Capacity levels, delivering smooth mouth-to-lung hits and up to 40,000 puffs \u2014 perfect for low strength users seeking long-lasting taste in a sleek design.\" \/>\n<meta property=\"og:url\" content=\"https:\/\/elfvaping.com\/fi\/tuote\/rahdm-40k-puffs-hp20-kaksinkertainen-maku-naytto-alhainen-nikotiini-irtotavarana-ostaa-alkuperainen-ladattava-uudelleen-kaytettavat-vape-kynat-tukkumyynti\/\" \/>\n<meta property=\"og:site_name\" content=\"Elf Vaping\" \/>\n<meta property=\"article:publisher\" content=\"https:\/\/www.facebook.com\/elfvaping\" \/>\n<meta property=\"article:modified_time\" content=\"2026-02-13T15:32:35+00:00\" \/>\n<meta property=\"og:image\" content=\"https:\/\/elfvaping.com\/wp-content\/uploads\/2025\/07\/RAHDM-40K-Puffs-HP20-Dual-Flavor-Screen-Low-Nicotine-Bulk-Buy-Original-Rechargeable-Disposable-Vapes-Wholesale-8.webp\" \/>\n\t<meta property=\"og:image:width\" content=\"1500\" \/>\n\t<meta property=\"og:image:height\" content=\"1500\" \/>\n\t<meta property=\"og:image:type\" content=\"image\/webp\" \/>\n<meta name=\"twitter:card\" content=\"summary_large_image\" \/>\n<meta name=\"twitter:label1\" content=\"Arvioitu lukuaika\" \/>\n\t<meta name=\"twitter:data1\" content=\"2 minuuttia\" \/>\n<script type=\"application\/ld+json\" class=\"yoast-schema-graph\">{\"@context\":\"https:\\\/\\\/schema.org\",\"@graph\":[{\"@type\":\"WebPage\",\"@id\":\"https:\\\/\\\/elfvaping.com\\\/product\\\/rahdm-40k-puffs-hp20-dual-flavor-screen-low-nicotine-bulk-buy-original-rechargeable-disposable-vapes-wholesale\\\/\",\"url\":\"https:\\\/\\\/elfvaping.com\\\/product\\\/rahdm-40k-puffs-hp20-dual-flavor-screen-low-nicotine-bulk-buy-original-rechargeable-disposable-vapes-wholesale\\\/\",\"name\":\"RAHDM 40K Puffs HP20 Dual Tastes Screen Low Strength Bulk Buy Original Rechargeable Disposable Vapes Wholesale - Elf Vaping\",\"isPartOf\":{\"@id\":\"https:\\\/\\\/elfvaping.com\\\/cs\\\/#website\"},\"primaryImageOfPage\":{\"@id\":\"https:\\\/\\\/elfvaping.com\\\/product\\\/rahdm-40k-puffs-hp20-dual-flavor-screen-low-nicotine-bulk-buy-original-rechargeable-disposable-vapes-wholesale\\\/#primaryimage\"},\"image\":{\"@id\":\"https:\\\/\\\/elfvaping.com\\\/product\\\/rahdm-40k-puffs-hp20-dual-flavor-screen-low-nicotine-bulk-buy-original-rechargeable-disposable-vapes-wholesale\\\/#primaryimage\"},\"thumbnailUrl\":\"https:\\\/\\\/elfvaping.com\\\/wp-content\\\/uploads\\\/2025\\\/07\\\/RAHDM-40K-Puffs-HP20-Dual-Flavor-Screen-Low-Nicotine-Bulk-Buy-Original-Rechargeable-Disposable-Vapes-Wholesale-8.webp\",\"datePublished\":\"2025-07-29T09:23:38+00:00\",\"dateModified\":\"2026-02-13T15:32:35+00:00\",\"breadcrumb\":{\"@id\":\"https:\\\/\\\/elfvaping.com\\\/product\\\/rahdm-40k-puffs-hp20-dual-flavor-screen-low-nicotine-bulk-buy-original-rechargeable-disposable-vapes-wholesale\\\/#breadcrumb\"},\"inLanguage\":\"fi\",\"potentialAction\":[{\"@type\":\"ReadAction\",\"target\":[\"https:\\\/\\\/elfvaping.com\\\/product\\\/rahdm-40k-puffs-hp20-dual-flavor-screen-low-nicotine-bulk-buy-original-rechargeable-disposable-vapes-wholesale\\\/\"]}]},{\"@type\":\"ImageObject\",\"inLanguage\":\"fi\",\"@id\":\"https:\\\/\\\/elfvaping.com\\\/product\\\/rahdm-40k-puffs-hp20-dual-flavor-screen-low-nicotine-bulk-buy-original-rechargeable-disposable-vapes-wholesale\\\/#primaryimage\",\"url\":\"https:\\\/\\\/elfvaping.com\\\/wp-content\\\/uploads\\\/2025\\\/07\\\/RAHDM-40K-Puffs-HP20-Dual-Flavor-Screen-Low-Nicotine-Bulk-Buy-Original-Rechargeable-Disposable-Vapes-Wholesale-8.webp\",\"contentUrl\":\"https:\\\/\\\/elfvaping.com\\\/wp-content\\\/uploads\\\/2025\\\/07\\\/RAHDM-40K-Puffs-HP20-Dual-Flavor-Screen-Low-Nicotine-Bulk-Buy-Original-Rechargeable-Disposable-Vapes-Wholesale-8.webp\",\"width\":1500,\"height\":1500},{\"@type\":\"BreadcrumbList\",\"@id\":\"https:\\\/\\\/elfvaping.com\\\/product\\\/rahdm-40k-puffs-hp20-dual-flavor-screen-low-nicotine-bulk-buy-original-rechargeable-disposable-vapes-wholesale\\\/#breadcrumb\",\"itemListElement\":[{\"@type\":\"ListItem\",\"position\":1,\"name\":\"Home\",\"item\":\"https:\\\/\\\/elfvaping.com\\\/\"},{\"@type\":\"ListItem\",\"position\":2,\"name\":\"Shop\",\"item\":\"https:\\\/\\\/elfvaping.com\\\/shop\\\/\"},{\"@type\":\"ListItem\",\"position\":3,\"name\":\"RAHDM 40K Puffs HP20 Dual Tastes Screen Low Strength Bulk Buy Original Rechargeable Disposable Vapes Wholesale\"}]},{\"@type\":\"WebSite\",\"@id\":\"https:\\\/\\\/elfvaping.com\\\/cs\\\/#website\",\"url\":\"https:\\\/\\\/elfvaping.com\\\/cs\\\/\",\"name\":\"Elf Vaping\",\"description\":\"Best Wholesale Prices for Disposable Vapes\",\"publisher\":{\"@id\":\"https:\\\/\\\/elfvaping.com\\\/cs\\\/#organization\"},\"potentialAction\":[{\"@type\":\"SearchAction\",\"target\":{\"@type\":\"EntryPoint\",\"urlTemplate\":\"https:\\\/\\\/elfvaping.com\\\/cs\\\/?s={search_term_string}\"},\"query-input\":{\"@type\":\"PropertyValueSpecification\",\"valueRequired\":true,\"valueName\":\"search_term_string\"}}],\"inLanguage\":\"fi\"},{\"@type\":\"Organization\",\"@id\":\"https:\\\/\\\/elfvaping.com\\\/cs\\\/#organization\",\"name\":\"Elf Vaping\",\"url\":\"https:\\\/\\\/elfvaping.com\\\/cs\\\/\",\"logo\":{\"@type\":\"ImageObject\",\"inLanguage\":\"fi\",\"@id\":\"https:\\\/\\\/elfvaping.com\\\/cs\\\/#\\\/schema\\\/logo\\\/image\\\/\",\"url\":\"https:\\\/\\\/elfvaping.com\\\/wp-content\\\/uploads\\\/2024\\\/06\\\/elfvaping-logo.webp\",\"contentUrl\":\"https:\\\/\\\/elfvaping.com\\\/wp-content\\\/uploads\\\/2024\\\/06\\\/elfvaping-logo.webp\",\"width\":400,\"height\":111,\"caption\":\"Elf Vaping\"},\"image\":{\"@id\":\"https:\\\/\\\/elfvaping.com\\\/cs\\\/#\\\/schema\\\/logo\\\/image\\\/\"},\"sameAs\":[\"https:\\\/\\\/www.facebook.com\\\/elfvaping\",\"https:\\\/\\\/instagram.com\\\/elfvaping\\\/\"]}]}<\/script>\n<!-- \/ Yoast SEO plugin. -->","yoast_head_json":{"title":"RAHDM 40K Puffs HP20 Kaksinkertaiset Makuun\u00e4ytt\u00f6 Alhainen Vahvuus Irtotavarana Osta Alkuper\u00e4inen Ladattava H\u00e4vytett\u00e4v\u00e4 Vape Tukku - Elf Vaping","robots":{"index":"index","follow":"follow","max-snippet":"max-snippet:-1","max-image-preview":"max-image-preview:large","max-video-preview":"max-video-preview:-1"},"canonical":"https:\/\/elfvaping.com\/fi\/tuote\/rahdm-40k-puffs-hp20-kaksinkertainen-maku-naytto-alhainen-nikotiini-irtotavarana-ostaa-alkuperainen-ladattava-uudelleen-kaytettavat-vape-kynat-tukkumyynti\/","og_locale":"fi_FI","og_type":"article","og_title":"RAHDM 40K Puffs HP20 Dual Tastes Screen Low Strength Bulk Buy Original Rechargeable Disposable Vapes Wholesale - Elf Vaping","og_description":"RAHDM 40K Puffs HP20 is a rechargeable dual-taste disposable vape with a large 9ml+9ml Capacity, LED screen for battery and Capacity levels, delivering smooth mouth-to-lung hits and up to 40,000 puffs \u2014 perfect for low strength users seeking long-lasting taste in a sleek design.","og_url":"https:\/\/elfvaping.com\/fi\/tuote\/rahdm-40k-puffs-hp20-kaksinkertainen-maku-naytto-alhainen-nikotiini-irtotavarana-ostaa-alkuperainen-ladattava-uudelleen-kaytettavat-vape-kynat-tukkumyynti\/","og_site_name":"Elf Vaping","article_publisher":"https:\/\/www.facebook.com\/elfvaping","article_modified_time":"2026-02-13T15:32:35+00:00","og_image":[{"width":1500,"height":1500,"url":"https:\/\/elfvaping.com\/wp-content\/uploads\/2025\/07\/RAHDM-40K-Puffs-HP20-Dual-Flavor-Screen-Low-Nicotine-Bulk-Buy-Original-Rechargeable-Disposable-Vapes-Wholesale-8.webp","type":"image\/webp"}],"twitter_card":"summary_large_image","twitter_misc":{"Arvioitu lukuaika":"2 minuuttia"},"schema":{"@context":"https:\/\/schema.org","@graph":[{"@type":"WebPage","@id":"https:\/\/elfvaping.com\/product\/rahdm-40k-puffs-hp20-dual-flavor-screen-low-nicotine-bulk-buy-original-rechargeable-disposable-vapes-wholesale\/","url":"https:\/\/elfvaping.com\/product\/rahdm-40k-puffs-hp20-dual-flavor-screen-low-nicotine-bulk-buy-original-rechargeable-disposable-vapes-wholesale\/","name":"RAHDM 40K Puffs HP20 Kaksinkertaiset Makuun\u00e4ytt\u00f6 Alhainen Vahvuus Irtotavarana Osta Alkuper\u00e4inen Ladattava H\u00e4vytett\u00e4v\u00e4 Vape Tukku - Elf Vaping","isPartOf":{"@id":"https:\/\/elfvaping.com\/cs\/#website"},"primaryImageOfPage":{"@id":"https:\/\/elfvaping.com\/product\/rahdm-40k-puffs-hp20-dual-flavor-screen-low-nicotine-bulk-buy-original-rechargeable-disposable-vapes-wholesale\/#primaryimage"},"image":{"@id":"https:\/\/elfvaping.com\/product\/rahdm-40k-puffs-hp20-dual-flavor-screen-low-nicotine-bulk-buy-original-rechargeable-disposable-vapes-wholesale\/#primaryimage"},"thumbnailUrl":"https:\/\/elfvaping.com\/wp-content\/uploads\/2025\/07\/RAHDM-40K-Puffs-HP20-Dual-Flavor-Screen-Low-Nicotine-Bulk-Buy-Original-Rechargeable-Disposable-Vapes-Wholesale-8.webp","datePublished":"2025-07-29T09:23:38+00:00","dateModified":"2026-02-13T15:32:35+00:00","breadcrumb":{"@id":"https:\/\/elfvaping.com\/product\/rahdm-40k-puffs-hp20-dual-flavor-screen-low-nicotine-bulk-buy-original-rechargeable-disposable-vapes-wholesale\/#breadcrumb"},"inLanguage":"fi","potentialAction":[{"@type":"ReadAction","target":["https:\/\/elfvaping.com\/product\/rahdm-40k-puffs-hp20-dual-flavor-screen-low-nicotine-bulk-buy-original-rechargeable-disposable-vapes-wholesale\/"]}]},{"@type":"ImageObject","inLanguage":"fi","@id":"https:\/\/elfvaping.com\/product\/rahdm-40k-puffs-hp20-dual-flavor-screen-low-nicotine-bulk-buy-original-rechargeable-disposable-vapes-wholesale\/#primaryimage","url":"https:\/\/elfvaping.com\/wp-content\/uploads\/2025\/07\/RAHDM-40K-Puffs-HP20-Dual-Flavor-Screen-Low-Nicotine-Bulk-Buy-Original-Rechargeable-Disposable-Vapes-Wholesale-8.webp","contentUrl":"https:\/\/elfvaping.com\/wp-content\/uploads\/2025\/07\/RAHDM-40K-Puffs-HP20-Dual-Flavor-Screen-Low-Nicotine-Bulk-Buy-Original-Rechargeable-Disposable-Vapes-Wholesale-8.webp","width":1500,"height":1500},{"@type":"BreadcrumbList","@id":"https:\/\/elfvaping.com\/product\/rahdm-40k-puffs-hp20-dual-flavor-screen-low-nicotine-bulk-buy-original-rechargeable-disposable-vapes-wholesale\/#breadcrumb","itemListElement":[{"@type":"ListItem","position":1,"name":"Home","item":"https:\/\/elfvaping.com\/"},{"@type":"ListItem","position":2,"name":"Shop","item":"https:\/\/elfvaping.com\/shop\/"},{"@type":"ListItem","position":3,"name":"RAHDM 40K Puffs HP20 Dual Tastes Screen Low Strength Bulk Buy Original Rechargeable Disposable Vapes Wholesale"}]},{"@type":"WebSite","@id":"https:\/\/elfvaping.com\/cs\/#website","url":"https:\/\/elfvaping.com\/cs\/","name":"Elfien h\u00f6yryst\u00e4minen","description":"Parhaat tukkumyyntihinnat kertak\u00e4ytt\u00f6isille h\u00f6yrystimille","publisher":{"@id":"https:\/\/elfvaping.com\/cs\/#organization"},"potentialAction":[{"@type":"SearchAction","target":{"@type":"EntryPoint","urlTemplate":"https:\/\/elfvaping.com\/cs\/?s={search_term_string}"},"query-input":{"@type":"PropertyValueSpecification","valueRequired":true,"valueName":"search_term_string"}}],"inLanguage":"fi"},{"@type":"Organization","@id":"https:\/\/elfvaping.com\/cs\/#organization","name":"Elfien h\u00f6yryst\u00e4minen","url":"https:\/\/elfvaping.com\/cs\/","logo":{"@type":"ImageObject","inLanguage":"fi","@id":"https:\/\/elfvaping.com\/cs\/#\/schema\/logo\/image\/","url":"https:\/\/elfvaping.com\/wp-content\/uploads\/2024\/06\/elfvaping-logo.webp","contentUrl":"https:\/\/elfvaping.com\/wp-content\/uploads\/2024\/06\/elfvaping-logo.webp","width":400,"height":111,"caption":"Elf Vaping"},"image":{"@id":"https:\/\/elfvaping.com\/cs\/#\/schema\/logo\/image\/"},"sameAs":["https:\/\/www.facebook.com\/elfvaping","https:\/\/instagram.com\/elfvaping\/"]}]}},"jetpack_sharing_enabled":true,"tiered_pricing_type":"fixed","tiered_pricing_fixed_rules":[],"tiered_pricing_product_settings":{"layout":"default","base_unit_name":{"singular":null,"plural":null},"default_variation":null},"tiered_pricing_minimum_quantity":null,"tiered_pricing_roles_data":[],"tiered_pricing_percentage_rules":[],"tiered_pricing_maximum_quantity":null,"tiered_pricing_quantity_step":null,"_links":{"self":[{"href":"https:\/\/elfvaping.com\/fi\/wp-json\/wp\/v2\/product\/35565","targetHints":{"allow":["GET"]}}],"collection":[{"href":"https:\/\/elfvaping.com\/fi\/wp-json\/wp\/v2\/product"}],"about":[{"href":"https:\/\/elfvaping.com\/fi\/wp-json\/wp\/v2\/types\/product"}],"replies":[{"embeddable":true,"href":"https:\/\/elfvaping.com\/fi\/wp-json\/wp\/v2\/comments?post=35565"}],"wp:featuredmedia":[{"embeddable":true,"href":"https:\/\/elfvaping.com\/fi\/wp-json\/wp\/v2\/media\/35574"}],"wp:attachment":[{"href":"https:\/\/elfvaping.com\/fi\/wp-json\/wp\/v2\/media?parent=35565"}],"wp:term":[{"taxonomy":"product_brand","embeddable":true,"href":"https:\/\/elfvaping.com\/fi\/wp-json\/wp\/v2\/product_brand?post=35565"},{"taxonomy":"product_cat","embeddable":true,"href":"https:\/\/elfvaping.com\/fi\/wp-json\/wp\/v2\/product_cat?post=35565"},{"taxonomy":"product_tag","embeddable":true,"href":"https:\/\/elfvaping.com\/fi\/wp-json\/wp\/v2\/product_tag?post=35565"}],"curies":[{"name":"wp","href":"https:\/\/api.w.org\/{rel}","templated":true}]}}