{"id":1214,"date":"2024-06-16T02:52:14","date_gmt":"2024-06-16T02:52:14","guid":{"rendered":"https:\/\/elfvaping.com\/?page_id=1214"},"modified":"2024-08-05T12:41:36","modified_gmt":"2024-08-05T12:41:36","slug":"politique-dexpedition","status":"publish","type":"page","link":"https:\/\/elfvaping.com\/fr\/shipping-policy\/","title":{"rendered":"Politique d'exp\u00e9dition"},"content":{"rendered":"<p dir=\"auto\">Bienvenue sur elfvaping.com, votre destination de confiance pour les produits de vape jetables. Notre politique d'exp\u00e9dition garantit un processus de livraison fluide et efficace pour vos commandes.<\/p>\r\n<p dir=\"auto\"><strong>Traitement de la commande :<\/strong><br \/>Toutes les commandes sont trait\u00e9es dans un d\u00e9lai de 1 \u00e0 2 jours ouvrables pour acc\u00e9l\u00e9rer l'exp\u00e9dition.<\/p>\r\n<p dir=\"auto\"><strong>Informations de suivi :<\/strong><br \/>Chaque commande comprend un num\u00e9ro de suivi qui vous sera envoy\u00e9 par courriel une fois la commande exp\u00e9di\u00e9e.<\/p>\r\n<p dir=\"auto\"><strong>Suivez votre commande :<\/strong><br \/>Pour suivre votre commande, connectez-vous simplement \u00e0 votre compte ou visitez notre page de suivi de commande \u00e0\u00a0<a href=\"https:\/\/elfvaping.com\/fr\/suivi-des-commandes\/\" target=\"_blank\" rel=\"noopener\">https:\/\/elfvaping.com\/orders-tracking<\/a>.<\/p>\r\n<p dir=\"auto\"><strong>Retour \u00e0 l'exp\u00e9diteur :<\/strong><br \/>Les colis retourn\u00e9s \u00e0 nous (ElfVaping) pour des raisons telles qu'une adresse incorrecte fournie par le client, un refus d'acceptation ou des colis non r\u00e9clam\u00e9s \u00e0 la Poste entra\u00eeneront des frais de retour. Les clients demandant une re-livraison seront responsables des frais de re-postage.<\/p>\r\n<p dir=\"auto\"><strong>Retards de livraison :<\/strong><br \/>Dans de rares cas, les livraisons peuvent subir des retards en raison de circonstances impr\u00e9vues. Si vous avez des inqui\u00e9tudes concernant votre colis, veuillez vous r\u00e9f\u00e9rer aux informations sur notre site Web ou utiliser les m\u00e9thodes de suivi fournies. N'h\u00e9sitez pas \u00e0 nous contacter si vous rencontrez des probl\u00e8mes avec votre commande.<\/p>\r\n<p dir=\"auto\">Merci de choisir elfvaping.com pour vos besoins en vapoteuses jetables. Nous nous engageons \u00e0 fournir une exp\u00e9rience d'exp\u00e9dition fiable et efficace pour nos pr\u00e9cieux clients. Si vous avez des questions ou avez besoin d'assistance, n'h\u00e9sitez pas \u00e0 contacter notre \u00e9quipe de service client.<\/p>","protected":false},"excerpt":{"rendered":"<p>Welcome to elfvaping.com, your trusted destination for disposable vape products. Our Shipping Policy ensures a smooth and efficient delivery process for your orders. Order Processing:All orders are processed within 1-2 business days to expedite shipment. Tracking Information:Every order includes a tracking number, which will be emailed to you once the order is dispatched. Track Your [&#8230;]\n","protected":false},"author":1,"featured_media":0,"parent":0,"menu_order":0,"comment_status":"closed","ping_status":"closed","template":"page-blank-title-center.php","meta":{"_lmt_disableupdate":"","_lmt_disable":"","jetpack_post_was_ever_published":false,"footnotes":""},"class_list":["post-1214","page","type-page","status-publish","hentry"],"yoast_head":"<!-- This site is optimized with the Yoast SEO plugin v27.4 - https:\/\/yoast.com\/product\/yoast-seo-wordpress\/ -->\n<title>Shipping Policy - Elf Vaping<\/title>\n<meta name=\"robots\" content=\"index, follow, max-snippet:-1, max-image-preview:large, max-video-preview:-1\" \/>\n<link rel=\"canonical\" href=\"https:\/\/elfvaping.com\/fr\/politique-dexpedition\/\" \/>\n<meta property=\"og:locale\" content=\"fr_FR\" \/>\n<meta property=\"og:type\" content=\"article\" \/>\n<meta property=\"og:title\" content=\"Shipping Policy - Elf Vaping\" \/>\n<meta property=\"og:description\" content=\"Welcome to elfvaping.com, your trusted destination for disposable vape products. Our Shipping Policy ensures a smooth and efficient delivery process for your orders. Order Processing:All orders are processed within 1-2 business days to expedite shipment. Tracking Information:Every order includes a tracking number, which will be emailed to you once the order is dispatched. Track Your [...]\" \/>\n<meta property=\"og:url\" content=\"https:\/\/elfvaping.com\/fr\/politique-dexpedition\/\" \/>\n<meta property=\"og:site_name\" content=\"Elf Vaping\" \/>\n<meta property=\"article:publisher\" content=\"https:\/\/www.facebook.com\/elfvaping\" \/>\n<meta property=\"article:modified_time\" content=\"2024-08-05T12:41:36+00:00\" \/>\n<meta name=\"twitter:card\" content=\"summary_large_image\" \/>\n<meta name=\"twitter:label1\" content=\"Dur\u00e9e de lecture estim\u00e9e\" \/>\n\t<meta name=\"twitter:data1\" content=\"1 minute\" \/>\n<script type=\"application\/ld+json\" class=\"yoast-schema-graph\">{\"@context\":\"https:\\\/\\\/schema.org\",\"@graph\":[{\"@type\":\"WebPage\",\"@id\":\"https:\\\/\\\/elfvaping.com\\\/shipping-policy\\\/\",\"url\":\"https:\\\/\\\/elfvaping.com\\\/shipping-policy\\\/\",\"name\":\"Shipping Policy - Elf Vaping\",\"isPartOf\":{\"@id\":\"https:\\\/\\\/elfvaping.com\\\/cs\\\/#website\"},\"datePublished\":\"2024-06-16T02:52:14+00:00\",\"dateModified\":\"2024-08-05T12:41:36+00:00\",\"breadcrumb\":{\"@id\":\"https:\\\/\\\/elfvaping.com\\\/shipping-policy\\\/#breadcrumb\"},\"inLanguage\":\"fr-FR\",\"potentialAction\":[{\"@type\":\"ReadAction\",\"target\":[\"https:\\\/\\\/elfvaping.com\\\/shipping-policy\\\/\"]}]},{\"@type\":\"BreadcrumbList\",\"@id\":\"https:\\\/\\\/elfvaping.com\\\/shipping-policy\\\/#breadcrumb\",\"itemListElement\":[{\"@type\":\"ListItem\",\"position\":1,\"name\":\"Home\",\"item\":\"https:\\\/\\\/elfvaping.com\\\/\"},{\"@type\":\"ListItem\",\"position\":2,\"name\":\"Shipping Policy\"}]},{\"@type\":\"WebSite\",\"@id\":\"https:\\\/\\\/elfvaping.com\\\/cs\\\/#website\",\"url\":\"https:\\\/\\\/elfvaping.com\\\/cs\\\/\",\"name\":\"Elf Vaping\",\"description\":\"Best Wholesale Prices for Disposable Vapes\",\"publisher\":{\"@id\":\"https:\\\/\\\/elfvaping.com\\\/cs\\\/#organization\"},\"potentialAction\":[{\"@type\":\"SearchAction\",\"target\":{\"@type\":\"EntryPoint\",\"urlTemplate\":\"https:\\\/\\\/elfvaping.com\\\/cs\\\/?s={search_term_string}\"},\"query-input\":{\"@type\":\"PropertyValueSpecification\",\"valueRequired\":true,\"valueName\":\"search_term_string\"}}],\"inLanguage\":\"fr-FR\"},{\"@type\":\"Organization\",\"@id\":\"https:\\\/\\\/elfvaping.com\\\/cs\\\/#organization\",\"name\":\"Elf Vaping\",\"url\":\"https:\\\/\\\/elfvaping.com\\\/cs\\\/\",\"logo\":{\"@type\":\"ImageObject\",\"inLanguage\":\"fr-FR\",\"@id\":\"https:\\\/\\\/elfvaping.com\\\/cs\\\/#\\\/schema\\\/logo\\\/image\\\/\",\"url\":\"https:\\\/\\\/elfvaping.com\\\/wp-content\\\/uploads\\\/2024\\\/06\\\/elfvaping-logo.webp\",\"contentUrl\":\"https:\\\/\\\/elfvaping.com\\\/wp-content\\\/uploads\\\/2024\\\/06\\\/elfvaping-logo.webp\",\"width\":400,\"height\":111,\"caption\":\"Elf Vaping\"},\"image\":{\"@id\":\"https:\\\/\\\/elfvaping.com\\\/cs\\\/#\\\/schema\\\/logo\\\/image\\\/\"},\"sameAs\":[\"https:\\\/\\\/www.facebook.com\\\/elfvaping\",\"https:\\\/\\\/instagram.com\\\/elfvaping\\\/\"]}]}<\/script>\n<!-- \/ Yoast SEO plugin. -->","yoast_head_json":{"title":"Politique d'exp\u00e9dition - Elf Vaping","robots":{"index":"index","follow":"follow","max-snippet":"max-snippet:-1","max-image-preview":"max-image-preview:large","max-video-preview":"max-video-preview:-1"},"canonical":"https:\/\/elfvaping.com\/fr\/politique-dexpedition\/","og_locale":"fr_FR","og_type":"article","og_title":"Shipping Policy - Elf Vaping","og_description":"Welcome to elfvaping.com, your trusted destination for disposable vape products. Our Shipping Policy ensures a smooth and efficient delivery process for your orders. Order Processing:All orders are processed within 1-2 business days to expedite shipment. Tracking Information:Every order includes a tracking number, which will be emailed to you once the order is dispatched. Track Your [...]","og_url":"https:\/\/elfvaping.com\/fr\/politique-dexpedition\/","og_site_name":"Elf Vaping","article_publisher":"https:\/\/www.facebook.com\/elfvaping","article_modified_time":"2024-08-05T12:41:36+00:00","twitter_card":"summary_large_image","twitter_misc":{"Dur\u00e9e de lecture estim\u00e9e":"1 minute"},"schema":{"@context":"https:\/\/schema.org","@graph":[{"@type":"WebPage","@id":"https:\/\/elfvaping.com\/shipping-policy\/","url":"https:\/\/elfvaping.com\/shipping-policy\/","name":"Politique d'exp\u00e9dition - Elf Vaping","isPartOf":{"@id":"https:\/\/elfvaping.com\/cs\/#website"},"datePublished":"2024-06-16T02:52:14+00:00","dateModified":"2024-08-05T12:41:36+00:00","breadcrumb":{"@id":"https:\/\/elfvaping.com\/shipping-policy\/#breadcrumb"},"inLanguage":"fr-FR","potentialAction":[{"@type":"ReadAction","target":["https:\/\/elfvaping.com\/shipping-policy\/"]}]},{"@type":"BreadcrumbList","@id":"https:\/\/elfvaping.com\/shipping-policy\/#breadcrumb","itemListElement":[{"@type":"ListItem","position":1,"name":"Home","item":"https:\/\/elfvaping.com\/"},{"@type":"ListItem","position":2,"name":"Shipping Policy"}]},{"@type":"WebSite","@id":"https:\/\/elfvaping.com\/cs\/#website","url":"https:\/\/elfvaping.com\/cs\/","name":"Elf Vape","description":"Meilleurs prix de gros pour les vapes jetables","publisher":{"@id":"https:\/\/elfvaping.com\/cs\/#organization"},"potentialAction":[{"@type":"SearchAction","target":{"@type":"EntryPoint","urlTemplate":"https:\/\/elfvaping.com\/cs\/?s={search_term_string}"},"query-input":{"@type":"PropertyValueSpecification","valueRequired":true,"valueName":"search_term_string"}}],"inLanguage":"fr-FR"},{"@type":"Organization","@id":"https:\/\/elfvaping.com\/cs\/#organization","name":"Elf Vape","url":"https:\/\/elfvaping.com\/cs\/","logo":{"@type":"ImageObject","inLanguage":"fr-FR","@id":"https:\/\/elfvaping.com\/cs\/#\/schema\/logo\/image\/","url":"https:\/\/elfvaping.com\/wp-content\/uploads\/2024\/06\/elfvaping-logo.webp","contentUrl":"https:\/\/elfvaping.com\/wp-content\/uploads\/2024\/06\/elfvaping-logo.webp","width":400,"height":111,"caption":"Elf Vaping"},"image":{"@id":"https:\/\/elfvaping.com\/cs\/#\/schema\/logo\/image\/"},"sameAs":["https:\/\/www.facebook.com\/elfvaping","https:\/\/instagram.com\/elfvaping\/"]}]}},"jetpack_sharing_enabled":true,"_links":{"self":[{"href":"https:\/\/elfvaping.com\/fr\/wp-json\/wp\/v2\/pages\/1214","targetHints":{"allow":["GET"]}}],"collection":[{"href":"https:\/\/elfvaping.com\/fr\/wp-json\/wp\/v2\/pages"}],"about":[{"href":"https:\/\/elfvaping.com\/fr\/wp-json\/wp\/v2\/types\/page"}],"author":[{"embeddable":true,"href":"https:\/\/elfvaping.com\/fr\/wp-json\/wp\/v2\/users\/1"}],"replies":[{"embeddable":true,"href":"https:\/\/elfvaping.com\/fr\/wp-json\/wp\/v2\/comments?post=1214"}],"version-history":[{"count":0,"href":"https:\/\/elfvaping.com\/fr\/wp-json\/wp\/v2\/pages\/1214\/revisions"}],"wp:attachment":[{"href":"https:\/\/elfvaping.com\/fr\/wp-json\/wp\/v2\/media?parent=1214"}],"curies":[{"name":"wp","href":"https:\/\/api.w.org\/{rel}","templated":true}]}}