{"id":1482,"date":"2024-06-16T02:52:54","date_gmt":"2024-06-16T02:52:54","guid":{"rendered":"https:\/\/elfvaping.com\/?page_id=1482"},"modified":"2026-02-24T03:27:26","modified_gmt":"2026-02-24T03:27:26","slug":"termes-et-conditions","status":"publish","type":"page","link":"https:\/\/elfvaping.com\/fr\/terms-conditions\/","title":{"rendered":"Conditions g\u00e9n\u00e9rales d'utilisation"},"content":{"rendered":"<p dir=\"auto\">Bienvenue sur elfvaping.com, une boutique en ligne de premier plan sp\u00e9cialis\u00e9e dans la vente de produits de vape jetables. Dans tout ce document, les r\u00e9f\u00e9rences \u00e0 \u2018 elfvaping.com \u2019, \u2018 nous \u2019, \u2018 nous \u2019 ou \u2018 notre \u2019 renvoient \u00e0 notre plateforme en ligne.<\/p>\r\n<p dir=\"auto\"><strong>Propri\u00e9t\u00e9 et acc\u00e8s :<\/strong><br \/>Le site elfvaping.com est d\u00e9tenu et exploit\u00e9 par notre soci\u00e9t\u00e9, qui fournit l'acc\u00e8s au site sous r\u00e9serve des conditions g\u00e9n\u00e9rales d\u00e9crites ci-dessous. En utilisant notre site Web, vous acceptez de vous conformer \u00e0 ces conditions, y compris toute politique compl\u00e9mentaire r\u00e9f\u00e9renc\u00e9e ou disponible via un hyperlien.<\/p>\r\n<p dir=\"auto\"><strong>Mises \u00e0 jour et modifications :<\/strong><br \/>Nous nous r\u00e9servons le droit de mettre \u00e0 jour, de modifier ou de remplacer tout ou partie de ces Conditions de Service \u00e0 notre discr\u00e9tion. Il est de votre responsabilit\u00e9 de consulter r\u00e9guli\u00e8rement ces conditions pour d\u00e9tecter toute modification. La poursuite de l'utilisation de notre site Web apr\u00e8s des modifications constitue une acceptation des conditions mises \u00e0 jour.<\/p>\r\n<p dir=\"auto\"><strong>Responsabilit\u00e9s de l'utilisateur :<\/strong><br \/>En acc\u00e9dant \u00e0 notre site Web, vous confirmez avoir au moins dix-huit (18) ans. Toute transaction effectu\u00e9e sur le site implique que vous acceptez ces conditions. Toute utilisation non autoris\u00e9e ou violation de la s\u00e9curit\u00e9 du site Web est interdite.<\/p>\r\n<p dir=\"auto\"><strong>Erreurs et Corrections :<\/strong><br \/>Bien que nous nous efforcions d'obtenir l'exactitude, des erreurs ou inexactitudes occasionnelles peuvent survenir sur elfvaping.com. Nous nous r\u00e9servons le droit de rectifier tout probl\u00e8me de ce type sans pr\u00e9avis. Nous ne sommes pas oblig\u00e9s de mettre \u00e0 jour les informations, sauf si la loi l'exige.<\/p>\r\n<p dir=\"auto\"><strong>Gestion des commandes :<\/strong><br \/>Nous nous r\u00e9servons le droit de refuser ou de modifier toute commande pass\u00e9e sur notre site. En cas de modification ou d'annulation de commande, nous ferons des efforts raisonnables pour vous informer en utilisant les informations de contact que vous avez fournies. Il est de votre responsabilit\u00e9 de vous assurer que les informations relatives \u00e0 votre compte et \u00e0 vos achats sont exactes.<\/p>\r\n<p dir=\"auto\"><strong>Propri\u00e9t\u00e9 intellectuelle :<\/strong><br \/>Toutes les marques, logos et contenus affich\u00e9s sur elfvaping.com sont la propri\u00e9t\u00e9 intellectuelle de notre soci\u00e9t\u00e9, de ses filiales ou de ses conc\u00e9dants de licence. Toute utilisation non autoris\u00e9e de cette propri\u00e9t\u00e9 intellectuelle est strictement interdite.<\/p>\r\n<p dir=\"auto\"><strong>Liens hypertextes et Contenu de Tiers :<\/strong><br \/>Les liens hypertextes vers elfvaping.com n\u00e9cessitent une approbation pr\u00e9alable. Nous n'approuvons ni ne prenons en charge le contenu de tiers li\u00e9 \u00e0 notre site Web.<\/p>\r\n<p dir=\"auto\"><strong>Limite de responsabilit\u00e9 :<\/strong><br \/>Dans la mesure permise par la loi, nous ne sommes pas responsables des pertes ou dommages r\u00e9sultant de votre utilisation d'elfvaping.com. Nous ne sommes pas responsables des dommages indirects ou cons\u00e9cutifs. Votre utilisation du site web implique l'acceptation de ces conditions.<\/p>\r\n<p dir=\"auto\"><strong>Informations personnelles :<\/strong><br \/>La soumission d'informations personnelles sur elfvaping.com est r\u00e9gie par notre Politique de confidentialit\u00e9.<\/p>\r\n<p dir=\"auto\">Merci d'avoir choisi elfvaping.com. En acc\u00e9dant \u00e0 notre site Web, vous acceptez de vous conformer \u00e0 ces Conditions de Service.<\/p>\r\n<p dir=\"auto\">\u00a0<\/p>\r\n<p dir=\"auto\"><span style=\"color: #e14d43;\"><strong>Les pr\u00e9sentes Conditions de Service et tout accord distinct en vertu duquel nous vous fournissons des services seront r\u00e9gis par et interpr\u00e9t\u00e9s conform\u00e9ment aux lois de Hong Kong.<\/strong><\/span><\/p>","protected":false},"excerpt":{"rendered":"<p>Welcome to elfvaping.com, a premier online store specializing in the sale of disposable vape products. Throughout this document, references to &#8216;elfvaping.com,&#8217; &#8216;we,&#8217; &#8216;us,&#8217; or &#8216;our&#8217; pertain to our online platform. Ownership and Access:elfvaping.com is owned and operated by us, providing access subject to the terms and conditions outlined herein. By using our website, you agree [&#8230;]\n","protected":false},"author":1,"featured_media":0,"parent":0,"menu_order":0,"comment_status":"closed","ping_status":"closed","template":"page-blank-title-center.php","meta":{"_lmt_disableupdate":"no","_lmt_disable":"","jetpack_post_was_ever_published":false,"footnotes":""},"class_list":["post-1482","page","type-page","status-publish","hentry"],"yoast_head":"<!-- This site is optimized with the Yoast SEO plugin v27.4 - https:\/\/yoast.com\/product\/yoast-seo-wordpress\/ -->\n<title>Terms &amp; Conditions - Elf Vaping<\/title>\n<meta name=\"robots\" content=\"index, follow, max-snippet:-1, max-image-preview:large, max-video-preview:-1\" \/>\n<link rel=\"canonical\" href=\"https:\/\/elfvaping.com\/fr\/termes-et-conditions\/\" \/>\n<meta property=\"og:locale\" content=\"fr_FR\" \/>\n<meta property=\"og:type\" content=\"article\" \/>\n<meta property=\"og:title\" content=\"Terms &amp; Conditions - Elf Vaping\" \/>\n<meta property=\"og:description\" content=\"Welcome to elfvaping.com, a premier online store specializing in the sale of disposable vape products. Throughout this document, references to &#8216;elfvaping.com,&#8217; &#8216;we,&#8217; &#8216;us,&#8217; or &#8216;our&#8217; pertain to our online platform. Ownership and Access:elfvaping.com is owned and operated by us, providing access subject to the terms and conditions outlined herein. By using our website, you agree [...]\" \/>\n<meta property=\"og:url\" content=\"https:\/\/elfvaping.com\/fr\/termes-et-conditions\/\" \/>\n<meta property=\"og:site_name\" content=\"Elf Vaping\" \/>\n<meta property=\"article:publisher\" content=\"https:\/\/www.facebook.com\/elfvaping\" \/>\n<meta property=\"article:modified_time\" content=\"2026-02-24T03:27:26+00:00\" \/>\n<meta name=\"twitter:card\" content=\"summary_large_image\" \/>\n<meta name=\"twitter:label1\" content=\"Dur\u00e9e de lecture estim\u00e9e\" \/>\n\t<meta name=\"twitter:data1\" content=\"2 minutes\" \/>\n<script type=\"application\/ld+json\" class=\"yoast-schema-graph\">{\"@context\":\"https:\\\/\\\/schema.org\",\"@graph\":[{\"@type\":\"WebPage\",\"@id\":\"https:\\\/\\\/elfvaping.com\\\/terms-conditions\\\/\",\"url\":\"https:\\\/\\\/elfvaping.com\\\/terms-conditions\\\/\",\"name\":\"Terms & Conditions - Elf Vaping\",\"isPartOf\":{\"@id\":\"https:\\\/\\\/elfvaping.com\\\/cs\\\/#website\"},\"datePublished\":\"2024-06-16T02:52:54+00:00\",\"dateModified\":\"2026-02-24T03:27:26+00:00\",\"breadcrumb\":{\"@id\":\"https:\\\/\\\/elfvaping.com\\\/terms-conditions\\\/#breadcrumb\"},\"inLanguage\":\"fr-FR\",\"potentialAction\":[{\"@type\":\"ReadAction\",\"target\":[\"https:\\\/\\\/elfvaping.com\\\/terms-conditions\\\/\"]}]},{\"@type\":\"BreadcrumbList\",\"@id\":\"https:\\\/\\\/elfvaping.com\\\/terms-conditions\\\/#breadcrumb\",\"itemListElement\":[{\"@type\":\"ListItem\",\"position\":1,\"name\":\"Home\",\"item\":\"https:\\\/\\\/elfvaping.com\\\/\"},{\"@type\":\"ListItem\",\"position\":2,\"name\":\"Terms &#038; Conditions\"}]},{\"@type\":\"WebSite\",\"@id\":\"https:\\\/\\\/elfvaping.com\\\/cs\\\/#website\",\"url\":\"https:\\\/\\\/elfvaping.com\\\/cs\\\/\",\"name\":\"Elf Vaping\",\"description\":\"Best Wholesale Prices for Disposable Vapes\",\"publisher\":{\"@id\":\"https:\\\/\\\/elfvaping.com\\\/cs\\\/#organization\"},\"potentialAction\":[{\"@type\":\"SearchAction\",\"target\":{\"@type\":\"EntryPoint\",\"urlTemplate\":\"https:\\\/\\\/elfvaping.com\\\/cs\\\/?s={search_term_string}\"},\"query-input\":{\"@type\":\"PropertyValueSpecification\",\"valueRequired\":true,\"valueName\":\"search_term_string\"}}],\"inLanguage\":\"fr-FR\"},{\"@type\":\"Organization\",\"@id\":\"https:\\\/\\\/elfvaping.com\\\/cs\\\/#organization\",\"name\":\"Elf Vaping\",\"url\":\"https:\\\/\\\/elfvaping.com\\\/cs\\\/\",\"logo\":{\"@type\":\"ImageObject\",\"inLanguage\":\"fr-FR\",\"@id\":\"https:\\\/\\\/elfvaping.com\\\/cs\\\/#\\\/schema\\\/logo\\\/image\\\/\",\"url\":\"https:\\\/\\\/elfvaping.com\\\/wp-content\\\/uploads\\\/2024\\\/06\\\/elfvaping-logo.webp\",\"contentUrl\":\"https:\\\/\\\/elfvaping.com\\\/wp-content\\\/uploads\\\/2024\\\/06\\\/elfvaping-logo.webp\",\"width\":400,\"height\":111,\"caption\":\"Elf Vaping\"},\"image\":{\"@id\":\"https:\\\/\\\/elfvaping.com\\\/cs\\\/#\\\/schema\\\/logo\\\/image\\\/\"},\"sameAs\":[\"https:\\\/\\\/www.facebook.com\\\/elfvaping\",\"https:\\\/\\\/instagram.com\\\/elfvaping\\\/\"]}]}<\/script>\n<!-- \/ Yoast SEO plugin. -->","yoast_head_json":{"title":"Conditions g\u00e9n\u00e9rales - Elf Vaping","robots":{"index":"index","follow":"follow","max-snippet":"max-snippet:-1","max-image-preview":"max-image-preview:large","max-video-preview":"max-video-preview:-1"},"canonical":"https:\/\/elfvaping.com\/fr\/termes-et-conditions\/","og_locale":"fr_FR","og_type":"article","og_title":"Terms & Conditions - Elf Vaping","og_description":"Welcome to elfvaping.com, a premier online store specializing in the sale of disposable vape products. Throughout this document, references to &#8216;elfvaping.com,&#8217; &#8216;we,&#8217; &#8216;us,&#8217; or &#8216;our&#8217; pertain to our online platform. Ownership and Access:elfvaping.com is owned and operated by us, providing access subject to the terms and conditions outlined herein. By using our website, you agree [...]","og_url":"https:\/\/elfvaping.com\/fr\/termes-et-conditions\/","og_site_name":"Elf Vaping","article_publisher":"https:\/\/www.facebook.com\/elfvaping","article_modified_time":"2026-02-24T03:27:26+00:00","twitter_card":"summary_large_image","twitter_misc":{"Dur\u00e9e de lecture estim\u00e9e":"2 minutes"},"schema":{"@context":"https:\/\/schema.org","@graph":[{"@type":"WebPage","@id":"https:\/\/elfvaping.com\/terms-conditions\/","url":"https:\/\/elfvaping.com\/terms-conditions\/","name":"Conditions g\u00e9n\u00e9rales - Elf Vaping","isPartOf":{"@id":"https:\/\/elfvaping.com\/cs\/#website"},"datePublished":"2024-06-16T02:52:54+00:00","dateModified":"2026-02-24T03:27:26+00:00","breadcrumb":{"@id":"https:\/\/elfvaping.com\/terms-conditions\/#breadcrumb"},"inLanguage":"fr-FR","potentialAction":[{"@type":"ReadAction","target":["https:\/\/elfvaping.com\/terms-conditions\/"]}]},{"@type":"BreadcrumbList","@id":"https:\/\/elfvaping.com\/terms-conditions\/#breadcrumb","itemListElement":[{"@type":"ListItem","position":1,"name":"Home","item":"https:\/\/elfvaping.com\/"},{"@type":"ListItem","position":2,"name":"Terms &#038; Conditions"}]},{"@type":"WebSite","@id":"https:\/\/elfvaping.com\/cs\/#website","url":"https:\/\/elfvaping.com\/cs\/","name":"Elf Vape","description":"Meilleurs prix de gros pour les vapes jetables","publisher":{"@id":"https:\/\/elfvaping.com\/cs\/#organization"},"potentialAction":[{"@type":"SearchAction","target":{"@type":"EntryPoint","urlTemplate":"https:\/\/elfvaping.com\/cs\/?s={search_term_string}"},"query-input":{"@type":"PropertyValueSpecification","valueRequired":true,"valueName":"search_term_string"}}],"inLanguage":"fr-FR"},{"@type":"Organization","@id":"https:\/\/elfvaping.com\/cs\/#organization","name":"Elf Vape","url":"https:\/\/elfvaping.com\/cs\/","logo":{"@type":"ImageObject","inLanguage":"fr-FR","@id":"https:\/\/elfvaping.com\/cs\/#\/schema\/logo\/image\/","url":"https:\/\/elfvaping.com\/wp-content\/uploads\/2024\/06\/elfvaping-logo.webp","contentUrl":"https:\/\/elfvaping.com\/wp-content\/uploads\/2024\/06\/elfvaping-logo.webp","width":400,"height":111,"caption":"Elf Vaping"},"image":{"@id":"https:\/\/elfvaping.com\/cs\/#\/schema\/logo\/image\/"},"sameAs":["https:\/\/www.facebook.com\/elfvaping","https:\/\/instagram.com\/elfvaping\/"]}]}},"jetpack_sharing_enabled":true,"_links":{"self":[{"href":"https:\/\/elfvaping.com\/fr\/wp-json\/wp\/v2\/pages\/1482","targetHints":{"allow":["GET"]}}],"collection":[{"href":"https:\/\/elfvaping.com\/fr\/wp-json\/wp\/v2\/pages"}],"about":[{"href":"https:\/\/elfvaping.com\/fr\/wp-json\/wp\/v2\/types\/page"}],"author":[{"embeddable":true,"href":"https:\/\/elfvaping.com\/fr\/wp-json\/wp\/v2\/users\/1"}],"replies":[{"embeddable":true,"href":"https:\/\/elfvaping.com\/fr\/wp-json\/wp\/v2\/comments?post=1482"}],"version-history":[{"count":0,"href":"https:\/\/elfvaping.com\/fr\/wp-json\/wp\/v2\/pages\/1482\/revisions"}],"wp:attachment":[{"href":"https:\/\/elfvaping.com\/fr\/wp-json\/wp\/v2\/media?parent=1482"}],"curies":[{"name":"wp","href":"https:\/\/api.w.org\/{rel}","templated":true}]}}