{"id":585,"date":"2024-06-16T02:49:40","date_gmt":"2024-06-16T02:49:40","guid":{"rendered":"https:\/\/elfvaping.com\/?page_id=585"},"modified":"2026-02-24T03:31:26","modified_gmt":"2026-02-24T03:31:26","slug":"politique-de-cookies","status":"publish","type":"page","link":"https:\/\/elfvaping.com\/fr\/cookies-policy\/","title":{"rendered":"Politique de cookies"},"content":{"rendered":"<p>Derni\u00e8re mise \u00e0 jour : 26 avril 2024<\/p>\n<p>Cette politique de cookies d\u00e9limite l'utilisation des cookies sur notre site Web, elfvaping.com. Vous familiariser avec cette politique vous donnera un aper\u00e7u des types de cookies que nous utilisons, des informations recueillies gr\u00e2ce aux cookies et de leur application subs\u00e9quente. Cette politique a \u00e9t\u00e9 \u00e9labor\u00e9e avec l'aide du g\u00e9n\u00e9rateur de politique de cookies.<\/p>\n<p>Les cookies ne contiennent g\u00e9n\u00e9ralement pas d'informations permettant d'identifier directement un utilisateur. Toutefois, les informations personnelles stock\u00e9es \u00e0 votre sujet peuvent \u00eatre associ\u00e9es aux informations stock\u00e9es dans les cookies et d\u00e9riv\u00e9es de ceux-ci. Pour obtenir des d\u00e9tails complets sur la fa\u00e7on dont nous utilisons, stockons et s\u00e9curisons vos donn\u00e9es personnelles, veuillez vous r\u00e9f\u00e9rer \u00e0 notre politique de confidentialit\u00e9.<\/p>\n<p>Les informations personnelles sensibles, telles que les adresses postales ou les mots de passe des comptes, ne sont pas stock\u00e9es dans les cookies que nous utilisons.<\/p>\n<p>Interpr\u00e9tation et D\u00e9finitions<\/p>\n<p>Les termes d'interpr\u00e9tation avec des lettres initiales capitalis\u00e9es ont des significations sp\u00e9cifi\u00e9es dans les conditions suivantes. Ces d\u00e9finitions s'appliquent quelle que soit leur forme, singuli\u00e8re ou plurielle.<\/p>\n<p>D\u00e9finitions Aux fins de la pr\u00e9sente politique de cookies :<\/p>\n<p>La soci\u00e9t\u00e9 (r\u00e9f\u00e9r\u00e9e comme \u201c la soci\u00e9t\u00e9 \u201d, \u201c Nous \u201d, \u201c Nous \u201d ou \u201c Notre \u201d dans cette politique de cookies) est elfvaping.com. Les cookies sont de petits fichiers plac\u00e9s sur votre ordinateur, votre appareil mobile ou tout autre appareil par un site Web, contenant des d\u00e9tails de votre historique de navigation sur ce site Web, parmi leurs diverses utilisations. Le site Web d\u00e9signe elfvaping.com, accessible depuis <a href=\"https:\/\/elfvaping.com\/fr\/\" target=\"_new\" rel=\"noopener\">https:\/\/elfvaping.com\/<\/a> Vous d\u00e9signe l'individu qui acc\u00e8de au site Web ou l'utilise, ou une soci\u00e9t\u00e9, ou toute entit\u00e9 juridique au nom de laquelle cet individu acc\u00e8de au site Web ou l'utilise, selon le cas. L'utilisation des cookies<\/p>\n<p>Types de cookies que nous utilisons Les cookies peuvent \u00eatre class\u00e9s en tant que cookies \u201c persistants \u201d ou \u201c de session \u201d. Les cookies persistants persistent sur votre ordinateur personnel ou votre appareil mobile m\u00eame lorsque vous \u00eates hors ligne, tandis que les cookies de session sont supprim\u00e9s d\u00e8s que vous fermez votre navigateur Web.<\/p>\n<p>Nous utilisons des Cookies de session et persistants \u00e0 des fins suivantes :<\/p>\n<p>Cookies n\u00e9cessaires \/ essentiels<\/p>\n<p>Type : Cookies de session<\/p>\n<p>Administr\u00e9 par : Nous<\/p>\n<p>Objet : Ces Cookies sont indispensables pour vous fournir les services disponibles sur le Site Web et vous permettre d'utiliser certaines de ses fonctionnalit\u00e9s. Ils aident \u00e0 l'authentification des utilisateurs et emp\u00eachent l'utilisation frauduleuse des comptes d'utilisateurs. Sans ces Cookies, les services que vous avez demand\u00e9s ne peuvent pas \u00eatre fournis, et Nous utilisons uniquement ces Cookies pour vous fournir ces services.<\/p>\n<p>Cookies de fonctionnalit\u00e9<\/p>\n<p>Type : Cookies persistants<\/p>\n<p>Administr\u00e9 par : Nous<\/p>\n<p>Objet : Ces Cookies nous permettent de m\u00e9moriser les choix que vous faites lors de l'utilisation du Site Web, tels que la conservation de vos informations de connexion ou de vos pr\u00e9f\u00e9rences linguistiques. L'objectif de ces Cookies est de fournir une exp\u00e9rience plus personnalis\u00e9e et d'\u00e9viter que vous n'ayez \u00e0 saisir \u00e0 nouveau vos pr\u00e9f\u00e9rences chaque fois que vous interagissez avec le Site Web.<\/p>\n<p>Vos Choix Concernant les Cookies Si vous choisissez de renoncer \u00e0 l'utilisation des Cookies sur le Site, premi\u00e8rement, vous devez d\u00e9sactiver l'utilisation des Cookies dans votre navigateur et ensuite effacer les Cookies enregistr\u00e9s dans votre navigateur associ\u00e9s \u00e0 ce site Web. Vous conservez la possibilit\u00e9 de recourir \u00e0 cette m\u00e9thode pour emp\u00eacher l'utilisation de Cookies \u00e0 tout moment.<\/p>\n<p>Si vous refusez nos cookies, vous pourriez rencontrer des difficult\u00e9s lors de l'utilisation du site Web et certaines fonctionnalit\u00e9s pourraient ne pas fonctionner de mani\u00e8re optimale.<\/p>\n<p>Si vous souhaitez supprimer les Cookies ou indiquer \u00e0 votre navigateur Web de les \u00e9liminer ou de les rejeter, veuillez consulter les pages d'aide de votre navigateur Web.<\/p>\n<p>Pour le navigateur Web Chrome, veuillez visiter cette page de Google : <a href=\"https:\/\/support.google.com\/accounts\/answer\/32050\" rel=\"nofollow\">https:\/\/support.google.com\/accounts\/answer\/32050<\/a><\/p>\n<p>Pour le navigateur Web Internet Explorer, veuillez visiter cette page de Microsoft : <a href=\"http:\/\/support.microsoft.com\/kb\/278835\" rel=\"nofollow\">http:\/\/support.microsoft.com\/kb\/278835<\/a><\/p>\n<p>Pour le navigateur Web Firefox, veuillez visiter cette page de Mozilla : <a href=\"https:\/\/support.mozilla.org\/en-US\/kb\/delete-cookies-remove-info-websites-stored\" rel=\"nofollow\">https:\/\/support.mozilla.org\/en-US\/kb\/delete-cookies-remove-info-websites-stored<\/a><\/p>\n<p>Pour le navigateur Web Safari, veuillez visiter cette page d'Apple : <a href=\"https:\/\/support.apple.com\/guide\/safari\/manage-cookies-and-website-data-sfri11471\/mac\" rel=\"nofollow\">https:\/\/support.apple.com\/guide\/safari\/manage-cookies-and-website-data-sfri11471\/mac<\/a><\/p>\n<p>Pour tout autre navigateur Web, veuillez visiter les pages Web officielles de votre navigateur Web.<\/p>\n<p>Plus d'informations sur les cookies Pour approfondir le sujet des cookies, vous pouvez visiter Tout sur les cookies de TermsFeed.<\/p>\n<p>Contactez-nous Si vous avez des questions concernant cette politique de cookies, n'h\u00e9sitez pas \u00e0 nous contacter :<\/p>\n<p>Par courriel : <a target=\"_new\" rel=\"noopener\">info@elfvaping.com<\/a><\/p>","protected":false},"excerpt":{"rendered":"<p>Last updated: April 26, 2024 This Cookies Policy delineates the utilization of Cookies on our website, elfvaping.com. Familiarizing yourself with this policy will provide insight into the types of Cookies we utilize, the information garnered through Cookies, and its subsequent application. This policy has been crafted with the aid of the Cookies Policy Generator. Cookies [&#8230;]\n","protected":false},"author":1,"featured_media":0,"parent":0,"menu_order":0,"comment_status":"closed","ping_status":"closed","template":"page-blank-title-center.php","meta":{"_lmt_disableupdate":"no","_lmt_disable":"","jetpack_post_was_ever_published":false,"footnotes":""},"class_list":["post-585","page","type-page","status-publish","hentry"],"yoast_head":"<!-- This site is optimized with the Yoast SEO plugin v27.4 - https:\/\/yoast.com\/product\/yoast-seo-wordpress\/ -->\n<title>Cookies Policy - Elf Vaping<\/title>\n<meta name=\"robots\" content=\"index, follow, max-snippet:-1, max-image-preview:large, max-video-preview:-1\" \/>\n<link rel=\"canonical\" href=\"https:\/\/elfvaping.com\/fr\/politique-de-cookies\/\" \/>\n<meta property=\"og:locale\" content=\"fr_FR\" \/>\n<meta property=\"og:type\" content=\"article\" \/>\n<meta property=\"og:title\" content=\"Cookies Policy - Elf Vaping\" \/>\n<meta property=\"og:description\" content=\"Last updated: April 26, 2024 This Cookies Policy delineates the utilization of Cookies on our website, elfvaping.com. Familiarizing yourself with this policy will provide insight into the types of Cookies we utilize, the information garnered through Cookies, and its subsequent application. This policy has been crafted with the aid of the Cookies Policy Generator. Cookies [...]\" \/>\n<meta property=\"og:url\" content=\"https:\/\/elfvaping.com\/fr\/politique-de-cookies\/\" \/>\n<meta property=\"og:site_name\" content=\"Elf Vaping\" \/>\n<meta property=\"article:publisher\" content=\"https:\/\/www.facebook.com\/elfvaping\" \/>\n<meta property=\"article:modified_time\" content=\"2026-02-24T03:31:26+00:00\" \/>\n<meta name=\"twitter:card\" content=\"summary_large_image\" \/>\n<meta name=\"twitter:label1\" content=\"Dur\u00e9e de lecture estim\u00e9e\" \/>\n\t<meta name=\"twitter:data1\" content=\"3 minutes\" \/>\n<script type=\"application\/ld+json\" class=\"yoast-schema-graph\">{\"@context\":\"https:\\\/\\\/schema.org\",\"@graph\":[{\"@type\":\"WebPage\",\"@id\":\"https:\\\/\\\/elfvaping.com\\\/cookies-policy\\\/\",\"url\":\"https:\\\/\\\/elfvaping.com\\\/cookies-policy\\\/\",\"name\":\"Cookies Policy - Elf Vaping\",\"isPartOf\":{\"@id\":\"https:\\\/\\\/elfvaping.com\\\/cs\\\/#website\"},\"datePublished\":\"2024-06-16T02:49:40+00:00\",\"dateModified\":\"2026-02-24T03:31:26+00:00\",\"breadcrumb\":{\"@id\":\"https:\\\/\\\/elfvaping.com\\\/cookies-policy\\\/#breadcrumb\"},\"inLanguage\":\"fr-FR\",\"potentialAction\":[{\"@type\":\"ReadAction\",\"target\":[\"https:\\\/\\\/elfvaping.com\\\/cookies-policy\\\/\"]}]},{\"@type\":\"BreadcrumbList\",\"@id\":\"https:\\\/\\\/elfvaping.com\\\/cookies-policy\\\/#breadcrumb\",\"itemListElement\":[{\"@type\":\"ListItem\",\"position\":1,\"name\":\"Home\",\"item\":\"https:\\\/\\\/elfvaping.com\\\/\"},{\"@type\":\"ListItem\",\"position\":2,\"name\":\"Cookies Policy\"}]},{\"@type\":\"WebSite\",\"@id\":\"https:\\\/\\\/elfvaping.com\\\/cs\\\/#website\",\"url\":\"https:\\\/\\\/elfvaping.com\\\/cs\\\/\",\"name\":\"Elf Vaping\",\"description\":\"Best Wholesale Prices for Disposable Vapes\",\"publisher\":{\"@id\":\"https:\\\/\\\/elfvaping.com\\\/cs\\\/#organization\"},\"potentialAction\":[{\"@type\":\"SearchAction\",\"target\":{\"@type\":\"EntryPoint\",\"urlTemplate\":\"https:\\\/\\\/elfvaping.com\\\/cs\\\/?s={search_term_string}\"},\"query-input\":{\"@type\":\"PropertyValueSpecification\",\"valueRequired\":true,\"valueName\":\"search_term_string\"}}],\"inLanguage\":\"fr-FR\"},{\"@type\":\"Organization\",\"@id\":\"https:\\\/\\\/elfvaping.com\\\/cs\\\/#organization\",\"name\":\"Elf Vaping\",\"url\":\"https:\\\/\\\/elfvaping.com\\\/cs\\\/\",\"logo\":{\"@type\":\"ImageObject\",\"inLanguage\":\"fr-FR\",\"@id\":\"https:\\\/\\\/elfvaping.com\\\/cs\\\/#\\\/schema\\\/logo\\\/image\\\/\",\"url\":\"https:\\\/\\\/elfvaping.com\\\/wp-content\\\/uploads\\\/2024\\\/06\\\/elfvaping-logo.webp\",\"contentUrl\":\"https:\\\/\\\/elfvaping.com\\\/wp-content\\\/uploads\\\/2024\\\/06\\\/elfvaping-logo.webp\",\"width\":400,\"height\":111,\"caption\":\"Elf Vaping\"},\"image\":{\"@id\":\"https:\\\/\\\/elfvaping.com\\\/cs\\\/#\\\/schema\\\/logo\\\/image\\\/\"},\"sameAs\":[\"https:\\\/\\\/www.facebook.com\\\/elfvaping\",\"https:\\\/\\\/instagram.com\\\/elfvaping\\\/\"]}]}<\/script>\n<!-- \/ Yoast SEO plugin. -->","yoast_head_json":{"title":"Politique de cookies - Elf Vaping","robots":{"index":"index","follow":"follow","max-snippet":"max-snippet:-1","max-image-preview":"max-image-preview:large","max-video-preview":"max-video-preview:-1"},"canonical":"https:\/\/elfvaping.com\/fr\/politique-de-cookies\/","og_locale":"fr_FR","og_type":"article","og_title":"Cookies Policy - Elf Vaping","og_description":"Last updated: April 26, 2024 This Cookies Policy delineates the utilization of Cookies on our website, elfvaping.com. Familiarizing yourself with this policy will provide insight into the types of Cookies we utilize, the information garnered through Cookies, and its subsequent application. This policy has been crafted with the aid of the Cookies Policy Generator. Cookies [...]","og_url":"https:\/\/elfvaping.com\/fr\/politique-de-cookies\/","og_site_name":"Elf Vaping","article_publisher":"https:\/\/www.facebook.com\/elfvaping","article_modified_time":"2026-02-24T03:31:26+00:00","twitter_card":"summary_large_image","twitter_misc":{"Dur\u00e9e de lecture estim\u00e9e":"3 minutes"},"schema":{"@context":"https:\/\/schema.org","@graph":[{"@type":"WebPage","@id":"https:\/\/elfvaping.com\/cookies-policy\/","url":"https:\/\/elfvaping.com\/cookies-policy\/","name":"Politique de cookies - Elf Vaping","isPartOf":{"@id":"https:\/\/elfvaping.com\/cs\/#website"},"datePublished":"2024-06-16T02:49:40+00:00","dateModified":"2026-02-24T03:31:26+00:00","breadcrumb":{"@id":"https:\/\/elfvaping.com\/cookies-policy\/#breadcrumb"},"inLanguage":"fr-FR","potentialAction":[{"@type":"ReadAction","target":["https:\/\/elfvaping.com\/cookies-policy\/"]}]},{"@type":"BreadcrumbList","@id":"https:\/\/elfvaping.com\/cookies-policy\/#breadcrumb","itemListElement":[{"@type":"ListItem","position":1,"name":"Home","item":"https:\/\/elfvaping.com\/"},{"@type":"ListItem","position":2,"name":"Cookies Policy"}]},{"@type":"WebSite","@id":"https:\/\/elfvaping.com\/cs\/#website","url":"https:\/\/elfvaping.com\/cs\/","name":"Elf Vape","description":"Meilleurs prix de gros pour les vapes jetables","publisher":{"@id":"https:\/\/elfvaping.com\/cs\/#organization"},"potentialAction":[{"@type":"SearchAction","target":{"@type":"EntryPoint","urlTemplate":"https:\/\/elfvaping.com\/cs\/?s={search_term_string}"},"query-input":{"@type":"PropertyValueSpecification","valueRequired":true,"valueName":"search_term_string"}}],"inLanguage":"fr-FR"},{"@type":"Organization","@id":"https:\/\/elfvaping.com\/cs\/#organization","name":"Elf Vape","url":"https:\/\/elfvaping.com\/cs\/","logo":{"@type":"ImageObject","inLanguage":"fr-FR","@id":"https:\/\/elfvaping.com\/cs\/#\/schema\/logo\/image\/","url":"https:\/\/elfvaping.com\/wp-content\/uploads\/2024\/06\/elfvaping-logo.webp","contentUrl":"https:\/\/elfvaping.com\/wp-content\/uploads\/2024\/06\/elfvaping-logo.webp","width":400,"height":111,"caption":"Elf Vaping"},"image":{"@id":"https:\/\/elfvaping.com\/cs\/#\/schema\/logo\/image\/"},"sameAs":["https:\/\/www.facebook.com\/elfvaping","https:\/\/instagram.com\/elfvaping\/"]}]}},"jetpack_sharing_enabled":true,"_links":{"self":[{"href":"https:\/\/elfvaping.com\/fr\/wp-json\/wp\/v2\/pages\/585","targetHints":{"allow":["GET"]}}],"collection":[{"href":"https:\/\/elfvaping.com\/fr\/wp-json\/wp\/v2\/pages"}],"about":[{"href":"https:\/\/elfvaping.com\/fr\/wp-json\/wp\/v2\/types\/page"}],"author":[{"embeddable":true,"href":"https:\/\/elfvaping.com\/fr\/wp-json\/wp\/v2\/users\/1"}],"replies":[{"embeddable":true,"href":"https:\/\/elfvaping.com\/fr\/wp-json\/wp\/v2\/comments?post=585"}],"version-history":[{"count":0,"href":"https:\/\/elfvaping.com\/fr\/wp-json\/wp\/v2\/pages\/585\/revisions"}],"wp:attachment":[{"href":"https:\/\/elfvaping.com\/fr\/wp-json\/wp\/v2\/media?parent=585"}],"curies":[{"name":"wp","href":"https:\/\/api.w.org\/{rel}","templated":true}]}}