{"id":813,"date":"2024-06-16T02:50:34","date_gmt":"2024-06-16T02:50:34","guid":{"rendered":"https:\/\/elfvaping.com\/?page_id=813"},"modified":"2024-08-05T12:42:22","modified_gmt":"2024-08-05T12:42:22","slug":"politique-dage","status":"publish","type":"page","link":"https:\/\/elfvaping.com\/fr\/age-policy\/","title":{"rendered":"Politique d'\u00e2ge pour Elfvaping"},"content":{"rendered":"<p>Chez Elfvaping, nous adh\u00e9rons \u00e0 des proc\u00e9dures de v\u00e9rification d'\u00e2ge strictes pour garantir la conformit\u00e9 aux exigences l\u00e9gales concernant la vente de produits de cigarettes \u00e9lectroniques. Il est imp\u00e9ratif que tous les clients aient l'\u00e2ge minimum l\u00e9gal pour fumer, qui est de 21 ans aux \u00c9tats-Unis, pour effectuer des achats sur notre site Web.<\/p>\n<p>La falsification de l'\u00e2ge est ill\u00e9gale et peut entra\u00eener de graves cons\u00e9quences juridiques. Nous ne tol\u00e9rons aucune tentative de fournir de fausses informations concernant l'\u00e2ge pendant le processus d'achat.<\/p>\n<p>Nous interdisons strictement l'achat de nos produits aux mineurs. Toute personne reconnue coupable d'achat au nom de mineurs s'exposera \u00e0 des r\u00e9percussions juridiques.<\/p>\n<p>Notre processus de v\u00e9rification de l'\u00e2ge implique la collecte d'informations personnelles telles que le nom, l'adresse, la date de naissance et les quatre derniers chiffres de votre num\u00e9ro de s\u00e9curit\u00e9 sociale. Ces informations sont recoup\u00e9es avec des registres publics pour v\u00e9rifier votre \u00e2ge. Si les informations de s\u00e9curit\u00e9 sociale ne peuvent pas \u00eatre fournies, les clients doivent t\u00e9l\u00e9charger une pi\u00e8ce d'identit\u00e9 \u00e9mise par le gouvernement pour v\u00e9rification.<\/p>\n<p>Dans le cadre de notre engagement \u00e0 pr\u00e9venir les ventes \u00e0 des personnes mineures, nous nous r\u00e9servons le droit de refuser ou d'annuler les commandes si une identification appropri\u00e9e ne peut pas \u00eatre fournie rapidement.<\/p>\n<p>Nous sommes d\u00e9di\u00e9s \u00e0 la pr\u00e9vention chez les jeunes et utilisons des syst\u00e8mes robustes de v\u00e9rification de l'\u00e2ge pour respecter cet engagement. Cependant, si les clients estiment qu'un refus de service \u00e9tait injustifi\u00e9, ils sont invit\u00e9s \u00e0 contacter notre \u00e9quipe de service client pour obtenir de l'aide.<\/p>\n<p>Notre site Web affiche bien en \u00e9vidence un avertissement concernant le contenu relatif aux cigarettes \u00e9lectroniques et souligne la n\u00e9cessit\u00e9 d'avoir au moins 21 ans aux \u00c9tats-Unis pour effectuer des achats. Cela rappelle les exigences l\u00e9gales et notre engagement \u00e0 nous conformer \u00e0 celles-ci.<\/p>","protected":false},"excerpt":{"rendered":"<p>At Elfvaping, we adhere to strict age verification procedures to ensure compliance with legal requirements regarding the sale of electronic cigarette products. It is imperative that all customers meet the minimum legal smoking age, which is 21 years old in the United States, to make purchases from our website. Falsification of age is unlawful and [&#8230;]\n","protected":false},"author":1,"featured_media":0,"parent":0,"menu_order":0,"comment_status":"closed","ping_status":"closed","template":"page-blank-title-center.php","meta":{"_lmt_disableupdate":"","_lmt_disable":"","footnotes":""},"class_list":["post-813","page","type-page","status-publish","hentry"],"yoast_head":"<!-- This site is optimized with the Yoast SEO plugin v27.6 - https:\/\/yoast.com\/product\/yoast-seo-wordpress\/ -->\n<title>Elfvaping Age Policy - Elf Vaping<\/title>\n<meta name=\"robots\" content=\"index, follow, max-snippet:-1, max-image-preview:large, max-video-preview:-1\" \/>\n<link rel=\"canonical\" href=\"https:\/\/elfvaping.com\/fr\/politique-dage\/\" \/>\n<meta property=\"og:locale\" content=\"fr_FR\" \/>\n<meta property=\"og:type\" content=\"article\" \/>\n<meta property=\"og:title\" content=\"Elfvaping Age Policy - Elf Vaping\" \/>\n<meta property=\"og:description\" content=\"At Elfvaping, we adhere to strict age verification procedures to ensure compliance with legal requirements regarding the sale of electronic cigarette products. It is imperative that all customers meet the minimum legal smoking age, which is 21 years old in the United States, to make purchases from our website. Falsification of age is unlawful and [...]\" \/>\n<meta property=\"og:url\" content=\"https:\/\/elfvaping.com\/fr\/politique-dage\/\" \/>\n<meta property=\"og:site_name\" content=\"Elf Vaping\" \/>\n<meta property=\"article:publisher\" content=\"https:\/\/www.facebook.com\/elfvaping\" \/>\n<meta property=\"article:modified_time\" content=\"2024-08-05T12:42:22+00:00\" \/>\n<meta name=\"twitter:card\" content=\"summary_large_image\" \/>\n<meta name=\"twitter:label1\" content=\"Dur\u00e9e de lecture estim\u00e9e\" \/>\n\t<meta name=\"twitter:data1\" content=\"1 minute\" \/>\n<script type=\"application\/ld+json\" class=\"yoast-schema-graph\">{\"@context\":\"https:\\\/\\\/schema.org\",\"@graph\":[{\"@type\":\"WebPage\",\"@id\":\"https:\\\/\\\/elfvaping.com\\\/age-policy\\\/\",\"url\":\"https:\\\/\\\/elfvaping.com\\\/age-policy\\\/\",\"name\":\"Elfvaping Age Policy - Elf Vaping\",\"isPartOf\":{\"@id\":\"https:\\\/\\\/elfvaping.com\\\/cs\\\/#website\"},\"datePublished\":\"2024-06-16T02:50:34+00:00\",\"dateModified\":\"2024-08-05T12:42:22+00:00\",\"breadcrumb\":{\"@id\":\"https:\\\/\\\/elfvaping.com\\\/age-policy\\\/#breadcrumb\"},\"inLanguage\":\"fr-FR\",\"potentialAction\":[{\"@type\":\"ReadAction\",\"target\":[\"https:\\\/\\\/elfvaping.com\\\/age-policy\\\/\"]}]},{\"@type\":\"BreadcrumbList\",\"@id\":\"https:\\\/\\\/elfvaping.com\\\/age-policy\\\/#breadcrumb\",\"itemListElement\":[{\"@type\":\"ListItem\",\"position\":1,\"name\":\"Home\",\"item\":\"https:\\\/\\\/elfvaping.com\\\/\"},{\"@type\":\"ListItem\",\"position\":2,\"name\":\"Elfvaping Age Policy\"}]},{\"@type\":\"WebSite\",\"@id\":\"https:\\\/\\\/elfvaping.com\\\/cs\\\/#website\",\"url\":\"https:\\\/\\\/elfvaping.com\\\/cs\\\/\",\"name\":\"Elf Vaping\",\"description\":\"Best Wholesale Prices for Disposable Vapes\",\"publisher\":{\"@id\":\"https:\\\/\\\/elfvaping.com\\\/cs\\\/#organization\"},\"potentialAction\":[{\"@type\":\"SearchAction\",\"target\":{\"@type\":\"EntryPoint\",\"urlTemplate\":\"https:\\\/\\\/elfvaping.com\\\/cs\\\/?s={search_term_string}\"},\"query-input\":{\"@type\":\"PropertyValueSpecification\",\"valueRequired\":true,\"valueName\":\"search_term_string\"}}],\"inLanguage\":\"fr-FR\"},{\"@type\":\"Organization\",\"@id\":\"https:\\\/\\\/elfvaping.com\\\/cs\\\/#organization\",\"name\":\"Elf Vaping\",\"url\":\"https:\\\/\\\/elfvaping.com\\\/cs\\\/\",\"logo\":{\"@type\":\"ImageObject\",\"inLanguage\":\"fr-FR\",\"@id\":\"https:\\\/\\\/elfvaping.com\\\/cs\\\/#\\\/schema\\\/logo\\\/image\\\/\",\"url\":\"https:\\\/\\\/elfvaping.com\\\/wp-content\\\/uploads\\\/2024\\\/06\\\/elfvaping-logo.webp\",\"contentUrl\":\"https:\\\/\\\/elfvaping.com\\\/wp-content\\\/uploads\\\/2024\\\/06\\\/elfvaping-logo.webp\",\"width\":400,\"height\":111,\"caption\":\"Elf Vaping\"},\"image\":{\"@id\":\"https:\\\/\\\/elfvaping.com\\\/cs\\\/#\\\/schema\\\/logo\\\/image\\\/\"},\"sameAs\":[\"https:\\\/\\\/www.facebook.com\\\/elfvaping\",\"https:\\\/\\\/instagram.com\\\/elfvaping\\\/\"]}]}<\/script>\n<!-- \/ Yoast SEO plugin. -->","yoast_head_json":{"title":"Politique d'\u00e2ge pour la vape Elf - Elf Vaping","robots":{"index":"index","follow":"follow","max-snippet":"max-snippet:-1","max-image-preview":"max-image-preview:large","max-video-preview":"max-video-preview:-1"},"canonical":"https:\/\/elfvaping.com\/fr\/politique-dage\/","og_locale":"fr_FR","og_type":"article","og_title":"Elfvaping Age Policy - Elf Vaping","og_description":"At Elfvaping, we adhere to strict age verification procedures to ensure compliance with legal requirements regarding the sale of electronic cigarette products. It is imperative that all customers meet the minimum legal smoking age, which is 21 years old in the United States, to make purchases from our website. Falsification of age is unlawful and [...]","og_url":"https:\/\/elfvaping.com\/fr\/politique-dage\/","og_site_name":"Elf Vaping","article_publisher":"https:\/\/www.facebook.com\/elfvaping","article_modified_time":"2024-08-05T12:42:22+00:00","twitter_card":"summary_large_image","twitter_misc":{"Dur\u00e9e de lecture estim\u00e9e":"1 minute"},"schema":{"@context":"https:\/\/schema.org","@graph":[{"@type":"WebPage","@id":"https:\/\/elfvaping.com\/age-policy\/","url":"https:\/\/elfvaping.com\/age-policy\/","name":"Politique d'\u00e2ge pour la vape Elf - Elf Vaping","isPartOf":{"@id":"https:\/\/elfvaping.com\/cs\/#website"},"datePublished":"2024-06-16T02:50:34+00:00","dateModified":"2024-08-05T12:42:22+00:00","breadcrumb":{"@id":"https:\/\/elfvaping.com\/age-policy\/#breadcrumb"},"inLanguage":"fr-FR","potentialAction":[{"@type":"ReadAction","target":["https:\/\/elfvaping.com\/age-policy\/"]}]},{"@type":"BreadcrumbList","@id":"https:\/\/elfvaping.com\/age-policy\/#breadcrumb","itemListElement":[{"@type":"ListItem","position":1,"name":"Home","item":"https:\/\/elfvaping.com\/"},{"@type":"ListItem","position":2,"name":"Elfvaping Age Policy"}]},{"@type":"WebSite","@id":"https:\/\/elfvaping.com\/cs\/#website","url":"https:\/\/elfvaping.com\/cs\/","name":"Elf Vape","description":"Meilleurs prix de gros pour les vapes jetables","publisher":{"@id":"https:\/\/elfvaping.com\/cs\/#organization"},"potentialAction":[{"@type":"SearchAction","target":{"@type":"EntryPoint","urlTemplate":"https:\/\/elfvaping.com\/cs\/?s={search_term_string}"},"query-input":{"@type":"PropertyValueSpecification","valueRequired":true,"valueName":"search_term_string"}}],"inLanguage":"fr-FR"},{"@type":"Organization","@id":"https:\/\/elfvaping.com\/cs\/#organization","name":"Elf Vape","url":"https:\/\/elfvaping.com\/cs\/","logo":{"@type":"ImageObject","inLanguage":"fr-FR","@id":"https:\/\/elfvaping.com\/cs\/#\/schema\/logo\/image\/","url":"https:\/\/elfvaping.com\/wp-content\/uploads\/2024\/06\/elfvaping-logo.webp","contentUrl":"https:\/\/elfvaping.com\/wp-content\/uploads\/2024\/06\/elfvaping-logo.webp","width":400,"height":111,"caption":"Elf Vaping"},"image":{"@id":"https:\/\/elfvaping.com\/cs\/#\/schema\/logo\/image\/"},"sameAs":["https:\/\/www.facebook.com\/elfvaping","https:\/\/instagram.com\/elfvaping\/"]}]}},"jetpack_sharing_enabled":true,"_links":{"self":[{"href":"https:\/\/elfvaping.com\/fr\/wp-json\/wp\/v2\/pages\/813","targetHints":{"allow":["GET"]}}],"collection":[{"href":"https:\/\/elfvaping.com\/fr\/wp-json\/wp\/v2\/pages"}],"about":[{"href":"https:\/\/elfvaping.com\/fr\/wp-json\/wp\/v2\/types\/page"}],"author":[{"embeddable":true,"href":"https:\/\/elfvaping.com\/fr\/wp-json\/wp\/v2\/users\/1"}],"replies":[{"embeddable":true,"href":"https:\/\/elfvaping.com\/fr\/wp-json\/wp\/v2\/comments?post=813"}],"version-history":[{"count":0,"href":"https:\/\/elfvaping.com\/fr\/wp-json\/wp\/v2\/pages\/813\/revisions"}],"wp:attachment":[{"href":"https:\/\/elfvaping.com\/fr\/wp-json\/wp\/v2\/media?parent=813"}],"curies":[{"name":"wp","href":"https:\/\/api.w.org\/{rel}","templated":true}]}}