{"id":39477,"date":"2025-09-08T07:03:33","date_gmt":"2025-09-08T07:03:33","guid":{"rendered":"https:\/\/elfvaping.com\/?post_type=product&#038;p=39477"},"modified":"2026-02-15T13:12:00","modified_gmt":"2026-02-15T13:12:00","slug":"foli-36k-bouffees-ecran-faible-nicotine-vapoteuse-jetable-rechargeable-achat-en-gros-bulk-vente-en-gros","status":"publish","type":"product","link":"https:\/\/elfvaping.com\/fr\/product\/foli-36k-puffs-screen-low-nicotine-rechargeable-disposable-vapes-bulk-buy-wholesale\/","title":{"rendered":"FOLI 36K Puffs \u00c9cran Vapes Jetables Rechargeables Achat en Gros en Ligne"},"content":{"rendered":"<p data-start=\"146\" data-end=\"546\">Les FOLI 36K Puffs <a href=\"https:\/\/elfvaping.com\/fr\/categorie-de-produit\/types-de-vape-jetables\/vapes-jetables-rechargeables\/\">Vapes jetables rechargeables<\/a> sont le choix id\u00e9al pour ceux qui recherchent une satisfaction durable et des exp\u00e9riences de vapotage de haute qualit\u00e9. Avec un design \u00e9l\u00e9gant et un d\u00e9bit d'air r\u00e9glable, ces vapes sont parfaites autant pour les d\u00e9butants que pour les vapoteurs exp\u00e9riment\u00e9s. Disponibles dans une gamme d'options premium, le FOLI 36K est id\u00e9al pour ceux qui recherchent une exp\u00e9rience de vapotage haut de gamme avec un minimum de tracas.<\/p>\n<h3 data-start=\"548\" data-end=\"565\"><a href=\"https:\/\/elfvaping.com\/fr\/categorie-de-produit\/vapes-jetables-foli\/\">FOLI<\/a> 36K Puffs Caract\u00e9ristiques cl\u00e9s :<\/h3>\n<ul data-start=\"566\" data-end=\"1281\">\n<li data-start=\"566\" data-end=\"646\">\n<p data-start=\"568\" data-end=\"646\"><strong>Dimensions du produit<\/strong>: 32 mm x 126 mm \u2013 Compact et portable pour une utilisation en d\u00e9placement.<\/p>\n<\/li>\n<li data-start=\"647\" data-end=\"716\">\n<p data-start=\"649\" data-end=\"716\"><strong>Intensit\u00e9 du vapotage<\/strong>: 3% Force pour un coup lisse et r\u00e9gulier.<\/p>\n<\/li>\n<li data-start=\"717\" data-end=\"811\">\n<p data-start=\"719\" data-end=\"811\"><strong>Puffs<\/strong>: 36 000 bouff\u00e9es par appareil \u2013 Con\u00e7u pour durer plus longtemps que les vapes jetables standards.<\/p>\n<\/li>\n<li data-start=\"812\" data-end=\"893\">\n<p data-start=\"814\" data-end=\"893\"><strong>Capacit\u00e9<\/strong>: Capacit\u00e9 totale de 36 ml, garantissant une exp\u00e9rience de vapotage constante dans le temps.<\/p>\n<\/li>\n<li data-start=\"894\" data-end=\"1001\">\n<p data-start=\"896\" data-end=\"1001\"><strong>Rechargeable<\/strong>\u00c9quip\u00e9 d'une batterie rechargeable de 650mAh - pas besoin de remplacer constamment l'appareil.<\/p>\n<\/li>\n<li data-start=\"1002\" data-end=\"1075\">\n<p data-start=\"1004\" data-end=\"1075\"><strong>Bobine maill\u00e9e<\/strong>: Bobine mesh 1,0 \u03a9 pour des performances am\u00e9lior\u00e9es et une production de vapeur.<\/p>\n<\/li>\n<li data-start=\"1076\" data-end=\"1159\">\n<p data-start=\"1078\" data-end=\"1159\"><strong>D\u00e9bit d'air r\u00e9glable<\/strong>Personnalisez votre exp\u00e9rience de vapotage pour une aspiration personnalis\u00e9e.<\/p>\n<\/li>\n<li data-start=\"1160\" data-end=\"1225\">\n<p data-start=\"1162\" data-end=\"1225\"><strong>Port de type C<\/strong>Rechargement rapide et efficace pour plus de commodit\u00e9.<\/p>\n<\/li>\n<li data-start=\"1226\" data-end=\"1281\">\n<p data-start=\"1228\" data-end=\"1281\"><strong>Poids net<\/strong>: 120g \u2013 L\u00e9ger et facile \u00e0 transporter.<\/p>\n<\/li>\n<\/ul>\n<h3 data-start=\"1283\" data-end=\"1299\">S\u00e9lections d'options :<\/h3>\n<ol data-start=\"1300\" data-end=\"1524\">\n<li>Glace au taro<\/li>\n<li>Glace de past\u00e8que<\/li>\n<li>Myrtilles<\/li>\n<li>Ourson gommeux<\/li>\n<li>Glace de litchi<\/li>\n<li>Pomme Aloe<\/li>\n<li>Amour 666<\/li>\n<li>Red Bull Glace<\/li>\n<li>Glace au raisin<\/li>\n<li>Sucette glac\u00e9e<\/li>\n<li>Le Magicien d'Oz<\/li>\n<li>Double Menthe<\/li>\n<li>Aloe de raisin<\/li>\n<li>Glace \u00e0 la fraise<\/li>\n<li>Cola glac\u00e9<\/li>\n<\/ol>\n<h3 data-start=\"1526\" data-end=\"1562\">Pourquoi choisir les vapes FOLI 36K Puffs ?<\/h3>\n<ul data-start=\"1563\" data-end=\"2071\">\n<li data-start=\"1563\" data-end=\"1695\">\n<p data-start=\"1565\" data-end=\"1695\"><strong>Joie durable<\/strong>Avec 36 000 bouff\u00e9es, vous pouvez profiter de votre vape pendant une p\u00e9riode prolong\u00e9e sans avoir besoin de remplacements fr\u00e9quents.<\/p>\n<\/li>\n<li data-start=\"1696\" data-end=\"1815\">\n<p data-start=\"1698\" data-end=\"1815\"><strong>Design \u00e9l\u00e9gant et pratique<\/strong>: Taille compacte, rechargeable et design convivial qui rentre facilement dans votre poche.<\/p>\n<\/li>\n<li data-start=\"1816\" data-end=\"1954\">\n<p data-start=\"1818\" data-end=\"1954\"><strong>Large \u00e9ventail de choix<\/strong>Choisissez parmi 15 options incroyables qui offrent tout, des choix fruit\u00e9s aux choix menthol\u00e9s et m\u00eame inspir\u00e9s des desserts.<\/p>\n<\/li>\n<li data-start=\"1955\" data-end=\"2071\">\n<p data-start=\"1957\" data-end=\"2071\"><strong>Qualit\u00e9 sup\u00e9rieure<\/strong>La bobine en maille assure une vapeur lisse et constante \u00e0 chaque bouff\u00e9e, offrant une exp\u00e9rience riche et compl\u00e8te.<\/p>\n<\/li>\n<\/ul>\n<p data-start=\"2073\" data-end=\"2405\"><strong>Achetez en toute confiance<\/strong>Elfvaping propose ces vapes jetables rechargeables FOLI 36K Puffs originales \u00e0 l'achat en gros \u00e0 des prix comp\u00e9titifs. En tant que plateforme de gros en ligne leader pour les vapes jetables en Europe, nous garantissons des produits de haute qualit\u00e9 et un excellent service client. Achetez maintenant pour profiter d'\u00e9conomies en gros et d'une livraison rapide !<\/p>\n<p data-start=\"2073\" data-end=\"2405\">","protected":false},"excerpt":{"rendered":"<p>Le FOLI 36K Puffs jetable rechargeable offre un nombre impressionnant de 36 000 bouff\u00e9es avec une capacit\u00e9 de 36 ml, le rendant parfait pour une utilisation prolong\u00e9e. \u00c9quip\u00e9 d'une batterie rechargeable de 650 mAh, d'un d\u00e9bit d'air r\u00e9glable et d'une bobine en maille de 1,0 \u03a9, il d\u00e9livre une vapeur lisse et une exp\u00e9rience constante sur tous les r\u00e9glages. Disponible en 15 options premium, telles que Taro Ice Cream, Watermelon Ice et Blueberry, le FOLI vape est id\u00e9al pour les d\u00e9butants comme pour les vapoteurs exp\u00e9riment\u00e9s. Achetez en gros sur Elfvaping, votre plateforme europ\u00e9enne de gros de confiance pour les vapes jetables.<\/p>","protected":false},"featured_media":39482,"comment_status":"open","ping_status":"closed","template":"","meta":{"_lmt_disableupdate":"no","_lmt_disable":"","jetpack_post_was_ever_published":false},"product_brand":[],"product_cat":[216,83,62,80,71,68,77,73,74,64,63,75,78,65,67,72,76,79,66,70,69,226,95,85,89,168],"product_tag":[],"class_list":{"0":"post-39477","1":"product","2":"type-product","3":"status-publish","4":"has-post-thumbnail","6":"product_cat-36000-puff-vapes","7":"product_cat-big-puffs-disposable-vapes","8":"product_cat-disposable-vape-supplier-to-all-eu-countries","9":"product_cat-disposable-vape-types","10":"product_cat-disposable-vape-wholesale-austria","11":"product_cat-disposable-vape-wholesale-belgium","12":"product_cat-disposable-vape-wholesale-czech-republic","13":"product_cat-disposable-vape-wholesale-denmark","14":"product_cat-disposable-vape-wholesale-finland","15":"product_cat-disposable-vape-wholesale-france","16":"product_cat-disposable-vape-wholesale-germany","17":"product_cat-disposable-vape-wholesale-greece","18":"product_cat-disposable-vape-wholesale-hungary","19":"product_cat-disposable-vape-wholesale-italy","20":"product_cat-disposable-vape-wholesale-netherlands","21":"product_cat-disposable-vape-wholesale-norway","22":"product_cat-disposable-vape-wholesale-portugal","23":"product_cat-disposable-vape-wholesale-romania","24":"product_cat-disposable-vape-wholesale-spain","25":"product_cat-disposable-vape-wholesale-sweden","26":"product_cat-disposable-vape-wholesale-switzerland","27":"product_cat-foli-disposable-vapes","28":"product_cat-how-many-puffs","29":"product_cat-lower-nicotine-disposable-vapes","30":"product_cat-rechargeable-disposable-vapes","31":"product_cat-shop-best-disposable-vape-flavors","33":"first","34":"instock","35":"shipping-taxable","36":"purchasable","37":"product-type-variable","38":"has-default-attributes"},"yoast_head":"<!-- This site is optimized with the Yoast SEO plugin v27.4 - https:\/\/yoast.com\/product\/yoast-seo-wordpress\/ -->\n<title>FOLI 36K Puffs Screen Rechargeable Disposable Vapes Bulk Buy Wholesale - Elf Vaping<\/title>\n<meta name=\"robots\" content=\"index, follow, max-snippet:-1, max-image-preview:large, max-video-preview:-1\" \/>\n<link rel=\"canonical\" href=\"https:\/\/elfvaping.com\/fr\/produit\/foli-36k-bouffees-ecran-faible-nicotine-vapoteuse-jetable-rechargeable-achat-en-gros-bulk-vente-en-gros\/\" \/>\n<meta property=\"og:locale\" content=\"fr_FR\" \/>\n<meta property=\"og:type\" content=\"article\" \/>\n<meta property=\"og:title\" content=\"FOLI 36K Puffs Screen Rechargeable Disposable Vapes Bulk Buy Wholesale - Elf Vaping\" \/>\n<meta property=\"og:description\" content=\"The FOLI 36K Puffs rechargeable disposable vape provides an impressive 36,000 puffs with a 36ml capacity, making it perfect for extended use. Equipped with a 650mAh rechargeable battery, adjustable airflow, and a 1.0\u03a9 mesh coil, it delivers smooth vapor and a consistent experience across all selections. Available in 15 premium options, such as Taro Ice Cream, Watermelon Ice, and Blueberry, the FOLI vape is ideal for both beginners and experienced vapers. Buy in bulk at Elfvaping, your trusted European wholesale platform for disposable vapes.\" \/>\n<meta property=\"og:url\" content=\"https:\/\/elfvaping.com\/fr\/produit\/foli-36k-bouffees-ecran-faible-nicotine-vapoteuse-jetable-rechargeable-achat-en-gros-bulk-vente-en-gros\/\" \/>\n<meta property=\"og:site_name\" content=\"Elf Vaping\" \/>\n<meta property=\"article:publisher\" content=\"https:\/\/www.facebook.com\/elfvaping\" \/>\n<meta property=\"article:modified_time\" content=\"2026-02-15T13:12:00+00:00\" \/>\n<meta property=\"og:image\" content=\"https:\/\/elfvaping.com\/wp-content\/uploads\/2025\/09\/FOLI-36K-Puffs-Screen-Low-Nicotine-Rechargeable-Disposable-Vapes-Bulk-Buy-Wholesale-5.webp\" \/>\n\t<meta property=\"og:image:width\" content=\"1600\" \/>\n\t<meta property=\"og:image:height\" content=\"1600\" \/>\n\t<meta property=\"og:image:type\" content=\"image\/webp\" \/>\n<meta name=\"twitter:card\" content=\"summary_large_image\" \/>\n<meta name=\"twitter:label1\" content=\"Dur\u00e9e de lecture estim\u00e9e\" \/>\n\t<meta name=\"twitter:data1\" content=\"2 minutes\" \/>\n<script type=\"application\/ld+json\" class=\"yoast-schema-graph\">{\"@context\":\"https:\\\/\\\/schema.org\",\"@graph\":[{\"@type\":\"WebPage\",\"@id\":\"https:\\\/\\\/elfvaping.com\\\/product\\\/foli-36k-puffs-screen-low-nicotine-rechargeable-disposable-vapes-bulk-buy-wholesale\\\/\",\"url\":\"https:\\\/\\\/elfvaping.com\\\/product\\\/foli-36k-puffs-screen-low-nicotine-rechargeable-disposable-vapes-bulk-buy-wholesale\\\/\",\"name\":\"FOLI 36K Puffs Screen Rechargeable Disposable Vapes Bulk Buy Wholesale - Elf Vaping\",\"isPartOf\":{\"@id\":\"https:\\\/\\\/elfvaping.com\\\/cs\\\/#website\"},\"primaryImageOfPage\":{\"@id\":\"https:\\\/\\\/elfvaping.com\\\/product\\\/foli-36k-puffs-screen-low-nicotine-rechargeable-disposable-vapes-bulk-buy-wholesale\\\/#primaryimage\"},\"image\":{\"@id\":\"https:\\\/\\\/elfvaping.com\\\/product\\\/foli-36k-puffs-screen-low-nicotine-rechargeable-disposable-vapes-bulk-buy-wholesale\\\/#primaryimage\"},\"thumbnailUrl\":\"https:\\\/\\\/elfvaping.com\\\/wp-content\\\/uploads\\\/2025\\\/09\\\/FOLI-36K-Puffs-Screen-Low-Nicotine-Rechargeable-Disposable-Vapes-Bulk-Buy-Wholesale-5.webp\",\"datePublished\":\"2025-09-08T07:03:33+00:00\",\"dateModified\":\"2026-02-15T13:12:00+00:00\",\"breadcrumb\":{\"@id\":\"https:\\\/\\\/elfvaping.com\\\/product\\\/foli-36k-puffs-screen-low-nicotine-rechargeable-disposable-vapes-bulk-buy-wholesale\\\/#breadcrumb\"},\"inLanguage\":\"fr-FR\",\"potentialAction\":[{\"@type\":\"ReadAction\",\"target\":[\"https:\\\/\\\/elfvaping.com\\\/product\\\/foli-36k-puffs-screen-low-nicotine-rechargeable-disposable-vapes-bulk-buy-wholesale\\\/\"]}]},{\"@type\":\"ImageObject\",\"inLanguage\":\"fr-FR\",\"@id\":\"https:\\\/\\\/elfvaping.com\\\/product\\\/foli-36k-puffs-screen-low-nicotine-rechargeable-disposable-vapes-bulk-buy-wholesale\\\/#primaryimage\",\"url\":\"https:\\\/\\\/elfvaping.com\\\/wp-content\\\/uploads\\\/2025\\\/09\\\/FOLI-36K-Puffs-Screen-Low-Nicotine-Rechargeable-Disposable-Vapes-Bulk-Buy-Wholesale-5.webp\",\"contentUrl\":\"https:\\\/\\\/elfvaping.com\\\/wp-content\\\/uploads\\\/2025\\\/09\\\/FOLI-36K-Puffs-Screen-Low-Nicotine-Rechargeable-Disposable-Vapes-Bulk-Buy-Wholesale-5.webp\",\"width\":1600,\"height\":1600},{\"@type\":\"BreadcrumbList\",\"@id\":\"https:\\\/\\\/elfvaping.com\\\/product\\\/foli-36k-puffs-screen-low-nicotine-rechargeable-disposable-vapes-bulk-buy-wholesale\\\/#breadcrumb\",\"itemListElement\":[{\"@type\":\"ListItem\",\"position\":1,\"name\":\"Home\",\"item\":\"https:\\\/\\\/elfvaping.com\\\/\"},{\"@type\":\"ListItem\",\"position\":2,\"name\":\"Shop\",\"item\":\"https:\\\/\\\/elfvaping.com\\\/shop\\\/\"},{\"@type\":\"ListItem\",\"position\":3,\"name\":\"FOLI 36K Puffs Screen Rechargeable Disposable Vapes Bulk Buy Wholesale\"}]},{\"@type\":\"WebSite\",\"@id\":\"https:\\\/\\\/elfvaping.com\\\/cs\\\/#website\",\"url\":\"https:\\\/\\\/elfvaping.com\\\/cs\\\/\",\"name\":\"Elf Vaping\",\"description\":\"Best Wholesale Prices for Disposable Vapes\",\"publisher\":{\"@id\":\"https:\\\/\\\/elfvaping.com\\\/cs\\\/#organization\"},\"potentialAction\":[{\"@type\":\"SearchAction\",\"target\":{\"@type\":\"EntryPoint\",\"urlTemplate\":\"https:\\\/\\\/elfvaping.com\\\/cs\\\/?s={search_term_string}\"},\"query-input\":{\"@type\":\"PropertyValueSpecification\",\"valueRequired\":true,\"valueName\":\"search_term_string\"}}],\"inLanguage\":\"fr-FR\"},{\"@type\":\"Organization\",\"@id\":\"https:\\\/\\\/elfvaping.com\\\/cs\\\/#organization\",\"name\":\"Elf Vaping\",\"url\":\"https:\\\/\\\/elfvaping.com\\\/cs\\\/\",\"logo\":{\"@type\":\"ImageObject\",\"inLanguage\":\"fr-FR\",\"@id\":\"https:\\\/\\\/elfvaping.com\\\/cs\\\/#\\\/schema\\\/logo\\\/image\\\/\",\"url\":\"https:\\\/\\\/elfvaping.com\\\/wp-content\\\/uploads\\\/2024\\\/06\\\/elfvaping-logo.webp\",\"contentUrl\":\"https:\\\/\\\/elfvaping.com\\\/wp-content\\\/uploads\\\/2024\\\/06\\\/elfvaping-logo.webp\",\"width\":400,\"height\":111,\"caption\":\"Elf Vaping\"},\"image\":{\"@id\":\"https:\\\/\\\/elfvaping.com\\\/cs\\\/#\\\/schema\\\/logo\\\/image\\\/\"},\"sameAs\":[\"https:\\\/\\\/www.facebook.com\\\/elfvaping\",\"https:\\\/\\\/instagram.com\\\/elfvaping\\\/\"]}]}<\/script>\n<!-- \/ Yoast SEO plugin. -->","yoast_head_json":{"title":"FOLI 36K Puffs \u00c9cran Vapes Jetables Rechargeables en Gros Achat en Gros - Elf Vaping","robots":{"index":"index","follow":"follow","max-snippet":"max-snippet:-1","max-image-preview":"max-image-preview:large","max-video-preview":"max-video-preview:-1"},"canonical":"https:\/\/elfvaping.com\/fr\/produit\/foli-36k-bouffees-ecran-faible-nicotine-vapoteuse-jetable-rechargeable-achat-en-gros-bulk-vente-en-gros\/","og_locale":"fr_FR","og_type":"article","og_title":"FOLI 36K Puffs Screen Rechargeable Disposable Vapes Bulk Buy Wholesale - Elf Vaping","og_description":"The FOLI 36K Puffs rechargeable disposable vape provides an impressive 36,000 puffs with a 36ml capacity, making it perfect for extended use. Equipped with a 650mAh rechargeable battery, adjustable airflow, and a 1.0\u03a9 mesh coil, it delivers smooth vapor and a consistent experience across all selections. Available in 15 premium options, such as Taro Ice Cream, Watermelon Ice, and Blueberry, the FOLI vape is ideal for both beginners and experienced vapers. Buy in bulk at Elfvaping, your trusted European wholesale platform for disposable vapes.","og_url":"https:\/\/elfvaping.com\/fr\/produit\/foli-36k-bouffees-ecran-faible-nicotine-vapoteuse-jetable-rechargeable-achat-en-gros-bulk-vente-en-gros\/","og_site_name":"Elf Vaping","article_publisher":"https:\/\/www.facebook.com\/elfvaping","article_modified_time":"2026-02-15T13:12:00+00:00","og_image":[{"width":1600,"height":1600,"url":"https:\/\/elfvaping.com\/wp-content\/uploads\/2025\/09\/FOLI-36K-Puffs-Screen-Low-Nicotine-Rechargeable-Disposable-Vapes-Bulk-Buy-Wholesale-5.webp","type":"image\/webp"}],"twitter_card":"summary_large_image","twitter_misc":{"Dur\u00e9e de lecture estim\u00e9e":"2 minutes"},"schema":{"@context":"https:\/\/schema.org","@graph":[{"@type":"WebPage","@id":"https:\/\/elfvaping.com\/product\/foli-36k-puffs-screen-low-nicotine-rechargeable-disposable-vapes-bulk-buy-wholesale\/","url":"https:\/\/elfvaping.com\/product\/foli-36k-puffs-screen-low-nicotine-rechargeable-disposable-vapes-bulk-buy-wholesale\/","name":"FOLI 36K Puffs \u00c9cran Vapes Jetables Rechargeables en Gros Achat en Gros - Elf Vaping","isPartOf":{"@id":"https:\/\/elfvaping.com\/cs\/#website"},"primaryImageOfPage":{"@id":"https:\/\/elfvaping.com\/product\/foli-36k-puffs-screen-low-nicotine-rechargeable-disposable-vapes-bulk-buy-wholesale\/#primaryimage"},"image":{"@id":"https:\/\/elfvaping.com\/product\/foli-36k-puffs-screen-low-nicotine-rechargeable-disposable-vapes-bulk-buy-wholesale\/#primaryimage"},"thumbnailUrl":"https:\/\/elfvaping.com\/wp-content\/uploads\/2025\/09\/FOLI-36K-Puffs-Screen-Low-Nicotine-Rechargeable-Disposable-Vapes-Bulk-Buy-Wholesale-5.webp","datePublished":"2025-09-08T07:03:33+00:00","dateModified":"2026-02-15T13:12:00+00:00","breadcrumb":{"@id":"https:\/\/elfvaping.com\/product\/foli-36k-puffs-screen-low-nicotine-rechargeable-disposable-vapes-bulk-buy-wholesale\/#breadcrumb"},"inLanguage":"fr-FR","potentialAction":[{"@type":"ReadAction","target":["https:\/\/elfvaping.com\/product\/foli-36k-puffs-screen-low-nicotine-rechargeable-disposable-vapes-bulk-buy-wholesale\/"]}]},{"@type":"ImageObject","inLanguage":"fr-FR","@id":"https:\/\/elfvaping.com\/product\/foli-36k-puffs-screen-low-nicotine-rechargeable-disposable-vapes-bulk-buy-wholesale\/#primaryimage","url":"https:\/\/elfvaping.com\/wp-content\/uploads\/2025\/09\/FOLI-36K-Puffs-Screen-Low-Nicotine-Rechargeable-Disposable-Vapes-Bulk-Buy-Wholesale-5.webp","contentUrl":"https:\/\/elfvaping.com\/wp-content\/uploads\/2025\/09\/FOLI-36K-Puffs-Screen-Low-Nicotine-Rechargeable-Disposable-Vapes-Bulk-Buy-Wholesale-5.webp","width":1600,"height":1600},{"@type":"BreadcrumbList","@id":"https:\/\/elfvaping.com\/product\/foli-36k-puffs-screen-low-nicotine-rechargeable-disposable-vapes-bulk-buy-wholesale\/#breadcrumb","itemListElement":[{"@type":"ListItem","position":1,"name":"Home","item":"https:\/\/elfvaping.com\/"},{"@type":"ListItem","position":2,"name":"Shop","item":"https:\/\/elfvaping.com\/shop\/"},{"@type":"ListItem","position":3,"name":"FOLI 36K Puffs Screen Rechargeable Disposable Vapes Bulk Buy Wholesale"}]},{"@type":"WebSite","@id":"https:\/\/elfvaping.com\/cs\/#website","url":"https:\/\/elfvaping.com\/cs\/","name":"Elf Vape","description":"Meilleurs prix de gros pour les vapes jetables","publisher":{"@id":"https:\/\/elfvaping.com\/cs\/#organization"},"potentialAction":[{"@type":"SearchAction","target":{"@type":"EntryPoint","urlTemplate":"https:\/\/elfvaping.com\/cs\/?s={search_term_string}"},"query-input":{"@type":"PropertyValueSpecification","valueRequired":true,"valueName":"search_term_string"}}],"inLanguage":"fr-FR"},{"@type":"Organization","@id":"https:\/\/elfvaping.com\/cs\/#organization","name":"Elf Vape","url":"https:\/\/elfvaping.com\/cs\/","logo":{"@type":"ImageObject","inLanguage":"fr-FR","@id":"https:\/\/elfvaping.com\/cs\/#\/schema\/logo\/image\/","url":"https:\/\/elfvaping.com\/wp-content\/uploads\/2024\/06\/elfvaping-logo.webp","contentUrl":"https:\/\/elfvaping.com\/wp-content\/uploads\/2024\/06\/elfvaping-logo.webp","width":400,"height":111,"caption":"Elf Vaping"},"image":{"@id":"https:\/\/elfvaping.com\/cs\/#\/schema\/logo\/image\/"},"sameAs":["https:\/\/www.facebook.com\/elfvaping","https:\/\/instagram.com\/elfvaping\/"]}]}},"jetpack_sharing_enabled":true,"tiered_pricing_type":"fixed","tiered_pricing_fixed_rules":[],"tiered_pricing_product_settings":{"layout":"default","base_unit_name":{"singular":null,"plural":null},"default_variation":null},"tiered_pricing_minimum_quantity":null,"tiered_pricing_roles_data":[],"tiered_pricing_percentage_rules":[],"tiered_pricing_maximum_quantity":null,"tiered_pricing_quantity_step":null,"_links":{"self":[{"href":"https:\/\/elfvaping.com\/fr\/wp-json\/wp\/v2\/product\/39477","targetHints":{"allow":["GET"]}}],"collection":[{"href":"https:\/\/elfvaping.com\/fr\/wp-json\/wp\/v2\/product"}],"about":[{"href":"https:\/\/elfvaping.com\/fr\/wp-json\/wp\/v2\/types\/product"}],"replies":[{"embeddable":true,"href":"https:\/\/elfvaping.com\/fr\/wp-json\/wp\/v2\/comments?post=39477"}],"wp:featuredmedia":[{"embeddable":true,"href":"https:\/\/elfvaping.com\/fr\/wp-json\/wp\/v2\/media\/39482"}],"wp:attachment":[{"href":"https:\/\/elfvaping.com\/fr\/wp-json\/wp\/v2\/media?parent=39477"}],"wp:term":[{"taxonomy":"product_brand","embeddable":true,"href":"https:\/\/elfvaping.com\/fr\/wp-json\/wp\/v2\/product_brand?post=39477"},{"taxonomy":"product_cat","embeddable":true,"href":"https:\/\/elfvaping.com\/fr\/wp-json\/wp\/v2\/product_cat?post=39477"},{"taxonomy":"product_tag","embeddable":true,"href":"https:\/\/elfvaping.com\/fr\/wp-json\/wp\/v2\/product_tag?post=39477"}],"curies":[{"name":"wp","href":"https:\/\/api.w.org\/{rel}","templated":true}]}}