{"id":1214,"date":"2024-06-16T02:52:14","date_gmt":"2024-06-16T02:52:14","guid":{"rendered":"https:\/\/elfvaping.com\/?page_id=1214"},"modified":"2024-08-05T12:41:36","modified_gmt":"2024-08-05T12:41:36","slug":"szallitasi-szabalyzat","status":"publish","type":"page","link":"https:\/\/elfvaping.com\/hu\/shipping-policy\/","title":{"rendered":"Sz\u00e1ll\u00edt\u00e1si Politika"},"content":{"rendered":"<p dir=\"auto\">\u00dcdv\u00f6z\u00f6lj\u00fck az elfvaping.com-on, a megb\u00edzhat\u00f3 forr\u00e1s a eldobhat\u00f3 vape term\u00e9kekhez. Sz\u00e1ll\u00edt\u00e1si Politik\u00e1nk biztos\u00edtja a z\u00f6kken\u0151mentes \u00e9s hat\u00e9kony sz\u00e1ll\u00edt\u00e1si folyamatot a rendel\u00e9seidhez.<\/p>\r\n<p dir=\"auto\"><strong>Megrendel\u00e9s feldolgoz\u00e1sa:<\/strong><br \/>Minden rendel\u00e9st 1-2 munkanapon bel\u00fcl feldolgozunk a gyors kisz\u00e1ll\u00edt\u00e1s \u00e9rdek\u00e9ben.<\/p>\r\n<p dir=\"auto\"><strong>K\u00f6vet\u00e9si inform\u00e1ci\u00f3k:<\/strong><br \/>Minden rendel\u00e9shez tartozik egy nyomonk\u00f6vet\u00e9si sz\u00e1m, amelyet a rendel\u00e9s felad\u00e1sa ut\u00e1n e-mailben k\u00fcld\u00fcnk el \u00d6nnek.<\/p>\r\n<p dir=\"auto\"><strong>K\u00f6vetheti a rendel\u00e9s\u00e9t:<\/strong><br \/>K\u00f6nnyed\u00e9n nyomon k\u00f6vetheti rendel\u00e9s\u00e9t, ha bel\u00e9p a fi\u00f3kj\u00e1ba, vagy ell\u00e1togat a rendel\u00e9sk\u00f6vet\u0151 oldalunkra:\u00a0<a href=\"https:\/\/elfvaping.com\/hu\/megrendelesek-nyomon-kovetese\/\" target=\"_blank\" rel=\"noopener\">https:\/\/elfvaping.com\/orders-tracking<\/a>.<\/p>\r\n<p dir=\"auto\"><strong>Vissza a Felad\u00f3nak<\/strong><br \/>Az ElfVapinghoz visszasz\u00e1ll\u00edtott csomagok olyan okok miatt, mint a v\u00e1s\u00e1rl\u00f3 \u00e1ltal megadott rossz c\u00edm, a k\u00e9zbes\u00edt\u00e9s visszautas\u00edt\u00e1sa vagy a post\u00e1n fel nem vett csomagok, visszak\u00fcld\u00e9si d\u00edjat vonnak maguk ut\u00e1n. Azok a v\u00e1s\u00e1rl\u00f3k, akik \u00fajra k\u00e9zbes\u00edt\u00e9st k\u00e9rnek, felelnek az \u00fajb\u00f3li postak\u00f6lts\u00e9g\u00e9rt.<\/p>\r\n<p dir=\"auto\"><strong>Sz\u00e1ll\u00edt\u00e1si k\u00e9s\u00e9sek:<\/strong><br \/>Ritka esetekben a sz\u00e1ll\u00edt\u00e1sok k\u00e9s\u00e9seket tapasztalhatnak el\u0151re nem l\u00e1tott k\u00f6r\u00fclm\u00e9nyek miatt. Ha agg\u00e1lyai vannak a csomagj\u00e1val kapcsolatban, k\u00e9rj\u00fck, tekintse meg weboldalunkon tal\u00e1lhat\u00f3 inform\u00e1ci\u00f3kat, vagy haszn\u00e1lja a mell\u00e9kelt nyomk\u00f6vet\u00e9si m\u00f3dszereket. Ha b\u00e1rmilyen probl\u00e9m\u00e1t tapasztal a rendel\u00e9s\u00e9vel kapcsolatban, b\u00e1tran forduljon hozz\u00e1nk.<\/p>\r\n<p dir=\"auto\">K\u00f6sz\u00f6nj\u00fck, hogy az elfvaping.com-ot v\u00e1lasztotta eldobhat\u00f3 vape term\u00e9keire. Elk\u00f6telezettek vagyunk amellett, hogy megb\u00edzhat\u00f3 \u00e9s hat\u00e9kony sz\u00e1ll\u00edt\u00e1si \u00e9lm\u00e9nyt ny\u00fajtsunk \u00e9rt\u00e9kes \u00fcgyfeleinknek. Ha b\u00e1rmilyen k\u00e9rd\u00e9se van vagy seg\u00edts\u00e9gre van sz\u00fcks\u00e9ge, b\u00e1tran forduljon \u00fcgyf\u00e9lszolg\u00e1lati csapatunkhoz.<\/p>","protected":false},"excerpt":{"rendered":"<p>Welcome to elfvaping.com, your trusted destination for disposable vape products. Our Shipping Policy ensures a smooth and efficient delivery process for your orders. Order Processing:All orders are processed within 1-2 business days to expedite shipment. Tracking Information:Every order includes a tracking number, which will be emailed to you once the order is dispatched. Track Your [&#8230;]\n","protected":false},"author":1,"featured_media":0,"parent":0,"menu_order":0,"comment_status":"closed","ping_status":"closed","template":"page-blank-title-center.php","meta":{"_lmt_disableupdate":"","_lmt_disable":"","footnotes":""},"class_list":["post-1214","page","type-page","status-publish","hentry"],"yoast_head":"<!-- This site is optimized with the Yoast SEO plugin v27.5 - https:\/\/yoast.com\/product\/yoast-seo-wordpress\/ -->\n<title>Shipping Policy - Elf Vaping<\/title>\n<meta name=\"robots\" content=\"index, follow, max-snippet:-1, max-image-preview:large, max-video-preview:-1\" \/>\n<link rel=\"canonical\" href=\"https:\/\/elfvaping.com\/hu\/szallitasi-szabalyzat\/\" \/>\n<meta property=\"og:locale\" content=\"hu_HU\" \/>\n<meta property=\"og:type\" content=\"article\" \/>\n<meta property=\"og:title\" content=\"Shipping Policy - Elf Vaping\" \/>\n<meta property=\"og:description\" content=\"Welcome to elfvaping.com, your trusted destination for disposable vape products. Our Shipping Policy ensures a smooth and efficient delivery process for your orders. Order Processing:All orders are processed within 1-2 business days to expedite shipment. Tracking Information:Every order includes a tracking number, which will be emailed to you once the order is dispatched. Track Your [...]\" \/>\n<meta property=\"og:url\" content=\"https:\/\/elfvaping.com\/hu\/szallitasi-szabalyzat\/\" \/>\n<meta property=\"og:site_name\" content=\"Elf Vaping\" \/>\n<meta property=\"article:publisher\" content=\"https:\/\/www.facebook.com\/elfvaping\" \/>\n<meta property=\"article:modified_time\" content=\"2024-08-05T12:41:36+00:00\" \/>\n<meta name=\"twitter:card\" content=\"summary_large_image\" \/>\n<meta name=\"twitter:label1\" content=\"Becs\u00fclt olvas\u00e1si id\u0151\" \/>\n\t<meta name=\"twitter:data1\" content=\"1 perc\" \/>\n<script type=\"application\/ld+json\" class=\"yoast-schema-graph\">{\"@context\":\"https:\\\/\\\/schema.org\",\"@graph\":[{\"@type\":\"WebPage\",\"@id\":\"https:\\\/\\\/elfvaping.com\\\/shipping-policy\\\/\",\"url\":\"https:\\\/\\\/elfvaping.com\\\/shipping-policy\\\/\",\"name\":\"Shipping Policy - Elf Vaping\",\"isPartOf\":{\"@id\":\"https:\\\/\\\/elfvaping.com\\\/cs\\\/#website\"},\"datePublished\":\"2024-06-16T02:52:14+00:00\",\"dateModified\":\"2024-08-05T12:41:36+00:00\",\"breadcrumb\":{\"@id\":\"https:\\\/\\\/elfvaping.com\\\/shipping-policy\\\/#breadcrumb\"},\"inLanguage\":\"hu\",\"potentialAction\":[{\"@type\":\"ReadAction\",\"target\":[\"https:\\\/\\\/elfvaping.com\\\/shipping-policy\\\/\"]}]},{\"@type\":\"BreadcrumbList\",\"@id\":\"https:\\\/\\\/elfvaping.com\\\/shipping-policy\\\/#breadcrumb\",\"itemListElement\":[{\"@type\":\"ListItem\",\"position\":1,\"name\":\"Home\",\"item\":\"https:\\\/\\\/elfvaping.com\\\/\"},{\"@type\":\"ListItem\",\"position\":2,\"name\":\"Shipping Policy\"}]},{\"@type\":\"WebSite\",\"@id\":\"https:\\\/\\\/elfvaping.com\\\/cs\\\/#website\",\"url\":\"https:\\\/\\\/elfvaping.com\\\/cs\\\/\",\"name\":\"Elf Vaping\",\"description\":\"Best Wholesale Prices for Disposable Vapes\",\"publisher\":{\"@id\":\"https:\\\/\\\/elfvaping.com\\\/cs\\\/#organization\"},\"potentialAction\":[{\"@type\":\"SearchAction\",\"target\":{\"@type\":\"EntryPoint\",\"urlTemplate\":\"https:\\\/\\\/elfvaping.com\\\/cs\\\/?s={search_term_string}\"},\"query-input\":{\"@type\":\"PropertyValueSpecification\",\"valueRequired\":true,\"valueName\":\"search_term_string\"}}],\"inLanguage\":\"hu\"},{\"@type\":\"Organization\",\"@id\":\"https:\\\/\\\/elfvaping.com\\\/cs\\\/#organization\",\"name\":\"Elf Vaping\",\"url\":\"https:\\\/\\\/elfvaping.com\\\/cs\\\/\",\"logo\":{\"@type\":\"ImageObject\",\"inLanguage\":\"hu\",\"@id\":\"https:\\\/\\\/elfvaping.com\\\/cs\\\/#\\\/schema\\\/logo\\\/image\\\/\",\"url\":\"https:\\\/\\\/elfvaping.com\\\/wp-content\\\/uploads\\\/2024\\\/06\\\/elfvaping-logo.webp\",\"contentUrl\":\"https:\\\/\\\/elfvaping.com\\\/wp-content\\\/uploads\\\/2024\\\/06\\\/elfvaping-logo.webp\",\"width\":400,\"height\":111,\"caption\":\"Elf Vaping\"},\"image\":{\"@id\":\"https:\\\/\\\/elfvaping.com\\\/cs\\\/#\\\/schema\\\/logo\\\/image\\\/\"},\"sameAs\":[\"https:\\\/\\\/www.facebook.com\\\/elfvaping\",\"https:\\\/\\\/instagram.com\\\/elfvaping\\\/\"]}]}<\/script>\n<!-- \/ Yoast SEO plugin. -->","yoast_head_json":{"title":"Sz\u00e1ll\u00edt\u00e1si Politika - Elf Vaping","robots":{"index":"index","follow":"follow","max-snippet":"max-snippet:-1","max-image-preview":"max-image-preview:large","max-video-preview":"max-video-preview:-1"},"canonical":"https:\/\/elfvaping.com\/hu\/szallitasi-szabalyzat\/","og_locale":"hu_HU","og_type":"article","og_title":"Shipping Policy - Elf Vaping","og_description":"Welcome to elfvaping.com, your trusted destination for disposable vape products. Our Shipping Policy ensures a smooth and efficient delivery process for your orders. Order Processing:All orders are processed within 1-2 business days to expedite shipment. Tracking Information:Every order includes a tracking number, which will be emailed to you once the order is dispatched. Track Your [...]","og_url":"https:\/\/elfvaping.com\/hu\/szallitasi-szabalyzat\/","og_site_name":"Elf Vaping","article_publisher":"https:\/\/www.facebook.com\/elfvaping","article_modified_time":"2024-08-05T12:41:36+00:00","twitter_card":"summary_large_image","twitter_misc":{"Becs\u00fclt olvas\u00e1si id\u0151":"1 perc"},"schema":{"@context":"https:\/\/schema.org","@graph":[{"@type":"WebPage","@id":"https:\/\/elfvaping.com\/shipping-policy\/","url":"https:\/\/elfvaping.com\/shipping-policy\/","name":"Sz\u00e1ll\u00edt\u00e1si Politika - Elf Vaping","isPartOf":{"@id":"https:\/\/elfvaping.com\/cs\/#website"},"datePublished":"2024-06-16T02:52:14+00:00","dateModified":"2024-08-05T12:41:36+00:00","breadcrumb":{"@id":"https:\/\/elfvaping.com\/shipping-policy\/#breadcrumb"},"inLanguage":"hu","potentialAction":[{"@type":"ReadAction","target":["https:\/\/elfvaping.com\/shipping-policy\/"]}]},{"@type":"BreadcrumbList","@id":"https:\/\/elfvaping.com\/shipping-policy\/#breadcrumb","itemListElement":[{"@type":"ListItem","position":1,"name":"Home","item":"https:\/\/elfvaping.com\/"},{"@type":"ListItem","position":2,"name":"Shipping Policy"}]},{"@type":"WebSite","@id":"https:\/\/elfvaping.com\/cs\/#website","url":"https:\/\/elfvaping.com\/cs\/","name":"Elf Vapeol\u00e1s","description":"A legjobb nagykereskedelmi \u00e1rak az eldobhat\u00f3 vape term\u00e9kekre","publisher":{"@id":"https:\/\/elfvaping.com\/cs\/#organization"},"potentialAction":[{"@type":"SearchAction","target":{"@type":"EntryPoint","urlTemplate":"https:\/\/elfvaping.com\/cs\/?s={search_term_string}"},"query-input":{"@type":"PropertyValueSpecification","valueRequired":true,"valueName":"search_term_string"}}],"inLanguage":"hu"},{"@type":"Organization","@id":"https:\/\/elfvaping.com\/cs\/#organization","name":"Elf Vapeol\u00e1s","url":"https:\/\/elfvaping.com\/cs\/","logo":{"@type":"ImageObject","inLanguage":"hu","@id":"https:\/\/elfvaping.com\/cs\/#\/schema\/logo\/image\/","url":"https:\/\/elfvaping.com\/wp-content\/uploads\/2024\/06\/elfvaping-logo.webp","contentUrl":"https:\/\/elfvaping.com\/wp-content\/uploads\/2024\/06\/elfvaping-logo.webp","width":400,"height":111,"caption":"Elf Vaping"},"image":{"@id":"https:\/\/elfvaping.com\/cs\/#\/schema\/logo\/image\/"},"sameAs":["https:\/\/www.facebook.com\/elfvaping","https:\/\/instagram.com\/elfvaping\/"]}]}},"jetpack_sharing_enabled":true,"_links":{"self":[{"href":"https:\/\/elfvaping.com\/hu\/wp-json\/wp\/v2\/pages\/1214","targetHints":{"allow":["GET"]}}],"collection":[{"href":"https:\/\/elfvaping.com\/hu\/wp-json\/wp\/v2\/pages"}],"about":[{"href":"https:\/\/elfvaping.com\/hu\/wp-json\/wp\/v2\/types\/page"}],"author":[{"embeddable":true,"href":"https:\/\/elfvaping.com\/hu\/wp-json\/wp\/v2\/users\/1"}],"replies":[{"embeddable":true,"href":"https:\/\/elfvaping.com\/hu\/wp-json\/wp\/v2\/comments?post=1214"}],"version-history":[{"count":0,"href":"https:\/\/elfvaping.com\/hu\/wp-json\/wp\/v2\/pages\/1214\/revisions"}],"wp:attachment":[{"href":"https:\/\/elfvaping.com\/hu\/wp-json\/wp\/v2\/media?parent=1214"}],"curies":[{"name":"wp","href":"https:\/\/api.w.org\/{rel}","templated":true}]}}