{"id":13,"date":"2024-06-16T02:52:33","date_gmt":"2024-06-16T02:52:33","guid":{"rendered":"https:\/\/elfvaping.com\/?page_id=13"},"modified":"2024-09-19T07:48:01","modified_gmt":"2024-09-19T07:48:01","slug":"penzvisszateritesi-eljaras","status":"publish","type":"page","link":"https:\/\/elfvaping.com\/hu\/refund-policy\/","title":{"rendered":"Visszat\u00e9r\u00edt\u00e9si politika"},"content":{"rendered":"<p>K\u00f6sz\u00f6nj\u00fck, hogy n\u00e1lunk v\u00e1s\u00e1rolt! <a href=\"https:\/\/elfvaping.com\/hu\/\"><strong>T\u00c1VOLS\u00c1GI<\/strong><\/a>. K\u00e9rj\u00fck, figyelmesen tekintse \u00e1t visszat\u00e9r\u00edt\u00e9si szab\u00e1lyzatunkat:<\/p>\n<h3><strong>Visszat\u00e9r\u00edt\u00e9si politika<\/strong><\/h3>\n<h3>24 \u00f3r\u00e1n bel\u00fcl visszaig\u00e9nyelhet\u0151 \u00f6sszegek<\/h3>\n<p>Megrendel\u00e9s\u00e9t\u0151l sz\u00e1m\u00edtott 24 \u00f3r\u00e1n bel\u00fcl teljes visszat\u00e9r\u00edt\u00e9st k\u00e9rhet. Ha t\u00f6r\u00f6lni szeretn\u00e9 megrendel\u00e9s\u00e9t, k\u00e9rj\u00fck, a lehet\u0151 leghamarabb l\u00e9pjen kapcsolatba \u00fcgyf\u00e9lszolg\u00e1lati csapatunkkal, \u00e9s mi feldolgozzuk a teljes visszat\u00e9r\u00edt\u00e9st.<\/p>\n<h3>Visszat\u00e9r\u00edt\u00e9si k\u00e9relem 24 \u00f3ra ut\u00e1n<\/h3>\n<p>A t\u00f6bb mint 24 \u00f3r\u00e1ja leadott rendel\u00e9sek nem t\u00e9r\u00edthet\u0151k vissza teljes \u00f6sszegben. Ez id\u0151 ut\u00e1n a csomagot \u00e1ltal\u00e1ban el\u0151k\u00e9sz\u00edtik \u00e9s elk\u00fcldik a v\u00e1mhivatalba, ami miatt m\u00e1r nem jogosult teljes visszat\u00e9r\u00edt\u00e9sre.<\/p>\n<h3>R\u00e9szleges visszat\u00e9r\u00edt\u00e9s k\u00e9sedelmes ig\u00e9nyl\u00e9sek eset\u00e9n<\/h3>\n<p>A megrendel\u00e9s lead\u00e1s\u00e1t k\u00f6vet\u0151 24 \u00f3r\u00e1n t\u00fal beny\u00fajtott visszat\u00e9r\u00edt\u00e9si ig\u00e9ny eset\u00e9n csak a megrendel\u00e9s \u00f6sszeg\u00e9nek legfeljebb 50%-\u00e1nak visszat\u00e9r\u00edt\u00e9s\u00e9t tudjuk felaj\u00e1nlani. Ennek oka a csomag v\u00e1mhat\u00f3s\u00e1gt\u00f3l t\u00f6rt\u00e9n\u0151 visszah\u00edv\u00e1s\u00e1nak k\u00f6lts\u00e9gei.<\/p>\n<h3>Sz\u00e1ll\u00edt\u00e1st k\u00f6vet\u0151en nincs visszat\u00e9r\u00edt\u00e9s<\/h3>\n<p>Miut\u00e1n a csomagot elind\u00edtottuk \u00e9s megkapja a nyomonk\u00f6vet\u00e9si sz\u00e1mot, m\u00e1r nem lesz jogosult a visszat\u00e9r\u00edt\u00e9sre.<\/p>\n<h3>Biztos\u00edt\u00e1si \u00e9s v\u00e1m\u00fcgyi k\u00e9rd\u00e9sek<\/h3>\n<p>Minden csomagunk biztos\u00edtott. Ha a csomagodat a v\u00e1m lefoglalja \u00e9s nem adj\u00e1k ki, akkor teljes visszat\u00e9r\u00edt\u00e9st biztos\u00edtunk.<\/p>\n<h3>Hib\u00e1s C\u00edm vagy Sz\u00e1ll\u00edt\u00e1si Probl\u00e9m\u00e1k<\/h3>\n<p>Ha a csomagot a v\u00e1s\u00e1rl\u00f3 \u00e1ltal megadott rossz c\u00edm vagy a v\u00e1s\u00e1rl\u00f3b\u00f3l ered\u0151 egy\u00e9b probl\u00e9m\u00e1k miatt nem lehet k\u00e9zbes\u00edteni, a v\u00e1s\u00e1rl\u00f3 felel\u0151s a csomag \u00fajra sz\u00e1ll\u00edt\u00e1s\u00e1nak k\u00f6lts\u00e9g\u00e9\u00e9rt.<\/p>\n<h3>L\u00e9pjen kapcsolatba vel\u00fcnk<\/h3>\n<p>Ha k\u00e9rd\u00e9sei vagy agg\u00e1lyai vannak visszat\u00e9r\u00edt\u00e9si szab\u00e1lyzatunkkal kapcsolatban, k\u00e9rj\u00fck, forduljon \u00fcgyf\u00e9lszolg\u00e1lati csapatunkhoz:<\/p>\n<ul>\n<li><strong>E-mail<\/strong>: <a rel=\"noopener\">info@elfvaping.com<\/a><\/li>\n<\/ul>\n<p>Kiv\u00e1l\u00f3 szolg\u00e1ltat\u00e1st ny\u00fajtani \u00d6nnek az els\u0151dleges c\u00e9lunk. K\u00f6sz\u00f6nj\u00fck meg\u00e9rt\u00e9s\u00e9t \u00e9s t\u00e1mogat\u00e1s\u00e1t!<\/p>","protected":false},"excerpt":{"rendered":"<p>Thank you for shopping with ELFVAPING. Please review our refund policy carefully: Refund Policy Refund Requests Within 24 Hours You may request a full refund within 24 hours of placing your order. If you wish to cancel your order, please contact our customer support team as soon as possible, and we will process your full [&#8230;]\n","protected":false},"author":1,"featured_media":0,"parent":0,"menu_order":0,"comment_status":"closed","ping_status":"closed","template":"page-blank-title-center.php","meta":{"_lmt_disableupdate":"","_lmt_disable":"","jetpack_post_was_ever_published":false,"footnotes":""},"class_list":["post-13","page","type-page","status-publish","hentry"],"yoast_head":"<!-- This site is optimized with the Yoast SEO plugin v27.4 - https:\/\/yoast.com\/product\/yoast-seo-wordpress\/ -->\n<title>Refund Policy - Elf Vaping<\/title>\n<meta name=\"robots\" content=\"index, follow, max-snippet:-1, max-image-preview:large, max-video-preview:-1\" \/>\n<link rel=\"canonical\" href=\"https:\/\/elfvaping.com\/hu\/penzvisszateritesi-eljaras\/\" \/>\n<meta property=\"og:locale\" content=\"hu_HU\" \/>\n<meta property=\"og:type\" content=\"article\" \/>\n<meta property=\"og:title\" content=\"Refund Policy - Elf Vaping\" \/>\n<meta property=\"og:description\" content=\"Thank you for shopping with ELFVAPING. Please review our refund policy carefully: Refund Policy Refund Requests Within 24 Hours You may request a full refund within 24 hours of placing your order. If you wish to cancel your order, please contact our customer support team as soon as possible, and we will process your full [...]\" \/>\n<meta property=\"og:url\" content=\"https:\/\/elfvaping.com\/hu\/penzvisszateritesi-eljaras\/\" \/>\n<meta property=\"og:site_name\" content=\"Elf Vaping\" \/>\n<meta property=\"article:publisher\" content=\"https:\/\/www.facebook.com\/elfvaping\" \/>\n<meta property=\"article:modified_time\" content=\"2024-09-19T07:48:01+00:00\" \/>\n<meta name=\"twitter:card\" content=\"summary_large_image\" \/>\n<meta name=\"twitter:label1\" content=\"Becs\u00fclt olvas\u00e1si id\u0151\" \/>\n\t<meta name=\"twitter:data1\" content=\"1 perc\" \/>\n<script type=\"application\/ld+json\" class=\"yoast-schema-graph\">{\"@context\":\"https:\\\/\\\/schema.org\",\"@graph\":[{\"@type\":\"WebPage\",\"@id\":\"https:\\\/\\\/elfvaping.com\\\/refund-policy\\\/\",\"url\":\"https:\\\/\\\/elfvaping.com\\\/refund-policy\\\/\",\"name\":\"Refund Policy - Elf Vaping\",\"isPartOf\":{\"@id\":\"https:\\\/\\\/elfvaping.com\\\/cs\\\/#website\"},\"datePublished\":\"2024-06-16T02:52:33+00:00\",\"dateModified\":\"2024-09-19T07:48:01+00:00\",\"breadcrumb\":{\"@id\":\"https:\\\/\\\/elfvaping.com\\\/refund-policy\\\/#breadcrumb\"},\"inLanguage\":\"hu\",\"potentialAction\":[{\"@type\":\"ReadAction\",\"target\":[\"https:\\\/\\\/elfvaping.com\\\/refund-policy\\\/\"]}]},{\"@type\":\"BreadcrumbList\",\"@id\":\"https:\\\/\\\/elfvaping.com\\\/refund-policy\\\/#breadcrumb\",\"itemListElement\":[{\"@type\":\"ListItem\",\"position\":1,\"name\":\"Home\",\"item\":\"https:\\\/\\\/elfvaping.com\\\/\"},{\"@type\":\"ListItem\",\"position\":2,\"name\":\"Refund Policy\"}]},{\"@type\":\"WebSite\",\"@id\":\"https:\\\/\\\/elfvaping.com\\\/cs\\\/#website\",\"url\":\"https:\\\/\\\/elfvaping.com\\\/cs\\\/\",\"name\":\"Elf Vaping\",\"description\":\"Best Wholesale Prices for Disposable Vapes\",\"publisher\":{\"@id\":\"https:\\\/\\\/elfvaping.com\\\/cs\\\/#organization\"},\"potentialAction\":[{\"@type\":\"SearchAction\",\"target\":{\"@type\":\"EntryPoint\",\"urlTemplate\":\"https:\\\/\\\/elfvaping.com\\\/cs\\\/?s={search_term_string}\"},\"query-input\":{\"@type\":\"PropertyValueSpecification\",\"valueRequired\":true,\"valueName\":\"search_term_string\"}}],\"inLanguage\":\"hu\"},{\"@type\":\"Organization\",\"@id\":\"https:\\\/\\\/elfvaping.com\\\/cs\\\/#organization\",\"name\":\"Elf Vaping\",\"url\":\"https:\\\/\\\/elfvaping.com\\\/cs\\\/\",\"logo\":{\"@type\":\"ImageObject\",\"inLanguage\":\"hu\",\"@id\":\"https:\\\/\\\/elfvaping.com\\\/cs\\\/#\\\/schema\\\/logo\\\/image\\\/\",\"url\":\"https:\\\/\\\/elfvaping.com\\\/wp-content\\\/uploads\\\/2024\\\/06\\\/elfvaping-logo.webp\",\"contentUrl\":\"https:\\\/\\\/elfvaping.com\\\/wp-content\\\/uploads\\\/2024\\\/06\\\/elfvaping-logo.webp\",\"width\":400,\"height\":111,\"caption\":\"Elf Vaping\"},\"image\":{\"@id\":\"https:\\\/\\\/elfvaping.com\\\/cs\\\/#\\\/schema\\\/logo\\\/image\\\/\"},\"sameAs\":[\"https:\\\/\\\/www.facebook.com\\\/elfvaping\",\"https:\\\/\\\/instagram.com\\\/elfvaping\\\/\"]}]}<\/script>\n<!-- \/ Yoast SEO plugin. -->","yoast_head_json":{"title":"Visszat\u00e9r\u00edt\u00e9si Politika - Elf Vaping","robots":{"index":"index","follow":"follow","max-snippet":"max-snippet:-1","max-image-preview":"max-image-preview:large","max-video-preview":"max-video-preview:-1"},"canonical":"https:\/\/elfvaping.com\/hu\/penzvisszateritesi-eljaras\/","og_locale":"hu_HU","og_type":"article","og_title":"Refund Policy - Elf Vaping","og_description":"Thank you for shopping with ELFVAPING. Please review our refund policy carefully: Refund Policy Refund Requests Within 24 Hours You may request a full refund within 24 hours of placing your order. If you wish to cancel your order, please contact our customer support team as soon as possible, and we will process your full [...]","og_url":"https:\/\/elfvaping.com\/hu\/penzvisszateritesi-eljaras\/","og_site_name":"Elf Vaping","article_publisher":"https:\/\/www.facebook.com\/elfvaping","article_modified_time":"2024-09-19T07:48:01+00:00","twitter_card":"summary_large_image","twitter_misc":{"Becs\u00fclt olvas\u00e1si id\u0151":"1 perc"},"schema":{"@context":"https:\/\/schema.org","@graph":[{"@type":"WebPage","@id":"https:\/\/elfvaping.com\/refund-policy\/","url":"https:\/\/elfvaping.com\/refund-policy\/","name":"Visszat\u00e9r\u00edt\u00e9si Politika - Elf Vaping","isPartOf":{"@id":"https:\/\/elfvaping.com\/cs\/#website"},"datePublished":"2024-06-16T02:52:33+00:00","dateModified":"2024-09-19T07:48:01+00:00","breadcrumb":{"@id":"https:\/\/elfvaping.com\/refund-policy\/#breadcrumb"},"inLanguage":"hu","potentialAction":[{"@type":"ReadAction","target":["https:\/\/elfvaping.com\/refund-policy\/"]}]},{"@type":"BreadcrumbList","@id":"https:\/\/elfvaping.com\/refund-policy\/#breadcrumb","itemListElement":[{"@type":"ListItem","position":1,"name":"Home","item":"https:\/\/elfvaping.com\/"},{"@type":"ListItem","position":2,"name":"Refund Policy"}]},{"@type":"WebSite","@id":"https:\/\/elfvaping.com\/cs\/#website","url":"https:\/\/elfvaping.com\/cs\/","name":"Elf Vapeol\u00e1s","description":"A legjobb nagykereskedelmi \u00e1rak az eldobhat\u00f3 vape term\u00e9kekre","publisher":{"@id":"https:\/\/elfvaping.com\/cs\/#organization"},"potentialAction":[{"@type":"SearchAction","target":{"@type":"EntryPoint","urlTemplate":"https:\/\/elfvaping.com\/cs\/?s={search_term_string}"},"query-input":{"@type":"PropertyValueSpecification","valueRequired":true,"valueName":"search_term_string"}}],"inLanguage":"hu"},{"@type":"Organization","@id":"https:\/\/elfvaping.com\/cs\/#organization","name":"Elf Vapeol\u00e1s","url":"https:\/\/elfvaping.com\/cs\/","logo":{"@type":"ImageObject","inLanguage":"hu","@id":"https:\/\/elfvaping.com\/cs\/#\/schema\/logo\/image\/","url":"https:\/\/elfvaping.com\/wp-content\/uploads\/2024\/06\/elfvaping-logo.webp","contentUrl":"https:\/\/elfvaping.com\/wp-content\/uploads\/2024\/06\/elfvaping-logo.webp","width":400,"height":111,"caption":"Elf Vaping"},"image":{"@id":"https:\/\/elfvaping.com\/cs\/#\/schema\/logo\/image\/"},"sameAs":["https:\/\/www.facebook.com\/elfvaping","https:\/\/instagram.com\/elfvaping\/"]}]}},"jetpack_sharing_enabled":true,"_links":{"self":[{"href":"https:\/\/elfvaping.com\/hu\/wp-json\/wp\/v2\/pages\/13","targetHints":{"allow":["GET"]}}],"collection":[{"href":"https:\/\/elfvaping.com\/hu\/wp-json\/wp\/v2\/pages"}],"about":[{"href":"https:\/\/elfvaping.com\/hu\/wp-json\/wp\/v2\/types\/page"}],"author":[{"embeddable":true,"href":"https:\/\/elfvaping.com\/hu\/wp-json\/wp\/v2\/users\/1"}],"replies":[{"embeddable":true,"href":"https:\/\/elfvaping.com\/hu\/wp-json\/wp\/v2\/comments?post=13"}],"version-history":[{"count":0,"href":"https:\/\/elfvaping.com\/hu\/wp-json\/wp\/v2\/pages\/13\/revisions"}],"wp:attachment":[{"href":"https:\/\/elfvaping.com\/hu\/wp-json\/wp\/v2\/media?parent=13"}],"curies":[{"name":"wp","href":"https:\/\/api.w.org\/{rel}","templated":true}]}}