{"id":2,"date":"2024-06-16T02:16:33","date_gmt":"2024-06-16T02:16:33","guid":{"rendered":"http:\/\/elfvaping.com\/?page_id=2"},"modified":"2026-04-29T03:21:33","modified_gmt":"2026-04-29T03:21:33","slug":"rolunk","status":"publish","type":"page","link":"https:\/\/elfvaping.com\/hu\/about-us\/","title":{"rendered":"Az ELFVAPING-r\u0151l"},"content":{"rendered":"<div style=\"font-family: 'Helvetica Neue', Helvetica, Arial, sans-serif; line-height: 1.8; color: #333; max-width: 100%; margin: 0 auto; padding: 20px;\">\n<div style=\"text-align: center; padding: 50px 20px; background-color: #0f172a; color: #ffffff; border-radius: 8px; margin-bottom: 40px;\">\n<h2 style=\"margin: 0 0 15px 0; font-size: 36px; font-weight: bold;\"><span style=\"color: #ffcc00;\">\u00dcdv\u00f6z\u00f6lj\u00fck az ELFVAPING-n\u00e9l<\/span><\/h2>\n<p style=\"font-size: 18px; margin: 0 auto; color: #cbd5e1; max-width: 700px;\">Eur\u00f3pa vezet\u0151 online desztin\u00e1ci\u00f3ja a pr\u00e9mium eldobhat\u00f3 vape term\u00e9keknek.<\/p>\n<\/div>\n<div style=\"margin-bottom: 40px;\">\n<h2 style=\"color: #0f172a; font-size: 24px; border-bottom: 2px solid #e2e8f0; padding-bottom: 10px; margin-bottom: 20px;\">Kik vagyunk<\/h2>\n<p style=\"font-size: 16px; margin-bottom: 15px;\">At <strong>elfvaping.com<\/strong>, T\u00f6bbek vagyunk, mint egy online keresked\u0151; a p\u00e1rologtat\u00e1s ipar\u00e1g\u00e1nak megb\u00edzhat\u00f3 partnerei vagyunk. Az ELFVAPING alap\u00edt\u00f3ja, Jack Tai v\u00edzi\u00f3j\u00e1ra \u00e9p\u00edtve - aki t\u00f6bb mint 10 \u00e9ves gyakorlati tapasztalattal rendelkezik az eldobhat\u00f3 vape szektorban - az elm\u00falt 5+ \u00e9vben egy premier, egyablakos glob\u00e1lis k\u00f6zpontt\u00e1 n\u0151tte ki mag\u00e1t.<\/p>\n<p style=\"font-size: 16px; margin-bottom: 15px;\">A glob\u00e1lis piaci trendek \u00e9s a besz\u00e1ll\u00edt\u00f3i l\u00e1nc logisztik\u00e1j\u00e1nak m\u00e9lyrehat\u00f3 ismeret\u00e9vel specializ\u00e1l\u00f3dtunk az eur\u00f3pai piac kiszolg\u00e1l\u00e1s\u00e1ra. Min\u0151s\u00e9g, hiteless\u00e9g \u00e9s v\u00e1s\u00e1rl\u00f3i el\u00e9gedetts\u00e9g ir\u00e1nti elk\u00f6telezetts\u00e9g\u00fcnk r\u00e9v\u00e9n v\u00e1ltunk a vil\u00e1g vezet\u0151 nagykereskedelmi \u00e9s kiskereskedelmi partnereinek egyik f\u0151 besz\u00e1ll\u00edt\u00f3j\u00e1v\u00e1.<\/p>\n<\/div>\n<div style=\"display: flex; flex-wrap: wrap; gap: 20px; margin-bottom: 40px;\">\n<div style=\"flex: 1; min-width: 300px; background-color: #f8fafc; padding: 25px; border-radius: 8px; border-left: 4px solid #3b82f6;\">\n<h3 style=\"color: #0f172a; font-size: 20px; margin-top: 0;\">Gy\u00e1ri K\u00f6zvetlen Nagykereskedelem<\/h3>\n<p style=\"font-size: 15px; color: #475569; margin-bottom: 0;\">A legjobb vape gy\u00e1rt\u00f3kkal val\u00f3 k\u00f6zvetlen egy\u00fcttm\u0171k\u00f6d\u00e9snek k\u00f6sz\u00f6nhet\u0151en kihagyjuk a k\u00f6zvet\u00edt\u0151ket. Ez lehet\u0151v\u00e9 teszi sz\u00e1munkra, hogy felaj\u00e1nlhassuk \u00d6nnek <strong>Eredeti term\u00e9kek val\u00f3di gy\u00e1ri nagykereskedelmi \u00e1rakon<\/strong>. Elektronikus cigaretta \u00e9s vape term\u00e9kek sz\u00e9les v\u00e1laszt\u00e9ka. A hozz\u00e1f\u00e9rhet\u0151 nagykereskedelem\u00e9rt k\u00fczd\u0151 sz\u00f3sz\u00f3l\u00f3kk\u00e9nt \u00fatt\u00f6r\u0151 szerepet j\u00e1tszottunk egy olyan v\u00e1s\u00e1rl\u00f3k\u00f6zpont\u00fa \u00e1rk\u00e9pz\u00e9si modell bevezet\u00e9s\u00e9ben, amely alacsony \u00e1rszintet k\u00edn\u00e1l az ipar\u00e1gban. <strong>Minim\u00e1lis rendel\u00e9si mennyis\u00e9g (MOQ) mind\u00f6ssze 10 darab<\/strong>, olyan pr\u00e9mium vaping term\u00e9keket tesz el\u00e9rhet\u0151v\u00e9, amelyek mindenf\u00e9le m\u00e9ret\u0171 v\u00e1llalkoz\u00e1s \u00e9s rajong\u00f3 sz\u00e1m\u00e1ra hozz\u00e1f\u00e9rhet\u0151ek.<\/p>\n<\/div>\n<div style=\"flex: 1; min-width: 300px; background-color: #f8fafc; padding: 25px; border-radius: 8px; border-left: 4px solid #10b981;\">\n<h3 style=\"color: #0f172a; font-size: 20px; margin-top: 0;\">Piaci betekint\u00e9sek \u00e9s szak\u00e9rtelm\u00fcnk<\/h3>\n<p style=\"font-size: 15px; color: #475569; margin-bottom: 0;\">Nemcsak term\u00e9keket \u00e1rulunk, hanem ismereteket is megosztunk. Az ELFVAPING rendszeresen publik\u00e1l exkluz\u00edv betekint\u00e9seket, szab\u00e1lyoz\u00e1si friss\u00edt\u00e9seket \u00e9s trendanal\u00edziseket, amelyek kifejezetten az eur\u00f3pai vape-piacra vannak szabva, \u00edgy biztos\u00edtva, hogy partnereink mindig egy l\u00e9p\u00e9ssel el\u0151r\u00e9bb j\u00e1rjanak.<\/p>\n<\/div>\n<\/div>\n<div style=\"margin-bottom: 40px;\">\n<h2 style=\"color: #0f172a; font-size: 24px; border-bottom: 2px solid #e2e8f0; padding-bottom: 10px; margin-bottom: 20px;\">Pr\u00e9mium kollekci\u00f3nk<\/h2>\n<p style=\"font-size: 16px; margin-bottom: 20px;\">Fedezze fel sz\u00e9lesk\u00f6r\u0171 k\u00edn\u00e1latunkat, amelyben a vil\u00e1g legn\u00e9pszer\u0171bb \u00e9s legismertebb m\u00e1rk\u00e1i tal\u00e1lhat\u00f3k. Ak\u00e1r tapasztalt vapper vagy, ak\u00e1r n\u00f6vekv\u0151 v\u00e1llalkoz\u00e1s, sz\u00e9les v\u00e1laszt\u00e9kot k\u00edn\u00e1lunk \u00edzekb\u0151l \u00e9s k\u00e9sz\u00fcl\u00e9kekb\u0151l, hogy garant\u00e1ljuk az ult\u00edmum vape-\u00e9lm\u00e9nyt:<\/p>\n<div style=\"display: flex; flex-wrap: wrap; gap: 12px; margin-bottom: 20px;\"><span style=\"background-color: #e2e8f0; color: #334155; padding: 8px 16px; border-radius: 4px; font-weight: 600; font-size: 14px;\">T\u00fcnd\u00e9r doboz<\/span><br \/>\n<span style=\"background-color: #e2e8f0; color: #334155; padding: 8px 16px; border-radius: 4px; font-weight: 600; font-size: 14px;\">Vapme<\/span><br \/>\n<span style=\"background-color: #e2e8f0; color: #334155; padding: 8px 16px; border-radius: 4px; font-weight: 600; font-size: 14px;\">WASPE<\/span><br \/>\n<span style=\"background-color: #e2e8f0; color: #334155; padding: 8px 16px; border-radius: 4px; font-weight: 600; font-size: 14px;\">RandM Tornado<\/span><br \/>\n<span style=\"background-color: #e2e8f0; color: #334155; padding: 8px 16px; border-radius: 4px; font-weight: 600; font-size: 14px;\">Bang doboz<\/span><br \/>\n<span style=\"background-color: #e2e8f0; color: #334155; padding: 8px 16px; border-radius: 4px; font-weight: 600; font-size: 14px;\">Bang King<\/span><br \/>\n<span style=\"background-color: #e2e8f0; color: #334155; padding: 8px 16px; border-radius: 4px; font-weight: 600; font-size: 14px;\">MYDE<\/span><br \/>\n<span style=\"background-color: #e2e8f0; color: #334155; padding: 8px 16px; border-radius: 4px; font-weight: 600; font-size: 14px;\">Uwin<\/span><\/div>\n<p style=\"font-size: 16px; color: #0f172a; font-weight: bold;\">Z\u00f6kken\u0151mentes v\u00e1s\u00e1rl\u00e1si \u00e9lm\u00e9nyt, rendk\u00edv\u00fcl versenyk\u00e9pes \u00e1rakat \u00e9s p\u00e1ratlan \u00fcgyf\u00e9lszolg\u00e1latot tapasztaljon meg az ELFVAPING-nel. V\u00e1s\u00e1roljon most, \u00e9s fedezze fel a piacon kaphat\u00f3 legjobb eldobhat\u00f3 vape-eket!<\/p>\n<\/div>\n<div style=\"background-color: #ffffff; border: 1px solid #e2e8f0; padding: 30px; border-radius: 8px; text-align: center;\">\n<h2 style=\"color: #0f172a; font-size: 22px; margin-top: 0; margin-bottom: 15px;\">Csatlakoz\u00e1s \u00e9s Bizalom<\/h2>\n<p style=\"font-size: 15px; color: #64748b; margin-bottom: 25px;\">Csatlakozzon k\u00f6z\u00f6ss\u00e9g\u00fcnkh\u00f6z \u00e9s tudja meg, mi\u00e9rt b\u00edznak az ELFVAPING-ban az \u00fcgyfelek vil\u00e1gszerte.<\/p>\n<div style=\"margin-bottom: 25px;\"><a style=\"display: inline-block; background-color: #00b67a; color: white; text-decoration: none; padding: 12px 24px; border-radius: 4px; font-weight: bold; font-size: 16px;\" href=\"https:\/\/www.trustpilot.com\/review\/elfvaping.com\" target=\"_blank\" rel=\"noopener\">\u2605 Tekintse meg \u00e9rt\u00e9kel\u00e9seinket a Trustpiloton<br \/>\n<\/a><\/div>\n<div style=\"display: flex; flex-wrap: wrap; justify-content: center; gap: 10px;\"><a style=\"text-decoration: none; color: #475569; font-size: 14px; padding: 8px 15px; border: 1px solid #cbd5e1; border-radius: 4px;\" href=\"https:\/\/www.facebook.com\/elfvaping\" target=\"_blank\" rel=\"noopener\">Facebook<\/a><br \/>\n<a style=\"text-decoration: none; color: #475569; font-size: 14px; padding: 8px 15px; border: 1px solid #cbd5e1; border-radius: 4px;\" href=\"https:\/\/instagram.com\/elfvaping\/\" target=\"_blank\" rel=\"noopener\">Instagram<\/a><br \/>\n<a style=\"text-decoration: none; color: #475569; font-size: 14px; padding: 8px 15px; border: 1px solid #cbd5e1; border-radius: 4px;\" href=\"https:\/\/www.pinterest.com\/elfvapingcom\/\" target=\"_blank\" rel=\"noopener\">Pinterest<\/a><br \/>\n<a style=\"text-decoration: none; color: #475569; font-size: 14px; padding: 8px 15px; border: 1px solid #cbd5e1; border-radius: 4px;\" href=\"https:\/\/www.linkedin.com\/in\/elf-vaping-933370382\/\" target=\"_blank\" rel=\"noopener\">LinkedIn<\/a><br \/>\n<a style=\"text-decoration: none; color: #475569; font-size: 14px; padding: 8px 15px; border: 1px solid #cbd5e1; border-radius: 4px;\" href=\"https:\/\/www.youtube.com\/@ELFVAPING\" target=\"_blank\" rel=\"noopener\">YouTube<\/a><br \/>\n<a style=\"text-decoration: none; color: #475569; font-size: 14px; padding: 8px 15px; border: 1px solid #cbd5e1; border-radius: 4px;\" href=\"https:\/\/t.me\/elfvaping\" target=\"_blank\" rel=\"noopener\">T\u00e1v\u00edr\u00f3<\/a><\/div>\n<\/div>\n<\/div>","protected":false},"excerpt":{"rendered":"<p>Welcome to ELFVAPING Europe\u2019s Premier Online Destination for Premium Disposable Vapes. Who We Are At elfvaping.com, we are more than just an online retailer; we are your trusted partner in the vaping industry. Built upon the vision of our founder, Jack Tai\u2014who brings over 10 years of hands-on experience in the disposable vape sector\u2014ELFVAPING has [&#8230;]\n","protected":false},"author":1,"featured_media":0,"parent":0,"menu_order":0,"comment_status":"closed","ping_status":"closed","template":"page-blank-title-center.php","meta":{"_lmt_disableupdate":"no","_lmt_disable":"","footnotes":""},"class_list":["post-2","page","type-page","status-publish","hentry"],"yoast_head":"<!-- This site is optimized with the Yoast SEO plugin v27.6 - https:\/\/yoast.com\/product\/yoast-seo-wordpress\/ -->\n<title>About ELFVAPING - Elf Vaping<\/title>\n<meta name=\"robots\" content=\"index, follow, max-snippet:-1, max-image-preview:large, max-video-preview:-1\" \/>\n<link rel=\"canonical\" href=\"https:\/\/elfvaping.com\/hu\/rolunk\/\" \/>\n<meta property=\"og:locale\" content=\"hu_HU\" \/>\n<meta property=\"og:type\" content=\"article\" \/>\n<meta property=\"og:title\" content=\"About ELFVAPING - Elf Vaping\" \/>\n<meta property=\"og:description\" content=\"Welcome to ELFVAPING Europe\u2019s Premier Online Destination for Premium Disposable Vapes. Who We Are At elfvaping.com, we are more than just an online retailer; we are your trusted partner in the vaping industry. Built upon the vision of our founder, Jack Tai\u2014who brings over 10 years of hands-on experience in the disposable vape sector\u2014ELFVAPING has [...]\" \/>\n<meta property=\"og:url\" content=\"https:\/\/elfvaping.com\/hu\/rolunk\/\" \/>\n<meta property=\"og:site_name\" content=\"Elf Vaping\" \/>\n<meta property=\"article:publisher\" content=\"https:\/\/www.facebook.com\/elfvaping\" \/>\n<meta property=\"article:modified_time\" content=\"2026-04-29T03:21:33+00:00\" \/>\n<meta name=\"twitter:card\" content=\"summary_large_image\" \/>\n<meta name=\"twitter:label1\" content=\"Becs\u00fclt olvas\u00e1si id\u0151\" \/>\n\t<meta name=\"twitter:data1\" content=\"2 perc\" \/>\n<script type=\"application\/ld+json\" class=\"yoast-schema-graph\">{\"@context\":\"https:\\\/\\\/schema.org\",\"@graph\":[{\"@type\":\"WebPage\",\"@id\":\"https:\\\/\\\/elfvaping.com\\\/about-us\\\/\",\"url\":\"https:\\\/\\\/elfvaping.com\\\/about-us\\\/\",\"name\":\"About ELFVAPING - Elf Vaping\",\"isPartOf\":{\"@id\":\"https:\\\/\\\/elfvaping.com\\\/cs\\\/#website\"},\"datePublished\":\"2024-06-16T02:16:33+00:00\",\"dateModified\":\"2026-04-29T03:21:33+00:00\",\"breadcrumb\":{\"@id\":\"https:\\\/\\\/elfvaping.com\\\/about-us\\\/#breadcrumb\"},\"inLanguage\":\"hu\",\"potentialAction\":[{\"@type\":\"ReadAction\",\"target\":[\"https:\\\/\\\/elfvaping.com\\\/about-us\\\/\"]}]},{\"@type\":\"BreadcrumbList\",\"@id\":\"https:\\\/\\\/elfvaping.com\\\/about-us\\\/#breadcrumb\",\"itemListElement\":[{\"@type\":\"ListItem\",\"position\":1,\"name\":\"Home\",\"item\":\"https:\\\/\\\/elfvaping.com\\\/\"},{\"@type\":\"ListItem\",\"position\":2,\"name\":\"About ELFVAPING\"}]},{\"@type\":\"WebSite\",\"@id\":\"https:\\\/\\\/elfvaping.com\\\/cs\\\/#website\",\"url\":\"https:\\\/\\\/elfvaping.com\\\/cs\\\/\",\"name\":\"Elf Vaping\",\"description\":\"Best Wholesale Prices for Disposable Vapes\",\"publisher\":{\"@id\":\"https:\\\/\\\/elfvaping.com\\\/cs\\\/#organization\"},\"potentialAction\":[{\"@type\":\"SearchAction\",\"target\":{\"@type\":\"EntryPoint\",\"urlTemplate\":\"https:\\\/\\\/elfvaping.com\\\/cs\\\/?s={search_term_string}\"},\"query-input\":{\"@type\":\"PropertyValueSpecification\",\"valueRequired\":true,\"valueName\":\"search_term_string\"}}],\"inLanguage\":\"hu\"},{\"@type\":\"Organization\",\"@id\":\"https:\\\/\\\/elfvaping.com\\\/cs\\\/#organization\",\"name\":\"Elf Vaping\",\"url\":\"https:\\\/\\\/elfvaping.com\\\/cs\\\/\",\"logo\":{\"@type\":\"ImageObject\",\"inLanguage\":\"hu\",\"@id\":\"https:\\\/\\\/elfvaping.com\\\/cs\\\/#\\\/schema\\\/logo\\\/image\\\/\",\"url\":\"https:\\\/\\\/elfvaping.com\\\/wp-content\\\/uploads\\\/2024\\\/06\\\/elfvaping-logo.webp\",\"contentUrl\":\"https:\\\/\\\/elfvaping.com\\\/wp-content\\\/uploads\\\/2024\\\/06\\\/elfvaping-logo.webp\",\"width\":400,\"height\":111,\"caption\":\"Elf Vaping\"},\"image\":{\"@id\":\"https:\\\/\\\/elfvaping.com\\\/cs\\\/#\\\/schema\\\/logo\\\/image\\\/\"},\"sameAs\":[\"https:\\\/\\\/www.facebook.com\\\/elfvaping\",\"https:\\\/\\\/instagram.com\\\/elfvaping\\\/\"]}]}<\/script>\n<!-- \/ Yoast SEO plugin. -->","yoast_head_json":{"title":"Az ELFVAPING-r\u0151l - Elf Vaping","robots":{"index":"index","follow":"follow","max-snippet":"max-snippet:-1","max-image-preview":"max-image-preview:large","max-video-preview":"max-video-preview:-1"},"canonical":"https:\/\/elfvaping.com\/hu\/rolunk\/","og_locale":"hu_HU","og_type":"article","og_title":"About ELFVAPING - Elf Vaping","og_description":"Welcome to ELFVAPING Europe\u2019s Premier Online Destination for Premium Disposable Vapes. Who We Are At elfvaping.com, we are more than just an online retailer; we are your trusted partner in the vaping industry. Built upon the vision of our founder, Jack Tai\u2014who brings over 10 years of hands-on experience in the disposable vape sector\u2014ELFVAPING has [...]","og_url":"https:\/\/elfvaping.com\/hu\/rolunk\/","og_site_name":"Elf Vaping","article_publisher":"https:\/\/www.facebook.com\/elfvaping","article_modified_time":"2026-04-29T03:21:33+00:00","twitter_card":"summary_large_image","twitter_misc":{"Becs\u00fclt olvas\u00e1si id\u0151":"2 perc"},"schema":{"@context":"https:\/\/schema.org","@graph":[{"@type":"WebPage","@id":"https:\/\/elfvaping.com\/about-us\/","url":"https:\/\/elfvaping.com\/about-us\/","name":"Az ELFVAPING-r\u0151l - Elf Vaping","isPartOf":{"@id":"https:\/\/elfvaping.com\/cs\/#website"},"datePublished":"2024-06-16T02:16:33+00:00","dateModified":"2026-04-29T03:21:33+00:00","breadcrumb":{"@id":"https:\/\/elfvaping.com\/about-us\/#breadcrumb"},"inLanguage":"hu","potentialAction":[{"@type":"ReadAction","target":["https:\/\/elfvaping.com\/about-us\/"]}]},{"@type":"BreadcrumbList","@id":"https:\/\/elfvaping.com\/about-us\/#breadcrumb","itemListElement":[{"@type":"ListItem","position":1,"name":"Home","item":"https:\/\/elfvaping.com\/"},{"@type":"ListItem","position":2,"name":"About ELFVAPING"}]},{"@type":"WebSite","@id":"https:\/\/elfvaping.com\/cs\/#website","url":"https:\/\/elfvaping.com\/cs\/","name":"Elf Vapeol\u00e1s","description":"A legjobb nagykereskedelmi \u00e1rak az eldobhat\u00f3 vape term\u00e9kekre","publisher":{"@id":"https:\/\/elfvaping.com\/cs\/#organization"},"potentialAction":[{"@type":"SearchAction","target":{"@type":"EntryPoint","urlTemplate":"https:\/\/elfvaping.com\/cs\/?s={search_term_string}"},"query-input":{"@type":"PropertyValueSpecification","valueRequired":true,"valueName":"search_term_string"}}],"inLanguage":"hu"},{"@type":"Organization","@id":"https:\/\/elfvaping.com\/cs\/#organization","name":"Elf Vapeol\u00e1s","url":"https:\/\/elfvaping.com\/cs\/","logo":{"@type":"ImageObject","inLanguage":"hu","@id":"https:\/\/elfvaping.com\/cs\/#\/schema\/logo\/image\/","url":"https:\/\/elfvaping.com\/wp-content\/uploads\/2024\/06\/elfvaping-logo.webp","contentUrl":"https:\/\/elfvaping.com\/wp-content\/uploads\/2024\/06\/elfvaping-logo.webp","width":400,"height":111,"caption":"Elf Vaping"},"image":{"@id":"https:\/\/elfvaping.com\/cs\/#\/schema\/logo\/image\/"},"sameAs":["https:\/\/www.facebook.com\/elfvaping","https:\/\/instagram.com\/elfvaping\/"]}]}},"jetpack_sharing_enabled":true,"_links":{"self":[{"href":"https:\/\/elfvaping.com\/hu\/wp-json\/wp\/v2\/pages\/2","targetHints":{"allow":["GET"]}}],"collection":[{"href":"https:\/\/elfvaping.com\/hu\/wp-json\/wp\/v2\/pages"}],"about":[{"href":"https:\/\/elfvaping.com\/hu\/wp-json\/wp\/v2\/types\/page"}],"author":[{"embeddable":true,"href":"https:\/\/elfvaping.com\/hu\/wp-json\/wp\/v2\/users\/1"}],"replies":[{"embeddable":true,"href":"https:\/\/elfvaping.com\/hu\/wp-json\/wp\/v2\/comments?post=2"}],"version-history":[{"count":0,"href":"https:\/\/elfvaping.com\/hu\/wp-json\/wp\/v2\/pages\/2\/revisions"}],"wp:attachment":[{"href":"https:\/\/elfvaping.com\/hu\/wp-json\/wp\/v2\/media?parent=2"}],"curies":[{"name":"wp","href":"https:\/\/api.w.org\/{rel}","templated":true}]}}