{"id":585,"date":"2024-06-16T02:49:40","date_gmt":"2024-06-16T02:49:40","guid":{"rendered":"https:\/\/elfvaping.com\/?page_id=585"},"modified":"2026-02-24T03:31:26","modified_gmt":"2026-02-24T03:31:26","slug":"cookie-kra-vonatkozo-szabalyzat","status":"publish","type":"page","link":"https:\/\/elfvaping.com\/hu\/cookies-policy\/","title":{"rendered":"S\u00fcti szab\u00e1lyzat"},"content":{"rendered":"<p>Utols\u00f3 friss\u00edt\u00e9s: 2024. \u00e1prilis 26.<\/p>\n<p>Ez a s\u00fctikre vonatkoz\u00f3 ir\u00e1nyelv r\u00e9szletezi a s\u00fctik haszn\u00e1lat\u00e1t az elfvaping.com weboldalon. Az ir\u00e1nyelv megismer\u00e9se betekint\u00e9st ny\u00fajt a haszn\u00e1lt s\u00fctik t\u00edpus\u00e1ba, a s\u00fctik r\u00e9v\u00e9n gy\u0171jt\u00f6tt inform\u00e1ci\u00f3kba \u00e9s azok k\u00e9s\u0151bbi felhaszn\u00e1l\u00e1s\u00e1ba. Ezt az ir\u00e1nyelvet a S\u00fctikre vonatkoz\u00f3 ir\u00e1nyelv gener\u00e1tor seg\u00edts\u00e9g\u00e9vel k\u00e9sz\u00edtett\u00fck.<\/p>\n<p>A s\u00fctik \u00e1ltal\u00e1ban nem tartalmaznak olyan inform\u00e1ci\u00f3kat, amelyek k\u00f6zvetlen\u00fcl azonos\u00edtj\u00e1k a felhaszn\u00e1l\u00f3t. Azonban az \u00d6nre vonatkoz\u00f3an t\u00e1rolt szem\u00e9lyes adatok \u00f6sszef\u00fcgg\u00e9sbe hozhat\u00f3k a s\u00fctikben t\u00e1rolt \u00e9s azokb\u00f3l sz\u00e1rmaztatott inform\u00e1ci\u00f3kkal. A szem\u00e9lyes adatainak felhaszn\u00e1l\u00e1s\u00e1ra, t\u00e1rol\u00e1s\u00e1ra \u00e9s v\u00e9delm\u00e9re vonatkoz\u00f3 r\u00e9szletes inform\u00e1ci\u00f3k\u00e9rt k\u00e9rj\u00fck, tekintse meg Adatv\u00e9delmi Szab\u00e1lyzatunkat.<\/p>\n<p>Olyan \u00e9rz\u00e9keny szem\u00e9lyes inform\u00e1ci\u00f3kat, mint p\u00e9ld\u00e1ul a postac\u00edmek vagy a fi\u00f3k jelszavak, nem t\u00e1rolunk az \u00e1ltalunk haszn\u00e1lt s\u00fctikben.<\/p>\n<p>\u00c9rtelmez\u00e9sek \u00e9s Fogalommeghat\u00e1roz\u00e1sok<\/p>\n<p>Az al\u00e1bbi felt\u00e9telek mellett a nagy kezd\u0151bet\u0171vel \u00edrt \u00e9rtelmez\u00e9si kifejez\u00e9sek meghat\u00e1rozott jelent\u00e9ssel b\u00edrnak. Ezek a meghat\u00e1roz\u00e1sok akkor is \u00e9rv\u00e9nyesek, ha a kifejez\u00e9sek egyes vagy t\u00f6bbes sz\u00e1mban szerepelnek.<\/p>\n<p>\u00c9rtelmez\u00e9sek Ezen S\u00fctikre Vonatkoz\u00f3 Adatv\u00e9delmi Ir\u00e1nyelvek alkalmaz\u00e1s\u00e1ban:<\/p>\n<p>A v\u00e1llalat (amelyre ebben a s\u00fctikre vonatkoz\u00f3 ir\u00e1nyelvben \u201ca V\u00e1llalat\u201d, \u201cMi\u201d, \u201cBenn\u00fcnk\u201d vagy \u201cMinket\u201d n\u00e9ven hivatkozunk) az elfvaping.com-ot jelenti. A s\u00fctik kis f\u00e1jlok, amelyeket egy weboldal helyez el az \u00d6n sz\u00e1m\u00edt\u00f3g\u00e9p\u00e9n, mobil eszk\u00f6z\u00e9n vagy b\u00e1rmely m\u00e1s eszk\u00f6z\u00e9n, \u00e9s amelyek t\u00f6bbek k\u00f6z\u00f6tt az \u00d6n b\u00f6ng\u00e9sz\u00e9si t\u00f6rt\u00e9net\u00e9nek adatait tartalmazz\u00e1k az adott weboldalon. A weboldal alatt az elfvaping.com-ot \u00e9rtj\u00fck, amelyhez a k\u00f6vetkez\u0151 c\u00edmr\u0151l lehet hozz\u00e1f\u00e9rni: <a href=\"https:\/\/elfvaping.com\/hu\/\" target=\"_new\" rel=\"noopener\">https:\/\/elfvaping.com\/<\/a> \u00d6n jelenti azt a szem\u00e9lyt, aki hozz\u00e1f\u00e9r a Weboldalhoz, vagy haszn\u00e1lja azt, vagy egy v\u00e1llalatot, vagy b\u00e1rmely olyan jogi szem\u00e9lyt, amelynek nev\u00e9ben az ilyen szem\u00e9ly hozz\u00e1f\u00e9r a Weboldalhoz, vagy haszn\u00e1lja azt, az adott esetben. A S\u00fctik Haszn\u00e1lata<\/p>\n<p>A haszn\u00e1lt cookie-k t\u00edpusai A cookie-k k\u00e9t kateg\u00f3ri\u00e1ba sorolhat\u00f3k: \u201ctart\u00f3s\u201d \u00e9s \u201cmunkamenet\u201d cookie-k. A tart\u00f3s cookie-k akkor is megmaradnak az \u00d6n szem\u00e9lyi sz\u00e1m\u00edt\u00f3g\u00e9p\u00e9n vagy mobil eszk\u00f6z\u00e9n, ha offline \u00e1llapotban van, m\u00edg a munkamenet cookie-k azonnal t\u00f6rl\u0151dnek, amint bez\u00e1rja a webb\u00f6ng\u00e9sz\u0151t.<\/p>\n<p>A k\u00f6vetkez\u0151 c\u00e9lokb\u00f3l haszn\u00e1lunk munkamenet \u00e9s \u00e1lland\u00f3 s\u00fctiket:<\/p>\n<p>Sz\u00fcks\u00e9ges s\u00fctik<\/p>\n<p>Munkamenet-s\u00fctik<\/p>\n<p>Kezelj\u00fck mi<\/p>\n<p>Ezek a s\u00fctik elengedhetetlenek ahhoz, hogy a weboldalon kereszt\u00fcl el\u00e9rhet\u0151 szolg\u00e1ltat\u00e1sokat biztos\u00edtsuk \u00d6nnek, \u00e9s lehet\u0151v\u00e9 tegy\u00fck bizonyos funkci\u00f3k haszn\u00e1lat\u00e1t. Seg\u00edtenek a felhaszn\u00e1l\u00f3i hiteles\u00edt\u00e9sben \u00e9s megakad\u00e1lyozz\u00e1k a felhaszn\u00e1l\u00f3i fi\u00f3kok vissza\u00e9l\u00e9s\u00e9t. Ezen s\u00fctik n\u00e9lk\u00fcl a k\u00e9rt szolg\u00e1ltat\u00e1sokat nem tudjuk ny\u00fajtani, \u00e9s ezeket a s\u00fctiket kiz\u00e1r\u00f3lag az\u00e9rt haszn\u00e1ljuk, hogy \u00d6nnek ezeket a szolg\u00e1ltat\u00e1sokat biztos\u00edtsuk.<\/p>\n<p>Funkcion\u00e1lis s\u00fctik<\/p>\n<p>\u00c1lland\u00f3 s\u00fctik<\/p>\n<p>Kezelj\u00fck mi<\/p>\n<p>Ezek a s\u00fctik lehet\u0151v\u00e9 teszik sz\u00e1munkra, hogy eml\u00e9kezz\u00fcnk azokra a v\u00e1laszt\u00e1sokra, amelyeket a weboldal haszn\u00e1lata sor\u00e1n hozol, p\u00e9ld\u00e1ul a bejelentkez\u00e9si adataid vagy a nyelvi be\u00e1ll\u00edt\u00e1said t\u00e1rol\u00e1sa r\u00e9v\u00e9n. Ezen s\u00fctik c\u00e9lja, hogy szem\u00e9lyre szabottabb \u00e9lm\u00e9nyt ny\u00fajtsunk, \u00e9s megszabad\u00edtsunk att\u00f3l, hogy minden egyes alkalommal \u00fajra be kelljen \u00e1ll\u00edtanod a preferenci\u00e1idat, amikor kapcsolatba l\u00e9psz a weboldallal.<\/p>\n<p>S\u00fctikkel kapcsolatos v\u00e1laszt\u00e1sai Ha \u00fagy d\u00f6nt, hogy nem haszn\u00e1lja a s\u00fctiket a weboldalon, el\u0151sz\u00f6r le kell tiltania a s\u00fctik haszn\u00e1lat\u00e1t a b\u00f6ng\u00e9sz\u0151j\u00e9ben, majd t\u00f6r\u00f6lnie kell a b\u00f6ng\u00e9sz\u0151j\u00e9ben mentett, ezzel a weboldallal kapcsolatos s\u00fctiket. \u00d6nnek b\u00e1rmikor lehet\u0151s\u00e9ge van ezt a m\u00f3dszert alkalmazni a s\u00fctik haszn\u00e1lat\u00e1nak megel\u0151z\u00e9s\u00e9re.<\/p>\n<p>Ha elutas\u00edtja s\u00fctijeinket, el\u0151fordulhat, hogy neh\u00e9zs\u00e9geket tapasztal a weboldal haszn\u00e1lat\u00e1ban, \u00e9s bizonyos funkci\u00f3k nem m\u0171k\u00f6dnek megfelel\u0151en.<\/p>\n<p>Ha t\u00f6r\u00f6lni szeretn\u00e9 a s\u00fctiket, vagy utas\u00edtani szeretn\u00e9 webb\u00f6ng\u00e9sz\u0151j\u00e9t, hogy t\u00f6r\u00f6lje vagy utas\u00edtsa el a s\u00fctiket, k\u00e9rj\u00fck, tekintse meg webb\u00f6ng\u00e9sz\u0151je s\u00fag\u00f3 oldalait.<\/p>\n<p>K\u00e9rj\u00fck, l\u00e1togasson el erre az oldalra a Google Chrome webb\u00f6ng\u00e9sz\u0151j\u00e9b\u0151l: <a href=\"https:\/\/support.google.com\/accounts\/answer\/32050\" rel=\"nofollow\">https:\/\/support.google.com\/accounts\/answer\/32050<\/a><\/p>\n<p>K\u00e9rj\u00fck, az Internet Explorer webb\u00f6ng\u00e9sz\u0151 eset\u00e9ben l\u00e1togasson el erre a Microsoft oldalra: <a href=\"http:\/\/support.microsoft.com\/kb\/278835\" rel=\"nofollow\">http:\/\/support.microsoft.com\/kb\/278835<\/a><\/p>\n<p>A Firefox webb\u00f6ng\u00e9sz\u0151h\u00f6z k\u00e9rlek, l\u00e1togassa meg ezt az oldalt a Mozill\u00e1t\u00f3l: <a href=\"https:\/\/support.mozilla.org\/en-US\/kb\/delete-cookies-remove-info-websites-stored\" rel=\"nofollow\">https:\/\/support.mozilla.org\/en-US\/kb\/delete-cookies-remove-info-websites-stored<\/a><\/p>\n<p>K\u00e9rj\u00fck, nyissa meg ezt az oldalt az Apple-t\u0151l a Safari webb\u00f6ng\u00e9sz\u0151ben: <a href=\"https:\/\/support.apple.com\/guide\/safari\/manage-cookies-and-website-data-sfri11471\/mac\" rel=\"nofollow\">https:\/\/support.apple.com\/guide\/safari\/manage-cookies-and-website-data-sfri11471\/mac<\/a><\/p>\n<p>M\u00e1s b\u00f6ng\u00e9sz\u0151 eset\u00e9n k\u00e9rj\u00fck, l\u00e1togasson el a b\u00f6ng\u00e9sz\u0151 hivatalos weboldal\u00e1ra.<\/p>\n<p>Tov\u00e1bbi inform\u00e1ci\u00f3 a s\u00fctikr\u0151l Ha t\u00f6bbet szeretne megtudni a s\u00fctikr\u0151l, l\u00e1togasson el a TermsFeed S\u00fctikr\u0151l sz\u00f3l\u00f3 oldal\u00e1ra.<\/p>\n<p>Forduljon hozz\u00e1nk Ha b\u00e1rmilyen k\u00e9rd\u00e9se van jelen S\u00fcti Politik\u00e1val kapcsolatban, k\u00e9rj\u00fck, vegye fel vel\u00fcnk a kapcsolatot:<\/p>\n<p>E-mailben: <a target=\"_new\" rel=\"noopener\">info@elfvaping.com<\/a><\/p>","protected":false},"excerpt":{"rendered":"<p>Last updated: April 26, 2024 This Cookies Policy delineates the utilization of Cookies on our website, elfvaping.com. Familiarizing yourself with this policy will provide insight into the types of Cookies we utilize, the information garnered through Cookies, and its subsequent application. This policy has been crafted with the aid of the Cookies Policy Generator. Cookies [&#8230;]\n","protected":false},"author":1,"featured_media":0,"parent":0,"menu_order":0,"comment_status":"closed","ping_status":"closed","template":"page-blank-title-center.php","meta":{"_lmt_disableupdate":"no","_lmt_disable":"","jetpack_post_was_ever_published":false,"footnotes":""},"class_list":["post-585","page","type-page","status-publish","hentry"],"yoast_head":"<!-- This site is optimized with the Yoast SEO plugin v27.4 - https:\/\/yoast.com\/product\/yoast-seo-wordpress\/ -->\n<title>Cookies Policy - Elf Vaping<\/title>\n<meta name=\"robots\" content=\"index, follow, max-snippet:-1, max-image-preview:large, max-video-preview:-1\" \/>\n<link rel=\"canonical\" href=\"https:\/\/elfvaping.com\/hu\/cookie-kra-vonatkozo-szabalyzat\/\" \/>\n<meta property=\"og:locale\" content=\"hu_HU\" \/>\n<meta property=\"og:type\" content=\"article\" \/>\n<meta property=\"og:title\" content=\"Cookies Policy - Elf Vaping\" \/>\n<meta property=\"og:description\" content=\"Last updated: April 26, 2024 This Cookies Policy delineates the utilization of Cookies on our website, elfvaping.com. Familiarizing yourself with this policy will provide insight into the types of Cookies we utilize, the information garnered through Cookies, and its subsequent application. This policy has been crafted with the aid of the Cookies Policy Generator. Cookies [...]\" \/>\n<meta property=\"og:url\" content=\"https:\/\/elfvaping.com\/hu\/cookie-kra-vonatkozo-szabalyzat\/\" \/>\n<meta property=\"og:site_name\" content=\"Elf Vaping\" \/>\n<meta property=\"article:publisher\" content=\"https:\/\/www.facebook.com\/elfvaping\" \/>\n<meta property=\"article:modified_time\" content=\"2026-02-24T03:31:26+00:00\" \/>\n<meta name=\"twitter:card\" content=\"summary_large_image\" \/>\n<meta name=\"twitter:label1\" content=\"Becs\u00fclt olvas\u00e1si id\u0151\" \/>\n\t<meta name=\"twitter:data1\" content=\"3 perc\" \/>\n<script type=\"application\/ld+json\" class=\"yoast-schema-graph\">{\"@context\":\"https:\\\/\\\/schema.org\",\"@graph\":[{\"@type\":\"WebPage\",\"@id\":\"https:\\\/\\\/elfvaping.com\\\/cookies-policy\\\/\",\"url\":\"https:\\\/\\\/elfvaping.com\\\/cookies-policy\\\/\",\"name\":\"Cookies Policy - Elf Vaping\",\"isPartOf\":{\"@id\":\"https:\\\/\\\/elfvaping.com\\\/cs\\\/#website\"},\"datePublished\":\"2024-06-16T02:49:40+00:00\",\"dateModified\":\"2026-02-24T03:31:26+00:00\",\"breadcrumb\":{\"@id\":\"https:\\\/\\\/elfvaping.com\\\/cookies-policy\\\/#breadcrumb\"},\"inLanguage\":\"hu\",\"potentialAction\":[{\"@type\":\"ReadAction\",\"target\":[\"https:\\\/\\\/elfvaping.com\\\/cookies-policy\\\/\"]}]},{\"@type\":\"BreadcrumbList\",\"@id\":\"https:\\\/\\\/elfvaping.com\\\/cookies-policy\\\/#breadcrumb\",\"itemListElement\":[{\"@type\":\"ListItem\",\"position\":1,\"name\":\"Home\",\"item\":\"https:\\\/\\\/elfvaping.com\\\/\"},{\"@type\":\"ListItem\",\"position\":2,\"name\":\"Cookies Policy\"}]},{\"@type\":\"WebSite\",\"@id\":\"https:\\\/\\\/elfvaping.com\\\/cs\\\/#website\",\"url\":\"https:\\\/\\\/elfvaping.com\\\/cs\\\/\",\"name\":\"Elf Vaping\",\"description\":\"Best Wholesale Prices for Disposable Vapes\",\"publisher\":{\"@id\":\"https:\\\/\\\/elfvaping.com\\\/cs\\\/#organization\"},\"potentialAction\":[{\"@type\":\"SearchAction\",\"target\":{\"@type\":\"EntryPoint\",\"urlTemplate\":\"https:\\\/\\\/elfvaping.com\\\/cs\\\/?s={search_term_string}\"},\"query-input\":{\"@type\":\"PropertyValueSpecification\",\"valueRequired\":true,\"valueName\":\"search_term_string\"}}],\"inLanguage\":\"hu\"},{\"@type\":\"Organization\",\"@id\":\"https:\\\/\\\/elfvaping.com\\\/cs\\\/#organization\",\"name\":\"Elf Vaping\",\"url\":\"https:\\\/\\\/elfvaping.com\\\/cs\\\/\",\"logo\":{\"@type\":\"ImageObject\",\"inLanguage\":\"hu\",\"@id\":\"https:\\\/\\\/elfvaping.com\\\/cs\\\/#\\\/schema\\\/logo\\\/image\\\/\",\"url\":\"https:\\\/\\\/elfvaping.com\\\/wp-content\\\/uploads\\\/2024\\\/06\\\/elfvaping-logo.webp\",\"contentUrl\":\"https:\\\/\\\/elfvaping.com\\\/wp-content\\\/uploads\\\/2024\\\/06\\\/elfvaping-logo.webp\",\"width\":400,\"height\":111,\"caption\":\"Elf Vaping\"},\"image\":{\"@id\":\"https:\\\/\\\/elfvaping.com\\\/cs\\\/#\\\/schema\\\/logo\\\/image\\\/\"},\"sameAs\":[\"https:\\\/\\\/www.facebook.com\\\/elfvaping\",\"https:\\\/\\\/instagram.com\\\/elfvaping\\\/\"]}]}<\/script>\n<!-- \/ Yoast SEO plugin. -->","yoast_head_json":{"title":"S\u00fctikre vonatkoz\u00f3 szab\u00e1lyzat - Elf Vaping","robots":{"index":"index","follow":"follow","max-snippet":"max-snippet:-1","max-image-preview":"max-image-preview:large","max-video-preview":"max-video-preview:-1"},"canonical":"https:\/\/elfvaping.com\/hu\/cookie-kra-vonatkozo-szabalyzat\/","og_locale":"hu_HU","og_type":"article","og_title":"Cookies Policy - Elf Vaping","og_description":"Last updated: April 26, 2024 This Cookies Policy delineates the utilization of Cookies on our website, elfvaping.com. Familiarizing yourself with this policy will provide insight into the types of Cookies we utilize, the information garnered through Cookies, and its subsequent application. This policy has been crafted with the aid of the Cookies Policy Generator. Cookies [...]","og_url":"https:\/\/elfvaping.com\/hu\/cookie-kra-vonatkozo-szabalyzat\/","og_site_name":"Elf Vaping","article_publisher":"https:\/\/www.facebook.com\/elfvaping","article_modified_time":"2026-02-24T03:31:26+00:00","twitter_card":"summary_large_image","twitter_misc":{"Becs\u00fclt olvas\u00e1si id\u0151":"3 perc"},"schema":{"@context":"https:\/\/schema.org","@graph":[{"@type":"WebPage","@id":"https:\/\/elfvaping.com\/cookies-policy\/","url":"https:\/\/elfvaping.com\/cookies-policy\/","name":"S\u00fctikre vonatkoz\u00f3 szab\u00e1lyzat - Elf Vaping","isPartOf":{"@id":"https:\/\/elfvaping.com\/cs\/#website"},"datePublished":"2024-06-16T02:49:40+00:00","dateModified":"2026-02-24T03:31:26+00:00","breadcrumb":{"@id":"https:\/\/elfvaping.com\/cookies-policy\/#breadcrumb"},"inLanguage":"hu","potentialAction":[{"@type":"ReadAction","target":["https:\/\/elfvaping.com\/cookies-policy\/"]}]},{"@type":"BreadcrumbList","@id":"https:\/\/elfvaping.com\/cookies-policy\/#breadcrumb","itemListElement":[{"@type":"ListItem","position":1,"name":"Home","item":"https:\/\/elfvaping.com\/"},{"@type":"ListItem","position":2,"name":"Cookies Policy"}]},{"@type":"WebSite","@id":"https:\/\/elfvaping.com\/cs\/#website","url":"https:\/\/elfvaping.com\/cs\/","name":"Elf Vapeol\u00e1s","description":"A legjobb nagykereskedelmi \u00e1rak az eldobhat\u00f3 vape term\u00e9kekre","publisher":{"@id":"https:\/\/elfvaping.com\/cs\/#organization"},"potentialAction":[{"@type":"SearchAction","target":{"@type":"EntryPoint","urlTemplate":"https:\/\/elfvaping.com\/cs\/?s={search_term_string}"},"query-input":{"@type":"PropertyValueSpecification","valueRequired":true,"valueName":"search_term_string"}}],"inLanguage":"hu"},{"@type":"Organization","@id":"https:\/\/elfvaping.com\/cs\/#organization","name":"Elf Vapeol\u00e1s","url":"https:\/\/elfvaping.com\/cs\/","logo":{"@type":"ImageObject","inLanguage":"hu","@id":"https:\/\/elfvaping.com\/cs\/#\/schema\/logo\/image\/","url":"https:\/\/elfvaping.com\/wp-content\/uploads\/2024\/06\/elfvaping-logo.webp","contentUrl":"https:\/\/elfvaping.com\/wp-content\/uploads\/2024\/06\/elfvaping-logo.webp","width":400,"height":111,"caption":"Elf Vaping"},"image":{"@id":"https:\/\/elfvaping.com\/cs\/#\/schema\/logo\/image\/"},"sameAs":["https:\/\/www.facebook.com\/elfvaping","https:\/\/instagram.com\/elfvaping\/"]}]}},"jetpack_sharing_enabled":true,"_links":{"self":[{"href":"https:\/\/elfvaping.com\/hu\/wp-json\/wp\/v2\/pages\/585","targetHints":{"allow":["GET"]}}],"collection":[{"href":"https:\/\/elfvaping.com\/hu\/wp-json\/wp\/v2\/pages"}],"about":[{"href":"https:\/\/elfvaping.com\/hu\/wp-json\/wp\/v2\/types\/page"}],"author":[{"embeddable":true,"href":"https:\/\/elfvaping.com\/hu\/wp-json\/wp\/v2\/users\/1"}],"replies":[{"embeddable":true,"href":"https:\/\/elfvaping.com\/hu\/wp-json\/wp\/v2\/comments?post=585"}],"version-history":[{"count":0,"href":"https:\/\/elfvaping.com\/hu\/wp-json\/wp\/v2\/pages\/585\/revisions"}],"wp:attachment":[{"href":"https:\/\/elfvaping.com\/hu\/wp-json\/wp\/v2\/media?parent=585"}],"curies":[{"name":"wp","href":"https:\/\/api.w.org\/{rel}","templated":true}]}}