{"id":813,"date":"2024-06-16T02:50:34","date_gmt":"2024-06-16T02:50:34","guid":{"rendered":"https:\/\/elfvaping.com\/?page_id=813"},"modified":"2024-08-05T12:42:22","modified_gmt":"2024-08-05T12:42:22","slug":"politica-sulleta","status":"publish","type":"page","link":"https:\/\/elfvaping.com\/it\/age-policy\/","title":{"rendered":"Politica sull'et\u00e0 per Elfvaping"},"content":{"rendered":"<p>In Elfvaping, ci atteniamo a rigorosi procedimenti di verifica dell'et\u00e0 per garantire la conformit\u00e0 ai requisiti legali riguardanti la vendita di prodotti per sigarette elettroniche. \u00c8 fondamentale che tutti i clienti abbiano raggiunto l'et\u00e0 minima legale per fumare, che negli Stati Uniti \u00e8 di 21 anni, per effettuare acquisti sul nostro sito web.<\/p>\n<p>La falsificazione dell'et\u00e0 \u00e8 illegale e pu\u00f2 comportare gravi conseguenze legali. Non tolleriamo alcun tentativo di fornire informazioni false sull'et\u00e0 durante il processo di acquisto.<\/p>\n<p>Vietiamo severamente l'acquisto dei nostri prodotti ai minori. Qualsiasi individuo che risulti aver effettuato un acquisto per conto di minori sar\u00e0 soggetto a conseguenze legali.<\/p>\n<p>Il nostro processo di verifica dell'et\u00e0 prevede la raccolta di informazioni personali come nome, indirizzo, data di nascita e le ultime quattro cifre del tuo numero di sicurezza sociale. Queste informazioni vengono incrociate con registri pubblici per verificare la tua et\u00e0. Se non \u00e8 possibile fornire le informazioni sul numero di sicurezza sociale, i clienti devono caricare un documento d'identit\u00e0 rilasciato dal governo per la verifica.<\/p>\n<p>Nell'ambito del nostro impegno a prevenire la vendita a minori, ci riserviamo il diritto di rifiutare o cancellare gli ordini se non \u00e8 possibile fornire tempestivamente un'identificazione valida.<\/p>\n<p>Siamo impegnati nella prevenzione tra i giovani e utilizziamo sistemi di verifica dell'et\u00e0 robusti per sostenere questo impegno. Tuttavia, se i clienti ritengono che un rifiuto del servizio sia stato ingiustificato, sono invitati a contattare il nostro team di assistenza clienti per aiuto.<\/p>\n<p>Il nostro sito web visualizza chiaramente un avviso sui contenuti relativi alle sigarette elettroniche e sottolinea la necessit\u00e0 di avere almeno 21 anni negli Stati Uniti per effettuare acquisti. Ci\u00f2 serve a ricordare i requisiti di legge e la nostra dedizione alla conformit\u00e0.<\/p>","protected":false},"excerpt":{"rendered":"<p>At Elfvaping, we adhere to strict age verification procedures to ensure compliance with legal requirements regarding the sale of electronic cigarette products. It is imperative that all customers meet the minimum legal smoking age, which is 21 years old in the United States, to make purchases from our website. Falsification of age is unlawful and [&#8230;]\n","protected":false},"author":1,"featured_media":0,"parent":0,"menu_order":0,"comment_status":"closed","ping_status":"closed","template":"page-blank-title-center.php","meta":{"_lmt_disableupdate":"","_lmt_disable":"","footnotes":""},"class_list":["post-813","page","type-page","status-publish","hentry"],"yoast_head":"<!-- This site is optimized with the Yoast SEO plugin v27.6 - https:\/\/yoast.com\/product\/yoast-seo-wordpress\/ -->\n<title>Elfvaping Age Policy - Elf Vaping<\/title>\n<meta name=\"robots\" content=\"index, follow, max-snippet:-1, max-image-preview:large, max-video-preview:-1\" \/>\n<link rel=\"canonical\" href=\"https:\/\/elfvaping.com\/it\/politica-sulleta\/\" \/>\n<meta property=\"og:locale\" content=\"it_IT\" \/>\n<meta property=\"og:type\" content=\"article\" \/>\n<meta property=\"og:title\" content=\"Elfvaping Age Policy - Elf Vaping\" \/>\n<meta property=\"og:description\" content=\"At Elfvaping, we adhere to strict age verification procedures to ensure compliance with legal requirements regarding the sale of electronic cigarette products. It is imperative that all customers meet the minimum legal smoking age, which is 21 years old in the United States, to make purchases from our website. Falsification of age is unlawful and [...]\" \/>\n<meta property=\"og:url\" content=\"https:\/\/elfvaping.com\/it\/politica-sulleta\/\" \/>\n<meta property=\"og:site_name\" content=\"Elf Vaping\" \/>\n<meta property=\"article:publisher\" content=\"https:\/\/www.facebook.com\/elfvaping\" \/>\n<meta property=\"article:modified_time\" content=\"2024-08-05T12:42:22+00:00\" \/>\n<meta name=\"twitter:card\" content=\"summary_large_image\" \/>\n<meta name=\"twitter:label1\" content=\"Tempo di lettura stimato\" \/>\n\t<meta name=\"twitter:data1\" content=\"1 minuto\" \/>\n<script type=\"application\/ld+json\" class=\"yoast-schema-graph\">{\"@context\":\"https:\\\/\\\/schema.org\",\"@graph\":[{\"@type\":\"WebPage\",\"@id\":\"https:\\\/\\\/elfvaping.com\\\/age-policy\\\/\",\"url\":\"https:\\\/\\\/elfvaping.com\\\/age-policy\\\/\",\"name\":\"Elfvaping Age Policy - Elf Vaping\",\"isPartOf\":{\"@id\":\"https:\\\/\\\/elfvaping.com\\\/cs\\\/#website\"},\"datePublished\":\"2024-06-16T02:50:34+00:00\",\"dateModified\":\"2024-08-05T12:42:22+00:00\",\"breadcrumb\":{\"@id\":\"https:\\\/\\\/elfvaping.com\\\/age-policy\\\/#breadcrumb\"},\"inLanguage\":\"it-IT\",\"potentialAction\":[{\"@type\":\"ReadAction\",\"target\":[\"https:\\\/\\\/elfvaping.com\\\/age-policy\\\/\"]}]},{\"@type\":\"BreadcrumbList\",\"@id\":\"https:\\\/\\\/elfvaping.com\\\/age-policy\\\/#breadcrumb\",\"itemListElement\":[{\"@type\":\"ListItem\",\"position\":1,\"name\":\"Home\",\"item\":\"https:\\\/\\\/elfvaping.com\\\/\"},{\"@type\":\"ListItem\",\"position\":2,\"name\":\"Elfvaping Age Policy\"}]},{\"@type\":\"WebSite\",\"@id\":\"https:\\\/\\\/elfvaping.com\\\/cs\\\/#website\",\"url\":\"https:\\\/\\\/elfvaping.com\\\/cs\\\/\",\"name\":\"Elf Vaping\",\"description\":\"Best Wholesale Prices for Disposable Vapes\",\"publisher\":{\"@id\":\"https:\\\/\\\/elfvaping.com\\\/cs\\\/#organization\"},\"potentialAction\":[{\"@type\":\"SearchAction\",\"target\":{\"@type\":\"EntryPoint\",\"urlTemplate\":\"https:\\\/\\\/elfvaping.com\\\/cs\\\/?s={search_term_string}\"},\"query-input\":{\"@type\":\"PropertyValueSpecification\",\"valueRequired\":true,\"valueName\":\"search_term_string\"}}],\"inLanguage\":\"it-IT\"},{\"@type\":\"Organization\",\"@id\":\"https:\\\/\\\/elfvaping.com\\\/cs\\\/#organization\",\"name\":\"Elf Vaping\",\"url\":\"https:\\\/\\\/elfvaping.com\\\/cs\\\/\",\"logo\":{\"@type\":\"ImageObject\",\"inLanguage\":\"it-IT\",\"@id\":\"https:\\\/\\\/elfvaping.com\\\/cs\\\/#\\\/schema\\\/logo\\\/image\\\/\",\"url\":\"https:\\\/\\\/elfvaping.com\\\/wp-content\\\/uploads\\\/2024\\\/06\\\/elfvaping-logo.webp\",\"contentUrl\":\"https:\\\/\\\/elfvaping.com\\\/wp-content\\\/uploads\\\/2024\\\/06\\\/elfvaping-logo.webp\",\"width\":400,\"height\":111,\"caption\":\"Elf Vaping\"},\"image\":{\"@id\":\"https:\\\/\\\/elfvaping.com\\\/cs\\\/#\\\/schema\\\/logo\\\/image\\\/\"},\"sameAs\":[\"https:\\\/\\\/www.facebook.com\\\/elfvaping\",\"https:\\\/\\\/instagram.com\\\/elfvaping\\\/\"]}]}<\/script>\n<!-- \/ Yoast SEO plugin. -->","yoast_head_json":{"title":"Politica sull'et\u00e0 per il vaping di Elf - Elf Vaping","robots":{"index":"index","follow":"follow","max-snippet":"max-snippet:-1","max-image-preview":"max-image-preview:large","max-video-preview":"max-video-preview:-1"},"canonical":"https:\/\/elfvaping.com\/it\/politica-sulleta\/","og_locale":"it_IT","og_type":"article","og_title":"Elfvaping Age Policy - Elf Vaping","og_description":"At Elfvaping, we adhere to strict age verification procedures to ensure compliance with legal requirements regarding the sale of electronic cigarette products. It is imperative that all customers meet the minimum legal smoking age, which is 21 years old in the United States, to make purchases from our website. Falsification of age is unlawful and [...]","og_url":"https:\/\/elfvaping.com\/it\/politica-sulleta\/","og_site_name":"Elf Vaping","article_publisher":"https:\/\/www.facebook.com\/elfvaping","article_modified_time":"2024-08-05T12:42:22+00:00","twitter_card":"summary_large_image","twitter_misc":{"Tempo di lettura stimato":"1 minuto"},"schema":{"@context":"https:\/\/schema.org","@graph":[{"@type":"WebPage","@id":"https:\/\/elfvaping.com\/age-policy\/","url":"https:\/\/elfvaping.com\/age-policy\/","name":"Politica sull'et\u00e0 per il vaping di Elf - Elf Vaping","isPartOf":{"@id":"https:\/\/elfvaping.com\/cs\/#website"},"datePublished":"2024-06-16T02:50:34+00:00","dateModified":"2024-08-05T12:42:22+00:00","breadcrumb":{"@id":"https:\/\/elfvaping.com\/age-policy\/#breadcrumb"},"inLanguage":"it-IT","potentialAction":[{"@type":"ReadAction","target":["https:\/\/elfvaping.com\/age-policy\/"]}]},{"@type":"BreadcrumbList","@id":"https:\/\/elfvaping.com\/age-policy\/#breadcrumb","itemListElement":[{"@type":"ListItem","position":1,"name":"Home","item":"https:\/\/elfvaping.com\/"},{"@type":"ListItem","position":2,"name":"Elfvaping Age Policy"}]},{"@type":"WebSite","@id":"https:\/\/elfvaping.com\/cs\/#website","url":"https:\/\/elfvaping.com\/cs\/","name":"Elf Vaping","description":"I migliori prezzi all'ingrosso per vaporizzatori usa e getta","publisher":{"@id":"https:\/\/elfvaping.com\/cs\/#organization"},"potentialAction":[{"@type":"SearchAction","target":{"@type":"EntryPoint","urlTemplate":"https:\/\/elfvaping.com\/cs\/?s={search_term_string}"},"query-input":{"@type":"PropertyValueSpecification","valueRequired":true,"valueName":"search_term_string"}}],"inLanguage":"it-IT"},{"@type":"Organization","@id":"https:\/\/elfvaping.com\/cs\/#organization","name":"Elf Vaping","url":"https:\/\/elfvaping.com\/cs\/","logo":{"@type":"ImageObject","inLanguage":"it-IT","@id":"https:\/\/elfvaping.com\/cs\/#\/schema\/logo\/image\/","url":"https:\/\/elfvaping.com\/wp-content\/uploads\/2024\/06\/elfvaping-logo.webp","contentUrl":"https:\/\/elfvaping.com\/wp-content\/uploads\/2024\/06\/elfvaping-logo.webp","width":400,"height":111,"caption":"Elf Vaping"},"image":{"@id":"https:\/\/elfvaping.com\/cs\/#\/schema\/logo\/image\/"},"sameAs":["https:\/\/www.facebook.com\/elfvaping","https:\/\/instagram.com\/elfvaping\/"]}]}},"jetpack_sharing_enabled":true,"_links":{"self":[{"href":"https:\/\/elfvaping.com\/it\/wp-json\/wp\/v2\/pages\/813","targetHints":{"allow":["GET"]}}],"collection":[{"href":"https:\/\/elfvaping.com\/it\/wp-json\/wp\/v2\/pages"}],"about":[{"href":"https:\/\/elfvaping.com\/it\/wp-json\/wp\/v2\/types\/page"}],"author":[{"embeddable":true,"href":"https:\/\/elfvaping.com\/it\/wp-json\/wp\/v2\/users\/1"}],"replies":[{"embeddable":true,"href":"https:\/\/elfvaping.com\/it\/wp-json\/wp\/v2\/comments?post=813"}],"version-history":[{"count":0,"href":"https:\/\/elfvaping.com\/it\/wp-json\/wp\/v2\/pages\/813\/revisions"}],"wp:attachment":[{"href":"https:\/\/elfvaping.com\/it\/wp-json\/wp\/v2\/media?parent=813"}],"curies":[{"name":"wp","href":"https:\/\/api.w.org\/{rel}","templated":true}]}}