{"id":1482,"date":"2024-06-16T02:52:54","date_gmt":"2024-06-16T02:52:54","guid":{"rendered":"https:\/\/elfvaping.com\/?page_id=1482"},"modified":"2026-02-24T03:27:26","modified_gmt":"2026-02-24T03:27:26","slug":"salygos-ir-nuostatos","status":"publish","type":"page","link":"https:\/\/elfvaping.com\/lt\/terms-conditions\/","title":{"rendered":"S\u0105lygos ir nuostatai"},"content":{"rendered":"<p dir=\"auto\">Sveiki atvyk\u0119 \u012f elfvaping.com, pirmaujan\u010di\u0105 internetin\u0119 parduotuv\u0119, kurioje specializuojam\u0117s vienkartini\u0173 garintuv\u0173 produkt\u0173 pardavime. \u0160iame dokumente visi pamin\u0117jimai \u2018elfvaping.com\u2019, \u2018mes\u2019, \u2018m\u016bs\u0173\u2019 arba \u2018mus\u2019 rei\u0161kia m\u016bs\u0173 internetin\u0119 platform\u0105.<\/p>\r\n<p dir=\"auto\"><strong>Nuosavyb\u0117 ir prieiga:<\/strong><br \/>elfvaping.com svetain\u0117 yra m\u016bs\u0173 nuosavyb\u0117 ir j\u0105 valdome, suteikiant prieig\u0105 pagal \u010dia nurodytas s\u0105lygas ir taisykles. Naudodamiesi m\u016bs\u0173 svetaine, j\u016bs sutinkate laikytis \u0161i\u0173 s\u0105lyg\u0173, \u012fskaitant bet kokias papildomas politikas, \u012f kurias yra atkreipiamas d\u0117mesys arba kurios yra prieinamos per hipertekstin\u0119 nuorod\u0105.<\/p>\r\n<p dir=\"auto\"><strong>Atnaujinimai ir pakeitimai:<\/strong><br \/>Mes pasilieka teis\u0119 savo nuo\u017ei\u016bra atnaujinti, pakeisti arba bet kada i\u0161 dalies keisti \u0161ias Paslaug\u0173 s\u0105lygas. Jums yra svarbu periodi\u0161kai per\u017ei\u016br\u0117ti \u0161ias s\u0105lygas, kad b\u016btum\u0117te informuoti apie bet kokius pakeitimus. Jei po pakeitim\u0173 toliau naudosit\u0117s m\u016bs\u0173 svetaine, laikysime, kad sutinkate su atnaujintomis s\u0105lygomis.<\/p>\r\n<p dir=\"auto\"><strong>Naudotojo Atsakomyb\u0117s:<\/strong><br \/>Lankydamas m\u016bs\u0173 svetain\u0119, j\u016bs patvirtinate, kad jums yra bent a\u0161tuoniolika (18) met\u0173. Atlikdamas bet kokias operacijas svetain\u0117je, j\u016bs sutinkate su \u0161iais s\u0105lygomis. Neleistinas naudojimas arba svetain\u0117s saugumo pa\u017eeidimas yra draud\u017eiamas.<\/p>\r\n<p dir=\"auto\"><strong>Klaidos ir Pataisymai:<\/strong><br \/>Stengdam\u0117s u\u017etikrinti tikslum\u0105, ta\u010diau kartais elfvaping.com svetain\u0117je gali atsirasti klaid\u0173 ar netikslum\u0173. Sau lygiame teis\u0119 i\u0161taisyti tokias problemas be i\u0161ankstinio \u012fsp\u0117jimo. \u012estatym\u0173 nustatytais atvejais, neprivalome atnaujinti informacijos.<\/p>\r\n<p dir=\"auto\"><strong>U\u017esakym\u0173 valdymas:<\/strong><br \/>Mes pasilieka teis\u0119 atsisakyti arba keisti bet kokius m\u016bs\u0173 svetain\u0117je pateiktus u\u017esakymus. Jei u\u017esakymas kei\u010diamas arba at\u0161aukiamas, mes stengsim\u0117s jus apie tai informuoti naudojant j\u016bs\u0173 pateikt\u0105 kontaktin\u0119 informacij\u0105. Jums svarbu u\u017etikrinti, kad j\u016bs\u0173 s\u0105skaitos ir pirkimo informacija b\u016bt\u0173 tiksli.<\/p>\r\n<p dir=\"auto\"><strong>Intelektin\u0117 nuosavyb\u0117:<\/strong><br \/>Visos prekin\u0117s \u017eenklo, logotipai ir turinys, rodomi elfvaping.com svetain\u0117je, yra m\u016bs\u0173 \u012fmon\u0117s, jos filial\u0173 arba licenzij\u0173 tur\u0117toj\u0173 intelektin\u0117 nuosavyb\u0117. Neleistinas \u0161ios intelektin\u0117s nuosavyb\u0117s naudojimas yra grie\u017etai draud\u017eiamas.<\/p>\r\n<p dir=\"auto\"><strong>Nuorodos ir tre\u010di\u0173j\u0173 \u0161ali\u0173 turinys:<\/strong><br \/>Nuorodos \u012f elfvaping.com svetain\u0119 reikalauja i\u0161ankstinio patvirtinimo. Mes nepatvirtiname ir neprisiimame atsakomyb\u0117s u\u017e tre\u010di\u0173j\u0173 \u0161ali\u0173 turin\u012f, susiet\u0105 su m\u016bs\u0173 svetaine.<\/p>\r\n<p dir=\"auto\"><strong>Atsakomyb\u0117s apribojimas:<\/strong><br \/>\u012estatym\u0173 leid\u017eiamu mastu mes neatsakome u\u017e jokius nuostolius ar \u017eal\u0105, atsiradusi\u0105 d\u0117l j\u016bs\u0173 naudojimosi elfvaping.com svetaine. Mes neatsakome u\u017e netiesioginius ar i\u0161plaukian\u010dius nuostolius. Naudodamiesi svetaine, j\u016bs sutinkate su \u0161iais s\u0105lygomis.<\/p>\r\n<p dir=\"auto\"><strong>Asmenin\u0117 informacija:<\/strong><br \/>Asmenin\u0117s informacijos pateikimas svetain\u0117je elfvaping.com yra reglamentuojamas m\u016bs\u0173 privatumo politikos.<\/p>\r\n<p dir=\"auto\">D\u0117kojame, kad pasirinkote elfvaping.com. Lankydamiesi m\u016bs\u0173 svetain\u0117je, j\u016bs sutinkate laikytis \u0161i\u0173 Paslaug\u0173 teikimo s\u0105lyg\u0173.<\/p>\r\n<p dir=\"auto\">\u00a0<\/p>\r\n<p dir=\"auto\"><span style=\"color: #e14d43;\"><strong>\u0160ios Paslaug\u0173 s\u0105lygos ir bet kokie atskiri susitarimai, pagal kuriuos mes jums teikiame paslaugas, bus reglamentuojami ir ai\u0161kinami pagal Honkongo teis\u0117s aktus.<\/strong><\/span><\/p>","protected":false},"excerpt":{"rendered":"<p>Welcome to elfvaping.com, a premier online store specializing in the sale of disposable vape products. Throughout this document, references to &#8216;elfvaping.com,&#8217; &#8216;we,&#8217; &#8216;us,&#8217; or &#8216;our&#8217; pertain to our online platform. Ownership and Access:elfvaping.com is owned and operated by us, providing access subject to the terms and conditions outlined herein. By using our website, you agree [&#8230;]\n","protected":false},"author":1,"featured_media":0,"parent":0,"menu_order":0,"comment_status":"closed","ping_status":"closed","template":"page-blank-title-center.php","meta":{"_lmt_disableupdate":"no","_lmt_disable":"","footnotes":""},"class_list":["post-1482","page","type-page","status-publish","hentry"],"yoast_head":"<!-- This site is optimized with the Yoast SEO plugin v27.5 - https:\/\/yoast.com\/product\/yoast-seo-wordpress\/ -->\n<title>Terms &amp; Conditions - Elf Vaping<\/title>\n<meta name=\"robots\" content=\"index, follow, max-snippet:-1, max-image-preview:large, max-video-preview:-1\" \/>\n<link rel=\"canonical\" href=\"https:\/\/elfvaping.com\/lt\/salygos-ir-nuostatos\/\" \/>\n<meta property=\"og:locale\" content=\"lt_LT\" \/>\n<meta property=\"og:type\" content=\"article\" \/>\n<meta property=\"og:title\" content=\"Terms &amp; Conditions - Elf Vaping\" \/>\n<meta property=\"og:description\" content=\"Welcome to elfvaping.com, a premier online store specializing in the sale of disposable vape products. Throughout this document, references to &#8216;elfvaping.com,&#8217; &#8216;we,&#8217; &#8216;us,&#8217; or &#8216;our&#8217; pertain to our online platform. Ownership and Access:elfvaping.com is owned and operated by us, providing access subject to the terms and conditions outlined herein. By using our website, you agree [...]\" \/>\n<meta property=\"og:url\" content=\"https:\/\/elfvaping.com\/lt\/salygos-ir-nuostatos\/\" \/>\n<meta property=\"og:site_name\" content=\"Elf Vaping\" \/>\n<meta property=\"article:publisher\" content=\"https:\/\/www.facebook.com\/elfvaping\" \/>\n<meta property=\"article:modified_time\" content=\"2026-02-24T03:27:26+00:00\" \/>\n<meta name=\"twitter:card\" content=\"summary_large_image\" \/>\n<meta name=\"twitter:label1\" content=\"Est. reading time\" \/>\n\t<meta name=\"twitter:data1\" content=\"2 minut\u0117s\" \/>\n<script type=\"application\/ld+json\" class=\"yoast-schema-graph\">{\"@context\":\"https:\\\/\\\/schema.org\",\"@graph\":[{\"@type\":\"WebPage\",\"@id\":\"https:\\\/\\\/elfvaping.com\\\/terms-conditions\\\/\",\"url\":\"https:\\\/\\\/elfvaping.com\\\/terms-conditions\\\/\",\"name\":\"Terms & Conditions - Elf Vaping\",\"isPartOf\":{\"@id\":\"https:\\\/\\\/elfvaping.com\\\/cs\\\/#website\"},\"datePublished\":\"2024-06-16T02:52:54+00:00\",\"dateModified\":\"2026-02-24T03:27:26+00:00\",\"breadcrumb\":{\"@id\":\"https:\\\/\\\/elfvaping.com\\\/terms-conditions\\\/#breadcrumb\"},\"inLanguage\":\"lt-LT\",\"potentialAction\":[{\"@type\":\"ReadAction\",\"target\":[\"https:\\\/\\\/elfvaping.com\\\/terms-conditions\\\/\"]}]},{\"@type\":\"BreadcrumbList\",\"@id\":\"https:\\\/\\\/elfvaping.com\\\/terms-conditions\\\/#breadcrumb\",\"itemListElement\":[{\"@type\":\"ListItem\",\"position\":1,\"name\":\"Home\",\"item\":\"https:\\\/\\\/elfvaping.com\\\/\"},{\"@type\":\"ListItem\",\"position\":2,\"name\":\"Terms &#038; Conditions\"}]},{\"@type\":\"WebSite\",\"@id\":\"https:\\\/\\\/elfvaping.com\\\/cs\\\/#website\",\"url\":\"https:\\\/\\\/elfvaping.com\\\/cs\\\/\",\"name\":\"Elf Vaping\",\"description\":\"Best Wholesale Prices for Disposable Vapes\",\"publisher\":{\"@id\":\"https:\\\/\\\/elfvaping.com\\\/cs\\\/#organization\"},\"potentialAction\":[{\"@type\":\"SearchAction\",\"target\":{\"@type\":\"EntryPoint\",\"urlTemplate\":\"https:\\\/\\\/elfvaping.com\\\/cs\\\/?s={search_term_string}\"},\"query-input\":{\"@type\":\"PropertyValueSpecification\",\"valueRequired\":true,\"valueName\":\"search_term_string\"}}],\"inLanguage\":\"lt-LT\"},{\"@type\":\"Organization\",\"@id\":\"https:\\\/\\\/elfvaping.com\\\/cs\\\/#organization\",\"name\":\"Elf Vaping\",\"url\":\"https:\\\/\\\/elfvaping.com\\\/cs\\\/\",\"logo\":{\"@type\":\"ImageObject\",\"inLanguage\":\"lt-LT\",\"@id\":\"https:\\\/\\\/elfvaping.com\\\/cs\\\/#\\\/schema\\\/logo\\\/image\\\/\",\"url\":\"https:\\\/\\\/elfvaping.com\\\/wp-content\\\/uploads\\\/2024\\\/06\\\/elfvaping-logo.webp\",\"contentUrl\":\"https:\\\/\\\/elfvaping.com\\\/wp-content\\\/uploads\\\/2024\\\/06\\\/elfvaping-logo.webp\",\"width\":400,\"height\":111,\"caption\":\"Elf Vaping\"},\"image\":{\"@id\":\"https:\\\/\\\/elfvaping.com\\\/cs\\\/#\\\/schema\\\/logo\\\/image\\\/\"},\"sameAs\":[\"https:\\\/\\\/www.facebook.com\\\/elfvaping\",\"https:\\\/\\\/instagram.com\\\/elfvaping\\\/\"]}]}<\/script>\n<!-- \/ Yoast SEO plugin. -->","yoast_head_json":{"title":"S\u0105lygos ir taisykl\u0117s - Elf Vaping","robots":{"index":"index","follow":"follow","max-snippet":"max-snippet:-1","max-image-preview":"max-image-preview:large","max-video-preview":"max-video-preview:-1"},"canonical":"https:\/\/elfvaping.com\/lt\/salygos-ir-nuostatos\/","og_locale":"lt_LT","og_type":"article","og_title":"Terms & Conditions - Elf Vaping","og_description":"Welcome to elfvaping.com, a premier online store specializing in the sale of disposable vape products. Throughout this document, references to &#8216;elfvaping.com,&#8217; &#8216;we,&#8217; &#8216;us,&#8217; or &#8216;our&#8217; pertain to our online platform. Ownership and Access:elfvaping.com is owned and operated by us, providing access subject to the terms and conditions outlined herein. By using our website, you agree [...]","og_url":"https:\/\/elfvaping.com\/lt\/salygos-ir-nuostatos\/","og_site_name":"Elf Vaping","article_publisher":"https:\/\/www.facebook.com\/elfvaping","article_modified_time":"2026-02-24T03:27:26+00:00","twitter_card":"summary_large_image","twitter_misc":{"Est. reading time":"2 minut\u0117s"},"schema":{"@context":"https:\/\/schema.org","@graph":[{"@type":"WebPage","@id":"https:\/\/elfvaping.com\/terms-conditions\/","url":"https:\/\/elfvaping.com\/terms-conditions\/","name":"S\u0105lygos ir taisykl\u0117s - Elf Vaping","isPartOf":{"@id":"https:\/\/elfvaping.com\/cs\/#website"},"datePublished":"2024-06-16T02:52:54+00:00","dateModified":"2026-02-24T03:27:26+00:00","breadcrumb":{"@id":"https:\/\/elfvaping.com\/terms-conditions\/#breadcrumb"},"inLanguage":"lt-LT","potentialAction":[{"@type":"ReadAction","target":["https:\/\/elfvaping.com\/terms-conditions\/"]}]},{"@type":"BreadcrumbList","@id":"https:\/\/elfvaping.com\/terms-conditions\/#breadcrumb","itemListElement":[{"@type":"ListItem","position":1,"name":"Home","item":"https:\/\/elfvaping.com\/"},{"@type":"ListItem","position":2,"name":"Terms &#038; Conditions"}]},{"@type":"WebSite","@id":"https:\/\/elfvaping.com\/cs\/#website","url":"https:\/\/elfvaping.com\/cs\/","name":"Elf\u0173 garinimas","description":"Geriausios didmenin\u0117s kainos vienkartiniams garintuvams","publisher":{"@id":"https:\/\/elfvaping.com\/cs\/#organization"},"potentialAction":[{"@type":"SearchAction","target":{"@type":"EntryPoint","urlTemplate":"https:\/\/elfvaping.com\/cs\/?s={search_term_string}"},"query-input":{"@type":"PropertyValueSpecification","valueRequired":true,"valueName":"search_term_string"}}],"inLanguage":"lt-LT"},{"@type":"Organization","@id":"https:\/\/elfvaping.com\/cs\/#organization","name":"Elf\u0173 garinimas","url":"https:\/\/elfvaping.com\/cs\/","logo":{"@type":"ImageObject","inLanguage":"lt-LT","@id":"https:\/\/elfvaping.com\/cs\/#\/schema\/logo\/image\/","url":"https:\/\/elfvaping.com\/wp-content\/uploads\/2024\/06\/elfvaping-logo.webp","contentUrl":"https:\/\/elfvaping.com\/wp-content\/uploads\/2024\/06\/elfvaping-logo.webp","width":400,"height":111,"caption":"Elf Vaping"},"image":{"@id":"https:\/\/elfvaping.com\/cs\/#\/schema\/logo\/image\/"},"sameAs":["https:\/\/www.facebook.com\/elfvaping","https:\/\/instagram.com\/elfvaping\/"]}]}},"jetpack_sharing_enabled":true,"_links":{"self":[{"href":"https:\/\/elfvaping.com\/lt\/wp-json\/wp\/v2\/pages\/1482","targetHints":{"allow":["GET"]}}],"collection":[{"href":"https:\/\/elfvaping.com\/lt\/wp-json\/wp\/v2\/pages"}],"about":[{"href":"https:\/\/elfvaping.com\/lt\/wp-json\/wp\/v2\/types\/page"}],"author":[{"embeddable":true,"href":"https:\/\/elfvaping.com\/lt\/wp-json\/wp\/v2\/users\/1"}],"replies":[{"embeddable":true,"href":"https:\/\/elfvaping.com\/lt\/wp-json\/wp\/v2\/comments?post=1482"}],"version-history":[{"count":0,"href":"https:\/\/elfvaping.com\/lt\/wp-json\/wp\/v2\/pages\/1482\/revisions"}],"wp:attachment":[{"href":"https:\/\/elfvaping.com\/lt\/wp-json\/wp\/v2\/media?parent=1482"}],"curies":[{"name":"wp","href":"https:\/\/api.w.org\/{rel}","templated":true}]}}