{"id":1538,"date":"2024-06-16T02:53:07","date_gmt":"2024-06-16T02:53:07","guid":{"rendered":"https:\/\/elfvaping.com\/?page_id=1538"},"modified":"2026-02-24T03:33:30","modified_gmt":"2026-02-24T03:33:30","slug":"didmenine-prekyba-vienkartiniais-vape","status":"publish","type":"page","link":"https:\/\/elfvaping.com\/lt\/wholesale-disposable-vape\/","title":{"rendered":"Didmenin\u0117 vienkartini\u0173 garintuv\u0173 prekyba"},"content":{"rendered":"<div class=\"row\"  id=\"row-1323791096\">\n\n\t<div id=\"col-1501163895\" class=\"col medium-6 small-12 large-6\"  >\n\t\t\t\t<div class=\"col-inner\"  >\n\t\t\t\n\t\t\t\n<p>Sveiki atvyk\u0119 \u012f <a href=\"https:\/\/elfvaping.com\/lt\/\">Elfas Va<\/a>p<a href=\"https:\/\/elfvaping.com\/lt\/\">ing<\/a>, j\u016bs\u0173 pagrindin\u0117 didmenin\u0117s vape tiekimo preki\u0173 pardavimo vieta. Tur\u0117dami 5 met\u0173 istorij\u0105 \u0161ioje pramon\u0117je, i\u0161did\u017eiai si\u016blome \u012fvairi\u0173 populiariausi\u0173 preki\u0173 \u017eenkl\u0173, toki\u0173 kaip Elf Box, Lost Mary, Waka, Zgar, <a href=\"https:\/\/elfvaping.com\/lt\/produkto-kategorija\/randm\/\">RandM<\/a>, Bang Box, Doloda, Elf Box, FluuM ir dar daugiau. Kaip pirmaujantis garintuv\u0173 parduotuv\u0117s tiek\u0117jas, mes specializuojam\u0117s didmenin\u0117je vienkartini\u0173 garintuv\u0173 prekyboje, aptarnaujant ma\u017emenininkus ir didmenininkus.<\/p>\n<p>M\u016bs\u0173 didmenin\u0117s vienkartini\u0173 garintuv\u0173 puslapis yra j\u016bs\u0173 vartai \u012f auk\u0161\u010diausios kokyb\u0117s produktus u\u017e konkurencingas kainas. Nesvarbu, ar j\u016bs kaupiate atsargas asmeniniam naudojimui, ar ie\u0161kote b\u016bd\u0173 i\u0161pl\u0117sti savo versl\u0105, \u201eElf Vaping\u201c turi jums reikalingus sprendimus. Mes suprantame kokyb\u0117s ir prieinamumo svarb\u0105 garinimo pramon\u0117je, o m\u016bs\u0173 \u012fsipareigojimas siekti tobulumo u\u017etikrina, kad kiekvienas produktas atitinka auk\u0161\u010diausius standartus.<\/p>\n<p>\u201eElf Vaping\u201c u\u017etikrina skland\u0173 ir patog\u0173 didmenin\u0117s prekybos pirkim\u0105. Nar\u0161ykite m\u016bs\u0173 produkt\u0173 asortiment\u0105, \u012fskaitant didmeninius vienkartinius garintuvus, ir atraskite tobulus sprendimus savo poreikiams. M\u016bs\u0173 atsidavimas klient\u0173 pasitenkinimui rei\u0161kia, kad mes visada esame \u010dia, kad pad\u0117tume jums su bet kokiais klausimais ar u\u017esakymais.<\/p>\n<p>I\u0161kelkite savo garinimo patirt\u012f su Elf Vaping. Susisiekite su mumis \u0161iandien, kad su\u017einotum\u0117te daugiau apie m\u016bs\u0173 didmenin\u0117s prekybos garinimo reikmenimis pasi\u016blymus ir pasinaudokite m\u016bs\u0173 konkurencingomis kainomis u\u017e auk\u0161tos kokyb\u0117s produktus. Bendradarbiaukite su mumis ir patirkite skirtum\u0105, kur\u012f patikimas garinimo reikmen\u0173 tiek\u0117jas gali padaryti j\u016bs\u0173 verslui.<\/p>\n\n<div class=\"wpcf7 no-js\" id=\"wpcf7-f7-o1\" lang=\"en-US\" dir=\"ltr\" data-wpcf7-id=\"7\">\n<div class=\"screen-reader-response\"><p role=\"status\" aria-live=\"polite\" aria-atomic=\"true\"><\/p> <ul><\/ul><\/div>\n<form action=\"\/lt\/wp-json\/wp\/v2\/pages\/1538#wpcf7-f7-o1\" method=\"post\" class=\"wpcf7-form init\" aria-label=\"Susisiekimo forma\" novalidate=\"novalidate\" data-status=\"init\" data-trp-original-action=\"\/lt\/wp-json\/wp\/v2\/pages\/1538#wpcf7-f7-o1\">\n<fieldset class=\"hidden-fields-container\"><input type=\"hidden\" name=\"_wpcf7\" value=\"7\" \/><input type=\"hidden\" name=\"_wpcf7_version\" value=\"6.1.5\" \/><input type=\"hidden\" name=\"_wpcf7_locale\" value=\"en_US\" \/><input type=\"hidden\" name=\"_wpcf7_unit_tag\" value=\"wpcf7-f7-o1\" \/><input type=\"hidden\" name=\"_wpcf7_container_post\" value=\"0\" \/><input type=\"hidden\" name=\"_wpcf7_posted_data_hash\" value=\"\" \/>\n<\/fieldset>\n<p><label> J\u016bs\u0173 vardas<br \/>\n<span class=\"wpcf7-form-control-wrap\" data-name=\"your-name\"><input size=\"40\" maxlength=\"400\" class=\"wpcf7-form-control wpcf7-text wpcf7-validates-as-required\" autocomplete=\"name\" aria-required=\"true\" aria-invalid=\"false\" value=\"\" type=\"text\" name=\"your-name\" \/><\/span> <\/label>\n<\/p>\n<p><label> J\u016bs\u0173 el. pa\u0161tas<br \/>\n<span class=\"wpcf7-form-control-wrap\" data-name=\"your-email\"><input size=\"40\" maxlength=\"400\" class=\"wpcf7-form-control wpcf7-email wpcf7-validates-as-required wpcf7-text wpcf7-validates-as-email\" autocomplete=\"email\" aria-required=\"true\" aria-invalid=\"false\" value=\"\" type=\"email\" name=\"your-email\" \/><\/span> <\/label>\n<\/p>\n<p><label> Tema<br \/>\n<span class=\"wpcf7-form-control-wrap\" data-name=\"your-subject\"><input size=\"40\" maxlength=\"400\" class=\"wpcf7-form-control wpcf7-text wpcf7-validates-as-required\" aria-required=\"true\" aria-invalid=\"false\" value=\"\" type=\"text\" name=\"your-subject\" \/><\/span> <\/label>\n<\/p>\n<p><label> J\u016bs\u0173 \u017einut\u0117 (neprivaloma)<br \/>\n<span class=\"wpcf7-form-control-wrap\" data-name=\"your-message\"><textarea cols=\"40\" rows=\"10\" maxlength=\"2000\" class=\"wpcf7-form-control wpcf7-textarea\" aria-invalid=\"false\" name=\"your-message\"><\/textarea><\/span> <\/label>\n<\/p>\n<p><div class=\"cf7-cf-turnstile\" style=\"margin-top: 0px; margin-bottom: -15px;\"> <div id=\"cf-turnstile-cf7-671837536\" class=\"cf-turnstile\" data-sitekey=\"0x4AAAAAABhvCNLlz8qNSDmH\" data-theme=\"light\" data-language=\"auto\" data-size=\"normal\" data-retry=\"auto\" data-retry-interval=\"1000\" data-refresh-expired=\"auto\" data-refresh-timeout=\"auto\" data-action=\"contact-form-7\" data-callback=\"turnstileCF7Callback\" data-appearance=\"always\"><\/div> <script>document.addEventListener(\"DOMContentLoaded\", function() { setTimeout(function(){ var e=document.getElementById(\"cf-turnstile-cf7-671837536\"); if(e&&!e.innerHTML.trim()){turnstile.render(e, {sitekey:\"0x4AAAAAABhvCNLlz8qNSDmH\"});} }, 200); });<\/script> <br class=\"cf-turnstile-br cf-turnstile-br-cf7-671837536\"> <style>#cf-turnstile-cf7-671837536 { margin-left: -15px; }<\/style> <script>document.addEventListener(\"DOMContentLoaded\",function(){document.querySelectorAll('.wpcf7-form').forEach(function(e){e.addEventListener('submit',function(){if(document.getElementById('cf-turnstile-cf7-671837536')){setTimeout(function(){turnstile.reset('#cf-turnstile-cf7-671837536');},1000)}})})});<\/script> <\/div><br\/><input class=\"wpcf7-form-control wpcf7-submit has-spinner\" type=\"submit\" value=\"Pateikti\" \/>\n<\/p><div class=\"wpcf7-response-output\" aria-hidden=\"true\"><\/div>\n<input type=\"hidden\" name=\"trp-form-language\" value=\"lt\"\/><\/form>\n<\/div>\n\n\t\t<\/div>\n\t\t\t\t\t<\/div>\n\n\t\n\n\t<div id=\"col-1837842318\" class=\"col medium-6 small-12 large-6\"  >\n\t\t\t\t<div class=\"col-inner\"  >\n\t\t\t\n\t\t\t\n\t<div class=\"img has-hover x md-x lg-x y md-y lg-y\" id=\"image_1440338226\">\n\t\t\t\t\t\t\t\t<div class=\"img-inner dark\" >\n\t\t\t<img loading=\"lazy\" decoding=\"async\" width=\"1020\" height=\"760\" src=\"https:\/\/elfvaping.com\/wp-content\/uploads\/2025\/12\/MYDE-8-IN-1-150K-Puffs-Capacity-4-Tank-Multi-Options-Combination-Mode-150000-Disposable-Vapes-Wholesale-Bulk-Buy-2-1024x763.webp\" class=\"attachment-large size-large\" alt=\"\" srcset=\"https:\/\/elfvaping.com\/wp-content\/uploads\/2025\/12\/MYDE-8-IN-1-150K-Puffs-Capacity-4-Tank-Multi-Options-Combination-Mode-150000-Disposable-Vapes-Wholesale-Bulk-Buy-2-1024x763.webp 1024w, https:\/\/elfvaping.com\/wp-content\/uploads\/2025\/12\/MYDE-8-IN-1-150K-Puffs-Capacity-4-Tank-Multi-Options-Combination-Mode-150000-Disposable-Vapes-Wholesale-Bulk-Buy-2-300x224.webp 300w, https:\/\/elfvaping.com\/wp-content\/uploads\/2025\/12\/MYDE-8-IN-1-150K-Puffs-Capacity-4-Tank-Multi-Options-Combination-Mode-150000-Disposable-Vapes-Wholesale-Bulk-Buy-2-768x572.webp 768w, https:\/\/elfvaping.com\/wp-content\/uploads\/2025\/12\/MYDE-8-IN-1-150K-Puffs-Capacity-4-Tank-Multi-Options-Combination-Mode-150000-Disposable-Vapes-Wholesale-Bulk-Buy-2-1536x1145.webp 1536w, https:\/\/elfvaping.com\/wp-content\/uploads\/2025\/12\/MYDE-8-IN-1-150K-Puffs-Capacity-4-Tank-Multi-Options-Combination-Mode-150000-Disposable-Vapes-Wholesale-Bulk-Buy-2-2048x1526.webp 2048w, https:\/\/elfvaping.com\/wp-content\/uploads\/2025\/12\/MYDE-8-IN-1-150K-Puffs-Capacity-4-Tank-Multi-Options-Combination-Mode-150000-Disposable-Vapes-Wholesale-Bulk-Buy-2-16x12.webp 16w, https:\/\/elfvaping.com\/wp-content\/uploads\/2025\/12\/MYDE-8-IN-1-150K-Puffs-Capacity-4-Tank-Multi-Options-Combination-Mode-150000-Disposable-Vapes-Wholesale-Bulk-Buy-2-600x447.webp 600w\" sizes=\"auto, (max-width: 1020px) 100vw, 1020px\" \/>\t\t\t\t\t\t\n\t\t\t\t\t<\/div>\n\t\t\t\t\t\t\t\t\n<style>\n#image_1440338226 {\n  width: 100%;\n}\n<\/style>\n\t<\/div>\n\t\n\t\t<\/div>\n\t\t\t\t\t<\/div>\n\n\t\n<\/div>","protected":false},"excerpt":{"rendered":"","protected":false},"author":1,"featured_media":0,"parent":0,"menu_order":0,"comment_status":"closed","ping_status":"closed","template":"page-blank-title-center.php","meta":{"_lmt_disableupdate":"","_lmt_disable":"","footnotes":""},"class_list":["post-1538","page","type-page","status-publish","hentry"],"yoast_head":"<!-- This site is optimized with the Yoast SEO plugin v27.5 - https:\/\/yoast.com\/product\/yoast-seo-wordpress\/ -->\n<title>Wholesale Disposable Vape - Elf Vaping<\/title>\n<meta name=\"robots\" content=\"index, follow, max-snippet:-1, max-image-preview:large, max-video-preview:-1\" \/>\n<link rel=\"canonical\" href=\"https:\/\/elfvaping.com\/lt\/didmenine-prekyba-vienkartiniais-vape\/\" \/>\n<meta property=\"og:locale\" content=\"lt_LT\" \/>\n<meta property=\"og:type\" content=\"article\" \/>\n<meta property=\"og:title\" content=\"Wholesale Disposable Vape - Elf Vaping\" \/>\n<meta property=\"og:url\" content=\"https:\/\/elfvaping.com\/lt\/didmenine-prekyba-vienkartiniais-vape\/\" \/>\n<meta property=\"og:site_name\" content=\"Elf Vaping\" \/>\n<meta property=\"article:publisher\" content=\"https:\/\/www.facebook.com\/elfvaping\" \/>\n<meta property=\"article:modified_time\" content=\"2026-02-24T03:33:30+00:00\" \/>\n<meta name=\"twitter:card\" content=\"summary_large_image\" \/>\n<meta name=\"twitter:label1\" content=\"Est. reading time\" \/>\n\t<meta name=\"twitter:data1\" content=\"1 minut\u0117\" \/>\n<script type=\"application\/ld+json\" class=\"yoast-schema-graph\">{\"@context\":\"https:\\\/\\\/schema.org\",\"@graph\":[{\"@type\":\"WebPage\",\"@id\":\"https:\\\/\\\/elfvaping.com\\\/wholesale-disposable-vape\\\/\",\"url\":\"https:\\\/\\\/elfvaping.com\\\/wholesale-disposable-vape\\\/\",\"name\":\"Wholesale Disposable Vape - Elf Vaping\",\"isPartOf\":{\"@id\":\"https:\\\/\\\/elfvaping.com\\\/cs\\\/#website\"},\"datePublished\":\"2024-06-16T02:53:07+00:00\",\"dateModified\":\"2026-02-24T03:33:30+00:00\",\"breadcrumb\":{\"@id\":\"https:\\\/\\\/elfvaping.com\\\/wholesale-disposable-vape\\\/#breadcrumb\"},\"inLanguage\":\"lt-LT\",\"potentialAction\":[{\"@type\":\"ReadAction\",\"target\":[\"https:\\\/\\\/elfvaping.com\\\/wholesale-disposable-vape\\\/\"]}]},{\"@type\":\"BreadcrumbList\",\"@id\":\"https:\\\/\\\/elfvaping.com\\\/wholesale-disposable-vape\\\/#breadcrumb\",\"itemListElement\":[{\"@type\":\"ListItem\",\"position\":1,\"name\":\"Home\",\"item\":\"https:\\\/\\\/elfvaping.com\\\/\"},{\"@type\":\"ListItem\",\"position\":2,\"name\":\"Wholesale Disposable Vape\"}]},{\"@type\":\"WebSite\",\"@id\":\"https:\\\/\\\/elfvaping.com\\\/cs\\\/#website\",\"url\":\"https:\\\/\\\/elfvaping.com\\\/cs\\\/\",\"name\":\"Elf Vaping\",\"description\":\"Best Wholesale Prices for Disposable Vapes\",\"publisher\":{\"@id\":\"https:\\\/\\\/elfvaping.com\\\/cs\\\/#organization\"},\"potentialAction\":[{\"@type\":\"SearchAction\",\"target\":{\"@type\":\"EntryPoint\",\"urlTemplate\":\"https:\\\/\\\/elfvaping.com\\\/cs\\\/?s={search_term_string}\"},\"query-input\":{\"@type\":\"PropertyValueSpecification\",\"valueRequired\":true,\"valueName\":\"search_term_string\"}}],\"inLanguage\":\"lt-LT\"},{\"@type\":\"Organization\",\"@id\":\"https:\\\/\\\/elfvaping.com\\\/cs\\\/#organization\",\"name\":\"Elf Vaping\",\"url\":\"https:\\\/\\\/elfvaping.com\\\/cs\\\/\",\"logo\":{\"@type\":\"ImageObject\",\"inLanguage\":\"lt-LT\",\"@id\":\"https:\\\/\\\/elfvaping.com\\\/cs\\\/#\\\/schema\\\/logo\\\/image\\\/\",\"url\":\"https:\\\/\\\/elfvaping.com\\\/wp-content\\\/uploads\\\/2024\\\/06\\\/elfvaping-logo.webp\",\"contentUrl\":\"https:\\\/\\\/elfvaping.com\\\/wp-content\\\/uploads\\\/2024\\\/06\\\/elfvaping-logo.webp\",\"width\":400,\"height\":111,\"caption\":\"Elf Vaping\"},\"image\":{\"@id\":\"https:\\\/\\\/elfvaping.com\\\/cs\\\/#\\\/schema\\\/logo\\\/image\\\/\"},\"sameAs\":[\"https:\\\/\\\/www.facebook.com\\\/elfvaping\",\"https:\\\/\\\/instagram.com\\\/elfvaping\\\/\"]}]}<\/script>\n<!-- \/ Yoast SEO plugin. -->","yoast_head_json":{"title":"Didmenin\u0117 vienkartini\u0173 garintuv\u0173 prekyba - Elf garinimas","robots":{"index":"index","follow":"follow","max-snippet":"max-snippet:-1","max-image-preview":"max-image-preview:large","max-video-preview":"max-video-preview:-1"},"canonical":"https:\/\/elfvaping.com\/lt\/didmenine-prekyba-vienkartiniais-vape\/","og_locale":"lt_LT","og_type":"article","og_title":"Wholesale Disposable Vape - Elf Vaping","og_url":"https:\/\/elfvaping.com\/lt\/didmenine-prekyba-vienkartiniais-vape\/","og_site_name":"Elf Vaping","article_publisher":"https:\/\/www.facebook.com\/elfvaping","article_modified_time":"2026-02-24T03:33:30+00:00","twitter_card":"summary_large_image","twitter_misc":{"Est. reading time":"1 minut\u0117"},"schema":{"@context":"https:\/\/schema.org","@graph":[{"@type":"WebPage","@id":"https:\/\/elfvaping.com\/wholesale-disposable-vape\/","url":"https:\/\/elfvaping.com\/wholesale-disposable-vape\/","name":"Didmenin\u0117 vienkartini\u0173 garintuv\u0173 prekyba - Elf garinimas","isPartOf":{"@id":"https:\/\/elfvaping.com\/cs\/#website"},"datePublished":"2024-06-16T02:53:07+00:00","dateModified":"2026-02-24T03:33:30+00:00","breadcrumb":{"@id":"https:\/\/elfvaping.com\/wholesale-disposable-vape\/#breadcrumb"},"inLanguage":"lt-LT","potentialAction":[{"@type":"ReadAction","target":["https:\/\/elfvaping.com\/wholesale-disposable-vape\/"]}]},{"@type":"BreadcrumbList","@id":"https:\/\/elfvaping.com\/wholesale-disposable-vape\/#breadcrumb","itemListElement":[{"@type":"ListItem","position":1,"name":"Home","item":"https:\/\/elfvaping.com\/"},{"@type":"ListItem","position":2,"name":"Wholesale Disposable Vape"}]},{"@type":"WebSite","@id":"https:\/\/elfvaping.com\/cs\/#website","url":"https:\/\/elfvaping.com\/cs\/","name":"Elf\u0173 garinimas","description":"Geriausios didmenin\u0117s kainos vienkartiniams garintuvams","publisher":{"@id":"https:\/\/elfvaping.com\/cs\/#organization"},"potentialAction":[{"@type":"SearchAction","target":{"@type":"EntryPoint","urlTemplate":"https:\/\/elfvaping.com\/cs\/?s={search_term_string}"},"query-input":{"@type":"PropertyValueSpecification","valueRequired":true,"valueName":"search_term_string"}}],"inLanguage":"lt-LT"},{"@type":"Organization","@id":"https:\/\/elfvaping.com\/cs\/#organization","name":"Elf\u0173 garinimas","url":"https:\/\/elfvaping.com\/cs\/","logo":{"@type":"ImageObject","inLanguage":"lt-LT","@id":"https:\/\/elfvaping.com\/cs\/#\/schema\/logo\/image\/","url":"https:\/\/elfvaping.com\/wp-content\/uploads\/2024\/06\/elfvaping-logo.webp","contentUrl":"https:\/\/elfvaping.com\/wp-content\/uploads\/2024\/06\/elfvaping-logo.webp","width":400,"height":111,"caption":"Elf Vaping"},"image":{"@id":"https:\/\/elfvaping.com\/cs\/#\/schema\/logo\/image\/"},"sameAs":["https:\/\/www.facebook.com\/elfvaping","https:\/\/instagram.com\/elfvaping\/"]}]}},"jetpack_sharing_enabled":true,"_links":{"self":[{"href":"https:\/\/elfvaping.com\/lt\/wp-json\/wp\/v2\/pages\/1538","targetHints":{"allow":["GET"]}}],"collection":[{"href":"https:\/\/elfvaping.com\/lt\/wp-json\/wp\/v2\/pages"}],"about":[{"href":"https:\/\/elfvaping.com\/lt\/wp-json\/wp\/v2\/types\/page"}],"author":[{"embeddable":true,"href":"https:\/\/elfvaping.com\/lt\/wp-json\/wp\/v2\/users\/1"}],"replies":[{"embeddable":true,"href":"https:\/\/elfvaping.com\/lt\/wp-json\/wp\/v2\/comments?post=1538"}],"version-history":[{"count":0,"href":"https:\/\/elfvaping.com\/lt\/wp-json\/wp\/v2\/pages\/1538\/revisions"}],"wp:attachment":[{"href":"https:\/\/elfvaping.com\/lt\/wp-json\/wp\/v2\/media?parent=1538"}],"curies":[{"name":"wp","href":"https:\/\/api.w.org\/{rel}","templated":true}]}}