{"id":2,"date":"2024-06-16T02:16:33","date_gmt":"2024-06-16T02:16:33","guid":{"rendered":"http:\/\/elfvaping.com\/?page_id=2"},"modified":"2025-12-12T03:44:43","modified_gmt":"2025-12-12T03:44:43","slug":"apie-mus","status":"publish","type":"page","link":"https:\/\/elfvaping.com\/lt\/about-us\/","title":{"rendered":"Apie ElfVaping"},"content":{"rendered":"<div class=\"row\"  id=\"row-102907302\">\n\n\t<div id=\"col-1457358357\" class=\"col medium-6 small-12 large-6\"  >\n\t\t\t\t<div class=\"col-inner\"  >\n\t\t\t\n\t\t\t\n<p>Sveiki atvyk\u0119 \u012f elfvaping.com, j\u016bs\u0173 pagrindin\u0119 internetin\u0119 parduotuv\u0119, kurios specializacija yra <a href=\"https:\/\/elfvaping.com\/lt\/\">vienkartinis garintuvas<\/a> Produktai.<\/p>\n<p>Tur\u0117dami 5 met\u0173 patirt\u012f \u0161ioje pramon\u0117s \u0161akoje, esame \u012fsitvirtin\u0119 kaip pirmaujantis \u012fvairi\u0173 \u017einom\u0173 preki\u0173 \u017eenkl\u0173, toki\u0173 kaip Elf Box, platintojas, <a href=\"https:\/\/elfvaping.com\/lt\/produkto-kategorija\/vapsva\/\"><strong>Vapsa<\/strong><\/a>, Zgar, <a href=\"https:\/\/elfvaping.com\/lt\/produkto-kategorija\/randm\/\"><strong>RandM Tornado<\/strong><\/a>, <a href=\"https:\/\/elfvaping.com\/lt\/produkto-kategorija\/sprogimas\/\">Bang\u0173 d\u0117\u017e\u0117<\/a>, Doloda, <strong><a href=\"https:\/\/elfvaping.com\/lt\/produkto-kategorija\/bimo\/\">BIMO<\/a><\/strong>, FluuM ir daugiau. M\u016bs\u0173 produktai yra pripa\u017einti visame pasaulyje ir aptarnauja klientus daugelyje \u0161ali\u0173.<\/p>\n<p>elfvaping.com svetain\u0117je si\u016blome plat\u0173 vienkartini\u0173 garintuv\u0173 pasirinkim\u0105 tiek ma\u017emeninei, tiek didmeninei prekybai. M\u016bs\u0173 \u012fsipareigojimas kokybei ir klient\u0173 pasitenkinimui i\u0161skiria mus kaip patikim\u0105 ir profesional\u0173 garintuv\u0173 ma\u017emeninink\u0105.<\/p>\n<p>I\u0161nagrin\u0117kite m\u016bs\u0173 kolekcij\u0105 <a href=\"https:\/\/elfvaping.com\/lt\/produkto-kategorija\/elfu-dezute\/\">Elf Box Vienkartiniai Garintuvai<\/a>, <strong>RandM Tornado, <\/strong><a href=\"https:\/\/elfvaping.com\/lt\/produkto-kategorija\/vapsolo\/\">Garintuvai<\/a>, Waka produkt\u0173 ir kit\u0173 auk\u0161\u010diausi\u0173 preki\u0173 \u017eenkl\u0173, kad surastum\u0117te tobul\u0105 garinimo sprendim\u0105 savo poreikiams. Nesvarbu, ar esate patyr\u0119s garintojas, ar naujas garinimo pasaulyje, mes turime ka\u017ek\u0105 kiekvienam.<\/p>\n<p>Su <a href=\"https:\/\/elfvaping.com\/lt\/\">elfvaping.com<\/a>, J\u016bs galite tik\u0117tis sklandaus apsipirkimo patirties, konkurencing\u0173 kain\u0173 ir \u012fvairi\u0173 skoni\u0173 bei prietais\u0173, kurie pagerins j\u016bs\u0173 garinimo kelion\u0119. Prisijunkite prie m\u016bs\u0173 patenkint\u0173 klient\u0173 visame pasaulyje ir atraskite vienkartini\u0173 garintuv\u0173 patogum\u0105 ir pasitenkinim\u0105.<\/p>\n<p>Patirkite patogum\u0105 ir pasitenkinim\u0105 i\u0161 vienkartini\u0173 garintuv\u0173 su elfvaping.com. \u012esigykite dabar ir m\u0117gaukit\u0117s auk\u0161\u010diausios kokyb\u0117s garinimo patirtimi!<\/p>\n\t\t<\/div>\n\t\t\t\t\t<\/div>\n\n\t\n\n\t<div id=\"col-220108474\" class=\"col medium-6 small-12 large-6\"  >\n\t\t\t\t<div class=\"col-inner\"  >\n\t\t\t\n\t\t\t\n\t<div class=\"img has-hover x md-x lg-x y md-y lg-y\" id=\"image_368168864\">\n\t\t\t\t\t\t\t\t<div class=\"img-inner dark\" >\n\t\t\t<img loading=\"lazy\" decoding=\"async\" width=\"800\" height=\"800\" src=\"https:\/\/elfvaping.com\/wp-content\/uploads\/2024\/08\/AIVONO-BANG-MAXI-15000-Puffs-14.webp\" class=\"attachment-large size-large\" alt=\"\" srcset=\"https:\/\/elfvaping.com\/wp-content\/uploads\/2024\/08\/AIVONO-BANG-MAXI-15000-Puffs-14.webp 800w, https:\/\/elfvaping.com\/wp-content\/uploads\/2024\/08\/AIVONO-BANG-MAXI-15000-Puffs-14-300x300.webp 300w, https:\/\/elfvaping.com\/wp-content\/uploads\/2024\/08\/AIVONO-BANG-MAXI-15000-Puffs-14-150x150.webp 150w, https:\/\/elfvaping.com\/wp-content\/uploads\/2024\/08\/AIVONO-BANG-MAXI-15000-Puffs-14-768x768.webp 768w, https:\/\/elfvaping.com\/wp-content\/uploads\/2024\/08\/AIVONO-BANG-MAXI-15000-Puffs-14-12x12.webp 12w, https:\/\/elfvaping.com\/wp-content\/uploads\/2024\/08\/AIVONO-BANG-MAXI-15000-Puffs-14-600x600.webp 600w, https:\/\/elfvaping.com\/wp-content\/uploads\/2024\/08\/AIVONO-BANG-MAXI-15000-Puffs-14-100x100.webp 100w\" sizes=\"auto, (max-width: 800px) 100vw, 800px\" \/>\t\t\t\t\t\t\n\t\t\t\t\t<\/div>\n\t\t\t\t\t\t\t\t\n<style>\n#image_368168864 {\n  width: 100%;\n}\n<\/style>\n\t<\/div>\n\t\n\t\t<\/div>\n\t\t\t\t\t<\/div>\n\n\t\n<\/div>","protected":false},"excerpt":{"rendered":"","protected":false},"author":1,"featured_media":0,"parent":0,"menu_order":0,"comment_status":"closed","ping_status":"closed","template":"page-blank-title-center.php","meta":{"_lmt_disableupdate":"","_lmt_disable":"","jetpack_post_was_ever_published":false,"footnotes":""},"class_list":["post-2","page","type-page","status-publish","hentry"],"yoast_head":"<!-- This site is optimized with the Yoast SEO plugin v27.4 - https:\/\/yoast.com\/product\/yoast-seo-wordpress\/ -->\n<title>About ElfVaping - Elf Vaping<\/title>\n<meta name=\"robots\" content=\"index, follow, max-snippet:-1, max-image-preview:large, max-video-preview:-1\" \/>\n<link rel=\"canonical\" href=\"https:\/\/elfvaping.com\/lt\/apie-mus\/\" \/>\n<meta property=\"og:locale\" content=\"lt_LT\" \/>\n<meta property=\"og:type\" content=\"article\" \/>\n<meta property=\"og:title\" content=\"About ElfVaping - Elf Vaping\" \/>\n<meta property=\"og:url\" content=\"https:\/\/elfvaping.com\/lt\/apie-mus\/\" \/>\n<meta property=\"og:site_name\" content=\"Elf Vaping\" \/>\n<meta property=\"article:publisher\" content=\"https:\/\/www.facebook.com\/elfvaping\" \/>\n<meta property=\"article:modified_time\" content=\"2025-12-12T03:44:43+00:00\" \/>\n<meta name=\"twitter:card\" content=\"summary_large_image\" \/>\n<meta name=\"twitter:label1\" content=\"Est. reading time\" \/>\n\t<meta name=\"twitter:data1\" content=\"1 minut\u0117\" \/>\n<script type=\"application\/ld+json\" class=\"yoast-schema-graph\">{\"@context\":\"https:\\\/\\\/schema.org\",\"@graph\":[{\"@type\":\"WebPage\",\"@id\":\"https:\\\/\\\/elfvaping.com\\\/about-us\\\/\",\"url\":\"https:\\\/\\\/elfvaping.com\\\/about-us\\\/\",\"name\":\"About ElfVaping - Elf Vaping\",\"isPartOf\":{\"@id\":\"https:\\\/\\\/elfvaping.com\\\/cs\\\/#website\"},\"datePublished\":\"2024-06-16T02:16:33+00:00\",\"dateModified\":\"2025-12-12T03:44:43+00:00\",\"breadcrumb\":{\"@id\":\"https:\\\/\\\/elfvaping.com\\\/about-us\\\/#breadcrumb\"},\"inLanguage\":\"lt-LT\",\"potentialAction\":[{\"@type\":\"ReadAction\",\"target\":[\"https:\\\/\\\/elfvaping.com\\\/about-us\\\/\"]}]},{\"@type\":\"BreadcrumbList\",\"@id\":\"https:\\\/\\\/elfvaping.com\\\/about-us\\\/#breadcrumb\",\"itemListElement\":[{\"@type\":\"ListItem\",\"position\":1,\"name\":\"Home\",\"item\":\"https:\\\/\\\/elfvaping.com\\\/\"},{\"@type\":\"ListItem\",\"position\":2,\"name\":\"About ElfVaping\"}]},{\"@type\":\"WebSite\",\"@id\":\"https:\\\/\\\/elfvaping.com\\\/cs\\\/#website\",\"url\":\"https:\\\/\\\/elfvaping.com\\\/cs\\\/\",\"name\":\"Elf Vaping\",\"description\":\"Best Wholesale Prices for Disposable Vapes\",\"publisher\":{\"@id\":\"https:\\\/\\\/elfvaping.com\\\/cs\\\/#organization\"},\"potentialAction\":[{\"@type\":\"SearchAction\",\"target\":{\"@type\":\"EntryPoint\",\"urlTemplate\":\"https:\\\/\\\/elfvaping.com\\\/cs\\\/?s={search_term_string}\"},\"query-input\":{\"@type\":\"PropertyValueSpecification\",\"valueRequired\":true,\"valueName\":\"search_term_string\"}}],\"inLanguage\":\"lt-LT\"},{\"@type\":\"Organization\",\"@id\":\"https:\\\/\\\/elfvaping.com\\\/cs\\\/#organization\",\"name\":\"Elf Vaping\",\"url\":\"https:\\\/\\\/elfvaping.com\\\/cs\\\/\",\"logo\":{\"@type\":\"ImageObject\",\"inLanguage\":\"lt-LT\",\"@id\":\"https:\\\/\\\/elfvaping.com\\\/cs\\\/#\\\/schema\\\/logo\\\/image\\\/\",\"url\":\"https:\\\/\\\/elfvaping.com\\\/wp-content\\\/uploads\\\/2024\\\/06\\\/elfvaping-logo.webp\",\"contentUrl\":\"https:\\\/\\\/elfvaping.com\\\/wp-content\\\/uploads\\\/2024\\\/06\\\/elfvaping-logo.webp\",\"width\":400,\"height\":111,\"caption\":\"Elf Vaping\"},\"image\":{\"@id\":\"https:\\\/\\\/elfvaping.com\\\/cs\\\/#\\\/schema\\\/logo\\\/image\\\/\"},\"sameAs\":[\"https:\\\/\\\/www.facebook.com\\\/elfvaping\",\"https:\\\/\\\/instagram.com\\\/elfvaping\\\/\"]}]}<\/script>\n<!-- \/ Yoast SEO plugin. -->","yoast_head_json":{"title":"Apie ElfVaping - Elf Vaping","robots":{"index":"index","follow":"follow","max-snippet":"max-snippet:-1","max-image-preview":"max-image-preview:large","max-video-preview":"max-video-preview:-1"},"canonical":"https:\/\/elfvaping.com\/lt\/apie-mus\/","og_locale":"lt_LT","og_type":"article","og_title":"About ElfVaping - Elf Vaping","og_url":"https:\/\/elfvaping.com\/lt\/apie-mus\/","og_site_name":"Elf Vaping","article_publisher":"https:\/\/www.facebook.com\/elfvaping","article_modified_time":"2025-12-12T03:44:43+00:00","twitter_card":"summary_large_image","twitter_misc":{"Est. reading time":"1 minut\u0117"},"schema":{"@context":"https:\/\/schema.org","@graph":[{"@type":"WebPage","@id":"https:\/\/elfvaping.com\/about-us\/","url":"https:\/\/elfvaping.com\/about-us\/","name":"Apie ElfVaping - Elf Vaping","isPartOf":{"@id":"https:\/\/elfvaping.com\/cs\/#website"},"datePublished":"2024-06-16T02:16:33+00:00","dateModified":"2025-12-12T03:44:43+00:00","breadcrumb":{"@id":"https:\/\/elfvaping.com\/about-us\/#breadcrumb"},"inLanguage":"lt-LT","potentialAction":[{"@type":"ReadAction","target":["https:\/\/elfvaping.com\/about-us\/"]}]},{"@type":"BreadcrumbList","@id":"https:\/\/elfvaping.com\/about-us\/#breadcrumb","itemListElement":[{"@type":"ListItem","position":1,"name":"Home","item":"https:\/\/elfvaping.com\/"},{"@type":"ListItem","position":2,"name":"About ElfVaping"}]},{"@type":"WebSite","@id":"https:\/\/elfvaping.com\/cs\/#website","url":"https:\/\/elfvaping.com\/cs\/","name":"Elf\u0173 garinimas","description":"Geriausios didmenin\u0117s kainos vienkartiniams garintuvams","publisher":{"@id":"https:\/\/elfvaping.com\/cs\/#organization"},"potentialAction":[{"@type":"SearchAction","target":{"@type":"EntryPoint","urlTemplate":"https:\/\/elfvaping.com\/cs\/?s={search_term_string}"},"query-input":{"@type":"PropertyValueSpecification","valueRequired":true,"valueName":"search_term_string"}}],"inLanguage":"lt-LT"},{"@type":"Organization","@id":"https:\/\/elfvaping.com\/cs\/#organization","name":"Elf\u0173 garinimas","url":"https:\/\/elfvaping.com\/cs\/","logo":{"@type":"ImageObject","inLanguage":"lt-LT","@id":"https:\/\/elfvaping.com\/cs\/#\/schema\/logo\/image\/","url":"https:\/\/elfvaping.com\/wp-content\/uploads\/2024\/06\/elfvaping-logo.webp","contentUrl":"https:\/\/elfvaping.com\/wp-content\/uploads\/2024\/06\/elfvaping-logo.webp","width":400,"height":111,"caption":"Elf Vaping"},"image":{"@id":"https:\/\/elfvaping.com\/cs\/#\/schema\/logo\/image\/"},"sameAs":["https:\/\/www.facebook.com\/elfvaping","https:\/\/instagram.com\/elfvaping\/"]}]}},"jetpack_sharing_enabled":true,"_links":{"self":[{"href":"https:\/\/elfvaping.com\/lt\/wp-json\/wp\/v2\/pages\/2","targetHints":{"allow":["GET"]}}],"collection":[{"href":"https:\/\/elfvaping.com\/lt\/wp-json\/wp\/v2\/pages"}],"about":[{"href":"https:\/\/elfvaping.com\/lt\/wp-json\/wp\/v2\/types\/page"}],"author":[{"embeddable":true,"href":"https:\/\/elfvaping.com\/lt\/wp-json\/wp\/v2\/users\/1"}],"replies":[{"embeddable":true,"href":"https:\/\/elfvaping.com\/lt\/wp-json\/wp\/v2\/comments?post=2"}],"version-history":[{"count":0,"href":"https:\/\/elfvaping.com\/lt\/wp-json\/wp\/v2\/pages\/2\/revisions"}],"wp:attachment":[{"href":"https:\/\/elfvaping.com\/lt\/wp-json\/wp\/v2\/media?parent=2"}],"curies":[{"name":"wp","href":"https:\/\/api.w.org\/{rel}","templated":true}]}}