{"id":585,"date":"2024-06-16T02:49:40","date_gmt":"2024-06-16T02:49:40","guid":{"rendered":"https:\/\/elfvaping.com\/?page_id=585"},"modified":"2026-02-24T03:31:26","modified_gmt":"2026-02-24T03:31:26","slug":"slapuku-politika","status":"publish","type":"page","link":"https:\/\/elfvaping.com\/lt\/cookies-policy\/","title":{"rendered":"Slapuk\u0173 politika"},"content":{"rendered":"<p>Paskutin\u012f kart\u0105 atnaujinta: 2024 m. baland\u017eio 26 d.<\/p>\n<p>\u0160i slapuk\u0173 politika apib\u016bdina, kaip m\u016bs\u0173 svetain\u0117je elfvaping.com naudojami slapukai. Susipa\u017einus su \u0161ia politika, j\u016bs su\u017einosite, kokius slapukus mes naudojame, koki\u0105 informacij\u0105 jie renka ir kaip ji v\u0117liau naudojama. \u0160i politika buvo parengta naudojant Slapuk\u0173 politikos generatori\u0173.<\/p>\n<p>Slapukai paprastai neturi informacijos, kuri tiesiogiai identifikuot\u0173 vartotoj\u0105. Ta\u010diau j\u016bs\u0173 saugoma asmenin\u0117 informacija gali b\u016bti susieta su informacija, saugoma ir gauta i\u0161 slapuk\u0173. I\u0161samiai informacijos apie tai, kaip mes naudojame, saugojame ir apsaugojame j\u016bs\u0173 asmens duomenis, galite rasti m\u016bs\u0173 Privatumo politikoje.<\/p>\n<p>Jokie jautr\u016bs asmeniniai duomenys, tokie kaip pa\u0161to adresai ar paskyros slapta\u017eod\u017eiai, n\u0117ra saugomi m\u016bs\u0173 naudojamuose slapukuose.<\/p>\n<p>Ai\u0161kinimai ir apibr\u0117\u017eimai<\/p>\n<p>Ai\u0161kinam\u0173j\u0173 termin\u0173, kuri\u0173 pirmoji raid\u0117 ra\u0161oma did\u017ei\u0105ja, reik\u0161m\u0117s turi b\u016bti suprantamos pagal toliau nurodytas s\u0105lygas. \u0160ie apibr\u0117\u017eimai taikomi nepriklausomai nuo to, ar jie vartojami vienaskaitoje, ar daugiskaitoje.<\/p>\n<p>\u0160ios slapuk\u0173 politikos tikslais:<\/p>\n<p>\u0160iame slapuk\u0173 politikoje \u012fmone (toliau vadinama \u201c\u012fmone\u201d, \u201cmes\u201d, \u201cm\u016bs\u0173\u201d arba \u201cmus\u201d) yra elfvaping.com. Slapukai yra nedideli failai, kuriuos svetain\u0117 \u012fdeda \u012f j\u016bs\u0173 kompiuter\u012f, mobil\u0173j\u012f \u012frengin\u012f ar bet kok\u012f kit\u0105 \u012frengin\u012f ir kuriuose yra informacijos apie j\u016bs\u0173 nar\u0161ymo istorij\u0105 toje svetain\u0117je, be kit\u0173 j\u0173 naudojimo b\u016bd\u0173. Svetain\u0117 rei\u0161kia elfvaping.com, pasiekiam\u0105 i\u0161 <a href=\"https:\/\/elfvaping.com\/lt\/\" target=\"_new\" rel=\"noopener\">https:\/\/elfvaping.com\/<\/a> J\u016bs rei\u0161kiate asmen\u012f, kuris prieina arba naudojasi \u0160ia svetaine, arba \u012fmon\u0119, arba bet kok\u012f juridin\u012f asmen\u012f, kurio vardu toks asmuo prieina arba naudojasi \u0160ia svetaine, atsi\u017evelgiant \u012f aplinkybes.  Slapuk\u0173 naudojimas<\/p>\n<p>Slapuk\u0173 r\u016b\u0161ys, kurias naudojame Slapukus galima suskirstyti \u012f \u201cNuolatinius\u201d ir \u201cSeansinius\u201d slapukus. Nuolatiniai slapukai i\u0161lieka j\u016bs\u0173 asmeniniame kompiuteryje arba mobiliajame \u012frenginyje net tada, kai esate neprisijung\u0119, o seansiniai slapukai i\u0161trinami i\u0161kart, kai u\u017edarote \u017einiatinklio nar\u0161ykl\u0119.<\/p>\n<p>Mes naudojame tiek sesijos, tiek nuolatinius slapukus \u0161iais tikslais:<\/p>\n<p>B\u016btinieji slapukai \/ Esminiai slapukai<\/p>\n<p>Seansiniai slapukai<\/p>\n<p>Valdo: Mes<\/p>\n<p>\u0160ie slapukai yra b\u016btini norint Jums suteikti per Svetain\u0119 prieinamas paslaugas ir leisti Jums naudotis kai kuriomis jos funkcijomis. Jie padeda autentifikuoti vartotojus ir u\u017ekirsti keli\u0105 suk\u010diavimui naudotoj\u0173 paskyrose. Jei \u0161i\u0173 slapuk\u0173 n\u0117ra, J\u016bs\u0173 pra\u0161omos paslaugos negali b\u016bti teikiamos, tod\u0117l mes naudojame tik \u0161iuos slapukus, kad gal\u0117tume Jums suteikti min\u0117tas paslaugas.<\/p>\n<p>Funkcionalumo slapukai<\/p>\n<p>Nuolatiniai slapukai<\/p>\n<p>Valdo: Mes<\/p>\n<p>\u0160ie slapukai leid\u017eia mums prisiminti j\u016bs\u0173 pasirinkimus, kuriuos darote naudodamiesi svetaine, pavyzd\u017eiui, i\u0161saugoti j\u016bs\u0173 prisijungimo duomenis arba pageidaujam\u0105j\u0105 kalb\u0105. \u0160i\u0173 slapuk\u0173 tikslas - suteikti jums asmeni\u0161kesn\u0119 patirt\u012f ir i\u0161vengti b\u016btinyb\u0117s kiekvien\u0105 kart\u0105, kai s\u0105veikausite su svetaine, i\u0161 naujo \u012fvesti savo nuostatas.<\/p>\n<p>J\u016bs\u0173 pasirinkimai d\u0117l slapuk\u0173 Jei nuspr\u0119site atsisakyti slapuk\u0173 naudojimo Svetain\u0117je, pirmiausia turite i\u0161jungti slapuk\u0173 naudojim\u0105 savo nar\u0161ykl\u0117je, o v\u0117liau i\u0161trinti \u0161ioje svetain\u0117je i\u0161saugotus slapukus. J\u016bs turite galimyb\u0119 bet kada naudoti \u0161\u012f metod\u0105, kad u\u017ekirstum\u0117te keli\u0105 slapuk\u0173 naudojimui.<\/p>\n<p>Atsisak\u0119 m\u016bs\u0173 slapuk\u0173, galite susidurti su nepatogumais naudodamiesi svetaine, o kai kurios funkcijos gali neveikti optimaliai.<\/p>\n<p>Jei norite i\u0161trinti slapukus arba nurodyti savo interneto nar\u0161yklei juos pa\u0161alinti arba atmesti, pra\u0161ome per\u017ei\u016br\u0117ti savo interneto nar\u0161ykl\u0117s pagalbos puslapius.<\/p>\n<p>Nor\u0117dami naudotis \u201eChrome\u201c \u017einiatinklio nar\u0161ykle, apsilankykite \u0161ioje \u201eGoogle\u201c puslapyje: <a href=\"https:\/\/support.google.com\/accounts\/answer\/32050\" rel=\"nofollow\">https:\/\/support.google.com\/accounts\/answer\/32050<\/a><\/p>\n<p>Nor\u0117dami naudoti Internet Explorer nar\u0161ykl\u0119, apsilankykite \u0161ioje \u201eMicrosoft\u201c puslapyje: <a href=\"http:\/\/support.microsoft.com\/kb\/278835\" rel=\"nofollow\">http:\/\/support.microsoft.com\/kb\/278835<\/a><\/p>\n<p>Nor\u0117dami gauti informacijos apie \u201eFirefox\u201c interneto nar\u0161ykl\u0119, apsilankykite \u0161ioje \u201eMozilla\u201c puslapyje: <a href=\"https:\/\/support.mozilla.org\/en-US\/kb\/delete-cookies-remove-info-websites-stored\" rel=\"nofollow\">https:\/\/support.mozilla.org\/en-US\/kb\/delete-cookies-remove-info-websites-stored<\/a><\/p>\n<p>Nor\u0117dami naudoti \u201eSafari\u201c \u017einiatinklio nar\u0161ykl\u0119, apsilankykite \u0161ioje \u201eApple\u201c puslapyje: <a href=\"https:\/\/support.apple.com\/guide\/safari\/manage-cookies-and-website-data-sfri11471\/mac\" rel=\"nofollow\">https:\/\/support.apple.com\/guide\/safari\/manage-cookies-and-website-data-sfri11471\/mac<\/a><\/p>\n<p>Kit\u0173 interneto nar\u0161ykli\u0173 atveju, pra\u0161ome apsilankyti oficialioje j\u016bs\u0173 interneto nar\u0161ykl\u0117s svetain\u0117je.<\/p>\n<p>Daugiau informacijos apie slapukus Nor\u0117dami daugiau su\u017einoti apie slapukus, galite apsilankyti All About Cookies by TermsFeed svetain\u0117je.<\/p>\n<p>Susisiekite su mumis Jei turite klausim\u0173 apie \u0161i\u0105 slapuk\u0173 politik\u0105, nedvejokite ir kreipkit\u0117s \u012f mus:<\/p>\n<p>El. pa\u0161tu: <a target=\"_new\" rel=\"noopener\">info@elfvaping.com<\/a><\/p>","protected":false},"excerpt":{"rendered":"<p>Last updated: April 26, 2024 This Cookies Policy delineates the utilization of Cookies on our website, elfvaping.com. Familiarizing yourself with this policy will provide insight into the types of Cookies we utilize, the information garnered through Cookies, and its subsequent application. This policy has been crafted with the aid of the Cookies Policy Generator. Cookies [&#8230;]\n","protected":false},"author":1,"featured_media":0,"parent":0,"menu_order":0,"comment_status":"closed","ping_status":"closed","template":"page-blank-title-center.php","meta":{"_lmt_disableupdate":"no","_lmt_disable":"","jetpack_post_was_ever_published":false,"footnotes":""},"class_list":["post-585","page","type-page","status-publish","hentry"],"yoast_head":"<!-- This site is optimized with the Yoast SEO plugin v27.4 - https:\/\/yoast.com\/product\/yoast-seo-wordpress\/ -->\n<title>Cookies Policy - Elf Vaping<\/title>\n<meta name=\"robots\" content=\"index, follow, max-snippet:-1, max-image-preview:large, max-video-preview:-1\" \/>\n<link rel=\"canonical\" href=\"https:\/\/elfvaping.com\/lt\/slapuku-politika\/\" \/>\n<meta property=\"og:locale\" content=\"lt_LT\" \/>\n<meta property=\"og:type\" content=\"article\" \/>\n<meta property=\"og:title\" content=\"Cookies Policy - Elf Vaping\" \/>\n<meta property=\"og:description\" content=\"Last updated: April 26, 2024 This Cookies Policy delineates the utilization of Cookies on our website, elfvaping.com. Familiarizing yourself with this policy will provide insight into the types of Cookies we utilize, the information garnered through Cookies, and its subsequent application. This policy has been crafted with the aid of the Cookies Policy Generator. Cookies [...]\" \/>\n<meta property=\"og:url\" content=\"https:\/\/elfvaping.com\/lt\/slapuku-politika\/\" \/>\n<meta property=\"og:site_name\" content=\"Elf Vaping\" \/>\n<meta property=\"article:publisher\" content=\"https:\/\/www.facebook.com\/elfvaping\" \/>\n<meta property=\"article:modified_time\" content=\"2026-02-24T03:31:26+00:00\" \/>\n<meta name=\"twitter:card\" content=\"summary_large_image\" \/>\n<meta name=\"twitter:label1\" content=\"Est. reading time\" \/>\n\t<meta name=\"twitter:data1\" content=\"3 minut\u0117s\" \/>\n<script type=\"application\/ld+json\" class=\"yoast-schema-graph\">{\"@context\":\"https:\\\/\\\/schema.org\",\"@graph\":[{\"@type\":\"WebPage\",\"@id\":\"https:\\\/\\\/elfvaping.com\\\/cookies-policy\\\/\",\"url\":\"https:\\\/\\\/elfvaping.com\\\/cookies-policy\\\/\",\"name\":\"Cookies Policy - Elf Vaping\",\"isPartOf\":{\"@id\":\"https:\\\/\\\/elfvaping.com\\\/cs\\\/#website\"},\"datePublished\":\"2024-06-16T02:49:40+00:00\",\"dateModified\":\"2026-02-24T03:31:26+00:00\",\"breadcrumb\":{\"@id\":\"https:\\\/\\\/elfvaping.com\\\/cookies-policy\\\/#breadcrumb\"},\"inLanguage\":\"lt-LT\",\"potentialAction\":[{\"@type\":\"ReadAction\",\"target\":[\"https:\\\/\\\/elfvaping.com\\\/cookies-policy\\\/\"]}]},{\"@type\":\"BreadcrumbList\",\"@id\":\"https:\\\/\\\/elfvaping.com\\\/cookies-policy\\\/#breadcrumb\",\"itemListElement\":[{\"@type\":\"ListItem\",\"position\":1,\"name\":\"Home\",\"item\":\"https:\\\/\\\/elfvaping.com\\\/\"},{\"@type\":\"ListItem\",\"position\":2,\"name\":\"Cookies Policy\"}]},{\"@type\":\"WebSite\",\"@id\":\"https:\\\/\\\/elfvaping.com\\\/cs\\\/#website\",\"url\":\"https:\\\/\\\/elfvaping.com\\\/cs\\\/\",\"name\":\"Elf Vaping\",\"description\":\"Best Wholesale Prices for Disposable Vapes\",\"publisher\":{\"@id\":\"https:\\\/\\\/elfvaping.com\\\/cs\\\/#organization\"},\"potentialAction\":[{\"@type\":\"SearchAction\",\"target\":{\"@type\":\"EntryPoint\",\"urlTemplate\":\"https:\\\/\\\/elfvaping.com\\\/cs\\\/?s={search_term_string}\"},\"query-input\":{\"@type\":\"PropertyValueSpecification\",\"valueRequired\":true,\"valueName\":\"search_term_string\"}}],\"inLanguage\":\"lt-LT\"},{\"@type\":\"Organization\",\"@id\":\"https:\\\/\\\/elfvaping.com\\\/cs\\\/#organization\",\"name\":\"Elf Vaping\",\"url\":\"https:\\\/\\\/elfvaping.com\\\/cs\\\/\",\"logo\":{\"@type\":\"ImageObject\",\"inLanguage\":\"lt-LT\",\"@id\":\"https:\\\/\\\/elfvaping.com\\\/cs\\\/#\\\/schema\\\/logo\\\/image\\\/\",\"url\":\"https:\\\/\\\/elfvaping.com\\\/wp-content\\\/uploads\\\/2024\\\/06\\\/elfvaping-logo.webp\",\"contentUrl\":\"https:\\\/\\\/elfvaping.com\\\/wp-content\\\/uploads\\\/2024\\\/06\\\/elfvaping-logo.webp\",\"width\":400,\"height\":111,\"caption\":\"Elf Vaping\"},\"image\":{\"@id\":\"https:\\\/\\\/elfvaping.com\\\/cs\\\/#\\\/schema\\\/logo\\\/image\\\/\"},\"sameAs\":[\"https:\\\/\\\/www.facebook.com\\\/elfvaping\",\"https:\\\/\\\/instagram.com\\\/elfvaping\\\/\"]}]}<\/script>\n<!-- \/ Yoast SEO plugin. -->","yoast_head_json":{"title":"Slapuk\u0173 politika - Elf Vaping","robots":{"index":"index","follow":"follow","max-snippet":"max-snippet:-1","max-image-preview":"max-image-preview:large","max-video-preview":"max-video-preview:-1"},"canonical":"https:\/\/elfvaping.com\/lt\/slapuku-politika\/","og_locale":"lt_LT","og_type":"article","og_title":"Cookies Policy - Elf Vaping","og_description":"Last updated: April 26, 2024 This Cookies Policy delineates the utilization of Cookies on our website, elfvaping.com. Familiarizing yourself with this policy will provide insight into the types of Cookies we utilize, the information garnered through Cookies, and its subsequent application. This policy has been crafted with the aid of the Cookies Policy Generator. Cookies [...]","og_url":"https:\/\/elfvaping.com\/lt\/slapuku-politika\/","og_site_name":"Elf Vaping","article_publisher":"https:\/\/www.facebook.com\/elfvaping","article_modified_time":"2026-02-24T03:31:26+00:00","twitter_card":"summary_large_image","twitter_misc":{"Est. reading time":"3 minut\u0117s"},"schema":{"@context":"https:\/\/schema.org","@graph":[{"@type":"WebPage","@id":"https:\/\/elfvaping.com\/cookies-policy\/","url":"https:\/\/elfvaping.com\/cookies-policy\/","name":"Slapuk\u0173 politika - Elf Vaping","isPartOf":{"@id":"https:\/\/elfvaping.com\/cs\/#website"},"datePublished":"2024-06-16T02:49:40+00:00","dateModified":"2026-02-24T03:31:26+00:00","breadcrumb":{"@id":"https:\/\/elfvaping.com\/cookies-policy\/#breadcrumb"},"inLanguage":"lt-LT","potentialAction":[{"@type":"ReadAction","target":["https:\/\/elfvaping.com\/cookies-policy\/"]}]},{"@type":"BreadcrumbList","@id":"https:\/\/elfvaping.com\/cookies-policy\/#breadcrumb","itemListElement":[{"@type":"ListItem","position":1,"name":"Home","item":"https:\/\/elfvaping.com\/"},{"@type":"ListItem","position":2,"name":"Cookies Policy"}]},{"@type":"WebSite","@id":"https:\/\/elfvaping.com\/cs\/#website","url":"https:\/\/elfvaping.com\/cs\/","name":"Elf\u0173 garinimas","description":"Geriausios didmenin\u0117s kainos vienkartiniams garintuvams","publisher":{"@id":"https:\/\/elfvaping.com\/cs\/#organization"},"potentialAction":[{"@type":"SearchAction","target":{"@type":"EntryPoint","urlTemplate":"https:\/\/elfvaping.com\/cs\/?s={search_term_string}"},"query-input":{"@type":"PropertyValueSpecification","valueRequired":true,"valueName":"search_term_string"}}],"inLanguage":"lt-LT"},{"@type":"Organization","@id":"https:\/\/elfvaping.com\/cs\/#organization","name":"Elf\u0173 garinimas","url":"https:\/\/elfvaping.com\/cs\/","logo":{"@type":"ImageObject","inLanguage":"lt-LT","@id":"https:\/\/elfvaping.com\/cs\/#\/schema\/logo\/image\/","url":"https:\/\/elfvaping.com\/wp-content\/uploads\/2024\/06\/elfvaping-logo.webp","contentUrl":"https:\/\/elfvaping.com\/wp-content\/uploads\/2024\/06\/elfvaping-logo.webp","width":400,"height":111,"caption":"Elf Vaping"},"image":{"@id":"https:\/\/elfvaping.com\/cs\/#\/schema\/logo\/image\/"},"sameAs":["https:\/\/www.facebook.com\/elfvaping","https:\/\/instagram.com\/elfvaping\/"]}]}},"jetpack_sharing_enabled":true,"_links":{"self":[{"href":"https:\/\/elfvaping.com\/lt\/wp-json\/wp\/v2\/pages\/585","targetHints":{"allow":["GET"]}}],"collection":[{"href":"https:\/\/elfvaping.com\/lt\/wp-json\/wp\/v2\/pages"}],"about":[{"href":"https:\/\/elfvaping.com\/lt\/wp-json\/wp\/v2\/types\/page"}],"author":[{"embeddable":true,"href":"https:\/\/elfvaping.com\/lt\/wp-json\/wp\/v2\/users\/1"}],"replies":[{"embeddable":true,"href":"https:\/\/elfvaping.com\/lt\/wp-json\/wp\/v2\/comments?post=585"}],"version-history":[{"count":0,"href":"https:\/\/elfvaping.com\/lt\/wp-json\/wp\/v2\/pages\/585\/revisions"}],"wp:attachment":[{"href":"https:\/\/elfvaping.com\/lt\/wp-json\/wp\/v2\/media?parent=585"}],"curies":[{"name":"wp","href":"https:\/\/api.w.org\/{rel}","templated":true}]}}