{"id":47082,"date":"2025-12-26T08:24:52","date_gmt":"2025-12-26T08:24:52","guid":{"rendered":"https:\/\/elfvaping.com\/?post_type=product&#038;p=47082"},"modified":"2026-03-16T07:13:34","modified_gmt":"2026-03-16T07:13:34","slug":"jnr-triple-3-in-1-110k-ispuciu-vienkartiniai-garintuvai-didmenine-prekyba-urmu-pirkti-triguba-baka-su-besisukanciu-burnos-gabalu-110000-tankus-garas","status":"publish","type":"product","link":"https:\/\/elfvaping.com\/lt\/product\/jnr-triple-3-in-1-110k-puffs-disposable-vapes-wholesale-bulk-buy-triple-tank-rotating-mouthpiece-110000-dense-vapor\/","title":{"rendered":"JNR TRIPLE 3 IN 1 110K Puffs I\u0161leid\u017eiamos Garintuv\u0117s Didmenin\u0117 Prekyba T\u016brin\u0117 Pirkimas Trigubas Bako Sukamas Burnos \u012e\u0117jimas 110000 Tankus Garas"},"content":{"rendered":"<article>\n<h2 style=\"color: #2c3e50; text-align: center;\"><a href=\"https:\/\/elfvaping.com\/lt\/produkto-kategorija\/jnr-vienkartiniai-garai\/\">JNR TRIPLE<\/a> 3 IN 1 110K Puffs <a href=\"https:\/\/elfvaping.com\/lt\/\">Vienkartiniai garintuvai didmenin\u0117 prekyba<\/a><\/h2>\n<p style=\"font-size: 1.1em; line-height: 1.6; color: #333;\">Sveiki! Ar esate pasiruo\u0161\u0119 ka\u017ekam tikrai dideliam ir \u012fdomiam? JNR TRIPLE 3 IN 1 110K Puffs yra \u010dia ir tai yra tikras \u017eaidimo keit\u0117jas! \u012esivaizduokite, kad turite ma\u017e\u0105 \u012frengin\u012f, kuris gali suteikti jums 110 000 puf\u0173. Tai tarsi niekada nesibaigiantis skan\u0117stas j\u016bs\u0173 dienai! \u0160is specialus \u012frenginys turi tris bakus viduje, o tai rei\u0161kia, kad j\u016bs gaunate daugiau \u012fvairov\u0117s ir daugiau linksmybi\u0173. Jei norite pirkti \u0161iuos dideliais kiekiais savo parduotuvei, Elfvaping yra vieta, kur reikia eiti. Mes esame did\u017eiausia didmenin\u0117s prekybos platforma Europoje ir u\u017etikriname, kad j\u016bs gautum\u0117te geriausius vienkartinius garintuvus tiesiai \u012f j\u016bs\u0173 duris! \ud83d\ude9b\u2728<\/p>\n<div style=\"background-color: #f0f7ff; border: 2px dashed #3498db; padding: 20px; margin: 20px 0; border-radius: 15px;\">\n<h3 style=\"margin-top: 0; color: #2980b9;\">\u2b50\ufe0f \u0160aunus dalykas JNR TRIPLE 3 IN 1 110K Puffs gali padaryti!<\/h3>\n<p>Tai n\u0117ra \u012fprastas prietaisas. Jame yra besisukantis burnos gabalas, leid\u017eiantis perjungti tarp skirting\u0173 vidini\u0173 bak\u0173. Tai labai skland\u017eiai! Be to, jame yra i\u0161manusis animuotas ekranas, kuris atrodo kaip ma\u017eas kompiuteris. Jis tiksliai parodo, kiek liko talpos ir baterijos. Daugiau nereikia sp\u0117lioti! Dvigubos tinklelio rit\u0117s d\u0117ka kiekvienas \u012fkv\u0117pimas yra storas ir labai patenkinamas. Jame netgi yra didel\u0117 1000mAh baterija, kuri\u0105 galima greitai \u012fkrauti naudojant Type-C kabel\u012f!<\/p>\n<\/div>\n<h3 style=\"color: #2c3e50;\">Pasirinkite savo parinktis<\/h3>\n<div style=\"line-height: 1.5; color: #444; margin-bottom: 30px;\">\n<p>1. Vasariniai Persikai + Bra\u0161ki\u0173 Ledas + Arb\u016bz\u0173 Ledas<\/p>\n<p>2. M\u0117lyni\u0173 vy\u0161ni\u0173 spanguoli\u0173 + M\u0117lyni\u0173 r\u016bg\u0161tus aviet\u0117s + Vy\u0161ni\u0173 uog\u0173<\/p>\n<p>3. Pasira\u0161\u0119s vaisius Kivis + Tropiniai vaisiai + \u017demuogi\u0173 kivis<\/p>\n<p>4. Kivi\u0173 Arb\u016bz\u0173 Ledas + Bra\u0161ki\u0173 Arb\u016bz\u0173 Ledas + Juodojo Drakono Ledas<\/p>\n<p>5. Avietin\u0117 Oran\u017ein\u0117 + M\u0117lyni\u0173 R\u016bg\u0161\u010dioji Aviet\u0117 + JNR Raudonas Puncheris<\/p>\n<p>6. Dvigubas obuolys + Vandensmelion\u0173 kramtomoji guma + Bra\u0161ki\u0173 bananas<\/p>\n<p>7. M\u0117lynas Razz Cherry + M\u0117lynas Razz Ice + Juodas Ledas<\/p>\n<p>8. Tigro kraujas + \u017demuogi\u0173 Red Bull + Kola ledas<\/p>\n<p>9. Meil\u0117 66 + Havajai + Mi Amor<\/p>\n<p>10. Arb\u016bz\u0173 ledai + Trigubas melionas + Bra\u0161ki\u0173 arb\u016bz\u0173 ledai<\/p>\n<\/div>\n<h3 style=\"color: #2c3e50;\">Kod\u0117l \u0161is \u012frenginys yra nugal\u0117tojas (Analiz\u0117)<\/h3>\n<table style=\"width: 100%; border-collapse: collapse; margin: 20px 0; font-family: Arial, sans-serif; border: 1px solid #dfe6e9; border-radius: 10px; overflow: hidden;\">\n<thead>\n<tr style=\"background-color: #34495e; color: #ffffff; text-align: left;\">\n<th style=\"padding: 15px; border: 1px solid #dfe6e9;\">Funkcija<\/th>\n<th style=\"padding: 15px; border: 1px solid #dfe6e9;\">JNR TRIPLAS 3 IN 1 110K P\u016bv\u0173<\/th>\n<th style=\"padding: 15px; border: 1px solid #dfe6e9;\">Standartinis Vienkartinis<\/th>\n<\/tr>\n<\/thead>\n<tbody>\n<tr style=\"background-color: #ffffff;\">\n<td style=\"padding: 12px; border: 1px solid #dfe6e9; font-weight: bold;\">P\u016bstel\u0117jim\u0173 skai\u010dius<\/td>\n<td style=\"padding: 12px; border: 1px solid #dfe6e9;\">Did\u017eiuliai 110 000 Puffs<\/td>\n<td style=\"padding: 12px; border: 1px solid #dfe6e9;\">Tik 5 000 \u2013 10 000 Puffs<\/td>\n<\/tr>\n<tr style=\"background-color: #f9f9f9;\">\n<td style=\"padding: 12px; border: 1px solid #dfe6e9; font-weight: bold;\">Bako konstrukcija<\/td>\n<td style=\"padding: 12px; border: 1px solid #dfe6e9;\">Trigubas bakas (3 viename)<\/td>\n<td style=\"padding: 12px; border: 1px solid #dfe6e9;\">Vienas bakas<\/td>\n<\/tr>\n<tr style=\"background-color: #ffffff;\">\n<td style=\"padding: 12px; border: 1px solid #dfe6e9; font-weight: bold;\">Rodyti<\/td>\n<td style=\"padding: 12px; border: 1px solid #dfe6e9;\">I\u0161manusis Animacinis Ekranas<\/td>\n<td style=\"padding: 12px; border: 1px solid #dfe6e9;\">N\u0117ra ekrano arba paprastas LED indikatorius<\/td>\n<\/tr>\n<tr style=\"background-color: #f9f9f9;\">\n<td style=\"padding: 12px; border: 1px solid #dfe6e9; font-weight: bold;\">Akumuliatorius<\/td>\n<td style=\"padding: 12px; border: 1px solid #dfe6e9;\">1000mAh + Greitas \u012ekrovimas<\/td>\n<td style=\"padding: 12px; border: 1px solid #dfe6e9;\">Ma\u017eas 500-600mAh<\/td>\n<\/tr>\n<\/tbody>\n<\/table>\n<h3 style=\"color: #2c3e50;\">Palyginimo akcentai<\/h3>\n<div style=\"flex-wrap: wrap; gap: 15px; margin: 20px 0;\">\n<div style=\"flex: 1; min-width: 250px; background: #fff8e1; padding: 15px; border-radius: 12px; border: 1px solid #ffecb3;\">\n<h4 style=\"margin-top: 0; color: #f39c12;\">Didmeniniams pirk\u0117jams \ud83d\udce6<\/h4>\n<p style=\"font-size: 0.9em;\">Pirkti dideliais kiekiais Elfvaping rei\u0161kia sutaupyti daug pinig\u0173! \u0160is 110K puff monstras yra idealus parduotuv\u0117ms, nes jis parduoda pats save.<\/p>\n<\/div>\n<div style=\"flex: 1; min-width: 250px; background: #e1f5fe; padding: 15px; border-radius: 12px; border: 1px solid #b3e5fc;\">\n<h4 style=\"margin-top: 0; color: #03a9f4;\">Vartotojams \ud83d\udca8<\/h4>\n<p style=\"font-size: 0.9em;\">Sukamas burnos gabalas yra toks linksmas. Tai tarsi trys skirtingos nuotaikos j\u016bs\u0173 ki\u0161en\u0117je vis\u0105 laik\u0105!<\/p>\n<\/div>\n<\/div>\n<h3 style=\"color: #2c3e50;\">Da\u017eniausiai u\u017eduodami klausimai (DUK)<\/h3>\n<div style=\"border: 1px solid #eee; border-radius: 10px; overflow: hidden;\">\n<div style=\"padding: 15px; border-bottom: 1px solid #eee; background-color: #fff;\">\n<p style=\"font-weight: bold; margin-bottom: 5px; color: #2c3e50;\">\u2753 Ar sunku perjungti tarp 3 cistern\u0173?<\/p>\n<p style=\"margin-top: 0; font-size: 0.95em;\">Visai ne! Jums tiesiog reikia pasukti burn\u0105 lie\u010dian\u010di\u0105 dal\u012f. Ji sukurta taip, kad b\u016bt\u0173 labai lygi ir lengvai naudojama visiems.<\/p>\n<\/div>\n<div style=\"padding: 15px; border-bottom: 1px solid #eee; background-color: #fafafa;\">\n<p style=\"font-weight: bold; margin-bottom: 5px; color: #2c3e50;\">Kiek laiko veikia baterija?<\/p>\n<p style=\"margin-top: 0; font-size: 0.95em;\">1000mAh baterija yra labai stipri. Kadangi ji yra \u012fkraunama su Type-C, galite j\u0105 naudoti tol, kol nei\u0161naudosite visas 110 000 \u012fkv\u0117pim\u0173!<\/p>\n<\/div>\n<div style=\"padding: 15px; background-color: #fff;\">\n<p style=\"font-weight: bold; margin-bottom: 5px; color: #2c3e50;\">Kur yra geriausia vieta pirkti \u0161iuos produktus Europoje?<\/p>\n<p style=\"margin-top: 0; font-size: 0.95em;\">Geriausia vieta yra Elfvaping! Mes specializuojam\u0117s didmenin\u0117s ir didel\u0117s apimties pirkimo u\u017esakym\u0173 visoje Europoje.<\/p>\n<\/div>\n<\/div>\n<div style=\"margin-top: 30px; padding: 20px; background-color: #2ecc71; color: white; border-radius: 10px; text-align: center;\">\n<h3 style=\"margin-top: 0;\">Pasiruo\u0161\u0119 u\u017esakyti? \ud83d\uded2<\/h3>\n<p>Nekantraukite! Apsilankykite Elfvaping dabar ir \u012fsigykite savo JNR TRIPLE 3 IN 1 110K Puffs. Mes esame j\u016bs\u0173 patikimas partneris didmenin\u0117s prekybos vienkartiniais garintuvais Europoje!<\/p>\n<\/div>\n<p><img loading=\"lazy\" decoding=\"async\" class=\"size-full wp-image-47105 aligncenter\" src=\"https:\/\/elfvaping.com\/wp-content\/uploads\/2025\/12\/JNR-TRIPLE-3-IN-1-110K-Puffs-Disposable-Vapes-Wholesale-Bulk-Buy-Triple-Tank-Rotating-Mouthpiece-110000-Dense-Vapor-12.webp\" alt=\"JNR TRIPLE 3 IN 1 110K Puffs I\u0161leid\u017eiamos Garintuv\u0117s Didmenin\u0117 Prekyba T\u016brin\u0117 Pirkimas Trigubas Bako Sukamas Burnos \u012e\u0117jimas 110000 Tankus Garas\" width=\"1920\" height=\"1080\" srcset=\"https:\/\/elfvaping.com\/wp-content\/uploads\/2025\/12\/JNR-TRIPLE-3-IN-1-110K-Puffs-Disposable-Vapes-Wholesale-Bulk-Buy-Triple-Tank-Rotating-Mouthpiece-110000-Dense-Vapor-12.webp 1920w, https:\/\/elfvaping.com\/wp-content\/uploads\/2025\/12\/JNR-TRIPLE-3-IN-1-110K-Puffs-Disposable-Vapes-Wholesale-Bulk-Buy-Triple-Tank-Rotating-Mouthpiece-110000-Dense-Vapor-12-300x169.webp 300w, https:\/\/elfvaping.com\/wp-content\/uploads\/2025\/12\/JNR-TRIPLE-3-IN-1-110K-Puffs-Disposable-Vapes-Wholesale-Bulk-Buy-Triple-Tank-Rotating-Mouthpiece-110000-Dense-Vapor-12-1024x576.webp 1024w, https:\/\/elfvaping.com\/wp-content\/uploads\/2025\/12\/JNR-TRIPLE-3-IN-1-110K-Puffs-Disposable-Vapes-Wholesale-Bulk-Buy-Triple-Tank-Rotating-Mouthpiece-110000-Dense-Vapor-12-768x432.webp 768w, https:\/\/elfvaping.com\/wp-content\/uploads\/2025\/12\/JNR-TRIPLE-3-IN-1-110K-Puffs-Disposable-Vapes-Wholesale-Bulk-Buy-Triple-Tank-Rotating-Mouthpiece-110000-Dense-Vapor-12-1536x864.webp 1536w, https:\/\/elfvaping.com\/wp-content\/uploads\/2025\/12\/JNR-TRIPLE-3-IN-1-110K-Puffs-Disposable-Vapes-Wholesale-Bulk-Buy-Triple-Tank-Rotating-Mouthpiece-110000-Dense-Vapor-12-18x10.webp 18w, https:\/\/elfvaping.com\/wp-content\/uploads\/2025\/12\/JNR-TRIPLE-3-IN-1-110K-Puffs-Disposable-Vapes-Wholesale-Bulk-Buy-Triple-Tank-Rotating-Mouthpiece-110000-Dense-Vapor-12-600x338.webp 600w\" sizes=\"auto, (max-width: 1920px) 100vw, 1920px\" \/><\/p>\n<\/article>","protected":false},"excerpt":{"rendered":"<div id=\"model-response-message-contentr_d926d856b351c1a8\" class=\"markdown markdown-main-panel tutor-markdown-rendering stronger enable-updated-hr-color\" dir=\"ltr\" aria-live=\"polite\">\n<p data-path-to-node=\"0\">JNR TRIPLE 3 IN 1 110K Puffs yra did\u017eiulis 110 000 i\u0161p\u016btim\u0173 vienkartinis garintuvas su linksminan\u010diu besisukan\u010diu burnos gabalu ir trimis atskirais bakeliais skirtingoms galimyb\u0117ms, tod\u0117l tai yra puikus pasirinkimas dideliems pirkimams ir didmeninei prekybai  adresu <b data-path-to-node=\"0\" data-index-in-node=\"207\">Elf\u0173 garinimas<\/b>.<\/p>\n<\/div>","protected":false},"featured_media":47094,"comment_status":"open","ping_status":"closed","template":"","meta":{"_lmt_disableupdate":"no","_lmt_disable":"","jetpack_post_was_ever_published":false},"product_brand":[],"product_cat":[227,17,83,87,62,80,71,68,77,73,74,64,63,75,78,65,67,72,76,79,66,70,69,88,95,190,85,89,168,222],"product_tag":[],"class_list":{"0":"post-47082","1":"product","2":"type-product","3":"status-publish","4":"has-post-thumbnail","6":"product_cat-110000-puff-vapes","7":"product_cat-all-vape-products","8":"product_cat-big-puffs-disposable-vapes","9":"product_cat-digital-box-disposable-vapes","10":"product_cat-disposable-vape-supplier-to-all-eu-countries","11":"product_cat-disposable-vape-types","12":"product_cat-disposable-vape-wholesale-austria","13":"product_cat-disposable-vape-wholesale-belgium","14":"product_cat-disposable-vape-wholesale-czech-republic","15":"product_cat-disposable-vape-wholesale-denmark","16":"product_cat-disposable-vape-wholesale-finland","17":"product_cat-disposable-vape-wholesale-france","18":"product_cat-disposable-vape-wholesale-germany","19":"product_cat-disposable-vape-wholesale-greece","20":"product_cat-disposable-vape-wholesale-hungary","21":"product_cat-disposable-vape-wholesale-italy","22":"product_cat-disposable-vape-wholesale-netherlands","23":"product_cat-disposable-vape-wholesale-norway","24":"product_cat-disposable-vape-wholesale-portugal","25":"product_cat-disposable-vape-wholesale-romania","26":"product_cat-disposable-vape-wholesale-spain","27":"product_cat-disposable-vape-wholesale-sweden","28":"product_cat-disposable-vape-wholesale-switzerland","29":"product_cat-dual-mesh-disposable-vapes","30":"product_cat-how-many-puffs","31":"product_cat-jnr-disposable-vapes","32":"product_cat-lower-nicotine-disposable-vapes","33":"product_cat-rechargeable-disposable-vapes","34":"product_cat-shop-best-disposable-vape-flavors","35":"product_cat-three-flavor-disposable-vapes","37":"first","38":"outofstock","39":"shipping-taxable","40":"purchasable","41":"product-type-variable","42":"has-default-attributes"},"yoast_head":"<!-- This site is optimized with the Yoast SEO plugin v27.5 - https:\/\/yoast.com\/product\/yoast-seo-wordpress\/ -->\n<title>JNR TRIPLE 3 IN 1 110K Puffs Disposable Vapes Wholesale Bulk Buy Triple Tank Rotating Mouthpiece 110000 Dense Vapor - Elf Vaping<\/title>\n<meta name=\"robots\" content=\"index, follow, max-snippet:-1, max-image-preview:large, max-video-preview:-1\" \/>\n<link rel=\"canonical\" href=\"https:\/\/elfvaping.com\/lt\/produktas\/jnr-triple-3-in-1-110k-ispuciu-vienkartiniai-garintuvai-didmenine-prekyba-urmu-pirkti-triguba-baka-su-besisukanciu-burnos-gabalu-110000-tankus-garas\/\" \/>\n<meta property=\"og:locale\" content=\"lt_LT\" \/>\n<meta property=\"og:type\" content=\"article\" \/>\n<meta property=\"og:title\" content=\"JNR TRIPLE 3 IN 1 110K Puffs Disposable Vapes Wholesale Bulk Buy Triple Tank Rotating Mouthpiece 110000 Dense Vapor - Elf Vaping\" \/>\n<meta property=\"og:description\" content=\"The JNR TRIPLE 3 IN 1 110K Puffs is a massive 110,000 puff disposable vape featuring a fun rotating mouthpiece and three separate tanks for different options, making it the perfect choice for bulk buy and wholesale at Elfvaping.\" \/>\n<meta property=\"og:url\" content=\"https:\/\/elfvaping.com\/lt\/produktas\/jnr-triple-3-in-1-110k-ispuciu-vienkartiniai-garintuvai-didmenine-prekyba-urmu-pirkti-triguba-baka-su-besisukanciu-burnos-gabalu-110000-tankus-garas\/\" \/>\n<meta property=\"og:site_name\" content=\"Elf Vaping\" \/>\n<meta property=\"article:publisher\" content=\"https:\/\/www.facebook.com\/elfvaping\" \/>\n<meta property=\"article:modified_time\" content=\"2026-03-16T07:13:34+00:00\" \/>\n<meta property=\"og:image\" content=\"https:\/\/elfvaping.com\/wp-content\/uploads\/2025\/12\/JNR-TRIPLE-3-IN-1-110K-Puffs-Disposable-Vapes-Wholesale-Bulk-Buy-Triple-Tank-Rotating-Mouthpiece-110000-Dense-Vapor-1.webp\" \/>\n\t<meta property=\"og:image:width\" content=\"1080\" \/>\n\t<meta property=\"og:image:height\" content=\"1080\" \/>\n\t<meta property=\"og:image:type\" content=\"image\/webp\" \/>\n<meta name=\"twitter:card\" content=\"summary_large_image\" \/>\n<meta name=\"twitter:label1\" content=\"Est. reading time\" \/>\n\t<meta name=\"twitter:data1\" content=\"2 minut\u0117s\" \/>\n<script type=\"application\/ld+json\" class=\"yoast-schema-graph\">{\"@context\":\"https:\\\/\\\/schema.org\",\"@graph\":[{\"@type\":\"WebPage\",\"@id\":\"https:\\\/\\\/elfvaping.com\\\/product\\\/jnr-triple-3-in-1-110k-puffs-disposable-vapes-wholesale-bulk-buy-triple-tank-rotating-mouthpiece-110000-dense-vapor\\\/\",\"url\":\"https:\\\/\\\/elfvaping.com\\\/product\\\/jnr-triple-3-in-1-110k-puffs-disposable-vapes-wholesale-bulk-buy-triple-tank-rotating-mouthpiece-110000-dense-vapor\\\/\",\"name\":\"JNR TRIPLE 3 IN 1 110K Puffs Disposable Vapes Wholesale Bulk Buy Triple Tank Rotating Mouthpiece 110000 Dense Vapor - Elf Vaping\",\"isPartOf\":{\"@id\":\"https:\\\/\\\/elfvaping.com\\\/cs\\\/#website\"},\"primaryImageOfPage\":{\"@id\":\"https:\\\/\\\/elfvaping.com\\\/product\\\/jnr-triple-3-in-1-110k-puffs-disposable-vapes-wholesale-bulk-buy-triple-tank-rotating-mouthpiece-110000-dense-vapor\\\/#primaryimage\"},\"image\":{\"@id\":\"https:\\\/\\\/elfvaping.com\\\/product\\\/jnr-triple-3-in-1-110k-puffs-disposable-vapes-wholesale-bulk-buy-triple-tank-rotating-mouthpiece-110000-dense-vapor\\\/#primaryimage\"},\"thumbnailUrl\":\"https:\\\/\\\/elfvaping.com\\\/wp-content\\\/uploads\\\/2025\\\/12\\\/JNR-TRIPLE-3-IN-1-110K-Puffs-Disposable-Vapes-Wholesale-Bulk-Buy-Triple-Tank-Rotating-Mouthpiece-110000-Dense-Vapor-1.webp\",\"datePublished\":\"2025-12-26T08:24:52+00:00\",\"dateModified\":\"2026-03-16T07:13:34+00:00\",\"breadcrumb\":{\"@id\":\"https:\\\/\\\/elfvaping.com\\\/product\\\/jnr-triple-3-in-1-110k-puffs-disposable-vapes-wholesale-bulk-buy-triple-tank-rotating-mouthpiece-110000-dense-vapor\\\/#breadcrumb\"},\"inLanguage\":\"lt-LT\",\"potentialAction\":[{\"@type\":\"ReadAction\",\"target\":[\"https:\\\/\\\/elfvaping.com\\\/product\\\/jnr-triple-3-in-1-110k-puffs-disposable-vapes-wholesale-bulk-buy-triple-tank-rotating-mouthpiece-110000-dense-vapor\\\/\"]}]},{\"@type\":\"ImageObject\",\"inLanguage\":\"lt-LT\",\"@id\":\"https:\\\/\\\/elfvaping.com\\\/product\\\/jnr-triple-3-in-1-110k-puffs-disposable-vapes-wholesale-bulk-buy-triple-tank-rotating-mouthpiece-110000-dense-vapor\\\/#primaryimage\",\"url\":\"https:\\\/\\\/elfvaping.com\\\/wp-content\\\/uploads\\\/2025\\\/12\\\/JNR-TRIPLE-3-IN-1-110K-Puffs-Disposable-Vapes-Wholesale-Bulk-Buy-Triple-Tank-Rotating-Mouthpiece-110000-Dense-Vapor-1.webp\",\"contentUrl\":\"https:\\\/\\\/elfvaping.com\\\/wp-content\\\/uploads\\\/2025\\\/12\\\/JNR-TRIPLE-3-IN-1-110K-Puffs-Disposable-Vapes-Wholesale-Bulk-Buy-Triple-Tank-Rotating-Mouthpiece-110000-Dense-Vapor-1.webp\",\"width\":1080,\"height\":1080},{\"@type\":\"BreadcrumbList\",\"@id\":\"https:\\\/\\\/elfvaping.com\\\/product\\\/jnr-triple-3-in-1-110k-puffs-disposable-vapes-wholesale-bulk-buy-triple-tank-rotating-mouthpiece-110000-dense-vapor\\\/#breadcrumb\",\"itemListElement\":[{\"@type\":\"ListItem\",\"position\":1,\"name\":\"Home\",\"item\":\"https:\\\/\\\/elfvaping.com\\\/\"},{\"@type\":\"ListItem\",\"position\":2,\"name\":\"Shop\",\"item\":\"https:\\\/\\\/elfvaping.com\\\/shop\\\/\"},{\"@type\":\"ListItem\",\"position\":3,\"name\":\"JNR TRIPLE 3 IN 1 110K Puffs Disposable Vapes Wholesale Bulk Buy Triple Tank Rotating Mouthpiece 110000 Dense Vapor\"}]},{\"@type\":\"WebSite\",\"@id\":\"https:\\\/\\\/elfvaping.com\\\/cs\\\/#website\",\"url\":\"https:\\\/\\\/elfvaping.com\\\/cs\\\/\",\"name\":\"Elf Vaping\",\"description\":\"Best Wholesale Prices for Disposable Vapes\",\"publisher\":{\"@id\":\"https:\\\/\\\/elfvaping.com\\\/cs\\\/#organization\"},\"potentialAction\":[{\"@type\":\"SearchAction\",\"target\":{\"@type\":\"EntryPoint\",\"urlTemplate\":\"https:\\\/\\\/elfvaping.com\\\/cs\\\/?s={search_term_string}\"},\"query-input\":{\"@type\":\"PropertyValueSpecification\",\"valueRequired\":true,\"valueName\":\"search_term_string\"}}],\"inLanguage\":\"lt-LT\"},{\"@type\":\"Organization\",\"@id\":\"https:\\\/\\\/elfvaping.com\\\/cs\\\/#organization\",\"name\":\"Elf Vaping\",\"url\":\"https:\\\/\\\/elfvaping.com\\\/cs\\\/\",\"logo\":{\"@type\":\"ImageObject\",\"inLanguage\":\"lt-LT\",\"@id\":\"https:\\\/\\\/elfvaping.com\\\/cs\\\/#\\\/schema\\\/logo\\\/image\\\/\",\"url\":\"https:\\\/\\\/elfvaping.com\\\/wp-content\\\/uploads\\\/2024\\\/06\\\/elfvaping-logo.webp\",\"contentUrl\":\"https:\\\/\\\/elfvaping.com\\\/wp-content\\\/uploads\\\/2024\\\/06\\\/elfvaping-logo.webp\",\"width\":400,\"height\":111,\"caption\":\"Elf Vaping\"},\"image\":{\"@id\":\"https:\\\/\\\/elfvaping.com\\\/cs\\\/#\\\/schema\\\/logo\\\/image\\\/\"},\"sameAs\":[\"https:\\\/\\\/www.facebook.com\\\/elfvaping\",\"https:\\\/\\\/instagram.com\\\/elfvaping\\\/\"]}]}<\/script>\n<!-- \/ Yoast SEO plugin. -->","yoast_head_json":{"title":"JNR TRIPLE 3 IN 1 110K Puffs I\u0161leid\u017eiamos Garintuv\u0117s Didmenin\u0117 Prekyba T\u016brinis Pirkimas Trigubas Bako Sukamas Burnos Padas 110000 Tankus Garas - Elf Garavimas","robots":{"index":"index","follow":"follow","max-snippet":"max-snippet:-1","max-image-preview":"max-image-preview:large","max-video-preview":"max-video-preview:-1"},"canonical":"https:\/\/elfvaping.com\/lt\/produktas\/jnr-triple-3-in-1-110k-ispuciu-vienkartiniai-garintuvai-didmenine-prekyba-urmu-pirkti-triguba-baka-su-besisukanciu-burnos-gabalu-110000-tankus-garas\/","og_locale":"lt_LT","og_type":"article","og_title":"JNR TRIPLE 3 IN 1 110K Puffs Disposable Vapes Wholesale Bulk Buy Triple Tank Rotating Mouthpiece 110000 Dense Vapor - Elf Vaping","og_description":"The JNR TRIPLE 3 IN 1 110K Puffs is a massive 110,000 puff disposable vape featuring a fun rotating mouthpiece and three separate tanks for different options, making it the perfect choice for bulk buy and wholesale at Elfvaping.","og_url":"https:\/\/elfvaping.com\/lt\/produktas\/jnr-triple-3-in-1-110k-ispuciu-vienkartiniai-garintuvai-didmenine-prekyba-urmu-pirkti-triguba-baka-su-besisukanciu-burnos-gabalu-110000-tankus-garas\/","og_site_name":"Elf Vaping","article_publisher":"https:\/\/www.facebook.com\/elfvaping","article_modified_time":"2026-03-16T07:13:34+00:00","og_image":[{"width":1080,"height":1080,"url":"https:\/\/elfvaping.com\/wp-content\/uploads\/2025\/12\/JNR-TRIPLE-3-IN-1-110K-Puffs-Disposable-Vapes-Wholesale-Bulk-Buy-Triple-Tank-Rotating-Mouthpiece-110000-Dense-Vapor-1.webp","type":"image\/webp"}],"twitter_card":"summary_large_image","twitter_misc":{"Est. reading time":"2 minut\u0117s"},"schema":{"@context":"https:\/\/schema.org","@graph":[{"@type":"WebPage","@id":"https:\/\/elfvaping.com\/product\/jnr-triple-3-in-1-110k-puffs-disposable-vapes-wholesale-bulk-buy-triple-tank-rotating-mouthpiece-110000-dense-vapor\/","url":"https:\/\/elfvaping.com\/product\/jnr-triple-3-in-1-110k-puffs-disposable-vapes-wholesale-bulk-buy-triple-tank-rotating-mouthpiece-110000-dense-vapor\/","name":"JNR TRIPLE 3 IN 1 110K Puffs I\u0161leid\u017eiamos Garintuv\u0117s Didmenin\u0117 Prekyba T\u016brinis Pirkimas Trigubas Bako Sukamas Burnos Padas 110000 Tankus Garas - Elf Garavimas","isPartOf":{"@id":"https:\/\/elfvaping.com\/cs\/#website"},"primaryImageOfPage":{"@id":"https:\/\/elfvaping.com\/product\/jnr-triple-3-in-1-110k-puffs-disposable-vapes-wholesale-bulk-buy-triple-tank-rotating-mouthpiece-110000-dense-vapor\/#primaryimage"},"image":{"@id":"https:\/\/elfvaping.com\/product\/jnr-triple-3-in-1-110k-puffs-disposable-vapes-wholesale-bulk-buy-triple-tank-rotating-mouthpiece-110000-dense-vapor\/#primaryimage"},"thumbnailUrl":"https:\/\/elfvaping.com\/wp-content\/uploads\/2025\/12\/JNR-TRIPLE-3-IN-1-110K-Puffs-Disposable-Vapes-Wholesale-Bulk-Buy-Triple-Tank-Rotating-Mouthpiece-110000-Dense-Vapor-1.webp","datePublished":"2025-12-26T08:24:52+00:00","dateModified":"2026-03-16T07:13:34+00:00","breadcrumb":{"@id":"https:\/\/elfvaping.com\/product\/jnr-triple-3-in-1-110k-puffs-disposable-vapes-wholesale-bulk-buy-triple-tank-rotating-mouthpiece-110000-dense-vapor\/#breadcrumb"},"inLanguage":"lt-LT","potentialAction":[{"@type":"ReadAction","target":["https:\/\/elfvaping.com\/product\/jnr-triple-3-in-1-110k-puffs-disposable-vapes-wholesale-bulk-buy-triple-tank-rotating-mouthpiece-110000-dense-vapor\/"]}]},{"@type":"ImageObject","inLanguage":"lt-LT","@id":"https:\/\/elfvaping.com\/product\/jnr-triple-3-in-1-110k-puffs-disposable-vapes-wholesale-bulk-buy-triple-tank-rotating-mouthpiece-110000-dense-vapor\/#primaryimage","url":"https:\/\/elfvaping.com\/wp-content\/uploads\/2025\/12\/JNR-TRIPLE-3-IN-1-110K-Puffs-Disposable-Vapes-Wholesale-Bulk-Buy-Triple-Tank-Rotating-Mouthpiece-110000-Dense-Vapor-1.webp","contentUrl":"https:\/\/elfvaping.com\/wp-content\/uploads\/2025\/12\/JNR-TRIPLE-3-IN-1-110K-Puffs-Disposable-Vapes-Wholesale-Bulk-Buy-Triple-Tank-Rotating-Mouthpiece-110000-Dense-Vapor-1.webp","width":1080,"height":1080},{"@type":"BreadcrumbList","@id":"https:\/\/elfvaping.com\/product\/jnr-triple-3-in-1-110k-puffs-disposable-vapes-wholesale-bulk-buy-triple-tank-rotating-mouthpiece-110000-dense-vapor\/#breadcrumb","itemListElement":[{"@type":"ListItem","position":1,"name":"Home","item":"https:\/\/elfvaping.com\/"},{"@type":"ListItem","position":2,"name":"Shop","item":"https:\/\/elfvaping.com\/shop\/"},{"@type":"ListItem","position":3,"name":"JNR TRIPLE 3 IN 1 110K Puffs Disposable Vapes Wholesale Bulk Buy Triple Tank Rotating Mouthpiece 110000 Dense Vapor"}]},{"@type":"WebSite","@id":"https:\/\/elfvaping.com\/cs\/#website","url":"https:\/\/elfvaping.com\/cs\/","name":"Elf\u0173 garinimas","description":"Geriausios didmenin\u0117s kainos vienkartiniams garintuvams","publisher":{"@id":"https:\/\/elfvaping.com\/cs\/#organization"},"potentialAction":[{"@type":"SearchAction","target":{"@type":"EntryPoint","urlTemplate":"https:\/\/elfvaping.com\/cs\/?s={search_term_string}"},"query-input":{"@type":"PropertyValueSpecification","valueRequired":true,"valueName":"search_term_string"}}],"inLanguage":"lt-LT"},{"@type":"Organization","@id":"https:\/\/elfvaping.com\/cs\/#organization","name":"Elf\u0173 garinimas","url":"https:\/\/elfvaping.com\/cs\/","logo":{"@type":"ImageObject","inLanguage":"lt-LT","@id":"https:\/\/elfvaping.com\/cs\/#\/schema\/logo\/image\/","url":"https:\/\/elfvaping.com\/wp-content\/uploads\/2024\/06\/elfvaping-logo.webp","contentUrl":"https:\/\/elfvaping.com\/wp-content\/uploads\/2024\/06\/elfvaping-logo.webp","width":400,"height":111,"caption":"Elf Vaping"},"image":{"@id":"https:\/\/elfvaping.com\/cs\/#\/schema\/logo\/image\/"},"sameAs":["https:\/\/www.facebook.com\/elfvaping","https:\/\/instagram.com\/elfvaping\/"]}]}},"jetpack_sharing_enabled":true,"tiered_pricing_type":"fixed","tiered_pricing_fixed_rules":[],"tiered_pricing_product_settings":{"layout":"default","base_unit_name":{"singular":null,"plural":null},"default_variation":null},"tiered_pricing_minimum_quantity":null,"tiered_pricing_roles_data":[],"tiered_pricing_percentage_rules":[],"tiered_pricing_maximum_quantity":null,"tiered_pricing_quantity_step":null,"_links":{"self":[{"href":"https:\/\/elfvaping.com\/lt\/wp-json\/wp\/v2\/product\/47082","targetHints":{"allow":["GET"]}}],"collection":[{"href":"https:\/\/elfvaping.com\/lt\/wp-json\/wp\/v2\/product"}],"about":[{"href":"https:\/\/elfvaping.com\/lt\/wp-json\/wp\/v2\/types\/product"}],"replies":[{"embeddable":true,"href":"https:\/\/elfvaping.com\/lt\/wp-json\/wp\/v2\/comments?post=47082"}],"wp:featuredmedia":[{"embeddable":true,"href":"https:\/\/elfvaping.com\/lt\/wp-json\/wp\/v2\/media\/47094"}],"wp:attachment":[{"href":"https:\/\/elfvaping.com\/lt\/wp-json\/wp\/v2\/media?parent=47082"}],"wp:term":[{"taxonomy":"product_brand","embeddable":true,"href":"https:\/\/elfvaping.com\/lt\/wp-json\/wp\/v2\/product_brand?post=47082"},{"taxonomy":"product_cat","embeddable":true,"href":"https:\/\/elfvaping.com\/lt\/wp-json\/wp\/v2\/product_cat?post=47082"},{"taxonomy":"product_tag","embeddable":true,"href":"https:\/\/elfvaping.com\/lt\/wp-json\/wp\/v2\/product_tag?post=47082"}],"curies":[{"name":"wp","href":"https:\/\/api.w.org\/{rel}","templated":true}]}}