{"id":1214,"date":"2024-06-16T02:52:14","date_gmt":"2024-06-16T02:52:14","guid":{"rendered":"https:\/\/elfvaping.com\/?page_id=1214"},"modified":"2024-08-05T12:41:36","modified_gmt":"2024-08-05T12:41:36","slug":"kugniecibas-politika","status":"publish","type":"page","link":"https:\/\/elfvaping.com\/lv\/shipping-policy\/","title":{"rendered":"Nos\u016bt\u012b\u0161anas politika"},"content":{"rendered":"<p dir=\"auto\">Laipni l\u016bdzam vietn\u0113 elfvaping.com, j\u016bsu uzticamaj\u0101 vienreiz lietojamu vape produktu pieg\u0101d\u0101t\u0101jam. M\u016bsu pieg\u0101des politika garant\u0113 vienm\u0113r\u012bgu un efekt\u012bvu j\u016bsu pas\u016bt\u012bjumu pieg\u0101di.<\/p>\r\n<p dir=\"auto\"><strong>Pas\u016bt\u012bjumu apstr\u0101de:<\/strong><br \/>Visiem pas\u016bt\u012bjumiem tiek veikta apstr\u0101de 1-2 darba dienu laik\u0101, lai pa\u0101trin\u0101tu nos\u016bt\u012b\u0161anu.<\/p>\r\n<p dir=\"auto\"><strong>Izseko\u0161anas inform\u0101cija:<\/strong><br \/>Katrs pas\u016bt\u012bjums tiek pieg\u0101d\u0101ts ar izseko\u0161anas numuru, kas tiks nos\u016bt\u012bts uz j\u016bsu e-pastu tikl\u012bdz pas\u016bt\u012bjums tiks nos\u016bt\u012bts.<\/p>\r\n<p dir=\"auto\"><strong>Pas\u016bt\u012bjuma izsekot\u0101js:<\/strong><br \/>Lai izsekotu savam pas\u016bt\u012bjumam, vienk\u0101r\u0161i ieietiet sav\u0101 kont\u0101 vai apmekl\u0113jiet m\u016bsu pas\u016bt\u012bjumu izseko\u0161anas lapu vietn\u0113\u00a0<a href=\"https:\/\/elfvaping.com\/lv\/pasutijumu-izsekosana\/\" target=\"_blank\" rel=\"noopener\">https:\/\/elfvaping.com\/orders-tracking<\/a>.<\/p>\r\n<p dir=\"auto\"><strong>Atgriezt s\u016bt\u012bt\u0101jam:<\/strong><br \/>S\u016bt\u012bjumi, kas mums (ElfVaping) tiek atgriezti t\u0101du iemeslu d\u0113\u013c k\u0101 nepareiza adrese, ko nor\u0101d\u012bjis klients, atteik\u0161an\u0101s no pie\u0146em\u0161anas vai neiz\u0146emti s\u016bt\u012bjumi pasta noda\u013c\u0101, tiks uzskat\u012bti par atgrieztiem un par tiem tiks iekas\u0113ta atgrie\u0161anas maksa. Klienti, kas pieprasa atk\u0101rtotu pieg\u0101di, b\u016bs atbild\u012bgi par atk\u0101rtotas nos\u016bt\u012b\u0161anas maksu.<\/p>\r\n<p dir=\"auto\"><strong>Pieg\u0101des kav\u0113jumi:<\/strong><br \/>Retos gad\u012bjumos pieg\u0101des var piedz\u012bvot kav\u0113\u0161anos neparedz\u0113tu apst\u0101k\u013cu d\u0113\u013c. Ja jums ir ba\u017eas par j\u016bsu paketi, l\u016bdzu, skatiet inform\u0101ciju m\u016bsu vietn\u0113 vai izmantojiet nor\u0101d\u012bt\u0101s izseko\u0161anas metodes. Ja jums rodas probl\u0113mas ar pas\u016bt\u012bjumu, j\u016btieties br\u012bvi sazin\u0101ties ar mums.<\/p>\r\n<p dir=\"auto\">Paldies, ka izv\u0113l\u0113j\u0101ties elfvaping.com sav\u0101m vienreiz lietojamo vape ier\u012b\u010du vajadz\u012bb\u0101m. M\u0113s esam ap\u0146\u0113mu\u0161ies nodro\u0161in\u0101t uzticamu un efekt\u012bvu pieg\u0101des pieredzi saviem v\u0113rt\u0113tajiem klientiem. Ja jums ir k\u0101di jaut\u0101jumi vai nepiecie\u0161ama pal\u012bdz\u012bba, l\u016bdzu, sazinieties ar m\u016bsu klientu apkalpo\u0161anas komandu.<\/p>","protected":false},"excerpt":{"rendered":"<p>Welcome to elfvaping.com, your trusted destination for disposable vape products. Our Shipping Policy ensures a smooth and efficient delivery process for your orders. Order Processing:All orders are processed within 1-2 business days to expedite shipment. Tracking Information:Every order includes a tracking number, which will be emailed to you once the order is dispatched. Track Your [&#8230;]\n","protected":false},"author":1,"featured_media":0,"parent":0,"menu_order":0,"comment_status":"closed","ping_status":"closed","template":"page-blank-title-center.php","meta":{"_lmt_disableupdate":"","_lmt_disable":"","footnotes":""},"class_list":["post-1214","page","type-page","status-publish","hentry"],"yoast_head":"<!-- This site is optimized with the Yoast SEO plugin v27.5 - https:\/\/yoast.com\/product\/yoast-seo-wordpress\/ -->\n<title>Shipping Policy - Elf Vaping<\/title>\n<meta name=\"robots\" content=\"index, follow, max-snippet:-1, max-image-preview:large, max-video-preview:-1\" \/>\n<link rel=\"canonical\" href=\"https:\/\/elfvaping.com\/lv\/kugniecibas-politika\/\" \/>\n<meta property=\"og:locale\" content=\"lv_LV\" \/>\n<meta property=\"og:type\" content=\"article\" \/>\n<meta property=\"og:title\" content=\"Shipping Policy - Elf Vaping\" \/>\n<meta property=\"og:description\" content=\"Welcome to elfvaping.com, your trusted destination for disposable vape products. Our Shipping Policy ensures a smooth and efficient delivery process for your orders. Order Processing:All orders are processed within 1-2 business days to expedite shipment. Tracking Information:Every order includes a tracking number, which will be emailed to you once the order is dispatched. Track Your [...]\" \/>\n<meta property=\"og:url\" content=\"https:\/\/elfvaping.com\/lv\/kugniecibas-politika\/\" \/>\n<meta property=\"og:site_name\" content=\"Elf Vaping\" \/>\n<meta property=\"article:publisher\" content=\"https:\/\/www.facebook.com\/elfvaping\" \/>\n<meta property=\"article:modified_time\" content=\"2024-08-05T12:41:36+00:00\" \/>\n<meta name=\"twitter:card\" content=\"summary_large_image\" \/>\n<meta name=\"twitter:label1\" content=\"Est. reading time\" \/>\n\t<meta name=\"twitter:data1\" content=\"1 min\u016bte\" \/>\n<script type=\"application\/ld+json\" class=\"yoast-schema-graph\">{\"@context\":\"https:\\\/\\\/schema.org\",\"@graph\":[{\"@type\":\"WebPage\",\"@id\":\"https:\\\/\\\/elfvaping.com\\\/shipping-policy\\\/\",\"url\":\"https:\\\/\\\/elfvaping.com\\\/shipping-policy\\\/\",\"name\":\"Shipping Policy - Elf Vaping\",\"isPartOf\":{\"@id\":\"https:\\\/\\\/elfvaping.com\\\/cs\\\/#website\"},\"datePublished\":\"2024-06-16T02:52:14+00:00\",\"dateModified\":\"2024-08-05T12:41:36+00:00\",\"breadcrumb\":{\"@id\":\"https:\\\/\\\/elfvaping.com\\\/shipping-policy\\\/#breadcrumb\"},\"inLanguage\":\"lv-LV\",\"potentialAction\":[{\"@type\":\"ReadAction\",\"target\":[\"https:\\\/\\\/elfvaping.com\\\/shipping-policy\\\/\"]}]},{\"@type\":\"BreadcrumbList\",\"@id\":\"https:\\\/\\\/elfvaping.com\\\/shipping-policy\\\/#breadcrumb\",\"itemListElement\":[{\"@type\":\"ListItem\",\"position\":1,\"name\":\"Home\",\"item\":\"https:\\\/\\\/elfvaping.com\\\/\"},{\"@type\":\"ListItem\",\"position\":2,\"name\":\"Shipping Policy\"}]},{\"@type\":\"WebSite\",\"@id\":\"https:\\\/\\\/elfvaping.com\\\/cs\\\/#website\",\"url\":\"https:\\\/\\\/elfvaping.com\\\/cs\\\/\",\"name\":\"Elf Vaping\",\"description\":\"Best Wholesale Prices for Disposable Vapes\",\"publisher\":{\"@id\":\"https:\\\/\\\/elfvaping.com\\\/cs\\\/#organization\"},\"potentialAction\":[{\"@type\":\"SearchAction\",\"target\":{\"@type\":\"EntryPoint\",\"urlTemplate\":\"https:\\\/\\\/elfvaping.com\\\/cs\\\/?s={search_term_string}\"},\"query-input\":{\"@type\":\"PropertyValueSpecification\",\"valueRequired\":true,\"valueName\":\"search_term_string\"}}],\"inLanguage\":\"lv-LV\"},{\"@type\":\"Organization\",\"@id\":\"https:\\\/\\\/elfvaping.com\\\/cs\\\/#organization\",\"name\":\"Elf Vaping\",\"url\":\"https:\\\/\\\/elfvaping.com\\\/cs\\\/\",\"logo\":{\"@type\":\"ImageObject\",\"inLanguage\":\"lv-LV\",\"@id\":\"https:\\\/\\\/elfvaping.com\\\/cs\\\/#\\\/schema\\\/logo\\\/image\\\/\",\"url\":\"https:\\\/\\\/elfvaping.com\\\/wp-content\\\/uploads\\\/2024\\\/06\\\/elfvaping-logo.webp\",\"contentUrl\":\"https:\\\/\\\/elfvaping.com\\\/wp-content\\\/uploads\\\/2024\\\/06\\\/elfvaping-logo.webp\",\"width\":400,\"height\":111,\"caption\":\"Elf Vaping\"},\"image\":{\"@id\":\"https:\\\/\\\/elfvaping.com\\\/cs\\\/#\\\/schema\\\/logo\\\/image\\\/\"},\"sameAs\":[\"https:\\\/\\\/www.facebook.com\\\/elfvaping\",\"https:\\\/\\\/instagram.com\\\/elfvaping\\\/\"]}]}<\/script>\n<!-- \/ Yoast SEO plugin. -->","yoast_head_json":{"title":"Pieg\u0101des politika - Elf Vaping","robots":{"index":"index","follow":"follow","max-snippet":"max-snippet:-1","max-image-preview":"max-image-preview:large","max-video-preview":"max-video-preview:-1"},"canonical":"https:\/\/elfvaping.com\/lv\/kugniecibas-politika\/","og_locale":"lv_LV","og_type":"article","og_title":"Shipping Policy - Elf Vaping","og_description":"Welcome to elfvaping.com, your trusted destination for disposable vape products. Our Shipping Policy ensures a smooth and efficient delivery process for your orders. Order Processing:All orders are processed within 1-2 business days to expedite shipment. Tracking Information:Every order includes a tracking number, which will be emailed to you once the order is dispatched. Track Your [...]","og_url":"https:\/\/elfvaping.com\/lv\/kugniecibas-politika\/","og_site_name":"Elf Vaping","article_publisher":"https:\/\/www.facebook.com\/elfvaping","article_modified_time":"2024-08-05T12:41:36+00:00","twitter_card":"summary_large_image","twitter_misc":{"Est. reading time":"1 min\u016bte"},"schema":{"@context":"https:\/\/schema.org","@graph":[{"@type":"WebPage","@id":"https:\/\/elfvaping.com\/shipping-policy\/","url":"https:\/\/elfvaping.com\/shipping-policy\/","name":"Pieg\u0101des politika - Elf Vaping","isPartOf":{"@id":"https:\/\/elfvaping.com\/cs\/#website"},"datePublished":"2024-06-16T02:52:14+00:00","dateModified":"2024-08-05T12:41:36+00:00","breadcrumb":{"@id":"https:\/\/elfvaping.com\/shipping-policy\/#breadcrumb"},"inLanguage":"lv-LV","potentialAction":[{"@type":"ReadAction","target":["https:\/\/elfvaping.com\/shipping-policy\/"]}]},{"@type":"BreadcrumbList","@id":"https:\/\/elfvaping.com\/shipping-policy\/#breadcrumb","itemListElement":[{"@type":"ListItem","position":1,"name":"Home","item":"https:\/\/elfvaping.com\/"},{"@type":"ListItem","position":2,"name":"Shipping Policy"}]},{"@type":"WebSite","@id":"https:\/\/elfvaping.com\/cs\/#website","url":"https:\/\/elfvaping.com\/cs\/","name":"Elfu Vaping","description":"Lab\u0101k\u0101s vairumtirdzniec\u012bbas cenas vienreizlietojamajiem vapeiem","publisher":{"@id":"https:\/\/elfvaping.com\/cs\/#organization"},"potentialAction":[{"@type":"SearchAction","target":{"@type":"EntryPoint","urlTemplate":"https:\/\/elfvaping.com\/cs\/?s={search_term_string}"},"query-input":{"@type":"PropertyValueSpecification","valueRequired":true,"valueName":"search_term_string"}}],"inLanguage":"lv-LV"},{"@type":"Organization","@id":"https:\/\/elfvaping.com\/cs\/#organization","name":"Elfu Vaping","url":"https:\/\/elfvaping.com\/cs\/","logo":{"@type":"ImageObject","inLanguage":"lv-LV","@id":"https:\/\/elfvaping.com\/cs\/#\/schema\/logo\/image\/","url":"https:\/\/elfvaping.com\/wp-content\/uploads\/2024\/06\/elfvaping-logo.webp","contentUrl":"https:\/\/elfvaping.com\/wp-content\/uploads\/2024\/06\/elfvaping-logo.webp","width":400,"height":111,"caption":"Elf Vaping"},"image":{"@id":"https:\/\/elfvaping.com\/cs\/#\/schema\/logo\/image\/"},"sameAs":["https:\/\/www.facebook.com\/elfvaping","https:\/\/instagram.com\/elfvaping\/"]}]}},"jetpack_sharing_enabled":true,"_links":{"self":[{"href":"https:\/\/elfvaping.com\/lv\/wp-json\/wp\/v2\/pages\/1214","targetHints":{"allow":["GET"]}}],"collection":[{"href":"https:\/\/elfvaping.com\/lv\/wp-json\/wp\/v2\/pages"}],"about":[{"href":"https:\/\/elfvaping.com\/lv\/wp-json\/wp\/v2\/types\/page"}],"author":[{"embeddable":true,"href":"https:\/\/elfvaping.com\/lv\/wp-json\/wp\/v2\/users\/1"}],"replies":[{"embeddable":true,"href":"https:\/\/elfvaping.com\/lv\/wp-json\/wp\/v2\/comments?post=1214"}],"version-history":[{"count":0,"href":"https:\/\/elfvaping.com\/lv\/wp-json\/wp\/v2\/pages\/1214\/revisions"}],"wp:attachment":[{"href":"https:\/\/elfvaping.com\/lv\/wp-json\/wp\/v2\/media?parent=1214"}],"curies":[{"name":"wp","href":"https:\/\/api.w.org\/{rel}","templated":true}]}}