{"id":1482,"date":"2024-06-16T02:52:54","date_gmt":"2024-06-16T02:52:54","guid":{"rendered":"https:\/\/elfvaping.com\/?page_id=1482"},"modified":"2026-02-24T03:27:26","modified_gmt":"2026-02-24T03:27:26","slug":"noteikumi","status":"publish","type":"page","link":"https:\/\/elfvaping.com\/lv\/terms-conditions\/","title":{"rendered":"Noteikumi un nosac\u012bjumi"},"content":{"rendered":"<p dir=\"auto\">Laipni l\u016bdzam vietn\u0113 elfvaping.com, pirmaj\u0101 tie\u0161saistes veikal\u0101, kas specializ\u0113jas vienreiz lietojamu vape produktu p\u0101rdo\u0161an\u0101. \u0160aj\u0101 dokument\u0101 atsauces uz \u2018elfvaping.com,\u2019 \u2018m\u0113s,\u2019 \u2018m\u016bs\u2019 vai \u2018m\u016bsu\u2019 attiecas uz m\u016bsu tie\u0161saistes platformu.<\/p>\r\n<p dir=\"auto\"><strong>\u012apa\u0161umties\u012bbas un piek\u013cuve:<\/strong><br \/>elfvaping.com ir m\u016bsu \u012bpa\u0161um\u0101 un tiek p\u0101rvald\u012bts, un m\u0113s sniedzam piek\u013cuvi \u0161eit izkl\u0101st\u012btajiem noteikumiem un nosac\u012bjumiem. Izmantojot m\u016bsu vietni, j\u016bs piekr\u012btat iev\u0113rot \u0161os noteikumus, ieskaitot jebk\u0101das papildu politikas, uz kur\u0101m ir atsauce vai kuras ir pieejamas, izmantojot hipersaiti.<\/p>\r\n<p dir=\"auto\"><strong>Atjaunin\u0101jumi un groz\u012bjumi:<\/strong><br \/>M\u0113s rezerv\u0113jam ties\u012bbas atjaunin\u0101t, main\u012bt vai aizst\u0101t jebkuru da\u013cu no \u0161iem Lieto\u0161anas noteikumiem p\u0113c saviem ieskatiem. J\u016bs esat atbild\u012bgs par \u0161o noteikumu periodisku p\u0101rskat\u012b\u0161anu, lai konstat\u0113tu jebk\u0101das izmai\u0146as. Turpin\u0101ta m\u016bsu m\u0101jaslapas izmanto\u0161ana p\u0113c izmai\u0146u veik\u0161anas apliecina atjaunin\u0101to noteikumu pie\u0146em\u0161anu.<\/p>\r\n<p dir=\"auto\"><strong>Lietot\u0101ja pien\u0101kumi:<\/strong><br \/>Izmantojot m\u016bsu t\u012bmek\u013ca vietni, j\u016bs apliecin\u0101t, ka jums ir vismaz asto\u0146padsmit (18) gadi. Jebk\u0101das dar\u012bjumi, kas veikti vietn\u0113, apliecina j\u016bsu piekri\u0161anu \u0161iem noteikumiem. Neat\u013cauta izmanto\u0161ana vai vietnes dro\u0161\u012bbas p\u0101rk\u0101p\u0161ana ir aizliegta.<\/p>\r\n<p dir=\"auto\"><strong>K\u013c\u016bdas un labojumi:<\/strong><br \/>Kam\u0113r m\u0113s cen\u0161amies p\u0113c precizit\u0101tes, vietn\u0113 elfvaping.com var rasties atsevi\u0161\u0137as k\u013c\u016bdas vai neprecizit\u0101tes. M\u0113s rezerv\u0113jam ties\u012bbas labot jebk\u0101das \u0161\u0101das probl\u0113mas bez iepriek\u0161\u0113ja br\u012bdin\u0101juma. M\u0113s neesam saist\u012bti ar pien\u0101kumu atjaunin\u0101t inform\u0101ciju, ja vien tas nav nepiecie\u0161ams saska\u0146\u0101 ar likumu.<\/p>\r\n<p dir=\"auto\"><strong>Pas\u016bt\u012bjumu p\u0101rvald\u012bba:<\/strong><br \/>M\u0113s rezerv\u0113jam ties\u012bbas atteikties vai main\u012bt jebk\u0101dus pie mums veikto pas\u016bt\u012bjumus. Pas\u016bt\u012bjuma izmai\u0146u vai atcel\u0161anas gad\u012bjum\u0101 m\u0113s veiksme sapr\u0101t\u012bgus m\u0113\u0123in\u0101jumus inform\u0113t j\u016bs, izmantojot nor\u0101d\u012bto kontaktinform\u0101ciju. J\u016bs esat atbild\u012bgs par prec\u012bzas konta un pirkuma inform\u0101cijas nodro\u0161in\u0101\u0161anu.<\/p>\r\n<p dir=\"auto\"><strong>Intelektu\u0101l\u0101 \u012bpa\u0161uma ties\u012bbas:<\/strong><br \/>Visas pre\u010du z\u012bmes, logotipi un saturs, kas tiek r\u0101d\u012bts vietn\u0113 elfvaping.com, ir m\u016bsu uz\u0146\u0113muma, t\u0101 fili\u0101\u013cu vai licenci\u0101tu intelektu\u0101l\u0101 \u012bpa\u0161uma objekti. Neat\u013cauta \u0161\u012b intelektu\u0101l\u0101 \u012bpa\u0161uma izmanto\u0161ana ir stingri aizliegta.<\/p>\r\n<p dir=\"auto\"><strong>Hipersaites un tre\u0161o pu\u0161u saturs:<\/strong><br \/>Saites uz elfvaping.com ir nepiecie\u0161amas iepriek\u0161\u0113ja apstiprin\u0101juma sa\u0146em\u0161anai. M\u0113s neatbalst\u0101m un neuz\u0146emamies atbild\u012bbas par tre\u0161o pu\u0161u saturu, kas ir saist\u012bts ar m\u016bsu vietni.<\/p>\r\n<p dir=\"auto\"><strong>Atbild\u012bbas ierobe\u017eojums:<\/strong><br \/>Cikt\u0101l to at\u013cauj likums, m\u0113s neesam atbild\u012bgi par jebk\u0101du zaud\u0113jumu vai kait\u0113jumu, kas rodas j\u016bsu vietnes elfvaping.com izmanto\u0161anas rezult\u0101t\u0101. M\u0113s neesam atbild\u012bgi par netie\u0161iem vai izrieto\u0161iem zaud\u0113jumiem. J\u016bsu vietnes izmanto\u0161ana noz\u012bm\u0113 \u0161o noteikumu pie\u0146em\u0161anu.<\/p>\r\n<p dir=\"auto\"><strong>Personisk\u0101 inform\u0101cija:<\/strong><br \/>Person\u012bg\u0101s inform\u0101cijas iesnieg\u0161ana vietn\u0113 elfvaping.com tiek regul\u0113ta saska\u0146\u0101 ar m\u016bsu Priv\u0101tuma politiku.<\/p>\r\n<p dir=\"auto\">Paldies, ka izv\u0113l\u0113j\u0101ties elfvaping.com. Izmantojot m\u016bsu vietni, j\u016bs piekr\u012btat iev\u0113rot \u0161os lieto\u0161anas noteikumus.<\/p>\r\n<p dir=\"auto\">\u00a0<\/p>\r\n<p dir=\"auto\"><span style=\"color: #e14d43;\"><strong>\u0160ie Lieto\u0161anas Noteikumi un jebk\u0101di atsevi\u0161\u0137i l\u012bgumi, ar kuru pal\u012bdz\u012bbu m\u0113s jums sniedzam pakalpojumus, tiks reglament\u0113ti un interpret\u0113ti saska\u0146\u0101 ar Honkongas likumiem.<\/strong><\/span><\/p>","protected":false},"excerpt":{"rendered":"<p>Welcome to elfvaping.com, a premier online store specializing in the sale of disposable vape products. Throughout this document, references to &#8216;elfvaping.com,&#8217; &#8216;we,&#8217; &#8216;us,&#8217; or &#8216;our&#8217; pertain to our online platform. Ownership and Access:elfvaping.com is owned and operated by us, providing access subject to the terms and conditions outlined herein. By using our website, you agree [&#8230;]\n","protected":false},"author":1,"featured_media":0,"parent":0,"menu_order":0,"comment_status":"closed","ping_status":"closed","template":"page-blank-title-center.php","meta":{"_lmt_disableupdate":"no","_lmt_disable":"","footnotes":""},"class_list":["post-1482","page","type-page","status-publish","hentry"],"yoast_head":"<!-- This site is optimized with the Yoast SEO plugin v27.6 - https:\/\/yoast.com\/product\/yoast-seo-wordpress\/ -->\n<title>Terms &amp; Conditions - Elf Vaping<\/title>\n<meta name=\"robots\" content=\"index, follow, max-snippet:-1, max-image-preview:large, max-video-preview:-1\" \/>\n<link rel=\"canonical\" href=\"https:\/\/elfvaping.com\/lv\/noteikumi\/\" \/>\n<meta property=\"og:locale\" content=\"lv_LV\" \/>\n<meta property=\"og:type\" content=\"article\" \/>\n<meta property=\"og:title\" content=\"Terms &amp; Conditions - Elf Vaping\" \/>\n<meta property=\"og:description\" content=\"Welcome to elfvaping.com, a premier online store specializing in the sale of disposable vape products. Throughout this document, references to &#8216;elfvaping.com,&#8217; &#8216;we,&#8217; &#8216;us,&#8217; or &#8216;our&#8217; pertain to our online platform. Ownership and Access:elfvaping.com is owned and operated by us, providing access subject to the terms and conditions outlined herein. By using our website, you agree [...]\" \/>\n<meta property=\"og:url\" content=\"https:\/\/elfvaping.com\/lv\/noteikumi\/\" \/>\n<meta property=\"og:site_name\" content=\"Elf Vaping\" \/>\n<meta property=\"article:publisher\" content=\"https:\/\/www.facebook.com\/elfvaping\" \/>\n<meta property=\"article:modified_time\" content=\"2026-02-24T03:27:26+00:00\" \/>\n<meta name=\"twitter:card\" content=\"summary_large_image\" \/>\n<meta name=\"twitter:label1\" content=\"Est. reading time\" \/>\n\t<meta name=\"twitter:data1\" content=\"2 min\u016btes\" \/>\n<script type=\"application\/ld+json\" class=\"yoast-schema-graph\">{\"@context\":\"https:\\\/\\\/schema.org\",\"@graph\":[{\"@type\":\"WebPage\",\"@id\":\"https:\\\/\\\/elfvaping.com\\\/terms-conditions\\\/\",\"url\":\"https:\\\/\\\/elfvaping.com\\\/terms-conditions\\\/\",\"name\":\"Terms & Conditions - Elf Vaping\",\"isPartOf\":{\"@id\":\"https:\\\/\\\/elfvaping.com\\\/cs\\\/#website\"},\"datePublished\":\"2024-06-16T02:52:54+00:00\",\"dateModified\":\"2026-02-24T03:27:26+00:00\",\"breadcrumb\":{\"@id\":\"https:\\\/\\\/elfvaping.com\\\/terms-conditions\\\/#breadcrumb\"},\"inLanguage\":\"lv-LV\",\"potentialAction\":[{\"@type\":\"ReadAction\",\"target\":[\"https:\\\/\\\/elfvaping.com\\\/terms-conditions\\\/\"]}]},{\"@type\":\"BreadcrumbList\",\"@id\":\"https:\\\/\\\/elfvaping.com\\\/terms-conditions\\\/#breadcrumb\",\"itemListElement\":[{\"@type\":\"ListItem\",\"position\":1,\"name\":\"Home\",\"item\":\"https:\\\/\\\/elfvaping.com\\\/\"},{\"@type\":\"ListItem\",\"position\":2,\"name\":\"Terms &#038; Conditions\"}]},{\"@type\":\"WebSite\",\"@id\":\"https:\\\/\\\/elfvaping.com\\\/cs\\\/#website\",\"url\":\"https:\\\/\\\/elfvaping.com\\\/cs\\\/\",\"name\":\"Elf Vaping\",\"description\":\"Best Wholesale Prices for Disposable Vapes\",\"publisher\":{\"@id\":\"https:\\\/\\\/elfvaping.com\\\/cs\\\/#organization\"},\"potentialAction\":[{\"@type\":\"SearchAction\",\"target\":{\"@type\":\"EntryPoint\",\"urlTemplate\":\"https:\\\/\\\/elfvaping.com\\\/cs\\\/?s={search_term_string}\"},\"query-input\":{\"@type\":\"PropertyValueSpecification\",\"valueRequired\":true,\"valueName\":\"search_term_string\"}}],\"inLanguage\":\"lv-LV\"},{\"@type\":\"Organization\",\"@id\":\"https:\\\/\\\/elfvaping.com\\\/cs\\\/#organization\",\"name\":\"Elf Vaping\",\"url\":\"https:\\\/\\\/elfvaping.com\\\/cs\\\/\",\"logo\":{\"@type\":\"ImageObject\",\"inLanguage\":\"lv-LV\",\"@id\":\"https:\\\/\\\/elfvaping.com\\\/cs\\\/#\\\/schema\\\/logo\\\/image\\\/\",\"url\":\"https:\\\/\\\/elfvaping.com\\\/wp-content\\\/uploads\\\/2024\\\/06\\\/elfvaping-logo.webp\",\"contentUrl\":\"https:\\\/\\\/elfvaping.com\\\/wp-content\\\/uploads\\\/2024\\\/06\\\/elfvaping-logo.webp\",\"width\":400,\"height\":111,\"caption\":\"Elf Vaping\"},\"image\":{\"@id\":\"https:\\\/\\\/elfvaping.com\\\/cs\\\/#\\\/schema\\\/logo\\\/image\\\/\"},\"sameAs\":[\"https:\\\/\\\/www.facebook.com\\\/elfvaping\",\"https:\\\/\\\/instagram.com\\\/elfvaping\\\/\"]}]}<\/script>\n<!-- \/ Yoast SEO plugin. -->","yoast_head_json":{"title":"Noteikumi un nosac\u012bjumi - Elf Vaping","robots":{"index":"index","follow":"follow","max-snippet":"max-snippet:-1","max-image-preview":"max-image-preview:large","max-video-preview":"max-video-preview:-1"},"canonical":"https:\/\/elfvaping.com\/lv\/noteikumi\/","og_locale":"lv_LV","og_type":"article","og_title":"Terms & Conditions - Elf Vaping","og_description":"Welcome to elfvaping.com, a premier online store specializing in the sale of disposable vape products. Throughout this document, references to &#8216;elfvaping.com,&#8217; &#8216;we,&#8217; &#8216;us,&#8217; or &#8216;our&#8217; pertain to our online platform. Ownership and Access:elfvaping.com is owned and operated by us, providing access subject to the terms and conditions outlined herein. By using our website, you agree [...]","og_url":"https:\/\/elfvaping.com\/lv\/noteikumi\/","og_site_name":"Elf Vaping","article_publisher":"https:\/\/www.facebook.com\/elfvaping","article_modified_time":"2026-02-24T03:27:26+00:00","twitter_card":"summary_large_image","twitter_misc":{"Est. reading time":"2 min\u016btes"},"schema":{"@context":"https:\/\/schema.org","@graph":[{"@type":"WebPage","@id":"https:\/\/elfvaping.com\/terms-conditions\/","url":"https:\/\/elfvaping.com\/terms-conditions\/","name":"Noteikumi un nosac\u012bjumi - Elf Vaping","isPartOf":{"@id":"https:\/\/elfvaping.com\/cs\/#website"},"datePublished":"2024-06-16T02:52:54+00:00","dateModified":"2026-02-24T03:27:26+00:00","breadcrumb":{"@id":"https:\/\/elfvaping.com\/terms-conditions\/#breadcrumb"},"inLanguage":"lv-LV","potentialAction":[{"@type":"ReadAction","target":["https:\/\/elfvaping.com\/terms-conditions\/"]}]},{"@type":"BreadcrumbList","@id":"https:\/\/elfvaping.com\/terms-conditions\/#breadcrumb","itemListElement":[{"@type":"ListItem","position":1,"name":"Home","item":"https:\/\/elfvaping.com\/"},{"@type":"ListItem","position":2,"name":"Terms &#038; Conditions"}]},{"@type":"WebSite","@id":"https:\/\/elfvaping.com\/cs\/#website","url":"https:\/\/elfvaping.com\/cs\/","name":"Elfu Vaping","description":"Lab\u0101k\u0101s vairumtirdzniec\u012bbas cenas vienreizlietojamajiem vapeiem","publisher":{"@id":"https:\/\/elfvaping.com\/cs\/#organization"},"potentialAction":[{"@type":"SearchAction","target":{"@type":"EntryPoint","urlTemplate":"https:\/\/elfvaping.com\/cs\/?s={search_term_string}"},"query-input":{"@type":"PropertyValueSpecification","valueRequired":true,"valueName":"search_term_string"}}],"inLanguage":"lv-LV"},{"@type":"Organization","@id":"https:\/\/elfvaping.com\/cs\/#organization","name":"Elfu Vaping","url":"https:\/\/elfvaping.com\/cs\/","logo":{"@type":"ImageObject","inLanguage":"lv-LV","@id":"https:\/\/elfvaping.com\/cs\/#\/schema\/logo\/image\/","url":"https:\/\/elfvaping.com\/wp-content\/uploads\/2024\/06\/elfvaping-logo.webp","contentUrl":"https:\/\/elfvaping.com\/wp-content\/uploads\/2024\/06\/elfvaping-logo.webp","width":400,"height":111,"caption":"Elf Vaping"},"image":{"@id":"https:\/\/elfvaping.com\/cs\/#\/schema\/logo\/image\/"},"sameAs":["https:\/\/www.facebook.com\/elfvaping","https:\/\/instagram.com\/elfvaping\/"]}]}},"jetpack_sharing_enabled":true,"_links":{"self":[{"href":"https:\/\/elfvaping.com\/lv\/wp-json\/wp\/v2\/pages\/1482","targetHints":{"allow":["GET"]}}],"collection":[{"href":"https:\/\/elfvaping.com\/lv\/wp-json\/wp\/v2\/pages"}],"about":[{"href":"https:\/\/elfvaping.com\/lv\/wp-json\/wp\/v2\/types\/page"}],"author":[{"embeddable":true,"href":"https:\/\/elfvaping.com\/lv\/wp-json\/wp\/v2\/users\/1"}],"replies":[{"embeddable":true,"href":"https:\/\/elfvaping.com\/lv\/wp-json\/wp\/v2\/comments?post=1482"}],"version-history":[{"count":0,"href":"https:\/\/elfvaping.com\/lv\/wp-json\/wp\/v2\/pages\/1482\/revisions"}],"wp:attachment":[{"href":"https:\/\/elfvaping.com\/lv\/wp-json\/wp\/v2\/media?parent=1482"}],"curies":[{"name":"wp","href":"https:\/\/api.w.org\/{rel}","templated":true}]}}