{"id":585,"date":"2024-06-16T02:49:40","date_gmt":"2024-06-16T02:49:40","guid":{"rendered":"https:\/\/elfvaping.com\/?page_id=585"},"modified":"2026-02-24T03:31:26","modified_gmt":"2026-02-24T03:31:26","slug":"sikfailu-politika","status":"publish","type":"page","link":"https:\/\/elfvaping.com\/lv\/cookies-policy\/","title":{"rendered":"S\u012bkdat\u0146u politika"},"content":{"rendered":"<p>P\u0113d\u0113jo reizi atjaunin\u0101ts: 2024. gada 26. apr\u012blis<\/p>\n<p>\u0160\u012b s\u012bkdat\u0146u politika nosaka, k\u0101 m\u0113s izmantojam s\u012bkdatnes m\u016bsu vietn\u0113 elfvaping.com. Iepaz\u012bstoties ar \u0161o politiku, j\u016bs uzzin\u0101siet, k\u0101dus s\u012bkdat\u0146u veidus m\u0113s izmantojam, k\u0101du inform\u0101ciju m\u0113s v\u0101cam ar s\u012bkdat\u0146u pal\u012bdz\u012bbu un k\u0101 t\u0101 tiek izmantota. \u0160\u012b politika ir izstr\u0101d\u0101ta, izmantojot s\u012bkdat\u0146u politikas \u0123eneratoru.<\/p>\n<p>S\u012bkfaili parasti nesatur inform\u0101ciju, kas tie\u0161i identific\u0113 lietot\u0101ju. Tom\u0113r j\u016bsu glab\u0101t\u0101 personas inform\u0101cija var b\u016bt saist\u012bta ar inform\u0101ciju, kas glab\u0101ta un ieg\u016bta no s\u012bkfailiem. Lai ieg\u016btu visaptvero\u0161u inform\u0101ciju par to, k\u0101 m\u0113s izmantojam, glab\u0101jam un aizsarg\u0101jam j\u016bsu personas datus, l\u016bdzu, skatiet m\u016bsu Priv\u0101tuma politiku.<\/p>\n<p>M\u0113s izmantotajos s\u012bkfailos netiek glab\u0101ta sensit\u012bva personisk\u0101 inform\u0101cija, piem\u0113ram, pasta adreses vai konta paroles.<\/p>\n<p>Skaidrojumi un defin\u012bcijas<\/p>\n<p>\u0160\u0101di termini ar lielo s\u0101kumletteri tiek interpret\u0113ti k\u0101 t\u0101di, kuriem ir noteiktas noz\u012bmes \u0161\u0101d\u0101s situ\u0101cij\u0101s. \u0160\u012bs defin\u012bcijas ir piem\u0113rojamas neatkar\u012bgi no t\u0101, vai t\u0101s par\u0101d\u0101s vienskaitl\u012b vai daudzskaitl\u012b.<\/p>\n<p>\u0160\u012bs s\u012bkdat\u0146u politikas nol\u016bkiem:<\/p>\n<p>\u0160\u012b politika attiecas uz uz\u0146\u0113mumu elfvaping.com. S\u012bkfaili ir nelieli faili, kurus vietne ievieto j\u016bsu dator\u0101, mobilaj\u0101 ier\u012bc\u0113 vai jebkur\u0101 cit\u0101 ier\u012bc\u0113 un kuri satur inform\u0101ciju par j\u016bsu p\u0101rl\u016bko\u0161anas v\u0113sturi \u0161aj\u0101 vietn\u0113, cita starp\u0101. Vietne ir elfvaping.com, kuru var piek\u013c\u016bt no <a href=\"https:\/\/elfvaping.com\/lv\/\" target=\"_new\" rel=\"noopener\">https:\/\/elfvaping.com\/<\/a> J\u016bs nor\u0101d\u0101t personu, kas piek\u013c\u016bst vai izmanto Vietni, vai uz\u0146\u0113mumu, vai jebk\u0101du juridisku vien\u012bbu, uz kuru v\u0101rd\u0101 \u0161\u012b persona piek\u013c\u016bst vai izmanto Vietni, atkar\u012bb\u0101 no t\u0101, k\u0101ds ir piem\u0113rots. Vietnes s\u012bkdat\u0146u izmanto\u0161ana<\/p>\n<p>S\u012bkfailu veidi, ko m\u0113s izmanto M\u0113s izmantojam divu veidu s\u012bkfailus: \u201cpast\u0101v\u012bgos\u201d un \u201csesijas\u201d s\u012bkfailus. Past\u0101v\u012bgie s\u012bkfaili saglab\u0101jas j\u016bsu person\u0101laj\u0101 dator\u0101 vai mobilaj\u0101 ier\u012bc\u0113 pat tad, kad esat bezsaist\u0113, savuk\u0101rt sesijas s\u012bkfaili tiek dz\u0113sti, tikl\u012bdz j\u016bs aizverat savu t\u012bmek\u013ca p\u0101rl\u016bkprogrammu.<\/p>\n<p>M\u0113s izmantojam gan sesijas, gan past\u0101v\u012bg\u0101s s\u012bkfailus \u0161\u0101diem m\u0113r\u0137iem:<\/p>\n<p>Nepiecie\u0161am\u0101s \/ b\u016btisk\u0101s s\u012bkdatnes<\/p>\n<p>Sesijas s\u012bkfaili<\/p>\n<p>P\u0101rvalda: M\u0113s<\/p>\n<p>\u0160\u012bs s\u012bkfailas ir b\u016btiskas, lai nodro\u0161in\u0101tu jums piek\u013cuvi vietnes pakalpojumiem un iesp\u0113jotu da\u017ek\u0101rt t\u0101s funkciju izmanto\u0161anu. T\u0101s pal\u012bdz lietot\u0101ju autentifik\u0101cij\u0101 un nov\u0113r\u0161 lietot\u0101ju kontu kr\u0101pniecisku izmanto\u0161anu. Bez \u0161\u012bm s\u012bkfail\u0101m m\u0113s nevaram sniegt jums piepras\u012btos pakalpojumus, un m\u0113s izmantojam tikai \u0161\u012bs s\u012bkfailas, lai nodro\u0161in\u0101tu jums \u0161os pakalpojumus.<\/p>\n<p>Funkcionalit\u0101tes s\u012bkfaili<\/p>\n<p>Past\u0101v\u012bg\u0101s s\u012bkfaili<\/p>\n<p>P\u0101rvalda: M\u0113s<\/p>\n<p>\u0160\u012bs s\u012bkdatnes \u013cauj mums atcer\u0113ties j\u016bsu izv\u0113les, izmantojot vietni, piem\u0113ram, saglab\u0101jot j\u016bsu pieteik\u0161an\u0101s datus vai valodas izv\u0113li. \u0160o s\u012bkdat\u0146u m\u0113r\u0137is ir nodro\u0161in\u0101t personaliz\u0113t\u0101ku pieredzi un izvair\u012bties no nepiecie\u0161am\u012bbas jums atk\u0101rtoti ievad\u012bt savas preferences katru reizi, kad mijiedarbojaties ar vietni.<\/p>\n<p>J\u016bsu izv\u0113le attiec\u012bb\u0101 uz s\u012bkdatn\u0113m Ja izv\u0113laties atteikties no s\u012bkdat\u0146u izmanto\u0161anas vietn\u0113, vispirms jums ir j\u0101izsl\u0113dz s\u012bkdat\u0146u izmanto\u0161ana sav\u0101 p\u0101rl\u016bkprogramm\u0101 un p\u0113c tam j\u0101izdz\u0113\u0161 \u0161aj\u0101 vietn\u0113 saglab\u0101t\u0101s s\u012bkdatnes. Jums ir iesp\u0113ja izmantot \u0161o metodi, lai jebkur\u0101 laik\u0101 nov\u0113rstu s\u012bkdat\u0146u izmanto\u0161anu.<\/p>\n<p>Ja atteiksieties no m\u016bsu s\u012bkdatn\u0113m, Jums var rasties ne\u0113rt\u012bbas, lietojot m\u016bsu vietni, k\u0101 ar\u012b da\u017eas funkcijas var nedarboties optim\u0101li.<\/p>\n<p>Ja v\u0113laties dz\u0113st s\u012bkfailus vai nor\u0101d\u012bt savam t\u012bmek\u013ca p\u0101rl\u016bkam izdz\u0113st vai noraid\u012bt s\u012bkfailus, l\u016bdzu, iepaz\u012bstieties ar sava t\u012bmek\u013ca p\u0101rl\u016bka pal\u012bdz\u012bbas lap\u0101m.<\/p>\n<p>L\u016bdzu, apmekl\u0113jiet \u0161o lapu no Google Chrome t\u012bmek\u013ca p\u0101rl\u016bkam: <a href=\"https:\/\/support.google.com\/accounts\/answer\/32050\" rel=\"nofollow\">https:\/\/support.google.com\/accounts\/answer\/32050<\/a><\/p>\n<p>Lai izmantotu Internet Explorer t\u012bmek\u013ca p\u0101rl\u016bkprogrammu, l\u016bdzu, apmekl\u0113jiet \u0161o Microsoft lapu: <a href=\"http:\/\/support.microsoft.com\/kb\/278835\" rel=\"nofollow\">http:\/\/support.microsoft.com\/kb\/278835<\/a><\/p>\n<p>L\u016bdzu, Firefox t\u012bmek\u013ca p\u0101rl\u016bkprogrammai, apmekl\u0113jiet \u0161o Mozilla lapu: <a href=\"https:\/\/support.mozilla.org\/en-US\/kb\/delete-cookies-remove-info-websites-stored\" rel=\"nofollow\">https:\/\/support.mozilla.org\/en-US\/kb\/delete-cookies-remove-info-websites-stored<\/a><\/p>\n<p>L\u016bdzu, atveriet \u0161o lapu Safari t\u012bmek\u013ca p\u0101rl\u016bkprogramm\u0101 no Apple: <a href=\"https:\/\/support.apple.com\/guide\/safari\/manage-cookies-and-website-data-sfri11471\/mac\" rel=\"nofollow\">https:\/\/support.apple.com\/guide\/safari\/manage-cookies-and-website-data-sfri11471\/mac<\/a><\/p>\n<p>Ja izmantojat citu t\u012bmek\u013ca p\u0101rl\u016bkprogrammu, l\u016bdzu, apmekl\u0113jiet t\u0101s ofici\u0101lo m\u0101jaslapu.<\/p>\n<p>Vair\u0101k inform\u0101cijas par s\u012bkdatn\u0113m Lai ieg\u016btu dzi\u013c\u0101ku ieskatu s\u012bkdat\u0146u jaut\u0101jum\u0101, varat apmekl\u0113t sada\u013cu Viss par s\u012bkdatn\u0113m no TermsFeed.<\/p>\n<p>Sazinieties ar mums Ja jums ir k\u0101di jaut\u0101jumi par \u0161o s\u012bkdat\u0146u politiku, l\u016bdzu, sazinieties ar mums:<\/p>\n<p>Pa e-pastu: <a target=\"_new\" rel=\"noopener\">info@elfvaping.com<\/a><\/p>","protected":false},"excerpt":{"rendered":"<p>Last updated: April 26, 2024 This Cookies Policy delineates the utilization of Cookies on our website, elfvaping.com. Familiarizing yourself with this policy will provide insight into the types of Cookies we utilize, the information garnered through Cookies, and its subsequent application. This policy has been crafted with the aid of the Cookies Policy Generator. Cookies [&#8230;]\n","protected":false},"author":1,"featured_media":0,"parent":0,"menu_order":0,"comment_status":"closed","ping_status":"closed","template":"page-blank-title-center.php","meta":{"_lmt_disableupdate":"no","_lmt_disable":"","jetpack_post_was_ever_published":false,"footnotes":""},"class_list":["post-585","page","type-page","status-publish","hentry"],"yoast_head":"<!-- This site is optimized with the Yoast SEO plugin v27.4 - https:\/\/yoast.com\/product\/yoast-seo-wordpress\/ -->\n<title>Cookies Policy - Elf Vaping<\/title>\n<meta name=\"robots\" content=\"index, follow, max-snippet:-1, max-image-preview:large, max-video-preview:-1\" \/>\n<link rel=\"canonical\" href=\"https:\/\/elfvaping.com\/lv\/sikfailu-politika\/\" \/>\n<meta property=\"og:locale\" content=\"lv_LV\" \/>\n<meta property=\"og:type\" content=\"article\" \/>\n<meta property=\"og:title\" content=\"Cookies Policy - Elf Vaping\" \/>\n<meta property=\"og:description\" content=\"Last updated: April 26, 2024 This Cookies Policy delineates the utilization of Cookies on our website, elfvaping.com. Familiarizing yourself with this policy will provide insight into the types of Cookies we utilize, the information garnered through Cookies, and its subsequent application. This policy has been crafted with the aid of the Cookies Policy Generator. Cookies [...]\" \/>\n<meta property=\"og:url\" content=\"https:\/\/elfvaping.com\/lv\/sikfailu-politika\/\" \/>\n<meta property=\"og:site_name\" content=\"Elf Vaping\" \/>\n<meta property=\"article:publisher\" content=\"https:\/\/www.facebook.com\/elfvaping\" \/>\n<meta property=\"article:modified_time\" content=\"2026-02-24T03:31:26+00:00\" \/>\n<meta name=\"twitter:card\" content=\"summary_large_image\" \/>\n<meta name=\"twitter:label1\" content=\"Est. reading time\" \/>\n\t<meta name=\"twitter:data1\" content=\"3 min\u016btes\" \/>\n<script type=\"application\/ld+json\" class=\"yoast-schema-graph\">{\"@context\":\"https:\\\/\\\/schema.org\",\"@graph\":[{\"@type\":\"WebPage\",\"@id\":\"https:\\\/\\\/elfvaping.com\\\/cookies-policy\\\/\",\"url\":\"https:\\\/\\\/elfvaping.com\\\/cookies-policy\\\/\",\"name\":\"Cookies Policy - Elf Vaping\",\"isPartOf\":{\"@id\":\"https:\\\/\\\/elfvaping.com\\\/cs\\\/#website\"},\"datePublished\":\"2024-06-16T02:49:40+00:00\",\"dateModified\":\"2026-02-24T03:31:26+00:00\",\"breadcrumb\":{\"@id\":\"https:\\\/\\\/elfvaping.com\\\/cookies-policy\\\/#breadcrumb\"},\"inLanguage\":\"lv-LV\",\"potentialAction\":[{\"@type\":\"ReadAction\",\"target\":[\"https:\\\/\\\/elfvaping.com\\\/cookies-policy\\\/\"]}]},{\"@type\":\"BreadcrumbList\",\"@id\":\"https:\\\/\\\/elfvaping.com\\\/cookies-policy\\\/#breadcrumb\",\"itemListElement\":[{\"@type\":\"ListItem\",\"position\":1,\"name\":\"Home\",\"item\":\"https:\\\/\\\/elfvaping.com\\\/\"},{\"@type\":\"ListItem\",\"position\":2,\"name\":\"Cookies Policy\"}]},{\"@type\":\"WebSite\",\"@id\":\"https:\\\/\\\/elfvaping.com\\\/cs\\\/#website\",\"url\":\"https:\\\/\\\/elfvaping.com\\\/cs\\\/\",\"name\":\"Elf Vaping\",\"description\":\"Best Wholesale Prices for Disposable Vapes\",\"publisher\":{\"@id\":\"https:\\\/\\\/elfvaping.com\\\/cs\\\/#organization\"},\"potentialAction\":[{\"@type\":\"SearchAction\",\"target\":{\"@type\":\"EntryPoint\",\"urlTemplate\":\"https:\\\/\\\/elfvaping.com\\\/cs\\\/?s={search_term_string}\"},\"query-input\":{\"@type\":\"PropertyValueSpecification\",\"valueRequired\":true,\"valueName\":\"search_term_string\"}}],\"inLanguage\":\"lv-LV\"},{\"@type\":\"Organization\",\"@id\":\"https:\\\/\\\/elfvaping.com\\\/cs\\\/#organization\",\"name\":\"Elf Vaping\",\"url\":\"https:\\\/\\\/elfvaping.com\\\/cs\\\/\",\"logo\":{\"@type\":\"ImageObject\",\"inLanguage\":\"lv-LV\",\"@id\":\"https:\\\/\\\/elfvaping.com\\\/cs\\\/#\\\/schema\\\/logo\\\/image\\\/\",\"url\":\"https:\\\/\\\/elfvaping.com\\\/wp-content\\\/uploads\\\/2024\\\/06\\\/elfvaping-logo.webp\",\"contentUrl\":\"https:\\\/\\\/elfvaping.com\\\/wp-content\\\/uploads\\\/2024\\\/06\\\/elfvaping-logo.webp\",\"width\":400,\"height\":111,\"caption\":\"Elf Vaping\"},\"image\":{\"@id\":\"https:\\\/\\\/elfvaping.com\\\/cs\\\/#\\\/schema\\\/logo\\\/image\\\/\"},\"sameAs\":[\"https:\\\/\\\/www.facebook.com\\\/elfvaping\",\"https:\\\/\\\/instagram.com\\\/elfvaping\\\/\"]}]}<\/script>\n<!-- \/ Yoast SEO plugin. -->","yoast_head_json":{"title":"S\u012bkdat\u0146u politika - Elf Vaping","robots":{"index":"index","follow":"follow","max-snippet":"max-snippet:-1","max-image-preview":"max-image-preview:large","max-video-preview":"max-video-preview:-1"},"canonical":"https:\/\/elfvaping.com\/lv\/sikfailu-politika\/","og_locale":"lv_LV","og_type":"article","og_title":"Cookies Policy - Elf Vaping","og_description":"Last updated: April 26, 2024 This Cookies Policy delineates the utilization of Cookies on our website, elfvaping.com. Familiarizing yourself with this policy will provide insight into the types of Cookies we utilize, the information garnered through Cookies, and its subsequent application. This policy has been crafted with the aid of the Cookies Policy Generator. Cookies [...]","og_url":"https:\/\/elfvaping.com\/lv\/sikfailu-politika\/","og_site_name":"Elf Vaping","article_publisher":"https:\/\/www.facebook.com\/elfvaping","article_modified_time":"2026-02-24T03:31:26+00:00","twitter_card":"summary_large_image","twitter_misc":{"Est. reading time":"3 min\u016btes"},"schema":{"@context":"https:\/\/schema.org","@graph":[{"@type":"WebPage","@id":"https:\/\/elfvaping.com\/cookies-policy\/","url":"https:\/\/elfvaping.com\/cookies-policy\/","name":"S\u012bkdat\u0146u politika - Elf Vaping","isPartOf":{"@id":"https:\/\/elfvaping.com\/cs\/#website"},"datePublished":"2024-06-16T02:49:40+00:00","dateModified":"2026-02-24T03:31:26+00:00","breadcrumb":{"@id":"https:\/\/elfvaping.com\/cookies-policy\/#breadcrumb"},"inLanguage":"lv-LV","potentialAction":[{"@type":"ReadAction","target":["https:\/\/elfvaping.com\/cookies-policy\/"]}]},{"@type":"BreadcrumbList","@id":"https:\/\/elfvaping.com\/cookies-policy\/#breadcrumb","itemListElement":[{"@type":"ListItem","position":1,"name":"Home","item":"https:\/\/elfvaping.com\/"},{"@type":"ListItem","position":2,"name":"Cookies Policy"}]},{"@type":"WebSite","@id":"https:\/\/elfvaping.com\/cs\/#website","url":"https:\/\/elfvaping.com\/cs\/","name":"Elfu Vaping","description":"Lab\u0101k\u0101s vairumtirdzniec\u012bbas cenas vienreizlietojamajiem vapeiem","publisher":{"@id":"https:\/\/elfvaping.com\/cs\/#organization"},"potentialAction":[{"@type":"SearchAction","target":{"@type":"EntryPoint","urlTemplate":"https:\/\/elfvaping.com\/cs\/?s={search_term_string}"},"query-input":{"@type":"PropertyValueSpecification","valueRequired":true,"valueName":"search_term_string"}}],"inLanguage":"lv-LV"},{"@type":"Organization","@id":"https:\/\/elfvaping.com\/cs\/#organization","name":"Elfu Vaping","url":"https:\/\/elfvaping.com\/cs\/","logo":{"@type":"ImageObject","inLanguage":"lv-LV","@id":"https:\/\/elfvaping.com\/cs\/#\/schema\/logo\/image\/","url":"https:\/\/elfvaping.com\/wp-content\/uploads\/2024\/06\/elfvaping-logo.webp","contentUrl":"https:\/\/elfvaping.com\/wp-content\/uploads\/2024\/06\/elfvaping-logo.webp","width":400,"height":111,"caption":"Elf Vaping"},"image":{"@id":"https:\/\/elfvaping.com\/cs\/#\/schema\/logo\/image\/"},"sameAs":["https:\/\/www.facebook.com\/elfvaping","https:\/\/instagram.com\/elfvaping\/"]}]}},"jetpack_sharing_enabled":true,"_links":{"self":[{"href":"https:\/\/elfvaping.com\/lv\/wp-json\/wp\/v2\/pages\/585","targetHints":{"allow":["GET"]}}],"collection":[{"href":"https:\/\/elfvaping.com\/lv\/wp-json\/wp\/v2\/pages"}],"about":[{"href":"https:\/\/elfvaping.com\/lv\/wp-json\/wp\/v2\/types\/page"}],"author":[{"embeddable":true,"href":"https:\/\/elfvaping.com\/lv\/wp-json\/wp\/v2\/users\/1"}],"replies":[{"embeddable":true,"href":"https:\/\/elfvaping.com\/lv\/wp-json\/wp\/v2\/comments?post=585"}],"version-history":[{"count":0,"href":"https:\/\/elfvaping.com\/lv\/wp-json\/wp\/v2\/pages\/585\/revisions"}],"wp:attachment":[{"href":"https:\/\/elfvaping.com\/lv\/wp-json\/wp\/v2\/media?parent=585"}],"curies":[{"name":"wp","href":"https:\/\/api.w.org\/{rel}","templated":true}]}}