{"id":13,"date":"2024-06-16T02:52:33","date_gmt":"2024-06-16T02:52:33","guid":{"rendered":"https:\/\/elfvaping.com\/?page_id=13"},"modified":"2024-09-19T07:48:01","modified_gmt":"2024-09-19T07:48:01","slug":"polityka-zwrotow","status":"publish","type":"page","link":"https:\/\/elfvaping.com\/pl\/refund-policy\/","title":{"rendered":"Polityka zwrot\u00f3w"},"content":{"rendered":"<p>Dzi\u0119kujemy za zakupy u nas <a href=\"https:\/\/elfvaping.com\/pl\/\"><strong>ELF-VAPING<\/strong><\/a>. Prosz\u0119 dok\u0142adnie zapozna\u0107 si\u0119 z nasz\u0105 polityk\u0105 zwrot\u00f3w:<\/p>\n<h3><strong>Polityka zwrot\u00f3w<\/strong><\/h3>\n<h3>Zwroty w ci\u0105gu 24 godzin<\/h3>\n<p>W ci\u0105gu 24 godzin od z\u0142o\u017cenia zam\u00f3wienia mo\u017cesz wnioskowa\u0107 o pe\u0142ny zwrot pieni\u0119dzy. Je\u015bli chcesz anulowa\u0107 swoje zam\u00f3wienie, prosimy o kontakt z naszym zespo\u0142em obs\u0142ugi klienta tak szybko, jak to mo\u017cliwe, a my dokonamy pe\u0142nego zwrotu pieni\u0119dzy.<\/p>\n<h3>Zwroty pieni\u0119dzy po 24 godzinach<\/h3>\n<p>Zam\u00f3wienia z\u0142o\u017cone ponad 24 godziny temu nie mog\u0105 by\u0107 w pe\u0142ni zwr\u00f3cone. Po up\u0142ywie tego okresu paczka jest zazwyczaj przygotowywana i wysy\u0142ana do urz\u0119du celnego, co sprawia, \u017ce nie kwalifikuje si\u0119 do pe\u0142nego zwrotu pieni\u0119dzy.<\/p>\n<h3>Cz\u0119\u015bciowy zwrot koszt\u00f3w za wnioski z\u0142o\u017cone z op\u00f3\u017anieniem<\/h3>\n<p>W przypadku wniosk\u00f3w o zwrot pieni\u0119dzy z\u0142o\u017conych po 24 godzinach od z\u0142o\u017cenia zam\u00f3wienia mo\u017cemy zaoferowa\u0107 jedynie cz\u0119\u015bciowy zwrot w wysoko\u015bci do 50% kwoty zam\u00f3wienia. Wynika to z koszt\u00f3w zwi\u0105zanych z odzyskaniem przesy\u0142ki z urz\u0119du celnego.<\/p>\n<h3>Brak zwrotu po wysy\u0142ce<\/h3>\n<p>Po nadaniu przesy\u0142ki i otrzymaniu numeru \u015bledzenia nie b\u0119dziesz ju\u017c uprawniony do zwrotu pieni\u0119dzy.<\/p>\n<h3>Zagadnienia ubezpieczeniowe i celne<\/h3>\n<p>Wszystkie nasze przesy\u0142ki s\u0105 ubezpieczone. Je\u015bli Twoja przesy\u0142ka zostanie zatrzymana przez s\u0142u\u017cby celne i nie zostanie wydana, zwr\u00f3cimy Ci pe\u0142n\u0105 kwot\u0119.<\/p>\n<h3>B\u0142\u0119dny Adres lub Problemy z Dostaw\u0105<\/h3>\n<p>Je\u017celi przesy\u0142ka nie mo\u017ce by\u0107 dostarczona z powodu nieprawid\u0142owego adresu podanego przez klienta lub innych problem\u00f3w spowodowanych przez klienta, klient b\u0119dzie odpowiedzialny za koszt ponownego przes\u0142ania paczki.<\/p>\n<h3>Skontaktuj si\u0119 z nami<\/h3>\n<p>Je\u015bli masz pytania lub w\u0105tpliwo\u015bci dotycz\u0105ce naszej polityki zwrot\u00f3w, prosimy o kontakt z naszym zespo\u0142em wsparcia klienta:<\/p>\n<ul>\n<li><strong>E-mail<\/strong>: <a rel=\"noopener\">info@elfvaping.com<\/a><\/li>\n<\/ul>\n<p>Zale\u017cy nam na zapewnieniu Ci doskona\u0142ej obs\u0142ugi. Dzi\u0119kujemy za Twoje zrozumienie i wsparcie!<\/p>","protected":false},"excerpt":{"rendered":"<p>Thank you for shopping with ELFVAPING. Please review our refund policy carefully: Refund Policy Refund Requests Within 24 Hours You may request a full refund within 24 hours of placing your order. If you wish to cancel your order, please contact our customer support team as soon as possible, and we will process your full [&#8230;]\n","protected":false},"author":1,"featured_media":0,"parent":0,"menu_order":0,"comment_status":"closed","ping_status":"closed","template":"page-blank-title-center.php","meta":{"_lmt_disableupdate":"","_lmt_disable":"","jetpack_post_was_ever_published":false,"footnotes":""},"class_list":["post-13","page","type-page","status-publish","hentry"],"yoast_head":"<!-- This site is optimized with the Yoast SEO plugin v27.4 - https:\/\/yoast.com\/product\/yoast-seo-wordpress\/ -->\n<title>Refund Policy - Elf Vaping<\/title>\n<meta name=\"robots\" content=\"index, follow, max-snippet:-1, max-image-preview:large, max-video-preview:-1\" \/>\n<link rel=\"canonical\" href=\"https:\/\/elfvaping.com\/pl\/polityka-zwrotow\/\" \/>\n<meta property=\"og:locale\" content=\"pl_PL\" \/>\n<meta property=\"og:type\" content=\"article\" \/>\n<meta property=\"og:title\" content=\"Refund Policy - Elf Vaping\" \/>\n<meta property=\"og:description\" content=\"Thank you for shopping with ELFVAPING. Please review our refund policy carefully: Refund Policy Refund Requests Within 24 Hours You may request a full refund within 24 hours of placing your order. If you wish to cancel your order, please contact our customer support team as soon as possible, and we will process your full [...]\" \/>\n<meta property=\"og:url\" content=\"https:\/\/elfvaping.com\/pl\/polityka-zwrotow\/\" \/>\n<meta property=\"og:site_name\" content=\"Elf Vaping\" \/>\n<meta property=\"article:publisher\" content=\"https:\/\/www.facebook.com\/elfvaping\" \/>\n<meta property=\"article:modified_time\" content=\"2024-09-19T07:48:01+00:00\" \/>\n<meta name=\"twitter:card\" content=\"summary_large_image\" \/>\n<meta name=\"twitter:label1\" content=\"Szacowany czas czytania\" \/>\n\t<meta name=\"twitter:data1\" content=\"1 minuta\" \/>\n<script type=\"application\/ld+json\" class=\"yoast-schema-graph\">{\"@context\":\"https:\\\/\\\/schema.org\",\"@graph\":[{\"@type\":\"WebPage\",\"@id\":\"https:\\\/\\\/elfvaping.com\\\/refund-policy\\\/\",\"url\":\"https:\\\/\\\/elfvaping.com\\\/refund-policy\\\/\",\"name\":\"Refund Policy - Elf Vaping\",\"isPartOf\":{\"@id\":\"https:\\\/\\\/elfvaping.com\\\/cs\\\/#website\"},\"datePublished\":\"2024-06-16T02:52:33+00:00\",\"dateModified\":\"2024-09-19T07:48:01+00:00\",\"breadcrumb\":{\"@id\":\"https:\\\/\\\/elfvaping.com\\\/refund-policy\\\/#breadcrumb\"},\"inLanguage\":\"pl-PL\",\"potentialAction\":[{\"@type\":\"ReadAction\",\"target\":[\"https:\\\/\\\/elfvaping.com\\\/refund-policy\\\/\"]}]},{\"@type\":\"BreadcrumbList\",\"@id\":\"https:\\\/\\\/elfvaping.com\\\/refund-policy\\\/#breadcrumb\",\"itemListElement\":[{\"@type\":\"ListItem\",\"position\":1,\"name\":\"Home\",\"item\":\"https:\\\/\\\/elfvaping.com\\\/\"},{\"@type\":\"ListItem\",\"position\":2,\"name\":\"Refund Policy\"}]},{\"@type\":\"WebSite\",\"@id\":\"https:\\\/\\\/elfvaping.com\\\/cs\\\/#website\",\"url\":\"https:\\\/\\\/elfvaping.com\\\/cs\\\/\",\"name\":\"Elf Vaping\",\"description\":\"Best Wholesale Prices for Disposable Vapes\",\"publisher\":{\"@id\":\"https:\\\/\\\/elfvaping.com\\\/cs\\\/#organization\"},\"potentialAction\":[{\"@type\":\"SearchAction\",\"target\":{\"@type\":\"EntryPoint\",\"urlTemplate\":\"https:\\\/\\\/elfvaping.com\\\/cs\\\/?s={search_term_string}\"},\"query-input\":{\"@type\":\"PropertyValueSpecification\",\"valueRequired\":true,\"valueName\":\"search_term_string\"}}],\"inLanguage\":\"pl-PL\"},{\"@type\":\"Organization\",\"@id\":\"https:\\\/\\\/elfvaping.com\\\/cs\\\/#organization\",\"name\":\"Elf Vaping\",\"url\":\"https:\\\/\\\/elfvaping.com\\\/cs\\\/\",\"logo\":{\"@type\":\"ImageObject\",\"inLanguage\":\"pl-PL\",\"@id\":\"https:\\\/\\\/elfvaping.com\\\/cs\\\/#\\\/schema\\\/logo\\\/image\\\/\",\"url\":\"https:\\\/\\\/elfvaping.com\\\/wp-content\\\/uploads\\\/2024\\\/06\\\/elfvaping-logo.webp\",\"contentUrl\":\"https:\\\/\\\/elfvaping.com\\\/wp-content\\\/uploads\\\/2024\\\/06\\\/elfvaping-logo.webp\",\"width\":400,\"height\":111,\"caption\":\"Elf Vaping\"},\"image\":{\"@id\":\"https:\\\/\\\/elfvaping.com\\\/cs\\\/#\\\/schema\\\/logo\\\/image\\\/\"},\"sameAs\":[\"https:\\\/\\\/www.facebook.com\\\/elfvaping\",\"https:\\\/\\\/instagram.com\\\/elfvaping\\\/\"]}]}<\/script>\n<!-- \/ Yoast SEO plugin. -->","yoast_head_json":{"title":"Polityka zwrotu - Elf Vaping","robots":{"index":"index","follow":"follow","max-snippet":"max-snippet:-1","max-image-preview":"max-image-preview:large","max-video-preview":"max-video-preview:-1"},"canonical":"https:\/\/elfvaping.com\/pl\/polityka-zwrotow\/","og_locale":"pl_PL","og_type":"article","og_title":"Refund Policy - Elf Vaping","og_description":"Thank you for shopping with ELFVAPING. Please review our refund policy carefully: Refund Policy Refund Requests Within 24 Hours You may request a full refund within 24 hours of placing your order. If you wish to cancel your order, please contact our customer support team as soon as possible, and we will process your full [...]","og_url":"https:\/\/elfvaping.com\/pl\/polityka-zwrotow\/","og_site_name":"Elf Vaping","article_publisher":"https:\/\/www.facebook.com\/elfvaping","article_modified_time":"2024-09-19T07:48:01+00:00","twitter_card":"summary_large_image","twitter_misc":{"Szacowany czas czytania":"1 minuta"},"schema":{"@context":"https:\/\/schema.org","@graph":[{"@type":"WebPage","@id":"https:\/\/elfvaping.com\/refund-policy\/","url":"https:\/\/elfvaping.com\/refund-policy\/","name":"Polityka zwrotu - Elf Vaping","isPartOf":{"@id":"https:\/\/elfvaping.com\/cs\/#website"},"datePublished":"2024-06-16T02:52:33+00:00","dateModified":"2024-09-19T07:48:01+00:00","breadcrumb":{"@id":"https:\/\/elfvaping.com\/refund-policy\/#breadcrumb"},"inLanguage":"pl-PL","potentialAction":[{"@type":"ReadAction","target":["https:\/\/elfvaping.com\/refund-policy\/"]}]},{"@type":"BreadcrumbList","@id":"https:\/\/elfvaping.com\/refund-policy\/#breadcrumb","itemListElement":[{"@type":"ListItem","position":1,"name":"Home","item":"https:\/\/elfvaping.com\/"},{"@type":"ListItem","position":2,"name":"Refund Policy"}]},{"@type":"WebSite","@id":"https:\/\/elfvaping.com\/cs\/#website","url":"https:\/\/elfvaping.com\/cs\/","name":"Elf Waping","description":"Najlepsze ceny hurtowe dla jednorazowych waporyzator\u00f3w","publisher":{"@id":"https:\/\/elfvaping.com\/cs\/#organization"},"potentialAction":[{"@type":"SearchAction","target":{"@type":"EntryPoint","urlTemplate":"https:\/\/elfvaping.com\/cs\/?s={search_term_string}"},"query-input":{"@type":"PropertyValueSpecification","valueRequired":true,"valueName":"search_term_string"}}],"inLanguage":"pl-PL"},{"@type":"Organization","@id":"https:\/\/elfvaping.com\/cs\/#organization","name":"Elf Waping","url":"https:\/\/elfvaping.com\/cs\/","logo":{"@type":"ImageObject","inLanguage":"pl-PL","@id":"https:\/\/elfvaping.com\/cs\/#\/schema\/logo\/image\/","url":"https:\/\/elfvaping.com\/wp-content\/uploads\/2024\/06\/elfvaping-logo.webp","contentUrl":"https:\/\/elfvaping.com\/wp-content\/uploads\/2024\/06\/elfvaping-logo.webp","width":400,"height":111,"caption":"Elf Vaping"},"image":{"@id":"https:\/\/elfvaping.com\/cs\/#\/schema\/logo\/image\/"},"sameAs":["https:\/\/www.facebook.com\/elfvaping","https:\/\/instagram.com\/elfvaping\/"]}]}},"jetpack_sharing_enabled":true,"_links":{"self":[{"href":"https:\/\/elfvaping.com\/pl\/wp-json\/wp\/v2\/pages\/13","targetHints":{"allow":["GET"]}}],"collection":[{"href":"https:\/\/elfvaping.com\/pl\/wp-json\/wp\/v2\/pages"}],"about":[{"href":"https:\/\/elfvaping.com\/pl\/wp-json\/wp\/v2\/types\/page"}],"author":[{"embeddable":true,"href":"https:\/\/elfvaping.com\/pl\/wp-json\/wp\/v2\/users\/1"}],"replies":[{"embeddable":true,"href":"https:\/\/elfvaping.com\/pl\/wp-json\/wp\/v2\/comments?post=13"}],"version-history":[{"count":0,"href":"https:\/\/elfvaping.com\/pl\/wp-json\/wp\/v2\/pages\/13\/revisions"}],"wp:attachment":[{"href":"https:\/\/elfvaping.com\/pl\/wp-json\/wp\/v2\/media?parent=13"}],"curies":[{"name":"wp","href":"https:\/\/api.w.org\/{rel}","templated":true}]}}