{"id":3,"date":"2024-06-16T02:16:33","date_gmt":"2024-06-16T02:16:33","guid":{"rendered":"http:\/\/elfvaping.com\/?page_id=3"},"modified":"2024-08-05T12:41:45","modified_gmt":"2024-08-05T12:41:45","slug":"polityka-prywatnosci","status":"publish","type":"page","link":"https:\/\/elfvaping.com\/pl\/privacy-policy\/","title":{"rendered":"Polityka Prywatno\u015bci"},"content":{"rendered":"<p dir=\"auto\">Witamy na stronie elfvaping.com, kt\u00f3ra jest prowadzona przez nasz\u0105 firm\u0119 specjalizuj\u0105c\u0105 si\u0119 w sprzeda\u017cy produkt\u00f3w vape jednorazowych. W ca\u0142ym tym dokumencie odniesienia do \u2018elfvaping.com\u2019, \u2018my\u2019, \u2018nas\u2019 lub \u2018our\u2019 dotycz\u0105 naszej platformy internetowej.<\/p>\r\n<p dir=\"auto\"><strong>Zbi\u00f3r danych osobowych:<\/strong><br \/>Zgodnie z obowi\u0105zuj\u0105cymi przepisami prawa, zbieramy i wykorzystujemy dane osobowe zgodnie z opisem zawartym w niniejszej Polityce Prywatno\u015bci. Nale\u017cy zauwa\u017cy\u0107, \u017ce nasza strona internetowa mo\u017ce zawiera\u0107 linki do stron podmiot\u00f3w trzecich, kt\u00f3re nie podlegaj\u0105 niniejszej Polityce Prywatno\u015bci.<\/p>\r\n<p dir=\"auto\">Je\u015bli masz pytania lub potrzebujesz dodatkowych informacji na temat naszych praktyk, prosimy o kontakt z nami za po\u015brednictwem poczty elektronicznej na adres\u00a0<a href=\"mailto:info@elfvaping.com\" target=\"_blank\" rel=\"noopener\">info@elfvaping.com<\/a>.<\/p>\r\n<p dir=\"auto\"><strong>Dane osobowe:<\/strong><br \/>Wyraz \u2018dane osobowe\u2019 u\u017cyty w tym dokumencie odnosi si\u0119 do informacji, kt\u00f3re identyfikuj\u0105 Ciebie lub pozwalaj\u0105 w uzasadniony spos\u00f3b okre\u015bli\u0107 Twoj\u0105 to\u017csamo\u015b\u0107. Mo\u017ce to obejmowa\u0107 Twoje imi\u0119 i nazwisko, dane kontaktowe oraz informacje zwi\u0105zane z Twoimi interakcjami z nami. Zbieramy i przechowujemy dane osobowe g\u0142\u00f3wnie w zwi\u0105zku z naszymi produktami i us\u0142ugami.<\/p>\r\n<p dir=\"auto\"><strong>Zbi\u00f3r Informacji:<\/strong><br \/>Odwiedzaj\u0105c nasz\u0105 stron\u0119 internetow\u0105, nasze serwery automatycznie rejestruj\u0105 dane takie jak przegl\u0105darka, adres IP oraz odwiedzone strony w celach bezpiecze\u0144stwa. Dane osobowe mog\u0105 by\u0107 gromadzone za po\u015brednictwem formularzy online, zapyta\u0144 lub raport\u00f3w o reakcjach niepo\u017c\u0105danych.<\/p>\r\n<p dir=\"auto\"><strong>Korzystanie z Informacji:<\/strong><br \/>Twoje dane osobowe mog\u0105 by\u0107 wykorzystywane do r\u00f3\u017cnych cel\u00f3w, takich jak zapewnienie us\u0142ug, prowadzenie rejestr\u00f3w oraz spe\u0142nianie wymog\u00f3w regulacyjnych. W razie potrzeby mo\u017cemy ujawnia\u0107 dane osobowe dostawcom us\u0142ug oraz organom regulacyjnym.<\/p>\r\n<p dir=\"auto\"><strong>Ciasteczka:<\/strong><br \/>Nasza strona internetowa wykorzystuje pliki cookie, aby rozpozna\u0107 regularnych odwiedzaj\u0105cych i monitorowa\u0107 spos\u00f3b korzystania z niej. Pliki cookie nie przechowuj\u0105 danych osobowych i mog\u0105 by\u0107 zarz\u0105dzane za pomoc\u0105 ustawie\u0144 przegl\u0105darki.<\/p>\r\n<p dir=\"auto\"><strong>Polityka Prywatno\u015bci Online:<\/strong><br \/>Ta polityka dotyczy aktywno\u015bci online na naszej stronie internetowej i nie obejmuje zbierania danych offline.<\/p>\r\n<p dir=\"auto\"><strong>Zmiany w polityce:<\/strong><br \/>Z zastrze\u017ceniem prawa do zmiany niniejszej Polityki Prywatno\u015bci, aktualizacje b\u0119d\u0105 mia\u0142y skutek natychmiast po opublikowaniu. Odwiedzaj\u0105cych zach\u0119camy do regularnego sprawdzania tej polityki.<\/p>\r\n<p dir=\"auto\"><strong>Dalsze pytania:<\/strong><br \/>W przypadku pyta\u0144 lub w\u0105tpliwo\u015bci zwi\u0105zanych z prywatno\u015bci\u0105 prosimy o kontakt z nami pod adresem <a href=\"mailto:info@elfvaping.com\" target=\"_blank\" rel=\"noopener\">info@elfvaping.com<\/a>. Je\u015bli nie b\u0119dziesz zadowolony z naszej odpowiedzi, mo\u017cesz skierowa\u0107 spraw\u0119 do odpowiednich w\u0142adz.<\/p>\r\n<p dir=\"auto\"><strong>Wyra\u017cam zgod\u0119:<\/strong><br \/>Korzystaj\u0105c z naszej strony internetowej, wyra\u017casz zgod\u0119 na nasz\u0105 Polityk\u0119 Prywatno\u015bci oraz akceptujesz Warunki i Zasady korzystania z niej.<\/p>\r\n<p dir=\"auto\">Dzi\u0119kujemy za powierzenie nam Pa\u0144stwa prywatno\u015bci przez elfvaping.com.<\/p>","protected":false},"excerpt":{"rendered":"<p>Welcome to elfvaping.com, operated by our company specializing in the sale of disposable vape products. Throughout this document, references to &#8216;elfvaping.com,&#8217; &#8216;we,&#8217; &#8216;us,&#8217; or &#8216;our&#8217; pertain to our online platform. Collection of Personal Information:In compliance with applicable laws, we gather and utilize personal information as outlined in this Privacy Policy. Please note that our website [&#8230;]\n","protected":false},"author":1,"featured_media":0,"parent":0,"menu_order":0,"comment_status":"closed","ping_status":"closed","template":"page-blank-title-center.php","meta":{"_lmt_disableupdate":"","_lmt_disable":"","jetpack_post_was_ever_published":false,"footnotes":""},"class_list":["post-3","page","type-page","status-publish","hentry"],"yoast_head":"<!-- This site is optimized with the Yoast SEO plugin v27.4 - https:\/\/yoast.com\/product\/yoast-seo-wordpress\/ -->\n<title>Privacy Policy - Elf Vaping<\/title>\n<meta name=\"robots\" content=\"index, follow, max-snippet:-1, max-image-preview:large, max-video-preview:-1\" \/>\n<link rel=\"canonical\" href=\"https:\/\/elfvaping.com\/pl\/polityka-prywatnosci\/\" \/>\n<meta property=\"og:locale\" content=\"pl_PL\" \/>\n<meta property=\"og:type\" content=\"article\" \/>\n<meta property=\"og:title\" content=\"Privacy Policy - Elf Vaping\" \/>\n<meta property=\"og:description\" content=\"Welcome to elfvaping.com, operated by our company specializing in the sale of disposable vape products. Throughout this document, references to &#8216;elfvaping.com,&#8217; &#8216;we,&#8217; &#8216;us,&#8217; or &#8216;our&#8217; pertain to our online platform. Collection of Personal Information:In compliance with applicable laws, we gather and utilize personal information as outlined in this Privacy Policy. Please note that our website [...]\" \/>\n<meta property=\"og:url\" content=\"https:\/\/elfvaping.com\/pl\/polityka-prywatnosci\/\" \/>\n<meta property=\"og:site_name\" content=\"Elf Vaping\" \/>\n<meta property=\"article:publisher\" content=\"https:\/\/www.facebook.com\/elfvaping\" \/>\n<meta property=\"article:modified_time\" content=\"2024-08-05T12:41:45+00:00\" \/>\n<meta name=\"twitter:card\" content=\"summary_large_image\" \/>\n<meta name=\"twitter:label1\" content=\"Szacowany czas czytania\" \/>\n\t<meta name=\"twitter:data1\" content=\"2 minuty\" \/>\n<script type=\"application\/ld+json\" class=\"yoast-schema-graph\">{\"@context\":\"https:\\\/\\\/schema.org\",\"@graph\":[{\"@type\":\"WebPage\",\"@id\":\"https:\\\/\\\/elfvaping.com\\\/privacy-policy\\\/\",\"url\":\"https:\\\/\\\/elfvaping.com\\\/privacy-policy\\\/\",\"name\":\"Privacy Policy - Elf Vaping\",\"isPartOf\":{\"@id\":\"https:\\\/\\\/elfvaping.com\\\/cs\\\/#website\"},\"datePublished\":\"2024-06-16T02:16:33+00:00\",\"dateModified\":\"2024-08-05T12:41:45+00:00\",\"breadcrumb\":{\"@id\":\"https:\\\/\\\/elfvaping.com\\\/privacy-policy\\\/#breadcrumb\"},\"inLanguage\":\"pl-PL\",\"potentialAction\":[{\"@type\":\"ReadAction\",\"target\":[\"https:\\\/\\\/elfvaping.com\\\/privacy-policy\\\/\"]}]},{\"@type\":\"BreadcrumbList\",\"@id\":\"https:\\\/\\\/elfvaping.com\\\/privacy-policy\\\/#breadcrumb\",\"itemListElement\":[{\"@type\":\"ListItem\",\"position\":1,\"name\":\"Home\",\"item\":\"https:\\\/\\\/elfvaping.com\\\/\"},{\"@type\":\"ListItem\",\"position\":2,\"name\":\"Privacy Policy\"}]},{\"@type\":\"WebSite\",\"@id\":\"https:\\\/\\\/elfvaping.com\\\/cs\\\/#website\",\"url\":\"https:\\\/\\\/elfvaping.com\\\/cs\\\/\",\"name\":\"Elf Vaping\",\"description\":\"Best Wholesale Prices for Disposable Vapes\",\"publisher\":{\"@id\":\"https:\\\/\\\/elfvaping.com\\\/cs\\\/#organization\"},\"potentialAction\":[{\"@type\":\"SearchAction\",\"target\":{\"@type\":\"EntryPoint\",\"urlTemplate\":\"https:\\\/\\\/elfvaping.com\\\/cs\\\/?s={search_term_string}\"},\"query-input\":{\"@type\":\"PropertyValueSpecification\",\"valueRequired\":true,\"valueName\":\"search_term_string\"}}],\"inLanguage\":\"pl-PL\"},{\"@type\":\"Organization\",\"@id\":\"https:\\\/\\\/elfvaping.com\\\/cs\\\/#organization\",\"name\":\"Elf Vaping\",\"url\":\"https:\\\/\\\/elfvaping.com\\\/cs\\\/\",\"logo\":{\"@type\":\"ImageObject\",\"inLanguage\":\"pl-PL\",\"@id\":\"https:\\\/\\\/elfvaping.com\\\/cs\\\/#\\\/schema\\\/logo\\\/image\\\/\",\"url\":\"https:\\\/\\\/elfvaping.com\\\/wp-content\\\/uploads\\\/2024\\\/06\\\/elfvaping-logo.webp\",\"contentUrl\":\"https:\\\/\\\/elfvaping.com\\\/wp-content\\\/uploads\\\/2024\\\/06\\\/elfvaping-logo.webp\",\"width\":400,\"height\":111,\"caption\":\"Elf Vaping\"},\"image\":{\"@id\":\"https:\\\/\\\/elfvaping.com\\\/cs\\\/#\\\/schema\\\/logo\\\/image\\\/\"},\"sameAs\":[\"https:\\\/\\\/www.facebook.com\\\/elfvaping\",\"https:\\\/\\\/instagram.com\\\/elfvaping\\\/\"]}]}<\/script>\n<!-- \/ Yoast SEO plugin. -->","yoast_head_json":{"title":"Polityka Prywatno\u015bci - Elf Vaping","robots":{"index":"index","follow":"follow","max-snippet":"max-snippet:-1","max-image-preview":"max-image-preview:large","max-video-preview":"max-video-preview:-1"},"canonical":"https:\/\/elfvaping.com\/pl\/polityka-prywatnosci\/","og_locale":"pl_PL","og_type":"article","og_title":"Privacy Policy - Elf Vaping","og_description":"Welcome to elfvaping.com, operated by our company specializing in the sale of disposable vape products. Throughout this document, references to &#8216;elfvaping.com,&#8217; &#8216;we,&#8217; &#8216;us,&#8217; or &#8216;our&#8217; pertain to our online platform. Collection of Personal Information:In compliance with applicable laws, we gather and utilize personal information as outlined in this Privacy Policy. Please note that our website [...]","og_url":"https:\/\/elfvaping.com\/pl\/polityka-prywatnosci\/","og_site_name":"Elf Vaping","article_publisher":"https:\/\/www.facebook.com\/elfvaping","article_modified_time":"2024-08-05T12:41:45+00:00","twitter_card":"summary_large_image","twitter_misc":{"Szacowany czas czytania":"2 minuty"},"schema":{"@context":"https:\/\/schema.org","@graph":[{"@type":"WebPage","@id":"https:\/\/elfvaping.com\/privacy-policy\/","url":"https:\/\/elfvaping.com\/privacy-policy\/","name":"Polityka Prywatno\u015bci - Elf Vaping","isPartOf":{"@id":"https:\/\/elfvaping.com\/cs\/#website"},"datePublished":"2024-06-16T02:16:33+00:00","dateModified":"2024-08-05T12:41:45+00:00","breadcrumb":{"@id":"https:\/\/elfvaping.com\/privacy-policy\/#breadcrumb"},"inLanguage":"pl-PL","potentialAction":[{"@type":"ReadAction","target":["https:\/\/elfvaping.com\/privacy-policy\/"]}]},{"@type":"BreadcrumbList","@id":"https:\/\/elfvaping.com\/privacy-policy\/#breadcrumb","itemListElement":[{"@type":"ListItem","position":1,"name":"Home","item":"https:\/\/elfvaping.com\/"},{"@type":"ListItem","position":2,"name":"Privacy Policy"}]},{"@type":"WebSite","@id":"https:\/\/elfvaping.com\/cs\/#website","url":"https:\/\/elfvaping.com\/cs\/","name":"Elf Waping","description":"Najlepsze ceny hurtowe dla jednorazowych waporyzator\u00f3w","publisher":{"@id":"https:\/\/elfvaping.com\/cs\/#organization"},"potentialAction":[{"@type":"SearchAction","target":{"@type":"EntryPoint","urlTemplate":"https:\/\/elfvaping.com\/cs\/?s={search_term_string}"},"query-input":{"@type":"PropertyValueSpecification","valueRequired":true,"valueName":"search_term_string"}}],"inLanguage":"pl-PL"},{"@type":"Organization","@id":"https:\/\/elfvaping.com\/cs\/#organization","name":"Elf Waping","url":"https:\/\/elfvaping.com\/cs\/","logo":{"@type":"ImageObject","inLanguage":"pl-PL","@id":"https:\/\/elfvaping.com\/cs\/#\/schema\/logo\/image\/","url":"https:\/\/elfvaping.com\/wp-content\/uploads\/2024\/06\/elfvaping-logo.webp","contentUrl":"https:\/\/elfvaping.com\/wp-content\/uploads\/2024\/06\/elfvaping-logo.webp","width":400,"height":111,"caption":"Elf Vaping"},"image":{"@id":"https:\/\/elfvaping.com\/cs\/#\/schema\/logo\/image\/"},"sameAs":["https:\/\/www.facebook.com\/elfvaping","https:\/\/instagram.com\/elfvaping\/"]}]}},"jetpack_sharing_enabled":true,"_links":{"self":[{"href":"https:\/\/elfvaping.com\/pl\/wp-json\/wp\/v2\/pages\/3","targetHints":{"allow":["GET"]}}],"collection":[{"href":"https:\/\/elfvaping.com\/pl\/wp-json\/wp\/v2\/pages"}],"about":[{"href":"https:\/\/elfvaping.com\/pl\/wp-json\/wp\/v2\/types\/page"}],"author":[{"embeddable":true,"href":"https:\/\/elfvaping.com\/pl\/wp-json\/wp\/v2\/users\/1"}],"replies":[{"embeddable":true,"href":"https:\/\/elfvaping.com\/pl\/wp-json\/wp\/v2\/comments?post=3"}],"version-history":[{"count":0,"href":"https:\/\/elfvaping.com\/pl\/wp-json\/wp\/v2\/pages\/3\/revisions"}],"wp:attachment":[{"href":"https:\/\/elfvaping.com\/pl\/wp-json\/wp\/v2\/media?parent=3"}],"curies":[{"name":"wp","href":"https:\/\/api.w.org\/{rel}","templated":true}]}}