{"id":13,"date":"2024-06-16T02:52:33","date_gmt":"2024-06-16T02:52:33","guid":{"rendered":"https:\/\/elfvaping.com\/?page_id=13"},"modified":"2024-09-19T07:48:01","modified_gmt":"2024-09-19T07:48:01","slug":"politica-de-reembolso","status":"publish","type":"page","link":"https:\/\/elfvaping.com\/pt\/refund-policy\/","title":{"rendered":"Pol\u00edtica de Reembolso"},"content":{"rendered":"<p>Obrigado por comprar connosco <a href=\"https:\/\/elfvaping.com\/pt\/\"><strong>ELFVAPING<\/strong><\/a>. Por favor, revise cuidadosamente a nossa pol\u00edtica de reembolso:<\/p>\n<h3><strong>Pol\u00edtica de Reembolso<\/strong><\/h3>\n<h3>Pedidos de Reembolso em at\u00e9 24 Horas<\/h3>\n<p>Pode solicitar um reembolso total dentro de 24 horas ap\u00f3s efectuar a encomenda. Se desejar cancelar a encomenda, por favor contacte a nossa equipa de apoio ao cliente o mais rapidamente poss\u00edvel e processaremos o reembolso total.<\/p>\n<h3>Pedidos de Reembolso Ap\u00f3s 24 Horas<\/h3>\n<p>Os pedidos efetuados h\u00e1 mais de 24 horas n\u00e3o podem ser reembolsados integralmente. Ap\u00f3s este per\u00edodo, o pacote \u00e9 normalmente preparado e enviado para a alf\u00e2ndega, tornando-o ineleg\u00edvel para um reembolso total.<\/p>\n<h3>Reembolsos Parciais para Pedidos Atrasados<\/h3>\n<p>Para pedidos de reembolso efetuados ap\u00f3s 24 horas da coloca\u00e7\u00e3o do pedido, s\u00f3 podemos oferecer um reembolso parcial de at\u00e9 50% do valor do pedido. Isto deve-se aos custos envolvidos na recupera\u00e7\u00e3o do pacote aduaneiro.<\/p>\n<h3>N\u00e3o h\u00e1 reembolso ap\u00f3s a expedi\u00e7\u00e3o.<\/h3>\n<p>Assim que o pacote for enviado e voc\u00ea receber o n\u00famero de rastreamento, voc\u00ea n\u00e3o ter\u00e1 mais direito a reembolso.<\/p>\n<h3>Quest\u00f5es de Seguro e Alf\u00e2ndega<\/h3>\n<p>Todos os nossos pacotes s\u00e3o segurados. Se o seu pacote for retido pela alf\u00e2ndega e n\u00e3o for liberado, emitiremos um reembolso total.<\/p>\n<h3>Endere\u00e7o Incorreto ou Problemas de Entrega<\/h3>\n<p>Se um pacote n\u00e3o puder ser entregue devido a um endere\u00e7o incorreto fornecido pelo cliente ou por qualquer outro problema causado pelo cliente, o cliente ser\u00e1 respons\u00e1vel pelo custo de reenvio do pacote.<\/p>\n<h3>Contacte-nos<\/h3>\n<p>Se tiver alguma d\u00favida ou preocupa\u00e7\u00e3o relativamente \u00e0 nossa pol\u00edtica de reembolso, por favor, entre em contacto com a nossa equipa de apoio ao cliente:<\/p>\n<ul>\n<li><strong>E-mail<\/strong>: <a rel=\"noopener\">info@elfvaping.com<\/a><\/li>\n<\/ul>\n<p>Estamos empenhados em fornecer-lhe um servi\u00e7o excelente. Obrigado pela sua compreens\u00e3o e apoio!<\/p>","protected":false},"excerpt":{"rendered":"<p>Thank you for shopping with ELFVAPING. Please review our refund policy carefully: Refund Policy Refund Requests Within 24 Hours You may request a full refund within 24 hours of placing your order. If you wish to cancel your order, please contact our customer support team as soon as possible, and we will process your full [&#8230;]\n","protected":false},"author":1,"featured_media":0,"parent":0,"menu_order":0,"comment_status":"closed","ping_status":"closed","template":"page-blank-title-center.php","meta":{"_lmt_disableupdate":"","_lmt_disable":"","footnotes":""},"class_list":["post-13","page","type-page","status-publish","hentry"],"yoast_head":"<!-- This site is optimized with the Yoast SEO plugin v27.6 - https:\/\/yoast.com\/product\/yoast-seo-wordpress\/ -->\n<title>Refund Policy - Elf Vaping<\/title>\n<meta name=\"robots\" content=\"index, follow, max-snippet:-1, max-image-preview:large, max-video-preview:-1\" \/>\n<link rel=\"canonical\" href=\"https:\/\/elfvaping.com\/pt\/politica-de-reembolso\/\" \/>\n<meta property=\"og:locale\" content=\"pt_PT\" \/>\n<meta property=\"og:type\" content=\"article\" \/>\n<meta property=\"og:title\" content=\"Refund Policy - Elf Vaping\" \/>\n<meta property=\"og:description\" content=\"Thank you for shopping with ELFVAPING. Please review our refund policy carefully: Refund Policy Refund Requests Within 24 Hours You may request a full refund within 24 hours of placing your order. If you wish to cancel your order, please contact our customer support team as soon as possible, and we will process your full [...]\" \/>\n<meta property=\"og:url\" content=\"https:\/\/elfvaping.com\/pt\/politica-de-reembolso\/\" \/>\n<meta property=\"og:site_name\" content=\"Elf Vaping\" \/>\n<meta property=\"article:publisher\" content=\"https:\/\/www.facebook.com\/elfvaping\" \/>\n<meta property=\"article:modified_time\" content=\"2024-09-19T07:48:01+00:00\" \/>\n<meta name=\"twitter:card\" content=\"summary_large_image\" \/>\n<meta name=\"twitter:label1\" content=\"Tempo estimado de leitura\" \/>\n\t<meta name=\"twitter:data1\" content=\"1 minuto\" \/>\n<script type=\"application\/ld+json\" class=\"yoast-schema-graph\">{\"@context\":\"https:\\\/\\\/schema.org\",\"@graph\":[{\"@type\":\"WebPage\",\"@id\":\"https:\\\/\\\/elfvaping.com\\\/refund-policy\\\/\",\"url\":\"https:\\\/\\\/elfvaping.com\\\/refund-policy\\\/\",\"name\":\"Refund Policy - Elf Vaping\",\"isPartOf\":{\"@id\":\"https:\\\/\\\/elfvaping.com\\\/cs\\\/#website\"},\"datePublished\":\"2024-06-16T02:52:33+00:00\",\"dateModified\":\"2024-09-19T07:48:01+00:00\",\"breadcrumb\":{\"@id\":\"https:\\\/\\\/elfvaping.com\\\/refund-policy\\\/#breadcrumb\"},\"inLanguage\":\"pt-PT\",\"potentialAction\":[{\"@type\":\"ReadAction\",\"target\":[\"https:\\\/\\\/elfvaping.com\\\/refund-policy\\\/\"]}]},{\"@type\":\"BreadcrumbList\",\"@id\":\"https:\\\/\\\/elfvaping.com\\\/refund-policy\\\/#breadcrumb\",\"itemListElement\":[{\"@type\":\"ListItem\",\"position\":1,\"name\":\"Home\",\"item\":\"https:\\\/\\\/elfvaping.com\\\/\"},{\"@type\":\"ListItem\",\"position\":2,\"name\":\"Refund Policy\"}]},{\"@type\":\"WebSite\",\"@id\":\"https:\\\/\\\/elfvaping.com\\\/cs\\\/#website\",\"url\":\"https:\\\/\\\/elfvaping.com\\\/cs\\\/\",\"name\":\"Elf Vaping\",\"description\":\"Best Wholesale Prices for Disposable Vapes\",\"publisher\":{\"@id\":\"https:\\\/\\\/elfvaping.com\\\/cs\\\/#organization\"},\"potentialAction\":[{\"@type\":\"SearchAction\",\"target\":{\"@type\":\"EntryPoint\",\"urlTemplate\":\"https:\\\/\\\/elfvaping.com\\\/cs\\\/?s={search_term_string}\"},\"query-input\":{\"@type\":\"PropertyValueSpecification\",\"valueRequired\":true,\"valueName\":\"search_term_string\"}}],\"inLanguage\":\"pt-PT\"},{\"@type\":\"Organization\",\"@id\":\"https:\\\/\\\/elfvaping.com\\\/cs\\\/#organization\",\"name\":\"Elf Vaping\",\"url\":\"https:\\\/\\\/elfvaping.com\\\/cs\\\/\",\"logo\":{\"@type\":\"ImageObject\",\"inLanguage\":\"pt-PT\",\"@id\":\"https:\\\/\\\/elfvaping.com\\\/cs\\\/#\\\/schema\\\/logo\\\/image\\\/\",\"url\":\"https:\\\/\\\/elfvaping.com\\\/wp-content\\\/uploads\\\/2024\\\/06\\\/elfvaping-logo.webp\",\"contentUrl\":\"https:\\\/\\\/elfvaping.com\\\/wp-content\\\/uploads\\\/2024\\\/06\\\/elfvaping-logo.webp\",\"width\":400,\"height\":111,\"caption\":\"Elf Vaping\"},\"image\":{\"@id\":\"https:\\\/\\\/elfvaping.com\\\/cs\\\/#\\\/schema\\\/logo\\\/image\\\/\"},\"sameAs\":[\"https:\\\/\\\/www.facebook.com\\\/elfvaping\",\"https:\\\/\\\/instagram.com\\\/elfvaping\\\/\"]}]}<\/script>\n<!-- \/ Yoast SEO plugin. -->","yoast_head_json":{"title":"Pol\u00edtica de Reembolso - Elf Vaping","robots":{"index":"index","follow":"follow","max-snippet":"max-snippet:-1","max-image-preview":"max-image-preview:large","max-video-preview":"max-video-preview:-1"},"canonical":"https:\/\/elfvaping.com\/pt\/politica-de-reembolso\/","og_locale":"pt_PT","og_type":"article","og_title":"Refund Policy - Elf Vaping","og_description":"Thank you for shopping with ELFVAPING. Please review our refund policy carefully: Refund Policy Refund Requests Within 24 Hours You may request a full refund within 24 hours of placing your order. If you wish to cancel your order, please contact our customer support team as soon as possible, and we will process your full [...]","og_url":"https:\/\/elfvaping.com\/pt\/politica-de-reembolso\/","og_site_name":"Elf Vaping","article_publisher":"https:\/\/www.facebook.com\/elfvaping","article_modified_time":"2024-09-19T07:48:01+00:00","twitter_card":"summary_large_image","twitter_misc":{"Tempo estimado de leitura":"1 minuto"},"schema":{"@context":"https:\/\/schema.org","@graph":[{"@type":"WebPage","@id":"https:\/\/elfvaping.com\/refund-policy\/","url":"https:\/\/elfvaping.com\/refund-policy\/","name":"Pol\u00edtica de Reembolso - Elf Vaping","isPartOf":{"@id":"https:\/\/elfvaping.com\/cs\/#website"},"datePublished":"2024-06-16T02:52:33+00:00","dateModified":"2024-09-19T07:48:01+00:00","breadcrumb":{"@id":"https:\/\/elfvaping.com\/refund-policy\/#breadcrumb"},"inLanguage":"pt-PT","potentialAction":[{"@type":"ReadAction","target":["https:\/\/elfvaping.com\/refund-policy\/"]}]},{"@type":"BreadcrumbList","@id":"https:\/\/elfvaping.com\/refund-policy\/#breadcrumb","itemListElement":[{"@type":"ListItem","position":1,"name":"Home","item":"https:\/\/elfvaping.com\/"},{"@type":"ListItem","position":2,"name":"Refund Policy"}]},{"@type":"WebSite","@id":"https:\/\/elfvaping.com\/cs\/#website","url":"https:\/\/elfvaping.com\/cs\/","name":"Elf Vaporiza\u00e7\u00e3o","description":"Melhores Pre\u00e7os Atacado para Vapes Descart\u00e1veis","publisher":{"@id":"https:\/\/elfvaping.com\/cs\/#organization"},"potentialAction":[{"@type":"SearchAction","target":{"@type":"EntryPoint","urlTemplate":"https:\/\/elfvaping.com\/cs\/?s={search_term_string}"},"query-input":{"@type":"PropertyValueSpecification","valueRequired":true,"valueName":"search_term_string"}}],"inLanguage":"pt-PT"},{"@type":"Organization","@id":"https:\/\/elfvaping.com\/cs\/#organization","name":"Elf Vaporiza\u00e7\u00e3o","url":"https:\/\/elfvaping.com\/cs\/","logo":{"@type":"ImageObject","inLanguage":"pt-PT","@id":"https:\/\/elfvaping.com\/cs\/#\/schema\/logo\/image\/","url":"https:\/\/elfvaping.com\/wp-content\/uploads\/2024\/06\/elfvaping-logo.webp","contentUrl":"https:\/\/elfvaping.com\/wp-content\/uploads\/2024\/06\/elfvaping-logo.webp","width":400,"height":111,"caption":"Elf Vaping"},"image":{"@id":"https:\/\/elfvaping.com\/cs\/#\/schema\/logo\/image\/"},"sameAs":["https:\/\/www.facebook.com\/elfvaping","https:\/\/instagram.com\/elfvaping\/"]}]}},"jetpack_sharing_enabled":true,"_links":{"self":[{"href":"https:\/\/elfvaping.com\/pt\/wp-json\/wp\/v2\/pages\/13","targetHints":{"allow":["GET"]}}],"collection":[{"href":"https:\/\/elfvaping.com\/pt\/wp-json\/wp\/v2\/pages"}],"about":[{"href":"https:\/\/elfvaping.com\/pt\/wp-json\/wp\/v2\/types\/page"}],"author":[{"embeddable":true,"href":"https:\/\/elfvaping.com\/pt\/wp-json\/wp\/v2\/users\/1"}],"replies":[{"embeddable":true,"href":"https:\/\/elfvaping.com\/pt\/wp-json\/wp\/v2\/comments?post=13"}],"version-history":[{"count":0,"href":"https:\/\/elfvaping.com\/pt\/wp-json\/wp\/v2\/pages\/13\/revisions"}],"wp:attachment":[{"href":"https:\/\/elfvaping.com\/pt\/wp-json\/wp\/v2\/media?parent=13"}],"curies":[{"name":"wp","href":"https:\/\/api.w.org\/{rel}","templated":true}]}}