{"id":35565,"date":"2025-07-29T09:23:38","date_gmt":"2025-07-29T09:23:38","guid":{"rendered":"https:\/\/elfvaping.com\/?post_type=product&#038;p=35565"},"modified":"2026-02-13T15:32:35","modified_gmt":"2026-02-13T15:32:35","slug":"rahdm-40k-puffs-hp20-dual-flavor-tela-baixa-nicotina-compra-em-massa-original-recarregavel-vape-descartavel-atacado","status":"publish","type":"product","link":"https:\/\/elfvaping.com\/pt\/product\/rahdm-40k-puffs-hp20-dual-flavor-screen-low-nicotine-bulk-buy-original-rechargeable-disposable-vapes-wholesale\/","title":{"rendered":"Vapes Descart\u00e1veis Recarreg\u00e1veis Originais RAHDM 40K Puffs HP20 com Tela e Dois Sabores, Baixa Intensidade, Compra em Grande Quantidade por Atacado"},"content":{"rendered":"<h2 data-start=\"369\" data-end=\"388\"><a href=\"https:\/\/elfvaping.com\/pt\/categoria-de-produto\/vaporizadores-descartaveis-rahdm\/\">RAHDM<\/a> Vis\u00e3o Geral do Produto 40K Puffs HP20<\/h2>\n<p data-start=\"390\" data-end=\"794\">O RAHDM 40K Puffs HP20 \u00e9 um dispositivo potente <a href=\"https:\/\/elfvaping.com\/wp-admin\/edit-tags.php?taxonomy=product_cat&amp;post_type=product&amp;s=rechargeable\"><strong>vape descart\u00e1vel recarreg\u00e1vel<\/strong><\/a> concebido para vapers que procuram uma experi\u00eancia de uso prolongado e um sabor rico. Com dois tanques de sabor e um ecr\u00e3 LED que mostra os n\u00edveis de bateria e capacidade de vape, este dispositivo oferece conveni\u00eancia e um desempenho excecional num design elegante e port\u00e1til. Ideal para quem procura uma inala\u00e7\u00e3o de baixa intensidade, da boca para os pulm\u00f5es, com uma experi\u00eancia suave e satisfat\u00f3ria.<\/p>\n<h2 data-start=\"796\" data-end=\"824\">Caracter\u00edsticas do Produto RAHDM 40K Puffs HP20<\/h2>\n<ul data-start=\"826\" data-end=\"1763\">\n<li data-start=\"826\" data-end=\"895\">\n<p data-start=\"828\" data-end=\"895\"><strong data-start=\"828\" data-end=\"843\">Dimens\u00f5es:<\/strong> 50mm \u00d7 25mm \u00d7 105,5mm \u2014 compacto e f\u00e1cil de transportar<\/p>\n<\/li>\n<li data-start=\"896\" data-end=\"978\">\n<p data-start=\"898\" data-end=\"978\"><strong data-start=\"898\" data-end=\"910\">Bateria:<\/strong> Bateria 17350 com capacidade de 850mAh, recarreg\u00e1vel para uso prolongado<\/p>\n<\/li>\n<li data-start=\"979\" data-end=\"1071\">\n<p data-start=\"981\" data-end=\"1071\"><strong data-start=\"981\" data-end=\"1003\">Capacidade:<\/strong> Dois tanques, cada um com capacidade para 9ml, para duas sabores distintos<\/p>\n<\/li>\n<li data-start=\"1072\" data-end=\"1156\">\n<p data-start=\"1074\" data-end=\"1156\"><strong data-start=\"1074\" data-end=\"1083\">Bobina:<\/strong> N\u00facleo de algod\u00e3o grande com configura\u00e7\u00e3o de dupla bobina para vapor e sabor consistentes<\/p>\n<\/li>\n<li data-start=\"1157\" data-end=\"1230\">\n<p data-start=\"1159\" data-end=\"1230\"><strong data-start=\"1159\" data-end=\"1179\">Resist\u00eancia da Bobina:<\/strong> 1,10\u03a9, otimizado para vaporiza\u00e7\u00e3o suave de boca para pulm\u00e3o<\/p>\n<\/li>\n<li data-start=\"1231\" data-end=\"1310\">\n<p data-start=\"1233\" data-end=\"1310\"><strong data-start=\"1233\" data-end=\"1248\">Contagem de Puffs:<\/strong> Cerca de 40.000 puffs, garantindo uma experi\u00eancia prolongada de prazer<\/p>\n<\/li>\n<li data-start=\"1311\" data-end=\"1395\">\n<p data-start=\"1313\" data-end=\"1395\"><strong data-start=\"1313\" data-end=\"1326\">Material:<\/strong> Envolt\u00f3rio de a\u00e7o inoxid\u00e1vel dur\u00e1vel combinado com pl\u00e1stico PC de alta qualidade<\/p>\n<\/li>\n<li data-start=\"1396\" data-end=\"1489\">\n<p data-start=\"1398\" data-end=\"1489\"><strong data-start=\"1398\" data-end=\"1411\">Carregamento:<\/strong> Permite a recarga, tornando-o econ\u00f3mico e mais amigo do ambiente.<\/p>\n<\/li>\n<li data-start=\"1490\" data-end=\"1594\">\n<p data-start=\"1492\" data-end=\"1594\"><strong data-start=\"1492\" data-end=\"1507\">Ecr\u00e3 LED:<\/strong> Vis\u00e3o clara dos n\u00edveis de \u00f3leo (capacidade de vape) e do status da bateria para um controlo sem complica\u00e7\u00f5es<\/p>\n<\/li>\n<li data-start=\"1595\" data-end=\"1666\">\n<p data-start=\"1597\" data-end=\"1666\"><strong data-start=\"1597\" data-end=\"1608\">Peso:<\/strong> Leve, com apenas 118,46g, ideal para uso di\u00e1rio em movimento<\/p>\n<\/li>\n<li data-start=\"1667\" data-end=\"1761\">\n<p data-start=\"1669\" data-end=\"1761\"><strong data-start=\"1669\" data-end=\"1689\">Modo de Inala\u00e7\u00e3o:<\/strong> MTL (boca para pulm\u00e3o), ideal para quem prefere uma experi\u00eancia de vaporiza\u00e7\u00e3o mais suave na garganta<\/p>\n<\/li>\n<\/ul>\n<h2 data-start=\"1764\" data-end=\"1821\">Por que escolher o RAHDM 40K HP20 de dois sabores? <a href=\"https:\/\/elfvaping.com\/pt\/\">Vape Descart\u00e1vel<\/a>?<\/h2>\n<ul data-start=\"1823\" data-end=\"2307\">\n<li data-start=\"1823\" data-end=\"1877\">\n<p data-start=\"1825\" data-end=\"1877\">A bateria recarreg\u00e1vel economiza dinheiro e reduz o desperd\u00edcio<\/p>\n<\/li>\n<li data-start=\"1878\" data-end=\"1959\">\n<p data-start=\"1880\" data-end=\"1959\">Os tanques de duplo sabor permitem que voc\u00ea desfrute de dois sabores em um \u00fanico dispositivo, sem mistur\u00e1-los.<\/p>\n<\/li>\n<li data-start=\"1960\" data-end=\"2027\">\n<p data-start=\"1962\" data-end=\"2027\">A grande capacidade minimiza a necessidade de reabastecimentos frequentes.<\/p>\n<\/li>\n<li data-start=\"2028\" data-end=\"2099\">\n<p data-start=\"2030\" data-end=\"2099\">O ecr\u00e3 LED mant\u00e9m-no informado sobre a bateria restante e a capacidade de vape.<\/p>\n<\/li>\n<li data-start=\"2100\" data-end=\"2170\">\n<p data-start=\"2102\" data-end=\"2170\">Designo compacto e elegante que se ajusta confortavelmente na sua m\u00e3o ou bolso<\/p>\n<\/li>\n<li data-start=\"2171\" data-end=\"2247\">\n<p data-start=\"2173\" data-end=\"2247\">Baixa pot\u00eancia \u00e9 ideal para usu\u00e1rios que procuram uma experi\u00eancia de vaporiza\u00e7\u00e3o mais suave.<\/p>\n<\/li>\n<li data-start=\"2248\" data-end=\"2307\">\n<p data-start=\"2250\" data-end=\"2307\">Op\u00e7\u00f5es de compra em grande quantidade dispon\u00edveis para grossistas ou retalhistas<\/p>\n<\/li>\n<\/ul>\n<h2 data-start=\"2309\" data-end=\"2341\">Combina\u00e7\u00f5es de Sabores Dispon\u00edveis<\/h2>\n<table class=\"w-fit min-w-(--thread-content-width)\" data-start=\"807\" data-end=\"1707\">\n<thead data-start=\"807\" data-end=\"882\">\n<tr data-start=\"807\" data-end=\"882\">\n<th data-start=\"807\" data-end=\"844\" data-col-size=\"sm\">Sabor 1<\/th>\n<th data-start=\"844\" data-end=\"882\" data-col-size=\"sm\">Sabor 2<\/th>\n<\/tr>\n<\/thead>\n<tbody data-start=\"958\" data-end=\"1707\">\n<tr data-start=\"958\" data-end=\"1032\">\n<td data-start=\"958\" data-end=\"994\" data-col-size=\"sm\">Kiwi Maracuj\u00e1 Goiaba<\/td>\n<td data-col-size=\"sm\" data-start=\"994\" data-end=\"1032\">Maracuj\u00e1 Martini<\/td>\n<\/tr>\n<tr data-start=\"1033\" data-end=\"1107\">\n<td data-start=\"1033\" data-end=\"1069\" data-col-size=\"sm\">Sorvete de Melancia<\/td>\n<td data-start=\"1069\" data-end=\"1107\" data-col-size=\"sm\">Fresa Cereja<\/td>\n<\/tr>\n<tr data-start=\"1108\" data-end=\"1182\">\n<td data-start=\"1108\" data-end=\"1144\" data-col-size=\"sm\">Sr. Azul<\/td>\n<td data-start=\"1144\" data-end=\"1182\" data-col-size=\"sm\">Mirtilo Cereja Cranberry<\/td>\n<\/tr>\n<tr data-start=\"1183\" data-end=\"1257\">\n<td data-start=\"1183\" data-end=\"1219\" data-col-size=\"sm\">Lim\u00e3o Lima<\/td>\n<td data-start=\"1219\" data-end=\"1257\" data-col-size=\"sm\">Abacaxi Gelo<\/td>\n<\/tr>\n<tr data-start=\"1258\" data-end=\"1332\">\n<td data-start=\"1258\" data-end=\"1294\" data-col-size=\"sm\">Gelo de Cereja<\/td>\n<td data-start=\"1294\" data-end=\"1332\" data-col-size=\"sm\">Morango Framboesa Cereja Gelo<\/td>\n<\/tr>\n<tr data-start=\"1333\" data-end=\"1407\">\n<td data-start=\"1333\" data-end=\"1369\" data-col-size=\"sm\">Morango Mel\u00e3o Goma de Bolha<\/td>\n<td data-start=\"1369\" data-end=\"1407\" data-col-size=\"sm\">Sorvete de Melancia<\/td>\n<\/tr>\n<tr data-start=\"1408\" data-end=\"1482\">\n<td data-start=\"1408\" data-end=\"1444\" data-col-size=\"sm\">Punch Tropical<\/td>\n<td data-start=\"1444\" data-end=\"1482\" data-col-size=\"sm\">Lim\u00e3o Lima<\/td>\n<\/tr>\n<tr data-start=\"1483\" data-end=\"1557\">\n<td data-start=\"1483\" data-end=\"1519\" data-col-size=\"sm\">Gelo Azul Razz<\/td>\n<td data-start=\"1519\" data-end=\"1557\" data-col-size=\"sm\">Mirtilo Amora<\/td>\n<\/tr>\n<tr data-start=\"1558\" data-end=\"1632\">\n<td data-start=\"1558\" data-end=\"1594\" data-col-size=\"sm\">Morang\u00e3o Azedo de Mirtilo<\/td>\n<td data-start=\"1594\" data-end=\"1632\" data-col-size=\"sm\">Morango Framboesa Cereja Gelo<\/td>\n<\/tr>\n<tr data-start=\"1633\" data-end=\"1707\">\n<td data-start=\"1633\" data-end=\"1669\" data-col-size=\"sm\">Triplo Manga<\/td>\n<td data-start=\"1669\" data-end=\"1707\" data-col-size=\"sm\">P\u00eassego Manga<\/td>\n<\/tr>\n<\/tbody>\n<\/table>\n<hr data-start=\"2747\" data-end=\"2750\" \/>\n<p data-start=\"2752\" data-end=\"3002\">se voc\u00ea quiser comprar produtos aut\u00eanticos, <a href=\"https:\/\/elfvaping.com\/pt\/\">Vapes descart\u00e1veis de alta qualidade<\/a> como o RAHDM 40K Puffs HP20, <a href=\"https:\/\/elfvaping.com\/pt\/\">Elfvaping<\/a> \u00e9 a sua plataforma de com\u00e9rcio eletr\u00f3nico de confian\u00e7a para compras por grosso na Europa. Oferecemos produtos originais e fi\u00e1veis a pre\u00e7os competitivos e com entrega r\u00e1pida para encomendas em grande quantidade.<\/p>\n<p data-start=\"2752\" data-end=\"3002\"><img loading=\"lazy\" decoding=\"async\" class=\"alignnone wp-image-35576 size-full\" src=\"https:\/\/elfvaping.com\/wp-content\/uploads\/2025\/07\/RAHDM-40K-Puffs-HP20-Dual-Flavor-Screen-Low-Nicotine-Bulk-Buy-Original-Rechargeable-Disposable-Vapes-Wholesale-10.webp\" alt=\"Vapes Descart\u00e1veis Recarreg\u00e1veis Originais RAHDM 40K Puffs HP20 com Tela e Dois Sabores, Baixa Intensidade, Compra em Grande Quantidade por Atacado\" width=\"1500\" height=\"1500\" srcset=\"https:\/\/elfvaping.com\/wp-content\/uploads\/2025\/07\/RAHDM-40K-Puffs-HP20-Dual-Flavor-Screen-Low-Nicotine-Bulk-Buy-Original-Rechargeable-Disposable-Vapes-Wholesale-10.webp 1500w, https:\/\/elfvaping.com\/wp-content\/uploads\/2025\/07\/RAHDM-40K-Puffs-HP20-Dual-Flavor-Screen-Low-Nicotine-Bulk-Buy-Original-Rechargeable-Disposable-Vapes-Wholesale-10-300x300.webp 300w, https:\/\/elfvaping.com\/wp-content\/uploads\/2025\/07\/RAHDM-40K-Puffs-HP20-Dual-Flavor-Screen-Low-Nicotine-Bulk-Buy-Original-Rechargeable-Disposable-Vapes-Wholesale-10-1024x1024.webp 1024w, https:\/\/elfvaping.com\/wp-content\/uploads\/2025\/07\/RAHDM-40K-Puffs-HP20-Dual-Flavor-Screen-Low-Nicotine-Bulk-Buy-Original-Rechargeable-Disposable-Vapes-Wholesale-10-150x150.webp 150w, https:\/\/elfvaping.com\/wp-content\/uploads\/2025\/07\/RAHDM-40K-Puffs-HP20-Dual-Flavor-Screen-Low-Nicotine-Bulk-Buy-Original-Rechargeable-Disposable-Vapes-Wholesale-10-768x768.webp 768w, https:\/\/elfvaping.com\/wp-content\/uploads\/2025\/07\/RAHDM-40K-Puffs-HP20-Dual-Flavor-Screen-Low-Nicotine-Bulk-Buy-Original-Rechargeable-Disposable-Vapes-Wholesale-10-12x12.webp 12w, https:\/\/elfvaping.com\/wp-content\/uploads\/2025\/07\/RAHDM-40K-Puffs-HP20-Dual-Flavor-Screen-Low-Nicotine-Bulk-Buy-Original-Rechargeable-Disposable-Vapes-Wholesale-10-600x600.webp 600w, https:\/\/elfvaping.com\/wp-content\/uploads\/2025\/07\/RAHDM-40K-Puffs-HP20-Dual-Flavor-Screen-Low-Nicotine-Bulk-Buy-Original-Rechargeable-Disposable-Vapes-Wholesale-10-100x100.webp 100w\" sizes=\"auto, (max-width: 1500px) 100vw, 1500px\" \/><\/p>","protected":false},"excerpt":{"rendered":"<p>O RAHDM 40K Puffs HP20 \u00e9 um vape descart\u00e1vel recarreg\u00e1vel de duplo sabor com uma grande capacidade de 9ml+9ml, ecr\u00e3 LED para n\u00edveis de bateria e capacidade, proporcionando hits suaves de boca para pulm\u00e3o e at\u00e9 40.000 puffs \u2014 perfeito para utilizadores de baixa intensidade que procuram um sabor duradouro num design elegante.<\/p>","protected":false},"featured_media":35574,"comment_status":"open","ping_status":"closed","template":"","meta":{"_lmt_disableupdate":"no","_lmt_disable":"","jetpack_post_was_ever_published":false},"product_brand":[],"product_cat":[17],"product_tag":[],"class_list":{"0":"post-35565","1":"product","2":"type-product","3":"status-publish","4":"has-post-thumbnail","6":"product_cat-all-vape-products","8":"first","9":"outofstock","10":"shipping-taxable","11":"purchasable","12":"product-type-variable","13":"has-default-attributes"},"yoast_head":"<!-- This site is optimized with the Yoast SEO plugin v27.4 - https:\/\/yoast.com\/product\/yoast-seo-wordpress\/ -->\n<title>RAHDM 40K Puffs HP20 Dual Tastes Screen Low Strength Bulk Buy Original Rechargeable Disposable Vapes Wholesale - Elf Vaping<\/title>\n<meta name=\"robots\" content=\"index, follow, max-snippet:-1, max-image-preview:large, max-video-preview:-1\" \/>\n<link rel=\"canonical\" href=\"https:\/\/elfvaping.com\/pt\/produtos\/rahdm-40k-puffs-hp20-dual-flavor-tela-baixa-nicotina-compra-em-massa-original-recarregavel-vape-descartavel-atacado\/\" \/>\n<meta property=\"og:locale\" content=\"pt_PT\" \/>\n<meta property=\"og:type\" content=\"article\" \/>\n<meta property=\"og:title\" content=\"RAHDM 40K Puffs HP20 Dual Tastes Screen Low Strength Bulk Buy Original Rechargeable Disposable Vapes Wholesale - Elf Vaping\" \/>\n<meta property=\"og:description\" content=\"RAHDM 40K Puffs HP20 is a rechargeable dual-taste disposable vape with a large 9ml+9ml Capacity, LED screen for battery and Capacity levels, delivering smooth mouth-to-lung hits and up to 40,000 puffs \u2014 perfect for low strength users seeking long-lasting taste in a sleek design.\" \/>\n<meta property=\"og:url\" content=\"https:\/\/elfvaping.com\/pt\/produtos\/rahdm-40k-puffs-hp20-dual-flavor-tela-baixa-nicotina-compra-em-massa-original-recarregavel-vape-descartavel-atacado\/\" \/>\n<meta property=\"og:site_name\" content=\"Elf Vaping\" \/>\n<meta property=\"article:publisher\" content=\"https:\/\/www.facebook.com\/elfvaping\" \/>\n<meta property=\"article:modified_time\" content=\"2026-02-13T15:32:35+00:00\" \/>\n<meta property=\"og:image\" content=\"https:\/\/elfvaping.com\/wp-content\/uploads\/2025\/07\/RAHDM-40K-Puffs-HP20-Dual-Flavor-Screen-Low-Nicotine-Bulk-Buy-Original-Rechargeable-Disposable-Vapes-Wholesale-8.webp\" \/>\n\t<meta property=\"og:image:width\" content=\"1500\" \/>\n\t<meta property=\"og:image:height\" content=\"1500\" \/>\n\t<meta property=\"og:image:type\" content=\"image\/webp\" \/>\n<meta name=\"twitter:card\" content=\"summary_large_image\" \/>\n<meta name=\"twitter:label1\" content=\"Tempo estimado de leitura\" \/>\n\t<meta name=\"twitter:data1\" content=\"2 minutos\" \/>\n<script type=\"application\/ld+json\" class=\"yoast-schema-graph\">{\"@context\":\"https:\\\/\\\/schema.org\",\"@graph\":[{\"@type\":\"WebPage\",\"@id\":\"https:\\\/\\\/elfvaping.com\\\/product\\\/rahdm-40k-puffs-hp20-dual-flavor-screen-low-nicotine-bulk-buy-original-rechargeable-disposable-vapes-wholesale\\\/\",\"url\":\"https:\\\/\\\/elfvaping.com\\\/product\\\/rahdm-40k-puffs-hp20-dual-flavor-screen-low-nicotine-bulk-buy-original-rechargeable-disposable-vapes-wholesale\\\/\",\"name\":\"RAHDM 40K Puffs HP20 Dual Tastes Screen Low Strength Bulk Buy Original Rechargeable Disposable Vapes Wholesale - Elf Vaping\",\"isPartOf\":{\"@id\":\"https:\\\/\\\/elfvaping.com\\\/cs\\\/#website\"},\"primaryImageOfPage\":{\"@id\":\"https:\\\/\\\/elfvaping.com\\\/product\\\/rahdm-40k-puffs-hp20-dual-flavor-screen-low-nicotine-bulk-buy-original-rechargeable-disposable-vapes-wholesale\\\/#primaryimage\"},\"image\":{\"@id\":\"https:\\\/\\\/elfvaping.com\\\/product\\\/rahdm-40k-puffs-hp20-dual-flavor-screen-low-nicotine-bulk-buy-original-rechargeable-disposable-vapes-wholesale\\\/#primaryimage\"},\"thumbnailUrl\":\"https:\\\/\\\/elfvaping.com\\\/wp-content\\\/uploads\\\/2025\\\/07\\\/RAHDM-40K-Puffs-HP20-Dual-Flavor-Screen-Low-Nicotine-Bulk-Buy-Original-Rechargeable-Disposable-Vapes-Wholesale-8.webp\",\"datePublished\":\"2025-07-29T09:23:38+00:00\",\"dateModified\":\"2026-02-13T15:32:35+00:00\",\"breadcrumb\":{\"@id\":\"https:\\\/\\\/elfvaping.com\\\/product\\\/rahdm-40k-puffs-hp20-dual-flavor-screen-low-nicotine-bulk-buy-original-rechargeable-disposable-vapes-wholesale\\\/#breadcrumb\"},\"inLanguage\":\"pt-PT\",\"potentialAction\":[{\"@type\":\"ReadAction\",\"target\":[\"https:\\\/\\\/elfvaping.com\\\/product\\\/rahdm-40k-puffs-hp20-dual-flavor-screen-low-nicotine-bulk-buy-original-rechargeable-disposable-vapes-wholesale\\\/\"]}]},{\"@type\":\"ImageObject\",\"inLanguage\":\"pt-PT\",\"@id\":\"https:\\\/\\\/elfvaping.com\\\/product\\\/rahdm-40k-puffs-hp20-dual-flavor-screen-low-nicotine-bulk-buy-original-rechargeable-disposable-vapes-wholesale\\\/#primaryimage\",\"url\":\"https:\\\/\\\/elfvaping.com\\\/wp-content\\\/uploads\\\/2025\\\/07\\\/RAHDM-40K-Puffs-HP20-Dual-Flavor-Screen-Low-Nicotine-Bulk-Buy-Original-Rechargeable-Disposable-Vapes-Wholesale-8.webp\",\"contentUrl\":\"https:\\\/\\\/elfvaping.com\\\/wp-content\\\/uploads\\\/2025\\\/07\\\/RAHDM-40K-Puffs-HP20-Dual-Flavor-Screen-Low-Nicotine-Bulk-Buy-Original-Rechargeable-Disposable-Vapes-Wholesale-8.webp\",\"width\":1500,\"height\":1500},{\"@type\":\"BreadcrumbList\",\"@id\":\"https:\\\/\\\/elfvaping.com\\\/product\\\/rahdm-40k-puffs-hp20-dual-flavor-screen-low-nicotine-bulk-buy-original-rechargeable-disposable-vapes-wholesale\\\/#breadcrumb\",\"itemListElement\":[{\"@type\":\"ListItem\",\"position\":1,\"name\":\"Home\",\"item\":\"https:\\\/\\\/elfvaping.com\\\/\"},{\"@type\":\"ListItem\",\"position\":2,\"name\":\"Shop\",\"item\":\"https:\\\/\\\/elfvaping.com\\\/shop\\\/\"},{\"@type\":\"ListItem\",\"position\":3,\"name\":\"RAHDM 40K Puffs HP20 Dual Tastes Screen Low Strength Bulk Buy Original Rechargeable Disposable Vapes Wholesale\"}]},{\"@type\":\"WebSite\",\"@id\":\"https:\\\/\\\/elfvaping.com\\\/cs\\\/#website\",\"url\":\"https:\\\/\\\/elfvaping.com\\\/cs\\\/\",\"name\":\"Elf Vaping\",\"description\":\"Best Wholesale Prices for Disposable Vapes\",\"publisher\":{\"@id\":\"https:\\\/\\\/elfvaping.com\\\/cs\\\/#organization\"},\"potentialAction\":[{\"@type\":\"SearchAction\",\"target\":{\"@type\":\"EntryPoint\",\"urlTemplate\":\"https:\\\/\\\/elfvaping.com\\\/cs\\\/?s={search_term_string}\"},\"query-input\":{\"@type\":\"PropertyValueSpecification\",\"valueRequired\":true,\"valueName\":\"search_term_string\"}}],\"inLanguage\":\"pt-PT\"},{\"@type\":\"Organization\",\"@id\":\"https:\\\/\\\/elfvaping.com\\\/cs\\\/#organization\",\"name\":\"Elf Vaping\",\"url\":\"https:\\\/\\\/elfvaping.com\\\/cs\\\/\",\"logo\":{\"@type\":\"ImageObject\",\"inLanguage\":\"pt-PT\",\"@id\":\"https:\\\/\\\/elfvaping.com\\\/cs\\\/#\\\/schema\\\/logo\\\/image\\\/\",\"url\":\"https:\\\/\\\/elfvaping.com\\\/wp-content\\\/uploads\\\/2024\\\/06\\\/elfvaping-logo.webp\",\"contentUrl\":\"https:\\\/\\\/elfvaping.com\\\/wp-content\\\/uploads\\\/2024\\\/06\\\/elfvaping-logo.webp\",\"width\":400,\"height\":111,\"caption\":\"Elf Vaping\"},\"image\":{\"@id\":\"https:\\\/\\\/elfvaping.com\\\/cs\\\/#\\\/schema\\\/logo\\\/image\\\/\"},\"sameAs\":[\"https:\\\/\\\/www.facebook.com\\\/elfvaping\",\"https:\\\/\\\/instagram.com\\\/elfvaping\\\/\"]}]}<\/script>\n<!-- \/ Yoast SEO plugin. -->","yoast_head_json":{"title":"Vapes Descart\u00e1veis Recarreg\u00e1veis Originais RAHDM 40K Puffs HP20 com Tela e Dois Sabores, Baixa Intensidade - Compra em Grande Quantidade para Revenda - Elf Vaping","robots":{"index":"index","follow":"follow","max-snippet":"max-snippet:-1","max-image-preview":"max-image-preview:large","max-video-preview":"max-video-preview:-1"},"canonical":"https:\/\/elfvaping.com\/pt\/produtos\/rahdm-40k-puffs-hp20-dual-flavor-tela-baixa-nicotina-compra-em-massa-original-recarregavel-vape-descartavel-atacado\/","og_locale":"pt_PT","og_type":"article","og_title":"RAHDM 40K Puffs HP20 Dual Tastes Screen Low Strength Bulk Buy Original Rechargeable Disposable Vapes Wholesale - Elf Vaping","og_description":"RAHDM 40K Puffs HP20 is a rechargeable dual-taste disposable vape with a large 9ml+9ml Capacity, LED screen for battery and Capacity levels, delivering smooth mouth-to-lung hits and up to 40,000 puffs \u2014 perfect for low strength users seeking long-lasting taste in a sleek design.","og_url":"https:\/\/elfvaping.com\/pt\/produtos\/rahdm-40k-puffs-hp20-dual-flavor-tela-baixa-nicotina-compra-em-massa-original-recarregavel-vape-descartavel-atacado\/","og_site_name":"Elf Vaping","article_publisher":"https:\/\/www.facebook.com\/elfvaping","article_modified_time":"2026-02-13T15:32:35+00:00","og_image":[{"width":1500,"height":1500,"url":"https:\/\/elfvaping.com\/wp-content\/uploads\/2025\/07\/RAHDM-40K-Puffs-HP20-Dual-Flavor-Screen-Low-Nicotine-Bulk-Buy-Original-Rechargeable-Disposable-Vapes-Wholesale-8.webp","type":"image\/webp"}],"twitter_card":"summary_large_image","twitter_misc":{"Tempo estimado de leitura":"2 minutos"},"schema":{"@context":"https:\/\/schema.org","@graph":[{"@type":"WebPage","@id":"https:\/\/elfvaping.com\/product\/rahdm-40k-puffs-hp20-dual-flavor-screen-low-nicotine-bulk-buy-original-rechargeable-disposable-vapes-wholesale\/","url":"https:\/\/elfvaping.com\/product\/rahdm-40k-puffs-hp20-dual-flavor-screen-low-nicotine-bulk-buy-original-rechargeable-disposable-vapes-wholesale\/","name":"Vapes Descart\u00e1veis Recarreg\u00e1veis Originais RAHDM 40K Puffs HP20 com Tela e Dois Sabores, Baixa Intensidade - Compra em Grande Quantidade para Revenda - Elf Vaping","isPartOf":{"@id":"https:\/\/elfvaping.com\/cs\/#website"},"primaryImageOfPage":{"@id":"https:\/\/elfvaping.com\/product\/rahdm-40k-puffs-hp20-dual-flavor-screen-low-nicotine-bulk-buy-original-rechargeable-disposable-vapes-wholesale\/#primaryimage"},"image":{"@id":"https:\/\/elfvaping.com\/product\/rahdm-40k-puffs-hp20-dual-flavor-screen-low-nicotine-bulk-buy-original-rechargeable-disposable-vapes-wholesale\/#primaryimage"},"thumbnailUrl":"https:\/\/elfvaping.com\/wp-content\/uploads\/2025\/07\/RAHDM-40K-Puffs-HP20-Dual-Flavor-Screen-Low-Nicotine-Bulk-Buy-Original-Rechargeable-Disposable-Vapes-Wholesale-8.webp","datePublished":"2025-07-29T09:23:38+00:00","dateModified":"2026-02-13T15:32:35+00:00","breadcrumb":{"@id":"https:\/\/elfvaping.com\/product\/rahdm-40k-puffs-hp20-dual-flavor-screen-low-nicotine-bulk-buy-original-rechargeable-disposable-vapes-wholesale\/#breadcrumb"},"inLanguage":"pt-PT","potentialAction":[{"@type":"ReadAction","target":["https:\/\/elfvaping.com\/product\/rahdm-40k-puffs-hp20-dual-flavor-screen-low-nicotine-bulk-buy-original-rechargeable-disposable-vapes-wholesale\/"]}]},{"@type":"ImageObject","inLanguage":"pt-PT","@id":"https:\/\/elfvaping.com\/product\/rahdm-40k-puffs-hp20-dual-flavor-screen-low-nicotine-bulk-buy-original-rechargeable-disposable-vapes-wholesale\/#primaryimage","url":"https:\/\/elfvaping.com\/wp-content\/uploads\/2025\/07\/RAHDM-40K-Puffs-HP20-Dual-Flavor-Screen-Low-Nicotine-Bulk-Buy-Original-Rechargeable-Disposable-Vapes-Wholesale-8.webp","contentUrl":"https:\/\/elfvaping.com\/wp-content\/uploads\/2025\/07\/RAHDM-40K-Puffs-HP20-Dual-Flavor-Screen-Low-Nicotine-Bulk-Buy-Original-Rechargeable-Disposable-Vapes-Wholesale-8.webp","width":1500,"height":1500},{"@type":"BreadcrumbList","@id":"https:\/\/elfvaping.com\/product\/rahdm-40k-puffs-hp20-dual-flavor-screen-low-nicotine-bulk-buy-original-rechargeable-disposable-vapes-wholesale\/#breadcrumb","itemListElement":[{"@type":"ListItem","position":1,"name":"Home","item":"https:\/\/elfvaping.com\/"},{"@type":"ListItem","position":2,"name":"Shop","item":"https:\/\/elfvaping.com\/shop\/"},{"@type":"ListItem","position":3,"name":"RAHDM 40K Puffs HP20 Dual Tastes Screen Low Strength Bulk Buy Original Rechargeable Disposable Vapes Wholesale"}]},{"@type":"WebSite","@id":"https:\/\/elfvaping.com\/cs\/#website","url":"https:\/\/elfvaping.com\/cs\/","name":"Elf Vaping","description":"Melhores Pre\u00e7os Atacado para Vapes Descart\u00e1veis","publisher":{"@id":"https:\/\/elfvaping.com\/cs\/#organization"},"potentialAction":[{"@type":"SearchAction","target":{"@type":"EntryPoint","urlTemplate":"https:\/\/elfvaping.com\/cs\/?s={search_term_string}"},"query-input":{"@type":"PropertyValueSpecification","valueRequired":true,"valueName":"search_term_string"}}],"inLanguage":"pt-PT"},{"@type":"Organization","@id":"https:\/\/elfvaping.com\/cs\/#organization","name":"Elf Vaping","url":"https:\/\/elfvaping.com\/cs\/","logo":{"@type":"ImageObject","inLanguage":"pt-PT","@id":"https:\/\/elfvaping.com\/cs\/#\/schema\/logo\/image\/","url":"https:\/\/elfvaping.com\/wp-content\/uploads\/2024\/06\/elfvaping-logo.webp","contentUrl":"https:\/\/elfvaping.com\/wp-content\/uploads\/2024\/06\/elfvaping-logo.webp","width":400,"height":111,"caption":"Elf Vaping"},"image":{"@id":"https:\/\/elfvaping.com\/cs\/#\/schema\/logo\/image\/"},"sameAs":["https:\/\/www.facebook.com\/elfvaping","https:\/\/instagram.com\/elfvaping\/"]}]}},"jetpack_sharing_enabled":true,"tiered_pricing_type":"fixed","tiered_pricing_fixed_rules":[],"tiered_pricing_product_settings":{"layout":"default","base_unit_name":{"singular":null,"plural":null},"default_variation":null},"tiered_pricing_minimum_quantity":null,"tiered_pricing_roles_data":[],"tiered_pricing_percentage_rules":[],"tiered_pricing_maximum_quantity":null,"tiered_pricing_quantity_step":null,"_links":{"self":[{"href":"https:\/\/elfvaping.com\/pt\/wp-json\/wp\/v2\/product\/35565","targetHints":{"allow":["GET"]}}],"collection":[{"href":"https:\/\/elfvaping.com\/pt\/wp-json\/wp\/v2\/product"}],"about":[{"href":"https:\/\/elfvaping.com\/pt\/wp-json\/wp\/v2\/types\/product"}],"replies":[{"embeddable":true,"href":"https:\/\/elfvaping.com\/pt\/wp-json\/wp\/v2\/comments?post=35565"}],"wp:featuredmedia":[{"embeddable":true,"href":"https:\/\/elfvaping.com\/pt\/wp-json\/wp\/v2\/media\/35574"}],"wp:attachment":[{"href":"https:\/\/elfvaping.com\/pt\/wp-json\/wp\/v2\/media?parent=35565"}],"wp:term":[{"taxonomy":"product_brand","embeddable":true,"href":"https:\/\/elfvaping.com\/pt\/wp-json\/wp\/v2\/product_brand?post=35565"},{"taxonomy":"product_cat","embeddable":true,"href":"https:\/\/elfvaping.com\/pt\/wp-json\/wp\/v2\/product_cat?post=35565"},{"taxonomy":"product_tag","embeddable":true,"href":"https:\/\/elfvaping.com\/pt\/wp-json\/wp\/v2\/product_tag?post=35565"}],"curies":[{"name":"wp","href":"https:\/\/api.w.org\/{rel}","templated":true}]}}