{"id":585,"date":"2024-06-16T02:49:40","date_gmt":"2024-06-16T02:49:40","guid":{"rendered":"https:\/\/elfvaping.com\/?page_id=585"},"modified":"2026-02-24T03:31:26","modified_gmt":"2026-02-24T03:31:26","slug":"politica-cookie-urilor","status":"publish","type":"page","link":"https:\/\/elfvaping.com\/ro\/cookies-policy\/","title":{"rendered":"Politica privind cookie-urile"},"content":{"rendered":"<p>Ultima actualizare: 26 aprilie 2024<\/p>\n<p>Aceast\u0103 Politic\u0103 de Utilizare a Cookie-urilor descrie modul \u00een care utiliz\u0103m cookie-urile pe site-ul nostru, elfvaping.com. Citirea acestei politici v\u0103 va oferi informa\u021bii despre tipurile de cookie-uri pe care le utiliz\u0103m, datele colectate prin intermediul acestora \u0219i modul \u00een care sunt utilizate ulterior. Aceast\u0103 politic\u0103 a fost creat\u0103 cu ajutorul Generatorului de Politic\u0103 de Utilizare a Cookie-urilor.<\/p>\n<p>\u00cen general, cookie-urile nu con\u021bin informa\u021bii care s\u0103 identifice direct un utilizator. Cu toate acestea, informa\u021biile personale stocate despre tine pot fi asociate cu informa\u021biile stocate \u00een \u0219i derivate din Cookie-uri. Pentru detalii complete despre modul \u00een care utiliz\u0103m, stoc\u0103m \u0219i securiz\u0103m datele tale personale, te rog s\u0103 consul\u021bi Politica noastr\u0103 de Confiden\u021bialitate.<\/p>\n<p>Informa\u021bii personale sensibile, cum ar fi adresele de mailare sau parolele de cont, nu sunt stocate \u00een Cookie-urile pe care le utiliz\u0103m.<\/p>\n<p>Interpret\u0103ri \u0219i Defini\u021bii<\/p>\n<p>Termenii de interpretare cu litera ini\u021bial\u0103 capitalizat\u0103 au \u00een\u021belesuri specificate \u00een urm\u0103toarele condi\u021bii. Aceste defini\u021bii se aplic\u0103 indiferent dac\u0103 apar la forma singular\u0103 sau plural\u0103.<\/p>\n<p>Defini\u021bii \u00cen scopul acestei Politici de Cookie-uri:<\/p>\n<p>Compania (denumit\u0103 \u00een prezenta Politic\u0103 de Cookie-uri drept \u201cCompania\u201d, \u201cNoi\u201d, \u201cNe\u201d sau \u201cAle noastre\u201d) se refer\u0103 la elfvaping.com. Cookie-urile sunt mici fi\u0219iere plasate pe computerul dvs., dispozitivul mobil sau orice alt dispozitiv de c\u0103tre un site web, care con\u021bin detalii despre istoricul dvs. de navigare pe acel site web, printre multiplele lor utiliz\u0103ri. Site-ul web se refer\u0103 la elfvaping.com, accesibil de la <a href=\"https:\/\/elfvaping.com\/ro\/\" target=\"_new\" rel=\"noopener\">https:\/\/elfvaping.com\/<\/a> Prin \u201eutilizator\u201d se \u00een\u021belege persoana fizic\u0103 care acceseaz\u0103 sau utilizeaz\u0103 Site-ul, sau o companie, sau orice entitate juridic\u0103 \u00een numele c\u0103reia aceast\u0103 persoan\u0103 acceseaz\u0103 sau utilizeaz\u0103 Site-ul, dup\u0103 caz. Utilizarea modulelor cookie<\/p>\n<p>Tipuri de Cookie-uri Utilizate Cookie-urile pot fi clasificate \u00een \u201cPersistente\u201d \u0219i \u201cde Sesiune\u201d. Cookie-urile persistente r\u0103m\u00e2n pe computerul dvs. personal sau pe dispozitivul mobil chiar \u0219i atunci c\u00e2nd sunte\u021bi offline, \u00een timp ce Cookie-urile de sesiune sunt \u0219terse imediat ce \u00eenchide\u021bi browserul web.<\/p>\n<p>Utiliz\u0103m at\u00e2t Cookies de sesiune, c\u00e2t \u0219i Cookies persistente \u00een urm\u0103toarele scopuri:<\/p>\n<p>Cookie-urile necesare \/ esen\u021biale<\/p>\n<p>Tip: Cookie-uri de sesiune<\/p>\n<p>Administrat de: Noi<\/p>\n<p>Scopul: Aceste Cookie-uri sunt indispensabile pentru a v\u0103 oferi serviciile disponibile prin intermediul Site-ului \u0219i pentru a v\u0103 permite s\u0103 utiliza\u021bi unele dintre func\u021biile acestuia. Ele ajut\u0103 la autentificarea utilizatorilor \u0219i previn utilizarea frauduloas\u0103 a conturilor de utilizator. F\u0103r\u0103 aceste Cookie-uri, serviciile pe care le-a\u021bi solicitat nu pot fi furnizate, iar noi folosim exclusiv aceste Cookie-uri pentru a v\u0103 oferi aceste servicii.<\/p>\n<p>Cookie-uri de func\u021bionalitate<\/p>\n<p>Tip: Cookie-uri persistente<\/p>\n<p>Administrat de: Noi<\/p>\n<p>Aceste Cookie-uri ne permit s\u0103 reamintim alegerile pe care le faci \u00een timp ce utilizezi Site-ul, cum ar fi p\u0103strarea detaliilor de autentificare sau a preferin\u021belor de limb\u0103. Scopul acestor Cookie-uri este de a oferi o experien\u021b\u0103 mai personalizat\u0103 \u0219i de a evita necesitatea ca tu s\u0103 reintroduci preferin\u021bele de fiecare dat\u0103 c\u00e2nd interac\u021bionezi cu Site-ul.<\/p>\n<p>Alegerile dvs. privind cookie-urile Dac\u0103 opta\u021bi pentru a nu utiliza cookie-urile pe site-ul nostru, mai \u00eent\u00e2i trebuie s\u0103 dezactiva\u021bi utilizarea cookie-urilor \u00een browserul dvs. \u0219i apoi s\u0103 \u0219terge\u021bi cookie-urile salvate \u00een browserul dvs. asociate acestui site. Ave\u021bi op\u021biunea de a utiliza aceast\u0103 metod\u0103 pentru a preveni utilizarea cookie-urilor \u00een orice moment.<\/p>\n<p>Dac\u0103 refuza\u021bi s\u0103 accepta\u021bi cookie-urile noastre, este posibil s\u0103 \u00eent\u00e2mpina\u021bi inconveniente \u00een utilizarea site-ului nostru \u0219i anumite func\u021bii s-ar putea s\u0103 nu func\u021bioneze la capacitate maxim\u0103.<\/p>\n<p>Dac\u0103 dori\u021bi s\u0103 \u0219terge\u021bi cookie-urile sau s\u0103 instrui\u021bi browserul dvs. s\u0103 le elimine sau s\u0103 le resping\u0103, v\u0103 rug\u0103m s\u0103 consulta\u021bi paginile de ajutor ale browserului dvs.<\/p>\n<p>Pentru browserul web Chrome, v\u0103 rug\u0103m s\u0103 accesa\u021bi aceast\u0103 pagin\u0103 de la Google: <a href=\"https:\/\/support.google.com\/accounts\/answer\/32050\" rel=\"nofollow\">https:\/\/support.google.com\/accounts\/answer\/32050<\/a><\/p>\n<p>Pentru browserul de internet Internet Explorer, v\u0103 rug\u0103m s\u0103 accesa\u021bi aceast\u0103 pagin\u0103 de la Microsoft: <a href=\"http:\/\/support.microsoft.com\/kb\/278835\" rel=\"nofollow\">http:\/\/support.microsoft.com\/kb\/278835<\/a><\/p>\n<p>Pentru browserul web Firefox, v\u0103 rug\u0103m s\u0103 vizita\u021bi aceast\u0103 pagin\u0103 de la Mozilla: <a href=\"https:\/\/support.mozilla.org\/en-US\/kb\/delete-cookies-remove-info-websites-stored\" rel=\"nofollow\">https:\/\/support.mozilla.org\/en-US\/kb\/delete-cookies-remove-info-websites-stored<\/a><\/p>\n<p>Pentru browserul web Safari, v\u0103 rug\u0103m s\u0103 accesa\u021bi aceast\u0103 pagin\u0103 de la Apple: <a href=\"https:\/\/support.apple.com\/guide\/safari\/manage-cookies-and-website-data-sfri11471\/mac\" rel=\"nofollow\">https:\/\/support.apple.com\/guide\/safari\/manage-cookies-and-website-data-sfri11471\/mac<\/a><\/p>\n<p>Pentru orice alt browser web, v\u0103 rug\u0103m s\u0103 accesa\u021bi paginile web oficiale ale browserului dvs. web.<\/p>\n<p>Pentru mai multe informa\u021bii despre cookie-uri, pute\u021bi vizita All About Cookies de la TermsFeed.<\/p>\n<p>Ne contacta\u021bi Dac\u0103 ave\u021bi \u00eentreb\u0103ri legate de aceast\u0103 Politic\u0103 a Cookie-urilor, v\u0103 rog s\u0103 ne contacta\u021bi:<\/p>\n<p>Prin e-mail: <a target=\"_new\" rel=\"noopener\">info@elfvaping.com<\/a><\/p>","protected":false},"excerpt":{"rendered":"<p>Last updated: April 26, 2024 This Cookies Policy delineates the utilization of Cookies on our website, elfvaping.com. Familiarizing yourself with this policy will provide insight into the types of Cookies we utilize, the information garnered through Cookies, and its subsequent application. This policy has been crafted with the aid of the Cookies Policy Generator. Cookies [&#8230;]\n","protected":false},"author":1,"featured_media":0,"parent":0,"menu_order":0,"comment_status":"closed","ping_status":"closed","template":"page-blank-title-center.php","meta":{"_lmt_disableupdate":"no","_lmt_disable":"","jetpack_post_was_ever_published":false,"footnotes":""},"class_list":["post-585","page","type-page","status-publish","hentry"],"yoast_head":"<!-- This site is optimized with the Yoast SEO plugin v27.4 - https:\/\/yoast.com\/product\/yoast-seo-wordpress\/ -->\n<title>Cookies Policy - Elf Vaping<\/title>\n<meta name=\"robots\" content=\"index, follow, max-snippet:-1, max-image-preview:large, max-video-preview:-1\" \/>\n<link rel=\"canonical\" href=\"https:\/\/elfvaping.com\/ro\/politica-cookie-urilor\/\" \/>\n<meta property=\"og:locale\" content=\"ro_RO\" \/>\n<meta property=\"og:type\" content=\"article\" \/>\n<meta property=\"og:title\" content=\"Cookies Policy - Elf Vaping\" \/>\n<meta property=\"og:description\" content=\"Last updated: April 26, 2024 This Cookies Policy delineates the utilization of Cookies on our website, elfvaping.com. Familiarizing yourself with this policy will provide insight into the types of Cookies we utilize, the information garnered through Cookies, and its subsequent application. This policy has been crafted with the aid of the Cookies Policy Generator. Cookies [...]\" \/>\n<meta property=\"og:url\" content=\"https:\/\/elfvaping.com\/ro\/politica-cookie-urilor\/\" \/>\n<meta property=\"og:site_name\" content=\"Elf Vaping\" \/>\n<meta property=\"article:publisher\" content=\"https:\/\/www.facebook.com\/elfvaping\" \/>\n<meta property=\"article:modified_time\" content=\"2026-02-24T03:31:26+00:00\" \/>\n<meta name=\"twitter:card\" content=\"summary_large_image\" \/>\n<meta name=\"twitter:label1\" content=\"Timp estimat pentru citire\" \/>\n\t<meta name=\"twitter:data1\" content=\"3 minute\" \/>\n<script type=\"application\/ld+json\" class=\"yoast-schema-graph\">{\"@context\":\"https:\\\/\\\/schema.org\",\"@graph\":[{\"@type\":\"WebPage\",\"@id\":\"https:\\\/\\\/elfvaping.com\\\/cookies-policy\\\/\",\"url\":\"https:\\\/\\\/elfvaping.com\\\/cookies-policy\\\/\",\"name\":\"Cookies Policy - Elf Vaping\",\"isPartOf\":{\"@id\":\"https:\\\/\\\/elfvaping.com\\\/cs\\\/#website\"},\"datePublished\":\"2024-06-16T02:49:40+00:00\",\"dateModified\":\"2026-02-24T03:31:26+00:00\",\"breadcrumb\":{\"@id\":\"https:\\\/\\\/elfvaping.com\\\/cookies-policy\\\/#breadcrumb\"},\"inLanguage\":\"ro-RO\",\"potentialAction\":[{\"@type\":\"ReadAction\",\"target\":[\"https:\\\/\\\/elfvaping.com\\\/cookies-policy\\\/\"]}]},{\"@type\":\"BreadcrumbList\",\"@id\":\"https:\\\/\\\/elfvaping.com\\\/cookies-policy\\\/#breadcrumb\",\"itemListElement\":[{\"@type\":\"ListItem\",\"position\":1,\"name\":\"Home\",\"item\":\"https:\\\/\\\/elfvaping.com\\\/\"},{\"@type\":\"ListItem\",\"position\":2,\"name\":\"Cookies Policy\"}]},{\"@type\":\"WebSite\",\"@id\":\"https:\\\/\\\/elfvaping.com\\\/cs\\\/#website\",\"url\":\"https:\\\/\\\/elfvaping.com\\\/cs\\\/\",\"name\":\"Elf Vaping\",\"description\":\"Best Wholesale Prices for Disposable Vapes\",\"publisher\":{\"@id\":\"https:\\\/\\\/elfvaping.com\\\/cs\\\/#organization\"},\"potentialAction\":[{\"@type\":\"SearchAction\",\"target\":{\"@type\":\"EntryPoint\",\"urlTemplate\":\"https:\\\/\\\/elfvaping.com\\\/cs\\\/?s={search_term_string}\"},\"query-input\":{\"@type\":\"PropertyValueSpecification\",\"valueRequired\":true,\"valueName\":\"search_term_string\"}}],\"inLanguage\":\"ro-RO\"},{\"@type\":\"Organization\",\"@id\":\"https:\\\/\\\/elfvaping.com\\\/cs\\\/#organization\",\"name\":\"Elf Vaping\",\"url\":\"https:\\\/\\\/elfvaping.com\\\/cs\\\/\",\"logo\":{\"@type\":\"ImageObject\",\"inLanguage\":\"ro-RO\",\"@id\":\"https:\\\/\\\/elfvaping.com\\\/cs\\\/#\\\/schema\\\/logo\\\/image\\\/\",\"url\":\"https:\\\/\\\/elfvaping.com\\\/wp-content\\\/uploads\\\/2024\\\/06\\\/elfvaping-logo.webp\",\"contentUrl\":\"https:\\\/\\\/elfvaping.com\\\/wp-content\\\/uploads\\\/2024\\\/06\\\/elfvaping-logo.webp\",\"width\":400,\"height\":111,\"caption\":\"Elf Vaping\"},\"image\":{\"@id\":\"https:\\\/\\\/elfvaping.com\\\/cs\\\/#\\\/schema\\\/logo\\\/image\\\/\"},\"sameAs\":[\"https:\\\/\\\/www.facebook.com\\\/elfvaping\",\"https:\\\/\\\/instagram.com\\\/elfvaping\\\/\"]}]}<\/script>\n<!-- \/ Yoast SEO plugin. -->","yoast_head_json":{"title":"Politic\u0103 de Cookie-uri - Elf Vaping","robots":{"index":"index","follow":"follow","max-snippet":"max-snippet:-1","max-image-preview":"max-image-preview:large","max-video-preview":"max-video-preview:-1"},"canonical":"https:\/\/elfvaping.com\/ro\/politica-cookie-urilor\/","og_locale":"ro_RO","og_type":"article","og_title":"Cookies Policy - Elf Vaping","og_description":"Last updated: April 26, 2024 This Cookies Policy delineates the utilization of Cookies on our website, elfvaping.com. Familiarizing yourself with this policy will provide insight into the types of Cookies we utilize, the information garnered through Cookies, and its subsequent application. This policy has been crafted with the aid of the Cookies Policy Generator. Cookies [...]","og_url":"https:\/\/elfvaping.com\/ro\/politica-cookie-urilor\/","og_site_name":"Elf Vaping","article_publisher":"https:\/\/www.facebook.com\/elfvaping","article_modified_time":"2026-02-24T03:31:26+00:00","twitter_card":"summary_large_image","twitter_misc":{"Timp estimat pentru citire":"3 minute"},"schema":{"@context":"https:\/\/schema.org","@graph":[{"@type":"WebPage","@id":"https:\/\/elfvaping.com\/cookies-policy\/","url":"https:\/\/elfvaping.com\/cookies-policy\/","name":"Politic\u0103 de Cookie-uri - Elf Vaping","isPartOf":{"@id":"https:\/\/elfvaping.com\/cs\/#website"},"datePublished":"2024-06-16T02:49:40+00:00","dateModified":"2026-02-24T03:31:26+00:00","breadcrumb":{"@id":"https:\/\/elfvaping.com\/cookies-policy\/#breadcrumb"},"inLanguage":"ro-RO","potentialAction":[{"@type":"ReadAction","target":["https:\/\/elfvaping.com\/cookies-policy\/"]}]},{"@type":"BreadcrumbList","@id":"https:\/\/elfvaping.com\/cookies-policy\/#breadcrumb","itemListElement":[{"@type":"ListItem","position":1,"name":"Home","item":"https:\/\/elfvaping.com\/"},{"@type":"ListItem","position":2,"name":"Cookies Policy"}]},{"@type":"WebSite","@id":"https:\/\/elfvaping.com\/cs\/#website","url":"https:\/\/elfvaping.com\/cs\/","name":"Elf Vaping","description":"Pre\u021buri angro cele mai bune pentru vape-uri de unic\u0103 folosin\u021b\u0103","publisher":{"@id":"https:\/\/elfvaping.com\/cs\/#organization"},"potentialAction":[{"@type":"SearchAction","target":{"@type":"EntryPoint","urlTemplate":"https:\/\/elfvaping.com\/cs\/?s={search_term_string}"},"query-input":{"@type":"PropertyValueSpecification","valueRequired":true,"valueName":"search_term_string"}}],"inLanguage":"ro-RO"},{"@type":"Organization","@id":"https:\/\/elfvaping.com\/cs\/#organization","name":"Elf Vaping","url":"https:\/\/elfvaping.com\/cs\/","logo":{"@type":"ImageObject","inLanguage":"ro-RO","@id":"https:\/\/elfvaping.com\/cs\/#\/schema\/logo\/image\/","url":"https:\/\/elfvaping.com\/wp-content\/uploads\/2024\/06\/elfvaping-logo.webp","contentUrl":"https:\/\/elfvaping.com\/wp-content\/uploads\/2024\/06\/elfvaping-logo.webp","width":400,"height":111,"caption":"Elf Vaping"},"image":{"@id":"https:\/\/elfvaping.com\/cs\/#\/schema\/logo\/image\/"},"sameAs":["https:\/\/www.facebook.com\/elfvaping","https:\/\/instagram.com\/elfvaping\/"]}]}},"jetpack_sharing_enabled":true,"_links":{"self":[{"href":"https:\/\/elfvaping.com\/ro\/wp-json\/wp\/v2\/pages\/585","targetHints":{"allow":["GET"]}}],"collection":[{"href":"https:\/\/elfvaping.com\/ro\/wp-json\/wp\/v2\/pages"}],"about":[{"href":"https:\/\/elfvaping.com\/ro\/wp-json\/wp\/v2\/types\/page"}],"author":[{"embeddable":true,"href":"https:\/\/elfvaping.com\/ro\/wp-json\/wp\/v2\/users\/1"}],"replies":[{"embeddable":true,"href":"https:\/\/elfvaping.com\/ro\/wp-json\/wp\/v2\/comments?post=585"}],"version-history":[{"count":0,"href":"https:\/\/elfvaping.com\/ro\/wp-json\/wp\/v2\/pages\/585\/revisions"}],"wp:attachment":[{"href":"https:\/\/elfvaping.com\/ro\/wp-json\/wp\/v2\/media?parent=585"}],"curies":[{"name":"wp","href":"https:\/\/api.w.org\/{rel}","templated":true}]}}