{"id":3,"date":"2024-06-16T02:16:33","date_gmt":"2024-06-16T02:16:33","guid":{"rendered":"http:\/\/elfvaping.com\/?page_id=3"},"modified":"2024-08-05T12:41:45","modified_gmt":"2024-08-05T12:41:45","slug":"zasady-ochrany-osobnych-udajov","status":"publish","type":"page","link":"https:\/\/elfvaping.com\/sk\/privacy-policy\/","title":{"rendered":"Z\u00e1sady ochrany s\u00fakromia"},"content":{"rendered":"<p dir=\"auto\">Vitajte na str\u00e1nke elfvaping.com, ktor\u00e1 je prev\u00e1dzkovan\u00e1 na\u0161ou spolo\u010dnos\u0165ou \u0161pecializuj\u00facou sa na predaj jednorazov\u00fdch vape produktov. V celom tomto dokumente sa pojmy \u2018elfvaping.com\u2019, \u2018my\u2019, \u2018n\u00e1s\u2019 alebo \u2018na\u0161\u2019 vz\u0165ahuj\u00fa na na\u0161u online platformu.<\/p>\r\n<p dir=\"auto\"><strong>Zber osobn\u00fdch \u00fadajov:<\/strong><br \/>V s\u00falade s platn\u00fdmi z\u00e1konmi zhroma\u017e\u010fujeme a vyu\u017e\u00edvame osobn\u00e9 \u00fadaje v s\u00falade s t\u00fdmto Pravidlom ochrany s\u00fakromia. Upozor\u0148ujeme, \u017ee na\u0161e webov\u00e9 str\u00e1nky m\u00f4\u017eu obsahova\u0165 odkazy na str\u00e1nky tret\u00edch str\u00e1n, ktor\u00e9 nie s\u00fa upraven\u00e9 t\u00fdmto Pravidlom ochrany s\u00fakromia.<\/p>\r\n<p dir=\"auto\">Ak m\u00e1te ot\u00e1zky alebo potrebujete \u010fal\u0161ie inform\u00e1cie o na\u0161ich postupoch, pros\u00edm, kontaktujte n\u00e1s prostredn\u00edctvom e-mailu na\u00a0<a href=\"mailto:info@elfvaping.com\" target=\"_blank\" rel=\"noopener\">info@elfvaping.com<\/a>.<\/p>\r\n<p dir=\"auto\"><strong>Osobn\u00e9 \u00fadaje:<\/strong><br \/>Pod pojmom \u2018osobn\u00e9 \u00fadaje\u2019 sa v tomto texte rozumie \u00fadaje, ktor\u00e9 v\u00e1s identifikuj\u00fa alebo m\u00f4\u017eu primerane zisti\u0165 va\u0161u toto\u017enos\u0165. M\u00f4\u017ee sem patri\u0165 va\u0161e meno, kontaktn\u00e9 \u00fadaje a inform\u00e1cie s\u00favisiace s va\u0161imi interakciami s nami. Zhroma\u017e\u010fujeme a uklad\u00e1me osobn\u00e9 \u00fadaje najm\u00e4 s\u00favisiace s na\u0161imi produktmi a slu\u017ebami.<\/p>\r\n<p dir=\"auto\"><strong>Zber inform\u00e1ci\u00ed:<\/strong><br \/>Pri n\u00e1v\u0161teve na\u0161ej webovej str\u00e1nky na\u0161e servery automaticky zaznamen\u00e1vaj\u00fa podrobnosti, ako je v\u00e1\u0161 prehliada\u010d, IP adresa a nav\u0161t\u00edven\u00e9 str\u00e1nky z bezpe\u010dnostn\u00fdch d\u00f4vodov. Osobn\u00e9 \u00fadaje m\u00f4\u017eu by\u0165 zhroma\u017eden\u00e9 prostredn\u00edctvom online formul\u00e1rov, dopytov alebo hl\u00e1sen\u00ed o ne\u017eiaducich reakci\u00e1ch.<\/p>\r\n<p dir=\"auto\"><strong>Pou\u017eitie inform\u00e1ci\u00ed:<\/strong><br \/>Osobn\u00e9 \u00fadaje m\u00f4\u017eu by\u0165 vyu\u017eit\u00e9 na r\u00f4zne \u00fa\u010dely, ako je poskytovanie slu\u017eieb, udr\u017eanie z\u00e1znamov a s\u00falad s regula\u010dn\u00fdmi po\u017eiadavkami. M\u00f4\u017eeme osobn\u00e9 \u00fadaje zverejni\u0165 poskytovate\u013eom slu\u017eieb a regula\u010dn\u00fdm \u00faradom pod\u013ea potreby.<\/p>\r\n<p dir=\"auto\"><strong>S\u00fabory cookie:<\/strong><br \/>Na\u0161a webov\u00e1 str\u00e1nka pou\u017e\u00edva s\u00fabory cookie na identifik\u00e1ciu pravideln\u00fdch n\u00e1v\u0161tevn\u00edkov a sledovanie pou\u017e\u00edvania. S\u00fabory cookie neukladaj\u00fa \u017eiadne osobn\u00e9 \u00fadaje a m\u00f4\u017eu by\u0165 spravovan\u00e9 prostredn\u00edctvom nastaven\u00ed prehliada\u010da.<\/p>\r\n<p dir=\"auto\"><strong>Onlineov\u00e1 z\u00e1sada ochrany s\u00fakromia:<\/strong><br \/>T\u00e1to politika sa vz\u0165ahuje na online aktivity na na\u0161ej webovej str\u00e1nke a nevz\u0165ahuje sa na offline zber \u00fadajov.<\/p>\r\n<p dir=\"auto\"><strong>Zmeny v z\u00e1sad\u00e1ch:<\/strong><br \/>Vyhradzujeme si pr\u00e1vo na zmenu tejto Z\u00e1sady ochrany osobn\u00fdch \u00fadajov, pri\u010dom aktualiz\u00e1cie bud\u00fa \u00fa\u010dinn\u00e9 okam\u017eite po zverejnen\u00ed. Odpor\u00fa\u010dame n\u00e1v\u0161tevn\u00edkom, aby t\u00fato z\u00e1sadu pravidelne kontrolovali.<\/p>\r\n<p dir=\"auto\"><strong>\u010eal\u0161ie ot\u00e1zky:<\/strong><br \/>Pre ot\u00e1zky alebo obavy s\u00favisiace so s\u00fakrom\u00edm n\u00e1s kontaktujte na <a href=\"mailto:info@elfvaping.com\" target=\"_blank\" rel=\"noopener\">info@elfvaping.com<\/a>. Ak nie ste spokojn\u00ed s na\u0161ou odpove\u010fou, m\u00f4\u017eete z\u00e1le\u017eitos\u0165 eskalova\u0165 na pr\u00edslu\u0161n\u00e9 org\u00e1ny.<\/p>\r\n<p dir=\"auto\"><strong>S\u00fahlas:<\/strong><br \/>Pou\u017e\u00edvan\u00edm na\u0161ej webovej str\u00e1nky s\u00fahlas\u00edte s na\u0161ou Z\u00e1sadou ochrany osobn\u00fdch \u00fadajov a prij\u00edmate na\u0161e Podmienky a ustanovenia.<\/p>\r\n<p dir=\"auto\">\u010eakujeme v\u00e1m za d\u00f4veru v ochranu v\u00e1\u0161ho s\u00fakromia na elfvaping.com.<\/p>","protected":false},"excerpt":{"rendered":"<p>Welcome to elfvaping.com, operated by our company specializing in the sale of disposable vape products. Throughout this document, references to &#8216;elfvaping.com,&#8217; &#8216;we,&#8217; &#8216;us,&#8217; or &#8216;our&#8217; pertain to our online platform. Collection of Personal Information:In compliance with applicable laws, we gather and utilize personal information as outlined in this Privacy Policy. Please note that our website [&#8230;]\n","protected":false},"author":1,"featured_media":0,"parent":0,"menu_order":0,"comment_status":"closed","ping_status":"closed","template":"page-blank-title-center.php","meta":{"_lmt_disableupdate":"","_lmt_disable":"","jetpack_post_was_ever_published":false,"footnotes":""},"class_list":["post-3","page","type-page","status-publish","hentry"],"yoast_head":"<!-- This site is optimized with the Yoast SEO plugin v27.4 - https:\/\/yoast.com\/product\/yoast-seo-wordpress\/ -->\n<title>Privacy Policy - Elf Vaping<\/title>\n<meta name=\"robots\" content=\"index, follow, max-snippet:-1, max-image-preview:large, max-video-preview:-1\" \/>\n<link rel=\"canonical\" href=\"https:\/\/elfvaping.com\/sk\/zasady-ochrany-osobnych-udajov\/\" \/>\n<meta property=\"og:locale\" content=\"sk_SK\" \/>\n<meta property=\"og:type\" content=\"article\" \/>\n<meta property=\"og:title\" content=\"Privacy Policy - Elf Vaping\" \/>\n<meta property=\"og:description\" content=\"Welcome to elfvaping.com, operated by our company specializing in the sale of disposable vape products. Throughout this document, references to &#8216;elfvaping.com,&#8217; &#8216;we,&#8217; &#8216;us,&#8217; or &#8216;our&#8217; pertain to our online platform. Collection of Personal Information:In compliance with applicable laws, we gather and utilize personal information as outlined in this Privacy Policy. Please note that our website [...]\" \/>\n<meta property=\"og:url\" content=\"https:\/\/elfvaping.com\/sk\/zasady-ochrany-osobnych-udajov\/\" \/>\n<meta property=\"og:site_name\" content=\"Elf Vaping\" \/>\n<meta property=\"article:publisher\" content=\"https:\/\/www.facebook.com\/elfvaping\" \/>\n<meta property=\"article:modified_time\" content=\"2024-08-05T12:41:45+00:00\" \/>\n<meta name=\"twitter:card\" content=\"summary_large_image\" \/>\n<meta name=\"twitter:label1\" content=\"Predpokladan\u00fd \u010das \u010d\u00edtania\" \/>\n\t<meta name=\"twitter:data1\" content=\"2 min\u00faty\" \/>\n<script type=\"application\/ld+json\" class=\"yoast-schema-graph\">{\"@context\":\"https:\\\/\\\/schema.org\",\"@graph\":[{\"@type\":\"WebPage\",\"@id\":\"https:\\\/\\\/elfvaping.com\\\/privacy-policy\\\/\",\"url\":\"https:\\\/\\\/elfvaping.com\\\/privacy-policy\\\/\",\"name\":\"Privacy Policy - Elf Vaping\",\"isPartOf\":{\"@id\":\"https:\\\/\\\/elfvaping.com\\\/cs\\\/#website\"},\"datePublished\":\"2024-06-16T02:16:33+00:00\",\"dateModified\":\"2024-08-05T12:41:45+00:00\",\"breadcrumb\":{\"@id\":\"https:\\\/\\\/elfvaping.com\\\/privacy-policy\\\/#breadcrumb\"},\"inLanguage\":\"sk-SK\",\"potentialAction\":[{\"@type\":\"ReadAction\",\"target\":[\"https:\\\/\\\/elfvaping.com\\\/privacy-policy\\\/\"]}]},{\"@type\":\"BreadcrumbList\",\"@id\":\"https:\\\/\\\/elfvaping.com\\\/privacy-policy\\\/#breadcrumb\",\"itemListElement\":[{\"@type\":\"ListItem\",\"position\":1,\"name\":\"Home\",\"item\":\"https:\\\/\\\/elfvaping.com\\\/\"},{\"@type\":\"ListItem\",\"position\":2,\"name\":\"Privacy Policy\"}]},{\"@type\":\"WebSite\",\"@id\":\"https:\\\/\\\/elfvaping.com\\\/cs\\\/#website\",\"url\":\"https:\\\/\\\/elfvaping.com\\\/cs\\\/\",\"name\":\"Elf Vaping\",\"description\":\"Best Wholesale Prices for Disposable Vapes\",\"publisher\":{\"@id\":\"https:\\\/\\\/elfvaping.com\\\/cs\\\/#organization\"},\"potentialAction\":[{\"@type\":\"SearchAction\",\"target\":{\"@type\":\"EntryPoint\",\"urlTemplate\":\"https:\\\/\\\/elfvaping.com\\\/cs\\\/?s={search_term_string}\"},\"query-input\":{\"@type\":\"PropertyValueSpecification\",\"valueRequired\":true,\"valueName\":\"search_term_string\"}}],\"inLanguage\":\"sk-SK\"},{\"@type\":\"Organization\",\"@id\":\"https:\\\/\\\/elfvaping.com\\\/cs\\\/#organization\",\"name\":\"Elf Vaping\",\"url\":\"https:\\\/\\\/elfvaping.com\\\/cs\\\/\",\"logo\":{\"@type\":\"ImageObject\",\"inLanguage\":\"sk-SK\",\"@id\":\"https:\\\/\\\/elfvaping.com\\\/cs\\\/#\\\/schema\\\/logo\\\/image\\\/\",\"url\":\"https:\\\/\\\/elfvaping.com\\\/wp-content\\\/uploads\\\/2024\\\/06\\\/elfvaping-logo.webp\",\"contentUrl\":\"https:\\\/\\\/elfvaping.com\\\/wp-content\\\/uploads\\\/2024\\\/06\\\/elfvaping-logo.webp\",\"width\":400,\"height\":111,\"caption\":\"Elf Vaping\"},\"image\":{\"@id\":\"https:\\\/\\\/elfvaping.com\\\/cs\\\/#\\\/schema\\\/logo\\\/image\\\/\"},\"sameAs\":[\"https:\\\/\\\/www.facebook.com\\\/elfvaping\",\"https:\\\/\\\/instagram.com\\\/elfvaping\\\/\"]}]}<\/script>\n<!-- \/ Yoast SEO plugin. -->","yoast_head_json":{"title":"Z\u00e1sady ochrany osobn\u00fdch \u00fadajov - Elf Vaping","robots":{"index":"index","follow":"follow","max-snippet":"max-snippet:-1","max-image-preview":"max-image-preview:large","max-video-preview":"max-video-preview:-1"},"canonical":"https:\/\/elfvaping.com\/sk\/zasady-ochrany-osobnych-udajov\/","og_locale":"sk_SK","og_type":"article","og_title":"Privacy Policy - Elf Vaping","og_description":"Welcome to elfvaping.com, operated by our company specializing in the sale of disposable vape products. Throughout this document, references to &#8216;elfvaping.com,&#8217; &#8216;we,&#8217; &#8216;us,&#8217; or &#8216;our&#8217; pertain to our online platform. Collection of Personal Information:In compliance with applicable laws, we gather and utilize personal information as outlined in this Privacy Policy. Please note that our website [...]","og_url":"https:\/\/elfvaping.com\/sk\/zasady-ochrany-osobnych-udajov\/","og_site_name":"Elf Vaping","article_publisher":"https:\/\/www.facebook.com\/elfvaping","article_modified_time":"2024-08-05T12:41:45+00:00","twitter_card":"summary_large_image","twitter_misc":{"Predpokladan\u00fd \u010das \u010d\u00edtania":"2 min\u00faty"},"schema":{"@context":"https:\/\/schema.org","@graph":[{"@type":"WebPage","@id":"https:\/\/elfvaping.com\/privacy-policy\/","url":"https:\/\/elfvaping.com\/privacy-policy\/","name":"Z\u00e1sady ochrany osobn\u00fdch \u00fadajov - Elf Vaping","isPartOf":{"@id":"https:\/\/elfvaping.com\/cs\/#website"},"datePublished":"2024-06-16T02:16:33+00:00","dateModified":"2024-08-05T12:41:45+00:00","breadcrumb":{"@id":"https:\/\/elfvaping.com\/privacy-policy\/#breadcrumb"},"inLanguage":"sk-SK","potentialAction":[{"@type":"ReadAction","target":["https:\/\/elfvaping.com\/privacy-policy\/"]}]},{"@type":"BreadcrumbList","@id":"https:\/\/elfvaping.com\/privacy-policy\/#breadcrumb","itemListElement":[{"@type":"ListItem","position":1,"name":"Home","item":"https:\/\/elfvaping.com\/"},{"@type":"ListItem","position":2,"name":"Privacy Policy"}]},{"@type":"WebSite","@id":"https:\/\/elfvaping.com\/cs\/#website","url":"https:\/\/elfvaping.com\/cs\/","name":"Elf Vaping","description":"Najlep\u0161ie ve\u013ekoobchodn\u00e9 ceny pre jednorazov\u00e9 vapes","publisher":{"@id":"https:\/\/elfvaping.com\/cs\/#organization"},"potentialAction":[{"@type":"SearchAction","target":{"@type":"EntryPoint","urlTemplate":"https:\/\/elfvaping.com\/cs\/?s={search_term_string}"},"query-input":{"@type":"PropertyValueSpecification","valueRequired":true,"valueName":"search_term_string"}}],"inLanguage":"sk-SK"},{"@type":"Organization","@id":"https:\/\/elfvaping.com\/cs\/#organization","name":"Elf Vaping","url":"https:\/\/elfvaping.com\/cs\/","logo":{"@type":"ImageObject","inLanguage":"sk-SK","@id":"https:\/\/elfvaping.com\/cs\/#\/schema\/logo\/image\/","url":"https:\/\/elfvaping.com\/wp-content\/uploads\/2024\/06\/elfvaping-logo.webp","contentUrl":"https:\/\/elfvaping.com\/wp-content\/uploads\/2024\/06\/elfvaping-logo.webp","width":400,"height":111,"caption":"Elf Vaping"},"image":{"@id":"https:\/\/elfvaping.com\/cs\/#\/schema\/logo\/image\/"},"sameAs":["https:\/\/www.facebook.com\/elfvaping","https:\/\/instagram.com\/elfvaping\/"]}]}},"jetpack_sharing_enabled":true,"_links":{"self":[{"href":"https:\/\/elfvaping.com\/sk\/wp-json\/wp\/v2\/pages\/3","targetHints":{"allow":["GET"]}}],"collection":[{"href":"https:\/\/elfvaping.com\/sk\/wp-json\/wp\/v2\/pages"}],"about":[{"href":"https:\/\/elfvaping.com\/sk\/wp-json\/wp\/v2\/types\/page"}],"author":[{"embeddable":true,"href":"https:\/\/elfvaping.com\/sk\/wp-json\/wp\/v2\/users\/1"}],"replies":[{"embeddable":true,"href":"https:\/\/elfvaping.com\/sk\/wp-json\/wp\/v2\/comments?post=3"}],"version-history":[{"count":0,"href":"https:\/\/elfvaping.com\/sk\/wp-json\/wp\/v2\/pages\/3\/revisions"}],"wp:attachment":[{"href":"https:\/\/elfvaping.com\/sk\/wp-json\/wp\/v2\/media?parent=3"}],"curies":[{"name":"wp","href":"https:\/\/api.w.org\/{rel}","templated":true}]}}