{"id":585,"date":"2024-06-16T02:49:40","date_gmt":"2024-06-16T02:49:40","guid":{"rendered":"https:\/\/elfvaping.com\/?page_id=585"},"modified":"2026-02-24T03:31:26","modified_gmt":"2026-02-24T03:31:26","slug":"pravidla-cookies","status":"publish","type":"page","link":"https:\/\/elfvaping.com\/sk\/cookies-policy\/","title":{"rendered":"Z\u00e1sady pou\u017e\u00edvania s\u00faborov cookie"},"content":{"rendered":"<p>Posledn\u00e1 aktualiz\u00e1cia: 26. apr\u00edl 2024<\/p>\n<p>T\u00e1to z\u00e1sada pou\u017e\u00edvania s\u00faborov cookie popisuje pou\u017e\u00edvanie s\u00faborov cookie na na\u0161ej webovej str\u00e1nke elfvaping.com. Zozn\u00e1menie sa s touto z\u00e1sadou v\u00e1m poskytne inform\u00e1cie o typoch s\u00faborov cookie, ktor\u00e9 pou\u017e\u00edvame, o inform\u00e1ci\u00e1ch z\u00edskan\u00fdch prostredn\u00edctvom s\u00faborov cookie a ich n\u00e1slednom pou\u017eit\u00ed. T\u00e1to z\u00e1sada bola vytvoren\u00e1 pomocou gener\u00e1tora z\u00e1sad pou\u017e\u00edvania s\u00faborov cookie.<\/p>\n<p>S\u00fabory cookie zvy\u010dajne neobsahuj\u00fa inform\u00e1cie, ktor\u00e9 priamo identifikuj\u00fa pou\u017e\u00edvate\u013ea. Av\u0161ak osobn\u00e9 \u00fadaje ulo\u017een\u00e9 o v\u00e1s m\u00f4\u017eu by\u0165 spojen\u00e9 s inform\u00e1ciami ulo\u017een\u00fdmi v s\u00faboroch cookie a odvoden\u00fdmi z nich. Pre podrobn\u00e9 inform\u00e1cie o tom, ako vyu\u017e\u00edvame, uklad\u00e1me a zabezpe\u010dujeme va\u0161e osobn\u00e9 \u00fadaje, pozrite si na\u0161u Z\u00e1sady ochrany osobn\u00fdch \u00fadajov.<\/p>\n<p>Citliv\u00e9 osobn\u00e9 \u00fadaje, ako s\u00fa po\u0161tov\u00e9 adresy alebo hesl\u00e1 \u00fa\u010dtov, nie s\u00fa ulo\u017een\u00e9 v s\u00faboroch Cookies, ktor\u00e9 pou\u017e\u00edvame.<\/p>\n<p>V\u00fdklad a defin\u00edcie<\/p>\n<p>Term\u00edny s ve\u013ek\u00fdm po\u010diato\u010dn\u00fdm p\u00edsmenom maj\u00fa \u0161pecifick\u00fd v\u00fdznam v nasleduj\u00facich podmienkach. Tieto defin\u00edcie sa vz\u0165ahuj\u00fa bez oh\u013eadu na to, \u010di sa vyskytuj\u00fa v jednotnom alebo mno\u017enom \u010d\u00edsle.<\/p>\n<p>Defin\u00edcie Na \u00fa\u010dely tejto politiky s\u00faborov cookies:<\/p>\n<p>Spolo\u010dnos\u0165 (ozna\u010dovan\u00e1 ako \u201cSpolo\u010dnos\u0165\u201d, \u201cMy\u201d, \u201cN\u00e1s\u201d alebo \u201cNa\u0161a\u201d v tejto z\u00e1sade pou\u017e\u00edvania s\u00faborov cookie) je elfvaping.com. S\u00fabory cookie s\u00fa mal\u00e9 s\u00fabory umiestnen\u00e9 na v\u00e1\u0161 po\u010d\u00edta\u010d, mobiln\u00e9 zariadenie alebo ak\u00e9ko\u013evek in\u00e9 zariadenie webovou str\u00e1nkou, obsahuj\u00face podrobnosti o va\u0161ej hist\u00f3rii prehliadania na tejto webovej str\u00e1nke, medzi ich r\u00f4znymi pou\u017eitiami. Webov\u00e1 str\u00e1nka ozna\u010duje elfvaping.com, dostupn\u00fa z <a href=\"https:\/\/elfvaping.com\/sk\/\" target=\"_new\" rel=\"noopener\">https:\/\/elfvaping.com\/<\/a> Vy znamen\u00e1 jednotlivca, ktor\u00fd pristupuje alebo pou\u017e\u00edva Webov\u00fa str\u00e1nku, alebo spolo\u010dnos\u0165, alebo ak\u00fako\u013evek pr\u00e1vnick\u00fa osobu, v mene ktorej tak\u00fdto jednotlivec pristupuje alebo pou\u017e\u00edva Webov\u00fa str\u00e1nku, pod\u013ea potreby. Pou\u017e\u00edvanie s\u00faborov Cookies<\/p>\n<p>Typy s\u00faborov cookie, ktor\u00e9 pou\u017e\u00edvame S\u00fabory cookie m\u00f4\u017eeme kategorizova\u0165 ako \u201ctrval\u00e9\u201d alebo \u201csessionov\u00e9\u201d s\u00fabory cookie. Trval\u00e9 s\u00fabory cookie zost\u00e1vaj\u00fa na va\u0161om osobnom po\u010d\u00edta\u010di alebo mobilnom zariaden\u00ed aj ke\u010f ste offline, zatia\u013e \u010do sessionov\u00e9 s\u00fabory cookie s\u00fa odstr\u00e1nen\u00e9 okam\u017eite po zatvoren\u00ed v\u00e1\u0161ho webov\u00e9ho prehliada\u010da.<\/p>\n<p>Na nasleduj\u00face \u00fa\u010dely pou\u017e\u00edvame rel\u00e1cie a trval\u00e9 s\u00fabory cookie:<\/p>\n<p>Nevyhnutn\u00e9 s\u00fabory cookie \/ Z\u00e1kladn\u00e9 s\u00fabory cookie<\/p>\n<p>Typ: Rel\u00e1cia Cookies<\/p>\n<p>Spr\u00e1vcovia: My<\/p>\n<p>Tieto s\u00fabory cookie s\u00fa nevyhnutn\u00e9 na poskytovanie slu\u017eieb dostupn\u00fdch prostredn\u00edctvom na\u0161ej webovej str\u00e1nky a umo\u017e\u0148uj\u00fa v\u00e1m vyu\u017e\u00edva\u0165 niektor\u00e9 jej funkcie. Pom\u00e1haj\u00fa pri autentifik\u00e1cii pou\u017e\u00edvate\u013eov a zabra\u0148uj\u00fa podvodn\u00e9mu pou\u017eitiu pou\u017e\u00edvate\u013esk\u00fdch \u00fa\u010dtov. Bez t\u00fdchto s\u00faborov cookie nemo\u017eno poskytn\u00fa\u0165 po\u017eadovan\u00e9 slu\u017eby a pou\u017e\u00edvame ich v\u00fdlu\u010dne na \u00fa\u010dely poskytovania t\u00fdchto slu\u017eieb.<\/p>\n<p>Funk\u010dn\u00e9 s\u00fabory cookie<\/p>\n<p>Typ: Trval\u00e9 s\u00fabory cookie<\/p>\n<p>Spr\u00e1vcovia: My<\/p>\n<p>Tieto s\u00fabory cookie n\u00e1m umo\u017e\u0148uj\u00fa zapam\u00e4ta\u0165 si va\u0161e vo\u013eby pri pou\u017e\u00edvan\u00ed webovej str\u00e1nky, ako napr\u00edklad ulo\u017eenie va\u0161ich prihlasovac\u00edch \u00fadajov alebo preferovan\u00e9ho jazyka. \u00da\u010delom t\u00fdchto s\u00faborov cookie je poskytn\u00fa\u0165 v\u00e1m personalizovanej\u0161ie prostredie a odstr\u00e1ni\u0165 potrebu op\u00e4tovn\u00e9ho zad\u00e1vania va\u0161ich preferenci\u00ed zaka\u017ed\u00fdm, ke\u010f nav\u0161t\u00edvite na\u0161u webov\u00fa str\u00e1nku.<\/p>\n<p>Va\u0161e mo\u017enosti t\u00fdkaj\u00face sa s\u00faborov cookie Ak sa rozhodnete nepou\u017e\u00edva\u0165 s\u00fabory cookie na na\u0161ej webovej str\u00e1nke, mus\u00edte najprv zak\u00e1za\u0165 pou\u017e\u00edvanie s\u00faborov cookie vo svojom prehliada\u010di a n\u00e1sledne odstr\u00e1ni\u0165 s\u00fabory cookie ulo\u017een\u00e9 vo va\u0161om prehliada\u010di spojen\u00e9 s touto webovou str\u00e1nkou. M\u00e1te mo\u017enos\u0165 pou\u017ei\u0165 t\u00fato met\u00f3du na zabr\u00e1nenie pou\u017e\u00edvania s\u00faborov cookie kedyko\u013evek.<\/p>\n<p>Ak odmietnete na\u0161e s\u00fabory cookie, m\u00f4\u017eete po\u010das pou\u017e\u00edvania na\u0161ej webovej str\u00e1nky narazi\u0165 na ur\u010dit\u00e9 nepohodlie a niektor\u00e9 funkcie nemusia fungova\u0165 optim\u00e1lne.<\/p>\n<p>Ak chcete odstr\u00e1ni\u0165 s\u00fabory cookie alebo nariadi\u0165 svojmu webov\u00e9mu prehliada\u010du, aby ich odstr\u00e1nil alebo odmietol, pre\u010d\u00edtajte si, pros\u00edm, pomocn\u00e9 str\u00e1nky svojho webov\u00e9ho prehliada\u010da.<\/p>\n<p>Pre webov\u00fd prehliada\u010d Chrome, pros\u00edm, nav\u0161t\u00edvte t\u00fato str\u00e1nku od spolo\u010dnosti Google: <a href=\"https:\/\/support.google.com\/accounts\/answer\/32050\" rel=\"nofollow\">https:\/\/support.google.com\/accounts\/answer\/32050<\/a><\/p>\n<p>Pre webov\u00fd prehliada\u010d Internet Explorer nav\u0161t\u00edvte t\u00fato str\u00e1nku od spolo\u010dnosti Microsoft: <a href=\"http:\/\/support.microsoft.com\/kb\/278835\" rel=\"nofollow\">http:\/\/support.microsoft.com\/kb\/278835<\/a><\/p>\n<p>Pre webov\u00fd prehliada\u010d Firefox nav\u0161t\u00edvte t\u00fato str\u00e1nku od spolo\u010dnosti Mozilla: <a href=\"https:\/\/support.mozilla.org\/en-US\/kb\/delete-cookies-remove-info-websites-stored\" rel=\"nofollow\">https:\/\/support.mozilla.org\/en-US\/kb\/delete-cookies-remove-info-websites-stored<\/a><\/p>\n<p>Pre webov\u00fd prehliada\u010d Safari nav\u0161t\u00edvte t\u00fato str\u00e1nku od spolo\u010dnosti Apple: <a href=\"https:\/\/support.apple.com\/guide\/safari\/manage-cookies-and-website-data-sfri11471\/mac\" rel=\"nofollow\">https:\/\/support.apple.com\/guide\/safari\/manage-cookies-and-website-data-sfri11471\/mac<\/a><\/p>\n<p>Pre v\u0161etky ostatn\u00e9 webov\u00e9 prehliada\u010de, pros\u00edm, nav\u0161t\u00edvte ofici\u00e1lne webov\u00e9 str\u00e1nky v\u00e1\u0161ho webov\u00e9ho prehliada\u010da.<\/p>\n<p>Viac inform\u00e1ci\u00ed o s\u00faboroch cookie Ak sa chcete dozvedie\u0165 viac o s\u00faboroch cookie, m\u00f4\u017eete nav\u0161t\u00edvi\u0165 str\u00e1nku V\u0161etko o s\u00faboroch cookie od TermsFeed.<\/p>\n<p>Kontaktujte n\u00e1s Ak m\u00e1te ak\u00e9ko\u013evek ot\u00e1zky t\u00fdkaj\u00face sa tejto politiky pou\u017e\u00edvania s\u00faborov cookie, nev\u00e1hajte n\u00e1s kontaktova\u0165:<\/p>\n<p>E-mailom: <a target=\"_new\" rel=\"noopener\">info@elfvaping.com<\/a><\/p>","protected":false},"excerpt":{"rendered":"<p>Last updated: April 26, 2024 This Cookies Policy delineates the utilization of Cookies on our website, elfvaping.com. Familiarizing yourself with this policy will provide insight into the types of Cookies we utilize, the information garnered through Cookies, and its subsequent application. This policy has been crafted with the aid of the Cookies Policy Generator. Cookies [&#8230;]\n","protected":false},"author":1,"featured_media":0,"parent":0,"menu_order":0,"comment_status":"closed","ping_status":"closed","template":"page-blank-title-center.php","meta":{"_lmt_disableupdate":"no","_lmt_disable":"","jetpack_post_was_ever_published":false,"footnotes":""},"class_list":["post-585","page","type-page","status-publish","hentry"],"yoast_head":"<!-- This site is optimized with the Yoast SEO plugin v27.4 - https:\/\/yoast.com\/product\/yoast-seo-wordpress\/ -->\n<title>Cookies Policy - Elf Vaping<\/title>\n<meta name=\"robots\" content=\"index, follow, max-snippet:-1, max-image-preview:large, max-video-preview:-1\" \/>\n<link rel=\"canonical\" href=\"https:\/\/elfvaping.com\/sk\/pravidla-cookies\/\" \/>\n<meta property=\"og:locale\" content=\"sk_SK\" \/>\n<meta property=\"og:type\" content=\"article\" \/>\n<meta property=\"og:title\" content=\"Cookies Policy - Elf Vaping\" \/>\n<meta property=\"og:description\" content=\"Last updated: April 26, 2024 This Cookies Policy delineates the utilization of Cookies on our website, elfvaping.com. Familiarizing yourself with this policy will provide insight into the types of Cookies we utilize, the information garnered through Cookies, and its subsequent application. This policy has been crafted with the aid of the Cookies Policy Generator. Cookies [...]\" \/>\n<meta property=\"og:url\" content=\"https:\/\/elfvaping.com\/sk\/pravidla-cookies\/\" \/>\n<meta property=\"og:site_name\" content=\"Elf Vaping\" \/>\n<meta property=\"article:publisher\" content=\"https:\/\/www.facebook.com\/elfvaping\" \/>\n<meta property=\"article:modified_time\" content=\"2026-02-24T03:31:26+00:00\" \/>\n<meta name=\"twitter:card\" content=\"summary_large_image\" \/>\n<meta name=\"twitter:label1\" content=\"Predpokladan\u00fd \u010das \u010d\u00edtania\" \/>\n\t<meta name=\"twitter:data1\" content=\"3 min\u00faty\" \/>\n<script type=\"application\/ld+json\" class=\"yoast-schema-graph\">{\"@context\":\"https:\\\/\\\/schema.org\",\"@graph\":[{\"@type\":\"WebPage\",\"@id\":\"https:\\\/\\\/elfvaping.com\\\/cookies-policy\\\/\",\"url\":\"https:\\\/\\\/elfvaping.com\\\/cookies-policy\\\/\",\"name\":\"Cookies Policy - Elf Vaping\",\"isPartOf\":{\"@id\":\"https:\\\/\\\/elfvaping.com\\\/cs\\\/#website\"},\"datePublished\":\"2024-06-16T02:49:40+00:00\",\"dateModified\":\"2026-02-24T03:31:26+00:00\",\"breadcrumb\":{\"@id\":\"https:\\\/\\\/elfvaping.com\\\/cookies-policy\\\/#breadcrumb\"},\"inLanguage\":\"sk-SK\",\"potentialAction\":[{\"@type\":\"ReadAction\",\"target\":[\"https:\\\/\\\/elfvaping.com\\\/cookies-policy\\\/\"]}]},{\"@type\":\"BreadcrumbList\",\"@id\":\"https:\\\/\\\/elfvaping.com\\\/cookies-policy\\\/#breadcrumb\",\"itemListElement\":[{\"@type\":\"ListItem\",\"position\":1,\"name\":\"Home\",\"item\":\"https:\\\/\\\/elfvaping.com\\\/\"},{\"@type\":\"ListItem\",\"position\":2,\"name\":\"Cookies Policy\"}]},{\"@type\":\"WebSite\",\"@id\":\"https:\\\/\\\/elfvaping.com\\\/cs\\\/#website\",\"url\":\"https:\\\/\\\/elfvaping.com\\\/cs\\\/\",\"name\":\"Elf Vaping\",\"description\":\"Best Wholesale Prices for Disposable Vapes\",\"publisher\":{\"@id\":\"https:\\\/\\\/elfvaping.com\\\/cs\\\/#organization\"},\"potentialAction\":[{\"@type\":\"SearchAction\",\"target\":{\"@type\":\"EntryPoint\",\"urlTemplate\":\"https:\\\/\\\/elfvaping.com\\\/cs\\\/?s={search_term_string}\"},\"query-input\":{\"@type\":\"PropertyValueSpecification\",\"valueRequired\":true,\"valueName\":\"search_term_string\"}}],\"inLanguage\":\"sk-SK\"},{\"@type\":\"Organization\",\"@id\":\"https:\\\/\\\/elfvaping.com\\\/cs\\\/#organization\",\"name\":\"Elf Vaping\",\"url\":\"https:\\\/\\\/elfvaping.com\\\/cs\\\/\",\"logo\":{\"@type\":\"ImageObject\",\"inLanguage\":\"sk-SK\",\"@id\":\"https:\\\/\\\/elfvaping.com\\\/cs\\\/#\\\/schema\\\/logo\\\/image\\\/\",\"url\":\"https:\\\/\\\/elfvaping.com\\\/wp-content\\\/uploads\\\/2024\\\/06\\\/elfvaping-logo.webp\",\"contentUrl\":\"https:\\\/\\\/elfvaping.com\\\/wp-content\\\/uploads\\\/2024\\\/06\\\/elfvaping-logo.webp\",\"width\":400,\"height\":111,\"caption\":\"Elf Vaping\"},\"image\":{\"@id\":\"https:\\\/\\\/elfvaping.com\\\/cs\\\/#\\\/schema\\\/logo\\\/image\\\/\"},\"sameAs\":[\"https:\\\/\\\/www.facebook.com\\\/elfvaping\",\"https:\\\/\\\/instagram.com\\\/elfvaping\\\/\"]}]}<\/script>\n<!-- \/ Yoast SEO plugin. -->","yoast_head_json":{"title":"Z\u00e1sady pou\u017e\u00edvania s\u00faborov cookie - Elf Vaping","robots":{"index":"index","follow":"follow","max-snippet":"max-snippet:-1","max-image-preview":"max-image-preview:large","max-video-preview":"max-video-preview:-1"},"canonical":"https:\/\/elfvaping.com\/sk\/pravidla-cookies\/","og_locale":"sk_SK","og_type":"article","og_title":"Cookies Policy - Elf Vaping","og_description":"Last updated: April 26, 2024 This Cookies Policy delineates the utilization of Cookies on our website, elfvaping.com. Familiarizing yourself with this policy will provide insight into the types of Cookies we utilize, the information garnered through Cookies, and its subsequent application. This policy has been crafted with the aid of the Cookies Policy Generator. Cookies [...]","og_url":"https:\/\/elfvaping.com\/sk\/pravidla-cookies\/","og_site_name":"Elf Vaping","article_publisher":"https:\/\/www.facebook.com\/elfvaping","article_modified_time":"2026-02-24T03:31:26+00:00","twitter_card":"summary_large_image","twitter_misc":{"Predpokladan\u00fd \u010das \u010d\u00edtania":"3 min\u00faty"},"schema":{"@context":"https:\/\/schema.org","@graph":[{"@type":"WebPage","@id":"https:\/\/elfvaping.com\/cookies-policy\/","url":"https:\/\/elfvaping.com\/cookies-policy\/","name":"Z\u00e1sady pou\u017e\u00edvania s\u00faborov cookie - Elf Vaping","isPartOf":{"@id":"https:\/\/elfvaping.com\/cs\/#website"},"datePublished":"2024-06-16T02:49:40+00:00","dateModified":"2026-02-24T03:31:26+00:00","breadcrumb":{"@id":"https:\/\/elfvaping.com\/cookies-policy\/#breadcrumb"},"inLanguage":"sk-SK","potentialAction":[{"@type":"ReadAction","target":["https:\/\/elfvaping.com\/cookies-policy\/"]}]},{"@type":"BreadcrumbList","@id":"https:\/\/elfvaping.com\/cookies-policy\/#breadcrumb","itemListElement":[{"@type":"ListItem","position":1,"name":"Home","item":"https:\/\/elfvaping.com\/"},{"@type":"ListItem","position":2,"name":"Cookies Policy"}]},{"@type":"WebSite","@id":"https:\/\/elfvaping.com\/cs\/#website","url":"https:\/\/elfvaping.com\/cs\/","name":"Elf Vaping","description":"Najlep\u0161ie ve\u013ekoobchodn\u00e9 ceny pre jednorazov\u00e9 vapes","publisher":{"@id":"https:\/\/elfvaping.com\/cs\/#organization"},"potentialAction":[{"@type":"SearchAction","target":{"@type":"EntryPoint","urlTemplate":"https:\/\/elfvaping.com\/cs\/?s={search_term_string}"},"query-input":{"@type":"PropertyValueSpecification","valueRequired":true,"valueName":"search_term_string"}}],"inLanguage":"sk-SK"},{"@type":"Organization","@id":"https:\/\/elfvaping.com\/cs\/#organization","name":"Elf Vaping","url":"https:\/\/elfvaping.com\/cs\/","logo":{"@type":"ImageObject","inLanguage":"sk-SK","@id":"https:\/\/elfvaping.com\/cs\/#\/schema\/logo\/image\/","url":"https:\/\/elfvaping.com\/wp-content\/uploads\/2024\/06\/elfvaping-logo.webp","contentUrl":"https:\/\/elfvaping.com\/wp-content\/uploads\/2024\/06\/elfvaping-logo.webp","width":400,"height":111,"caption":"Elf Vaping"},"image":{"@id":"https:\/\/elfvaping.com\/cs\/#\/schema\/logo\/image\/"},"sameAs":["https:\/\/www.facebook.com\/elfvaping","https:\/\/instagram.com\/elfvaping\/"]}]}},"jetpack_sharing_enabled":true,"_links":{"self":[{"href":"https:\/\/elfvaping.com\/sk\/wp-json\/wp\/v2\/pages\/585","targetHints":{"allow":["GET"]}}],"collection":[{"href":"https:\/\/elfvaping.com\/sk\/wp-json\/wp\/v2\/pages"}],"about":[{"href":"https:\/\/elfvaping.com\/sk\/wp-json\/wp\/v2\/types\/page"}],"author":[{"embeddable":true,"href":"https:\/\/elfvaping.com\/sk\/wp-json\/wp\/v2\/users\/1"}],"replies":[{"embeddable":true,"href":"https:\/\/elfvaping.com\/sk\/wp-json\/wp\/v2\/comments?post=585"}],"version-history":[{"count":0,"href":"https:\/\/elfvaping.com\/sk\/wp-json\/wp\/v2\/pages\/585\/revisions"}],"wp:attachment":[{"href":"https:\/\/elfvaping.com\/sk\/wp-json\/wp\/v2\/media?parent=585"}],"curies":[{"name":"wp","href":"https:\/\/api.w.org\/{rel}","templated":true}]}}