{"id":813,"date":"2024-06-16T02:50:34","date_gmt":"2024-06-16T02:50:34","guid":{"rendered":"https:\/\/elfvaping.com\/?page_id=813"},"modified":"2024-08-05T12:42:22","modified_gmt":"2024-08-05T12:42:22","slug":"vekovej-politiky","status":"publish","type":"page","link":"https:\/\/elfvaping.com\/sk\/age-policy\/","title":{"rendered":"Politika veku Elfovaping"},"content":{"rendered":"<p>V spolo\u010dnosti Elfvaping dodr\u017eiavame pr\u00edsne postupy overovania veku, aby sme zabezpe\u010dili s\u00falad s pr\u00e1vnymi po\u017eiadavkami t\u00fdkaj\u00facimi sa predaja v\u00fdrobkov elektronick\u00fdch cigariet. Je nevyhnutn\u00e9, aby v\u0161etci z\u00e1kazn\u00edci splnili minim\u00e1lny z\u00e1konn\u00fd vek pre faj\u010denie, ktor\u00fd je v Spojen\u00fdch \u0161t\u00e1toch 21 rokov, aby mohli nakupova\u0165 na na\u0161ej webovej str\u00e1nke.<\/p>\n<p>Falsifik\u00e1cia veku je protipr\u00e1vna a m\u00f4\u017ee ma\u0165 v\u00e1\u017ene pr\u00e1vne d\u00f4sledky. Netolerujeme \u017eiadne pokusy o poskytnutie nepravdiv\u00fdch inform\u00e1ci\u00ed t\u00fdkaj\u00facich sa veku po\u010das n\u00e1kupn\u00e9ho procesu.<\/p>\n<p>Pr\u00edsne zakazujeme n\u00e1kup na\u0161ich produktov pre osoby mlad\u0161ie ako 18 rokov. Ka\u017ed\u00e1 osoba, ktor\u00e1 bude zisten\u00e1 pri n\u00e1kupe v mene osoby mlad\u0161ej ako 18 rokov, bude \u010deli\u0165 pr\u00e1vnym n\u00e1sledkom.<\/p>\n<p>N\u00e1\u0161 proces overenia veku zah\u0155\u0148a zhroma\u017e\u010fovanie osobn\u00fdch \u00fadajov, ako je meno, adresa, d\u00e1tum narodenia a posledn\u00e9 \u0161tyri \u010d\u00edslice v\u00e1\u0161ho soci\u00e1lneho zabezpe\u010denia. Tieto inform\u00e1cie s\u00fa overen\u00e9 pomocou verejn\u00fdch z\u00e1znamov, aby sa potvrdil v\u00e1\u0161 vek. Ak nie je mo\u017en\u00e9 poskytn\u00fa\u0165 inform\u00e1cie o soci\u00e1lnom zabezpe\u010den\u00ed, z\u00e1kazn\u00edci musia na overenie nahra\u0165 vl\u00e1dou vydan\u00fd identifika\u010dn\u00fd doklad.<\/p>\n<p>V r\u00e1mci n\u00e1\u0161ho z\u00e1v\u00e4zku zabr\u00e1ni\u0165 predaju osob\u00e1m mlad\u0161\u00edm ako z\u00e1konn\u00fd vek si vyhradzujeme pr\u00e1vo odmietnu\u0165 alebo zru\u0161i\u0165 objedn\u00e1vky, ak nie je mo\u017en\u00e9 okam\u017eite poskytn\u00fa\u0165 riadnu identifik\u00e1ciu.<\/p>\n<p>Sme odhodlan\u00ed chr\u00e1ni\u0165 mlad\u00fdch \u013eud\u00ed a pou\u017e\u00edvame \u00fa\u010dinn\u00e9 syst\u00e9my overovania veku, aby sme dodr\u017eali toto odhodlanie. Ak v\u0161ak z\u00e1kazn\u00edci maj\u00fa pocit, \u017ee odmietnutie slu\u017eby bolo neopr\u00e1vnen\u00e9, m\u00f4\u017eu n\u00e1s kontaktova\u0165 prostredn\u00edctvom n\u00e1\u0161ho z\u00e1kazn\u00edckeho servisu pre \u010fal\u0161iu pomoc.<\/p>\n<p>Na\u0161a webov\u00e1 str\u00e1nka jasne zobrazuje upozornenie t\u00fdkaj\u00face sa obsahu o elektronick\u00fdch cigaret\u00e1ch a zd\u00f4raz\u0148uje nutnos\u0165 ma\u0165 v USA minim\u00e1lne 21 rokov na uskuto\u010dnenie n\u00e1kupu. Toto sl\u00fa\u017ei ako pripomienka pr\u00e1vnych po\u017eiadaviek a n\u00e1\u0161ho z\u00e1v\u00e4zku k ich dodr\u017eiavaniu.<\/p>","protected":false},"excerpt":{"rendered":"<p>At Elfvaping, we adhere to strict age verification procedures to ensure compliance with legal requirements regarding the sale of electronic cigarette products. It is imperative that all customers meet the minimum legal smoking age, which is 21 years old in the United States, to make purchases from our website. Falsification of age is unlawful and [&#8230;]\n","protected":false},"author":1,"featured_media":0,"parent":0,"menu_order":0,"comment_status":"closed","ping_status":"closed","template":"page-blank-title-center.php","meta":{"_lmt_disableupdate":"","_lmt_disable":"","jetpack_post_was_ever_published":false,"footnotes":""},"class_list":["post-813","page","type-page","status-publish","hentry"],"yoast_head":"<!-- This site is optimized with the Yoast SEO plugin v27.4 - https:\/\/yoast.com\/product\/yoast-seo-wordpress\/ -->\n<title>Elfvaping Age Policy - Elf Vaping<\/title>\n<meta name=\"robots\" content=\"index, follow, max-snippet:-1, max-image-preview:large, max-video-preview:-1\" \/>\n<link rel=\"canonical\" href=\"https:\/\/elfvaping.com\/sk\/vekovej-politiky\/\" \/>\n<meta property=\"og:locale\" content=\"sk_SK\" \/>\n<meta property=\"og:type\" content=\"article\" \/>\n<meta property=\"og:title\" content=\"Elfvaping Age Policy - Elf Vaping\" \/>\n<meta property=\"og:description\" content=\"At Elfvaping, we adhere to strict age verification procedures to ensure compliance with legal requirements regarding the sale of electronic cigarette products. It is imperative that all customers meet the minimum legal smoking age, which is 21 years old in the United States, to make purchases from our website. Falsification of age is unlawful and [...]\" \/>\n<meta property=\"og:url\" content=\"https:\/\/elfvaping.com\/sk\/vekovej-politiky\/\" \/>\n<meta property=\"og:site_name\" content=\"Elf Vaping\" \/>\n<meta property=\"article:publisher\" content=\"https:\/\/www.facebook.com\/elfvaping\" \/>\n<meta property=\"article:modified_time\" content=\"2024-08-05T12:42:22+00:00\" \/>\n<meta name=\"twitter:card\" content=\"summary_large_image\" \/>\n<meta name=\"twitter:label1\" content=\"Predpokladan\u00fd \u010das \u010d\u00edtania\" \/>\n\t<meta name=\"twitter:data1\" content=\"1 min\u00fata\" \/>\n<script type=\"application\/ld+json\" class=\"yoast-schema-graph\">{\"@context\":\"https:\\\/\\\/schema.org\",\"@graph\":[{\"@type\":\"WebPage\",\"@id\":\"https:\\\/\\\/elfvaping.com\\\/age-policy\\\/\",\"url\":\"https:\\\/\\\/elfvaping.com\\\/age-policy\\\/\",\"name\":\"Elfvaping Age Policy - Elf Vaping\",\"isPartOf\":{\"@id\":\"https:\\\/\\\/elfvaping.com\\\/cs\\\/#website\"},\"datePublished\":\"2024-06-16T02:50:34+00:00\",\"dateModified\":\"2024-08-05T12:42:22+00:00\",\"breadcrumb\":{\"@id\":\"https:\\\/\\\/elfvaping.com\\\/age-policy\\\/#breadcrumb\"},\"inLanguage\":\"sk-SK\",\"potentialAction\":[{\"@type\":\"ReadAction\",\"target\":[\"https:\\\/\\\/elfvaping.com\\\/age-policy\\\/\"]}]},{\"@type\":\"BreadcrumbList\",\"@id\":\"https:\\\/\\\/elfvaping.com\\\/age-policy\\\/#breadcrumb\",\"itemListElement\":[{\"@type\":\"ListItem\",\"position\":1,\"name\":\"Home\",\"item\":\"https:\\\/\\\/elfvaping.com\\\/\"},{\"@type\":\"ListItem\",\"position\":2,\"name\":\"Elfvaping Age Policy\"}]},{\"@type\":\"WebSite\",\"@id\":\"https:\\\/\\\/elfvaping.com\\\/cs\\\/#website\",\"url\":\"https:\\\/\\\/elfvaping.com\\\/cs\\\/\",\"name\":\"Elf Vaping\",\"description\":\"Best Wholesale Prices for Disposable Vapes\",\"publisher\":{\"@id\":\"https:\\\/\\\/elfvaping.com\\\/cs\\\/#organization\"},\"potentialAction\":[{\"@type\":\"SearchAction\",\"target\":{\"@type\":\"EntryPoint\",\"urlTemplate\":\"https:\\\/\\\/elfvaping.com\\\/cs\\\/?s={search_term_string}\"},\"query-input\":{\"@type\":\"PropertyValueSpecification\",\"valueRequired\":true,\"valueName\":\"search_term_string\"}}],\"inLanguage\":\"sk-SK\"},{\"@type\":\"Organization\",\"@id\":\"https:\\\/\\\/elfvaping.com\\\/cs\\\/#organization\",\"name\":\"Elf Vaping\",\"url\":\"https:\\\/\\\/elfvaping.com\\\/cs\\\/\",\"logo\":{\"@type\":\"ImageObject\",\"inLanguage\":\"sk-SK\",\"@id\":\"https:\\\/\\\/elfvaping.com\\\/cs\\\/#\\\/schema\\\/logo\\\/image\\\/\",\"url\":\"https:\\\/\\\/elfvaping.com\\\/wp-content\\\/uploads\\\/2024\\\/06\\\/elfvaping-logo.webp\",\"contentUrl\":\"https:\\\/\\\/elfvaping.com\\\/wp-content\\\/uploads\\\/2024\\\/06\\\/elfvaping-logo.webp\",\"width\":400,\"height\":111,\"caption\":\"Elf Vaping\"},\"image\":{\"@id\":\"https:\\\/\\\/elfvaping.com\\\/cs\\\/#\\\/schema\\\/logo\\\/image\\\/\"},\"sameAs\":[\"https:\\\/\\\/www.facebook.com\\\/elfvaping\",\"https:\\\/\\\/instagram.com\\\/elfvaping\\\/\"]}]}<\/script>\n<!-- \/ Yoast SEO plugin. -->","yoast_head_json":{"title":"Vekov\u00e1 politika spolo\u010dnosti Elf Vaping","robots":{"index":"index","follow":"follow","max-snippet":"max-snippet:-1","max-image-preview":"max-image-preview:large","max-video-preview":"max-video-preview:-1"},"canonical":"https:\/\/elfvaping.com\/sk\/vekovej-politiky\/","og_locale":"sk_SK","og_type":"article","og_title":"Elfvaping Age Policy - Elf Vaping","og_description":"At Elfvaping, we adhere to strict age verification procedures to ensure compliance with legal requirements regarding the sale of electronic cigarette products. It is imperative that all customers meet the minimum legal smoking age, which is 21 years old in the United States, to make purchases from our website. Falsification of age is unlawful and [...]","og_url":"https:\/\/elfvaping.com\/sk\/vekovej-politiky\/","og_site_name":"Elf Vaping","article_publisher":"https:\/\/www.facebook.com\/elfvaping","article_modified_time":"2024-08-05T12:42:22+00:00","twitter_card":"summary_large_image","twitter_misc":{"Predpokladan\u00fd \u010das \u010d\u00edtania":"1 min\u00fata"},"schema":{"@context":"https:\/\/schema.org","@graph":[{"@type":"WebPage","@id":"https:\/\/elfvaping.com\/age-policy\/","url":"https:\/\/elfvaping.com\/age-policy\/","name":"Vekov\u00e1 politika spolo\u010dnosti Elf Vaping","isPartOf":{"@id":"https:\/\/elfvaping.com\/cs\/#website"},"datePublished":"2024-06-16T02:50:34+00:00","dateModified":"2024-08-05T12:42:22+00:00","breadcrumb":{"@id":"https:\/\/elfvaping.com\/age-policy\/#breadcrumb"},"inLanguage":"sk-SK","potentialAction":[{"@type":"ReadAction","target":["https:\/\/elfvaping.com\/age-policy\/"]}]},{"@type":"BreadcrumbList","@id":"https:\/\/elfvaping.com\/age-policy\/#breadcrumb","itemListElement":[{"@type":"ListItem","position":1,"name":"Home","item":"https:\/\/elfvaping.com\/"},{"@type":"ListItem","position":2,"name":"Elfvaping Age Policy"}]},{"@type":"WebSite","@id":"https:\/\/elfvaping.com\/cs\/#website","url":"https:\/\/elfvaping.com\/cs\/","name":"Elf Vaping","description":"Najlep\u0161ie ve\u013ekoobchodn\u00e9 ceny pre jednorazov\u00e9 vapes","publisher":{"@id":"https:\/\/elfvaping.com\/cs\/#organization"},"potentialAction":[{"@type":"SearchAction","target":{"@type":"EntryPoint","urlTemplate":"https:\/\/elfvaping.com\/cs\/?s={search_term_string}"},"query-input":{"@type":"PropertyValueSpecification","valueRequired":true,"valueName":"search_term_string"}}],"inLanguage":"sk-SK"},{"@type":"Organization","@id":"https:\/\/elfvaping.com\/cs\/#organization","name":"Elf Vaping","url":"https:\/\/elfvaping.com\/cs\/","logo":{"@type":"ImageObject","inLanguage":"sk-SK","@id":"https:\/\/elfvaping.com\/cs\/#\/schema\/logo\/image\/","url":"https:\/\/elfvaping.com\/wp-content\/uploads\/2024\/06\/elfvaping-logo.webp","contentUrl":"https:\/\/elfvaping.com\/wp-content\/uploads\/2024\/06\/elfvaping-logo.webp","width":400,"height":111,"caption":"Elf Vaping"},"image":{"@id":"https:\/\/elfvaping.com\/cs\/#\/schema\/logo\/image\/"},"sameAs":["https:\/\/www.facebook.com\/elfvaping","https:\/\/instagram.com\/elfvaping\/"]}]}},"jetpack_sharing_enabled":true,"_links":{"self":[{"href":"https:\/\/elfvaping.com\/sk\/wp-json\/wp\/v2\/pages\/813","targetHints":{"allow":["GET"]}}],"collection":[{"href":"https:\/\/elfvaping.com\/sk\/wp-json\/wp\/v2\/pages"}],"about":[{"href":"https:\/\/elfvaping.com\/sk\/wp-json\/wp\/v2\/types\/page"}],"author":[{"embeddable":true,"href":"https:\/\/elfvaping.com\/sk\/wp-json\/wp\/v2\/users\/1"}],"replies":[{"embeddable":true,"href":"https:\/\/elfvaping.com\/sk\/wp-json\/wp\/v2\/comments?post=813"}],"version-history":[{"count":0,"href":"https:\/\/elfvaping.com\/sk\/wp-json\/wp\/v2\/pages\/813\/revisions"}],"wp:attachment":[{"href":"https:\/\/elfvaping.com\/sk\/wp-json\/wp\/v2\/media?parent=813"}],"curies":[{"name":"wp","href":"https:\/\/api.w.org\/{rel}","templated":true}]}}