{"id":35565,"date":"2025-07-29T09:23:38","date_gmt":"2025-07-29T09:23:38","guid":{"rendered":"https:\/\/elfvaping.com\/?post_type=product&#038;p=35565"},"modified":"2026-02-13T15:32:35","modified_gmt":"2026-02-13T15:32:35","slug":"rahdm-40k-puffs-hp20-dualny-prichut-displej-nizky-nikotin-velkoobchod-nakup-originalny-dobijatelny-jednorazove-vapes-velkoobchod","status":"publish","type":"product","link":"https:\/\/elfvaping.com\/sk\/product\/rahdm-40k-puffs-hp20-dual-flavor-screen-low-nicotine-bulk-buy-original-rechargeable-disposable-vapes-wholesale\/","title":{"rendered":"RAHDM 40K Puffs HP20 Du\u00e1lne chute Displej N\u00edzka sila Hromadn\u00fd n\u00e1kup Origin\u00e1lne Nab\u00edjate\u013en\u00e9 Jednorazov\u00e9 Vapes Ve\u013ekoobchod"},"content":{"rendered":"<h2 data-start=\"369\" data-end=\"388\"><a href=\"https:\/\/elfvaping.com\/sk\/kategoria-produktu\/rahdm-jednorazove-vapes\/\">Ni\u010d nie je prekladom pr\u00e1zdneho re\u0165azca alebo nezmyseln\u00e9ho vstupu. Pros\u00edm, poskytnite skuto\u010dn\u00fd text na preklad.<\/a> Preh\u013ead produktu 40K Puffs HP20<\/h2>\n<p data-start=\"390\" data-end=\"794\">RAHDM 40K Puffs HP20 je v\u00fdkonn\u00fd <a href=\"https:\/\/elfvaping.com\/wp-admin\/edit-tags.php?taxonomy=product_cat&amp;post_type=product&amp;s=rechargeable\"><strong>dob\u00edjate\u013en\u00e1 jednorazov\u00e1 vape<\/strong><\/a> Navrhnut\u00fd pre vapery, ktor\u00ed chc\u00fa dlhodob\u00e9 pou\u017e\u00edvanie a bohat\u00fd z\u00e1\u017eitok z chuti. Tento pr\u00edstroj vybaven\u00fd dvojit\u00fdmi n\u00e1dr\u017ekami na chu\u0165 a LED displejom zobrazuj\u00facim \u00farove\u0148 nabitia bat\u00e9rie a kapacity Vape pon\u00faka pohodlie a skvel\u00fd v\u00fdkon v \u0161t\u00fdlnom, prenosnom dizajne. Ide\u00e1lny pre t\u00fdch, ktor\u00ed h\u013eadaj\u00fa n\u00edzku intenzitu, vdechovanie z \u00fast do p\u013e\u00fac s hladk\u00fdm, uspokojiv\u00fdm \u00faderom.<\/p>\n<h2 data-start=\"796\" data-end=\"824\">Funkcie produktu RAHDM 40K Puffs HP20<\/h2>\n<ul data-start=\"826\" data-end=\"1763\">\n<li data-start=\"826\" data-end=\"895\">\n<p data-start=\"828\" data-end=\"895\"><strong data-start=\"828\" data-end=\"843\">Rozmery:<\/strong> Rozmery 50 mm \u00d7 25 mm \u00d7 105,5 mm \u2014 kompaktn\u00fd a \u013eahko prenosn\u00fd<\/p>\n<\/li>\n<li data-start=\"896\" data-end=\"978\">\n<p data-start=\"898\" data-end=\"978\"><strong data-start=\"898\" data-end=\"910\">Bat\u00e9ria:<\/strong> Bat\u00e9ria 17350 s kapacitou 850 mAh, dob\u00edjate\u013en\u00e1 pre dlhodob\u00e9 pou\u017e\u00edvanie<\/p>\n<\/li>\n<li data-start=\"979\" data-end=\"1071\">\n<p data-start=\"981\" data-end=\"1071\"><strong data-start=\"981\" data-end=\"1003\">Kapacita:<\/strong> Dvojit\u00e9 n\u00e1dr\u017ee, ka\u017ed\u00e1 s kapacitou 9 ml pre dva r\u00f4zne chute<\/p>\n<\/li>\n<li data-start=\"1072\" data-end=\"1156\">\n<p data-start=\"1074\" data-end=\"1156\"><strong data-start=\"1074\" data-end=\"1083\">Cievka:<\/strong> Velk\u00e9 bavlnen\u00e9 jadro s dvojit\u00fdm cievkov\u00fdm syst\u00e9mom pre konzistentn\u00fa paru a chu\u0165<\/p>\n<\/li>\n<li data-start=\"1157\" data-end=\"1230\">\n<p data-start=\"1159\" data-end=\"1230\"><strong data-start=\"1159\" data-end=\"1179\">Odpor cievky:<\/strong> 1,10 \u03a9, optimalizovan\u00e9 pre hladk\u00e9 vaping z \u00fast do p\u013e\u00fac<\/p>\n<\/li>\n<li data-start=\"1231\" data-end=\"1310\">\n<p data-start=\"1233\" data-end=\"1310\"><strong data-start=\"1233\" data-end=\"1248\">Po\u010det vypufoch:<\/strong> Pribli\u017ene 40 000 v\u00fdfukov, pre dlhotrvaj\u00faci z\u00e1\u017eitok<\/p>\n<\/li>\n<li data-start=\"1311\" data-end=\"1395\">\n<p data-start=\"1313\" data-end=\"1395\"><strong data-start=\"1313\" data-end=\"1326\">Materi\u00e1l:<\/strong> Kombin\u00e1cia odoln\u00e9ho nerezov\u00e9ho ovinutia s vysokokvalitn\u00fdm PC plastom<\/p>\n<\/li>\n<li data-start=\"1396\" data-end=\"1489\">\n<p data-start=\"1398\" data-end=\"1489\"><strong data-start=\"1398\" data-end=\"1411\">Nab\u00edjanie:<\/strong> Podporuje funkciu dob\u00edjania, v\u010faka \u010domu je cenovo v\u00fdhodn\u00fd a ekologickej\u0161\u00ed.<\/p>\n<\/li>\n<li data-start=\"1490\" data-end=\"1594\">\n<p data-start=\"1492\" data-end=\"1594\"><strong data-start=\"1492\" data-end=\"1507\">LED displej:<\/strong> Preh\u013eadn\u00fd displej \u00farovne oleja (kapacity vaporiz\u00e9ra) a stavu bat\u00e9rie pre jednoduch\u00e9 monitorovanie.<\/p>\n<\/li>\n<li data-start=\"1595\" data-end=\"1666\">\n<p data-start=\"1597\" data-end=\"1666\"><strong data-start=\"1597\" data-end=\"1608\">Hmotnos\u0165:<\/strong> \u013dahk\u00fd s hmotnos\u0165ou 118,46 g, ide\u00e1lny pre ka\u017edodenn\u00e9 pou\u017eitie na cest\u00e1ch<\/p>\n<\/li>\n<li data-start=\"1667\" data-end=\"1761\">\n<p data-start=\"1669\" data-end=\"1761\"><strong data-start=\"1669\" data-end=\"1689\">Re\u017eim inhal\u00e1cie:<\/strong> MTL (mouth-to-lung), ide\u00e1lny pre t\u00fdch, ktor\u00ed preferuj\u00fa hlad\u0161\u00ed z\u00e1sah do hrdla<\/p>\n<\/li>\n<\/ul>\n<h2 data-start=\"1764\" data-end=\"1821\">Pre\u010do si vybra\u0165 RAHDM 40K HP20 s dvojit\u00fdm vkusom <a href=\"https:\/\/elfvaping.com\/sk\/\">Jednorazov\u00e1 Vape<\/a>?<\/h2>\n<ul data-start=\"1823\" data-end=\"2307\">\n<li data-start=\"1823\" data-end=\"1877\">\n<p data-start=\"1825\" data-end=\"1877\">Dob\u00edjate\u013en\u00e1 bat\u00e9ria \u0161etr\u00ed peniaze a zni\u017euje mno\u017estvo odpadu.<\/p>\n<\/li>\n<li data-start=\"1878\" data-end=\"1959\">\n<p data-start=\"1880\" data-end=\"1959\">Dvojit\u00e9 n\u00e1dr\u017ee s r\u00f4znymi pr\u00edchu\u0165ami umo\u017e\u0148uj\u00fa vychutna\u0165 si dve chute v jednom zariaden\u00ed bez ich premie\u0161ania.<\/p>\n<\/li>\n<li data-start=\"1960\" data-end=\"2027\">\n<p data-start=\"1962\" data-end=\"2027\">V\u010faka ve\u013ekej kapacite je potrebn\u00e9 menej \u010dasto dop\u013a\u0148a\u0165 z\u00e1sobu.<\/p>\n<\/li>\n<li data-start=\"2028\" data-end=\"2099\">\n<p data-start=\"2030\" data-end=\"2099\">Displej LED v\u00e1s informuje o zost\u00e1vaj\u00facej kapacite bat\u00e9rie a n\u00e1plne e-cigarety<\/p>\n<\/li>\n<li data-start=\"2100\" data-end=\"2170\">\n<p data-start=\"2102\" data-end=\"2170\">Kompaktn\u00fd a \u0161t\u00fdlov\u00fd dizajn pohodlne sed\u00ed v ruke alebo v kapse<\/p>\n<\/li>\n<li data-start=\"2171\" data-end=\"2247\">\n<p data-start=\"2173\" data-end=\"2247\">N\u00edzka sila je vhodn\u00e1 pre pou\u017e\u00edvate\u013eov, ktor\u00ed h\u013eadaj\u00fa miernej\u0161\u00ed z\u00e1\u017eitok z vapovania.<\/p>\n<\/li>\n<li data-start=\"2248\" data-end=\"2307\">\n<p data-start=\"2250\" data-end=\"2307\">S\u00fa dostupn\u00e9 mo\u017enosti hromadn\u00e9ho n\u00e1kupu pre ve\u013ekoobchodn\u00edkov a maloobchodn\u00edkov.<\/p>\n<\/li>\n<\/ul>\n<h2 data-start=\"2309\" data-end=\"2341\">Dostupn\u00e9 kombin\u00e1cie chut\u00ed<\/h2>\n<table class=\"w-fit min-w-(--thread-content-width)\" data-start=\"807\" data-end=\"1707\">\n<thead data-start=\"807\" data-end=\"882\">\n<tr data-start=\"807\" data-end=\"882\">\n<th data-start=\"807\" data-end=\"844\" data-col-size=\"sm\">Chu\u0165 1<\/th>\n<th data-start=\"844\" data-end=\"882\" data-col-size=\"sm\">Chu\u0165 2<\/th>\n<\/tr>\n<\/thead>\n<tbody data-start=\"958\" data-end=\"1707\">\n<tr data-start=\"958\" data-end=\"1032\">\n<td data-start=\"958\" data-end=\"994\" data-col-size=\"sm\">Kiwi Marakuja Guava<\/td>\n<td data-col-size=\"sm\" data-start=\"994\" data-end=\"1032\">Pasiov\u00fd martini<\/td>\n<\/tr>\n<tr data-start=\"1033\" data-end=\"1107\">\n<td data-start=\"1033\" data-end=\"1069\" data-col-size=\"sm\">Mel\u00f3nov\u00fd \u013ead<\/td>\n<td data-start=\"1069\" data-end=\"1107\" data-col-size=\"sm\">Fyzzy Cherry<\/td>\n<\/tr>\n<tr data-start=\"1108\" data-end=\"1182\">\n<td data-start=\"1108\" data-end=\"1144\" data-col-size=\"sm\">P\u00e1n Blue<\/td>\n<td data-start=\"1144\" data-end=\"1182\" data-col-size=\"sm\">\u010cu\u010doriedka Vi\u0161\u0148a Brusnica<\/td>\n<\/tr>\n<tr data-start=\"1183\" data-end=\"1257\">\n<td data-start=\"1183\" data-end=\"1219\" data-col-size=\"sm\">Citr\u00f3nov\u00e1 Limeta<\/td>\n<td data-start=\"1219\" data-end=\"1257\" data-col-size=\"sm\">Anan\u00e1sov\u00fd \u013ead<\/td>\n<\/tr>\n<tr data-start=\"1258\" data-end=\"1332\">\n<td data-start=\"1258\" data-end=\"1294\" data-col-size=\"sm\">\u010cere\u0161\u0148ov\u00fd \u013ead<\/td>\n<td data-start=\"1294\" data-end=\"1332\" data-col-size=\"sm\">Jahodov\u00e1 Malinov\u00e1 \u010cere\u0161\u0148ov\u00e1 zmrzlina<\/td>\n<\/tr>\n<tr data-start=\"1333\" data-end=\"1407\">\n<td data-start=\"1333\" data-end=\"1369\" data-col-size=\"sm\">Jahodov\u00e1 Vodov\u00e1 \u017duva\u010dka<\/td>\n<td data-start=\"1369\" data-end=\"1407\" data-col-size=\"sm\">Mel\u00f3nov\u00fd \u013ead<\/td>\n<\/tr>\n<tr data-start=\"1408\" data-end=\"1482\">\n<td data-start=\"1408\" data-end=\"1444\" data-col-size=\"sm\">Tropick\u00fd n\u00e1poj<\/td>\n<td data-start=\"1444\" data-end=\"1482\" data-col-size=\"sm\">Citr\u00f3nov\u00e1 Limeta<\/td>\n<\/tr>\n<tr data-start=\"1483\" data-end=\"1557\">\n<td data-start=\"1483\" data-end=\"1519\" data-col-size=\"sm\">Modr\u00fd Razz Ice<\/td>\n<td data-start=\"1519\" data-end=\"1557\" data-col-size=\"sm\">Moruha Malina<\/td>\n<\/tr>\n<tr data-start=\"1558\" data-end=\"1632\">\n<td data-start=\"1558\" data-end=\"1594\" data-col-size=\"sm\">Modr\u00e1 \u010du\u010dorov\u00e1 malina<\/td>\n<td data-start=\"1594\" data-end=\"1632\" data-col-size=\"sm\">Jahodov\u00e1 Malinov\u00e1 \u010cere\u0161\u0148ov\u00e1 zmrzlina<\/td>\n<\/tr>\n<tr data-start=\"1633\" data-end=\"1707\">\n<td data-start=\"1633\" data-end=\"1669\" data-col-size=\"sm\">Trojn\u00e1sobn\u00e1 mango<\/td>\n<td data-start=\"1669\" data-end=\"1707\" data-col-size=\"sm\">Brosky\u0148a Mango<\/td>\n<\/tr>\n<\/tbody>\n<\/table>\n<hr data-start=\"2747\" data-end=\"2750\" \/>\n<p data-start=\"2752\" data-end=\"3002\">Ak chcete k\u00fapi\u0165 origin\u00e1lne produkty, <a href=\"https:\/\/elfvaping.com\/sk\/\">Vysokokvalitn\u00e9 jednorazov\u00e9 vaporiz\u00e9ry<\/a> podobne ako RAHDM 40K Puffs HP20, <a href=\"https:\/\/elfvaping.com\/sk\/\">Elfv\u00e1penie<\/a> je v\u00e1\u0161 d\u00f4veryhodn\u00fd eur\u00f3psky online ve\u013ekoobchodn\u00fd port\u00e1l. Poskytujeme spo\u013eahliv\u00e9, origin\u00e1lne produkty za konkurencieschopn\u00e9 ceny a r\u00fdchle dodanie pre ve\u013ek\u00e9 objedn\u00e1vky.<\/p>\n<p data-start=\"2752\" data-end=\"3002\"><img loading=\"lazy\" decoding=\"async\" class=\"alignnone wp-image-35576 size-full\" src=\"https:\/\/elfvaping.com\/wp-content\/uploads\/2025\/07\/RAHDM-40K-Puffs-HP20-Dual-Flavor-Screen-Low-Nicotine-Bulk-Buy-Original-Rechargeable-Disposable-Vapes-Wholesale-10.webp\" alt=\"RAHDM 40K Puffs HP20 Du\u00e1lne chute Displej N\u00edzka sila Hromadn\u00fd n\u00e1kup Origin\u00e1lne Nab\u00edjate\u013en\u00e9 Jednorazov\u00e9 Vapes Ve\u013ekoobchod\" width=\"1500\" height=\"1500\" srcset=\"https:\/\/elfvaping.com\/wp-content\/uploads\/2025\/07\/RAHDM-40K-Puffs-HP20-Dual-Flavor-Screen-Low-Nicotine-Bulk-Buy-Original-Rechargeable-Disposable-Vapes-Wholesale-10.webp 1500w, https:\/\/elfvaping.com\/wp-content\/uploads\/2025\/07\/RAHDM-40K-Puffs-HP20-Dual-Flavor-Screen-Low-Nicotine-Bulk-Buy-Original-Rechargeable-Disposable-Vapes-Wholesale-10-300x300.webp 300w, https:\/\/elfvaping.com\/wp-content\/uploads\/2025\/07\/RAHDM-40K-Puffs-HP20-Dual-Flavor-Screen-Low-Nicotine-Bulk-Buy-Original-Rechargeable-Disposable-Vapes-Wholesale-10-1024x1024.webp 1024w, https:\/\/elfvaping.com\/wp-content\/uploads\/2025\/07\/RAHDM-40K-Puffs-HP20-Dual-Flavor-Screen-Low-Nicotine-Bulk-Buy-Original-Rechargeable-Disposable-Vapes-Wholesale-10-150x150.webp 150w, https:\/\/elfvaping.com\/wp-content\/uploads\/2025\/07\/RAHDM-40K-Puffs-HP20-Dual-Flavor-Screen-Low-Nicotine-Bulk-Buy-Original-Rechargeable-Disposable-Vapes-Wholesale-10-768x768.webp 768w, https:\/\/elfvaping.com\/wp-content\/uploads\/2025\/07\/RAHDM-40K-Puffs-HP20-Dual-Flavor-Screen-Low-Nicotine-Bulk-Buy-Original-Rechargeable-Disposable-Vapes-Wholesale-10-12x12.webp 12w, https:\/\/elfvaping.com\/wp-content\/uploads\/2025\/07\/RAHDM-40K-Puffs-HP20-Dual-Flavor-Screen-Low-Nicotine-Bulk-Buy-Original-Rechargeable-Disposable-Vapes-Wholesale-10-600x600.webp 600w, https:\/\/elfvaping.com\/wp-content\/uploads\/2025\/07\/RAHDM-40K-Puffs-HP20-Dual-Flavor-Screen-Low-Nicotine-Bulk-Buy-Original-Rechargeable-Disposable-Vapes-Wholesale-10-100x100.webp 100w\" sizes=\"auto, (max-width: 1500px) 100vw, 1500px\" \/><\/p>","protected":false},"excerpt":{"rendered":"<p>RAHDM 40K Puffs HP20 je dob\u00edjate\u013en\u00fd jednorazov\u00fd vaporiz\u00e9r s dvojit\u00fdm vkusom, ktor\u00fd disponuje ve\u013ekou kapacitou 9ml + 9ml, LED obrazovkou pre \u00farovne bat\u00e9rie a kapacity, poskytuje hladk\u00e9 \u0165ahy od \u00fast k p\u013e\u00facam a a\u017e 40 000 \u0165ahov - ide\u00e1lny pre pou\u017e\u00edvate\u013eov s n\u00edzkou intenzitou, ktor\u00ed h\u013eadaj\u00fa dlhotrvaj\u00faci vkus v \u0161t\u00fdlovom dizajne.<\/p>","protected":false},"featured_media":35574,"comment_status":"open","ping_status":"closed","template":"","meta":{"_lmt_disableupdate":"no","_lmt_disable":"","jetpack_post_was_ever_published":false},"product_brand":[],"product_cat":[17],"product_tag":[],"class_list":{"0":"post-35565","1":"product","2":"type-product","3":"status-publish","4":"has-post-thumbnail","6":"product_cat-all-vape-products","8":"first","9":"outofstock","10":"shipping-taxable","11":"purchasable","12":"product-type-variable","13":"has-default-attributes"},"yoast_head":"<!-- This site is optimized with the Yoast SEO plugin v27.4 - https:\/\/yoast.com\/product\/yoast-seo-wordpress\/ -->\n<title>RAHDM 40K Puffs HP20 Dual Tastes Screen Low Strength Bulk Buy Original Rechargeable Disposable Vapes Wholesale - Elf Vaping<\/title>\n<meta name=\"robots\" content=\"index, follow, max-snippet:-1, max-image-preview:large, max-video-preview:-1\" \/>\n<link rel=\"canonical\" href=\"https:\/\/elfvaping.com\/sk\/produktu\/rahdm-40k-puffs-hp20-dualny-prichut-displej-nizky-nikotin-velkoobchod-nakup-originalny-dobijatelny-jednorazove-vapes-velkoobchod\/\" \/>\n<meta property=\"og:locale\" content=\"sk_SK\" \/>\n<meta property=\"og:type\" content=\"article\" \/>\n<meta property=\"og:title\" content=\"RAHDM 40K Puffs HP20 Dual Tastes Screen Low Strength Bulk Buy Original Rechargeable Disposable Vapes Wholesale - Elf Vaping\" \/>\n<meta property=\"og:description\" content=\"RAHDM 40K Puffs HP20 is a rechargeable dual-taste disposable vape with a large 9ml+9ml Capacity, LED screen for battery and Capacity levels, delivering smooth mouth-to-lung hits and up to 40,000 puffs \u2014 perfect for low strength users seeking long-lasting taste in a sleek design.\" \/>\n<meta property=\"og:url\" content=\"https:\/\/elfvaping.com\/sk\/produktu\/rahdm-40k-puffs-hp20-dualny-prichut-displej-nizky-nikotin-velkoobchod-nakup-originalny-dobijatelny-jednorazove-vapes-velkoobchod\/\" \/>\n<meta property=\"og:site_name\" content=\"Elf Vaping\" \/>\n<meta property=\"article:publisher\" content=\"https:\/\/www.facebook.com\/elfvaping\" \/>\n<meta property=\"article:modified_time\" content=\"2026-02-13T15:32:35+00:00\" \/>\n<meta property=\"og:image\" content=\"https:\/\/elfvaping.com\/wp-content\/uploads\/2025\/07\/RAHDM-40K-Puffs-HP20-Dual-Flavor-Screen-Low-Nicotine-Bulk-Buy-Original-Rechargeable-Disposable-Vapes-Wholesale-8.webp\" \/>\n\t<meta property=\"og:image:width\" content=\"1500\" \/>\n\t<meta property=\"og:image:height\" content=\"1500\" \/>\n\t<meta property=\"og:image:type\" content=\"image\/webp\" \/>\n<meta name=\"twitter:card\" content=\"summary_large_image\" \/>\n<meta name=\"twitter:label1\" content=\"Predpokladan\u00fd \u010das \u010d\u00edtania\" \/>\n\t<meta name=\"twitter:data1\" content=\"2 min\u00faty\" \/>\n<script type=\"application\/ld+json\" class=\"yoast-schema-graph\">{\"@context\":\"https:\\\/\\\/schema.org\",\"@graph\":[{\"@type\":\"WebPage\",\"@id\":\"https:\\\/\\\/elfvaping.com\\\/product\\\/rahdm-40k-puffs-hp20-dual-flavor-screen-low-nicotine-bulk-buy-original-rechargeable-disposable-vapes-wholesale\\\/\",\"url\":\"https:\\\/\\\/elfvaping.com\\\/product\\\/rahdm-40k-puffs-hp20-dual-flavor-screen-low-nicotine-bulk-buy-original-rechargeable-disposable-vapes-wholesale\\\/\",\"name\":\"RAHDM 40K Puffs HP20 Dual Tastes Screen Low Strength Bulk Buy Original Rechargeable Disposable Vapes Wholesale - Elf Vaping\",\"isPartOf\":{\"@id\":\"https:\\\/\\\/elfvaping.com\\\/cs\\\/#website\"},\"primaryImageOfPage\":{\"@id\":\"https:\\\/\\\/elfvaping.com\\\/product\\\/rahdm-40k-puffs-hp20-dual-flavor-screen-low-nicotine-bulk-buy-original-rechargeable-disposable-vapes-wholesale\\\/#primaryimage\"},\"image\":{\"@id\":\"https:\\\/\\\/elfvaping.com\\\/product\\\/rahdm-40k-puffs-hp20-dual-flavor-screen-low-nicotine-bulk-buy-original-rechargeable-disposable-vapes-wholesale\\\/#primaryimage\"},\"thumbnailUrl\":\"https:\\\/\\\/elfvaping.com\\\/wp-content\\\/uploads\\\/2025\\\/07\\\/RAHDM-40K-Puffs-HP20-Dual-Flavor-Screen-Low-Nicotine-Bulk-Buy-Original-Rechargeable-Disposable-Vapes-Wholesale-8.webp\",\"datePublished\":\"2025-07-29T09:23:38+00:00\",\"dateModified\":\"2026-02-13T15:32:35+00:00\",\"breadcrumb\":{\"@id\":\"https:\\\/\\\/elfvaping.com\\\/product\\\/rahdm-40k-puffs-hp20-dual-flavor-screen-low-nicotine-bulk-buy-original-rechargeable-disposable-vapes-wholesale\\\/#breadcrumb\"},\"inLanguage\":\"sk-SK\",\"potentialAction\":[{\"@type\":\"ReadAction\",\"target\":[\"https:\\\/\\\/elfvaping.com\\\/product\\\/rahdm-40k-puffs-hp20-dual-flavor-screen-low-nicotine-bulk-buy-original-rechargeable-disposable-vapes-wholesale\\\/\"]}]},{\"@type\":\"ImageObject\",\"inLanguage\":\"sk-SK\",\"@id\":\"https:\\\/\\\/elfvaping.com\\\/product\\\/rahdm-40k-puffs-hp20-dual-flavor-screen-low-nicotine-bulk-buy-original-rechargeable-disposable-vapes-wholesale\\\/#primaryimage\",\"url\":\"https:\\\/\\\/elfvaping.com\\\/wp-content\\\/uploads\\\/2025\\\/07\\\/RAHDM-40K-Puffs-HP20-Dual-Flavor-Screen-Low-Nicotine-Bulk-Buy-Original-Rechargeable-Disposable-Vapes-Wholesale-8.webp\",\"contentUrl\":\"https:\\\/\\\/elfvaping.com\\\/wp-content\\\/uploads\\\/2025\\\/07\\\/RAHDM-40K-Puffs-HP20-Dual-Flavor-Screen-Low-Nicotine-Bulk-Buy-Original-Rechargeable-Disposable-Vapes-Wholesale-8.webp\",\"width\":1500,\"height\":1500},{\"@type\":\"BreadcrumbList\",\"@id\":\"https:\\\/\\\/elfvaping.com\\\/product\\\/rahdm-40k-puffs-hp20-dual-flavor-screen-low-nicotine-bulk-buy-original-rechargeable-disposable-vapes-wholesale\\\/#breadcrumb\",\"itemListElement\":[{\"@type\":\"ListItem\",\"position\":1,\"name\":\"Home\",\"item\":\"https:\\\/\\\/elfvaping.com\\\/\"},{\"@type\":\"ListItem\",\"position\":2,\"name\":\"Shop\",\"item\":\"https:\\\/\\\/elfvaping.com\\\/shop\\\/\"},{\"@type\":\"ListItem\",\"position\":3,\"name\":\"RAHDM 40K Puffs HP20 Dual Tastes Screen Low Strength Bulk Buy Original Rechargeable Disposable Vapes Wholesale\"}]},{\"@type\":\"WebSite\",\"@id\":\"https:\\\/\\\/elfvaping.com\\\/cs\\\/#website\",\"url\":\"https:\\\/\\\/elfvaping.com\\\/cs\\\/\",\"name\":\"Elf Vaping\",\"description\":\"Best Wholesale Prices for Disposable Vapes\",\"publisher\":{\"@id\":\"https:\\\/\\\/elfvaping.com\\\/cs\\\/#organization\"},\"potentialAction\":[{\"@type\":\"SearchAction\",\"target\":{\"@type\":\"EntryPoint\",\"urlTemplate\":\"https:\\\/\\\/elfvaping.com\\\/cs\\\/?s={search_term_string}\"},\"query-input\":{\"@type\":\"PropertyValueSpecification\",\"valueRequired\":true,\"valueName\":\"search_term_string\"}}],\"inLanguage\":\"sk-SK\"},{\"@type\":\"Organization\",\"@id\":\"https:\\\/\\\/elfvaping.com\\\/cs\\\/#organization\",\"name\":\"Elf Vaping\",\"url\":\"https:\\\/\\\/elfvaping.com\\\/cs\\\/\",\"logo\":{\"@type\":\"ImageObject\",\"inLanguage\":\"sk-SK\",\"@id\":\"https:\\\/\\\/elfvaping.com\\\/cs\\\/#\\\/schema\\\/logo\\\/image\\\/\",\"url\":\"https:\\\/\\\/elfvaping.com\\\/wp-content\\\/uploads\\\/2024\\\/06\\\/elfvaping-logo.webp\",\"contentUrl\":\"https:\\\/\\\/elfvaping.com\\\/wp-content\\\/uploads\\\/2024\\\/06\\\/elfvaping-logo.webp\",\"width\":400,\"height\":111,\"caption\":\"Elf Vaping\"},\"image\":{\"@id\":\"https:\\\/\\\/elfvaping.com\\\/cs\\\/#\\\/schema\\\/logo\\\/image\\\/\"},\"sameAs\":[\"https:\\\/\\\/www.facebook.com\\\/elfvaping\",\"https:\\\/\\\/instagram.com\\\/elfvaping\\\/\"]}]}<\/script>\n<!-- \/ Yoast SEO plugin. -->","yoast_head_json":{"title":"RAHDM 40K Puffs HP20 s du\u00e1lnymi pr\u00edchu\u0165ami, displejom a n\u00edzkou silou - ve\u013ekoobchodn\u00fd n\u00e1kup origin\u00e1lnych dob\u00edjate\u013en\u00fdch jednorazov\u00fdch vapeov - Elf Vaping","robots":{"index":"index","follow":"follow","max-snippet":"max-snippet:-1","max-image-preview":"max-image-preview:large","max-video-preview":"max-video-preview:-1"},"canonical":"https:\/\/elfvaping.com\/sk\/produktu\/rahdm-40k-puffs-hp20-dualny-prichut-displej-nizky-nikotin-velkoobchod-nakup-originalny-dobijatelny-jednorazove-vapes-velkoobchod\/","og_locale":"sk_SK","og_type":"article","og_title":"RAHDM 40K Puffs HP20 Dual Tastes Screen Low Strength Bulk Buy Original Rechargeable Disposable Vapes Wholesale - Elf Vaping","og_description":"RAHDM 40K Puffs HP20 is a rechargeable dual-taste disposable vape with a large 9ml+9ml Capacity, LED screen for battery and Capacity levels, delivering smooth mouth-to-lung hits and up to 40,000 puffs \u2014 perfect for low strength users seeking long-lasting taste in a sleek design.","og_url":"https:\/\/elfvaping.com\/sk\/produktu\/rahdm-40k-puffs-hp20-dualny-prichut-displej-nizky-nikotin-velkoobchod-nakup-originalny-dobijatelny-jednorazove-vapes-velkoobchod\/","og_site_name":"Elf Vaping","article_publisher":"https:\/\/www.facebook.com\/elfvaping","article_modified_time":"2026-02-13T15:32:35+00:00","og_image":[{"width":1500,"height":1500,"url":"https:\/\/elfvaping.com\/wp-content\/uploads\/2025\/07\/RAHDM-40K-Puffs-HP20-Dual-Flavor-Screen-Low-Nicotine-Bulk-Buy-Original-Rechargeable-Disposable-Vapes-Wholesale-8.webp","type":"image\/webp"}],"twitter_card":"summary_large_image","twitter_misc":{"Predpokladan\u00fd \u010das \u010d\u00edtania":"2 min\u00faty"},"schema":{"@context":"https:\/\/schema.org","@graph":[{"@type":"WebPage","@id":"https:\/\/elfvaping.com\/product\/rahdm-40k-puffs-hp20-dual-flavor-screen-low-nicotine-bulk-buy-original-rechargeable-disposable-vapes-wholesale\/","url":"https:\/\/elfvaping.com\/product\/rahdm-40k-puffs-hp20-dual-flavor-screen-low-nicotine-bulk-buy-original-rechargeable-disposable-vapes-wholesale\/","name":"RAHDM 40K Puffs HP20 s du\u00e1lnymi pr\u00edchu\u0165ami, displejom a n\u00edzkou silou - ve\u013ekoobchodn\u00fd n\u00e1kup origin\u00e1lnych dob\u00edjate\u013en\u00fdch jednorazov\u00fdch vapeov - Elf Vaping","isPartOf":{"@id":"https:\/\/elfvaping.com\/cs\/#website"},"primaryImageOfPage":{"@id":"https:\/\/elfvaping.com\/product\/rahdm-40k-puffs-hp20-dual-flavor-screen-low-nicotine-bulk-buy-original-rechargeable-disposable-vapes-wholesale\/#primaryimage"},"image":{"@id":"https:\/\/elfvaping.com\/product\/rahdm-40k-puffs-hp20-dual-flavor-screen-low-nicotine-bulk-buy-original-rechargeable-disposable-vapes-wholesale\/#primaryimage"},"thumbnailUrl":"https:\/\/elfvaping.com\/wp-content\/uploads\/2025\/07\/RAHDM-40K-Puffs-HP20-Dual-Flavor-Screen-Low-Nicotine-Bulk-Buy-Original-Rechargeable-Disposable-Vapes-Wholesale-8.webp","datePublished":"2025-07-29T09:23:38+00:00","dateModified":"2026-02-13T15:32:35+00:00","breadcrumb":{"@id":"https:\/\/elfvaping.com\/product\/rahdm-40k-puffs-hp20-dual-flavor-screen-low-nicotine-bulk-buy-original-rechargeable-disposable-vapes-wholesale\/#breadcrumb"},"inLanguage":"sk-SK","potentialAction":[{"@type":"ReadAction","target":["https:\/\/elfvaping.com\/product\/rahdm-40k-puffs-hp20-dual-flavor-screen-low-nicotine-bulk-buy-original-rechargeable-disposable-vapes-wholesale\/"]}]},{"@type":"ImageObject","inLanguage":"sk-SK","@id":"https:\/\/elfvaping.com\/product\/rahdm-40k-puffs-hp20-dual-flavor-screen-low-nicotine-bulk-buy-original-rechargeable-disposable-vapes-wholesale\/#primaryimage","url":"https:\/\/elfvaping.com\/wp-content\/uploads\/2025\/07\/RAHDM-40K-Puffs-HP20-Dual-Flavor-Screen-Low-Nicotine-Bulk-Buy-Original-Rechargeable-Disposable-Vapes-Wholesale-8.webp","contentUrl":"https:\/\/elfvaping.com\/wp-content\/uploads\/2025\/07\/RAHDM-40K-Puffs-HP20-Dual-Flavor-Screen-Low-Nicotine-Bulk-Buy-Original-Rechargeable-Disposable-Vapes-Wholesale-8.webp","width":1500,"height":1500},{"@type":"BreadcrumbList","@id":"https:\/\/elfvaping.com\/product\/rahdm-40k-puffs-hp20-dual-flavor-screen-low-nicotine-bulk-buy-original-rechargeable-disposable-vapes-wholesale\/#breadcrumb","itemListElement":[{"@type":"ListItem","position":1,"name":"Home","item":"https:\/\/elfvaping.com\/"},{"@type":"ListItem","position":2,"name":"Shop","item":"https:\/\/elfvaping.com\/shop\/"},{"@type":"ListItem","position":3,"name":"RAHDM 40K Puffs HP20 Dual Tastes Screen Low Strength Bulk Buy Original Rechargeable Disposable Vapes Wholesale"}]},{"@type":"WebSite","@id":"https:\/\/elfvaping.com\/cs\/#website","url":"https:\/\/elfvaping.com\/cs\/","name":"Elf Vaping","description":"Najlep\u0161ie ve\u013ekoobchodn\u00e9 ceny pre jednorazov\u00e9 vapes","publisher":{"@id":"https:\/\/elfvaping.com\/cs\/#organization"},"potentialAction":[{"@type":"SearchAction","target":{"@type":"EntryPoint","urlTemplate":"https:\/\/elfvaping.com\/cs\/?s={search_term_string}"},"query-input":{"@type":"PropertyValueSpecification","valueRequired":true,"valueName":"search_term_string"}}],"inLanguage":"sk-SK"},{"@type":"Organization","@id":"https:\/\/elfvaping.com\/cs\/#organization","name":"Elf Vaping","url":"https:\/\/elfvaping.com\/cs\/","logo":{"@type":"ImageObject","inLanguage":"sk-SK","@id":"https:\/\/elfvaping.com\/cs\/#\/schema\/logo\/image\/","url":"https:\/\/elfvaping.com\/wp-content\/uploads\/2024\/06\/elfvaping-logo.webp","contentUrl":"https:\/\/elfvaping.com\/wp-content\/uploads\/2024\/06\/elfvaping-logo.webp","width":400,"height":111,"caption":"Elf Vaping"},"image":{"@id":"https:\/\/elfvaping.com\/cs\/#\/schema\/logo\/image\/"},"sameAs":["https:\/\/www.facebook.com\/elfvaping","https:\/\/instagram.com\/elfvaping\/"]}]}},"jetpack_sharing_enabled":true,"tiered_pricing_type":"fixed","tiered_pricing_fixed_rules":[],"tiered_pricing_product_settings":{"layout":"default","base_unit_name":{"singular":null,"plural":null},"default_variation":null},"tiered_pricing_minimum_quantity":null,"tiered_pricing_roles_data":[],"tiered_pricing_percentage_rules":[],"tiered_pricing_maximum_quantity":null,"tiered_pricing_quantity_step":null,"_links":{"self":[{"href":"https:\/\/elfvaping.com\/sk\/wp-json\/wp\/v2\/product\/35565","targetHints":{"allow":["GET"]}}],"collection":[{"href":"https:\/\/elfvaping.com\/sk\/wp-json\/wp\/v2\/product"}],"about":[{"href":"https:\/\/elfvaping.com\/sk\/wp-json\/wp\/v2\/types\/product"}],"replies":[{"embeddable":true,"href":"https:\/\/elfvaping.com\/sk\/wp-json\/wp\/v2\/comments?post=35565"}],"wp:featuredmedia":[{"embeddable":true,"href":"https:\/\/elfvaping.com\/sk\/wp-json\/wp\/v2\/media\/35574"}],"wp:attachment":[{"href":"https:\/\/elfvaping.com\/sk\/wp-json\/wp\/v2\/media?parent=35565"}],"wp:term":[{"taxonomy":"product_brand","embeddable":true,"href":"https:\/\/elfvaping.com\/sk\/wp-json\/wp\/v2\/product_brand?post=35565"},{"taxonomy":"product_cat","embeddable":true,"href":"https:\/\/elfvaping.com\/sk\/wp-json\/wp\/v2\/product_cat?post=35565"},{"taxonomy":"product_tag","embeddable":true,"href":"https:\/\/elfvaping.com\/sk\/wp-json\/wp\/v2\/product_tag?post=35565"}],"curies":[{"name":"wp","href":"https:\/\/api.w.org\/{rel}","templated":true}]}}