{"id":2,"date":"2024-06-16T02:16:33","date_gmt":"2024-06-16T02:16:33","guid":{"rendered":"http:\/\/elfvaping.com\/?page_id=2"},"modified":"2025-12-12T03:44:43","modified_gmt":"2025-12-12T03:44:43","slug":"o-nas","status":"publish","type":"page","link":"https:\/\/elfvaping.com\/sl\/about-us\/","title":{"rendered":"O ElfVaping"},"content":{"rendered":"<div class=\"row\"  id=\"row-114541111\">\n\n\t<div id=\"col-904763839\" class=\"col medium-6 small-12 large-6\"  >\n\t\t\t\t<div class=\"col-inner\"  >\n\t\t\t\n\t\t\t\n<p>Dobrodo\u0161li na elfvaping.com, va\u0161o glavno spletno trgovino, specializirano za <a href=\"https:\/\/elfvaping.com\/sl\/\">za eno uporabo namenjen vape<\/a> Izdelek.<\/p>\n<p>S 5-letnimi izku\u0161njami v industriji smo se uveljavili kot vodilni distributer razli\u010dnih priznanih blagovnih znamk, kot je na primer Elf Box, <a href=\"https:\/\/elfvaping.com\/sl\/kategorijo-izdelkov\/osa\/\"><strong>Osa<\/strong><\/a>, Zgar, <a href=\"https:\/\/elfvaping.com\/sl\/kategorijo-izdelkov\/nakljucno\/\"><strong>RandM Tornado<\/strong><\/a>, <a href=\"https:\/\/elfvaping.com\/sl\/kategorijo-izdelkov\/pok\/\">Bang Box<\/a>, Doloda, <strong><a href=\"https:\/\/elfvaping.com\/sl\/kategorijo-izdelkov\/bimo\/\">BIMO<\/a><\/strong>, FluuM in \u0161e ve\u010d. Na\u0161i izdelki so globalno priznani in zadovoljujejo potrebe strank v \u0161tevilnih dr\u017eavah.<\/p>\n<p>Na elfvaping.com ponujamo \u0161irok izbor za enkratno uporabo primernih vape mo\u017enosti tako za maloprodajo kot za veleprodajo. Na\u0161a zavezanost kakovosti in zadovoljstvu strank nas lo\u010duje kot zaupanja vrednega in profesionalnega prodajalca vape izdelkov.<\/p>\n<p>Razi\u0161\u010dite na\u0161o zbirko <a href=\"https:\/\/elfvaping.com\/sl\/kategorijo-izdelkov\/vilinska-skatla\/\">Elf Box Disposable Vapes<\/a>, <strong>RandM Tornado, <\/strong><a href=\"https:\/\/elfvaping.com\/sl\/kategorijo-izdelkov\/vapsolo\/\">Vape<\/a>, Waka izdelki, in druge najbolj\u0161e blagovne znamke, da najdete popolno raztopino za vaping po va\u0161ih potrebah. Ne glede na to, ali ste izku\u0161en vaper ali nov v svetu vapinga, imamo nekaj za vse.<\/p>\n<p>Z <a href=\"https:\/\/elfvaping.com\/sl\/\">elfvaping.com<\/a>, Pri nas lahko pri\u010dakujete nemoteno nakupovalno izku\u0161njo, konkuren\u010dne cene in raznoliko izbiro okusov in naprav, ki bodo izbolj\u0161ale va\u0161e izku\u0161nje z vapingom. Pridru\u017eite se na\u0161im zadovoljnim strankam po vsem svetu in odkrijte udobje in zadovoljstvo, ki ga prina\u0161ajo disposable vape.<\/p>\n<p>Izku\u0161ajte udobje in zadovoljstvo za enkratno uporabo primernih vape izdelkov na elfvaping.com. Nakupujte zdaj in u\u017eivajte v najbolj\u0161i izku\u0161nji vapekanja!<\/p>\n\t\t<\/div>\n\t\t\t\t\t<\/div>\n\n\t\n\n\t<div id=\"col-158671007\" class=\"col medium-6 small-12 large-6\"  >\n\t\t\t\t<div class=\"col-inner\"  >\n\t\t\t\n\t\t\t\n\t<div class=\"img has-hover x md-x lg-x y md-y lg-y\" id=\"image_1554186402\">\n\t\t\t\t\t\t\t\t<div class=\"img-inner dark\" >\n\t\t\t<img loading=\"lazy\" decoding=\"async\" width=\"800\" height=\"800\" src=\"https:\/\/elfvaping.com\/wp-content\/uploads\/2024\/08\/AIVONO-BANG-MAXI-15000-Puffs-14.webp\" class=\"attachment-large size-large\" alt=\"\" srcset=\"https:\/\/elfvaping.com\/wp-content\/uploads\/2024\/08\/AIVONO-BANG-MAXI-15000-Puffs-14.webp 800w, https:\/\/elfvaping.com\/wp-content\/uploads\/2024\/08\/AIVONO-BANG-MAXI-15000-Puffs-14-300x300.webp 300w, https:\/\/elfvaping.com\/wp-content\/uploads\/2024\/08\/AIVONO-BANG-MAXI-15000-Puffs-14-150x150.webp 150w, https:\/\/elfvaping.com\/wp-content\/uploads\/2024\/08\/AIVONO-BANG-MAXI-15000-Puffs-14-768x768.webp 768w, https:\/\/elfvaping.com\/wp-content\/uploads\/2024\/08\/AIVONO-BANG-MAXI-15000-Puffs-14-12x12.webp 12w, https:\/\/elfvaping.com\/wp-content\/uploads\/2024\/08\/AIVONO-BANG-MAXI-15000-Puffs-14-600x600.webp 600w, https:\/\/elfvaping.com\/wp-content\/uploads\/2024\/08\/AIVONO-BANG-MAXI-15000-Puffs-14-100x100.webp 100w\" sizes=\"auto, (max-width: 800px) 100vw, 800px\" \/>\t\t\t\t\t\t\n\t\t\t\t\t<\/div>\n\t\t\t\t\t\t\t\t\n<style>\n#image_1554186402 {\n  width: 100%;\n}\n<\/style>\n\t<\/div>\n\t\n\t\t<\/div>\n\t\t\t\t\t<\/div>\n\n\t\n<\/div>","protected":false},"excerpt":{"rendered":"","protected":false},"author":1,"featured_media":0,"parent":0,"menu_order":0,"comment_status":"closed","ping_status":"closed","template":"page-blank-title-center.php","meta":{"_lmt_disableupdate":"","_lmt_disable":"","jetpack_post_was_ever_published":false,"footnotes":""},"class_list":["post-2","page","type-page","status-publish","hentry"],"yoast_head":"<!-- This site is optimized with the Yoast SEO plugin v27.4 - https:\/\/yoast.com\/product\/yoast-seo-wordpress\/ -->\n<title>About ElfVaping - Elf Vaping<\/title>\n<meta name=\"robots\" content=\"index, follow, max-snippet:-1, max-image-preview:large, max-video-preview:-1\" \/>\n<link rel=\"canonical\" href=\"https:\/\/elfvaping.com\/sl\/o-nas\/\" \/>\n<meta property=\"og:locale\" content=\"sl_SI\" \/>\n<meta property=\"og:type\" content=\"article\" \/>\n<meta property=\"og:title\" content=\"About ElfVaping - Elf Vaping\" \/>\n<meta property=\"og:url\" content=\"https:\/\/elfvaping.com\/sl\/o-nas\/\" \/>\n<meta property=\"og:site_name\" content=\"Elf Vaping\" \/>\n<meta property=\"article:publisher\" content=\"https:\/\/www.facebook.com\/elfvaping\" \/>\n<meta property=\"article:modified_time\" content=\"2025-12-12T03:44:43+00:00\" \/>\n<meta name=\"twitter:card\" content=\"summary_large_image\" \/>\n<meta name=\"twitter:label1\" content=\"Est. reading time\" \/>\n\t<meta name=\"twitter:data1\" content=\"1 minuta\" \/>\n<script type=\"application\/ld+json\" class=\"yoast-schema-graph\">{\"@context\":\"https:\\\/\\\/schema.org\",\"@graph\":[{\"@type\":\"WebPage\",\"@id\":\"https:\\\/\\\/elfvaping.com\\\/about-us\\\/\",\"url\":\"https:\\\/\\\/elfvaping.com\\\/about-us\\\/\",\"name\":\"About ElfVaping - Elf Vaping\",\"isPartOf\":{\"@id\":\"https:\\\/\\\/elfvaping.com\\\/cs\\\/#website\"},\"datePublished\":\"2024-06-16T02:16:33+00:00\",\"dateModified\":\"2025-12-12T03:44:43+00:00\",\"breadcrumb\":{\"@id\":\"https:\\\/\\\/elfvaping.com\\\/about-us\\\/#breadcrumb\"},\"inLanguage\":\"sl-SI\",\"potentialAction\":[{\"@type\":\"ReadAction\",\"target\":[\"https:\\\/\\\/elfvaping.com\\\/about-us\\\/\"]}]},{\"@type\":\"BreadcrumbList\",\"@id\":\"https:\\\/\\\/elfvaping.com\\\/about-us\\\/#breadcrumb\",\"itemListElement\":[{\"@type\":\"ListItem\",\"position\":1,\"name\":\"Home\",\"item\":\"https:\\\/\\\/elfvaping.com\\\/\"},{\"@type\":\"ListItem\",\"position\":2,\"name\":\"About ElfVaping\"}]},{\"@type\":\"WebSite\",\"@id\":\"https:\\\/\\\/elfvaping.com\\\/cs\\\/#website\",\"url\":\"https:\\\/\\\/elfvaping.com\\\/cs\\\/\",\"name\":\"Elf Vaping\",\"description\":\"Best Wholesale Prices for Disposable Vapes\",\"publisher\":{\"@id\":\"https:\\\/\\\/elfvaping.com\\\/cs\\\/#organization\"},\"potentialAction\":[{\"@type\":\"SearchAction\",\"target\":{\"@type\":\"EntryPoint\",\"urlTemplate\":\"https:\\\/\\\/elfvaping.com\\\/cs\\\/?s={search_term_string}\"},\"query-input\":{\"@type\":\"PropertyValueSpecification\",\"valueRequired\":true,\"valueName\":\"search_term_string\"}}],\"inLanguage\":\"sl-SI\"},{\"@type\":\"Organization\",\"@id\":\"https:\\\/\\\/elfvaping.com\\\/cs\\\/#organization\",\"name\":\"Elf Vaping\",\"url\":\"https:\\\/\\\/elfvaping.com\\\/cs\\\/\",\"logo\":{\"@type\":\"ImageObject\",\"inLanguage\":\"sl-SI\",\"@id\":\"https:\\\/\\\/elfvaping.com\\\/cs\\\/#\\\/schema\\\/logo\\\/image\\\/\",\"url\":\"https:\\\/\\\/elfvaping.com\\\/wp-content\\\/uploads\\\/2024\\\/06\\\/elfvaping-logo.webp\",\"contentUrl\":\"https:\\\/\\\/elfvaping.com\\\/wp-content\\\/uploads\\\/2024\\\/06\\\/elfvaping-logo.webp\",\"width\":400,\"height\":111,\"caption\":\"Elf Vaping\"},\"image\":{\"@id\":\"https:\\\/\\\/elfvaping.com\\\/cs\\\/#\\\/schema\\\/logo\\\/image\\\/\"},\"sameAs\":[\"https:\\\/\\\/www.facebook.com\\\/elfvaping\",\"https:\\\/\\\/instagram.com\\\/elfvaping\\\/\"]}]}<\/script>\n<!-- \/ Yoast SEO plugin. -->","yoast_head_json":{"title":"O ElfVaping - Elf Vaping","robots":{"index":"index","follow":"follow","max-snippet":"max-snippet:-1","max-image-preview":"max-image-preview:large","max-video-preview":"max-video-preview:-1"},"canonical":"https:\/\/elfvaping.com\/sl\/o-nas\/","og_locale":"sl_SI","og_type":"article","og_title":"About ElfVaping - Elf Vaping","og_url":"https:\/\/elfvaping.com\/sl\/o-nas\/","og_site_name":"Elf Vaping","article_publisher":"https:\/\/www.facebook.com\/elfvaping","article_modified_time":"2025-12-12T03:44:43+00:00","twitter_card":"summary_large_image","twitter_misc":{"Est. reading time":"1 minuta"},"schema":{"@context":"https:\/\/schema.org","@graph":[{"@type":"WebPage","@id":"https:\/\/elfvaping.com\/about-us\/","url":"https:\/\/elfvaping.com\/about-us\/","name":"O ElfVaping - Elf Vaping","isPartOf":{"@id":"https:\/\/elfvaping.com\/cs\/#website"},"datePublished":"2024-06-16T02:16:33+00:00","dateModified":"2025-12-12T03:44:43+00:00","breadcrumb":{"@id":"https:\/\/elfvaping.com\/about-us\/#breadcrumb"},"inLanguage":"sl-SI","potentialAction":[{"@type":"ReadAction","target":["https:\/\/elfvaping.com\/about-us\/"]}]},{"@type":"BreadcrumbList","@id":"https:\/\/elfvaping.com\/about-us\/#breadcrumb","itemListElement":[{"@type":"ListItem","position":1,"name":"Home","item":"https:\/\/elfvaping.com\/"},{"@type":"ListItem","position":2,"name":"About ElfVaping"}]},{"@type":"WebSite","@id":"https:\/\/elfvaping.com\/cs\/#website","url":"https:\/\/elfvaping.com\/cs\/","name":"Elf Vaping","description":"Najbolj\u0161e veleprodajne cene za enkratno uporabo vapejev","publisher":{"@id":"https:\/\/elfvaping.com\/cs\/#organization"},"potentialAction":[{"@type":"SearchAction","target":{"@type":"EntryPoint","urlTemplate":"https:\/\/elfvaping.com\/cs\/?s={search_term_string}"},"query-input":{"@type":"PropertyValueSpecification","valueRequired":true,"valueName":"search_term_string"}}],"inLanguage":"sl-SI"},{"@type":"Organization","@id":"https:\/\/elfvaping.com\/cs\/#organization","name":"Elf Vaping","url":"https:\/\/elfvaping.com\/cs\/","logo":{"@type":"ImageObject","inLanguage":"sl-SI","@id":"https:\/\/elfvaping.com\/cs\/#\/schema\/logo\/image\/","url":"https:\/\/elfvaping.com\/wp-content\/uploads\/2024\/06\/elfvaping-logo.webp","contentUrl":"https:\/\/elfvaping.com\/wp-content\/uploads\/2024\/06\/elfvaping-logo.webp","width":400,"height":111,"caption":"Elf Vaping"},"image":{"@id":"https:\/\/elfvaping.com\/cs\/#\/schema\/logo\/image\/"},"sameAs":["https:\/\/www.facebook.com\/elfvaping","https:\/\/instagram.com\/elfvaping\/"]}]}},"jetpack_sharing_enabled":true,"_links":{"self":[{"href":"https:\/\/elfvaping.com\/sl\/wp-json\/wp\/v2\/pages\/2","targetHints":{"allow":["GET"]}}],"collection":[{"href":"https:\/\/elfvaping.com\/sl\/wp-json\/wp\/v2\/pages"}],"about":[{"href":"https:\/\/elfvaping.com\/sl\/wp-json\/wp\/v2\/types\/page"}],"author":[{"embeddable":true,"href":"https:\/\/elfvaping.com\/sl\/wp-json\/wp\/v2\/users\/1"}],"replies":[{"embeddable":true,"href":"https:\/\/elfvaping.com\/sl\/wp-json\/wp\/v2\/comments?post=2"}],"version-history":[{"count":0,"href":"https:\/\/elfvaping.com\/sl\/wp-json\/wp\/v2\/pages\/2\/revisions"}],"wp:attachment":[{"href":"https:\/\/elfvaping.com\/sl\/wp-json\/wp\/v2\/media?parent=2"}],"curies":[{"name":"wp","href":"https:\/\/api.w.org\/{rel}","templated":true}]}}