{"id":13,"date":"2024-06-16T02:52:33","date_gmt":"2024-06-16T02:52:33","guid":{"rendered":"https:\/\/elfvaping.com\/?page_id=13"},"modified":"2024-09-19T07:48:01","modified_gmt":"2024-09-19T07:48:01","slug":"aterbetalningspolicy","status":"publish","type":"page","link":"https:\/\/elfvaping.com\/sv\/refund-policy\/","title":{"rendered":"\u00c5terbetalningspolicy"},"content":{"rendered":"<p>Tack f\u00f6r att du handlar hos oss <a href=\"https:\/\/elfvaping.com\/sv\/\"><strong>Tv\u00e5lfingervapen<\/strong><\/a>. V\u00e4nligen granska v\u00e5r returpolicy noggrant:<\/p>\n<h3><strong>\u00c5terbetalningspolicy<\/strong><\/h3>\n<h3>Returans\u00f6kningar inom 24 timmar<\/h3>\n<p>Du kan beg\u00e4ra en fullst\u00e4ndig \u00e5terbetalning inom 24 timmar efter att ha lagt din best\u00e4llning. Om du vill avboka din best\u00e4llning, v\u00e4nligen kontakta v\u00e5rt kundsupportteam s\u00e5 snart som m\u00f6jligt, s\u00e5 behandlar vi din fullst\u00e4ndiga \u00e5terbetalning.<\/p>\n<h3>\u00c5terbetalningsbeg\u00e4ran Efter 24 Timmar<\/h3>\n<p>Best\u00e4llningar som har placerats f\u00f6r mer \u00e4n 24 timmar sedan kan inte \u00e5terbetalas i fullt belopp. Efter denna period \u00e4r paketet vanligtvis f\u00f6rberett och skickat till tullen, vilket g\u00f6r det om\u00f6jligt att f\u00e5 en full \u00e5terbetalning.<\/p>\n<h3>Delvis \u00e5terbetalning f\u00f6r sena beg\u00e4randen<\/h3>\n<p>F\u00f6r returanfr\u00e5gor som g\u00f6rs efter 24 timmar fr\u00e5n best\u00e4llningsdatumet kan vi endast erbjuda en delvis \u00e5terbetalning p\u00e5 upp till 50% av best\u00e4llningsbeloppet. Detta beror p\u00e5 kostnaderna i samband med att \u00e5terta paketet fr\u00e5n tullen.<\/p>\n<h3>Ingen retur efter leverans<\/h3>\n<p>N\u00e4r paketet har skickats och du har f\u00e5tt det sp\u00e5rningsnummer som tillh\u00f6r din best\u00e4llning, kan du inte l\u00e4ngre f\u00e5 tillbaka pengarna.<\/p>\n<h3>F\u00f6rs\u00e4krings- och tullfr\u00e5gor<\/h3>\n<p>Alla v\u00e5ra paket \u00e4r f\u00f6rs\u00e4krade. Om ditt paket h\u00e5lls kvar av tullen och inte sl\u00e4pps, kommer vi att ge dig en fullst\u00e4ndig \u00e5terbetalning.<\/p>\n<h3>Felaktig Adress eller Leveransproblem<\/h3>\n<p>Om ett paket inte kan levereras p\u00e5 grund av ett felaktigt adress angivet av kunden eller andra problem som orsakats av kunden, kommer kunden att vara ansvarig f\u00f6r kostnaden f\u00f6r att skicka om paketet.<\/p>\n<h3>Kontakta oss<\/h3>\n<p>Om du har n\u00e5gra fr\u00e5gor eller farh\u00e5gor ang\u00e5ende v\u00e5r returpolicy, v\u00e4nligen kontakta v\u00e5rt kundsupportteam:<\/p>\n<ul>\n<li><strong>E-post<\/strong>: <a rel=\"noopener\">info@elfvaping.com<\/a><\/li>\n<\/ul>\n<p>Vi \u00e4r dedikerade till att ge dig utm\u00e4rkt service. Tack f\u00f6r din f\u00f6rst\u00e5else och ditt st\u00f6d!<\/p>","protected":false},"excerpt":{"rendered":"<p>Thank you for shopping with ELFVAPING. Please review our refund policy carefully: Refund Policy Refund Requests Within 24 Hours You may request a full refund within 24 hours of placing your order. If you wish to cancel your order, please contact our customer support team as soon as possible, and we will process your full [&#8230;]\n","protected":false},"author":1,"featured_media":0,"parent":0,"menu_order":0,"comment_status":"closed","ping_status":"closed","template":"page-blank-title-center.php","meta":{"_lmt_disableupdate":"","_lmt_disable":"","footnotes":""},"class_list":["post-13","page","type-page","status-publish","hentry"],"yoast_head":"<!-- This site is optimized with the Yoast SEO plugin v27.6 - https:\/\/yoast.com\/product\/yoast-seo-wordpress\/ -->\n<title>Refund Policy - Elf Vaping<\/title>\n<meta name=\"robots\" content=\"index, follow, max-snippet:-1, max-image-preview:large, max-video-preview:-1\" \/>\n<link rel=\"canonical\" href=\"https:\/\/elfvaping.com\/sv\/aterbetalningspolicy\/\" \/>\n<meta property=\"og:locale\" content=\"sv_SE\" \/>\n<meta property=\"og:type\" content=\"article\" \/>\n<meta property=\"og:title\" content=\"Refund Policy - Elf Vaping\" \/>\n<meta property=\"og:description\" content=\"Thank you for shopping with ELFVAPING. Please review our refund policy carefully: Refund Policy Refund Requests Within 24 Hours You may request a full refund within 24 hours of placing your order. If you wish to cancel your order, please contact our customer support team as soon as possible, and we will process your full [...]\" \/>\n<meta property=\"og:url\" content=\"https:\/\/elfvaping.com\/sv\/aterbetalningspolicy\/\" \/>\n<meta property=\"og:site_name\" content=\"Elf Vaping\" \/>\n<meta property=\"article:publisher\" content=\"https:\/\/www.facebook.com\/elfvaping\" \/>\n<meta property=\"article:modified_time\" content=\"2024-09-19T07:48:01+00:00\" \/>\n<meta name=\"twitter:card\" content=\"summary_large_image\" \/>\n<meta name=\"twitter:label1\" content=\"Ber\u00e4knad l\u00e4stid\" \/>\n\t<meta name=\"twitter:data1\" content=\"1 minut\" \/>\n<script type=\"application\/ld+json\" class=\"yoast-schema-graph\">{\"@context\":\"https:\\\/\\\/schema.org\",\"@graph\":[{\"@type\":\"WebPage\",\"@id\":\"https:\\\/\\\/elfvaping.com\\\/refund-policy\\\/\",\"url\":\"https:\\\/\\\/elfvaping.com\\\/refund-policy\\\/\",\"name\":\"Refund Policy - Elf Vaping\",\"isPartOf\":{\"@id\":\"https:\\\/\\\/elfvaping.com\\\/cs\\\/#website\"},\"datePublished\":\"2024-06-16T02:52:33+00:00\",\"dateModified\":\"2024-09-19T07:48:01+00:00\",\"breadcrumb\":{\"@id\":\"https:\\\/\\\/elfvaping.com\\\/refund-policy\\\/#breadcrumb\"},\"inLanguage\":\"sv-SE\",\"potentialAction\":[{\"@type\":\"ReadAction\",\"target\":[\"https:\\\/\\\/elfvaping.com\\\/refund-policy\\\/\"]}]},{\"@type\":\"BreadcrumbList\",\"@id\":\"https:\\\/\\\/elfvaping.com\\\/refund-policy\\\/#breadcrumb\",\"itemListElement\":[{\"@type\":\"ListItem\",\"position\":1,\"name\":\"Home\",\"item\":\"https:\\\/\\\/elfvaping.com\\\/\"},{\"@type\":\"ListItem\",\"position\":2,\"name\":\"Refund Policy\"}]},{\"@type\":\"WebSite\",\"@id\":\"https:\\\/\\\/elfvaping.com\\\/cs\\\/#website\",\"url\":\"https:\\\/\\\/elfvaping.com\\\/cs\\\/\",\"name\":\"Elf Vaping\",\"description\":\"Best Wholesale Prices for Disposable Vapes\",\"publisher\":{\"@id\":\"https:\\\/\\\/elfvaping.com\\\/cs\\\/#organization\"},\"potentialAction\":[{\"@type\":\"SearchAction\",\"target\":{\"@type\":\"EntryPoint\",\"urlTemplate\":\"https:\\\/\\\/elfvaping.com\\\/cs\\\/?s={search_term_string}\"},\"query-input\":{\"@type\":\"PropertyValueSpecification\",\"valueRequired\":true,\"valueName\":\"search_term_string\"}}],\"inLanguage\":\"sv-SE\"},{\"@type\":\"Organization\",\"@id\":\"https:\\\/\\\/elfvaping.com\\\/cs\\\/#organization\",\"name\":\"Elf Vaping\",\"url\":\"https:\\\/\\\/elfvaping.com\\\/cs\\\/\",\"logo\":{\"@type\":\"ImageObject\",\"inLanguage\":\"sv-SE\",\"@id\":\"https:\\\/\\\/elfvaping.com\\\/cs\\\/#\\\/schema\\\/logo\\\/image\\\/\",\"url\":\"https:\\\/\\\/elfvaping.com\\\/wp-content\\\/uploads\\\/2024\\\/06\\\/elfvaping-logo.webp\",\"contentUrl\":\"https:\\\/\\\/elfvaping.com\\\/wp-content\\\/uploads\\\/2024\\\/06\\\/elfvaping-logo.webp\",\"width\":400,\"height\":111,\"caption\":\"Elf Vaping\"},\"image\":{\"@id\":\"https:\\\/\\\/elfvaping.com\\\/cs\\\/#\\\/schema\\\/logo\\\/image\\\/\"},\"sameAs\":[\"https:\\\/\\\/www.facebook.com\\\/elfvaping\",\"https:\\\/\\\/instagram.com\\\/elfvaping\\\/\"]}]}<\/script>\n<!-- \/ Yoast SEO plugin. -->","yoast_head_json":{"title":"Returpolicy - Elf Vaping","robots":{"index":"index","follow":"follow","max-snippet":"max-snippet:-1","max-image-preview":"max-image-preview:large","max-video-preview":"max-video-preview:-1"},"canonical":"https:\/\/elfvaping.com\/sv\/aterbetalningspolicy\/","og_locale":"sv_SE","og_type":"article","og_title":"Refund Policy - Elf Vaping","og_description":"Thank you for shopping with ELFVAPING. Please review our refund policy carefully: Refund Policy Refund Requests Within 24 Hours You may request a full refund within 24 hours of placing your order. If you wish to cancel your order, please contact our customer support team as soon as possible, and we will process your full [...]","og_url":"https:\/\/elfvaping.com\/sv\/aterbetalningspolicy\/","og_site_name":"Elf Vaping","article_publisher":"https:\/\/www.facebook.com\/elfvaping","article_modified_time":"2024-09-19T07:48:01+00:00","twitter_card":"summary_large_image","twitter_misc":{"Ber\u00e4knad l\u00e4stid":"1 minut"},"schema":{"@context":"https:\/\/schema.org","@graph":[{"@type":"WebPage","@id":"https:\/\/elfvaping.com\/refund-policy\/","url":"https:\/\/elfvaping.com\/refund-policy\/","name":"Returpolicy - Elf Vaping","isPartOf":{"@id":"https:\/\/elfvaping.com\/cs\/#website"},"datePublished":"2024-06-16T02:52:33+00:00","dateModified":"2024-09-19T07:48:01+00:00","breadcrumb":{"@id":"https:\/\/elfvaping.com\/refund-policy\/#breadcrumb"},"inLanguage":"sv-SE","potentialAction":[{"@type":"ReadAction","target":["https:\/\/elfvaping.com\/refund-policy\/"]}]},{"@type":"BreadcrumbList","@id":"https:\/\/elfvaping.com\/refund-policy\/#breadcrumb","itemListElement":[{"@type":"ListItem","position":1,"name":"Home","item":"https:\/\/elfvaping.com\/"},{"@type":"ListItem","position":2,"name":"Refund Policy"}]},{"@type":"WebSite","@id":"https:\/\/elfvaping.com\/cs\/#website","url":"https:\/\/elfvaping.com\/cs\/","name":"Elf-vape","description":"B\u00e4sta grossistpriserna f\u00f6r eng\u00e5ngsvape","publisher":{"@id":"https:\/\/elfvaping.com\/cs\/#organization"},"potentialAction":[{"@type":"SearchAction","target":{"@type":"EntryPoint","urlTemplate":"https:\/\/elfvaping.com\/cs\/?s={search_term_string}"},"query-input":{"@type":"PropertyValueSpecification","valueRequired":true,"valueName":"search_term_string"}}],"inLanguage":"sv-SE"},{"@type":"Organization","@id":"https:\/\/elfvaping.com\/cs\/#organization","name":"Elf-vape","url":"https:\/\/elfvaping.com\/cs\/","logo":{"@type":"ImageObject","inLanguage":"sv-SE","@id":"https:\/\/elfvaping.com\/cs\/#\/schema\/logo\/image\/","url":"https:\/\/elfvaping.com\/wp-content\/uploads\/2024\/06\/elfvaping-logo.webp","contentUrl":"https:\/\/elfvaping.com\/wp-content\/uploads\/2024\/06\/elfvaping-logo.webp","width":400,"height":111,"caption":"Elf Vaping"},"image":{"@id":"https:\/\/elfvaping.com\/cs\/#\/schema\/logo\/image\/"},"sameAs":["https:\/\/www.facebook.com\/elfvaping","https:\/\/instagram.com\/elfvaping\/"]}]}},"jetpack_sharing_enabled":true,"_links":{"self":[{"href":"https:\/\/elfvaping.com\/sv\/wp-json\/wp\/v2\/pages\/13","targetHints":{"allow":["GET"]}}],"collection":[{"href":"https:\/\/elfvaping.com\/sv\/wp-json\/wp\/v2\/pages"}],"about":[{"href":"https:\/\/elfvaping.com\/sv\/wp-json\/wp\/v2\/types\/page"}],"author":[{"embeddable":true,"href":"https:\/\/elfvaping.com\/sv\/wp-json\/wp\/v2\/users\/1"}],"replies":[{"embeddable":true,"href":"https:\/\/elfvaping.com\/sv\/wp-json\/wp\/v2\/comments?post=13"}],"version-history":[{"count":0,"href":"https:\/\/elfvaping.com\/sv\/wp-json\/wp\/v2\/pages\/13\/revisions"}],"wp:attachment":[{"href":"https:\/\/elfvaping.com\/sv\/wp-json\/wp\/v2\/media?parent=13"}],"curies":[{"name":"wp","href":"https:\/\/api.w.org\/{rel}","templated":true}]}}